{"id":144041,"date":"2025-10-03T13:50:04","date_gmt":"2025-10-03T12:50:04","guid":{"rendered":"https:\/\/www.loewen-apotheke24.com\/?page_id=144041"},"modified":"2025-10-03T13:50:04","modified_gmt":"2025-10-03T12:50:04","slug":"glossar-mikroimmuntherapie","status":"publish","type":"page","link":"https:\/\/www.loewen-apotheke24.com\/de\/glossar-mikroimmuntherapie\/","title":{"rendered":"Glossar \u2013 Mikroimmuntherapie\u00a0"},"content":{"rendered":"<h2>Glossar \u2013 Mikroimmuntherapie<\/h2>\n<p>Ihr Immunsystem ist der Schl\u00fcssel zu Gesundheit und Wohlbefinden.<\/p>\n<p>Die <a href=\"https:\/\/www.loewen-apotheke24.com\/de\/mikroimmuntherapie-partner-apotheke-mit-labo-life-expertise\/\">Mikroimmuntherapie<\/a> unterst\u00fctzt es sanft und gezielt \u2013 mit dem Ziel, das nat\u00fcrliche Gleichgewicht wiederherzustellen.<br data-start=\"382\" data-end=\"385\" \/>Dieses Glossar soll Ihnen helfen, wichtige Begriffe und Zusammenh\u00e4nge schnell zu verstehen und die M\u00f6glichkeiten dieser Therapieform besser einzuordnen.<\/p>\n<h3 data-start=\"288\" data-end=\"343\"><strong data-start=\"291\" data-end=\"341\">Kleines Glossar \u2013 Mikroimmuntherapie\u00a0<\/strong><\/h3>\n<p data-start=\"344\" data-end=\"396\"><em data-start=\"344\" data-end=\"396\">(Alphabetisch sortiert f\u00fcr bessere Auffindbarkeit)<\/em><\/p>\n<ol data-start=\"398\" data-end=\"3244\">\n<li data-start=\"398\" data-end=\"496\">\n<p data-start=\"401\" data-end=\"496\"><strong data-start=\"401\" data-end=\"413\">Adjuvans<\/strong> \u2013 Stoff, der die Wirkung eines Arzneimittels oder einer Immunreaktion verst\u00e4rkt.<\/p>\n<\/li>\n<li data-start=\"497\" data-end=\"604\">\n<p data-start=\"500\" data-end=\"604\"><strong data-start=\"500\" data-end=\"520\">Akute Entz\u00fcndung<\/strong> \u2013 Kurzfristige, meist hilfreiche Immunreaktion zur Abwehr von Krankheitserregern.<\/p>\n<\/li>\n<li data-start=\"605\" data-end=\"700\">\n<p data-start=\"608\" data-end=\"700\"><strong data-start=\"608\" data-end=\"620\">Allergen<\/strong> \u2013 Substanz, die bei empfindlichen Personen eine allergische Reaktion ausl\u00f6st.<\/p>\n<\/li>\n<li data-start=\"701\" data-end=\"805\">\n<p data-start=\"704\" data-end=\"805\"><strong data-start=\"704\" data-end=\"715\">Antigen<\/strong> \u2013 Strukturelles Merkmal eines Erregers oder Fremdstoffs, das eine Immunantwort ausl\u00f6st.<\/p>\n<\/li>\n<li data-start=\"806\" data-end=\"905\">\n<p data-start=\"809\" data-end=\"905\"><strong data-start=\"809\" data-end=\"823\">Antik\u00f6rper<\/strong> \u2013 Vom Immunsystem gebildete Proteine, die gezielt Antigene erkennen und binden.<\/p>\n<\/li>\n<li data-start=\"906\" data-end=\"992\">\n<p data-start=\"909\" data-end=\"992\"><strong data-start=\"909\" data-end=\"930\">Autoimmunreaktion<\/strong> \u2013 Fehlreaktion des Immunsystems gegen k\u00f6rpereigenes Gewebe.<\/p>\n<\/li>\n<li data-start=\"993\" data-end=\"1067\">\n<p data-start=\"996\" data-end=\"1067\"><strong data-start=\"996\" data-end=\"1022\">Botenstoffe (Zytokine)<\/strong> \u2013 Signalproteine, die Immunzellen steuern.<\/p>\n<\/li>\n<li data-start=\"1068\" data-end=\"1147\">\n<p data-start=\"1071\" data-end=\"1147\"><strong data-start=\"1071\" data-end=\"1096\">Chronische Entz\u00fcndung<\/strong> \u2013 Lang andauernde, oft sch\u00e4dliche Immunreaktion.<\/p>\n<\/li>\n<li data-start=\"1148\" data-end=\"1245\">\n<p data-start=\"1151\" data-end=\"1245\"><strong data-start=\"1151\" data-end=\"1174\">Dendritische Zellen<\/strong> \u2013 Wichtige Immunzellen zur Erkennung und Pr\u00e4sentation von Antigenen.<\/p>\n<\/li>\n<li data-start=\"1246\" data-end=\"1379\">\n<p data-start=\"1250\" data-end=\"1379\"><strong data-start=\"1250\" data-end=\"1285\">Dosierung in niedrigen Potenzen<\/strong> \u2013 Charakteristisches Prinzip der Mikroimmuntherapie: Einsatz sehr geringer Wirkstoffmengen.<\/p>\n<\/li>\n<li data-start=\"1380\" data-end=\"1472\">\n<p data-start=\"1384\" data-end=\"1472\"><strong data-start=\"1384\" data-end=\"1398\">Epigenetik<\/strong> \u2013 Einfluss \u00e4u\u00dferer Faktoren auf die Genaktivit\u00e4t ohne \u00c4nderung der DNA.<\/p>\n<\/li>\n<li data-start=\"1473\" data-end=\"1538\">\n<p data-start=\"1477\" data-end=\"1538\"><strong data-start=\"1477\" data-end=\"1503\">Helper-T-Zellen (CD4\u207a)<\/strong> \u2013 Koordinieren die Immunantwort.<\/p>\n<\/li>\n<li data-start=\"1539\" data-end=\"1620\">\n<p data-start=\"1543\" data-end=\"1620\"><strong data-start=\"1543\" data-end=\"1559\">Immunkaskade<\/strong> \u2013 Abfolge von Reaktionen, die eine Immunantwort ausmachen.<\/p>\n<\/li>\n<li data-start=\"1621\" data-end=\"1732\">\n<p data-start=\"1625\" data-end=\"1732\"><strong data-start=\"1625\" data-end=\"1644\">Immunmodulation<\/strong> \u2013 Steuerung des Immunsystems zur Abschw\u00e4chung oder Verst\u00e4rkung bestimmter Reaktionen.<\/p>\n<\/li>\n<li data-start=\"1733\" data-end=\"1815\">\n<p data-start=\"1737\" data-end=\"1815\"><strong data-start=\"1737\" data-end=\"1752\">Immunstatus<\/strong> \u2013 Aktueller Zustand und Funktionsf\u00e4higkeit des Immunsystems.<\/p>\n<\/li>\n<li data-start=\"1816\" data-end=\"1893\">\n<p data-start=\"1820\" data-end=\"1893\"><strong data-start=\"1820\" data-end=\"1835\">Interferone<\/strong> \u2013 Zytokine, die Virusabwehr und Immunaktivit\u00e4t f\u00f6rdern.<\/p>\n<\/li>\n<li data-start=\"1894\" data-end=\"1980\">\n<p data-start=\"1898\" data-end=\"1980\"><strong data-start=\"1898\" data-end=\"1914\">Interleukine<\/strong> \u2013 Zytokine, die Kommunikation zwischen Immunzellen erm\u00f6glichen.<\/p>\n<\/li>\n<li data-start=\"1981\" data-end=\"2085\">\n<p data-start=\"1985\" data-end=\"2085\"><strong data-start=\"1985\" data-end=\"2021\">Kollateralschaden im Immunsystem<\/strong> \u2013 Ungewollte Gewebesch\u00e4digung durch \u00fcberm\u00e4\u00dfige Immunreaktion.<\/p>\n<\/li>\n<li data-start=\"2086\" data-end=\"2165\">\n<p data-start=\"2090\" data-end=\"2165\"><strong data-start=\"2090\" data-end=\"2105\">Lymphozyten<\/strong> \u2013 Wei\u00dfe Blutk\u00f6rperchen, zentrale Akteure der Immunabwehr.<\/p>\n<\/li>\n<li data-start=\"2166\" data-end=\"2244\">\n<p data-start=\"2170\" data-end=\"2244\"><strong data-start=\"2170\" data-end=\"2185\">Makrophagen<\/strong> \u2013 \u201eFresszellen\u201c, die Erreger und Zelltr\u00fcmmer beseitigen.<\/p>\n<\/li>\n<li data-start=\"2245\" data-end=\"2368\">\n<p data-start=\"2249\" data-end=\"2368\"><strong data-start=\"2249\" data-end=\"2271\">Mikroimmuntherapie<\/strong> \u2013 Therapeutisches Konzept zur Regulierung des Immunsystems mit niedrig dosierten Botenstoffen.<\/p>\n<\/li>\n<li data-start=\"2369\" data-end=\"2484\">\n<p data-start=\"2373\" data-end=\"2484\"><strong data-start=\"2373\" data-end=\"2399\">Monoklonale Antik\u00f6rper<\/strong> \u2013 Laborgenerierte, gezielte Immunwirkstoffe (in der MIT nur als Referenz bekannt).<\/p>\n<\/li>\n<li data-start=\"2485\" data-end=\"2571\">\n<p data-start=\"2489\" data-end=\"2571\"><strong data-start=\"2489\" data-end=\"2514\">Mukosales Immunsystem<\/strong> \u2013 Immunabwehr an Schleimh\u00e4uten (z. B. Darm, Atemwege).<\/p>\n<\/li>\n<li data-start=\"2572\" data-end=\"2685\">\n<p data-start=\"2576\" data-end=\"2685\"><strong data-start=\"2576\" data-end=\"2615\">Nat\u00fcrliche Killerzellen (NK-Zellen)<\/strong> \u2013 Immunzellen, die virusinfizierte oder entartete Zellen zerst\u00f6ren.<\/p>\n<\/li>\n<li data-start=\"2686\" data-end=\"2806\">\n<p data-start=\"2690\" data-end=\"2806\"><strong data-start=\"2690\" data-end=\"2713\">Orale Verabreichung<\/strong> \u2013 Einnahmeform der Mikroimmuntherapie \u00fcber den Mund, oft in Form von Kapseln oder Globuli.<\/p>\n<\/li>\n<li data-start=\"2807\" data-end=\"2882\">\n<p data-start=\"2811\" data-end=\"2882\"><strong data-start=\"2811\" data-end=\"2838\">Regulatorische T-Zellen<\/strong> \u2013 Bremsen \u00fcberschie\u00dfende Immunreaktionen.<\/p>\n<\/li>\n<li data-start=\"2883\" data-end=\"2982\">\n<p data-start=\"2887\" data-end=\"2982\"><strong data-start=\"2887\" data-end=\"2906\">Th1\/Th2-Balance<\/strong> \u2013 Gleichgewicht zweier Immunantwort-Typen, wichtig f\u00fcr Krankheitsverlauf.<\/p>\n<\/li>\n<li data-start=\"2983\" data-end=\"3074\">\n<p data-start=\"2987\" data-end=\"3074\"><strong data-start=\"2987\" data-end=\"3017\">Toll-like-Rezeptoren (TLR)<\/strong> \u2013 Sensoren von Immunzellen zur Erkennung von Erregern.<\/p>\n<\/li>\n<li data-start=\"3075\" data-end=\"3159\">\n<p data-start=\"3079\" data-end=\"3159\"><strong data-start=\"3079\" data-end=\"3092\">Viruslast<\/strong> \u2013 Menge an Viren im K\u00f6rper, wichtig bei chronischen Infektionen.<\/p>\n<\/li>\n<li data-start=\"3160\" data-end=\"3244\">\n<p data-start=\"3164\" data-end=\"3244\"><strong data-start=\"3164\" data-end=\"3181\">Zytokinprofil<\/strong> \u2013 Muster der Botenstoffe im Blut, gibt Hinweise auf Immunlage.<\/p>\n<\/li>\n<\/ol>\n<p>&nbsp;<\/p>\n<p>&nbsp;<\/p>\n<h3 data-start=\"3251\" data-end=\"3292\"><strong data-start=\"3254\" data-end=\"3292\">FAQs zur Mikroimmuntherapie<\/strong><\/h3>\n<ol data-start=\"3294\" data-end=\"4733\">\n<li data-start=\"3294\" data-end=\"3475\">\n<p data-start=\"3297\" data-end=\"3475\"><strong data-start=\"3297\" data-end=\"3328\">Was ist Mikroimmuntherapie?<\/strong><br data-start=\"3328\" data-end=\"3331\" \/>Eine sanfte Therapieform, die das Immunsystem mit sehr niedrigen Dosierungen von Immunbotenstoffen (Zytokinen, Nukleins\u00e4uren etc.) reguliert.<\/p>\n<\/li>\n<li data-start=\"3477\" data-end=\"3632\">\n<p data-start=\"3480\" data-end=\"3632\"><strong data-start=\"3480\" data-end=\"3510\">Wof\u00fcr wird sie eingesetzt?<\/strong><br data-start=\"3510\" data-end=\"3513\" \/>Bei chronischen Infektionen, Autoimmunerkrankungen, Allergien, Immunmangelzust\u00e4nden und begleitend in der Onkologie.<\/p>\n<\/li>\n<li data-start=\"3634\" data-end=\"3770\">\n<p data-start=\"3637\" data-end=\"3770\"><strong data-start=\"3637\" data-end=\"3666\">Wie wird sie eingenommen?<\/strong><br data-start=\"3666\" data-end=\"3669\" \/>Meist oral in Form von Kapseln oder Globuli, die im Mund zergehen und \u00fcber die Schleimhaut wirken.<\/p>\n<\/li>\n<li data-start=\"3772\" data-end=\"3895\">\n<p data-start=\"3775\" data-end=\"3895\"><strong data-start=\"3775\" data-end=\"3802\">Hat sie Nebenwirkungen?<\/strong><br data-start=\"3802\" data-end=\"3805\" \/>Nebenwirkungen sind selten und in der Regel mild, da die Dosierungen sehr niedrig sind.<\/p>\n<\/li>\n<li data-start=\"3897\" data-end=\"4034\">\n<p data-start=\"3900\" data-end=\"4034\"><strong data-start=\"3900\" data-end=\"3937\">Wie lange dauert eine Behandlung?<\/strong><br data-start=\"3937\" data-end=\"3940\" \/>Je nach Krankheitsbild mehrere Wochen bis Monate; bei chronischen Erkrankungen auch l\u00e4nger.<\/p>\n<\/li>\n<li data-start=\"4036\" data-end=\"4187\">\n<p data-start=\"4039\" data-end=\"4187\"><strong data-start=\"4039\" data-end=\"4092\">Kann sie mit anderen Therapien kombiniert werden?<\/strong><br data-start=\"4092\" data-end=\"4095\" \/>Ja, sie l\u00e4sst sich gut mit konventionellen und naturheilkundlichen Verfahren kombinieren.<\/p>\n<\/li>\n<li data-start=\"4189\" data-end=\"4299\">\n<p data-start=\"4192\" data-end=\"4299\"><strong data-start=\"4192\" data-end=\"4213\">Wirkt sie sofort?<\/strong><br data-start=\"4213\" data-end=\"4216\" \/>Meist zeigt sich die Wirkung schrittweise, da die Immunregulation Zeit ben\u00f6tigt.<\/p>\n<\/li>\n<li data-start=\"4301\" data-end=\"4463\">\n<p data-start=\"4304\" data-end=\"4463\"><strong data-start=\"4304\" data-end=\"4340\">Ist sie wissenschaftlich belegt?<\/strong><br data-start=\"4340\" data-end=\"4343\" \/>Es gibt klinische Beobachtungen und Studien, aber die Evidenzbasis ist noch kleiner als bei klassischen Medikamenten.<\/p>\n<\/li>\n<li data-start=\"4465\" data-end=\"4595\">\n<p data-start=\"4468\" data-end=\"4595\"><strong data-start=\"4468\" data-end=\"4509\">Kann ich sie selbstst\u00e4ndig einnehmen?<\/strong><br data-start=\"4509\" data-end=\"4512\" \/>Nein, sie sollte von einem Arzt oder Therapeuten verordnet und \u00fcberwacht werden.<\/p>\n<\/li>\n<li data-start=\"4597\" data-end=\"4733\">\n<p data-start=\"4601\" data-end=\"4733\"><strong data-start=\"4601\" data-end=\"4632\">Gibt es Kontraindikationen?<\/strong><br data-start=\"4632\" data-end=\"4635\" \/>Ja, z. B. bei akuten schweren Infektionen oder bestimmten Immunst\u00f6rungen ist Vorsicht geboten.<\/p>\n<\/li>\n<\/ol>\n<p>&nbsp;<\/p>\n<p><img decoding=\"async\" loading=\"lazy\" class=\"alignleft size-medium wp-image-143990\" src=\"https:\/\/www.loewen-apotheke24.com\/wp-content\/uploads\/2025\/10\/Micro-immunotherapy-Lions-Pharmacy-Loewen-Apotheke24-LaboLife--300x300.jpg\" alt=\"Apothekerin Sandra Hoff mit Buch zur Mikroimmuntherapie Partner Apotheke mit Labo Life Expertise\" width=\"300\" height=\"300\" srcset=\"https:\/\/www.loewen-apotheke24.com\/wp-content\/uploads\/2025\/10\/Micro-immunotherapy-Lions-Pharmacy-Loewen-Apotheke24-LaboLife--300x300.jpg 300w, https:\/\/www.loewen-apotheke24.com\/wp-content\/uploads\/2025\/10\/Micro-immunotherapy-Lions-Pharmacy-Loewen-Apotheke24-LaboLife--100x100.jpg 100w, https:\/\/www.loewen-apotheke24.com\/wp-content\/uploads\/2025\/10\/Micro-immunotherapy-Lions-Pharmacy-Loewen-Apotheke24-LaboLife--600x600.jpg 600w, https:\/\/www.loewen-apotheke24.com\/wp-content\/uploads\/2025\/10\/Micro-immunotherapy-Lions-Pharmacy-Loewen-Apotheke24-LaboLife--64x64.jpg 64w, https:\/\/www.loewen-apotheke24.com\/wp-content\/uploads\/2025\/10\/Micro-immunotherapy-Lions-Pharmacy-Loewen-Apotheke24-LaboLife--1024x1024.jpg 1024w, https:\/\/www.loewen-apotheke24.com\/wp-content\/uploads\/2025\/10\/Micro-immunotherapy-Lions-Pharmacy-Loewen-Apotheke24-LaboLife--150x150.jpg 150w, https:\/\/www.loewen-apotheke24.com\/wp-content\/uploads\/2025\/10\/Micro-immunotherapy-Lions-Pharmacy-Loewen-Apotheke24-LaboLife--768x768.jpg 768w, https:\/\/www.loewen-apotheke24.com\/wp-content\/uploads\/2025\/10\/Micro-immunotherapy-Lions-Pharmacy-Loewen-Apotheke24-LaboLife-.jpg 1200w\" sizes=\"(max-width: 300px) 100vw, 300px\" \/>Als Premium-Partner f\u00fcr Mikroimmuntherapie und seit vielen Jahren auf diesem Fachgebiet t\u00e4tig, stehen wir f\u00fcr h\u00f6chste Beratungskompetenz und individuelle Betreuung.<br \/>\nWir setzen auf die bew\u00e4hrte Qualit\u00e4t von Labo Life-Produkten und kombinieren diese mit unserer langj\u00e4hrigen Erfahrung, um f\u00fcr Sie die bestm\u00f6gliche Unterst\u00fctzung zu erreichen.<br \/>\nVertrauen Sie auf unsere Expertise \u2013 f\u00fcr ein starkes Immunsystem und nachhaltige Gesundheit.<\/p>\n<p>Besuchen Sie uns oder kontaktieren Sie uns jetzt \u2013 wir sind Ihr kompetenter Ansprechpartner f\u00fcr <a href=\"https:\/\/www.loewen-apotheke24.com\/de\/mikroimmuntherapie-partner-apotheke-mit-labo-life-expertise\/\">Mikroimmuntherapie<\/a>.<\/p>\n<p>&nbsp;<\/p>\n<p>&nbsp;<\/p>\n<div class=\"TypographyPresentation TypographyPresentation--medium RichText3-paragraph--withVSpacingNormal RichText3-paragraph HighlightSol HighlightSol--buildingBlock\"><strong>Fragen zum Produkt? Wir sind f\u00fcr Sie da!<\/strong><\/div>\n<div><\/div>\n<div class=\"TypographyPresentation TypographyPresentation--medium RichText3-paragraph--withVSpacingNormal RichText3-paragraph HighlightSol HighlightSol--buildingBlock\">Unsere verantwortliche Apothekerin\u00a0<strong>Dr. Sandra Hoff<\/strong>\u00a0und ihr Team beraten Sie gerne pers\u00f6nlich \u2013 telefonisch oder per E-Mail. Als\u00a0<strong>echte Apotheke vor Ort<\/strong>\u00a0und\u00a0<strong>zugelassene Versandapotheke<\/strong>\u00a0bieten wir Ihnen kompetente Unterst\u00fctzung, besonders in den Bereichen\u00a0<strong>Naturheilkunde<\/strong>\u00a0und\u00a0<strong>Nahrungserg\u00e4nzungsmittel<\/strong>, hier Produkte von\u00a0<a href=\"https:\/\/www.loewen-apotheke24.com\/de\/product_cat\/vitorgan\/\">vitOrgan<\/a>\u00a0Arzneimittel und\u00a0<a href=\"https:\/\/www.loewen-apotheke24.com\/de\/product_cat\/labo-life\/\">Labo Life<\/a>. Zum\u00a0<a class=\"LinkThemeablePresentation LinkPrimaryPresentation LinkPrimaryPresentation--sentimentSelected PrimaryLink HighlightSol HighlightSol--core HighlightSol--buildingBlock\" href=\"https:\/\/versandhandel.dimdi.de\/websearch\/servlet\/Gate;jsessionid=0D29D15655BE1174E9178A340E8FE6BC?accessid=dimdi_var&amp;term=3c387956690121ccc8763184f052b93f\" target=\"_blank\" rel=\"noreferrer noopener\">Eintrag im Versandhandelsregister<\/a>.<\/div>\n","protected":false},"excerpt":{"rendered":"<p>Glossar \u2013 Mikroimmuntherapie Ihr Immunsystem ist der Schl\u00fcssel zu Gesundheit und Wohlbefinden. Die Mikroimmuntherapie unterst\u00fctzt es sanft und gezielt \u2013 mit dem Ziel, das nat\u00fcrliche Gleichgewicht wiederherzustellen.Dieses Glossar soll Ihnen [&hellip;]<\/p>\n","protected":false},"author":1,"featured_media":143990,"parent":0,"menu_order":0,"comment_status":"closed","ping_status":"closed","template":"","meta":[],"yoast_head":"<!-- This site is optimized with the Yoast SEO Premium plugin v21.0 (Yoast SEO v21.0) - https:\/\/yoast.com\/wordpress\/plugins\/seo\/ -->\n<title>Glossar \u2013 Mikroimmuntherapie\u00a0 - L\u00f6wen Apotheke24<\/title>\n<meta name=\"description\" content=\"L\u00f6wen Apotheke24 ist Ihr Spezialist f\u00fcr Naturheilkunde. Unsere Experten zur Mikroimmuntherapie beraten Sie. FAQs, Glossar Mikroimmuntherapie\" \/>\n<meta name=\"robots\" content=\"index, follow, max-snippet:-1, max-image-preview:large, max-video-preview:-1\" \/>\n<link rel=\"canonical\" href=\"https:\/\/www.loewen-apotheke24.com\/de\/glossar-mikroimmuntherapie\/\" \/>\n<meta property=\"og:locale\" content=\"de_DE\" \/>\n<meta property=\"og:type\" content=\"article\" \/>\n<meta property=\"og:title\" content=\"Glossar \u2013 Mikroimmuntherapie\u00a0 - L\u00f6wen Apotheke24\" \/>\n<meta property=\"og:description\" content=\"L\u00f6wen Apotheke24 ist Ihr Spezialist f\u00fcr Naturheilkunde. Unsere Experten zur Mikroimmuntherapie beraten Sie. FAQs, Glossar Mikroimmuntherapie\" \/>\n<meta property=\"og:url\" content=\"https:\/\/www.loewen-apotheke24.com\/de\/glossar-mikroimmuntherapie\/\" \/>\n<meta property=\"og:site_name\" content=\"L\u00f6wen Apotheke24\" \/>\n<meta property=\"og:image\" content=\"https:\/\/www.loewen-apotheke24.com\/wp-content\/uploads\/2025\/10\/Micro-immunotherapy-Lions-Pharmacy-Loewen-Apotheke24-LaboLife-.jpg\" \/>\n\t<meta property=\"og:image:width\" content=\"1200\" \/>\n\t<meta property=\"og:image:height\" content=\"1200\" \/>\n\t<meta property=\"og:image:type\" content=\"image\/jpeg\" \/>\n<meta name=\"twitter:card\" content=\"summary_large_image\" \/>\n<meta name=\"twitter:label1\" content=\"Gesch\u00e4tzte Lesezeit\" \/>\n\t<meta name=\"twitter:data1\" content=\"4\u00a0Minuten\" \/>\n<script type=\"application\/ld+json\" class=\"yoast-schema-graph\">{\"@context\":\"https:\/\/schema.org\",\"@graph\":[{\"@type\":\"WebPage\",\"@id\":\"https:\/\/www.loewen-apotheke24.com\/de\/glossar-mikroimmuntherapie\/\",\"url\":\"https:\/\/www.loewen-apotheke24.com\/de\/glossar-mikroimmuntherapie\/\",\"name\":\"Glossar \u2013 Mikroimmuntherapie\u00a0 - L\u00f6wen Apotheke24\",\"isPartOf\":{\"@id\":\"https:\/\/www.loewen-apotheke24.com\/de\/#website\"},\"datePublished\":\"2025-10-03T12:50:04+00:00\",\"dateModified\":\"2025-10-03T12:50:04+00:00\",\"description\":\"L\u00f6wen Apotheke24 ist Ihr Spezialist f\u00fcr Naturheilkunde. Unsere Experten zur Mikroimmuntherapie beraten Sie. FAQs, Glossar Mikroimmuntherapie\",\"inLanguage\":\"de\",\"potentialAction\":[{\"@type\":\"ReadAction\",\"target\":[\"https:\/\/www.loewen-apotheke24.com\/de\/glossar-mikroimmuntherapie\/\"]}]},{\"@type\":\"WebSite\",\"@id\":\"https:\/\/www.loewen-apotheke24.com\/de\/#website\",\"url\":\"https:\/\/www.loewen-apotheke24.com\/de\/\",\"name\":\"L\u00f6wen Apotheke24\",\"description\":\"Spezialist f\u00fcr Naturmedizin - Versandapotheke Baden-Baden\",\"publisher\":{\"@id\":\"https:\/\/www.loewen-apotheke24.com\/de\/#organization\"},\"potentialAction\":[{\"@type\":\"SearchAction\",\"target\":{\"@type\":\"EntryPoint\",\"urlTemplate\":\"https:\/\/www.loewen-apotheke24.com\/de\/?s={search_term_string}\"},\"query-input\":\"required name=search_term_string\"}],\"inLanguage\":\"de\"},{\"@type\":\"Organization\",\"@id\":\"https:\/\/www.loewen-apotheke24.com\/de\/#organization\",\"name\":\"L\u00f6wen Apotheke\",\"alternateName\":\"L\u00f6wen Apotheke\",\"url\":\"https:\/\/www.loewen-apotheke24.com\/de\/\",\"logo\":{\"@type\":\"ImageObject\",\"inLanguage\":\"de\",\"@id\":\"https:\/\/www.loewen-apotheke24.com\/de\/#\/schema\/logo\/image\/\",\"url\":\"https:\/\/www.loewen-apotheke24.com\/wp-content\/uploads\/2024\/02\/Logo-Loewen-Apotheke-700x700-1.png\",\"contentUrl\":\"https:\/\/www.loewen-apotheke24.com\/wp-content\/uploads\/2024\/02\/Logo-Loewen-Apotheke-700x700-1.png\",\"width\":700,\"height\":700,\"caption\":\"L\u00f6wen Apotheke\"},\"image\":{\"@id\":\"https:\/\/www.loewen-apotheke24.com\/de\/#\/schema\/logo\/image\/\"}}]}<\/script>\n<!-- \/ Yoast SEO Premium plugin. -->","yoast_head_json":{"title":"Glossar \u2013 Mikroimmuntherapie\u00a0 - L\u00f6wen Apotheke24","description":"L\u00f6wen Apotheke24 ist Ihr Spezialist f\u00fcr Naturheilkunde. Unsere Experten zur Mikroimmuntherapie beraten Sie. FAQs, Glossar Mikroimmuntherapie","robots":{"index":"index","follow":"follow","max-snippet":"max-snippet:-1","max-image-preview":"max-image-preview:large","max-video-preview":"max-video-preview:-1"},"canonical":"https:\/\/www.loewen-apotheke24.com\/de\/glossar-mikroimmuntherapie\/","og_locale":"de_DE","og_type":"article","og_title":"Glossar \u2013 Mikroimmuntherapie\u00a0 - L\u00f6wen Apotheke24","og_description":"L\u00f6wen Apotheke24 ist Ihr Spezialist f\u00fcr Naturheilkunde. Unsere Experten zur Mikroimmuntherapie beraten Sie. FAQs, Glossar Mikroimmuntherapie","og_url":"https:\/\/www.loewen-apotheke24.com\/de\/glossar-mikroimmuntherapie\/","og_site_name":"L\u00f6wen Apotheke24","og_image":[{"width":1200,"height":1200,"url":"https:\/\/www.loewen-apotheke24.com\/wp-content\/uploads\/2025\/10\/Micro-immunotherapy-Lions-Pharmacy-Loewen-Apotheke24-LaboLife-.jpg","type":"image\/jpeg"}],"twitter_card":"summary_large_image","twitter_misc":{"Gesch\u00e4tzte Lesezeit":"4\u00a0Minuten"},"schema":{"@context":"https:\/\/schema.org","@graph":[{"@type":"WebPage","@id":"https:\/\/www.loewen-apotheke24.com\/de\/glossar-mikroimmuntherapie\/","url":"https:\/\/www.loewen-apotheke24.com\/de\/glossar-mikroimmuntherapie\/","name":"Glossar \u2013 Mikroimmuntherapie\u00a0 - L\u00f6wen Apotheke24","isPartOf":{"@id":"https:\/\/www.loewen-apotheke24.com\/de\/#website"},"datePublished":"2025-10-03T12:50:04+00:00","dateModified":"2025-10-03T12:50:04+00:00","description":"L\u00f6wen Apotheke24 ist Ihr Spezialist f\u00fcr Naturheilkunde. Unsere Experten zur Mikroimmuntherapie beraten Sie. FAQs, Glossar Mikroimmuntherapie","inLanguage":"de","potentialAction":[{"@type":"ReadAction","target":["https:\/\/www.loewen-apotheke24.com\/de\/glossar-mikroimmuntherapie\/"]}]},{"@type":"WebSite","@id":"https:\/\/www.loewen-apotheke24.com\/de\/#website","url":"https:\/\/www.loewen-apotheke24.com\/de\/","name":"L\u00f6wen Apotheke24","description":"Spezialist f\u00fcr Naturmedizin - Versandapotheke Baden-Baden","publisher":{"@id":"https:\/\/www.loewen-apotheke24.com\/de\/#organization"},"potentialAction":[{"@type":"SearchAction","target":{"@type":"EntryPoint","urlTemplate":"https:\/\/www.loewen-apotheke24.com\/de\/?s={search_term_string}"},"query-input":"required name=search_term_string"}],"inLanguage":"de"},{"@type":"Organization","@id":"https:\/\/www.loewen-apotheke24.com\/de\/#organization","name":"L\u00f6wen Apotheke","alternateName":"L\u00f6wen Apotheke","url":"https:\/\/www.loewen-apotheke24.com\/de\/","logo":{"@type":"ImageObject","inLanguage":"de","@id":"https:\/\/www.loewen-apotheke24.com\/de\/#\/schema\/logo\/image\/","url":"https:\/\/www.loewen-apotheke24.com\/wp-content\/uploads\/2024\/02\/Logo-Loewen-Apotheke-700x700-1.png","contentUrl":"https:\/\/www.loewen-apotheke24.com\/wp-content\/uploads\/2024\/02\/Logo-Loewen-Apotheke-700x700-1.png","width":700,"height":700,"caption":"L\u00f6wen Apotheke"},"image":{"@id":"https:\/\/www.loewen-apotheke24.com\/de\/#\/schema\/logo\/image\/"}}]}},"_links":{"self":[{"href":"https:\/\/www.loewen-apotheke24.com\/de\/wp-json\/wp\/v2\/pages\/144041"}],"collection":[{"href":"https:\/\/www.loewen-apotheke24.com\/de\/wp-json\/wp\/v2\/pages"}],"about":[{"href":"https:\/\/www.loewen-apotheke24.com\/de\/wp-json\/wp\/v2\/types\/page"}],"author":[{"embeddable":true,"href":"https:\/\/www.loewen-apotheke24.com\/de\/wp-json\/wp\/v2\/users\/1"}],"replies":[{"embeddable":true,"href":"https:\/\/www.loewen-apotheke24.com\/de\/wp-json\/wp\/v2\/comments?post=144041"}],"version-history":[{"count":0,"href":"https:\/\/www.loewen-apotheke24.com\/de\/wp-json\/wp\/v2\/pages\/144041\/revisions"}],"wp:featuredmedia":[{"embeddable":true,"href":"https:\/\/www.loewen-apotheke24.com\/de\/wp-json\/wp\/v2\/media\/143990"}],"wp:attachment":[{"href":"https:\/\/www.loewen-apotheke24.com\/de\/wp-json\/wp\/v2\/media?parent=144041"}],"curies":[{"name":"wp","href":"https:\/\/api.w.org\/{rel}","templated":true}]}}