{"id":145870,"date":"2022-06-02T07:49:40","date_gmt":"2022-06-02T06:49:40","guid":{"rendered":"https:\/\/www.loewen-apotheke24.com\/labo-life-mikro-immuntherapie\/"},"modified":"2022-06-02T07:49:40","modified_gmt":"2022-06-02T06:49:40","slug":"labo-life-mikro-immuntherapie","status":"publish","type":"page","link":"https:\/\/www.loewen-apotheke24.com\/de\/labo-life-mikro-immuntherapie\/","title":{"rendered":"Labo Life Mikro-Immuntherapie"},"content":{"rendered":"<h2>Labo Life Mikro-Immuntherapie<\/h2>\n<p><img decoding=\"async\" loading=\"lazy\" class=\"size-full wp-image-25350 alignright\" src=\"https:\/\/www.loewen-apotheke24.com\/wp-content\/uploads\/2021\/01\/logo-labo-life.png\" alt=\"Logo Labo Leben\" width=\"200\" height=\"100\" srcset=\"https:\/\/www.loewen-apotheke24.com\/wp-content\/uploads\/2021\/01\/logo-labo-life.png 200w, https:\/\/www.loewen-apotheke24.com\/wp-content\/uploads\/2021\/01\/logo-labo-life-64x32.png 64w\" sizes=\"(max-width: 200px) 100vw, 200px\" \/><\/p>\n<p>Die Labo Life Mikroimmuntherapie ist eine Immunmodulationstherapie, die die gleichen Botenstoffe wie das Immunsystem (z. B. Zytokine, Hormone, Wachstumsfaktoren, Nukleins\u00e4uren) zur \u00dcbertragung in<\/p>\n<p>Bildung an den K\u00f6rper und &#8222;justieren&#8220; die Immunantwort neu. Mit anderen Worten, sein Ziel ist es, die korrekte Kommunikation zwischen den Zellen des Immunsystems wiederherzustellen, um ihnen zu helfen, ihre angeborene F\u00e4higkeit wiederzuerlangen, uns gegen Aggressoren zu verteidigen, oder ihre Reaktion zu begrenzen, wenn sie \u00fcbertrieben ist.<\/p>\n<p><a href=\"https:\/\/www.labolife.com\/en\/micro-immunotherapy\/the-immune-system\">Die Mikroimmuntherapie<\/a> ist eine moderne Therapie, die sich auf die Wiederherstellung oder Optimierung der Kommunikation zwischen den Zellen des Immunsystems konzentriert, die bei den meisten Krankheiten und Leiden in irgendeiner Weise beeintr\u00e4chtigt ist. Es verwendet die gleichen Substanzen wie das Immunsystem selbst, um Informationen an den K\u00f6rper zu \u00fcbermitteln und die Immunantwort &#8222;neu einzustellen&#8220;. Es tut dies auch in einer pr\u00e4zisen Reihenfolge, die die nat\u00fcrlichen Mechanismen unseres K\u00f6rpers respektiert.<\/p>\n<p>Labo Life-Produkte werden auf Ihren Wunsch hin f\u00fcr Sie von Labo Life Belgien importiert. Labo Life Mikroimmuntherapie-Produkte &#8211; Weltweiter Versand.<a href=\"https:\/\/www.loewen-apotheke24.com\/en\/shop\/labo-life\/labo-life-2l-zona-kapseln\/\"><\/a> Lesen Sie zu Risiken und Nebenwirkungen die Packungsbeilage und fragen Sie Ihren Arzt oder Apotheker.<\/p>\n<p>Darreichungsform: Kapseln &#8211; 30 St\u00fcck<br \/>\nVerschreibungsart: verschreibungsfrei<br \/>\nMarke: <a href=\"https:\/\/www.labolife.com\/en\" target=\"_blank\" rel=\"noopener\">Labo Life<\/a><br \/>\nHersteller: Labo&#8217;Life Belgien \/ Spanien<br \/>\nAlle Produkte von Labo Life finden Sie <a href=\"https:\/\/www.loewen-apotheke24.com\/de\/product_cat\/labo-life\/\">hier<\/a>.<\/p>\n<h3>Produkte online bestellen:<\/h3>\n<p>https:\/\/www.loewen-apotheke24.com\/en\/shop\/labo-life\/labo-life-2l-alerg-kapseln-30-st\/<\/p>\n<p>https:\/\/www.loewen-apotheke24.com\/en\/shop\/labo-life\/labo-life-2l-zona-kapseln\/<\/p>\n<p>https:\/\/www.loewen-apotheke24.com\/en\/shop\/labo-life\/labo-life-2l-ebv-kapseln-30-st\/<\/p>\n<p>https:\/\/www.loewen-apotheke24.com\/en\/shop\/labo-life\/labo-life-2l-eid-kapseln-30-st\/<\/p>\n<p>https:\/\/www.loewen-apotheke24.com\/en\/shop\/labo-life\/labo-life-2l-herp-kapseln-30-st\/<\/p>\n<p>Alle Produkte von Labo Life <a href=\"https:\/\/www.labolife.com\/en\">hier<\/a>&#8230;<\/p>\n","protected":false},"excerpt":{"rendered":"<p>Labo Life Mikro-Immuntherapie Die Labo Life Mikroimmuntherapie ist eine Immunmodulationstherapie, die die gleichen Botenstoffe wie das Immunsystem (z. B. Zytokine, Hormone, Wachstumsfaktoren, Nukleins\u00e4uren) zur \u00dcbertragung in Bildung an den K\u00f6rper [&hellip;]<\/p>\n","protected":false},"author":1,"featured_media":0,"parent":0,"menu_order":0,"comment_status":"closed","ping_status":"closed","template":"","meta":[],"yoast_head":"<!-- This site is optimized with the Yoast SEO Premium plugin v21.0 (Yoast SEO v21.0) - https:\/\/yoast.com\/wordpress\/plugins\/seo\/ -->\n<title>Labo Life Mikro-Immuntherapie - L\u00f6wen Apotheke24<\/title>\n<meta name=\"description\" content=\"Labo Life Mikro-Immuntherapie. Unterst\u00fctzt das Immunsystem. Internationale Apotheke. Schneller Versand. Produkte entdecken: 2L EBV, 2L MISEN, 2L EID\" \/>\n<meta name=\"robots\" content=\"index, follow, max-snippet:-1, max-image-preview:large, max-video-preview:-1\" \/>\n<link rel=\"canonical\" href=\"https:\/\/www.loewen-apotheke24.com\/de\/labo-life-mikro-immuntherapie\/\" \/>\n<meta property=\"og:locale\" content=\"de_DE\" \/>\n<meta property=\"og:type\" content=\"article\" \/>\n<meta property=\"og:title\" content=\"Labo Life Mikro-Immuntherapie - L\u00f6wen Apotheke24\" \/>\n<meta property=\"og:description\" content=\"Labo Life Mikro-Immuntherapie. Unterst\u00fctzt das Immunsystem. Internationale Apotheke. Schneller Versand. Produkte entdecken: 2L EBV, 2L MISEN, 2L EID\" \/>\n<meta property=\"og:url\" content=\"https:\/\/www.loewen-apotheke24.com\/de\/labo-life-mikro-immuntherapie\/\" \/>\n<meta property=\"og:site_name\" content=\"L\u00f6wen Apotheke24\" \/>\n<meta property=\"og:image\" content=\"https:\/\/www.loewen-apotheke24.com\/wp-content\/uploads\/2021\/01\/logo-labo-life.png\" \/>\n<meta name=\"twitter:card\" content=\"summary_large_image\" \/>\n<meta name=\"twitter:label1\" content=\"Gesch\u00e4tzte Lesezeit\" \/>\n\t<meta name=\"twitter:data1\" content=\"1\u00a0Minute\" \/>\n<script type=\"application\/ld+json\" class=\"yoast-schema-graph\">{\"@context\":\"https:\/\/schema.org\",\"@graph\":[{\"@type\":\"WebPage\",\"@id\":\"https:\/\/www.loewen-apotheke24.com\/de\/labo-life-mikro-immuntherapie\/\",\"url\":\"https:\/\/www.loewen-apotheke24.com\/de\/labo-life-mikro-immuntherapie\/\",\"name\":\"Labo Life Mikro-Immuntherapie - L\u00f6wen Apotheke24\",\"isPartOf\":{\"@id\":\"https:\/\/www.loewen-apotheke24.com\/de\/#website\"},\"datePublished\":\"2022-06-02T06:49:40+00:00\",\"dateModified\":\"2022-06-02T06:49:40+00:00\",\"description\":\"Labo Life Mikro-Immuntherapie. Unterst\u00fctzt das Immunsystem. Internationale Apotheke. Schneller Versand. Produkte entdecken: 2L EBV, 2L MISEN, 2L EID\",\"inLanguage\":\"de\",\"potentialAction\":[{\"@type\":\"ReadAction\",\"target\":[\"https:\/\/www.loewen-apotheke24.com\/de\/labo-life-mikro-immuntherapie\/\"]}]},{\"@type\":\"WebSite\",\"@id\":\"https:\/\/www.loewen-apotheke24.com\/de\/#website\",\"url\":\"https:\/\/www.loewen-apotheke24.com\/de\/\",\"name\":\"L\u00f6wen Apotheke24\",\"description\":\"Spezialist f\u00fcr Naturmedizin - Versandapotheke Baden-Baden\",\"publisher\":{\"@id\":\"https:\/\/www.loewen-apotheke24.com\/de\/#organization\"},\"potentialAction\":[{\"@type\":\"SearchAction\",\"target\":{\"@type\":\"EntryPoint\",\"urlTemplate\":\"https:\/\/www.loewen-apotheke24.com\/de\/?s={search_term_string}\"},\"query-input\":\"required name=search_term_string\"}],\"inLanguage\":\"de\"},{\"@type\":\"Organization\",\"@id\":\"https:\/\/www.loewen-apotheke24.com\/de\/#organization\",\"name\":\"L\u00f6wen Apotheke\",\"alternateName\":\"L\u00f6wen Apotheke\",\"url\":\"https:\/\/www.loewen-apotheke24.com\/de\/\",\"logo\":{\"@type\":\"ImageObject\",\"inLanguage\":\"de\",\"@id\":\"https:\/\/www.loewen-apotheke24.com\/de\/#\/schema\/logo\/image\/\",\"url\":\"https:\/\/www.loewen-apotheke24.com\/wp-content\/uploads\/2024\/02\/Logo-Loewen-Apotheke-700x700-1.png\",\"contentUrl\":\"https:\/\/www.loewen-apotheke24.com\/wp-content\/uploads\/2024\/02\/Logo-Loewen-Apotheke-700x700-1.png\",\"width\":700,\"height\":700,\"caption\":\"L\u00f6wen Apotheke\"},\"image\":{\"@id\":\"https:\/\/www.loewen-apotheke24.com\/de\/#\/schema\/logo\/image\/\"}}]}<\/script>\n<!-- \/ Yoast SEO Premium plugin. -->","yoast_head_json":{"title":"Labo Life Mikro-Immuntherapie - L\u00f6wen Apotheke24","description":"Labo Life Mikro-Immuntherapie. Unterst\u00fctzt das Immunsystem. Internationale Apotheke. Schneller Versand. Produkte entdecken: 2L EBV, 2L MISEN, 2L EID","robots":{"index":"index","follow":"follow","max-snippet":"max-snippet:-1","max-image-preview":"max-image-preview:large","max-video-preview":"max-video-preview:-1"},"canonical":"https:\/\/www.loewen-apotheke24.com\/de\/labo-life-mikro-immuntherapie\/","og_locale":"de_DE","og_type":"article","og_title":"Labo Life Mikro-Immuntherapie - L\u00f6wen Apotheke24","og_description":"Labo Life Mikro-Immuntherapie. Unterst\u00fctzt das Immunsystem. Internationale Apotheke. Schneller Versand. Produkte entdecken: 2L EBV, 2L MISEN, 2L EID","og_url":"https:\/\/www.loewen-apotheke24.com\/de\/labo-life-mikro-immuntherapie\/","og_site_name":"L\u00f6wen Apotheke24","og_image":[{"url":"https:\/\/www.loewen-apotheke24.com\/wp-content\/uploads\/2021\/01\/logo-labo-life.png"}],"twitter_card":"summary_large_image","twitter_misc":{"Gesch\u00e4tzte Lesezeit":"1\u00a0Minute"},"schema":{"@context":"https:\/\/schema.org","@graph":[{"@type":"WebPage","@id":"https:\/\/www.loewen-apotheke24.com\/de\/labo-life-mikro-immuntherapie\/","url":"https:\/\/www.loewen-apotheke24.com\/de\/labo-life-mikro-immuntherapie\/","name":"Labo Life Mikro-Immuntherapie - L\u00f6wen Apotheke24","isPartOf":{"@id":"https:\/\/www.loewen-apotheke24.com\/de\/#website"},"datePublished":"2022-06-02T06:49:40+00:00","dateModified":"2022-06-02T06:49:40+00:00","description":"Labo Life Mikro-Immuntherapie. Unterst\u00fctzt das Immunsystem. Internationale Apotheke. Schneller Versand. Produkte entdecken: 2L EBV, 2L MISEN, 2L EID","inLanguage":"de","potentialAction":[{"@type":"ReadAction","target":["https:\/\/www.loewen-apotheke24.com\/de\/labo-life-mikro-immuntherapie\/"]}]},{"@type":"WebSite","@id":"https:\/\/www.loewen-apotheke24.com\/de\/#website","url":"https:\/\/www.loewen-apotheke24.com\/de\/","name":"L\u00f6wen Apotheke24","description":"Spezialist f\u00fcr Naturmedizin - Versandapotheke Baden-Baden","publisher":{"@id":"https:\/\/www.loewen-apotheke24.com\/de\/#organization"},"potentialAction":[{"@type":"SearchAction","target":{"@type":"EntryPoint","urlTemplate":"https:\/\/www.loewen-apotheke24.com\/de\/?s={search_term_string}"},"query-input":"required name=search_term_string"}],"inLanguage":"de"},{"@type":"Organization","@id":"https:\/\/www.loewen-apotheke24.com\/de\/#organization","name":"L\u00f6wen Apotheke","alternateName":"L\u00f6wen Apotheke","url":"https:\/\/www.loewen-apotheke24.com\/de\/","logo":{"@type":"ImageObject","inLanguage":"de","@id":"https:\/\/www.loewen-apotheke24.com\/de\/#\/schema\/logo\/image\/","url":"https:\/\/www.loewen-apotheke24.com\/wp-content\/uploads\/2024\/02\/Logo-Loewen-Apotheke-700x700-1.png","contentUrl":"https:\/\/www.loewen-apotheke24.com\/wp-content\/uploads\/2024\/02\/Logo-Loewen-Apotheke-700x700-1.png","width":700,"height":700,"caption":"L\u00f6wen Apotheke"},"image":{"@id":"https:\/\/www.loewen-apotheke24.com\/de\/#\/schema\/logo\/image\/"}}]}},"_links":{"self":[{"href":"https:\/\/www.loewen-apotheke24.com\/de\/wp-json\/wp\/v2\/pages\/145870"}],"collection":[{"href":"https:\/\/www.loewen-apotheke24.com\/de\/wp-json\/wp\/v2\/pages"}],"about":[{"href":"https:\/\/www.loewen-apotheke24.com\/de\/wp-json\/wp\/v2\/types\/page"}],"author":[{"embeddable":true,"href":"https:\/\/www.loewen-apotheke24.com\/de\/wp-json\/wp\/v2\/users\/1"}],"replies":[{"embeddable":true,"href":"https:\/\/www.loewen-apotheke24.com\/de\/wp-json\/wp\/v2\/comments?post=145870"}],"version-history":[{"count":0,"href":"https:\/\/www.loewen-apotheke24.com\/de\/wp-json\/wp\/v2\/pages\/145870\/revisions"}],"wp:attachment":[{"href":"https:\/\/www.loewen-apotheke24.com\/de\/wp-json\/wp\/v2\/media?parent=145870"}],"curies":[{"name":"wp","href":"https:\/\/api.w.org\/{rel}","templated":true}]}}