{"id":150734,"date":"2025-12-12T11:53:37","date_gmt":"2025-12-12T10:53:37","guid":{"rendered":"https:\/\/www.loewen-apotheke24.com\/?page_id=150734"},"modified":"2025-12-12T11:53:37","modified_gmt":"2025-12-12T10:53:37","slug":"barrierefreiheitserklaerung","status":"publish","type":"page","link":"https:\/\/www.loewen-apotheke24.com\/de\/barrierefreiheitserklaerung\/","title":{"rendered":"Barrierefreiheitserkl\u00e4rung"},"content":{"rendered":"<p><strong>Barrierefreiheitserkl\u00e4rung<\/strong><\/p>\n<p>Wir, die L\u00f6wen Apotheke, sind bem\u00fcht, unsere Websiten www.loewen-apotheke24.com im Einklang mit den geltenden Anforderungen zur Barrierefreiheit m\u00f6glichst zug\u00e4nglich zu gestalten.<\/p>\n<p>Als kleine Apotheke mit weniger als 10 Mitarbeitenden ist uns ein barrierearmer Zugang wichtig \u2013 auch wenn wir aufgrund begrenzter Ressourcen nicht in allen Bereichen bereits vollst\u00e4ndige Barrierefreiheit gew\u00e4hrleisten k\u00f6nnen.<\/p>\n<p><strong>Stand der Vereinbarkeit mit den Anforderungen<\/strong><\/p>\n<p>Diese Website ist teilweise mit den Anforderungen an die Barrierefreiheit vereinbar. Einige Inhalte oder Funktionen sind derzeit noch nicht vollst\u00e4ndig barrierefrei.<\/p>\n<p>Nicht barrierefreie Bereiche<\/p>\n<ul>\n<li>Kundenkonto MyAccount<\/li>\n<li>Bestellformulare<\/li>\n<li>Suchfunktionen<\/li>\n<\/ul>\n<p>Folgende Bereiche k\u00f6nnen aktuell Einschr\u00e4nkungen aufweisen (Beispiele \u2013 bitte nach Bedarf anpassen\/streichen):<\/p>\n<ul>\n<li>einzelne Dokumente oder eingebundene Inhalte (z. B. PDF-Dateien und Videos)<\/li>\n<li>bestimmte Elemente der Navigation oder Darstellung auf mobilen Endger\u00e4ten<\/li>\n<li>Kontraste, Beschriftungen oder Bedienbarkeit einzelner Formulare\/Buttons<\/li>\n<\/ul>\n<p>Wir arbeiten fortlaufend daran, bestehende Barrieren zu reduzieren und die Zug\u00e4nglichkeit weiter zu verbessern.<\/p>\n<p><strong>Barrierefreie Alternative \/ Kontakt<\/strong><\/p>\n<p>Wenn Sie Inhalte oder Funktionen unserer Website nicht oder nur eingeschr\u00e4nkt nutzen k\u00f6nnen, bieten wir Ihnen eine einfache Alternative an:<br \/>\nSie k\u00f6nnen Ihre Bestellung telefonisch bei uns aufgeben oder sich beraten lassen. Telefon: +49 (0)7221 395 374<\/p>\n<p>Allgemeines Telefon: 07221 \/ 22 120<br \/>\nE-Mail: info@loewen-apotheke24.de<br \/>\nAdresse: Lichtentaler Str. 3, 76530 Baden-Baden<br \/>\nErreichbarkeit: Mo\u2013Fr 8.30 \u201318.30 Uhr, Sa 9\u201313 Uhr<\/p>\n<p><strong>Feedback und Hinweise<\/strong><br \/>\nSollten Sie auf Barrieren sto\u00dfen oder Unterst\u00fctzung ben\u00f6tigen, freuen wir uns \u00fcber Ihren Hinweis. Wir bem\u00fchen uns, Ihr Anliegen schnellstm\u00f6glich zu pr\u00fcfen und eine L\u00f6sung anzubieten.<\/p>\n<p>Erstellung dieser Erkl\u00e4rung: Diese Erkl\u00e4rung wurde am 01.12.2025 erstellt bzw. zuletzt aktualisiert am 12.12.2025.<\/p>\n","protected":false},"excerpt":{"rendered":"<p>Barrierefreiheitserkl\u00e4rung Wir, die L\u00f6wen Apotheke, sind bem\u00fcht, unsere Websiten www.loewen-apotheke24.com im Einklang mit den geltenden Anforderungen zur Barrierefreiheit m\u00f6glichst zug\u00e4nglich zu gestalten. Als kleine Apotheke mit weniger als 10 Mitarbeitenden [&hellip;]<\/p>\n","protected":false},"author":1,"featured_media":0,"parent":0,"menu_order":0,"comment_status":"closed","ping_status":"closed","template":"","meta":[],"yoast_head":"<!-- This site is optimized with the Yoast SEO Premium plugin v21.0 (Yoast SEO v21.0) - https:\/\/yoast.com\/wordpress\/plugins\/seo\/ -->\n<title>Barrierefreiheitserkl\u00e4rung - L\u00f6wen Apotheke24<\/title>\n<meta name=\"description\" content=\"L\u00f6wen Apotheke24 - Spezialist f\u00fcr Naturheilkunde - Weltweiter Versand - kurze Lieferzeit - gratis Lieferung ab 30 \u20ac -\" \/>\n<meta name=\"robots\" content=\"noindex, nofollow\" \/>\n<meta property=\"og:locale\" content=\"de_DE\" \/>\n<meta property=\"og:type\" content=\"article\" \/>\n<meta property=\"og:title\" content=\"Barrierefreiheitserkl\u00e4rung - L\u00f6wen Apotheke24\" \/>\n<meta property=\"og:description\" content=\"L\u00f6wen Apotheke24 - Spezialist f\u00fcr Naturheilkunde - Weltweiter Versand - kurze Lieferzeit - gratis Lieferung ab 30 \u20ac -\" \/>\n<meta property=\"og:url\" content=\"https:\/\/www.loewen-apotheke24.com\/de\/barrierefreiheitserklaerung\/\" \/>\n<meta property=\"og:site_name\" content=\"L\u00f6wen Apotheke24\" \/>\n<meta name=\"twitter:card\" content=\"summary_large_image\" \/>\n<meta name=\"twitter:label1\" content=\"Gesch\u00e4tzte Lesezeit\" \/>\n\t<meta name=\"twitter:data1\" content=\"2\u00a0Minuten\" \/>\n<script type=\"application\/ld+json\" class=\"yoast-schema-graph\">{\"@context\":\"https:\/\/schema.org\",\"@graph\":[{\"@type\":\"WebPage\",\"@id\":\"https:\/\/www.loewen-apotheke24.com\/de\/barrierefreiheitserklaerung\/\",\"url\":\"https:\/\/www.loewen-apotheke24.com\/de\/barrierefreiheitserklaerung\/\",\"name\":\"Barrierefreiheitserkl\u00e4rung - L\u00f6wen Apotheke24\",\"isPartOf\":{\"@id\":\"https:\/\/www.loewen-apotheke24.com\/de\/#website\"},\"datePublished\":\"2025-12-12T10:53:37+00:00\",\"dateModified\":\"2025-12-12T10:53:37+00:00\",\"description\":\"L\u00f6wen Apotheke24 - Spezialist f\u00fcr Naturheilkunde - Weltweiter Versand - kurze Lieferzeit - gratis Lieferung ab 30 \u20ac -\",\"inLanguage\":\"de\",\"potentialAction\":[{\"@type\":\"ReadAction\",\"target\":[\"https:\/\/www.loewen-apotheke24.com\/de\/barrierefreiheitserklaerung\/\"]}]},{\"@type\":\"WebSite\",\"@id\":\"https:\/\/www.loewen-apotheke24.com\/de\/#website\",\"url\":\"https:\/\/www.loewen-apotheke24.com\/de\/\",\"name\":\"L\u00f6wen Apotheke24\",\"description\":\"Spezialist f\u00fcr Naturmedizin - Versandapotheke Baden-Baden\",\"publisher\":{\"@id\":\"https:\/\/www.loewen-apotheke24.com\/de\/#organization\"},\"potentialAction\":[{\"@type\":\"SearchAction\",\"target\":{\"@type\":\"EntryPoint\",\"urlTemplate\":\"https:\/\/www.loewen-apotheke24.com\/de\/?s={search_term_string}\"},\"query-input\":\"required name=search_term_string\"}],\"inLanguage\":\"de\"},{\"@type\":\"Organization\",\"@id\":\"https:\/\/www.loewen-apotheke24.com\/de\/#organization\",\"name\":\"L\u00f6wen Apotheke\",\"alternateName\":\"L\u00f6wen Apotheke\",\"url\":\"https:\/\/www.loewen-apotheke24.com\/de\/\",\"logo\":{\"@type\":\"ImageObject\",\"inLanguage\":\"de\",\"@id\":\"https:\/\/www.loewen-apotheke24.com\/de\/#\/schema\/logo\/image\/\",\"url\":\"https:\/\/www.loewen-apotheke24.com\/wp-content\/uploads\/2024\/02\/Logo-Loewen-Apotheke-700x700-1.png\",\"contentUrl\":\"https:\/\/www.loewen-apotheke24.com\/wp-content\/uploads\/2024\/02\/Logo-Loewen-Apotheke-700x700-1.png\",\"width\":700,\"height\":700,\"caption\":\"L\u00f6wen Apotheke\"},\"image\":{\"@id\":\"https:\/\/www.loewen-apotheke24.com\/de\/#\/schema\/logo\/image\/\"}}]}<\/script>\n<!-- \/ Yoast SEO Premium plugin. -->","yoast_head_json":{"title":"Barrierefreiheitserkl\u00e4rung - L\u00f6wen Apotheke24","description":"L\u00f6wen Apotheke24 - Spezialist f\u00fcr Naturheilkunde - Weltweiter Versand - kurze Lieferzeit - gratis Lieferung ab 30 \u20ac -","robots":{"index":"noindex","follow":"nofollow"},"og_locale":"de_DE","og_type":"article","og_title":"Barrierefreiheitserkl\u00e4rung - L\u00f6wen Apotheke24","og_description":"L\u00f6wen Apotheke24 - Spezialist f\u00fcr Naturheilkunde - Weltweiter Versand - kurze Lieferzeit - gratis Lieferung ab 30 \u20ac -","og_url":"https:\/\/www.loewen-apotheke24.com\/de\/barrierefreiheitserklaerung\/","og_site_name":"L\u00f6wen Apotheke24","twitter_card":"summary_large_image","twitter_misc":{"Gesch\u00e4tzte Lesezeit":"2\u00a0Minuten"},"schema":{"@context":"https:\/\/schema.org","@graph":[{"@type":"WebPage","@id":"https:\/\/www.loewen-apotheke24.com\/de\/barrierefreiheitserklaerung\/","url":"https:\/\/www.loewen-apotheke24.com\/de\/barrierefreiheitserklaerung\/","name":"Barrierefreiheitserkl\u00e4rung - L\u00f6wen Apotheke24","isPartOf":{"@id":"https:\/\/www.loewen-apotheke24.com\/de\/#website"},"datePublished":"2025-12-12T10:53:37+00:00","dateModified":"2025-12-12T10:53:37+00:00","description":"L\u00f6wen Apotheke24 - Spezialist f\u00fcr Naturheilkunde - Weltweiter Versand - kurze Lieferzeit - gratis Lieferung ab 30 \u20ac -","inLanguage":"de","potentialAction":[{"@type":"ReadAction","target":["https:\/\/www.loewen-apotheke24.com\/de\/barrierefreiheitserklaerung\/"]}]},{"@type":"WebSite","@id":"https:\/\/www.loewen-apotheke24.com\/de\/#website","url":"https:\/\/www.loewen-apotheke24.com\/de\/","name":"L\u00f6wen Apotheke24","description":"Spezialist f\u00fcr Naturmedizin - Versandapotheke Baden-Baden","publisher":{"@id":"https:\/\/www.loewen-apotheke24.com\/de\/#organization"},"potentialAction":[{"@type":"SearchAction","target":{"@type":"EntryPoint","urlTemplate":"https:\/\/www.loewen-apotheke24.com\/de\/?s={search_term_string}"},"query-input":"required name=search_term_string"}],"inLanguage":"de"},{"@type":"Organization","@id":"https:\/\/www.loewen-apotheke24.com\/de\/#organization","name":"L\u00f6wen Apotheke","alternateName":"L\u00f6wen Apotheke","url":"https:\/\/www.loewen-apotheke24.com\/de\/","logo":{"@type":"ImageObject","inLanguage":"de","@id":"https:\/\/www.loewen-apotheke24.com\/de\/#\/schema\/logo\/image\/","url":"https:\/\/www.loewen-apotheke24.com\/wp-content\/uploads\/2024\/02\/Logo-Loewen-Apotheke-700x700-1.png","contentUrl":"https:\/\/www.loewen-apotheke24.com\/wp-content\/uploads\/2024\/02\/Logo-Loewen-Apotheke-700x700-1.png","width":700,"height":700,"caption":"L\u00f6wen Apotheke"},"image":{"@id":"https:\/\/www.loewen-apotheke24.com\/de\/#\/schema\/logo\/image\/"}}]}},"_links":{"self":[{"href":"https:\/\/www.loewen-apotheke24.com\/de\/wp-json\/wp\/v2\/pages\/150734"}],"collection":[{"href":"https:\/\/www.loewen-apotheke24.com\/de\/wp-json\/wp\/v2\/pages"}],"about":[{"href":"https:\/\/www.loewen-apotheke24.com\/de\/wp-json\/wp\/v2\/types\/page"}],"author":[{"embeddable":true,"href":"https:\/\/www.loewen-apotheke24.com\/de\/wp-json\/wp\/v2\/users\/1"}],"replies":[{"embeddable":true,"href":"https:\/\/www.loewen-apotheke24.com\/de\/wp-json\/wp\/v2\/comments?post=150734"}],"version-history":[{"count":0,"href":"https:\/\/www.loewen-apotheke24.com\/de\/wp-json\/wp\/v2\/pages\/150734\/revisions"}],"wp:attachment":[{"href":"https:\/\/www.loewen-apotheke24.com\/de\/wp-json\/wp\/v2\/media?parent=150734"}],"curies":[{"name":"wp","href":"https:\/\/api.w.org\/{rel}","templated":true}]}}