{"id":2015,"date":"2017-11-21T20:54:03","date_gmt":"2017-11-21T20:54:03","guid":{"rendered":"https:\/\/www.loewen-apotheke24.com\/?page_id=2015"},"modified":"2023-07-01T06:05:56","modified_gmt":"2023-07-01T05:05:56","slug":"schuessler-salz-pulver-mix","status":"publish","type":"page","link":"https:\/\/www.loewen-apotheke24.com\/de\/schuessler-salz-pulver-mix\/","title":{"rendered":"Mein Sch\u00fcssler Salz Pulver-Mixer"},"content":{"rendered":"<h2>Ihr individueller Sch\u00fcssler Salz Pulver-Mix<\/h2>\n<h3>Der ausgeglichene Mineralstoffhaushalt als Grundlage unserer Gesundheit<\/h3>\n<p>Sch\u00fcssler Salz Pulver-Mix. Nach der Theorie des Entdeckers Dr. Wilhelm Heinrich Sch\u00fc\u00dfler (1821 \u2013 1898) entstehen Krankheiten durch St\u00f6rungen des Mineralstoffhaushalts der K\u00f6rperzellen. Die Gabe von hom\u00f6opathisch potenzierten Mineralstoffen unterst\u00fctzt den K\u00f6rper und setzt Impulse f\u00fcr die Zellen. Die Sch\u00fc\u00dfler-Salze werden als Begleitung von Therapien angewendet.<\/p>\n<p>Durch die Verd\u00fcnnung gelangen die Mineralstoffe direkt in die Zellen und die Zellfunktion normalisiert sich. Dabei \u00a0geht es nicht um das Ersetzen fehlender Mineralstoffe, sondern um das Bereitstellen von qualitativ hochwertigen Funktionsmitteln, die die Selbstheilung aktivieren.<\/p>\n<h3>Funktion der Sch\u00fcssler Salze<\/h3>\n<p>Die Sch\u00fcssler Salze regulieren und harmonisieren unseren Mineralstoffhaushalt. Echte Mineralstoff Defizite k\u00f6nnen sie nicht ausgleichen. Sie k\u00f6nnen aber den Einbau und die Mineralstoff Ordnung im K\u00f6rper wieder herstellen. Dabei ist es wichtig, ganz individuell vorzugehen.<\/p>\n<h3><img decoding=\"async\" loading=\"lazy\" class=\" wp-image-22446 alignright\" src=\"https:\/\/www.loewen-apotheke24.com\/wp-content\/uploads\/2018\/09\/Mein-Schuessler-Salz_oS-300x300.jpg\" alt=\"&quot;Mein Sch\u00fcssler-Salz&quot;- Regenerations-Formel 400g\" width=\"257\" height=\"257\" srcset=\"https:\/\/www.loewen-apotheke24.com\/wp-content\/uploads\/2018\/09\/Mein-Schuessler-Salz_oS-300x300.jpg 300w, https:\/\/www.loewen-apotheke24.com\/wp-content\/uploads\/2018\/09\/Mein-Schuessler-Salz_oS-100x100.jpg 100w, https:\/\/www.loewen-apotheke24.com\/wp-content\/uploads\/2018\/09\/Mein-Schuessler-Salz_oS-64x64.jpg 64w, https:\/\/www.loewen-apotheke24.com\/wp-content\/uploads\/2018\/09\/Mein-Schuessler-Salz_oS-150x150.jpg 150w, https:\/\/www.loewen-apotheke24.com\/wp-content\/uploads\/2018\/09\/Mein-Schuessler-Salz_oS.jpg 600w\" sizes=\"(max-width: 257px) 100vw, 257px\" \/>Vorteile der individuellen Pulvermischung &#8211; Mein Sch\u00fcssler Salz Mix<\/h3>\n<ul>\n<li><span style=\"color: #ff6600;\"><strong>100% individuell<\/strong><\/span> auf Ihren Bedarf abgestimmt &#8211; <strong>ohne<\/strong> Zusatzstoffe<\/li>\n<li><span style=\"color: #ffcc00;\"><strong>Leichte Einnahme<\/strong><\/span> mit Wasser verd\u00fcnnt<\/li>\n<li>Einfache Dosierung &#8211; nur noch\u00a0<span style=\"color: #ff0000;\"><strong>eine Pulvermischung<\/strong><\/span> anstatt vieler Tabletten<\/li>\n<\/ul>\n<p>Die L\u00f6wen Apotheke aus Baden-Baden, bietet Ihnen die M\u00f6glichkeit, mit unserem Sch\u00fcssler-Mixer Ihr ganz individuelle Sch\u00fcssler-Pulver-Mischung selbst zusammenzustellen. Ihr eigener<a href=\"https:\/\/www.loewen-apotheke24.com\/de\/product_cat\/mein-schuessler-salz\/\"> Sch\u00fcssler Salz Pulver<\/a>-Mix.<\/p>\n<h3>Schritt 1 &#8211; Pers\u00f6nlichen Bedarf bestimmen<\/h3>\n<p>Zun\u00e4chst steht die Bedarfsanalyse. Diesen Bedarf k\u00f6nnen Sie per Onlineformular\u00a0kostenlos und unverbindlich\u00a0 erhalten.\u00a0Die L\u00f6wen Apotheke aus Baden-Baden, bietet Ihnen die M\u00f6glichkeit, mit unserem Sch\u00fcssler-Mixer Ihr ganz individuelle Mein Sch\u00fcssler-Salz Pulver-Mischung selbst zusammenzustellen.<\/p>\n<h3>Schritt 2 &#8211; Pers\u00f6nliche Pulvermischung erstellen<\/h3>\n<p>W\u00e4hlen Sie selbst aus den 12 Basissalzen Ihre\u00a0Mischung. Eine\u00a0Packung\u00a0enth\u00e4lt\u00a0400g Pulver f\u00fcr nur 42,84\u20ac\u00a0(Mischungen unter 400g werden automatisch im passenden Verh\u00e4ltnis auf 400g erh\u00f6ht bzw. gemindert)<\/p>\n<p><a href=\"https:\/\/www.loewen-apotheke24.com\/de\/kontakt\/\">&gt;&gt; Jetzt anfragen<\/a><\/p>\n<p>&nbsp;<\/p>\n","protected":false},"excerpt":{"rendered":"<p>Ihr individueller Sch\u00fcssler Salz Pulver-Mix Der ausgeglichene Mineralstoffhaushalt als Grundlage unserer Gesundheit Sch\u00fcssler Salz Pulver-Mix. Nach der Theorie des Entdeckers Dr. Wilhelm Heinrich Sch\u00fc\u00dfler (1821 \u2013 1898) entstehen Krankheiten durch [&hellip;]<\/p>\n","protected":false},"author":1,"featured_media":0,"parent":0,"menu_order":0,"comment_status":"closed","ping_status":"closed","template":"template-fullwidth.php","meta":[],"yoast_head":"<!-- This site is optimized with the Yoast SEO Premium plugin v21.0 (Yoast SEO v21.0) - https:\/\/yoast.com\/wordpress\/plugins\/seo\/ -->\n<title>Mein Sch\u00fcssler Salz Pulver-Mixer<\/title>\n<meta name=\"description\" content=\"L\u00f6wen Apotheke24 - Spezialist f\u00fcr Naturheilkunde - Weltweiter Versand - kurze Lieferzeit - Ihr eigener Sch\u00fcssler Salz Pulver-Mix\" \/>\n<meta name=\"robots\" content=\"index, follow, max-snippet:-1, max-image-preview:large, max-video-preview:-1\" \/>\n<link rel=\"canonical\" href=\"https:\/\/www.loewen-apotheke24.com\/de\/schuessler-salz-pulver-mix\/\" \/>\n<meta property=\"og:locale\" content=\"de_DE\" \/>\n<meta property=\"og:type\" content=\"article\" \/>\n<meta property=\"og:title\" content=\"Mein Sch\u00fcssler Salz Pulver-Mixer\" \/>\n<meta property=\"og:description\" content=\"L\u00f6wen Apotheke24 - Spezialist f\u00fcr Naturheilkunde - Weltweiter Versand - kurze Lieferzeit - Ihr eigener Sch\u00fcssler Salz Pulver-Mix\" \/>\n<meta property=\"og:url\" content=\"https:\/\/www.loewen-apotheke24.com\/de\/schuessler-salz-pulver-mix\/\" \/>\n<meta property=\"og:site_name\" content=\"L\u00f6wen Apotheke24\" \/>\n<meta property=\"article:modified_time\" content=\"2023-07-01T05:05:56+00:00\" \/>\n<meta property=\"og:image\" content=\"https:\/\/www.loewen-apotheke24.com\/wp-content\/uploads\/2018\/09\/Mein-Schuessler-Salz_oS-300x300.jpg\" \/>\n<meta name=\"twitter:card\" content=\"summary_large_image\" \/>\n<meta name=\"twitter:label1\" content=\"Gesch\u00e4tzte Lesezeit\" \/>\n\t<meta name=\"twitter:data1\" content=\"1\u00a0Minute\" \/>\n<script type=\"application\/ld+json\" class=\"yoast-schema-graph\">{\"@context\":\"https:\/\/schema.org\",\"@graph\":[{\"@type\":\"WebPage\",\"@id\":\"https:\/\/www.loewen-apotheke24.com\/de\/schuessler-salz-pulver-mix\/\",\"url\":\"https:\/\/www.loewen-apotheke24.com\/de\/schuessler-salz-pulver-mix\/\",\"name\":\"Mein Sch\u00fcssler Salz Pulver-Mixer\",\"isPartOf\":{\"@id\":\"https:\/\/www.loewen-apotheke24.com\/de\/#website\"},\"datePublished\":\"2017-11-21T20:54:03+00:00\",\"dateModified\":\"2023-07-01T05:05:56+00:00\",\"description\":\"L\u00f6wen Apotheke24 - Spezialist f\u00fcr Naturheilkunde - Weltweiter Versand - kurze Lieferzeit - Ihr eigener Sch\u00fcssler Salz Pulver-Mix\",\"inLanguage\":\"de\",\"potentialAction\":[{\"@type\":\"ReadAction\",\"target\":[\"https:\/\/www.loewen-apotheke24.com\/de\/schuessler-salz-pulver-mix\/\"]}]},{\"@type\":\"WebSite\",\"@id\":\"https:\/\/www.loewen-apotheke24.com\/de\/#website\",\"url\":\"https:\/\/www.loewen-apotheke24.com\/de\/\",\"name\":\"L\u00f6wen Apotheke24\",\"description\":\"Spezialist f\u00fcr Naturmedizin - Versandapotheke Baden-Baden\",\"publisher\":{\"@id\":\"https:\/\/www.loewen-apotheke24.com\/de\/#organization\"},\"potentialAction\":[{\"@type\":\"SearchAction\",\"target\":{\"@type\":\"EntryPoint\",\"urlTemplate\":\"https:\/\/www.loewen-apotheke24.com\/de\/?s={search_term_string}\"},\"query-input\":\"required name=search_term_string\"}],\"inLanguage\":\"de\"},{\"@type\":\"Organization\",\"@id\":\"https:\/\/www.loewen-apotheke24.com\/de\/#organization\",\"name\":\"L\u00f6wen Apotheke\",\"alternateName\":\"L\u00f6wen Apotheke\",\"url\":\"https:\/\/www.loewen-apotheke24.com\/de\/\",\"logo\":{\"@type\":\"ImageObject\",\"inLanguage\":\"de\",\"@id\":\"https:\/\/www.loewen-apotheke24.com\/de\/#\/schema\/logo\/image\/\",\"url\":\"https:\/\/www.loewen-apotheke24.com\/wp-content\/uploads\/2024\/02\/Logo-Loewen-Apotheke-700x700-1.png\",\"contentUrl\":\"https:\/\/www.loewen-apotheke24.com\/wp-content\/uploads\/2024\/02\/Logo-Loewen-Apotheke-700x700-1.png\",\"width\":700,\"height\":700,\"caption\":\"L\u00f6wen Apotheke\"},\"image\":{\"@id\":\"https:\/\/www.loewen-apotheke24.com\/de\/#\/schema\/logo\/image\/\"}}]}<\/script>\n<!-- \/ Yoast SEO Premium plugin. -->","yoast_head_json":{"title":"Mein Sch\u00fcssler Salz Pulver-Mixer","description":"L\u00f6wen Apotheke24 - Spezialist f\u00fcr Naturheilkunde - Weltweiter Versand - kurze Lieferzeit - Ihr eigener Sch\u00fcssler Salz Pulver-Mix","robots":{"index":"index","follow":"follow","max-snippet":"max-snippet:-1","max-image-preview":"max-image-preview:large","max-video-preview":"max-video-preview:-1"},"canonical":"https:\/\/www.loewen-apotheke24.com\/de\/schuessler-salz-pulver-mix\/","og_locale":"de_DE","og_type":"article","og_title":"Mein Sch\u00fcssler Salz Pulver-Mixer","og_description":"L\u00f6wen Apotheke24 - Spezialist f\u00fcr Naturheilkunde - Weltweiter Versand - kurze Lieferzeit - Ihr eigener Sch\u00fcssler Salz Pulver-Mix","og_url":"https:\/\/www.loewen-apotheke24.com\/de\/schuessler-salz-pulver-mix\/","og_site_name":"L\u00f6wen Apotheke24","article_modified_time":"2023-07-01T05:05:56+00:00","og_image":[{"url":"https:\/\/www.loewen-apotheke24.com\/wp-content\/uploads\/2018\/09\/Mein-Schuessler-Salz_oS-300x300.jpg"}],"twitter_card":"summary_large_image","twitter_misc":{"Gesch\u00e4tzte Lesezeit":"1\u00a0Minute"},"schema":{"@context":"https:\/\/schema.org","@graph":[{"@type":"WebPage","@id":"https:\/\/www.loewen-apotheke24.com\/de\/schuessler-salz-pulver-mix\/","url":"https:\/\/www.loewen-apotheke24.com\/de\/schuessler-salz-pulver-mix\/","name":"Mein Sch\u00fcssler Salz Pulver-Mixer","isPartOf":{"@id":"https:\/\/www.loewen-apotheke24.com\/de\/#website"},"datePublished":"2017-11-21T20:54:03+00:00","dateModified":"2023-07-01T05:05:56+00:00","description":"L\u00f6wen Apotheke24 - Spezialist f\u00fcr Naturheilkunde - Weltweiter Versand - kurze Lieferzeit - Ihr eigener Sch\u00fcssler Salz Pulver-Mix","inLanguage":"de","potentialAction":[{"@type":"ReadAction","target":["https:\/\/www.loewen-apotheke24.com\/de\/schuessler-salz-pulver-mix\/"]}]},{"@type":"WebSite","@id":"https:\/\/www.loewen-apotheke24.com\/de\/#website","url":"https:\/\/www.loewen-apotheke24.com\/de\/","name":"L\u00f6wen Apotheke24","description":"Spezialist f\u00fcr Naturmedizin - Versandapotheke Baden-Baden","publisher":{"@id":"https:\/\/www.loewen-apotheke24.com\/de\/#organization"},"potentialAction":[{"@type":"SearchAction","target":{"@type":"EntryPoint","urlTemplate":"https:\/\/www.loewen-apotheke24.com\/de\/?s={search_term_string}"},"query-input":"required name=search_term_string"}],"inLanguage":"de"},{"@type":"Organization","@id":"https:\/\/www.loewen-apotheke24.com\/de\/#organization","name":"L\u00f6wen Apotheke","alternateName":"L\u00f6wen Apotheke","url":"https:\/\/www.loewen-apotheke24.com\/de\/","logo":{"@type":"ImageObject","inLanguage":"de","@id":"https:\/\/www.loewen-apotheke24.com\/de\/#\/schema\/logo\/image\/","url":"https:\/\/www.loewen-apotheke24.com\/wp-content\/uploads\/2024\/02\/Logo-Loewen-Apotheke-700x700-1.png","contentUrl":"https:\/\/www.loewen-apotheke24.com\/wp-content\/uploads\/2024\/02\/Logo-Loewen-Apotheke-700x700-1.png","width":700,"height":700,"caption":"L\u00f6wen Apotheke"},"image":{"@id":"https:\/\/www.loewen-apotheke24.com\/de\/#\/schema\/logo\/image\/"}}]}},"_links":{"self":[{"href":"https:\/\/www.loewen-apotheke24.com\/de\/wp-json\/wp\/v2\/pages\/2015"}],"collection":[{"href":"https:\/\/www.loewen-apotheke24.com\/de\/wp-json\/wp\/v2\/pages"}],"about":[{"href":"https:\/\/www.loewen-apotheke24.com\/de\/wp-json\/wp\/v2\/types\/page"}],"author":[{"embeddable":true,"href":"https:\/\/www.loewen-apotheke24.com\/de\/wp-json\/wp\/v2\/users\/1"}],"replies":[{"embeddable":true,"href":"https:\/\/www.loewen-apotheke24.com\/de\/wp-json\/wp\/v2\/comments?post=2015"}],"version-history":[{"count":0,"href":"https:\/\/www.loewen-apotheke24.com\/de\/wp-json\/wp\/v2\/pages\/2015\/revisions"}],"wp:attachment":[{"href":"https:\/\/www.loewen-apotheke24.com\/de\/wp-json\/wp\/v2\/media?parent=2015"}],"curies":[{"name":"wp","href":"https:\/\/api.w.org\/{rel}","templated":true}]}}