{"id":23143,"date":"2020-11-08T09:19:47","date_gmt":"2020-11-08T09:19:47","guid":{"rendered":"https:\/\/www.loewen-apotheke24.com\/?page_id=23143"},"modified":"2025-07-23T05:58:04","modified_gmt":"2025-07-23T04:58:04","slug":"loewen-apotheke-bad-apotheke","status":"publish","type":"page","link":"https:\/\/www.loewen-apotheke24.com\/de\/loewen-apotheke-bad-apotheke\/","title":{"rendered":"L\u00f6wen Apotheke &#8211; BAD Apotheke"},"content":{"rendered":"<h2>Die L\u00f6wen Apotheke in Baden-Baden (BAD).<\/h2>\n<h3>Ihre Apotheke vor Ort.<\/h3>\n<p><img decoding=\"async\" loading=\"lazy\" class=\"alignright\" src=\"https:\/\/e-rezept-app.de\/wp-content\/uploads\/2022\/12\/Lion-Pharmacy-Lowen_Apotheke_Baden_Baden_Geschaft-Store-300x300.jpg\" alt=\"Lion Pharmacy L\u00f6wen_Apotheke_Baden_Baden Germany Gesch\u00e4ft Store\" width=\"183\" height=\"183\" \/><\/p>\n<p>Willkommen in Ihrer modernen und innovativen Apotheke im Herzen von Baden-Baden (BAD)!<\/p>\n<p>Unser erfahrenes, mehrsprachiges Team (Deutsch, Englisch, Spanisch, Russisch) bietet Ihnen exzellenten Service \u2013 pers\u00f6nlich, kompetent und kundenorientiert. Dank zahlreicher Top-Bewertungen auf <a href=\"https:\/\/share.google\/8k4HG9Di1QlCvhml1\" target=\"_blank\" rel=\"noopener\">Google<\/a> und anderen Plattformen wissen unsere Kundinnen und Kunden, dass sie bei uns in besten H\u00e4nden sind.<\/p>\n<p>&nbsp;<\/p>\n<p><strong>Wir sind f\u00fcr Sie da:<br \/>\n<\/strong>Montag bis Freitag: 8:30 \u2013 18:30 Uhr<br \/>\nSamstag: 9:00 \u2013 13:00 Uhr<br \/>\nNotdienste: Selbstverst\u00e4ndlich \u00fcbernehmen wir regelm\u00e4\u00dfig Bereitschaftsdienste.<\/p>\n<p>Besuchen Sie uns \u2013 wir freuen uns auf Sie!<\/p>\n<p>Unsere L\u00f6wen Apotheke BAD ist zudem spezialisiert auf\u00a0 <a href=\"https:\/\/www.loewen-apotheke24.com\/de\/product_tag\/naturheilmittel\/\">Naturheilkunde<\/a> und <a href=\"https:\/\/www.loewen-apotheke24.com\/de\/product_tag\/homoeopathie\/\">Hom\u00f6opathie<\/a>. Durch die Partnerschaft mit der <strong>Guten Tag Apotheke<\/strong>, dem Qualit\u00e4tssiegel der\u00a0<strong>DMDI<\/strong>\u00a0werden die h\u00f6chsten Standards sicher gestellt.<\/p>\n<div class=\"TypographyPresentation TypographyPresentation--medium RichText3-paragraph--withVSpacingNormal RichText3-paragraph HighlightSol HighlightSol--buildingBlock\">Als\u00a0<strong>echte Apotheke vor Ort<\/strong>\u00a0und\u00a0<strong>zugelassene Versandapotheke<\/strong>\u00a0bieten wir Ihnen kompetente Unterst\u00fctzung, besonders in den Bereichen\u00a0<a href=\"https:\/\/www.loewen-apotheke24.com\/de\/product_tag\/naturheilmittel\/\"><strong>Naturheilkunde<\/strong>\u00a0<\/a>und\u00a0<a href=\"https:\/\/www.loewen-apotheke24.com\/de\/product_tag\/nahrungsergaenzung\/\"><strong>Nahrungserg\u00e4nzungsmittel<\/strong><\/a>.<\/div>\n<div class=\"TypographyPresentation TypographyPresentation--medium RichText3-paragraph--withVSpacingNormal RichText3-paragraph HighlightSol HighlightSol--buildingBlock\"><a class=\"PrimaryLink HighlightSol HighlightSol--core LinkBase\" href=\"https:\/\/versandhandel.dimdi.de\/websearch\/servlet\/Gate;jsessionid=0D29D15655BE1174E9178A340E8FE6BC?accessid=dimdi_var&amp;term=3c387956690121ccc8763184f052b93f\" target=\"_blank\" rel=\"noreferrer noopener\">Eintrag im Versandhandelsregister<\/a><\/div>\n<p>&nbsp;<\/p>\n<h4>Umfassende, individuelle Beratung<\/h4>\n<p>Das Beste f\u00fcr Ihre Gesundheit ist unser h\u00f6chstes Ziel. Darum k\u00f6nnen Sie in unserer Apotheke mit einem breiten Beratungs- und Serviceangebot rechnen. Lernen Sie unseren Leistungsumfang in diesem Bereich besser kennen.<\/p>\n<p>Auch <a href=\"https:\/\/e-rezept-app.de\/e-rezept-app-ein-service-der-loewen-apotheke-ueber-uns\">E-Rezepte<\/a> nehmen wir an. Daf\u00fcr haben wir eine eigene App <a href=\"https:\/\/e-rezept-app.de\/e-rezept-app-ein-service-der-loewen-apotheke-ueber-uns\">E-Rezept-App<\/a>.<\/p>\n<p>Wir m\u00f6chten Ihnen insbesondere bei der Arzneimittelauswahl zur Seite stehen. Auch bei individuellen Rezepturw\u00fcnschen oder \u00c4nderungen zu bestehenden Rezeptvorschl\u00e4gen mit unserem Wissen unterst\u00fctzen.<\/p>\n<p style=\"text-align: left;\"><img decoding=\"async\" loading=\"lazy\" class=\"alignleft wp-image-35325\" src=\"https:\/\/www.loewen-apotheke24.com\/wp-content\/uploads\/2021\/10\/praxis-sandra-hoff-heilpraktiker-apotheke-footer.jpg\" alt=\"Sandra Hoff Apothekerin, Heilpraktiker. Bietet Beratung zu Mikroimmuntherapie, EBV, Long Covid in der L\u00f6wen Apotheke vor Ort. \" width=\"170\" height=\"165\" srcset=\"https:\/\/www.loewen-apotheke24.com\/wp-content\/uploads\/2021\/10\/praxis-sandra-hoff-heilpraktiker-apotheke-footer.jpg 302w, https:\/\/www.loewen-apotheke24.com\/wp-content\/uploads\/2021\/10\/praxis-sandra-hoff-heilpraktiker-apotheke-footer-300x293.jpg 300w, https:\/\/www.loewen-apotheke24.com\/wp-content\/uploads\/2021\/10\/praxis-sandra-hoff-heilpraktiker-apotheke-footer-64x62.jpg 64w\" sizes=\"(max-width: 170px) 100vw, 170px\" \/>Sandra Hoff, Apothekerin der L\u00f6wen Apotheke.<\/p>\n<blockquote>\n<p style=\"text-align: left;\">Mein hochqualifiziertes Team und ich stehen Ihnen pers\u00f6nlich, telefonisch oder online immer f\u00fcr Ihre Fragen zur Verf\u00fcgung.<\/p>\n<\/blockquote>\n<p style=\"text-align: left;\">Telefon Apotheke:\u00a007221-22 120 | \u00a0Telefon Versand: 07221- 395374<br \/>\nE-Mail Anfragen an: info@loewen-apotheke24.de<br \/>\n<a href=\"https:\/\/www.instagram.com\/loewen_apotheke_24\/\" target=\"_blank\" rel=\"noopener\">Instagram<\/a><\/p>\n<h4><\/h4>\n<p>&nbsp;<\/p>\n<h4>Der\u00a0regionale Boten- und Lieferservice der L\u00f6wen Apotheke:<\/h4>\n<p>Gerne liefern wir Ihre bestellte Ware im Nahbereich pers\u00f6nlich, kostenlos an Sie aus. Als Nahbereich gelten folgende Postleitzahlenbereiche: 76530, 76531, 76532, 76533, 76534<\/p>\n<p>Wir liefen bei telefonischem Bestelleingang bis 12.00 Uhr noch am selben Tag wenn das Medikament vorr\u00e4tig ist. Lokale Lieferungen sind ab 10,- Euro gratis. Wir nehmen gerne Ihre Rezepte entgegen.<\/p>\n<p>Zur <a href=\"https:\/\/www.loewen-apotheke24.com\/en\/arzneimittel-lieferservice-rezepte\/\">Lieferservice Anfrage<\/a><\/p>\n<p>&nbsp;<\/p>\n<h4>Unsere Top Produkte im Versandhandel<\/h4>\n<p><a href=\"https:\/\/www.loewen-apotheke24.com\/de\/product_tag\/angebot\/\">Angebote<\/a>\u00a0 |\u00a0<a href=\"https:\/\/www.loewen-apotheke24.com\/de\/product_cat\/schwabe\/\">Dr. W Schwabe<\/a> |\u00a0<a href=\"https:\/\/www.loewen-apotheke24.com\/de\/product_cat\/vitorgan\/\">vitOrgan<\/a> |\u00a0<a href=\"https:\/\/www.loewen-apotheke24.com\/de\/product_cat\/labo-life\/\">LaboLife <\/a>\u00a0|\u00a0<a href=\"https:\/\/www.loewen-apotheke24.com\/de\/product_cat\/mein-schuessler-salz\/\">Mein Sch\u00fcssler Salz\u00a0<\/a><\/p>\n<blockquote class=\"wp-embedded-content\" data-secret=\"M0YxxBYojP\"><p><a href=\"https:\/\/www.loewen-apotheke24.com\/de\/shop\/labo-life\/labo-life-2l-ebv-kapseln-30-st\/\">Labo Life 2L EBV Kapseln 30 St.<\/a><\/p><\/blockquote>\n<p><iframe class=\"wp-embedded-content\" sandbox=\"allow-scripts\" security=\"restricted\" style=\"position: absolute; clip: rect(1px, 1px, 1px, 1px);\" title=\"&#8222;Labo Life 2L EBV Kapseln 30 St.&#8220; &#8212; L\u00f6wen Apotheke24\" src=\"https:\/\/www.loewen-apotheke24.com\/de\/shop\/labo-life\/labo-life-2l-ebv-kapseln-30-st\/embed\/#?secret=VxPp40EiRJ#?secret=M0YxxBYojP\" data-secret=\"M0YxxBYojP\" width=\"600\" height=\"338\" frameborder=\"0\" marginwidth=\"0\" marginheight=\"0\" scrolling=\"no\"><\/iframe><\/p>\n<blockquote class=\"wp-embedded-content\" data-secret=\"j6rg8Km8Jc\"><p><a href=\"https:\/\/www.loewen-apotheke24.com\/de\/shop\/marke\/vitasprint-b12-trinkflaeschchen-30-st\/\">Vitasprint B12 Trinkfl\u00e4schchen 30 St.<\/a><\/p><\/blockquote>\n<p><iframe class=\"wp-embedded-content\" sandbox=\"allow-scripts\" security=\"restricted\" style=\"position: absolute; clip: rect(1px, 1px, 1px, 1px);\" title=\"&#8222;Vitasprint B12 Trinkfl\u00e4schchen 30 St.&#8220; &#8212; L\u00f6wen Apotheke24\" src=\"https:\/\/www.loewen-apotheke24.com\/de\/shop\/marke\/vitasprint-b12-trinkflaeschchen-30-st\/embed\/#?secret=kEdDTMdvXP#?secret=j6rg8Km8Jc\" data-secret=\"j6rg8Km8Jc\" width=\"600\" height=\"338\" frameborder=\"0\" marginwidth=\"0\" marginheight=\"0\" scrolling=\"no\"><\/iframe><\/p>\n<blockquote class=\"wp-embedded-content\" data-secret=\"6oTuZo4iDM\"><p><a href=\"https:\/\/www.loewen-apotheke24.com\/shop\/marke\/engystol_tabletten_250\/\">Engystol Tabletten 250 St.<\/a><\/p><\/blockquote>\n<p><iframe class=\"wp-embedded-content\" sandbox=\"allow-scripts\" security=\"restricted\" style=\"position: absolute; clip: rect(1px, 1px, 1px, 1px);\" title=\"&#8222;Engystol Tabletten 250 St.&#8220; &#8212; L\u00f6wen Apotheke24\" src=\"https:\/\/www.loewen-apotheke24.com\/shop\/marke\/engystol_tabletten_250\/embed\/#?secret=6oTuZo4iDM\" data-secret=\"6oTuZo4iDM\" width=\"600\" height=\"338\" frameborder=\"0\" marginwidth=\"0\" marginheight=\"0\" scrolling=\"no\"><\/iframe><\/p>\n<p>&nbsp;<\/p>\n<h4>Unsere Partner und Services:<\/h4>\n<p>Design, Entwicklung und Beratung &#8211; <a href=\"https:\/\/bel-vita.com\/\" target=\"_blank\" rel=\"noopener\">Belvita GmbH<\/a><br \/>\nProdukt <a href=\"https:\/\/meinschuesslersalz.de\/\" target=\"_blank\" rel=\"noopener\">MeinSch\u00fcsslerSalz<\/a><br \/>\nProdukt <a href=\"https:\/\/hashimoto-vitalis.de\/\" target=\"_blank\" rel=\"noopener\">Hashimoto vitalis<\/a><br \/>\nWebshop International &#8211; <a href=\"https:\/\/lions-pharmacy.com\/\" target=\"_blank\" rel=\"noopener\">www.lions-pharmacy.com<\/a><br \/>\nServices &#8211;\u00a0 <a href=\"https:\/\/e-rezept-app.de\/\" target=\"_blank\" rel=\"noopener\">E-Rezept App<\/a><\/p>\n<p>&nbsp;<\/p>\n","protected":false},"excerpt":{"rendered":"<p>Die L\u00f6wen Apotheke in Baden-Baden (BAD). Ihre Apotheke vor Ort. Willkommen in Ihrer modernen und innovativen Apotheke im Herzen von Baden-Baden (BAD)! Unser erfahrenes, mehrsprachiges Team (Deutsch, Englisch, Spanisch, Russisch) [&hellip;]<\/p>\n","protected":false},"author":1,"featured_media":79142,"parent":0,"menu_order":0,"comment_status":"closed","ping_status":"closed","template":"template-fullwidth.php","meta":[],"yoast_head":"<!-- This site is optimized with the Yoast SEO Premium plugin v21.0 (Yoast SEO v21.0) - https:\/\/yoast.com\/wordpress\/plugins\/seo\/ -->\n<title>L\u00f6wen Apotheke - BAD (Baden-Baden) - Ihre Apotheke vor Ort<\/title>\n<meta name=\"description\" content=\"Lichtentalerstr. 3, Baden-Baden (BAD). Top Service &amp; sehr gute Bewertungen. Die Apotheke vor Ort: Mo.-Fr.: 8:30 \u2013 18:30, Sa. 9:00 \u2013 13:00 Uhr\" \/>\n<meta name=\"robots\" content=\"index, follow, max-snippet:-1, max-image-preview:large, max-video-preview:-1\" \/>\n<link rel=\"canonical\" href=\"https:\/\/www.loewen-apotheke24.com\/de\/loewen-apotheke-bad-apotheke\/\" \/>\n<meta property=\"og:locale\" content=\"de_DE\" \/>\n<meta property=\"og:type\" content=\"article\" \/>\n<meta property=\"og:title\" content=\"L\u00f6wen Apotheke - BAD (Baden-Baden) - Ihre Apotheke vor Ort\" \/>\n<meta property=\"og:description\" content=\"Lichtentalerstr. 3, Baden-Baden (BAD). Top Service &amp; sehr gute Bewertungen. Die Apotheke vor Ort: Mo.-Fr.: 8:30 \u2013 18:30, Sa. 9:00 \u2013 13:00 Uhr\" \/>\n<meta property=\"og:url\" content=\"https:\/\/www.loewen-apotheke24.com\/de\/loewen-apotheke-bad-apotheke\/\" \/>\n<meta property=\"og:site_name\" content=\"L\u00f6wen Apotheke24\" \/>\n<meta property=\"article:modified_time\" content=\"2025-07-23T04:58:04+00:00\" \/>\n<meta property=\"og:image\" content=\"https:\/\/www.loewen-apotheke24.com\/wp-content\/uploads\/2023\/11\/Loewen_Apotheke_Baden_Baden_Geschaeft.png\" \/>\n\t<meta property=\"og:image:width\" content=\"200\" \/>\n\t<meta property=\"og:image:height\" content=\"200\" \/>\n\t<meta property=\"og:image:type\" content=\"image\/png\" \/>\n<meta name=\"twitter:card\" content=\"summary_large_image\" \/>\n<meta name=\"twitter:label1\" content=\"Gesch\u00e4tzte Lesezeit\" \/>\n\t<meta name=\"twitter:data1\" content=\"3\u00a0Minuten\" \/>\n<script type=\"application\/ld+json\" class=\"yoast-schema-graph\">{\"@context\":\"https:\/\/schema.org\",\"@graph\":[{\"@type\":\"WebPage\",\"@id\":\"https:\/\/www.loewen-apotheke24.com\/de\/loewen-apotheke-bad-apotheke\/\",\"url\":\"https:\/\/www.loewen-apotheke24.com\/de\/loewen-apotheke-bad-apotheke\/\",\"name\":\"L\u00f6wen Apotheke - BAD (Baden-Baden) - Ihre Apotheke vor Ort\",\"isPartOf\":{\"@id\":\"https:\/\/www.loewen-apotheke24.com\/de\/#website\"},\"datePublished\":\"2020-11-08T09:19:47+00:00\",\"dateModified\":\"2025-07-23T04:58:04+00:00\",\"description\":\"Lichtentalerstr. 3, Baden-Baden (BAD). Top Service & sehr gute Bewertungen. Die Apotheke vor Ort: Mo.-Fr.: 8:30 \u2013 18:30, Sa. 9:00 \u2013 13:00 Uhr\",\"inLanguage\":\"de\",\"potentialAction\":[{\"@type\":\"ReadAction\",\"target\":[\"https:\/\/www.loewen-apotheke24.com\/de\/loewen-apotheke-bad-apotheke\/\"]}]},{\"@type\":\"WebSite\",\"@id\":\"https:\/\/www.loewen-apotheke24.com\/de\/#website\",\"url\":\"https:\/\/www.loewen-apotheke24.com\/de\/\",\"name\":\"L\u00f6wen Apotheke24\",\"description\":\"Spezialist f\u00fcr Naturmedizin - Versandapotheke Baden-Baden\",\"publisher\":{\"@id\":\"https:\/\/www.loewen-apotheke24.com\/de\/#organization\"},\"potentialAction\":[{\"@type\":\"SearchAction\",\"target\":{\"@type\":\"EntryPoint\",\"urlTemplate\":\"https:\/\/www.loewen-apotheke24.com\/de\/?s={search_term_string}\"},\"query-input\":\"required name=search_term_string\"}],\"inLanguage\":\"de\"},{\"@type\":\"Organization\",\"@id\":\"https:\/\/www.loewen-apotheke24.com\/de\/#organization\",\"name\":\"L\u00f6wen Apotheke\",\"alternateName\":\"L\u00f6wen Apotheke\",\"url\":\"https:\/\/www.loewen-apotheke24.com\/de\/\",\"logo\":{\"@type\":\"ImageObject\",\"inLanguage\":\"de\",\"@id\":\"https:\/\/www.loewen-apotheke24.com\/de\/#\/schema\/logo\/image\/\",\"url\":\"https:\/\/www.loewen-apotheke24.com\/wp-content\/uploads\/2024\/02\/Logo-Loewen-Apotheke-700x700-1.png\",\"contentUrl\":\"https:\/\/www.loewen-apotheke24.com\/wp-content\/uploads\/2024\/02\/Logo-Loewen-Apotheke-700x700-1.png\",\"width\":700,\"height\":700,\"caption\":\"L\u00f6wen Apotheke\"},\"image\":{\"@id\":\"https:\/\/www.loewen-apotheke24.com\/de\/#\/schema\/logo\/image\/\"}}]}<\/script>\n<!-- \/ Yoast SEO Premium plugin. -->","yoast_head_json":{"title":"L\u00f6wen Apotheke - BAD (Baden-Baden) - Ihre Apotheke vor Ort","description":"Lichtentalerstr. 3, Baden-Baden (BAD). Top Service & sehr gute Bewertungen. Die Apotheke vor Ort: Mo.-Fr.: 8:30 \u2013 18:30, Sa. 9:00 \u2013 13:00 Uhr","robots":{"index":"index","follow":"follow","max-snippet":"max-snippet:-1","max-image-preview":"max-image-preview:large","max-video-preview":"max-video-preview:-1"},"canonical":"https:\/\/www.loewen-apotheke24.com\/de\/loewen-apotheke-bad-apotheke\/","og_locale":"de_DE","og_type":"article","og_title":"L\u00f6wen Apotheke - BAD (Baden-Baden) - Ihre Apotheke vor Ort","og_description":"Lichtentalerstr. 3, Baden-Baden (BAD). Top Service & sehr gute Bewertungen. Die Apotheke vor Ort: Mo.-Fr.: 8:30 \u2013 18:30, Sa. 9:00 \u2013 13:00 Uhr","og_url":"https:\/\/www.loewen-apotheke24.com\/de\/loewen-apotheke-bad-apotheke\/","og_site_name":"L\u00f6wen Apotheke24","article_modified_time":"2025-07-23T04:58:04+00:00","og_image":[{"width":200,"height":200,"url":"https:\/\/www.loewen-apotheke24.com\/wp-content\/uploads\/2023\/11\/Loewen_Apotheke_Baden_Baden_Geschaeft.png","type":"image\/png"}],"twitter_card":"summary_large_image","twitter_misc":{"Gesch\u00e4tzte Lesezeit":"3\u00a0Minuten"},"schema":{"@context":"https:\/\/schema.org","@graph":[{"@type":"WebPage","@id":"https:\/\/www.loewen-apotheke24.com\/de\/loewen-apotheke-bad-apotheke\/","url":"https:\/\/www.loewen-apotheke24.com\/de\/loewen-apotheke-bad-apotheke\/","name":"L\u00f6wen Apotheke - BAD (Baden-Baden) - Ihre Apotheke vor Ort","isPartOf":{"@id":"https:\/\/www.loewen-apotheke24.com\/de\/#website"},"datePublished":"2020-11-08T09:19:47+00:00","dateModified":"2025-07-23T04:58:04+00:00","description":"Lichtentalerstr. 3, Baden-Baden (BAD). Top Service & sehr gute Bewertungen. Die Apotheke vor Ort: Mo.-Fr.: 8:30 \u2013 18:30, Sa. 9:00 \u2013 13:00 Uhr","inLanguage":"de","potentialAction":[{"@type":"ReadAction","target":["https:\/\/www.loewen-apotheke24.com\/de\/loewen-apotheke-bad-apotheke\/"]}]},{"@type":"WebSite","@id":"https:\/\/www.loewen-apotheke24.com\/de\/#website","url":"https:\/\/www.loewen-apotheke24.com\/de\/","name":"L\u00f6wen Apotheke24","description":"Spezialist f\u00fcr Naturmedizin - Versandapotheke Baden-Baden","publisher":{"@id":"https:\/\/www.loewen-apotheke24.com\/de\/#organization"},"potentialAction":[{"@type":"SearchAction","target":{"@type":"EntryPoint","urlTemplate":"https:\/\/www.loewen-apotheke24.com\/de\/?s={search_term_string}"},"query-input":"required name=search_term_string"}],"inLanguage":"de"},{"@type":"Organization","@id":"https:\/\/www.loewen-apotheke24.com\/de\/#organization","name":"L\u00f6wen Apotheke","alternateName":"L\u00f6wen Apotheke","url":"https:\/\/www.loewen-apotheke24.com\/de\/","logo":{"@type":"ImageObject","inLanguage":"de","@id":"https:\/\/www.loewen-apotheke24.com\/de\/#\/schema\/logo\/image\/","url":"https:\/\/www.loewen-apotheke24.com\/wp-content\/uploads\/2024\/02\/Logo-Loewen-Apotheke-700x700-1.png","contentUrl":"https:\/\/www.loewen-apotheke24.com\/wp-content\/uploads\/2024\/02\/Logo-Loewen-Apotheke-700x700-1.png","width":700,"height":700,"caption":"L\u00f6wen Apotheke"},"image":{"@id":"https:\/\/www.loewen-apotheke24.com\/de\/#\/schema\/logo\/image\/"}}]}},"_links":{"self":[{"href":"https:\/\/www.loewen-apotheke24.com\/de\/wp-json\/wp\/v2\/pages\/23143"}],"collection":[{"href":"https:\/\/www.loewen-apotheke24.com\/de\/wp-json\/wp\/v2\/pages"}],"about":[{"href":"https:\/\/www.loewen-apotheke24.com\/de\/wp-json\/wp\/v2\/types\/page"}],"author":[{"embeddable":true,"href":"https:\/\/www.loewen-apotheke24.com\/de\/wp-json\/wp\/v2\/users\/1"}],"replies":[{"embeddable":true,"href":"https:\/\/www.loewen-apotheke24.com\/de\/wp-json\/wp\/v2\/comments?post=23143"}],"version-history":[{"count":0,"href":"https:\/\/www.loewen-apotheke24.com\/de\/wp-json\/wp\/v2\/pages\/23143\/revisions"}],"wp:featuredmedia":[{"embeddable":true,"href":"https:\/\/www.loewen-apotheke24.com\/de\/wp-json\/wp\/v2\/media\/79142"}],"wp:attachment":[{"href":"https:\/\/www.loewen-apotheke24.com\/de\/wp-json\/wp\/v2\/media?parent=23143"}],"curies":[{"name":"wp","href":"https:\/\/api.w.org\/{rel}","templated":true}]}}