{"id":23374,"date":"2020-11-14T06:52:00","date_gmt":"2020-11-14T06:52:00","guid":{"rendered":"https:\/\/www.loewen-apotheke24.com\/?page_id=23374"},"modified":"2025-07-23T07:17:20","modified_gmt":"2025-07-23T06:17:20","slug":"ihre-online-apotheke-loewen-apotheke24","status":"publish","type":"page","link":"https:\/\/www.loewen-apotheke24.com\/de\/ihre-online-apotheke-loewen-apotheke24\/","title":{"rendered":"Ihre Online Apotheke &#8211; L\u00f6wen Apotheke24"},"content":{"rendered":"<h2>Ihre Online Apotheke<\/h2>\n<p>L\u00f6wen Apotheke24 ist unsere Online Apotheke der modernen sowie traditionellen L\u00f6wen Apotheke in Baden-Baden.<br \/>\nWir sind Teil der Guten Tag Apotheke und mir dem <img decoding=\"async\" loading=\"lazy\" class=\"wp-image-72533 size-full alignright\" src=\"https:\/\/www.loewen-apotheke24.com\/wp-content\/uploads\/2023\/08\/logo-loewen-apotheke24.png\" alt=\"logo loewen apotheke24\" width=\"280\" height=\"70\" srcset=\"https:\/\/www.loewen-apotheke24.com\/wp-content\/uploads\/2023\/08\/logo-loewen-apotheke24.png 280w, https:\/\/www.loewen-apotheke24.com\/wp-content\/uploads\/2023\/08\/logo-loewen-apotheke24-64x16.png 64w\" sizes=\"(max-width: 280px) 100vw, 280px\" \/>Qualit\u00e4tssiegel der DMDI ausgezeichnet, so werden die h\u00f6chsten Standards sicher gestellt.<\/p>\n<ul style=\"list-style-type: square;\">\n<li>Kurze Lieferzeit: 2-3 Werktage mit DHL weltweit<\/li>\n<li>Sicherer Kauf: Rechnung, Kreditkarte, PayPal,&#8230;<\/li>\n<li>Gratis Versand in Deutschland: ab 30,- Euro Bestellwert, oder mit E-Rezept. Hier einl\u00f6sen<\/li>\n<li>Fachliche Beratung: ausgezeichneter Service<\/li>\n<\/ul>\n<h3>BESTELL- &amp; SERVICEHOTLINE<\/h3>\n<p>Das Webshop-Team ist f\u00fcr Sie auch telefonisch da.<br \/>\nTelefon: 07221 395 374<br \/>\nMo-Fo. 08.30 &#8211; 17.00 Uhr<\/p>\n<p>Bitte beachten Sie: Das Versandteam hat abweichende \u00d6ffnungszeiten zur Apotheke vor Ort. Bestellungen werden von Montag bis Freitag an den Paketdienst \u00fcbergegen.<\/p>\n<p>&nbsp;<\/p>\n<h3>Aktuelle Angebote:<\/h3>\n<blockquote class=\"wp-embedded-content\" data-secret=\"RZshZBeCjL\"><p><a href=\"https:\/\/www.loewen-apotheke24.com\/de\/shop\/orthomol\/orthomol-vital-m-granulat-kapsel-30-st\/\">Orthomol Vital M Granulat \/ Kapsel 30 St.<\/a><\/p><\/blockquote>\n<p><iframe class=\"wp-embedded-content\" sandbox=\"allow-scripts\" security=\"restricted\" style=\"position: absolute; clip: rect(1px, 1px, 1px, 1px);\" title=\"&#8222;Orthomol Vital M Granulat \/ Kapsel 30 St.&#8220; &#8212; L\u00f6wen Apotheke24\" src=\"https:\/\/www.loewen-apotheke24.com\/de\/shop\/orthomol\/orthomol-vital-m-granulat-kapsel-30-st\/embed\/#?secret=VzYLLYRiTU#?secret=RZshZBeCjL\" data-secret=\"RZshZBeCjL\" width=\"600\" height=\"338\" frameborder=\"0\" marginwidth=\"0\" marginheight=\"0\" scrolling=\"no\"><\/iframe><\/p>\n<blockquote class=\"wp-embedded-content\" data-secret=\"gjUh0leOBS\"><p><a href=\"https:\/\/www.loewen-apotheke24.com\/de\/shop\/angebot\/voltaren-schmerzgel-forte-150g\/\">Voltaren Schmerzgel forte 150g<\/a><\/p><\/blockquote>\n<p><iframe class=\"wp-embedded-content\" sandbox=\"allow-scripts\" security=\"restricted\" style=\"position: absolute; clip: rect(1px, 1px, 1px, 1px);\" title=\"&#8222;Voltaren Schmerzgel forte 150g&#8220; &#8212; L\u00f6wen Apotheke24\" src=\"https:\/\/www.loewen-apotheke24.com\/de\/shop\/angebot\/voltaren-schmerzgel-forte-150g\/embed\/#?secret=gjUh0leOBS\" data-secret=\"gjUh0leOBS\" width=\"600\" height=\"338\" frameborder=\"0\" marginwidth=\"0\" marginheight=\"0\" scrolling=\"no\"><\/iframe><\/p>\n<blockquote class=\"wp-embedded-content\" data-secret=\"hbCypTvNPw\"><p><a href=\"https:\/\/www.loewen-apotheke24.com\/de\/shop\/marke\/vitasprint-b12-trinkflaeschchen-30-st\/\">Vitasprint B12 Trinkfl\u00e4schchen 30 St.<\/a><\/p><\/blockquote>\n<p><iframe class=\"wp-embedded-content\" sandbox=\"allow-scripts\" security=\"restricted\" style=\"position: absolute; clip: rect(1px, 1px, 1px, 1px);\" title=\"&#8222;Vitasprint B12 Trinkfl\u00e4schchen 30 St.&#8220; &#8212; L\u00f6wen Apotheke24\" src=\"https:\/\/www.loewen-apotheke24.com\/de\/shop\/marke\/vitasprint-b12-trinkflaeschchen-30-st\/embed\/#?secret=HaPM10d0UL#?secret=hbCypTvNPw\" data-secret=\"hbCypTvNPw\" width=\"600\" height=\"338\" frameborder=\"0\" marginwidth=\"0\" marginheight=\"0\" scrolling=\"no\"><\/iframe><\/p>\n<p>&nbsp;<\/p>\n<h4>Unsere Online Apotheken Partner &amp; Eigenmarken:<\/h4>\n<table class=\" aligncenter\" style=\"width: 100%; border-collapse: collapse;\" cellspacing=\"2\">\n<tbody>\n<tr>\n<td style=\"width: 25%;\"><a href=\"https:\/\/www.loewen-apotheke24.com\/de\/product_cat\/labo-life\/\"><img decoding=\"async\" loading=\"lazy\" class=\"aligncenter wp-image-23061 size-full\" src=\"https:\/\/www.loewen-apotheke24.com\/wp-content\/uploads\/2020\/11\/labo_life_micro_loewen-apotheke.png\" alt=\"Labo Life, labolife, l\u00f6wen apotheke versandhandel\" width=\"800\" height=\"193\" srcset=\"https:\/\/www.loewen-apotheke24.com\/wp-content\/uploads\/2020\/11\/labo_life_micro_loewen-apotheke.png 800w, https:\/\/www.loewen-apotheke24.com\/wp-content\/uploads\/2020\/11\/labo_life_micro_loewen-apotheke-600x145.png 600w, https:\/\/www.loewen-apotheke24.com\/wp-content\/uploads\/2020\/11\/labo_life_micro_loewen-apotheke-64x15.png 64w, https:\/\/www.loewen-apotheke24.com\/wp-content\/uploads\/2020\/11\/labo_life_micro_loewen-apotheke-300x72.png 300w, https:\/\/www.loewen-apotheke24.com\/wp-content\/uploads\/2020\/11\/labo_life_micro_loewen-apotheke-768x185.png 768w\" sizes=\"(max-width: 800px) 100vw, 800px\" \/><\/a><\/td>\n<td style=\"width: 25%;\"><a href=\"https:\/\/www.loewen-apotheke24.com\/de\/product_cat\/schwabe\/\"><img decoding=\"async\" loading=\"lazy\" class=\"aligncenter wp-image-23109\" src=\"https:\/\/www.loewen-apotheke24.com\/wp-content\/uploads\/2020\/11\/Pharma_Schwabe_Tebonin_L\u00f6wen-Apotheke.jpg\" alt=\"Pharma Dr. Schwabe Tebonin L\u00f6wen Apotheke\" width=\"80\" height=\"99\" srcset=\"https:\/\/www.loewen-apotheke24.com\/wp-content\/uploads\/2020\/11\/Pharma_Schwabe_Tebonin_L\u00f6wen-Apotheke.jpg 150w, https:\/\/www.loewen-apotheke24.com\/wp-content\/uploads\/2020\/11\/Pharma_Schwabe_Tebonin_L\u00f6wen-Apotheke-64x79.jpg 64w\" sizes=\"(max-width: 80px) 100vw, 80px\" \/><\/a><\/td>\n<td style=\"width: 25%;\"><a href=\"https:\/\/www.loewen-apotheke24.com\/de\/product_cat\/orthomol\/\"><img decoding=\"async\" loading=\"lazy\" class=\"aligncenter wp-image-23084 size-full\" src=\"https:\/\/www.loewen-apotheke24.com\/wp-content\/uploads\/2020\/11\/orthomol-logo-header.png\" alt=\"orthomol\" width=\"181\" height=\"40\" srcset=\"https:\/\/www.loewen-apotheke24.com\/wp-content\/uploads\/2020\/11\/orthomol-logo-header.png 181w, https:\/\/www.loewen-apotheke24.com\/wp-content\/uploads\/2020\/11\/orthomol-logo-header-64x14.png 64w\" sizes=\"(max-width: 181px) 100vw, 181px\" \/><\/a><\/td>\n<td style=\"width: 25%;\"><a href=\"https:\/\/www.loewen-apotheke24.com\/de\/product_cat\/vitorgan\/\"><img decoding=\"async\" loading=\"lazy\" class=\"aligncenter wp-image-556 size-full\" src=\"https:\/\/www.loewen-apotheke24.com\/wp-content\/uploads\/2017\/04\/logo-vitorgan-l\u00f6wen-apotheke-baden-baden.gif\" alt=\"logo vitorgan l\u00f6wen apotheke baden baden\" width=\"198\" height=\"65\" \/><\/a><\/td>\n<\/tr>\n<tr>\n<td style=\"width: 25%;\"><a href=\"https:\/\/www.loewen-apotheke24.com\/de\/product_cat\/mein-schuessler-salz\/\"><img decoding=\"async\" loading=\"lazy\" class=\"aligncenter wp-image-23381 size-full\" src=\"https:\/\/www.loewen-apotheke24.com\/wp-content\/uploads\/2020\/11\/logo-mein-sch\u00fcssler-salz-online-apotheke-loewen-apotheke.png\" alt=\"logo mein sch\u00fcssler salz online apotheke loewen apotheke\" width=\"197\" height=\"72\" srcset=\"https:\/\/www.loewen-apotheke24.com\/wp-content\/uploads\/2020\/11\/logo-mein-sch\u00fcssler-salz-online-apotheke-loewen-apotheke.png 197w, https:\/\/www.loewen-apotheke24.com\/wp-content\/uploads\/2020\/11\/logo-mein-sch\u00fcssler-salz-online-apotheke-loewen-apotheke-64x23.png 64w\" sizes=\"(max-width: 197px) 100vw, 197px\" \/><\/a><\/td>\n<td style=\"width: 25%;\"><img decoding=\"async\" loading=\"lazy\" class=\"wp-image-79031 size-full aligncenter\" src=\"https:\/\/www.loewen-apotheke24.com\/wp-content\/uploads\/2023\/11\/logo-heel.webp\" alt=\"\" width=\"200\" height=\"100\" srcset=\"https:\/\/www.loewen-apotheke24.com\/wp-content\/uploads\/2023\/11\/logo-heel.webp 200w, https:\/\/www.loewen-apotheke24.com\/wp-content\/uploads\/2023\/11\/logo-heel-64x32.webp 64w\" sizes=\"(max-width: 200px) 100vw, 200px\" \/><\/td>\n<td style=\"width: 25%;\"><img decoding=\"async\" loading=\"lazy\" class=\"wp-image-79035 size-full aligncenter\" src=\"https:\/\/www.loewen-apotheke24.com\/wp-content\/uploads\/2023\/11\/logo-omni-biotic.webp\" alt=\"\" width=\"200\" height=\"100\" srcset=\"https:\/\/www.loewen-apotheke24.com\/wp-content\/uploads\/2023\/11\/logo-omni-biotic.webp 200w, https:\/\/www.loewen-apotheke24.com\/wp-content\/uploads\/2023\/11\/logo-omni-biotic-64x32.webp 64w\" sizes=\"(max-width: 200px) 100vw, 200px\" \/><\/td>\n<td style=\"width: 25%;\"><img decoding=\"async\" loading=\"lazy\" class=\"aligncenter wp-image-23384\" src=\"https:\/\/www.loewen-apotheke24.com\/wp-content\/uploads\/2020\/11\/Logo-Eucerin-Verandhandel-L\u00f6wen-Apotheke-Baden-Baden.jpg\" alt=\"Logo Eucerin Verandhandel L\u00f6wen Apotheke Baden-Baden\" width=\"192\" height=\"79\" srcset=\"https:\/\/www.loewen-apotheke24.com\/wp-content\/uploads\/2020\/11\/Logo-Eucerin-Verandhandel-L\u00f6wen-Apotheke-Baden-Baden.jpg 511w, https:\/\/www.loewen-apotheke24.com\/wp-content\/uploads\/2020\/11\/Logo-Eucerin-Verandhandel-L\u00f6wen-Apotheke-Baden-Baden-64x26.jpg 64w, https:\/\/www.loewen-apotheke24.com\/wp-content\/uploads\/2020\/11\/Logo-Eucerin-Verandhandel-L\u00f6wen-Apotheke-Baden-Baden-300x124.jpg 300w\" sizes=\"(max-width: 192px) 100vw, 192px\" \/><\/td>\n<\/tr>\n<\/tbody>\n<\/table>\n<h4><\/h4>\n<p>&nbsp;<\/p>\n<h4>Partner<\/h4>\n<p class=\"widget-title\">Unsere Eigenmarke: <a href=\"http:\/\/www.meinschuesslersalz.de\/\" target=\"_blank\" rel=\"noopener noreferrer\">Mein Sch\u00fcssler Sal<\/a>z<\/p>\n<p>Premium Partner von: <a href=\"https:\/\/www.labolife.com\/de\">Labo Life<\/a><br \/>\nPremium Partner von: <a href=\"http:\/\/www.vitorgan.de\/\" target=\"_blank\" rel=\"noopener noreferrer\">VitOrgan<\/a><a href=\"https:\/\/www.bboost.de\/\"><br \/>\n<\/a><\/p>\n<p>Design, Entwicklung und Beratung &#8211; <a href=\"https:\/\/bel-vita.com\/\" target=\"_blank\" rel=\"noopener\">Belvita GmbH<\/a><br \/>\nWebshop International &#8211; <a href=\"https:\/\/lions-pharmacy.com\/\" target=\"_blank\" rel=\"noopener\">www.lions-pharmacy.com<\/a><br \/>\nServices &#8211;\u00a0 <a href=\"https:\/\/e-rezept-app.de\/\" target=\"_blank\" rel=\"noopener\">E-Rezept App\u00a0<\/a><\/p>\n<p>&nbsp;<\/p>\n<h4>Individuelle Fachberatung:<\/h4>\n<p>Spezialisiert auf \u00c4sthetik und Naturheilkunde sowie Labo Life Anwendungen: <a href=\"https:\/\/praxis-sandra-hoff.de\/\">Praxis Sandra Hoff<\/a><\/p>\n<p>&nbsp;<\/p>\n","protected":false},"excerpt":{"rendered":"<p>Ihre Online Apotheke L\u00f6wen Apotheke24 ist unsere Online Apotheke der modernen sowie traditionellen L\u00f6wen Apotheke in Baden-Baden. Wir sind Teil der Guten Tag Apotheke und mir dem Qualit\u00e4tssiegel der DMDI [&hellip;]<\/p>\n","protected":false},"author":1,"featured_media":0,"parent":0,"menu_order":0,"comment_status":"closed","ping_status":"closed","template":"template-fullwidth.php","meta":[],"yoast_head":"<!-- This site is optimized with the Yoast SEO Premium plugin v21.0 (Yoast SEO v21.0) - https:\/\/yoast.com\/wordpress\/plugins\/seo\/ -->\n<title>L\u00f6wen Apotheke24<\/title>\n<meta name=\"description\" content=\"L\u00f6wen Apotheke aus Deutschland, Baden-Baden - Gepr\u00fcfte Qualit\u00e4t - Tradition - Naturheilkunde - Online Apotheke mit weltweitem Versand\" \/>\n<meta name=\"robots\" content=\"index, follow, max-snippet:-1, max-image-preview:large, max-video-preview:-1\" \/>\n<link rel=\"canonical\" href=\"https:\/\/www.loewen-apotheke24.com\/de\/ihre-online-apotheke-loewen-apotheke24\/\" \/>\n<meta property=\"og:locale\" content=\"de_DE\" \/>\n<meta property=\"og:type\" content=\"article\" \/>\n<meta property=\"og:title\" content=\"L\u00f6wen Apotheke24\" \/>\n<meta property=\"og:description\" content=\"L\u00f6wen Apotheke aus Deutschland, Baden-Baden - Gepr\u00fcfte Qualit\u00e4t - Tradition - Naturheilkunde - Online Apotheke mit weltweitem Versand\" \/>\n<meta property=\"og:url\" content=\"https:\/\/www.loewen-apotheke24.com\/de\/ihre-online-apotheke-loewen-apotheke24\/\" \/>\n<meta property=\"og:site_name\" content=\"L\u00f6wen Apotheke24\" \/>\n<meta property=\"article:modified_time\" content=\"2025-07-23T06:17:20+00:00\" \/>\n<meta property=\"og:image\" content=\"https:\/\/www.loewen-apotheke24.com\/wp-content\/uploads\/2023\/08\/logo-loewen-apotheke24.png\" \/>\n<meta name=\"twitter:card\" content=\"summary_large_image\" \/>\n<meta name=\"twitter:label1\" content=\"Gesch\u00e4tzte Lesezeit\" \/>\n\t<meta name=\"twitter:data1\" content=\"3\u00a0Minuten\" \/>\n<script type=\"application\/ld+json\" class=\"yoast-schema-graph\">{\"@context\":\"https:\/\/schema.org\",\"@graph\":[{\"@type\":\"WebPage\",\"@id\":\"https:\/\/www.loewen-apotheke24.com\/de\/ihre-online-apotheke-loewen-apotheke24\/\",\"url\":\"https:\/\/www.loewen-apotheke24.com\/de\/ihre-online-apotheke-loewen-apotheke24\/\",\"name\":\"L\u00f6wen Apotheke24\",\"isPartOf\":{\"@id\":\"https:\/\/www.loewen-apotheke24.com\/de\/#website\"},\"datePublished\":\"2020-11-14T06:52:00+00:00\",\"dateModified\":\"2025-07-23T06:17:20+00:00\",\"description\":\"L\u00f6wen Apotheke aus Deutschland, Baden-Baden - Gepr\u00fcfte Qualit\u00e4t - Tradition - Naturheilkunde - Online Apotheke mit weltweitem Versand\",\"inLanguage\":\"de\",\"potentialAction\":[{\"@type\":\"ReadAction\",\"target\":[\"https:\/\/www.loewen-apotheke24.com\/de\/ihre-online-apotheke-loewen-apotheke24\/\"]}]},{\"@type\":\"WebSite\",\"@id\":\"https:\/\/www.loewen-apotheke24.com\/de\/#website\",\"url\":\"https:\/\/www.loewen-apotheke24.com\/de\/\",\"name\":\"L\u00f6wen Apotheke24\",\"description\":\"Spezialist f\u00fcr Naturmedizin - Versandapotheke Baden-Baden\",\"publisher\":{\"@id\":\"https:\/\/www.loewen-apotheke24.com\/de\/#organization\"},\"potentialAction\":[{\"@type\":\"SearchAction\",\"target\":{\"@type\":\"EntryPoint\",\"urlTemplate\":\"https:\/\/www.loewen-apotheke24.com\/de\/?s={search_term_string}\"},\"query-input\":\"required name=search_term_string\"}],\"inLanguage\":\"de\"},{\"@type\":\"Organization\",\"@id\":\"https:\/\/www.loewen-apotheke24.com\/de\/#organization\",\"name\":\"L\u00f6wen Apotheke\",\"alternateName\":\"L\u00f6wen Apotheke\",\"url\":\"https:\/\/www.loewen-apotheke24.com\/de\/\",\"logo\":{\"@type\":\"ImageObject\",\"inLanguage\":\"de\",\"@id\":\"https:\/\/www.loewen-apotheke24.com\/de\/#\/schema\/logo\/image\/\",\"url\":\"https:\/\/www.loewen-apotheke24.com\/wp-content\/uploads\/2024\/02\/Logo-Loewen-Apotheke-700x700-1.png\",\"contentUrl\":\"https:\/\/www.loewen-apotheke24.com\/wp-content\/uploads\/2024\/02\/Logo-Loewen-Apotheke-700x700-1.png\",\"width\":700,\"height\":700,\"caption\":\"L\u00f6wen Apotheke\"},\"image\":{\"@id\":\"https:\/\/www.loewen-apotheke24.com\/de\/#\/schema\/logo\/image\/\"}}]}<\/script>\n<!-- \/ Yoast SEO Premium plugin. -->","yoast_head_json":{"title":"L\u00f6wen Apotheke24","description":"L\u00f6wen Apotheke aus Deutschland, Baden-Baden - Gepr\u00fcfte Qualit\u00e4t - Tradition - Naturheilkunde - Online Apotheke mit weltweitem Versand","robots":{"index":"index","follow":"follow","max-snippet":"max-snippet:-1","max-image-preview":"max-image-preview:large","max-video-preview":"max-video-preview:-1"},"canonical":"https:\/\/www.loewen-apotheke24.com\/de\/ihre-online-apotheke-loewen-apotheke24\/","og_locale":"de_DE","og_type":"article","og_title":"L\u00f6wen Apotheke24","og_description":"L\u00f6wen Apotheke aus Deutschland, Baden-Baden - Gepr\u00fcfte Qualit\u00e4t - Tradition - Naturheilkunde - Online Apotheke mit weltweitem Versand","og_url":"https:\/\/www.loewen-apotheke24.com\/de\/ihre-online-apotheke-loewen-apotheke24\/","og_site_name":"L\u00f6wen Apotheke24","article_modified_time":"2025-07-23T06:17:20+00:00","og_image":[{"url":"https:\/\/www.loewen-apotheke24.com\/wp-content\/uploads\/2023\/08\/logo-loewen-apotheke24.png"}],"twitter_card":"summary_large_image","twitter_misc":{"Gesch\u00e4tzte Lesezeit":"3\u00a0Minuten"},"schema":{"@context":"https:\/\/schema.org","@graph":[{"@type":"WebPage","@id":"https:\/\/www.loewen-apotheke24.com\/de\/ihre-online-apotheke-loewen-apotheke24\/","url":"https:\/\/www.loewen-apotheke24.com\/de\/ihre-online-apotheke-loewen-apotheke24\/","name":"L\u00f6wen Apotheke24","isPartOf":{"@id":"https:\/\/www.loewen-apotheke24.com\/de\/#website"},"datePublished":"2020-11-14T06:52:00+00:00","dateModified":"2025-07-23T06:17:20+00:00","description":"L\u00f6wen Apotheke aus Deutschland, Baden-Baden - Gepr\u00fcfte Qualit\u00e4t - Tradition - Naturheilkunde - Online Apotheke mit weltweitem Versand","inLanguage":"de","potentialAction":[{"@type":"ReadAction","target":["https:\/\/www.loewen-apotheke24.com\/de\/ihre-online-apotheke-loewen-apotheke24\/"]}]},{"@type":"WebSite","@id":"https:\/\/www.loewen-apotheke24.com\/de\/#website","url":"https:\/\/www.loewen-apotheke24.com\/de\/","name":"L\u00f6wen Apotheke24","description":"Spezialist f\u00fcr Naturmedizin - Versandapotheke Baden-Baden","publisher":{"@id":"https:\/\/www.loewen-apotheke24.com\/de\/#organization"},"potentialAction":[{"@type":"SearchAction","target":{"@type":"EntryPoint","urlTemplate":"https:\/\/www.loewen-apotheke24.com\/de\/?s={search_term_string}"},"query-input":"required name=search_term_string"}],"inLanguage":"de"},{"@type":"Organization","@id":"https:\/\/www.loewen-apotheke24.com\/de\/#organization","name":"L\u00f6wen Apotheke","alternateName":"L\u00f6wen Apotheke","url":"https:\/\/www.loewen-apotheke24.com\/de\/","logo":{"@type":"ImageObject","inLanguage":"de","@id":"https:\/\/www.loewen-apotheke24.com\/de\/#\/schema\/logo\/image\/","url":"https:\/\/www.loewen-apotheke24.com\/wp-content\/uploads\/2024\/02\/Logo-Loewen-Apotheke-700x700-1.png","contentUrl":"https:\/\/www.loewen-apotheke24.com\/wp-content\/uploads\/2024\/02\/Logo-Loewen-Apotheke-700x700-1.png","width":700,"height":700,"caption":"L\u00f6wen Apotheke"},"image":{"@id":"https:\/\/www.loewen-apotheke24.com\/de\/#\/schema\/logo\/image\/"}}]}},"_links":{"self":[{"href":"https:\/\/www.loewen-apotheke24.com\/de\/wp-json\/wp\/v2\/pages\/23374"}],"collection":[{"href":"https:\/\/www.loewen-apotheke24.com\/de\/wp-json\/wp\/v2\/pages"}],"about":[{"href":"https:\/\/www.loewen-apotheke24.com\/de\/wp-json\/wp\/v2\/types\/page"}],"author":[{"embeddable":true,"href":"https:\/\/www.loewen-apotheke24.com\/de\/wp-json\/wp\/v2\/users\/1"}],"replies":[{"embeddable":true,"href":"https:\/\/www.loewen-apotheke24.com\/de\/wp-json\/wp\/v2\/comments?post=23374"}],"version-history":[{"count":0,"href":"https:\/\/www.loewen-apotheke24.com\/de\/wp-json\/wp\/v2\/pages\/23374\/revisions"}],"wp:attachment":[{"href":"https:\/\/www.loewen-apotheke24.com\/de\/wp-json\/wp\/v2\/media?parent=23374"}],"curies":[{"name":"wp","href":"https:\/\/api.w.org\/{rel}","templated":true}]}}