{"id":28453,"date":"2021-03-23T06:00:56","date_gmt":"2021-03-23T05:00:56","guid":{"rendered":"https:\/\/www.loewen-apotheke24.com\/?page_id=28453"},"modified":"2023-07-22T06:19:30","modified_gmt":"2023-07-22T05:19:30","slug":"zahlungsbedingungen","status":"publish","type":"page","link":"https:\/\/www.loewen-apotheke24.com\/de\/zahlungsbedingungen\/","title":{"rendered":"Zahlungsbedingungen"},"content":{"rendered":"<h2>Unsere Zahlungsbedingungen:<\/h2>\n<p>Sie haben die M\u00f6glichkeit in unserem Online Store mit den folgenden M\u00f6glichkeiten zu zahlen. Bitte beachten Sie, dass die Auswahl an Zahlungsarten eingeschr\u00e4nkt sein kann.*<\/p>\n<h4>Zahlung per PayPal:<\/h4>\n<p>Bezahlen Sie sicher \u00fcber den Online-Zahlungsservice von PayPal. Falls Sie PayPal als Zahlungsart w\u00e4hlen, leiten wir Sie vor dem Bestellabschluss zur PayPal-Internetseite weiter oder Sie k\u00f6nnen per &#8222;Direkt zu PayPal&#8220; Ihre Bestellung t\u00e4tigen. Dort loggen Sie sich mit Ihren pers\u00f6nlichen PayPal-Zugangsdaten ein und nehmen Ihre Bezahlung vor. Wir werden direkt im Anschluss von PayPal \u00fcber den Eingang Ihrer Zahlung informiert. Weitere Informationen zu PayPal finden Sie unter www.paypal.de.<\/p>\n<h4>Zahlung per Vorkasse:<\/h4>\n<p>Bei der Zahlungsart Vorkasse bearbeiten und versenden wir Ihre Bestellung nach dem Geldeingang. Den Gesamtbetrag \u00fcberweisen Sie bitte auf unser Konto.\u00a0Benutzen Sie dazu unter Angabe ihrer Kunden- und Belegnummer unsere Kontodaten. Diese erhalten Sie mit Ihrer Bestellung angezeigt und per Bestellbest\u00e4tigung.<\/p>\n<h4>Zahlung per Lastschrift:*<\/h4>\n<p>Bei der Zahlungsart Lastschrift tragen Sie entweder \u2013 wie bisher \u2013 Ihre Kontonummer und Bankleitzahl (BLZ) ein oder die IBAN und BIC Ihres Kontos. Bei \u00dcberweisungen aus dem Ausland tragen Sie bitte unbedingt Ihre IBAN und BIC ein. Dann schlie\u00dfen Sie Ihre Bestellung ab. Wir buchen den Rechnungsbetrag zum Tag von Ihrem Konto ab und Sie erhalten Ihre Lieferung.<\/p>\n<h4>Zahlung per Rechnung:*<\/h4>\n<p>Bei der Zahlungsart Rechnung bearbeiten und versenden wir Ihre Bestellung nach der Bestellung. Den Gesamtbetrag \u00fcberweisen Sie bitte innerhalb von 10 Tagen auf unser Konto. Benutzen Sie dazu unter Angabe ihrer Kunden- und Belegnummer unsere Kontodaten. Diese erhalten Sie mit Ihrer Rechnung.<\/p>\n<h4>Zahlung per Kreditkarte (Visa, Mastercard):*<\/h4>\n<p>Bei der Zahlungsart k\u00f6nnen Sie bequem mit Ihrer Mastercard und Visa bezahlen. Den Rechnungsbetrag buchen wir zum Zeitpunkt der Bestellung von Ihrem Kreditkartenkonto ab. Alle Daten, die Sie zur Zahlung \u00fcbermitteln, sind vom Zugriff durch Dritte absolut sicher. Der Versand der Waren erfolgt nach erfolgter Abbuchung.<\/p>\n<p>&nbsp;<\/p>\n<p>*Diese Zahlungsarten k\u00f6nnen auf Basis von Produkten, Bestellungen, Lieferadresse und Kundenstatus eingeschr\u00e4nkt sein.<\/p>\n","protected":false},"excerpt":{"rendered":"<p>Unsere Zahlungsbedingungen: Sie haben die M\u00f6glichkeit in unserem Online Store mit den folgenden M\u00f6glichkeiten zu zahlen. Bitte beachten Sie, dass die Auswahl an Zahlungsarten eingeschr\u00e4nkt sein kann.* Zahlung per PayPal: [&hellip;]<\/p>\n","protected":false},"author":1,"featured_media":0,"parent":0,"menu_order":0,"comment_status":"closed","ping_status":"closed","template":"","meta":[],"yoast_head":"<!-- This site is optimized with the Yoast SEO Premium plugin v21.0 (Yoast SEO v21.0) - https:\/\/yoast.com\/wordpress\/plugins\/seo\/ -->\n<title>Zahlungsbedingungen<\/title>\n<meta name=\"description\" content=\"L\u00f6wen Apotheke24 - Spezialist f\u00fcr Naturheilkunde - Weltweiter Versand - kurze Lieferzeit - gratis Lieferung ab 30 \u20ac -\" \/>\n<meta name=\"robots\" content=\"noindex, nofollow\" \/>\n<meta property=\"og:locale\" content=\"de_DE\" \/>\n<meta property=\"og:type\" content=\"article\" \/>\n<meta property=\"og:title\" content=\"Zahlungsbedingungen\" \/>\n<meta property=\"og:description\" content=\"L\u00f6wen Apotheke24 - Spezialist f\u00fcr Naturheilkunde - Weltweiter Versand - kurze Lieferzeit - gratis Lieferung ab 30 \u20ac -\" \/>\n<meta property=\"og:url\" content=\"https:\/\/www.loewen-apotheke24.com\/de\/zahlungsbedingungen\/\" \/>\n<meta property=\"og:site_name\" content=\"L\u00f6wen Apotheke24\" \/>\n<meta property=\"article:modified_time\" content=\"2023-07-22T05:19:30+00:00\" \/>\n<meta name=\"twitter:card\" content=\"summary_large_image\" \/>\n<meta name=\"twitter:label1\" content=\"Gesch\u00e4tzte Lesezeit\" \/>\n\t<meta name=\"twitter:data1\" content=\"2\u00a0Minuten\" \/>\n<script type=\"application\/ld+json\" class=\"yoast-schema-graph\">{\"@context\":\"https:\/\/schema.org\",\"@graph\":[{\"@type\":\"WebPage\",\"@id\":\"https:\/\/www.loewen-apotheke24.com\/de\/zahlungsbedingungen\/\",\"url\":\"https:\/\/www.loewen-apotheke24.com\/de\/zahlungsbedingungen\/\",\"name\":\"Zahlungsbedingungen\",\"isPartOf\":{\"@id\":\"https:\/\/www.loewen-apotheke24.com\/de\/#website\"},\"datePublished\":\"2021-03-23T05:00:56+00:00\",\"dateModified\":\"2023-07-22T05:19:30+00:00\",\"description\":\"L\u00f6wen Apotheke24 - Spezialist f\u00fcr Naturheilkunde - Weltweiter Versand - kurze Lieferzeit - gratis Lieferung ab 30 \u20ac -\",\"inLanguage\":\"de\",\"potentialAction\":[{\"@type\":\"ReadAction\",\"target\":[\"https:\/\/www.loewen-apotheke24.com\/de\/zahlungsbedingungen\/\"]}]},{\"@type\":\"WebSite\",\"@id\":\"https:\/\/www.loewen-apotheke24.com\/de\/#website\",\"url\":\"https:\/\/www.loewen-apotheke24.com\/de\/\",\"name\":\"L\u00f6wen Apotheke24\",\"description\":\"Spezialist f\u00fcr Naturmedizin - Versandapotheke Baden-Baden\",\"publisher\":{\"@id\":\"https:\/\/www.loewen-apotheke24.com\/de\/#organization\"},\"potentialAction\":[{\"@type\":\"SearchAction\",\"target\":{\"@type\":\"EntryPoint\",\"urlTemplate\":\"https:\/\/www.loewen-apotheke24.com\/de\/?s={search_term_string}\"},\"query-input\":\"required name=search_term_string\"}],\"inLanguage\":\"de\"},{\"@type\":\"Organization\",\"@id\":\"https:\/\/www.loewen-apotheke24.com\/de\/#organization\",\"name\":\"L\u00f6wen Apotheke\",\"alternateName\":\"L\u00f6wen Apotheke\",\"url\":\"https:\/\/www.loewen-apotheke24.com\/de\/\",\"logo\":{\"@type\":\"ImageObject\",\"inLanguage\":\"de\",\"@id\":\"https:\/\/www.loewen-apotheke24.com\/de\/#\/schema\/logo\/image\/\",\"url\":\"https:\/\/www.loewen-apotheke24.com\/wp-content\/uploads\/2024\/02\/Logo-Loewen-Apotheke-700x700-1.png\",\"contentUrl\":\"https:\/\/www.loewen-apotheke24.com\/wp-content\/uploads\/2024\/02\/Logo-Loewen-Apotheke-700x700-1.png\",\"width\":700,\"height\":700,\"caption\":\"L\u00f6wen Apotheke\"},\"image\":{\"@id\":\"https:\/\/www.loewen-apotheke24.com\/de\/#\/schema\/logo\/image\/\"}}]}<\/script>\n<!-- \/ Yoast SEO Premium plugin. -->","yoast_head_json":{"title":"Zahlungsbedingungen","description":"L\u00f6wen Apotheke24 - Spezialist f\u00fcr Naturheilkunde - Weltweiter Versand - kurze Lieferzeit - gratis Lieferung ab 30 \u20ac -","robots":{"index":"noindex","follow":"nofollow"},"og_locale":"de_DE","og_type":"article","og_title":"Zahlungsbedingungen","og_description":"L\u00f6wen Apotheke24 - Spezialist f\u00fcr Naturheilkunde - Weltweiter Versand - kurze Lieferzeit - gratis Lieferung ab 30 \u20ac -","og_url":"https:\/\/www.loewen-apotheke24.com\/de\/zahlungsbedingungen\/","og_site_name":"L\u00f6wen Apotheke24","article_modified_time":"2023-07-22T05:19:30+00:00","twitter_card":"summary_large_image","twitter_misc":{"Gesch\u00e4tzte Lesezeit":"2\u00a0Minuten"},"schema":{"@context":"https:\/\/schema.org","@graph":[{"@type":"WebPage","@id":"https:\/\/www.loewen-apotheke24.com\/de\/zahlungsbedingungen\/","url":"https:\/\/www.loewen-apotheke24.com\/de\/zahlungsbedingungen\/","name":"Zahlungsbedingungen","isPartOf":{"@id":"https:\/\/www.loewen-apotheke24.com\/de\/#website"},"datePublished":"2021-03-23T05:00:56+00:00","dateModified":"2023-07-22T05:19:30+00:00","description":"L\u00f6wen Apotheke24 - Spezialist f\u00fcr Naturheilkunde - Weltweiter Versand - kurze Lieferzeit - gratis Lieferung ab 30 \u20ac -","inLanguage":"de","potentialAction":[{"@type":"ReadAction","target":["https:\/\/www.loewen-apotheke24.com\/de\/zahlungsbedingungen\/"]}]},{"@type":"WebSite","@id":"https:\/\/www.loewen-apotheke24.com\/de\/#website","url":"https:\/\/www.loewen-apotheke24.com\/de\/","name":"L\u00f6wen Apotheke24","description":"Spezialist f\u00fcr Naturmedizin - Versandapotheke Baden-Baden","publisher":{"@id":"https:\/\/www.loewen-apotheke24.com\/de\/#organization"},"potentialAction":[{"@type":"SearchAction","target":{"@type":"EntryPoint","urlTemplate":"https:\/\/www.loewen-apotheke24.com\/de\/?s={search_term_string}"},"query-input":"required name=search_term_string"}],"inLanguage":"de"},{"@type":"Organization","@id":"https:\/\/www.loewen-apotheke24.com\/de\/#organization","name":"L\u00f6wen Apotheke","alternateName":"L\u00f6wen Apotheke","url":"https:\/\/www.loewen-apotheke24.com\/de\/","logo":{"@type":"ImageObject","inLanguage":"de","@id":"https:\/\/www.loewen-apotheke24.com\/de\/#\/schema\/logo\/image\/","url":"https:\/\/www.loewen-apotheke24.com\/wp-content\/uploads\/2024\/02\/Logo-Loewen-Apotheke-700x700-1.png","contentUrl":"https:\/\/www.loewen-apotheke24.com\/wp-content\/uploads\/2024\/02\/Logo-Loewen-Apotheke-700x700-1.png","width":700,"height":700,"caption":"L\u00f6wen Apotheke"},"image":{"@id":"https:\/\/www.loewen-apotheke24.com\/de\/#\/schema\/logo\/image\/"}}]}},"_links":{"self":[{"href":"https:\/\/www.loewen-apotheke24.com\/de\/wp-json\/wp\/v2\/pages\/28453"}],"collection":[{"href":"https:\/\/www.loewen-apotheke24.com\/de\/wp-json\/wp\/v2\/pages"}],"about":[{"href":"https:\/\/www.loewen-apotheke24.com\/de\/wp-json\/wp\/v2\/types\/page"}],"author":[{"embeddable":true,"href":"https:\/\/www.loewen-apotheke24.com\/de\/wp-json\/wp\/v2\/users\/1"}],"replies":[{"embeddable":true,"href":"https:\/\/www.loewen-apotheke24.com\/de\/wp-json\/wp\/v2\/comments?post=28453"}],"version-history":[{"count":0,"href":"https:\/\/www.loewen-apotheke24.com\/de\/wp-json\/wp\/v2\/pages\/28453\/revisions"}],"wp:attachment":[{"href":"https:\/\/www.loewen-apotheke24.com\/de\/wp-json\/wp\/v2\/media?parent=28453"}],"curies":[{"name":"wp","href":"https:\/\/api.w.org\/{rel}","templated":true}]}}