{"id":301,"date":"2017-03-16T14:38:41","date_gmt":"2017-03-16T14:38:41","guid":{"rendered":"https:\/\/www.loewen-apotheke24.com\/?page_id=301"},"modified":"2023-09-26T20:21:32","modified_gmt":"2023-09-26T19:21:32","slug":"impressum","status":"publish","type":"page","link":"https:\/\/www.loewen-apotheke24.com\/de\/impressum\/","title":{"rendered":"Impressum"},"content":{"rendered":"<h3>Impressum<\/h3>\n<h4>Angaben gem\u00e4\u00df \u00a7 5 TMG<\/h4>\n<p>Sandra Hoff<br \/>\nL\u00f6wen Apotheke<br \/>\nInh. Sandra Hoff e.K.<br \/>\nLichtentaler Str. 3<br \/>\n76530 Baden-Baden<\/p>\n<p>Handelsregister: HRA 200730<br \/>\nRegistergericht: Mannheim<\/p>\n<h4>Kontakt<\/h4>\n<p><strong>Kunden-Hotline<\/strong>:\u00a0Beratung und Bestellm\u00f6glichkeit sowie weitere Informationen unter:<br \/>\nTel.: <span style=\"color: #ff0000;\">+49-(0)7221 \/ 395 374<\/span><\/p>\n<p>Weitere Kontaktm\u00f6glichkeiten:<\/p>\n<p>Telefon: 7221 \/ 22 120<br \/>\nTelefax: (0)7221 \/ 23 875<br \/>\nE-Mail: info@loewen-apotheke24.de<\/p>\n<h4>Umsatzsteuer-ID<\/h4>\n<p>Umsatzsteuer-Identifikationsnummer gem\u00e4\u00df \u00a7 27 a Umsatzsteuergesetz:<br \/>\nDE 219547975<\/p>\n<h4>Aufsichtsbeh\u00f6rde<\/h4>\n<p>Aufsichtsbeh\u00f6rde RP Karlsruhe<br \/>\nAufsichtsbeh\u00f6rde:<br \/>\nRegierungspr\u00e4sidium Karlsruhe<br \/>\n76247 Karlsruhe, Tel.: 0721-9260<\/p>\n<p><a href=\"https:\/\/rp.baden-wuerttemberg.de\/rpk\/\" target=\"_blank\" rel=\"noopener noreferrer\">https:\/\/rp.baden-wuerttemberg.de\/rpk\/<\/a><\/p>\n<h4>Berufsbezeichnung und berufsrechtliche Regelungen<\/h4>\n<p>Berufsbezeichnung:<br \/>\nApothekerin<\/p>\n<p>Zust\u00e4ndige Kammer:<br \/>\nLandesapothekerkammer Baden-W\u00fcrttemberg<br \/>\nK\u00f6rperschaft des \u00f6ffentlichen Rechts<br \/>\nVillastra\u00dfe 1<br \/>\n70190 Stuttgart<\/p>\n<p>Verliehen in:<br \/>\nDeutschland<\/p>\n<p>Die Berufsbezeichnung &#8222;Apothekerin&#8220; wurde verliehen in der Bundesrepublik Deutschland. Berufsregelung: Berufsordnung der Apothekerkammer, abrufbar bei der Apothekenkammer Berlin.<\/p>\n<p>Es gelten folgende berufsrechtliche Regelungen:<\/p>\n<p>Berufsbezeichnung \u201cApothekerin\u201d<br \/>\neinsehbar unter: <a href=\"https:\/\/www.lak-bw.de\/meta\/impressumberufsordnung.html\" target=\"_blank\" rel=\"noopener noreferrer\">https:\/\/www.lak-bw.de\/meta\/impressumberufsordnung.html<\/a><\/p>\n<p>&nbsp;<\/p>\n<p>Registrierter Versandh\u00e4ndler BfArM &#8211; <a href=\"https:\/\/versandhandel.dimdi.de\/websearch\/servlet\/Gate;jsessionid=18F1EB550A8A60346232F34FC78BB3CF?accessid=dimdi_var&amp;term=3c387956690121ccc8763184f052b93f\" target=\"_blank\" rel=\"noopener\">L\u00f6wen Apotheke\u00a0<\/a><\/p>\n<p><a href=\"https:\/\/versandhandel.dimdi.de\/websearch\/servlet\/Gate;jsessionid=18F1EB550A8A60346232F34FC78BB3CF?accessid=dimdi_var&amp;term=3c387956690121ccc8763184f052b93f\"><img decoding=\"async\" loading=\"lazy\" class=\"alignnone wp-image-74620 size-thumbnail\" src=\"https:\/\/www.loewen-apotheke24.com\/wp-content\/uploads\/2023\/09\/logo_vhr-150x150.jpg\" alt=\"Versandhandelslizenz EU L\u00f6wen Apotheke\" width=\"150\" height=\"150\" srcset=\"https:\/\/www.loewen-apotheke24.com\/wp-content\/uploads\/2023\/09\/logo_vhr-150x150.jpg 150w, https:\/\/www.loewen-apotheke24.com\/wp-content\/uploads\/2023\/09\/logo_vhr-100x100.jpg 100w\" sizes=\"(max-width: 150px) 100vw, 150px\" \/><\/a><\/p>\n<h4>Redaktionell verantwortlich<\/h4>\n<p>Inhaltlich verantwortlich: Sandra Hoff, Lichtentaler Str. 3, D-76530 Baden-Baden<\/p>\n<h4>EU-Streitschlichtung<\/h4>\n<p>Die Europ\u00e4ische Kommission stellt eine Plattform zur Online-Streitbeilegung (OS) bereit: <a href=\"https:\/\/ec.europa.eu\/consumers\/odr\/\" target=\"_blank\" rel=\"noopener noreferrer\">https:\/\/ec.europa.eu\/consumers\/odr\/<\/a>.<br \/>\nUnsere E-Mail-Adresse finden Sie oben im Impressum.<\/p>\n<h4>Verbraucher\u00adstreit\u00adbeilegung\/Universal\u00adschlichtungs\u00adstelle<\/h4>\n<p>Wir sind nicht bereit oder verpflichtet, an Streitbeilegungsverfahren vor einer Verbraucherschlichtungsstelle teilzunehmen.<\/p>\n<h4>Haftung von Links<\/h4>\n<p>Haftungsauschluss<\/p>\n<p>Die Inhalte unserer Seiten wurden mit gr\u00f6\u00dfer Sorgfalt erstellt. F\u00fcr die Richtigkeit, Vollst\u00e4ndigkeit und Aktualit\u00e4t der Inhalte k\u00f6nnen wir jedoch keine Gew\u00e4hr \u00fcbernehmen. Als Diensteanbieter sind wir gem\u00e4\u00df \u00a7 7 Abs.1 TMG f\u00fcr eigene Inhalte auf diesen Seiten nach den allgemeinen Gesetzen verantwortlich. Nach \u00a7\u00a7 8 bis 10 TMG sind wir als Diensteanbieter jedoch nicht verpflichtet, \u00fcbermittelte oder gespeicherte fremde Informationen zu \u00fcberwachen oder nach Umst\u00e4nden zu forschen, die auf eine rechtswidrige T\u00e4tigkeit hinweisen. Verpflichtungen zur Entfernung oder Sperrung der Nutzung von Informationen nach den allgemeinen Gesetzen bleiben hiervon unber\u00fchrt. Eine diesbez\u00fcgliche Haftung ist jedoch erst ab dem Zeitpunkt der Kenntnis einer konkreten Rechtsverletzung m\u00f6glich. Bei Bekanntwerden von entsprechenden Rechtsverletzungen werden wir diese Inhalte umgehend entfernen.<\/p>\n<h4>Hinweise<\/h4>\n<p>Urheberrecht:<\/p>\n<p>Die durch die Seitenbetreiber erstellten Inhalte und Werke auf diesen Seiten unterliegen dem deutschen Urheberrecht. Die Vervielf\u00e4ltigung, Bearbeitung, Verbreitung und jede Art der Verwertung au\u00dferhalb der Grenzen des Urheberrechtes bed\u00fcrfen der schriftlichen Zustimmung des jeweiligen Autors. Downloads und Kopien dieser Seite sind nur f\u00fcr den privaten, nicht kommerziellen Gebrauch gestattet.<\/p>\n<p>Verweise und Links<\/p>\n<p>Wir m\u00f6chten ausdr\u00fccklich betonen, dass wir keinerlei Einfluss auf die Gestaltung und die Inhalte der verlinkten externen Seiten haben. Deshalb distanzieren wir uns hiermit ausdr\u00fccklich von allen Inhalten aller gelinkten Seiten auf unserer Homepage und machen uns ihre Inhalte nicht zu Eigen. Diese Erkl\u00e4rung gilt f\u00fcr alle auf unserer Homepage angebrachten Links!<\/p>\n<p>Bildagenturen<\/p>\n<p>Bildmaterial unter Lizenzierung von: Fotolia und Shutterstock<\/p>\n<p>Bilder &amp; Bild-Eigenproduktionen. Eine Vervielf\u00e4ltigung und Weitergabe ist nur mit ausdr\u00fccklicher, schriftlicher Zustimmung des Urhebers gestattet.<\/p>\n<p>&nbsp;<\/p>\n","protected":false},"excerpt":{"rendered":"<p>Impressum Angaben gem\u00e4\u00df \u00a7 5 TMG Sandra Hoff L\u00f6wen Apotheke Inh. Sandra Hoff e.K. Lichtentaler Str. 3 76530 Baden-Baden Handelsregister: HRA 200730 Registergericht: Mannheim Kontakt Kunden-Hotline:\u00a0Beratung und Bestellm\u00f6glichkeit sowie weitere [&hellip;]<\/p>\n","protected":false},"author":1,"featured_media":0,"parent":0,"menu_order":0,"comment_status":"closed","ping_status":"closed","template":"template-fullwidth.php","meta":[],"yoast_head":"<!-- This site is optimized with the Yoast SEO Premium plugin v21.0 (Yoast SEO v21.0) - https:\/\/yoast.com\/wordpress\/plugins\/seo\/ -->\n<title>Impressum L\u00f6wen Apotheke, 76530 Baden-Baden<\/title>\n<meta name=\"description\" content=\"Impressum der L\u00f6wen Apotheke, 76530 Baden-Baden - Gepr\u00fcfte Qualit\u00e4t - Individuelle Fachberatung - Naturheilkunde - Sicheres Einkaufen\" \/>\n<meta name=\"robots\" content=\"index, follow, max-snippet:-1, max-image-preview:large, max-video-preview:-1\" \/>\n<link rel=\"canonical\" href=\"https:\/\/www.loewen-apotheke24.com\/de\/impressum\/\" \/>\n<meta property=\"og:locale\" content=\"de_DE\" \/>\n<meta property=\"og:type\" content=\"article\" \/>\n<meta property=\"og:title\" content=\"Impressum L\u00f6wen Apotheke, 76530 Baden-Baden\" \/>\n<meta property=\"og:description\" content=\"Impressum der L\u00f6wen Apotheke, 76530 Baden-Baden - Gepr\u00fcfte Qualit\u00e4t - Individuelle Fachberatung - Naturheilkunde - Sicheres Einkaufen\" \/>\n<meta property=\"og:url\" content=\"https:\/\/www.loewen-apotheke24.com\/de\/impressum\/\" \/>\n<meta property=\"og:site_name\" content=\"L\u00f6wen Apotheke24\" \/>\n<meta property=\"article:modified_time\" content=\"2023-09-26T19:21:32+00:00\" \/>\n<meta property=\"og:image\" content=\"https:\/\/www.loewen-apotheke24.com\/wp-content\/uploads\/2023\/09\/logo_vhr-150x150.jpg\" \/>\n<meta name=\"twitter:card\" content=\"summary_large_image\" \/>\n<meta name=\"twitter:label1\" content=\"Gesch\u00e4tzte Lesezeit\" \/>\n\t<meta name=\"twitter:data1\" content=\"2\u00a0Minuten\" \/>\n<script type=\"application\/ld+json\" class=\"yoast-schema-graph\">{\"@context\":\"https:\/\/schema.org\",\"@graph\":[{\"@type\":\"WebPage\",\"@id\":\"https:\/\/www.loewen-apotheke24.com\/de\/impressum\/\",\"url\":\"https:\/\/www.loewen-apotheke24.com\/de\/impressum\/\",\"name\":\"Impressum L\u00f6wen Apotheke, 76530 Baden-Baden\",\"isPartOf\":{\"@id\":\"https:\/\/www.loewen-apotheke24.com\/de\/#website\"},\"datePublished\":\"2017-03-16T14:38:41+00:00\",\"dateModified\":\"2023-09-26T19:21:32+00:00\",\"description\":\"Impressum der L\u00f6wen Apotheke, 76530 Baden-Baden - Gepr\u00fcfte Qualit\u00e4t - Individuelle Fachberatung - Naturheilkunde - Sicheres Einkaufen\",\"inLanguage\":\"de\",\"potentialAction\":[{\"@type\":\"ReadAction\",\"target\":[\"https:\/\/www.loewen-apotheke24.com\/de\/impressum\/\"]}]},{\"@type\":\"WebSite\",\"@id\":\"https:\/\/www.loewen-apotheke24.com\/de\/#website\",\"url\":\"https:\/\/www.loewen-apotheke24.com\/de\/\",\"name\":\"L\u00f6wen Apotheke24\",\"description\":\"Spezialist f\u00fcr Naturmedizin - Versandapotheke Baden-Baden\",\"publisher\":{\"@id\":\"https:\/\/www.loewen-apotheke24.com\/de\/#organization\"},\"potentialAction\":[{\"@type\":\"SearchAction\",\"target\":{\"@type\":\"EntryPoint\",\"urlTemplate\":\"https:\/\/www.loewen-apotheke24.com\/de\/?s={search_term_string}\"},\"query-input\":\"required name=search_term_string\"}],\"inLanguage\":\"de\"},{\"@type\":\"Organization\",\"@id\":\"https:\/\/www.loewen-apotheke24.com\/de\/#organization\",\"name\":\"L\u00f6wen Apotheke\",\"alternateName\":\"L\u00f6wen Apotheke\",\"url\":\"https:\/\/www.loewen-apotheke24.com\/de\/\",\"logo\":{\"@type\":\"ImageObject\",\"inLanguage\":\"de\",\"@id\":\"https:\/\/www.loewen-apotheke24.com\/de\/#\/schema\/logo\/image\/\",\"url\":\"https:\/\/www.loewen-apotheke24.com\/wp-content\/uploads\/2024\/02\/Logo-Loewen-Apotheke-700x700-1.png\",\"contentUrl\":\"https:\/\/www.loewen-apotheke24.com\/wp-content\/uploads\/2024\/02\/Logo-Loewen-Apotheke-700x700-1.png\",\"width\":700,\"height\":700,\"caption\":\"L\u00f6wen Apotheke\"},\"image\":{\"@id\":\"https:\/\/www.loewen-apotheke24.com\/de\/#\/schema\/logo\/image\/\"}}]}<\/script>\n<!-- \/ Yoast SEO Premium plugin. -->","yoast_head_json":{"title":"Impressum L\u00f6wen Apotheke, 76530 Baden-Baden","description":"Impressum der L\u00f6wen Apotheke, 76530 Baden-Baden - Gepr\u00fcfte Qualit\u00e4t - Individuelle Fachberatung - Naturheilkunde - Sicheres Einkaufen","robots":{"index":"index","follow":"follow","max-snippet":"max-snippet:-1","max-image-preview":"max-image-preview:large","max-video-preview":"max-video-preview:-1"},"canonical":"https:\/\/www.loewen-apotheke24.com\/de\/impressum\/","og_locale":"de_DE","og_type":"article","og_title":"Impressum L\u00f6wen Apotheke, 76530 Baden-Baden","og_description":"Impressum der L\u00f6wen Apotheke, 76530 Baden-Baden - Gepr\u00fcfte Qualit\u00e4t - Individuelle Fachberatung - Naturheilkunde - Sicheres Einkaufen","og_url":"https:\/\/www.loewen-apotheke24.com\/de\/impressum\/","og_site_name":"L\u00f6wen Apotheke24","article_modified_time":"2023-09-26T19:21:32+00:00","og_image":[{"url":"https:\/\/www.loewen-apotheke24.com\/wp-content\/uploads\/2023\/09\/logo_vhr-150x150.jpg"}],"twitter_card":"summary_large_image","twitter_misc":{"Gesch\u00e4tzte Lesezeit":"2\u00a0Minuten"},"schema":{"@context":"https:\/\/schema.org","@graph":[{"@type":"WebPage","@id":"https:\/\/www.loewen-apotheke24.com\/de\/impressum\/","url":"https:\/\/www.loewen-apotheke24.com\/de\/impressum\/","name":"Impressum L\u00f6wen Apotheke, 76530 Baden-Baden","isPartOf":{"@id":"https:\/\/www.loewen-apotheke24.com\/de\/#website"},"datePublished":"2017-03-16T14:38:41+00:00","dateModified":"2023-09-26T19:21:32+00:00","description":"Impressum der L\u00f6wen Apotheke, 76530 Baden-Baden - Gepr\u00fcfte Qualit\u00e4t - Individuelle Fachberatung - Naturheilkunde - Sicheres Einkaufen","inLanguage":"de","potentialAction":[{"@type":"ReadAction","target":["https:\/\/www.loewen-apotheke24.com\/de\/impressum\/"]}]},{"@type":"WebSite","@id":"https:\/\/www.loewen-apotheke24.com\/de\/#website","url":"https:\/\/www.loewen-apotheke24.com\/de\/","name":"L\u00f6wen Apotheke24","description":"Spezialist f\u00fcr Naturmedizin - Versandapotheke Baden-Baden","publisher":{"@id":"https:\/\/www.loewen-apotheke24.com\/de\/#organization"},"potentialAction":[{"@type":"SearchAction","target":{"@type":"EntryPoint","urlTemplate":"https:\/\/www.loewen-apotheke24.com\/de\/?s={search_term_string}"},"query-input":"required name=search_term_string"}],"inLanguage":"de"},{"@type":"Organization","@id":"https:\/\/www.loewen-apotheke24.com\/de\/#organization","name":"L\u00f6wen Apotheke","alternateName":"L\u00f6wen Apotheke","url":"https:\/\/www.loewen-apotheke24.com\/de\/","logo":{"@type":"ImageObject","inLanguage":"de","@id":"https:\/\/www.loewen-apotheke24.com\/de\/#\/schema\/logo\/image\/","url":"https:\/\/www.loewen-apotheke24.com\/wp-content\/uploads\/2024\/02\/Logo-Loewen-Apotheke-700x700-1.png","contentUrl":"https:\/\/www.loewen-apotheke24.com\/wp-content\/uploads\/2024\/02\/Logo-Loewen-Apotheke-700x700-1.png","width":700,"height":700,"caption":"L\u00f6wen Apotheke"},"image":{"@id":"https:\/\/www.loewen-apotheke24.com\/de\/#\/schema\/logo\/image\/"}}]}},"_links":{"self":[{"href":"https:\/\/www.loewen-apotheke24.com\/de\/wp-json\/wp\/v2\/pages\/301"}],"collection":[{"href":"https:\/\/www.loewen-apotheke24.com\/de\/wp-json\/wp\/v2\/pages"}],"about":[{"href":"https:\/\/www.loewen-apotheke24.com\/de\/wp-json\/wp\/v2\/types\/page"}],"author":[{"embeddable":true,"href":"https:\/\/www.loewen-apotheke24.com\/de\/wp-json\/wp\/v2\/users\/1"}],"replies":[{"embeddable":true,"href":"https:\/\/www.loewen-apotheke24.com\/de\/wp-json\/wp\/v2\/comments?post=301"}],"version-history":[{"count":0,"href":"https:\/\/www.loewen-apotheke24.com\/de\/wp-json\/wp\/v2\/pages\/301\/revisions"}],"wp:attachment":[{"href":"https:\/\/www.loewen-apotheke24.com\/de\/wp-json\/wp\/v2\/media?parent=301"}],"curies":[{"name":"wp","href":"https:\/\/api.w.org\/{rel}","templated":true}]}}