{"id":320,"date":"2017-03-17T12:49:13","date_gmt":"2017-03-17T12:49:13","guid":{"rendered":"https:\/\/www.loewen-apotheke24.com\/?page_id=320"},"modified":"2024-06-04T16:43:03","modified_gmt":"2024-06-04T15:43:03","slug":"bezahlung-und-zahlungsarten","status":"publish","type":"page","link":"https:\/\/www.loewen-apotheke24.com\/de\/bezahlung-und-zahlungsarten\/","title":{"rendered":"Bezahlung und Zahlungsarten"},"content":{"rendered":"<h2>Bezahlung &#8211;\u00a0Ihre Zahlungsoptionen<\/h2>\n<p>Welche Zahlungsmethoden stehen mir bei Online-Bestellungen zur Verf\u00fcgung?<\/p>\n<h4>Vorkasse<\/h4>\n<p>Bei der Auswahl \u201eVorkasse\u201c als Zahlungsart erhalten Sie im Anschluss an Ihre Bestellung eine Bestellbest\u00e4tigung mit unserer Kontoverbindung und dem Rechnungsbetrag. Sie \u00fcberweisen den Rechnungsbetrag und sobald dieser bei uns eingegangen ist, wird Ihre Bestellung bearbeitet und versendet.<\/p>\n<h4>Paypal<\/h4>\n<p>Bei der Auswahl \u201ePayPal\u201c als Zahlungsart begleichen Sie den Rechnungsbetrag direkt \u00fcber Ihr bestehendes oder neues Paypal-Konto. Die Bestellung wird von uns sofort bearbeitet und versendet.<\/p>\n<h4>SEPA Lastschriftverfahren<\/h4>\n<p>Bei der Auswahl \u201eSEPA Lastschriftverfahren\u201c als Zahlungsart werden Ihre Bankdaten abgefragt und \u00fcberpr\u00fcft. Sie erhalten eine Bestellbest\u00e4tigung mit dem Rechnungsbetrag. Im Anschluss wird dieser Betrag automatisch von ihrem Bankkonto abgebucht. Sobald die Zahlung bei uns eingegangen ist (ca. 2-3 Werktage), wird Ihre Bestellung bearbeitet und versendet.<\/p>\n<h4>Kreditkarte (\u00fcber PayPal-Konto)<\/h4>\n<p>Bei der Auswahl \u201eKreditkarte\u201c als Zahlungsart werden Sie im Bestellprozess auf Paypal umgeleitet. In Ihrem PayPal Konto k\u00f6nnen Sie\u00a0Ihre Kreditkarten-Daten eingeben bzw. hinterlegen. Die Bestellung wird von uns sofort bearbeitet und versendet.<\/p>\n<h4>Rechnung<\/h4>\n<p>Bei der Auswahl &#8222;Zahlung per Rechnung&#8220; erhalten Sie im Anschluss an Ihre Bestellung eine Bestellbest\u00e4tigung mit unserer Kontoverbindung und dem Rechnungsbetrag. Pr\u00fcfung der Bonit\u00e4t vorbehalten. Erstbestellern steht diese Zahlart nicht zur Verf\u00fcgung. Beim Kauf auf Rechnung haben Sie nach Erhalt der Ware 14 Tage Zeit bis zur Zahlung. Sie \u00fcberweisen den Rechnungsbetrag auf das genannte Konto.<\/p>\n<p>Damit Ihre Zahlung immer der richtigen Bestellung zugeordnet wird, geben Sie bitte die vollst\u00e4ndige Auftrags- und Kundennummer im Verwendungszweck an. Die Informationen finden Sie auf dem Rechnungsbeleg.<\/p>\n<p>Unsere Bankverbindung lautet:<\/p>\n<p>BANK: Volksbank Karlsruhe Baden-Baden<br \/>\nKONTONUMMER: 00056813209<br \/>\nBANKLEITZAHL: 6629000<br \/>\nIBAN: DE05661900000056813209<br \/>\nBIC: GENODE61KA1<\/p>\n<p>Bis zur vollst\u00e4ndigen Bezahlung bleibt die Ware Eigentum der L\u00f6wen Apotheke.<\/p>\n<p>&nbsp;<\/p>\n<p>Hinweis: F\u00fcr K\u00e4ufer aus Nicht-EU L\u00e4ndern: Wir organisieren die Ausfuhranmeldung ab einem Warenwert von 1.000 Euro oder einem Gewicht von 1.000 Kilogramm beim deutschen Zoll zur Ausfuhr. Die Importbestimmungen und Grenzen Ihres Landes m\u00fcssen Sie selbst beachten. F\u00fcr R\u00fcckfragen stehen wir Ihnen gerne zur Verf\u00fcgung.<\/p>\n","protected":false},"excerpt":{"rendered":"<p>Bezahlung &#8211;\u00a0Ihre Zahlungsoptionen Welche Zahlungsmethoden stehen mir bei Online-Bestellungen zur Verf\u00fcgung? Vorkasse Bei der Auswahl \u201eVorkasse\u201c als Zahlungsart erhalten Sie im Anschluss an Ihre Bestellung eine Bestellbest\u00e4tigung mit unserer Kontoverbindung [&hellip;]<\/p>\n","protected":false},"author":1,"featured_media":0,"parent":0,"menu_order":0,"comment_status":"closed","ping_status":"closed","template":"template-fullwidth.php","meta":[],"yoast_head":"<!-- This site is optimized with the Yoast SEO Premium plugin v21.0 (Yoast SEO v21.0) - https:\/\/yoast.com\/wordpress\/plugins\/seo\/ -->\n<title>Bezahlung und Zahlungsarten - L\u00f6wen Apotheke24<\/title>\n<meta name=\"description\" content=\"L\u00f6wen Apotheke24 aus Baden-Baden, DE - kurze Lieferzeit - gratis Lieferung ab 30 \u20ac - Spezialist f\u00fcr Naturheilkunde - Bezahlung und Zahlungsarten\" \/>\n<meta name=\"robots\" content=\"index, follow, max-snippet:-1, max-image-preview:large, max-video-preview:-1\" \/>\n<link rel=\"canonical\" href=\"https:\/\/www.loewen-apotheke24.com\/de\/bezahlung-und-zahlungsarten\/\" \/>\n<meta property=\"og:locale\" content=\"de_DE\" \/>\n<meta property=\"og:type\" content=\"article\" \/>\n<meta property=\"og:title\" content=\"Bezahlung und Zahlungsarten - L\u00f6wen Apotheke24\" \/>\n<meta property=\"og:description\" content=\"L\u00f6wen Apotheke24 aus Baden-Baden, DE - kurze Lieferzeit - gratis Lieferung ab 30 \u20ac - Spezialist f\u00fcr Naturheilkunde - Bezahlung und Zahlungsarten\" \/>\n<meta property=\"og:url\" content=\"https:\/\/www.loewen-apotheke24.com\/de\/bezahlung-und-zahlungsarten\/\" \/>\n<meta property=\"og:site_name\" content=\"L\u00f6wen Apotheke24\" \/>\n<meta property=\"article:modified_time\" content=\"2024-06-04T15:43:03+00:00\" \/>\n<meta name=\"twitter:card\" content=\"summary_large_image\" \/>\n<meta name=\"twitter:label1\" content=\"Gesch\u00e4tzte Lesezeit\" \/>\n\t<meta name=\"twitter:data1\" content=\"2\u00a0Minuten\" \/>\n<script type=\"application\/ld+json\" class=\"yoast-schema-graph\">{\"@context\":\"https:\/\/schema.org\",\"@graph\":[{\"@type\":\"WebPage\",\"@id\":\"https:\/\/www.loewen-apotheke24.com\/de\/bezahlung-und-zahlungsarten\/\",\"url\":\"https:\/\/www.loewen-apotheke24.com\/de\/bezahlung-und-zahlungsarten\/\",\"name\":\"Bezahlung und Zahlungsarten - L\u00f6wen Apotheke24\",\"isPartOf\":{\"@id\":\"https:\/\/www.loewen-apotheke24.com\/de\/#website\"},\"datePublished\":\"2017-03-17T12:49:13+00:00\",\"dateModified\":\"2024-06-04T15:43:03+00:00\",\"description\":\"L\u00f6wen Apotheke24 aus Baden-Baden, DE - kurze Lieferzeit - gratis Lieferung ab 30 \u20ac - Spezialist f\u00fcr Naturheilkunde - Bezahlung und Zahlungsarten\",\"inLanguage\":\"de\",\"potentialAction\":[{\"@type\":\"ReadAction\",\"target\":[\"https:\/\/www.loewen-apotheke24.com\/de\/bezahlung-und-zahlungsarten\/\"]}]},{\"@type\":\"WebSite\",\"@id\":\"https:\/\/www.loewen-apotheke24.com\/de\/#website\",\"url\":\"https:\/\/www.loewen-apotheke24.com\/de\/\",\"name\":\"L\u00f6wen Apotheke24\",\"description\":\"Spezialist f\u00fcr Naturmedizin - Versandapotheke Baden-Baden\",\"publisher\":{\"@id\":\"https:\/\/www.loewen-apotheke24.com\/de\/#organization\"},\"potentialAction\":[{\"@type\":\"SearchAction\",\"target\":{\"@type\":\"EntryPoint\",\"urlTemplate\":\"https:\/\/www.loewen-apotheke24.com\/de\/?s={search_term_string}\"},\"query-input\":\"required name=search_term_string\"}],\"inLanguage\":\"de\"},{\"@type\":\"Organization\",\"@id\":\"https:\/\/www.loewen-apotheke24.com\/de\/#organization\",\"name\":\"L\u00f6wen Apotheke\",\"alternateName\":\"L\u00f6wen Apotheke\",\"url\":\"https:\/\/www.loewen-apotheke24.com\/de\/\",\"logo\":{\"@type\":\"ImageObject\",\"inLanguage\":\"de\",\"@id\":\"https:\/\/www.loewen-apotheke24.com\/de\/#\/schema\/logo\/image\/\",\"url\":\"https:\/\/www.loewen-apotheke24.com\/wp-content\/uploads\/2024\/02\/Logo-Loewen-Apotheke-700x700-1.png\",\"contentUrl\":\"https:\/\/www.loewen-apotheke24.com\/wp-content\/uploads\/2024\/02\/Logo-Loewen-Apotheke-700x700-1.png\",\"width\":700,\"height\":700,\"caption\":\"L\u00f6wen Apotheke\"},\"image\":{\"@id\":\"https:\/\/www.loewen-apotheke24.com\/de\/#\/schema\/logo\/image\/\"}}]}<\/script>\n<!-- \/ Yoast SEO Premium plugin. -->","yoast_head_json":{"title":"Bezahlung und Zahlungsarten - L\u00f6wen Apotheke24","description":"L\u00f6wen Apotheke24 aus Baden-Baden, DE - kurze Lieferzeit - gratis Lieferung ab 30 \u20ac - Spezialist f\u00fcr Naturheilkunde - Bezahlung und Zahlungsarten","robots":{"index":"index","follow":"follow","max-snippet":"max-snippet:-1","max-image-preview":"max-image-preview:large","max-video-preview":"max-video-preview:-1"},"canonical":"https:\/\/www.loewen-apotheke24.com\/de\/bezahlung-und-zahlungsarten\/","og_locale":"de_DE","og_type":"article","og_title":"Bezahlung und Zahlungsarten - L\u00f6wen Apotheke24","og_description":"L\u00f6wen Apotheke24 aus Baden-Baden, DE - kurze Lieferzeit - gratis Lieferung ab 30 \u20ac - Spezialist f\u00fcr Naturheilkunde - Bezahlung und Zahlungsarten","og_url":"https:\/\/www.loewen-apotheke24.com\/de\/bezahlung-und-zahlungsarten\/","og_site_name":"L\u00f6wen Apotheke24","article_modified_time":"2024-06-04T15:43:03+00:00","twitter_card":"summary_large_image","twitter_misc":{"Gesch\u00e4tzte Lesezeit":"2\u00a0Minuten"},"schema":{"@context":"https:\/\/schema.org","@graph":[{"@type":"WebPage","@id":"https:\/\/www.loewen-apotheke24.com\/de\/bezahlung-und-zahlungsarten\/","url":"https:\/\/www.loewen-apotheke24.com\/de\/bezahlung-und-zahlungsarten\/","name":"Bezahlung und Zahlungsarten - L\u00f6wen Apotheke24","isPartOf":{"@id":"https:\/\/www.loewen-apotheke24.com\/de\/#website"},"datePublished":"2017-03-17T12:49:13+00:00","dateModified":"2024-06-04T15:43:03+00:00","description":"L\u00f6wen Apotheke24 aus Baden-Baden, DE - kurze Lieferzeit - gratis Lieferung ab 30 \u20ac - Spezialist f\u00fcr Naturheilkunde - Bezahlung und Zahlungsarten","inLanguage":"de","potentialAction":[{"@type":"ReadAction","target":["https:\/\/www.loewen-apotheke24.com\/de\/bezahlung-und-zahlungsarten\/"]}]},{"@type":"WebSite","@id":"https:\/\/www.loewen-apotheke24.com\/de\/#website","url":"https:\/\/www.loewen-apotheke24.com\/de\/","name":"L\u00f6wen Apotheke24","description":"Spezialist f\u00fcr Naturmedizin - Versandapotheke Baden-Baden","publisher":{"@id":"https:\/\/www.loewen-apotheke24.com\/de\/#organization"},"potentialAction":[{"@type":"SearchAction","target":{"@type":"EntryPoint","urlTemplate":"https:\/\/www.loewen-apotheke24.com\/de\/?s={search_term_string}"},"query-input":"required name=search_term_string"}],"inLanguage":"de"},{"@type":"Organization","@id":"https:\/\/www.loewen-apotheke24.com\/de\/#organization","name":"L\u00f6wen Apotheke","alternateName":"L\u00f6wen Apotheke","url":"https:\/\/www.loewen-apotheke24.com\/de\/","logo":{"@type":"ImageObject","inLanguage":"de","@id":"https:\/\/www.loewen-apotheke24.com\/de\/#\/schema\/logo\/image\/","url":"https:\/\/www.loewen-apotheke24.com\/wp-content\/uploads\/2024\/02\/Logo-Loewen-Apotheke-700x700-1.png","contentUrl":"https:\/\/www.loewen-apotheke24.com\/wp-content\/uploads\/2024\/02\/Logo-Loewen-Apotheke-700x700-1.png","width":700,"height":700,"caption":"L\u00f6wen Apotheke"},"image":{"@id":"https:\/\/www.loewen-apotheke24.com\/de\/#\/schema\/logo\/image\/"}}]}},"_links":{"self":[{"href":"https:\/\/www.loewen-apotheke24.com\/de\/wp-json\/wp\/v2\/pages\/320"}],"collection":[{"href":"https:\/\/www.loewen-apotheke24.com\/de\/wp-json\/wp\/v2\/pages"}],"about":[{"href":"https:\/\/www.loewen-apotheke24.com\/de\/wp-json\/wp\/v2\/types\/page"}],"author":[{"embeddable":true,"href":"https:\/\/www.loewen-apotheke24.com\/de\/wp-json\/wp\/v2\/users\/1"}],"replies":[{"embeddable":true,"href":"https:\/\/www.loewen-apotheke24.com\/de\/wp-json\/wp\/v2\/comments?post=320"}],"version-history":[{"count":0,"href":"https:\/\/www.loewen-apotheke24.com\/de\/wp-json\/wp\/v2\/pages\/320\/revisions"}],"wp:attachment":[{"href":"https:\/\/www.loewen-apotheke24.com\/de\/wp-json\/wp\/v2\/media?parent=320"}],"curies":[{"name":"wp","href":"https:\/\/api.w.org\/{rel}","templated":true}]}}