{"id":322,"date":"2017-03-17T11:25:37","date_gmt":"2017-03-17T11:25:37","guid":{"rendered":"https:\/\/www.loewen-apotheke24.com\/?page_id=322"},"modified":"2025-07-23T05:48:56","modified_gmt":"2025-07-23T04:48:56","slug":"loewen-apotheke","status":"publish","type":"page","link":"https:\/\/www.loewen-apotheke24.com\/de\/loewen-apotheke\/","title":{"rendered":"L\u00f6wen Apotheke"},"content":{"rendered":"<h2>Gepr\u00fcfte Qualit\u00e4t &#8211; L\u00f6wen Apotheke, Baden-Baden.<\/h2>\n<h3>Ihr Spezialist f\u00fcr Naturkeilkunde.<\/h3>\n<p>Unsere Apotheke befindet sich im Herzen von Baden-Baden in der Fu\u00dfg\u00e4ngerzone.<br \/>\nDie L\u00f6wen Apotheke ist eine moderne Apotheke, gleichzeitig m\u00f6chten wir an die Apothekentradition ankn\u00fcpfen.<\/p>\n<p><img decoding=\"async\" loading=\"lazy\" class=\"alignright\" title=\"Ihre L\u00f6wen Apotheke in Baden-Baden, Apotheke vor Ort. \" src=\"https:\/\/e-rezept-app.de\/wp-content\/uploads\/2022\/12\/Lion-Pharmacy-Lowen_Apotheke_Baden_Baden_Geschaft-Store-300x300.jpg\" alt=\"Ihre L\u00f6wen Apotheke in Baden-Baden, Apotheke vor Ort.  \" width=\"300\" height=\"300\" \/>Wir sind spezialisiert auf\u00a0 <a href=\"https:\/\/www.loewen-apotheke24.com\/de\/product_tag\/naturheilmittel\/\">Naturheilkunde<\/a> und <a href=\"https:\/\/www.loewen-apotheke24.com\/de\/product_tag\/homoeopathie\/\">Hom\u00f6opathie<\/a>. Dabei liegt unser besonderes Interesse an der Verbreitung der Biochemie nach Dr. Sch\u00fcssler. Die \u201e12 Lebenssalze\u201c werden immer beliebter, da ihre Wirkung wunderbar unseren Arzneischatz erg\u00e4nzt.<\/p>\n<p>Mein Anliegen ist nun, die Biochemie nach Dr. Sch\u00fcssler weiterzuentwickeln und diese durch individuelle Mischungen auf den einzelnen abzustimmen. Jeder Mensch hat einen unterschiedlichen Bedarf, je nach Alter, Arbeit und \/ oder Konstitution.<\/p>\n<p>Unser Mixer ist nach Bedarf und pharmazeutischen Kennnissen entwickelt worden, so dass Sie hiermit die optimale Sch\u00fcssler Salz Therapie durchf\u00fchren k\u00f6nnen.<\/p>\n<p>Zudem sind wir eine anerkannte Versandapotheke, d.h. Sie k\u00f6nnen alle Angebote auch per Versand direkt nach Hause bekommen. Durch die Partnerschaft mit der\u00a0<strong>Guten Tag Apotheke<\/strong>, dem Qualit\u00e4tssiegel der\u00a0<strong>DMDI<\/strong>\u00a0werden die h\u00f6chsten Standards sicher gestellt.<\/p>\n<p>Zudem sind wir eine anerkannte Versandapotheke, d.h. Sie k\u00f6nnen alle Angebote auch per Versand direkt nach Hause bekommen. Auch <a href=\"https:\/\/e-rezept-app.de\/e-rezept-app-ein-service-der-loewen-apotheke-ueber-uns\">E-Rezepte<\/a> nehmen wir an. Daf\u00fcr haben wir eine eigene App <a href=\"https:\/\/e-rezept-app.de\/e-rezept-app-ein-service-der-loewen-apotheke-ueber-uns\">E-Rezept-App<\/a> .<\/p>\n<p>Durch die Partnerschaft mit der <strong>Guten Tag Apotheke<\/strong>, dem Qualit\u00e4tssiegel der <strong>DMDI<\/strong> werden die h\u00f6chsten Standards sicher gestellt.<\/p>\n<h4><\/h4>\n<h4>Umfassende, individuelle Beratung<\/h4>\n<p>Das Beste f\u00fcr Ihre Gesundheit ist unser h\u00f6chstes Ziel. Darum k\u00f6nnen Sie in unserer Apotheke mit einem breiten Beratungs- und Serviceangebot rechnen. Lernen Sie unseren Leistungsumfang in diesem Bereich besser kennen.<\/p>\n<p>Wir m\u00f6chten Ihnen insbesondere bei der Arzneimittelauswahl zur Seite stehen. Auch bei individuellen Rezepturw\u00fcnschen oder \u00c4nderungen zu bestehenden Rezeptvorschl\u00e4gen mit unserem Wissen unterst\u00fctzen.<\/p>\n<p style=\"text-align: left;\"><img decoding=\"async\" loading=\"lazy\" class=\"alignleft wp-image-35325\" src=\"https:\/\/www.loewen-apotheke24.com\/wp-content\/uploads\/2021\/10\/praxis-sandra-hoff-heilpraktiker-apotheke-footer.jpg\" alt=\"Apothekerin, Heilpraktiker, Mikroimmuntherapie, EBV, Long Covid Beratung\" width=\"209\" height=\"203\" srcset=\"https:\/\/www.loewen-apotheke24.com\/wp-content\/uploads\/2021\/10\/praxis-sandra-hoff-heilpraktiker-apotheke-footer.jpg 302w, https:\/\/www.loewen-apotheke24.com\/wp-content\/uploads\/2021\/10\/praxis-sandra-hoff-heilpraktiker-apotheke-footer-300x293.jpg 300w, https:\/\/www.loewen-apotheke24.com\/wp-content\/uploads\/2021\/10\/praxis-sandra-hoff-heilpraktiker-apotheke-footer-64x62.jpg 64w\" sizes=\"(max-width: 209px) 100vw, 209px\" \/>Sandra Hoff, Apothekerin der L\u00f6wen Apotheke.<\/p>\n<blockquote>\n<p style=\"text-align: left;\">Mein hochqualifiziertes Team und ich stehen Ihnen pers\u00f6nlich, telefonisch oder online immer f\u00fcr Ihre Fragen zur Verf\u00fcgung.<\/p>\n<\/blockquote>\n<p style=\"text-align: left;\">Telefon Apotheke:\u00a007221-22 120 | \u00a0Telefon Versand: 07221- 395374<br \/>\nE-Mail Anfragen an: info@loewen-apotheke24.de<\/p>\n<p data-start=\"121\" data-end=\"506\">Unser erfahrenes, mehrsprachiges Team (Deutsch, Englisch, Spanisch, Russisch) bietet Ihnen exzellenten Service \u2013 pers\u00f6nlich, kompetent und kundenorientiert. Dank zahlreicher Top-Bewertungen auf <a href=\"https:\/\/share.google\/8k4HG9Di1QlCvhml1\" target=\"_blank\" rel=\"noopener\">Google<\/a> und anderen Plattformen wissen unsere Kundinnen und Kunden, dass sie bei uns in besten H\u00e4nden sind.<\/p>\n<p data-start=\"508\" data-end=\"690\">Wir sind f\u00fcr Sie da:<br data-start=\"528\" data-end=\"531\" \/><strong data-start=\"531\" data-end=\"554\">Montag bis Freitag:<\/strong> 8:30 \u2013 18:30 Uhr<br data-start=\"571\" data-end=\"574\" \/><strong data-start=\"574\" data-end=\"586\">Samstag:<\/strong> 9:00 \u2013 13:00 Uhr<br data-start=\"603\" data-end=\"606\" \/><strong data-start=\"606\" data-end=\"621\">Notdienste:<\/strong> Selbstverst\u00e4ndlich \u00fcbernehmen wir regelm\u00e4\u00dfig Bereitschaftsdienste.<\/p>\n<h4>Der\u00a0regionale Boten- und Lieferservice der L\u00f6wen Apotheke:<\/h4>\n<p>Gerne liefern wir Ihre bestellte Ware im Nahbereich pers\u00f6nlich, kostenlos an Sie aus. Als Nahbereich gelten folgende Postleitzahlenbereiche: 76530, 76531, 76532, 76533, 76534<\/p>\n<p>&nbsp;<\/p>\n<h4 class=\"TypographyPresentation TypographyPresentation--medium RichText3-paragraph--withVSpacingNormal RichText3-paragraph HighlightSol HighlightSol--buildingBlock\">Fragen zu unseren Service oder Produkten? Wir sind f\u00fcr Sie da!<\/h4>\n<div class=\"TypographyPresentation TypographyPresentation--medium RichText3-paragraph--withVSpacingNormal RichText3-paragraph HighlightSol HighlightSol--buildingBlock\">Unsere verantwortliche Apothekerin <strong>Dr. Sandra Hoff<\/strong> und ihr Team beraten Sie gerne pers\u00f6nlich \u2013 telefonisch oder per E-Mail. Als <strong>echte Apotheke vor Ort<\/strong> und <strong>zugelassene Versandapotheke<\/strong> bieten wir Ihnen kompetente Unterst\u00fctzung, besonders in den Bereichen <a href=\"https:\/\/www.loewen-apotheke24.com\/de\/product_tag\/naturheilmittel\/\"><strong>Naturheilkunde<\/strong> <\/a>und <a href=\"https:\/\/www.loewen-apotheke24.com\/de\/product_tag\/nahrungsergaenzung\/\"><strong>Nahrungserg\u00e4nzungsmittel<\/strong><\/a>.<\/div>\n<div class=\"TypographyPresentation TypographyPresentation--medium RichText3-paragraph--withVSpacingNormal RichText3-paragraph HighlightSol HighlightSol--buildingBlock\"><a class=\"PrimaryLink HighlightSol HighlightSol--core LinkBase\" href=\"https:\/\/versandhandel.dimdi.de\/websearch\/servlet\/Gate;jsessionid=0D29D15655BE1174E9178A340E8FE6BC?accessid=dimdi_var&amp;term=3c387956690121ccc8763184f052b93f\" target=\"_blank\" rel=\"noreferrer noopener\">Eintrag im Versandhandelsregister<\/a><\/div>\n<div><\/div>\n<div><\/div>\n<h4>Unsere Partner:<\/h4>\n<p><img decoding=\"async\" loading=\"lazy\" class=\"alignleft wp-image-72528\" src=\"https:\/\/www.loewen-apotheke24.com\/wp-content\/uploads\/2023\/08\/LA24-Logo-Icon.bmp\" alt=\"LA24 Logo Icon\" width=\"205\" height=\"181\" \/><\/p>\n<p>&nbsp;<\/p>\n<p>Design, Entwicklung und Beratung &#8211; <a href=\"https:\/\/bel-vita.com\/\" target=\"_blank\" rel=\"noopener\">Belvita GmbH<\/a><br \/>\nProdukt <a href=\"https:\/\/meinschuesslersalz.de\/\" target=\"_blank\" rel=\"noopener\">MeinSch\u00fcsslerSalz<\/a><br \/>\nProdukt <a href=\"https:\/\/hashimoto-vitalis.de\/\" target=\"_blank\" rel=\"noopener\">Hashimoto vitalis<\/a><br \/>\nWebshop International &#8211; <a href=\"https:\/\/lions-pharmacy.com\/\" target=\"_blank\" rel=\"noopener\">www.lions-pharmacy.com<\/a><br \/>\nServices &#8211;\u00a0 <a href=\"https:\/\/e-rezept-app.de\/\" target=\"_blank\" rel=\"noopener\">E-Rezept App\u00a0<\/a><\/p>\n<p>&nbsp;<\/p>\n","protected":false},"excerpt":{"rendered":"<p>Gepr\u00fcfte Qualit\u00e4t &#8211; L\u00f6wen Apotheke, Baden-Baden. Ihr Spezialist f\u00fcr Naturkeilkunde. Unsere Apotheke befindet sich im Herzen von Baden-Baden in der Fu\u00dfg\u00e4ngerzone. Die L\u00f6wen Apotheke ist eine moderne Apotheke, gleichzeitig m\u00f6chten [&hellip;]<\/p>\n","protected":false},"author":2,"featured_media":0,"parent":0,"menu_order":0,"comment_status":"closed","ping_status":"closed","template":"template-fullwidth.php","meta":[],"yoast_head":"<!-- This site is optimized with the Yoast SEO Premium plugin v21.0 (Yoast SEO v21.0) - https:\/\/yoast.com\/wordpress\/plugins\/seo\/ -->\n<title>L\u00f6wen Apotheke - Baden-Baden - Apothekerin: Sandra Hoff<\/title>\n<meta name=\"description\" content=\"Ihre Apotheke vor Ort bietet: Beratung, mehrsprachiges Personal &amp; regionalen Lieferservice! Mo. bis Fr.: 8:30\u201318:30 Uhr, Sa: 9:00\u201313:00 Uhr\" \/>\n<meta name=\"robots\" content=\"index, follow, max-snippet:-1, max-image-preview:large, max-video-preview:-1\" \/>\n<link rel=\"canonical\" href=\"https:\/\/www.loewen-apotheke24.com\/de\/loewen-apotheke\/\" \/>\n<meta property=\"og:locale\" content=\"de_DE\" \/>\n<meta property=\"og:type\" content=\"article\" \/>\n<meta property=\"og:title\" content=\"L\u00f6wen Apotheke - Baden-Baden - Apothekerin: Sandra Hoff\" \/>\n<meta property=\"og:description\" content=\"Ihre Apotheke vor Ort bietet: Beratung, mehrsprachiges Personal &amp; regionalen Lieferservice! Mo. bis Fr.: 8:30\u201318:30 Uhr, Sa: 9:00\u201313:00 Uhr\" \/>\n<meta property=\"og:url\" content=\"https:\/\/www.loewen-apotheke24.com\/de\/loewen-apotheke\/\" \/>\n<meta property=\"og:site_name\" content=\"L\u00f6wen Apotheke24\" \/>\n<meta property=\"article:modified_time\" content=\"2025-07-23T04:48:56+00:00\" \/>\n<meta property=\"og:image\" content=\"https:\/\/e-rezept-app.de\/wp-content\/uploads\/2022\/12\/Lion-Pharmacy-Lowen_Apotheke_Baden_Baden_Geschaft-Store-300x300.jpg\" \/>\n<meta name=\"twitter:card\" content=\"summary_large_image\" \/>\n<meta name=\"twitter:label1\" content=\"Gesch\u00e4tzte Lesezeit\" \/>\n\t<meta name=\"twitter:data1\" content=\"4\u00a0Minuten\" \/>\n<script type=\"application\/ld+json\" class=\"yoast-schema-graph\">{\"@context\":\"https:\/\/schema.org\",\"@graph\":[{\"@type\":\"WebPage\",\"@id\":\"https:\/\/www.loewen-apotheke24.com\/de\/loewen-apotheke\/\",\"url\":\"https:\/\/www.loewen-apotheke24.com\/de\/loewen-apotheke\/\",\"name\":\"L\u00f6wen Apotheke - Baden-Baden - Apothekerin: Sandra Hoff\",\"isPartOf\":{\"@id\":\"https:\/\/www.loewen-apotheke24.com\/de\/#website\"},\"datePublished\":\"2017-03-17T11:25:37+00:00\",\"dateModified\":\"2025-07-23T04:48:56+00:00\",\"description\":\"Ihre Apotheke vor Ort bietet: Beratung, mehrsprachiges Personal & regionalen Lieferservice! Mo. bis Fr.: 8:30\u201318:30 Uhr, Sa: 9:00\u201313:00 Uhr\",\"inLanguage\":\"de\",\"potentialAction\":[{\"@type\":\"ReadAction\",\"target\":[\"https:\/\/www.loewen-apotheke24.com\/de\/loewen-apotheke\/\"]}]},{\"@type\":\"WebSite\",\"@id\":\"https:\/\/www.loewen-apotheke24.com\/de\/#website\",\"url\":\"https:\/\/www.loewen-apotheke24.com\/de\/\",\"name\":\"L\u00f6wen Apotheke24\",\"description\":\"Spezialist f\u00fcr Naturmedizin - Versandapotheke Baden-Baden\",\"publisher\":{\"@id\":\"https:\/\/www.loewen-apotheke24.com\/de\/#organization\"},\"potentialAction\":[{\"@type\":\"SearchAction\",\"target\":{\"@type\":\"EntryPoint\",\"urlTemplate\":\"https:\/\/www.loewen-apotheke24.com\/de\/?s={search_term_string}\"},\"query-input\":\"required name=search_term_string\"}],\"inLanguage\":\"de\"},{\"@type\":\"Organization\",\"@id\":\"https:\/\/www.loewen-apotheke24.com\/de\/#organization\",\"name\":\"L\u00f6wen Apotheke\",\"alternateName\":\"L\u00f6wen Apotheke\",\"url\":\"https:\/\/www.loewen-apotheke24.com\/de\/\",\"logo\":{\"@type\":\"ImageObject\",\"inLanguage\":\"de\",\"@id\":\"https:\/\/www.loewen-apotheke24.com\/de\/#\/schema\/logo\/image\/\",\"url\":\"https:\/\/www.loewen-apotheke24.com\/wp-content\/uploads\/2024\/02\/Logo-Loewen-Apotheke-700x700-1.png\",\"contentUrl\":\"https:\/\/www.loewen-apotheke24.com\/wp-content\/uploads\/2024\/02\/Logo-Loewen-Apotheke-700x700-1.png\",\"width\":700,\"height\":700,\"caption\":\"L\u00f6wen Apotheke\"},\"image\":{\"@id\":\"https:\/\/www.loewen-apotheke24.com\/de\/#\/schema\/logo\/image\/\"}}]}<\/script>\n<!-- \/ Yoast SEO Premium plugin. -->","yoast_head_json":{"title":"L\u00f6wen Apotheke - Baden-Baden - Apothekerin: Sandra Hoff","description":"Ihre Apotheke vor Ort bietet: Beratung, mehrsprachiges Personal & regionalen Lieferservice! Mo. bis Fr.: 8:30\u201318:30 Uhr, Sa: 9:00\u201313:00 Uhr","robots":{"index":"index","follow":"follow","max-snippet":"max-snippet:-1","max-image-preview":"max-image-preview:large","max-video-preview":"max-video-preview:-1"},"canonical":"https:\/\/www.loewen-apotheke24.com\/de\/loewen-apotheke\/","og_locale":"de_DE","og_type":"article","og_title":"L\u00f6wen Apotheke - Baden-Baden - Apothekerin: Sandra Hoff","og_description":"Ihre Apotheke vor Ort bietet: Beratung, mehrsprachiges Personal & regionalen Lieferservice! Mo. bis Fr.: 8:30\u201318:30 Uhr, Sa: 9:00\u201313:00 Uhr","og_url":"https:\/\/www.loewen-apotheke24.com\/de\/loewen-apotheke\/","og_site_name":"L\u00f6wen Apotheke24","article_modified_time":"2025-07-23T04:48:56+00:00","og_image":[{"url":"https:\/\/e-rezept-app.de\/wp-content\/uploads\/2022\/12\/Lion-Pharmacy-Lowen_Apotheke_Baden_Baden_Geschaft-Store-300x300.jpg"}],"twitter_card":"summary_large_image","twitter_misc":{"Gesch\u00e4tzte Lesezeit":"4\u00a0Minuten"},"schema":{"@context":"https:\/\/schema.org","@graph":[{"@type":"WebPage","@id":"https:\/\/www.loewen-apotheke24.com\/de\/loewen-apotheke\/","url":"https:\/\/www.loewen-apotheke24.com\/de\/loewen-apotheke\/","name":"L\u00f6wen Apotheke - Baden-Baden - Apothekerin: Sandra Hoff","isPartOf":{"@id":"https:\/\/www.loewen-apotheke24.com\/de\/#website"},"datePublished":"2017-03-17T11:25:37+00:00","dateModified":"2025-07-23T04:48:56+00:00","description":"Ihre Apotheke vor Ort bietet: Beratung, mehrsprachiges Personal & regionalen Lieferservice! Mo. bis Fr.: 8:30\u201318:30 Uhr, Sa: 9:00\u201313:00 Uhr","inLanguage":"de","potentialAction":[{"@type":"ReadAction","target":["https:\/\/www.loewen-apotheke24.com\/de\/loewen-apotheke\/"]}]},{"@type":"WebSite","@id":"https:\/\/www.loewen-apotheke24.com\/de\/#website","url":"https:\/\/www.loewen-apotheke24.com\/de\/","name":"L\u00f6wen Apotheke24","description":"Spezialist f\u00fcr Naturmedizin - Versandapotheke Baden-Baden","publisher":{"@id":"https:\/\/www.loewen-apotheke24.com\/de\/#organization"},"potentialAction":[{"@type":"SearchAction","target":{"@type":"EntryPoint","urlTemplate":"https:\/\/www.loewen-apotheke24.com\/de\/?s={search_term_string}"},"query-input":"required name=search_term_string"}],"inLanguage":"de"},{"@type":"Organization","@id":"https:\/\/www.loewen-apotheke24.com\/de\/#organization","name":"L\u00f6wen Apotheke","alternateName":"L\u00f6wen Apotheke","url":"https:\/\/www.loewen-apotheke24.com\/de\/","logo":{"@type":"ImageObject","inLanguage":"de","@id":"https:\/\/www.loewen-apotheke24.com\/de\/#\/schema\/logo\/image\/","url":"https:\/\/www.loewen-apotheke24.com\/wp-content\/uploads\/2024\/02\/Logo-Loewen-Apotheke-700x700-1.png","contentUrl":"https:\/\/www.loewen-apotheke24.com\/wp-content\/uploads\/2024\/02\/Logo-Loewen-Apotheke-700x700-1.png","width":700,"height":700,"caption":"L\u00f6wen Apotheke"},"image":{"@id":"https:\/\/www.loewen-apotheke24.com\/de\/#\/schema\/logo\/image\/"}}]}},"_links":{"self":[{"href":"https:\/\/www.loewen-apotheke24.com\/de\/wp-json\/wp\/v2\/pages\/322"}],"collection":[{"href":"https:\/\/www.loewen-apotheke24.com\/de\/wp-json\/wp\/v2\/pages"}],"about":[{"href":"https:\/\/www.loewen-apotheke24.com\/de\/wp-json\/wp\/v2\/types\/page"}],"author":[{"embeddable":true,"href":"https:\/\/www.loewen-apotheke24.com\/de\/wp-json\/wp\/v2\/users\/2"}],"replies":[{"embeddable":true,"href":"https:\/\/www.loewen-apotheke24.com\/de\/wp-json\/wp\/v2\/comments?post=322"}],"version-history":[{"count":0,"href":"https:\/\/www.loewen-apotheke24.com\/de\/wp-json\/wp\/v2\/pages\/322\/revisions"}],"wp:attachment":[{"href":"https:\/\/www.loewen-apotheke24.com\/de\/wp-json\/wp\/v2\/media?parent=322"}],"curies":[{"name":"wp","href":"https:\/\/api.w.org\/{rel}","templated":true}]}}