{"id":32855,"date":"2021-07-10T07:17:45","date_gmt":"2021-07-10T06:17:45","guid":{"rendered":"https:\/\/www.loewen-apotheke24.com\/?page_id=32855"},"modified":"2023-11-16T06:35:48","modified_gmt":"2023-11-16T05:35:48","slug":"genesenenzertifikat-digitaler-impfpass","status":"publish","type":"page","link":"https:\/\/www.loewen-apotheke24.com\/de\/genesenenzertifikat-digitaler-impfpass\/","title":{"rendered":"Genesenenzertifikat &#8211; Digitaler Impfpass"},"content":{"rendered":"<h2>Genesenenzertifikat f\u00fcr digitalen Nachweis<\/h2>\n<p>Ab sofort ist auch das Genesenenzertifikat f\u00fcr COVID-19 Genesene in der L\u00f6wen Apotheke erh\u00e4ltlich.<\/p>\n<p><img decoding=\"async\" loading=\"lazy\" class=\"alignright\" src=\"https:\/\/www.loewen-apotheke24.com\/wp-content\/uploads\/2021\/06\/Loewen-Apotheke-Baden-Baden-Digitaler-Impfpass-und-Impfnachweis-1-1024x465.jpg\" alt=\"Loewen-Apotheke-Baden-Baden Digitaler Impfpass und Impfnachweis, Genesenenzertifikat\" width=\"460\" height=\"209\" \/><\/p>\n<p>F\u00fcr das COVID-19 Genesenenzertifikat ist die Funktion bereits in der Corona-Warn-App freigeschaltet. Dies als Nachweis f\u00fcr COVID-19 genesene Personen. Zudem wurde das digitale Gesundheitszertifikat f\u00fcr die \u201cCovPass\u201d entwickelt, welche auch das digitales COVID-Zertifikat der EU beinhaltet. Diesen digitalen Nachweis k\u00f6nnen Sie im Alltag nutzen. Beim Einkaufen, im Restaurant oder bei Besuchen von Freizeiteinrichtungen.<\/p>\n<p>Als genesen gelten Sie, wenn Sie innerhalb der letzten 6 Monate positiv mittels PCR, PoC-PCR oder mittels einem anderen Nukleins\u00e4urenachweis auf SARS-CoV-2 getestet wurden und das Testergebnis mindestens 28 Tage zur\u00fcckliegt. Wenn Ihr Testdatum l\u00e4nger als 6 Monate zur\u00fcckliegt, gelten Sie nicht mehr als genesene Person im Sinne<\/p>\n<p>Als Nachweis bringen Sie folgende Dokumente bitte mit:<\/p>\n<ul>\n<li>Personalausweis<\/li>\n<li>Impfpass<\/li>\n<li>PCR-Befund eines Labors oder PCR-Befund einer \u00c4rztin\/eines Arztes oder PCR-Befund einer Teststelle bzw. eines Testzentrums oder \u00e4rztliches Attest (sofern das Attest Angaben zu Testart (PCR) und Testdatum enth\u00e4lt) oder die Absonderungsbescheinigung (sofern diese Angaben zu Testart (PCR) und Test-\/Meldedatum enth\u00e4lt)<\/li>\n<li>weitere Bescheinigungen von Beh\u00f6rden (sofern diese Angaben zu Testart (PCR) und Test-\/Meldedatum enthalten)<\/li>\n<\/ul>\n<p>Weitere Informationen zum Nachweis finden<a href=\"https:\/\/www.baden-wuerttemberg.de\/de\/service\/aktuelle-infos-zu-corona\/fragen-und-antworten-rund-um-corona\/faq-nachweise-fuer-geimpfte-und-genesene-personen\/\" target=\"_blank\" rel=\"noopener\"> Sie auf der Seite des Landes BW:<\/a><\/p>\n<p>&nbsp;<\/p>\n<h3>Termin vereinbaren<\/h3>\n<p>Einfach w\u00e4hrend der \u00d6ffnungszeiten vorbeikommen.<\/p>\n<p>Die\u00a0<a href=\"https:\/\/www.loewen-apotheke24.com\/wp-content\/uploads\/2021\/06\/Ausstellung-des-Impfzertifikates-Vorlage.pdf\" target=\"_blank\" rel=\"noopener\">Einverst\u00e4ndniserkl\u00e4rung zur Speicherung der Daten \u201cDatenschutzerkl\u00e4rung\u201d<\/a> muss Vorort ausgef\u00fcllt und unterschrieben werden.\u00a0Als regionaler Anbieter k\u00f6nnen wir nur Personen aus der Region und B\u00fcrger mit deutscher Staatsangeh\u00f6rigkeit zertifizieren. Der Gesetzgeber erwartet, dass \u00c4rzte und Institutionen der Apotheke bekannt sind.<\/p>\n<p>Details zum Impfpass auf der\u00a0<a href=\"https:\/\/www.bundesgesundheitsministerium.de\/coronavirus\/faq-covid-19-impfung\/faq-digitaler-impfnachweis.html\" target=\"_blank\" rel=\"noopener\">Webseite des Bundesgesundheitsministerium<\/a>\u00a0und\u00a0<a href=\"https:\/\/digitaler-impfnachweis-app.de\/\" target=\"_blank\" rel=\"noopener\">des RKI<\/a><\/p>\n<p>&nbsp;<\/p>\n<h3>Wo kann ich das Genesenenzertifikat hochladen?<\/h3>\n<p>B\u00fcrgerinnen und B\u00fcrger k\u00f6nnen in den bekannten Appstores die CovPass-App herunterladen, um die Impfzertifikate (QR-Codes) einzuscannen. So k\u00f6nnen sie bei Bedarf ihren vollst\u00e4ndigen Impfschutz per QR-Code in der App vorzeigen. Zugleich erfolgt ein Update der Corona-Warn-App, die ebenfalls die M\u00f6glichkeit des Einscannens und Verwaltens der digitalen Impfzertifikate (QR-Codes) bietet. B\u00fcrgerinnen und B\u00fcrger sollten die ausgeh\u00e4ndigten QR-Codes aufbewahren, um sie bei Bedarf erneut einscannen zu k\u00f6nnen (z.B. bei einem Handywechsel).<\/p>\n<p>In unsere Apotheke erhalten Sie als weiteren Service, neben dem\u00a0<a href=\"https:\/\/www.loewen-apotheke24.com\/de\/corona-schnelltest-baden-baden\/\">Corona Schnelltest-Center<\/a>\u00a0und den\u00a0<a href=\"https:\/\/www.loewen-apotheke24.com\/de\/product_tag\/corona-schnelltest\/\">Corona Laientests<\/a>,<a href=\"https:\/\/www.loewen-apotheke24.com\/corona-testcenter-pcr-antigentest-schnelltests\/\"> PCR Tests<\/a>, nun auch die <a href=\"https:\/\/www.loewen-apotheke24.com\/de\/die-immunkarte\/\">Immunkarte<\/a> um den Weg ins normale Leben weiter zu unterst\u00fctzen.<\/p>\n<blockquote><p><a href=\"https:\/\/www.loewen-apotheke24.com\/de\/corona-antikoerper-test\/\"><span style=\"color: #ff0000;\">NEU: Corona-Antik\u00f6rper Test zur Bestimmung der Impfwirkung<\/span><\/a><\/p><\/blockquote>\n<p>&nbsp;<\/p>\n","protected":false},"excerpt":{"rendered":"<p>Genesenenzertifikat f\u00fcr digitalen Nachweis Ab sofort ist auch das Genesenenzertifikat f\u00fcr COVID-19 Genesene in der L\u00f6wen Apotheke erh\u00e4ltlich. F\u00fcr das COVID-19 Genesenenzertifikat ist die Funktion bereits in der Corona-Warn-App freigeschaltet. [&hellip;]<\/p>\n","protected":false},"author":1,"featured_media":0,"parent":0,"menu_order":0,"comment_status":"closed","ping_status":"closed","template":"template-fullwidth.php","meta":[],"yoast_head":"<!-- This site is optimized with the Yoast SEO Premium plugin v21.0 (Yoast SEO v21.0) - https:\/\/yoast.com\/wordpress\/plugins\/seo\/ -->\n<title>Genesenenzertifikat - Digitaler Impfpass<\/title>\n<meta name=\"description\" content=\"{:de}Ausstellung COVID-19 Genesenenzertifikat | L\u00f6wen Apotheke, Lichtentaler Str. 3 | Baden-Baden | Mo.-Fr. 9-18 Uhr | Digitaler Impfpass{:}\" \/>\n<meta name=\"robots\" content=\"index, follow, max-snippet:-1, max-image-preview:large, max-video-preview:-1\" \/>\n<link rel=\"canonical\" href=\"https:\/\/www.loewen-apotheke24.com\/de\/genesenenzertifikat-digitaler-impfpass\/\" \/>\n<meta property=\"og:locale\" content=\"de_DE\" \/>\n<meta property=\"og:type\" content=\"article\" \/>\n<meta property=\"og:title\" content=\"Genesenenzertifikat - Digitaler Impfpass\" \/>\n<meta property=\"og:description\" content=\"{:de}Ausstellung COVID-19 Genesenenzertifikat | L\u00f6wen Apotheke, Lichtentaler Str. 3 | Baden-Baden | Mo.-Fr. 9-18 Uhr | Digitaler Impfpass{:}\" \/>\n<meta property=\"og:url\" content=\"https:\/\/www.loewen-apotheke24.com\/de\/genesenenzertifikat-digitaler-impfpass\/\" \/>\n<meta property=\"og:site_name\" content=\"L\u00f6wen Apotheke24\" \/>\n<meta property=\"article:modified_time\" content=\"2023-11-16T05:35:48+00:00\" \/>\n<meta property=\"og:image\" content=\"https:\/\/www.loewen-apotheke24.com\/wp-content\/uploads\/2021\/06\/Loewen-Apotheke-Baden-Baden-Digitaler-Impfpass-und-Impfnachweis-1-1024x465.jpg\" \/>\n<meta name=\"twitter:card\" content=\"summary_large_image\" \/>\n<meta name=\"twitter:label1\" content=\"Gesch\u00e4tzte Lesezeit\" \/>\n\t<meta name=\"twitter:data1\" content=\"3\u00a0Minuten\" \/>\n<script type=\"application\/ld+json\" class=\"yoast-schema-graph\">{\"@context\":\"https:\/\/schema.org\",\"@graph\":[{\"@type\":\"WebPage\",\"@id\":\"https:\/\/www.loewen-apotheke24.com\/de\/genesenenzertifikat-digitaler-impfpass\/\",\"url\":\"https:\/\/www.loewen-apotheke24.com\/de\/genesenenzertifikat-digitaler-impfpass\/\",\"name\":\"Genesenenzertifikat - Digitaler Impfpass\",\"isPartOf\":{\"@id\":\"https:\/\/www.loewen-apotheke24.com\/de\/#website\"},\"datePublished\":\"2021-07-10T06:17:45+00:00\",\"dateModified\":\"2023-11-16T05:35:48+00:00\",\"description\":\"{:de}Ausstellung COVID-19 Genesenenzertifikat | L\u00f6wen Apotheke, Lichtentaler Str. 3 | Baden-Baden | Mo.-Fr. 9-18 Uhr | Digitaler Impfpass{:}\",\"inLanguage\":\"de\",\"potentialAction\":[{\"@type\":\"ReadAction\",\"target\":[\"https:\/\/www.loewen-apotheke24.com\/de\/genesenenzertifikat-digitaler-impfpass\/\"]}]},{\"@type\":\"WebSite\",\"@id\":\"https:\/\/www.loewen-apotheke24.com\/de\/#website\",\"url\":\"https:\/\/www.loewen-apotheke24.com\/de\/\",\"name\":\"L\u00f6wen Apotheke24\",\"description\":\"Spezialist f\u00fcr Naturmedizin - Versandapotheke Baden-Baden\",\"publisher\":{\"@id\":\"https:\/\/www.loewen-apotheke24.com\/de\/#organization\"},\"potentialAction\":[{\"@type\":\"SearchAction\",\"target\":{\"@type\":\"EntryPoint\",\"urlTemplate\":\"https:\/\/www.loewen-apotheke24.com\/de\/?s={search_term_string}\"},\"query-input\":\"required name=search_term_string\"}],\"inLanguage\":\"de\"},{\"@type\":\"Organization\",\"@id\":\"https:\/\/www.loewen-apotheke24.com\/de\/#organization\",\"name\":\"L\u00f6wen Apotheke\",\"alternateName\":\"L\u00f6wen Apotheke\",\"url\":\"https:\/\/www.loewen-apotheke24.com\/de\/\",\"logo\":{\"@type\":\"ImageObject\",\"inLanguage\":\"de\",\"@id\":\"https:\/\/www.loewen-apotheke24.com\/de\/#\/schema\/logo\/image\/\",\"url\":\"https:\/\/www.loewen-apotheke24.com\/wp-content\/uploads\/2024\/02\/Logo-Loewen-Apotheke-700x700-1.png\",\"contentUrl\":\"https:\/\/www.loewen-apotheke24.com\/wp-content\/uploads\/2024\/02\/Logo-Loewen-Apotheke-700x700-1.png\",\"width\":700,\"height\":700,\"caption\":\"L\u00f6wen Apotheke\"},\"image\":{\"@id\":\"https:\/\/www.loewen-apotheke24.com\/de\/#\/schema\/logo\/image\/\"}}]}<\/script>\n<!-- \/ Yoast SEO Premium plugin. -->","yoast_head_json":{"title":"Genesenenzertifikat - Digitaler Impfpass","description":"{:de}Ausstellung COVID-19 Genesenenzertifikat | L\u00f6wen Apotheke, Lichtentaler Str. 3 | Baden-Baden | Mo.-Fr. 9-18 Uhr | Digitaler Impfpass{:}","robots":{"index":"index","follow":"follow","max-snippet":"max-snippet:-1","max-image-preview":"max-image-preview:large","max-video-preview":"max-video-preview:-1"},"canonical":"https:\/\/www.loewen-apotheke24.com\/de\/genesenenzertifikat-digitaler-impfpass\/","og_locale":"de_DE","og_type":"article","og_title":"Genesenenzertifikat - Digitaler Impfpass","og_description":"{:de}Ausstellung COVID-19 Genesenenzertifikat | L\u00f6wen Apotheke, Lichtentaler Str. 3 | Baden-Baden | Mo.-Fr. 9-18 Uhr | Digitaler Impfpass{:}","og_url":"https:\/\/www.loewen-apotheke24.com\/de\/genesenenzertifikat-digitaler-impfpass\/","og_site_name":"L\u00f6wen Apotheke24","article_modified_time":"2023-11-16T05:35:48+00:00","og_image":[{"url":"https:\/\/www.loewen-apotheke24.com\/wp-content\/uploads\/2021\/06\/Loewen-Apotheke-Baden-Baden-Digitaler-Impfpass-und-Impfnachweis-1-1024x465.jpg"}],"twitter_card":"summary_large_image","twitter_misc":{"Gesch\u00e4tzte Lesezeit":"3\u00a0Minuten"},"schema":{"@context":"https:\/\/schema.org","@graph":[{"@type":"WebPage","@id":"https:\/\/www.loewen-apotheke24.com\/de\/genesenenzertifikat-digitaler-impfpass\/","url":"https:\/\/www.loewen-apotheke24.com\/de\/genesenenzertifikat-digitaler-impfpass\/","name":"Genesenenzertifikat - Digitaler Impfpass","isPartOf":{"@id":"https:\/\/www.loewen-apotheke24.com\/de\/#website"},"datePublished":"2021-07-10T06:17:45+00:00","dateModified":"2023-11-16T05:35:48+00:00","description":"{:de}Ausstellung COVID-19 Genesenenzertifikat | L\u00f6wen Apotheke, Lichtentaler Str. 3 | Baden-Baden | Mo.-Fr. 9-18 Uhr | Digitaler Impfpass{:}","inLanguage":"de","potentialAction":[{"@type":"ReadAction","target":["https:\/\/www.loewen-apotheke24.com\/de\/genesenenzertifikat-digitaler-impfpass\/"]}]},{"@type":"WebSite","@id":"https:\/\/www.loewen-apotheke24.com\/de\/#website","url":"https:\/\/www.loewen-apotheke24.com\/de\/","name":"L\u00f6wen Apotheke24","description":"Spezialist f\u00fcr Naturmedizin - Versandapotheke Baden-Baden","publisher":{"@id":"https:\/\/www.loewen-apotheke24.com\/de\/#organization"},"potentialAction":[{"@type":"SearchAction","target":{"@type":"EntryPoint","urlTemplate":"https:\/\/www.loewen-apotheke24.com\/de\/?s={search_term_string}"},"query-input":"required name=search_term_string"}],"inLanguage":"de"},{"@type":"Organization","@id":"https:\/\/www.loewen-apotheke24.com\/de\/#organization","name":"L\u00f6wen Apotheke","alternateName":"L\u00f6wen Apotheke","url":"https:\/\/www.loewen-apotheke24.com\/de\/","logo":{"@type":"ImageObject","inLanguage":"de","@id":"https:\/\/www.loewen-apotheke24.com\/de\/#\/schema\/logo\/image\/","url":"https:\/\/www.loewen-apotheke24.com\/wp-content\/uploads\/2024\/02\/Logo-Loewen-Apotheke-700x700-1.png","contentUrl":"https:\/\/www.loewen-apotheke24.com\/wp-content\/uploads\/2024\/02\/Logo-Loewen-Apotheke-700x700-1.png","width":700,"height":700,"caption":"L\u00f6wen Apotheke"},"image":{"@id":"https:\/\/www.loewen-apotheke24.com\/de\/#\/schema\/logo\/image\/"}}]}},"_links":{"self":[{"href":"https:\/\/www.loewen-apotheke24.com\/de\/wp-json\/wp\/v2\/pages\/32855"}],"collection":[{"href":"https:\/\/www.loewen-apotheke24.com\/de\/wp-json\/wp\/v2\/pages"}],"about":[{"href":"https:\/\/www.loewen-apotheke24.com\/de\/wp-json\/wp\/v2\/types\/page"}],"author":[{"embeddable":true,"href":"https:\/\/www.loewen-apotheke24.com\/de\/wp-json\/wp\/v2\/users\/1"}],"replies":[{"embeddable":true,"href":"https:\/\/www.loewen-apotheke24.com\/de\/wp-json\/wp\/v2\/comments?post=32855"}],"version-history":[{"count":0,"href":"https:\/\/www.loewen-apotheke24.com\/de\/wp-json\/wp\/v2\/pages\/32855\/revisions"}],"wp:attachment":[{"href":"https:\/\/www.loewen-apotheke24.com\/de\/wp-json\/wp\/v2\/media?parent=32855"}],"curies":[{"name":"wp","href":"https:\/\/api.w.org\/{rel}","templated":true}]}}