{"id":35322,"date":"2021-10-05T07:17:56","date_gmt":"2021-10-05T06:17:56","guid":{"rendered":"https:\/\/www.loewen-apotheke24.com\/?page_id=35322"},"modified":"2022-12-24T10:22:10","modified_gmt":"2022-12-24T09:22:10","slug":"long-covid-ursachen-was-tun","status":"publish","type":"page","link":"https:\/\/www.loewen-apotheke24.com\/de\/long-covid-ursachen-was-tun\/","title":{"rendered":"Long Covid &#038; EBV &#8211; Ursachen &#8211; Was tun?"},"content":{"rendered":"<h2>Ist die Reaktivierung von EBV wom\u00f6glich an Long Covid beteiligt?<\/h2>\n<p>So titelt ein Beitrag von Focus Online vom Juli 2021.<\/p>\n<p>Wie bekannt ist, haben fast 85% der Bev\u00f6lkerung einen <strong>Epstein Bar Virus (EBV)<\/strong> in sich ohne Symptome zu sp\u00fcren. Andere wiederum haben sehr starke Symptome von Lymphschwellungen, Kopf- und Halsschmerzen, Leberbelastung, Milzschwellung und tiefe langandauernde Ersch\u00f6pfung (sog. CFS).<\/p>\n<h3>Long Covid &amp; EBV Forschung aus den USA<\/h3>\n<p>Forscher um Jeffrey Gold von der World Organisation in den USA haben nun untersucht (s. Studie: <a href=\"https:\/\/www.mdpi.com\/2076-0817\/10\/6\/763\" target=\"_blank\" rel=\"noopener\">https:\/\/www.mdpi.com\/2076-0817\/10\/6\/763<\/a>), welche Rolle m\u00f6glicherweise eine\u00a0 Reaktivierung bei Long Covid Patienten spielt bzw. auch die Intensit\u00e4t der Covid Erkrankung beeinflusst.<\/p>\n<p>Es konnte beobachtet werden, dass die Symptome von den Patienten sehr \u00e4hneln, wie z.b. Fatique, Kopfschmerzen, Fieber wie auch neurologische St\u00f6rungen u.w.m.\u00a0Bei Long Covid Patienten konnte im Blut eine erh\u00f6hte Reaktivierung (laut Studie lag sie bei 66,7%) festgestellt werden.<\/p>\n<p>F\u00fcr die Behandlung bietet sich laut des Forscherteams Ganciclovir an. Eines der wenigen antiviralen Wirkstoffe in der Pharmaindustrie.<\/p>\n<p>Auch die <strong>Alternativmedizin<\/strong> hat sich f\u00fcr das Thema interessiert.\u00a0 Z.B. die Mikroimmuntherapie besch\u00e4ftigt sich schon sehr lange und als Hauptschwerpunkt mit der (Re)-Aktivierung von EBV im Blut. Welche Gr\u00fcnde gibt es und wie l\u00e4sst sich ggf. eine (Re)Aktivierung eind\u00e4mmen und nachhaltig beeinflussen.<\/p>\n<p>Die St\u00e4rkung des Immunsystems durch Mikroimmuntherapie ist ein Ansatz.<\/p>\n<p>Interesse mehr zu erfahren?<\/p>\n<p>Sprechen Sie uns an. <a href=\"https:\/\/praxis-sandra-hoff.de\/\">Jetzt Termin buchen.<\/a><\/p>\n<p>Die Apothekerin empfiehlt ihren Kunden bei viraler Infektion:\u00a0<a href=\"https:\/\/www.loewen-apotheke24.com\/de\/shop\/labo-life\/labo-life-2l-eid-kapseln-30-st\/\">Labo Life 2L EID<\/a>\u00a0 |\u00a0<a href=\"https:\/\/www.loewen-apotheke24.com\/de\/shop\/angebot\/omni-biotic-pro-vi-5-30x-2g-16907334\/\">OMNI BiOTiC Pro-Vi 5<\/a><\/p>\n<p>Promotion: 2l MIREG<\/p>\n<blockquote class=\"wp-embedded-content\" data-secret=\"hVnHplYEKa\"><p><a href=\"https:\/\/www.loewen-apotheke24.com\/de\/shop\/labo-life\/labo-life-2l-mireg\/\">Labo Life 2L MIREG Kapseln 30 St.<\/a><\/p><\/blockquote>\n<p><iframe class=\"wp-embedded-content\" sandbox=\"allow-scripts\" security=\"restricted\" style=\"position: absolute; clip: rect(1px, 1px, 1px, 1px);\" title=\"&#8222;Labo Life 2L MIREG Kapseln 30 St.&#8220; &#8212; L\u00f6wen Apotheke24\" src=\"https:\/\/www.loewen-apotheke24.com\/de\/shop\/labo-life\/labo-life-2l-mireg\/embed\/#?secret=qVMAzXcjP7#?secret=hVnHplYEKa\" data-secret=\"hVnHplYEKa\" width=\"600\" height=\"338\" frameborder=\"0\" marginwidth=\"0\" marginheight=\"0\" scrolling=\"no\"><\/iframe><\/p>\n<p>&nbsp;<\/p>\n<p>&nbsp;<\/p>\n","protected":false},"excerpt":{"rendered":"<p>Ist die Reaktivierung von EBV wom\u00f6glich an Long Covid beteiligt? So titelt ein Beitrag von Focus Online vom Juli 2021. Wie bekannt ist, haben fast 85% der Bev\u00f6lkerung einen Epstein [&hellip;]<\/p>\n","protected":false},"author":1,"featured_media":35325,"parent":0,"menu_order":0,"comment_status":"closed","ping_status":"closed","template":"template-fullwidth.php","meta":[],"yoast_head":"<!-- This site is optimized with the Yoast SEO Premium plugin v21.0 (Yoast SEO v21.0) - https:\/\/yoast.com\/wordpress\/plugins\/seo\/ -->\n<title>Long Covid &amp; EBV - Ursachen<\/title>\n<meta name=\"description\" content=\"L\u00f6wen Apotheke24 - Ihr Spezialist f\u00fcr Naturheilkunde. Top Beratung - Sch\u00fcssler Salze - Labo Life - Mikroimmuntherapie - Long Covid - EBV\" \/>\n<meta name=\"robots\" content=\"index, follow, max-snippet:-1, max-image-preview:large, max-video-preview:-1\" \/>\n<link rel=\"canonical\" href=\"https:\/\/www.loewen-apotheke24.com\/de\/long-covid-ursachen-was-tun\/\" \/>\n<meta property=\"og:locale\" content=\"de_DE\" \/>\n<meta property=\"og:type\" content=\"article\" \/>\n<meta property=\"og:title\" content=\"Long Covid &amp; EBV - Ursachen\" \/>\n<meta property=\"og:description\" content=\"L\u00f6wen Apotheke24 - Ihr Spezialist f\u00fcr Naturheilkunde. Top Beratung - Sch\u00fcssler Salze - Labo Life - Mikroimmuntherapie - Long Covid - EBV\" \/>\n<meta property=\"og:url\" content=\"https:\/\/www.loewen-apotheke24.com\/de\/long-covid-ursachen-was-tun\/\" \/>\n<meta property=\"og:site_name\" content=\"L\u00f6wen Apotheke24\" \/>\n<meta property=\"article:modified_time\" content=\"2022-12-24T09:22:10+00:00\" \/>\n<meta property=\"og:image\" content=\"https:\/\/www.loewen-apotheke24.com\/wp-content\/uploads\/2021\/10\/praxis-sandra-hoff-heilpraktiker-apotheke-footer.jpg\" \/>\n\t<meta property=\"og:image:width\" content=\"302\" \/>\n\t<meta property=\"og:image:height\" content=\"293\" \/>\n\t<meta property=\"og:image:type\" content=\"image\/jpeg\" \/>\n<meta name=\"twitter:card\" content=\"summary_large_image\" \/>\n<meta name=\"twitter:label1\" content=\"Gesch\u00e4tzte Lesezeit\" \/>\n\t<meta name=\"twitter:data1\" content=\"1\u00a0Minute\" \/>\n<script type=\"application\/ld+json\" class=\"yoast-schema-graph\">{\"@context\":\"https:\/\/schema.org\",\"@graph\":[{\"@type\":\"WebPage\",\"@id\":\"https:\/\/www.loewen-apotheke24.com\/de\/long-covid-ursachen-was-tun\/\",\"url\":\"https:\/\/www.loewen-apotheke24.com\/de\/long-covid-ursachen-was-tun\/\",\"name\":\"Long Covid & EBV - Ursachen\",\"isPartOf\":{\"@id\":\"https:\/\/www.loewen-apotheke24.com\/de\/#website\"},\"datePublished\":\"2021-10-05T06:17:56+00:00\",\"dateModified\":\"2022-12-24T09:22:10+00:00\",\"description\":\"L\u00f6wen Apotheke24 - Ihr Spezialist f\u00fcr Naturheilkunde. Top Beratung - Sch\u00fcssler Salze - Labo Life - Mikroimmuntherapie - Long Covid - EBV\",\"inLanguage\":\"de\",\"potentialAction\":[{\"@type\":\"ReadAction\",\"target\":[\"https:\/\/www.loewen-apotheke24.com\/de\/long-covid-ursachen-was-tun\/\"]}]},{\"@type\":\"WebSite\",\"@id\":\"https:\/\/www.loewen-apotheke24.com\/de\/#website\",\"url\":\"https:\/\/www.loewen-apotheke24.com\/de\/\",\"name\":\"L\u00f6wen Apotheke24\",\"description\":\"Spezialist f\u00fcr Naturmedizin - Versandapotheke Baden-Baden\",\"publisher\":{\"@id\":\"https:\/\/www.loewen-apotheke24.com\/de\/#organization\"},\"potentialAction\":[{\"@type\":\"SearchAction\",\"target\":{\"@type\":\"EntryPoint\",\"urlTemplate\":\"https:\/\/www.loewen-apotheke24.com\/de\/?s={search_term_string}\"},\"query-input\":\"required name=search_term_string\"}],\"inLanguage\":\"de\"},{\"@type\":\"Organization\",\"@id\":\"https:\/\/www.loewen-apotheke24.com\/de\/#organization\",\"name\":\"L\u00f6wen Apotheke\",\"alternateName\":\"L\u00f6wen Apotheke\",\"url\":\"https:\/\/www.loewen-apotheke24.com\/de\/\",\"logo\":{\"@type\":\"ImageObject\",\"inLanguage\":\"de\",\"@id\":\"https:\/\/www.loewen-apotheke24.com\/de\/#\/schema\/logo\/image\/\",\"url\":\"https:\/\/www.loewen-apotheke24.com\/wp-content\/uploads\/2024\/02\/Logo-Loewen-Apotheke-700x700-1.png\",\"contentUrl\":\"https:\/\/www.loewen-apotheke24.com\/wp-content\/uploads\/2024\/02\/Logo-Loewen-Apotheke-700x700-1.png\",\"width\":700,\"height\":700,\"caption\":\"L\u00f6wen Apotheke\"},\"image\":{\"@id\":\"https:\/\/www.loewen-apotheke24.com\/de\/#\/schema\/logo\/image\/\"}}]}<\/script>\n<!-- \/ Yoast SEO Premium plugin. -->","yoast_head_json":{"title":"Long Covid & EBV - Ursachen","description":"L\u00f6wen Apotheke24 - Ihr Spezialist f\u00fcr Naturheilkunde. Top Beratung - Sch\u00fcssler Salze - Labo Life - Mikroimmuntherapie - Long Covid - EBV","robots":{"index":"index","follow":"follow","max-snippet":"max-snippet:-1","max-image-preview":"max-image-preview:large","max-video-preview":"max-video-preview:-1"},"canonical":"https:\/\/www.loewen-apotheke24.com\/de\/long-covid-ursachen-was-tun\/","og_locale":"de_DE","og_type":"article","og_title":"Long Covid & EBV - Ursachen","og_description":"L\u00f6wen Apotheke24 - Ihr Spezialist f\u00fcr Naturheilkunde. Top Beratung - Sch\u00fcssler Salze - Labo Life - Mikroimmuntherapie - Long Covid - EBV","og_url":"https:\/\/www.loewen-apotheke24.com\/de\/long-covid-ursachen-was-tun\/","og_site_name":"L\u00f6wen Apotheke24","article_modified_time":"2022-12-24T09:22:10+00:00","og_image":[{"width":302,"height":293,"url":"https:\/\/www.loewen-apotheke24.com\/wp-content\/uploads\/2021\/10\/praxis-sandra-hoff-heilpraktiker-apotheke-footer.jpg","type":"image\/jpeg"}],"twitter_card":"summary_large_image","twitter_misc":{"Gesch\u00e4tzte Lesezeit":"1\u00a0Minute"},"schema":{"@context":"https:\/\/schema.org","@graph":[{"@type":"WebPage","@id":"https:\/\/www.loewen-apotheke24.com\/de\/long-covid-ursachen-was-tun\/","url":"https:\/\/www.loewen-apotheke24.com\/de\/long-covid-ursachen-was-tun\/","name":"Long Covid & EBV - Ursachen","isPartOf":{"@id":"https:\/\/www.loewen-apotheke24.com\/de\/#website"},"datePublished":"2021-10-05T06:17:56+00:00","dateModified":"2022-12-24T09:22:10+00:00","description":"L\u00f6wen Apotheke24 - Ihr Spezialist f\u00fcr Naturheilkunde. Top Beratung - Sch\u00fcssler Salze - Labo Life - Mikroimmuntherapie - Long Covid - EBV","inLanguage":"de","potentialAction":[{"@type":"ReadAction","target":["https:\/\/www.loewen-apotheke24.com\/de\/long-covid-ursachen-was-tun\/"]}]},{"@type":"WebSite","@id":"https:\/\/www.loewen-apotheke24.com\/de\/#website","url":"https:\/\/www.loewen-apotheke24.com\/de\/","name":"L\u00f6wen Apotheke24","description":"Spezialist f\u00fcr Naturmedizin - Versandapotheke Baden-Baden","publisher":{"@id":"https:\/\/www.loewen-apotheke24.com\/de\/#organization"},"potentialAction":[{"@type":"SearchAction","target":{"@type":"EntryPoint","urlTemplate":"https:\/\/www.loewen-apotheke24.com\/de\/?s={search_term_string}"},"query-input":"required name=search_term_string"}],"inLanguage":"de"},{"@type":"Organization","@id":"https:\/\/www.loewen-apotheke24.com\/de\/#organization","name":"L\u00f6wen Apotheke","alternateName":"L\u00f6wen Apotheke","url":"https:\/\/www.loewen-apotheke24.com\/de\/","logo":{"@type":"ImageObject","inLanguage":"de","@id":"https:\/\/www.loewen-apotheke24.com\/de\/#\/schema\/logo\/image\/","url":"https:\/\/www.loewen-apotheke24.com\/wp-content\/uploads\/2024\/02\/Logo-Loewen-Apotheke-700x700-1.png","contentUrl":"https:\/\/www.loewen-apotheke24.com\/wp-content\/uploads\/2024\/02\/Logo-Loewen-Apotheke-700x700-1.png","width":700,"height":700,"caption":"L\u00f6wen Apotheke"},"image":{"@id":"https:\/\/www.loewen-apotheke24.com\/de\/#\/schema\/logo\/image\/"}}]}},"_links":{"self":[{"href":"https:\/\/www.loewen-apotheke24.com\/de\/wp-json\/wp\/v2\/pages\/35322"}],"collection":[{"href":"https:\/\/www.loewen-apotheke24.com\/de\/wp-json\/wp\/v2\/pages"}],"about":[{"href":"https:\/\/www.loewen-apotheke24.com\/de\/wp-json\/wp\/v2\/types\/page"}],"author":[{"embeddable":true,"href":"https:\/\/www.loewen-apotheke24.com\/de\/wp-json\/wp\/v2\/users\/1"}],"replies":[{"embeddable":true,"href":"https:\/\/www.loewen-apotheke24.com\/de\/wp-json\/wp\/v2\/comments?post=35322"}],"version-history":[{"count":0,"href":"https:\/\/www.loewen-apotheke24.com\/de\/wp-json\/wp\/v2\/pages\/35322\/revisions"}],"wp:featuredmedia":[{"embeddable":true,"href":"https:\/\/www.loewen-apotheke24.com\/de\/wp-json\/wp\/v2\/media\/35325"}],"wp:attachment":[{"href":"https:\/\/www.loewen-apotheke24.com\/de\/wp-json\/wp\/v2\/media?parent=35322"}],"curies":[{"name":"wp","href":"https:\/\/api.w.org\/{rel}","templated":true}]}}