{"id":388,"date":"2017-03-17T20:15:42","date_gmt":"2017-03-17T20:15:42","guid":{"rendered":"https:\/\/www.loewen-apotheke24.com\/?page_id=388"},"modified":"2025-11-21T09:37:19","modified_gmt":"2025-11-21T08:37:19","slug":"widerrufsrecht","status":"publish","type":"page","link":"https:\/\/www.loewen-apotheke24.com\/de\/widerrufsrecht\/","title":{"rendered":"Widerrufsrecht"},"content":{"rendered":"<h3>\u00a7 1 WIDERRUFSRECHT<\/h3>\n<p>Sie haben das Recht, binnen vierzehn Tagen (Kalendertage) ohne Angabe von Gr\u00fcnden diesen Vertrag zu widerrufen. Die Widerrufsfrist betr\u00e4gt vierzehn Tage ab dem Tag, an dem Sie oder ein von Ihnen benannter Dritter, der nicht der Bef\u00f6rderer ist, die letzte Ware in Besitz genommen haben bzw. hat.<\/p>\n<p>Um Ihr Widerrufsrecht auszu\u00fcben, m\u00fcssen Sie uns<\/p>\n<p>L\u00f6wen Apotheke 24<br \/>\nLichtentaler Str. 3<br \/>\n76530 Baden-Baden<br \/>\nE-Mail: info@loewen-apotheke24.de<\/p>\n<p>mittels einer eindeutiger Erkl\u00e4rung (z.B. ein mit der Post versandter Brief, Telefax oder E-Mail ggf. unter Nutzung des <a href=\"https:\/\/www.loewen-apotheke24.com\/wp-content\/uploads\/2025\/11\/Widerrufsformular-Loewen-Apotheke.pdf\">Widerrufsformulars<\/a>) \u00fcber Ihren Entschluss, diesen Vertrag zu widerrufen, informieren. Machen Sie von dieser M\u00f6glichkeit Gebrauch, werden wir Ihnen unverz\u00fcglich (z.B. per E-Mail) eine Best\u00e4tigung \u00fcber den Widerspruchseingang \u00fcbermitteln.<\/p>\n<p>Zur Wahrung der Widerrufsfrist reicht es aus, dass Sie die Mitteilung \u00fcber die Aus\u00fcbung des Widerrufsrechts vor Ablauf der Widerrufsfrist absenden.<\/p>\n<h4>WIDERRUFSFOLGEN<\/h4>\n<p>Wenn Sie diesen Vertrag widerrufen, haben wir Ihnen alle Zahlungen, die wir von Ihnen erhalten haben, einschlie\u00dflich der Lieferkosten (mit Ausnahme der zus\u00e4tzlichen Kosten, die sich daraus ergeben, dass Sie eine andere Art der Lieferung als die von uns angebotene, g\u00fcnstigste Standardlieferung gew\u00e4hlt haben), unverz\u00fcglich und sp\u00e4testens binnen vierzehn Tagen ab dem Tag der Warenr\u00fccksendung zur\u00fcckzuzahlen. F\u00fcr diese R\u00fcckzahlung verwenden wir dasselbe Zahlungsmittel, das Sie bei der urspr\u00fcnglichen Transaktion eingesetzt haben, es sei denn, mit Ihnen wurde ausdr\u00fccklich etwas anderes vereinbart; in keinem Fall werden Ihnen wegen dieser R\u00fcckzahlung Entgelte berechnet.<\/p>\n<p>Wir k\u00f6nnen die R\u00fcckzahlung verweigern, bis wir die Waren wieder zur\u00fcckerhalten haben oder bis Sie den Nachweis erbracht haben, dass Sie die Waren zur\u00fcckgesandt haben, je nachdem, welches der fr\u00fchere Zeitpunkt ist. Sie haben die Waren unverz\u00fcglich und in jedem Fall sp\u00e4testens binnen vierzehn Tagen ab dem Tag, an dem Sie uns \u00fcber den Widerruf dieses Vertrags unterrichten, an uns zur\u00fcckzusenden oder zu \u00fcbergeben. Die Frist ist gewahrt, wenn Sie die Waren vor Ablauf der Frist von vierzehn Tagen absenden.<\/p>\n<p>Sie tragen die Kosten der R\u00fccksendung der Waren. Sie m\u00fcssen f\u00fcr einen etwaigen Wertverlust der Waren nur aufkommen, wenn dieser Wertverlust auf einen zur Pr\u00fcfung der Beschaffenheit, Eigenschaften und Funktionsweise der Waren nicht notwendigen Umgang mit ihnen zur\u00fcckzuf\u00fchren ist.<\/p>\n<p><span style=\"color: #000000;\"><strong>KOSTEN UND HINWEIS ZUR R\u00dcCKSENDUNG BEI WIDERRUF<\/strong><\/span><\/p>\n<p>Im Falle des Widerrufs nach \u00a71 haben Sie die regelm\u00e4\u00dfigen Kosten der R\u00fccksendung zu tragen, es sei denn, dass die gelieferte Sache nicht der bestellten entspricht.<\/p>\n<p>Bitte vermeiden Sie Besch\u00e4digungen und Verunreinigungen. Bitte schicken Sie die Waren m\u00f6glichst in Originalverpackungen mit s\u00e4mtlichem Zubeh\u00f6r und mit allen Verpackungsbestandteilen an uns zur\u00fcck. Wenn Sie die Originalverpackung nicht mehr besitzen, sorgen Sie bitte mit einer geeigneten Verpackung f\u00fcr einen ausreichenden Schutz vor Transportsch\u00e4den, um Schadensersatzanspr\u00fcche wegen Besch\u00e4digungen infolge mangelhafter Verpackung zu vermeiden. Die aufgef\u00fchrten Modalit\u00e4ten sind keine Voraussetzung f\u00fcr die wirksame Aus\u00fcbung des Widerrufsrechts.<\/p>\n<p>Sobald die Sendung bei uns eingegangen ist und die Artikel gepr\u00fcft wurden, werden wir Ihnen den entsprechenden Zahlungsbetrag zur\u00fcckerstatten. Die Gutschrift sollte je nach Postlaufzeit und Art der Zahlung in 14 Arbeitstagen nach Eingang der Sendung auf Ihrem Konto erfolgen. F\u00fcr die R\u00fcckzahlung verwenden wir dasselbe Zahlungsmittel, das bei der urspr\u00fcnglichen Transaktion verwendet wurde, es sei denn, es wurde ausdr\u00fccklich vorab etwas anderes mit Ihnen vereinbart. Die regelm\u00e4\u00dfigen Kosten der R\u00fccksendung der Artikel werden durch den Kunden getragen. Wenn mit Ihren gelieferten Artikeln alles in Ordnung war, d\u00fcrfen wir uns das Recht vorbehalten, die regelm\u00e4\u00dfigen Kosten der R\u00fccksendung vom Erstattungsbetrag einzubehalten. Die Kosten belaufen sich bei uns auf 5,90 \u20ac bei Bestellungen innerhalb Deutschland und 18 \u20ac bei Bestellungen innerhalb der EU, Gro\u00dfbritannien und 23,00 Euro der Schweiz.<\/p>\n<p><strong>Achtung:<\/strong> Von der R\u00fccksendung k\u00f6nnen gewisse Produkte, zum Beispiel versiegelte Waren, <span style=\"color: #ff0000;\">Einzelimporte und -anfertigungen<\/span>, Arzneimittel die aus Gr\u00fcnden des Gesundheitsschutzes oder der Hygiene nicht zur R\u00fcckgabe geeignet sind, ausgeschlossen sein.<\/p>\n<h4>DAS WIDERRUFSRECHT BESTEHT <span style=\"color: #ff0000;\"><strong>NICHT<\/strong> <\/span>BEI VERTR\u00c4GEN:<\/h4>\n<p>&#8211; <strong><span style=\"color: #ff0000;\">Waren<\/span><\/strong>, die nicht vorgefertigt sind und f\u00fcr deren Herstellung eine individuelle Auswahl oder Bestimmung durch den Verbraucher ma\u00dfgeblich ist oder die eindeutig auf die pers\u00f6nlichen Bed\u00fcrfnisse des Verbrauchers zugeschnitten sind; dazu z\u00e4hlen <span style=\"color: #ff0000;\">auf Kundenwunsch auch Einzelimporte<\/span> welche eindeutig als Einzelimport gekennzeichnet sind;<\/p>\n<p>&#8211;\u00a0 Waren, die schnell verderben k\u00f6nnen oder deren Verfallsdatum schnell \u00fcberschritten w\u00fcrde.<\/p>\n<h4>Das Widerrufsrecht erlischt vorzeitig bei Vertr\u00e4gen:<\/h4>\n<p>&#8211; zur Lieferung versiegelter Waren, die aus Gr\u00fcnden des Gesundheitsschutzes oder der Hygiene nicht zur R\u00fcckgabe geeignet sind, wenn ihre Versiegelung nach der Lieferung entfernt wurde;<\/p>\n<p>&#8211; zur Lieferung von Ton- oder Videoaufnahmen oder Computersoftware in einer versiegelten Packung, wenn die Versiegelung nach der Lieferung entfernt wurde.<\/p>\n","protected":false},"excerpt":{"rendered":"<p>\u00a7 1 WIDERRUFSRECHT Sie haben das Recht, binnen vierzehn Tagen (Kalendertage) ohne Angabe von Gr\u00fcnden diesen Vertrag zu widerrufen. Die Widerrufsfrist betr\u00e4gt vierzehn Tage ab dem Tag, an dem Sie [&hellip;]<\/p>\n","protected":false},"author":1,"featured_media":0,"parent":0,"menu_order":0,"comment_status":"closed","ping_status":"closed","template":"template-fullwidth.php","meta":[],"yoast_head":"<!-- This site is optimized with the Yoast SEO Premium plugin v21.0 (Yoast SEO v21.0) - https:\/\/yoast.com\/wordpress\/plugins\/seo\/ -->\n<title>Widerrufsrecht der L\u00f6wen Apotheke, aus Baden-Baden<\/title>\n<meta name=\"description\" content=\"Widerrufsrecht der L\u00f6wen Apotheke, 76530 Baden-Baden - Gepr\u00fcfte Qualit\u00e4t - Individuelle Fachberatung - Naturheilkunde - Sicheres Einkaufen\" \/>\n<meta name=\"robots\" content=\"index, follow, max-snippet:-1, max-image-preview:large, max-video-preview:-1\" \/>\n<link rel=\"canonical\" href=\"https:\/\/www.loewen-apotheke24.com\/de\/widerrufsrecht\/\" \/>\n<meta property=\"og:locale\" content=\"de_DE\" \/>\n<meta property=\"og:type\" content=\"article\" \/>\n<meta property=\"og:title\" content=\"Widerrufsrecht der L\u00f6wen Apotheke, aus Baden-Baden\" \/>\n<meta property=\"og:description\" content=\"Widerrufsrecht der L\u00f6wen Apotheke, 76530 Baden-Baden - Gepr\u00fcfte Qualit\u00e4t - Individuelle Fachberatung - Naturheilkunde - Sicheres Einkaufen\" \/>\n<meta property=\"og:url\" content=\"https:\/\/www.loewen-apotheke24.com\/de\/widerrufsrecht\/\" \/>\n<meta property=\"og:site_name\" content=\"L\u00f6wen Apotheke24\" \/>\n<meta property=\"article:modified_time\" content=\"2025-11-21T08:37:19+00:00\" \/>\n<meta name=\"twitter:card\" content=\"summary_large_image\" \/>\n<meta name=\"twitter:label1\" content=\"Gesch\u00e4tzte Lesezeit\" \/>\n\t<meta name=\"twitter:data1\" content=\"4\u00a0Minuten\" \/>\n<script type=\"application\/ld+json\" class=\"yoast-schema-graph\">{\"@context\":\"https:\/\/schema.org\",\"@graph\":[{\"@type\":\"WebPage\",\"@id\":\"https:\/\/www.loewen-apotheke24.com\/de\/widerrufsrecht\/\",\"url\":\"https:\/\/www.loewen-apotheke24.com\/de\/widerrufsrecht\/\",\"name\":\"Widerrufsrecht der L\u00f6wen Apotheke, aus Baden-Baden\",\"isPartOf\":{\"@id\":\"https:\/\/www.loewen-apotheke24.com\/de\/#website\"},\"datePublished\":\"2017-03-17T20:15:42+00:00\",\"dateModified\":\"2025-11-21T08:37:19+00:00\",\"description\":\"Widerrufsrecht der L\u00f6wen Apotheke, 76530 Baden-Baden - Gepr\u00fcfte Qualit\u00e4t - Individuelle Fachberatung - Naturheilkunde - Sicheres Einkaufen\",\"inLanguage\":\"de\",\"potentialAction\":[{\"@type\":\"ReadAction\",\"target\":[\"https:\/\/www.loewen-apotheke24.com\/de\/widerrufsrecht\/\"]}]},{\"@type\":\"WebSite\",\"@id\":\"https:\/\/www.loewen-apotheke24.com\/de\/#website\",\"url\":\"https:\/\/www.loewen-apotheke24.com\/de\/\",\"name\":\"L\u00f6wen Apotheke24\",\"description\":\"Spezialist f\u00fcr Naturmedizin - Versandapotheke Baden-Baden\",\"publisher\":{\"@id\":\"https:\/\/www.loewen-apotheke24.com\/de\/#organization\"},\"potentialAction\":[{\"@type\":\"SearchAction\",\"target\":{\"@type\":\"EntryPoint\",\"urlTemplate\":\"https:\/\/www.loewen-apotheke24.com\/de\/?s={search_term_string}\"},\"query-input\":\"required name=search_term_string\"}],\"inLanguage\":\"de\"},{\"@type\":\"Organization\",\"@id\":\"https:\/\/www.loewen-apotheke24.com\/de\/#organization\",\"name\":\"L\u00f6wen Apotheke\",\"alternateName\":\"L\u00f6wen Apotheke\",\"url\":\"https:\/\/www.loewen-apotheke24.com\/de\/\",\"logo\":{\"@type\":\"ImageObject\",\"inLanguage\":\"de\",\"@id\":\"https:\/\/www.loewen-apotheke24.com\/de\/#\/schema\/logo\/image\/\",\"url\":\"https:\/\/www.loewen-apotheke24.com\/wp-content\/uploads\/2024\/02\/Logo-Loewen-Apotheke-700x700-1.png\",\"contentUrl\":\"https:\/\/www.loewen-apotheke24.com\/wp-content\/uploads\/2024\/02\/Logo-Loewen-Apotheke-700x700-1.png\",\"width\":700,\"height\":700,\"caption\":\"L\u00f6wen Apotheke\"},\"image\":{\"@id\":\"https:\/\/www.loewen-apotheke24.com\/de\/#\/schema\/logo\/image\/\"}}]}<\/script>\n<!-- \/ Yoast SEO Premium plugin. -->","yoast_head_json":{"title":"Widerrufsrecht der L\u00f6wen Apotheke, aus Baden-Baden","description":"Widerrufsrecht der L\u00f6wen Apotheke, 76530 Baden-Baden - Gepr\u00fcfte Qualit\u00e4t - Individuelle Fachberatung - Naturheilkunde - Sicheres Einkaufen","robots":{"index":"index","follow":"follow","max-snippet":"max-snippet:-1","max-image-preview":"max-image-preview:large","max-video-preview":"max-video-preview:-1"},"canonical":"https:\/\/www.loewen-apotheke24.com\/de\/widerrufsrecht\/","og_locale":"de_DE","og_type":"article","og_title":"Widerrufsrecht der L\u00f6wen Apotheke, aus Baden-Baden","og_description":"Widerrufsrecht der L\u00f6wen Apotheke, 76530 Baden-Baden - Gepr\u00fcfte Qualit\u00e4t - Individuelle Fachberatung - Naturheilkunde - Sicheres Einkaufen","og_url":"https:\/\/www.loewen-apotheke24.com\/de\/widerrufsrecht\/","og_site_name":"L\u00f6wen Apotheke24","article_modified_time":"2025-11-21T08:37:19+00:00","twitter_card":"summary_large_image","twitter_misc":{"Gesch\u00e4tzte Lesezeit":"4\u00a0Minuten"},"schema":{"@context":"https:\/\/schema.org","@graph":[{"@type":"WebPage","@id":"https:\/\/www.loewen-apotheke24.com\/de\/widerrufsrecht\/","url":"https:\/\/www.loewen-apotheke24.com\/de\/widerrufsrecht\/","name":"Widerrufsrecht der L\u00f6wen Apotheke, aus Baden-Baden","isPartOf":{"@id":"https:\/\/www.loewen-apotheke24.com\/de\/#website"},"datePublished":"2017-03-17T20:15:42+00:00","dateModified":"2025-11-21T08:37:19+00:00","description":"Widerrufsrecht der L\u00f6wen Apotheke, 76530 Baden-Baden - Gepr\u00fcfte Qualit\u00e4t - Individuelle Fachberatung - Naturheilkunde - Sicheres Einkaufen","inLanguage":"de","potentialAction":[{"@type":"ReadAction","target":["https:\/\/www.loewen-apotheke24.com\/de\/widerrufsrecht\/"]}]},{"@type":"WebSite","@id":"https:\/\/www.loewen-apotheke24.com\/de\/#website","url":"https:\/\/www.loewen-apotheke24.com\/de\/","name":"L\u00f6wen Apotheke24","description":"Spezialist f\u00fcr Naturmedizin - Versandapotheke Baden-Baden","publisher":{"@id":"https:\/\/www.loewen-apotheke24.com\/de\/#organization"},"potentialAction":[{"@type":"SearchAction","target":{"@type":"EntryPoint","urlTemplate":"https:\/\/www.loewen-apotheke24.com\/de\/?s={search_term_string}"},"query-input":"required name=search_term_string"}],"inLanguage":"de"},{"@type":"Organization","@id":"https:\/\/www.loewen-apotheke24.com\/de\/#organization","name":"L\u00f6wen Apotheke","alternateName":"L\u00f6wen Apotheke","url":"https:\/\/www.loewen-apotheke24.com\/de\/","logo":{"@type":"ImageObject","inLanguage":"de","@id":"https:\/\/www.loewen-apotheke24.com\/de\/#\/schema\/logo\/image\/","url":"https:\/\/www.loewen-apotheke24.com\/wp-content\/uploads\/2024\/02\/Logo-Loewen-Apotheke-700x700-1.png","contentUrl":"https:\/\/www.loewen-apotheke24.com\/wp-content\/uploads\/2024\/02\/Logo-Loewen-Apotheke-700x700-1.png","width":700,"height":700,"caption":"L\u00f6wen Apotheke"},"image":{"@id":"https:\/\/www.loewen-apotheke24.com\/de\/#\/schema\/logo\/image\/"}}]}},"_links":{"self":[{"href":"https:\/\/www.loewen-apotheke24.com\/de\/wp-json\/wp\/v2\/pages\/388"}],"collection":[{"href":"https:\/\/www.loewen-apotheke24.com\/de\/wp-json\/wp\/v2\/pages"}],"about":[{"href":"https:\/\/www.loewen-apotheke24.com\/de\/wp-json\/wp\/v2\/types\/page"}],"author":[{"embeddable":true,"href":"https:\/\/www.loewen-apotheke24.com\/de\/wp-json\/wp\/v2\/users\/1"}],"replies":[{"embeddable":true,"href":"https:\/\/www.loewen-apotheke24.com\/de\/wp-json\/wp\/v2\/comments?post=388"}],"version-history":[{"count":0,"href":"https:\/\/www.loewen-apotheke24.com\/de\/wp-json\/wp\/v2\/pages\/388\/revisions"}],"wp:attachment":[{"href":"https:\/\/www.loewen-apotheke24.com\/de\/wp-json\/wp\/v2\/media?parent=388"}],"curies":[{"name":"wp","href":"https:\/\/api.w.org\/{rel}","templated":true}]}}