{"id":413,"date":"2017-03-18T08:00:31","date_gmt":"2017-03-18T08:00:31","guid":{"rendered":"https:\/\/www.loewen-apotheke24.com\/?page_id=413"},"modified":"2023-07-01T06:07:31","modified_gmt":"2023-07-01T05:07:31","slug":"schuessler-salz-mixer","status":"publish","type":"page","link":"https:\/\/www.loewen-apotheke24.com\/de\/schuessler-salz-mixer\/","title":{"rendered":"Mein Sch\u00fcssler Salz Mixer"},"content":{"rendered":"<h2>Mein Sch\u00fcssler Salz Mixer<\/h2>\n<p><img decoding=\"async\" loading=\"lazy\" class=\" wp-image-3628 alignright\" src=\"https:\/\/www.loewen-apotheke24.com\/wp-content\/uploads\/2017\/11\/schuessler-salze.jpg\" alt=\"mein schuessler salz mixer\" width=\"159\" height=\"168\" srcset=\"https:\/\/www.loewen-apotheke24.com\/wp-content\/uploads\/2017\/11\/schuessler-salze.jpg 249w, https:\/\/www.loewen-apotheke24.com\/wp-content\/uploads\/2017\/11\/schuessler-salze-64x68.jpg 64w\" sizes=\"(max-width: 159px) 100vw, 159px\" \/><\/p>\n<p>Sie wissen, welche Sch\u00fcssler Salze Ihnen fehlen?<\/p>\n<p>Wir mixen Ihnen Ihre individuelle Sch\u00fcssler Salze ganz nach dem Motto: Mein Sch\u00fcssler Salz &#8211; individuell auf mich abgestimmt.<\/p>\n<p>Ihre individuelle Mischung wird dann als Pulver in garantierter Apothekenqualit\u00e4t schnell und bequem zu ihnen nach Hause geliefert. Die Herstellung erfolgt im Rahmen einer rezepturm\u00e4\u00dfigen Einzelanfertigung speziell auf Ihre individuelle Bestellung.<\/p>\n<h3>Mein Sch\u00fcssler Salz: 100% individuell &#8211; Ihre ganz pers\u00f6nliche Mischung<\/h3>\n<ul style=\"list-style-type: square;\">\n<li>100% individuell \u2013 Made in Germany<\/li>\n<li>Vereinfachte Einnahme \u2013 nur eine Mischung<\/li>\n<li>Wohltuend \u2013 Kein trockener Mund<\/li>\n<\/ul>\n<p>Zur individuellen Bedarfsanalyse:<br \/>\n<a href=\"https:\/\/meinschuesslersalz.de\/individuelle-bedarfsanalyse\/\">http:\/\/www.meinschuesslersalz.de\/bedarfsanalyse.html<\/a><\/p>\n<p>&nbsp;<\/p>\n<p><a href=\"https:\/\/www.loewen-apotheke24.com\/de\/schuessler-salz-pulver-mix\/\">Zum Sch\u00fcssler Salz Mixer<\/a><\/p>\n","protected":false},"excerpt":{"rendered":"<p>Mein Sch\u00fcssler Salz Mixer Sie wissen, welche Sch\u00fcssler Salze Ihnen fehlen? Wir mixen Ihnen Ihre individuelle Sch\u00fcssler Salze ganz nach dem Motto: Mein Sch\u00fcssler Salz &#8211; individuell auf mich abgestimmt. [&hellip;]<\/p>\n","protected":false},"author":1,"featured_media":0,"parent":0,"menu_order":0,"comment_status":"closed","ping_status":"closed","template":"","meta":[],"yoast_head":"<!-- This site is optimized with the Yoast SEO Premium plugin v21.0 (Yoast SEO v21.0) - https:\/\/yoast.com\/wordpress\/plugins\/seo\/ -->\n<title>Mein Sch\u00fcssler Salz Mixer | 100% individuell | L\u00f6wen Apotheke24<\/title>\n<meta name=\"description\" content=\"L\u00f6wen Apotheke24 - Spezialist f\u00fcr Naturheilkunde - kurze Lieferzeit - gratis Lieferung ab 30 \u20ac - Mein Sch\u00fcssler Salz Mixer\" \/>\n<meta name=\"robots\" content=\"index, follow, max-snippet:-1, max-image-preview:large, max-video-preview:-1\" \/>\n<link rel=\"canonical\" href=\"https:\/\/www.loewen-apotheke24.com\/de\/schuessler-salz-mixer\/\" \/>\n<meta property=\"og:locale\" content=\"de_DE\" \/>\n<meta property=\"og:type\" content=\"article\" \/>\n<meta property=\"og:title\" content=\"Mein Sch\u00fcssler Salz Mixer | 100% individuell | L\u00f6wen Apotheke24\" \/>\n<meta property=\"og:description\" content=\"L\u00f6wen Apotheke24 - Spezialist f\u00fcr Naturheilkunde - kurze Lieferzeit - gratis Lieferung ab 30 \u20ac - Mein Sch\u00fcssler Salz Mixer\" \/>\n<meta property=\"og:url\" content=\"https:\/\/www.loewen-apotheke24.com\/de\/schuessler-salz-mixer\/\" \/>\n<meta property=\"og:site_name\" content=\"L\u00f6wen Apotheke24\" \/>\n<meta property=\"article:modified_time\" content=\"2023-07-01T05:07:31+00:00\" \/>\n<meta property=\"og:image\" content=\"https:\/\/www.loewen-apotheke24.com\/wp-content\/uploads\/2017\/11\/schuessler-salze.jpg\" \/>\n<meta name=\"twitter:card\" content=\"summary_large_image\" \/>\n<meta name=\"twitter:label1\" content=\"Gesch\u00e4tzte Lesezeit\" \/>\n\t<meta name=\"twitter:data1\" content=\"1\u00a0Minute\" \/>\n<script type=\"application\/ld+json\" class=\"yoast-schema-graph\">{\"@context\":\"https:\/\/schema.org\",\"@graph\":[{\"@type\":\"WebPage\",\"@id\":\"https:\/\/www.loewen-apotheke24.com\/de\/schuessler-salz-mixer\/\",\"url\":\"https:\/\/www.loewen-apotheke24.com\/de\/schuessler-salz-mixer\/\",\"name\":\"Mein Sch\u00fcssler Salz Mixer | 100% individuell | L\u00f6wen Apotheke24\",\"isPartOf\":{\"@id\":\"https:\/\/www.loewen-apotheke24.com\/de\/#website\"},\"datePublished\":\"2017-03-18T08:00:31+00:00\",\"dateModified\":\"2023-07-01T05:07:31+00:00\",\"description\":\"L\u00f6wen Apotheke24 - Spezialist f\u00fcr Naturheilkunde - kurze Lieferzeit - gratis Lieferung ab 30 \u20ac - Mein Sch\u00fcssler Salz Mixer\",\"inLanguage\":\"de\",\"potentialAction\":[{\"@type\":\"ReadAction\",\"target\":[\"https:\/\/www.loewen-apotheke24.com\/de\/schuessler-salz-mixer\/\"]}]},{\"@type\":\"WebSite\",\"@id\":\"https:\/\/www.loewen-apotheke24.com\/de\/#website\",\"url\":\"https:\/\/www.loewen-apotheke24.com\/de\/\",\"name\":\"L\u00f6wen Apotheke24\",\"description\":\"Spezialist f\u00fcr Naturmedizin - Versandapotheke Baden-Baden\",\"publisher\":{\"@id\":\"https:\/\/www.loewen-apotheke24.com\/de\/#organization\"},\"potentialAction\":[{\"@type\":\"SearchAction\",\"target\":{\"@type\":\"EntryPoint\",\"urlTemplate\":\"https:\/\/www.loewen-apotheke24.com\/de\/?s={search_term_string}\"},\"query-input\":\"required name=search_term_string\"}],\"inLanguage\":\"de\"},{\"@type\":\"Organization\",\"@id\":\"https:\/\/www.loewen-apotheke24.com\/de\/#organization\",\"name\":\"L\u00f6wen Apotheke\",\"alternateName\":\"L\u00f6wen Apotheke\",\"url\":\"https:\/\/www.loewen-apotheke24.com\/de\/\",\"logo\":{\"@type\":\"ImageObject\",\"inLanguage\":\"de\",\"@id\":\"https:\/\/www.loewen-apotheke24.com\/de\/#\/schema\/logo\/image\/\",\"url\":\"https:\/\/www.loewen-apotheke24.com\/wp-content\/uploads\/2024\/02\/Logo-Loewen-Apotheke-700x700-1.png\",\"contentUrl\":\"https:\/\/www.loewen-apotheke24.com\/wp-content\/uploads\/2024\/02\/Logo-Loewen-Apotheke-700x700-1.png\",\"width\":700,\"height\":700,\"caption\":\"L\u00f6wen Apotheke\"},\"image\":{\"@id\":\"https:\/\/www.loewen-apotheke24.com\/de\/#\/schema\/logo\/image\/\"}}]}<\/script>\n<!-- \/ Yoast SEO Premium plugin. -->","yoast_head_json":{"title":"Mein Sch\u00fcssler Salz Mixer | 100% individuell | L\u00f6wen Apotheke24","description":"L\u00f6wen Apotheke24 - Spezialist f\u00fcr Naturheilkunde - kurze Lieferzeit - gratis Lieferung ab 30 \u20ac - Mein Sch\u00fcssler Salz Mixer","robots":{"index":"index","follow":"follow","max-snippet":"max-snippet:-1","max-image-preview":"max-image-preview:large","max-video-preview":"max-video-preview:-1"},"canonical":"https:\/\/www.loewen-apotheke24.com\/de\/schuessler-salz-mixer\/","og_locale":"de_DE","og_type":"article","og_title":"Mein Sch\u00fcssler Salz Mixer | 100% individuell | L\u00f6wen Apotheke24","og_description":"L\u00f6wen Apotheke24 - Spezialist f\u00fcr Naturheilkunde - kurze Lieferzeit - gratis Lieferung ab 30 \u20ac - Mein Sch\u00fcssler Salz Mixer","og_url":"https:\/\/www.loewen-apotheke24.com\/de\/schuessler-salz-mixer\/","og_site_name":"L\u00f6wen Apotheke24","article_modified_time":"2023-07-01T05:07:31+00:00","og_image":[{"url":"https:\/\/www.loewen-apotheke24.com\/wp-content\/uploads\/2017\/11\/schuessler-salze.jpg"}],"twitter_card":"summary_large_image","twitter_misc":{"Gesch\u00e4tzte Lesezeit":"1\u00a0Minute"},"schema":{"@context":"https:\/\/schema.org","@graph":[{"@type":"WebPage","@id":"https:\/\/www.loewen-apotheke24.com\/de\/schuessler-salz-mixer\/","url":"https:\/\/www.loewen-apotheke24.com\/de\/schuessler-salz-mixer\/","name":"Mein Sch\u00fcssler Salz Mixer | 100% individuell | L\u00f6wen Apotheke24","isPartOf":{"@id":"https:\/\/www.loewen-apotheke24.com\/de\/#website"},"datePublished":"2017-03-18T08:00:31+00:00","dateModified":"2023-07-01T05:07:31+00:00","description":"L\u00f6wen Apotheke24 - Spezialist f\u00fcr Naturheilkunde - kurze Lieferzeit - gratis Lieferung ab 30 \u20ac - Mein Sch\u00fcssler Salz Mixer","inLanguage":"de","potentialAction":[{"@type":"ReadAction","target":["https:\/\/www.loewen-apotheke24.com\/de\/schuessler-salz-mixer\/"]}]},{"@type":"WebSite","@id":"https:\/\/www.loewen-apotheke24.com\/de\/#website","url":"https:\/\/www.loewen-apotheke24.com\/de\/","name":"L\u00f6wen Apotheke24","description":"Spezialist f\u00fcr Naturmedizin - Versandapotheke Baden-Baden","publisher":{"@id":"https:\/\/www.loewen-apotheke24.com\/de\/#organization"},"potentialAction":[{"@type":"SearchAction","target":{"@type":"EntryPoint","urlTemplate":"https:\/\/www.loewen-apotheke24.com\/de\/?s={search_term_string}"},"query-input":"required name=search_term_string"}],"inLanguage":"de"},{"@type":"Organization","@id":"https:\/\/www.loewen-apotheke24.com\/de\/#organization","name":"L\u00f6wen Apotheke","alternateName":"L\u00f6wen Apotheke","url":"https:\/\/www.loewen-apotheke24.com\/de\/","logo":{"@type":"ImageObject","inLanguage":"de","@id":"https:\/\/www.loewen-apotheke24.com\/de\/#\/schema\/logo\/image\/","url":"https:\/\/www.loewen-apotheke24.com\/wp-content\/uploads\/2024\/02\/Logo-Loewen-Apotheke-700x700-1.png","contentUrl":"https:\/\/www.loewen-apotheke24.com\/wp-content\/uploads\/2024\/02\/Logo-Loewen-Apotheke-700x700-1.png","width":700,"height":700,"caption":"L\u00f6wen Apotheke"},"image":{"@id":"https:\/\/www.loewen-apotheke24.com\/de\/#\/schema\/logo\/image\/"}}]}},"_links":{"self":[{"href":"https:\/\/www.loewen-apotheke24.com\/de\/wp-json\/wp\/v2\/pages\/413"}],"collection":[{"href":"https:\/\/www.loewen-apotheke24.com\/de\/wp-json\/wp\/v2\/pages"}],"about":[{"href":"https:\/\/www.loewen-apotheke24.com\/de\/wp-json\/wp\/v2\/types\/page"}],"author":[{"embeddable":true,"href":"https:\/\/www.loewen-apotheke24.com\/de\/wp-json\/wp\/v2\/users\/1"}],"replies":[{"embeddable":true,"href":"https:\/\/www.loewen-apotheke24.com\/de\/wp-json\/wp\/v2\/comments?post=413"}],"version-history":[{"count":0,"href":"https:\/\/www.loewen-apotheke24.com\/de\/wp-json\/wp\/v2\/pages\/413\/revisions"}],"wp:attachment":[{"href":"https:\/\/www.loewen-apotheke24.com\/de\/wp-json\/wp\/v2\/media?parent=413"}],"curies":[{"name":"wp","href":"https:\/\/api.w.org\/{rel}","templated":true}]}}