{"id":69282,"date":"2023-07-01T06:04:07","date_gmt":"2023-07-01T05:04:07","guid":{"rendered":"https:\/\/www.loewen-apotheke24.com\/?page_id=69282"},"modified":"2025-08-12T07:55:10","modified_gmt":"2025-08-12T06:55:10","slug":"e-rezept","status":"publish","type":"page","link":"https:\/\/www.loewen-apotheke24.com\/de\/e-rezept\/","title":{"rendered":"E-Rezept einl\u00f6sen"},"content":{"rendered":"<h2><a href=\"https:\/\/e-rezept-app.de\/\" rel=\"https:\/\/e-rezept-app.de\/\"><img decoding=\"async\" loading=\"lazy\" class=\"alignnone wp-image-71666\" src=\"https:\/\/www.loewen-apotheke24.com\/wp-content\/uploads\/2023\/08\/Header-e-rezept.webp\" alt=\"Header e-rezept einl\u00f6sen, rezept einl\u00f6sen\" width=\"1046\" height=\"651\" srcset=\"https:\/\/www.loewen-apotheke24.com\/wp-content\/uploads\/2023\/08\/Header-e-rezept.webp 853w, https:\/\/www.loewen-apotheke24.com\/wp-content\/uploads\/2023\/08\/Header-e-rezept-600x374.webp 600w, https:\/\/www.loewen-apotheke24.com\/wp-content\/uploads\/2023\/08\/Header-e-rezept-64x40.webp 64w, https:\/\/www.loewen-apotheke24.com\/wp-content\/uploads\/2023\/08\/Header-e-rezept-300x187.webp 300w, https:\/\/www.loewen-apotheke24.com\/wp-content\/uploads\/2023\/08\/Header-e-rezept-768x478.webp 768w\" sizes=\"(max-width: 1046px) 100vw, 1046px\" \/><\/a><\/h2>\n<h2><\/h2>\n<h2>E-Rezept einl\u00f6sen &#8211; einfach und schnell<\/h2>\n<p>Unter einem <a href=\"https:\/\/e-rezept-app.de\/\">E-Rezept<\/a>, auch \u201edigitales Rezept\u201c oder \u201eOnline-Rezept\u201c genannt, versteht man eine digitale Version der herk\u00f6mmlichen Verschreibung. E-Rezepte werden von der\/dem verordnenden \u00c4rztin\/Arzt qualifiziert elektronisch signiert. Unsere Apotheke \u00fcberpr\u00fcft diese Signatur im Rahmen der Abgabe des Medikaments.<\/p>\n<p>So L\u00f6sen Sie Ihr E-Rezept schnell und sicher ein, indem Sie es mit Ihrer Webcam scannen oder als Datei hochladen, per E-Mail zu senden oder bei uns in unsere Apotheke Vorort direkt einl\u00f6sen. Es gibt viele M\u00f6glichkeiten.<\/p>\n<h4><strong>Ihr E-Rezept k\u00f6nnen Sie bei uns auf vielen Wegen einl\u00f6sen:<\/strong><\/h4>\n<p><a href=\"https:\/\/e-rezept-app.de\" target=\"_blank\" rel=\"noopener\"><img decoding=\"async\" loading=\"lazy\" class=\"size-full wp-image-71663 alignnone\" src=\"https:\/\/www.loewen-apotheke24.com\/wp-content\/uploads\/2023\/08\/e-rezept-einloesen-so-gehts.png\" alt=\"e-rezept einl\u00f6sen - so geht's\" width=\"1273\" height=\"340\" srcset=\"https:\/\/www.loewen-apotheke24.com\/wp-content\/uploads\/2023\/08\/e-rezept-einloesen-so-gehts.png 1273w, https:\/\/www.loewen-apotheke24.com\/wp-content\/uploads\/2023\/08\/e-rezept-einloesen-so-gehts-600x160.png 600w, https:\/\/www.loewen-apotheke24.com\/wp-content\/uploads\/2023\/08\/e-rezept-einloesen-so-gehts-64x17.png 64w, https:\/\/www.loewen-apotheke24.com\/wp-content\/uploads\/2023\/08\/e-rezept-einloesen-so-gehts-300x80.png 300w, https:\/\/www.loewen-apotheke24.com\/wp-content\/uploads\/2023\/08\/e-rezept-einloesen-so-gehts-1024x273.png 1024w, https:\/\/www.loewen-apotheke24.com\/wp-content\/uploads\/2023\/08\/e-rezept-einloesen-so-gehts-768x205.png 768w\" sizes=\"(max-width: 1273px) 100vw, 1273px\" \/><\/a><\/p>\n<p><strong>Filiale Apotheke (Vorort &amp; Botendienst)<\/strong><\/p>\n<ol>\n<li><strong>Ausdruck<\/strong>: Sie haben Ihr Rezept oder E-Rezept als Ausdruck, kommen Sie einfach vorbei wir lesen das Rezept ein.<\/li>\n<li><strong>Gesundheitskarte<\/strong> mit NFC-Funktion: Sie haben Ihre auf der Gesundheitskarte hinterlegt, kommen Sie einfach vorbei wir lesen das Rezept ein.<\/li>\n<li><strong>App<\/strong>: Nutzen Sie unsere <a href=\"https:\/\/e-rezept-app.de\/\">E-Rezept App<\/a> oder w\u00e4hlen die L\u00f6wen Apotheke24 in der der App der <a href=\"https:\/\/www.gematik.de\/anwendungen\/e-rezept\" target=\"_blank\" rel=\"noopener\">gematik<\/a> aus, w\u00e4hlen &#8222;Abholung&#8220; aus und \u00fcbertragen uns so alles digital, kommen Sie einfach vorbei.<\/li>\n<li><strong>E-Mail<\/strong>: Sie schicken das E-Rezept einfach per E-Mail an uns: <a href=\"mailto:rezept@loewen-apotheke24.de\">rezept@loewen-apotheke24.de<\/a> &#8211; schreiben Sie &#8222;Abholung&#8220; und \u00fcbertragen uns so alles digital, kommen Sie einfach vorbei.<\/li>\n<li><strong>WhatsApp<\/strong>:\u00a0 Sie schicken das E-Rezept einfach per Message mit Foto vom Rezept, schreiben &#8222;Abholung&#8220; und \u00fcbertragen uns alles digital, kommen Sie einfach vorbei.<\/li>\n<\/ol>\n<p>&nbsp;<\/p>\n<p><strong>Online (Versand)<\/strong><\/p>\n<ol>\n<li><strong>Postweg<\/strong>: Sie schicken das ausgedruckten E-Rezept einfach zu uns in die L\u00f6wen Apotheke \u2013 so wie bisher auch. (<a href=\"https:\/\/www.loewen-apotheke24.com\/de\/kontakt-aufnehmen-loewen-apotheke24-aus-baden-baden-de\/\">Postdresse<\/a>)<\/li>\n<li><strong>Upload<\/strong>: Sie laden das E-Rezept als Foto in unserem <a href=\"https:\/\/e-rezept-app.de\/\">Online-Shop<\/a> hoch \u2013 schlie\u00dfen Sie die Bestellung ab &#8211; wir liefern Ihre Bestellung innerhalb von 1-2 Werktagen direkt an Sie.<\/li>\n<li><strong>App<\/strong>: Nutzen Sie unsere <a href=\"https:\/\/e-rezept-app.de\/\">E-Rezept App<\/a> oder w\u00e4hlen die L\u00f6wen Apotheke24 in der der App der <a href=\"https:\/\/www.gematik.de\/anwendungen\/e-rezept\" target=\"_blank\" rel=\"noopener\">gematik<\/a> aus, w\u00e4hlen &#8222;Versand&#8220; aus und schicken uns so das E-Rezept digital \u2013 wir liefern Ihre Bestellung innerhalb von 1-2 Werktagen direkt an Sie.<\/li>\n<li><strong>E-Mail<\/strong>: Sie schicken das E-Rezept einfach per E-Mail an uns: <a href=\"mailto:rezept@loewen-apotheke24.de\">rezept@loewen-apotheke24.de<\/a> &#8211; wir liefern Ihre Bestellung innerhalb von 1-2 Werktagen direkt an Sie.<\/li>\n<li><strong>WhatsApp<\/strong>:\u00a0 Sie schicken das E-Rezept einfach per Message mit Foto vom Rezept, schreiben &#8222;Versand&#8220;, wir senden Ihre Bestellung innerhalb von 1-2 Werktagen direkt an Sie.<\/li>\n<\/ol>\n<p>&nbsp;<\/p>\n<h3>Habe ich ein E-Rezept?<\/h3>\n<p>So sieht es ein E-Rezept aus. Der Ausdruck enth\u00e4lt einen oder mehrere QR-Codes. Der gr\u00f6\u00dfte QR-Code ist der \u201eSammelcode\u201c. Damit k\u00f6nnen Sie alle Medikamente eines Rezepts auf einmal einl\u00f6sen. Bei mehreren Medikamenten auf einem Rezept erh\u00e4lt jedes einzelnen auch einen eigenen, kleineren QR-Code. Somit k\u00f6nnen Sie die Medikamente auch einzeln einl\u00f6sen.<\/p>\n<p><img decoding=\"async\" loading=\"lazy\" class=\"size-full wp-image-139237 alignnone\" src=\"https:\/\/www.loewen-apotheke24.com\/wp-content\/uploads\/2025\/08\/Ausdruck-E-Rezept-als-Muster-1.webp\" alt=\"Ausdruck E-Rezept als Muster\" width=\"841\" height=\"551\" srcset=\"https:\/\/www.loewen-apotheke24.com\/wp-content\/uploads\/2025\/08\/Ausdruck-E-Rezept-als-Muster-1.webp 841w, https:\/\/www.loewen-apotheke24.com\/wp-content\/uploads\/2025\/08\/Ausdruck-E-Rezept-als-Muster-1-600x393.webp 600w, https:\/\/www.loewen-apotheke24.com\/wp-content\/uploads\/2025\/08\/Ausdruck-E-Rezept-als-Muster-1-64x42.webp 64w, https:\/\/www.loewen-apotheke24.com\/wp-content\/uploads\/2025\/08\/Ausdruck-E-Rezept-als-Muster-1-300x197.webp 300w, https:\/\/www.loewen-apotheke24.com\/wp-content\/uploads\/2025\/08\/Ausdruck-E-Rezept-als-Muster-1-768x503.webp 768w\" sizes=\"(max-width: 841px) 100vw, 841px\" \/><\/p>\n<h3>So einfach geht&#8217;s:<\/h3>\n<p><strong>Hochladen und \u00fcbermitteln<br \/>\n<\/strong><a href=\"https:\/\/e-rezept-app.de\/\">E-Rezept<\/a>\u00a0mit dem Smartphone oder Computer einscannen.<br \/>\nMithilfe unseres Webshops einfach scannen oder als Foto bzw. PDF-Datei hochladen. Mit dem Formular absenden.<\/p>\n<p>Alternativ k\u00f6nnen Sie Ihr eRezept auch ganz einfach per Mail an uns senden: <a href=\"mailto:rezept@loewen-apotheke24.de\">rezept@loewen-apotheke24.de<\/a><\/p>\n<p><strong>Schnelle Lieferung<\/strong><br \/>\nWir liefern in der regeln in <a href=\"https:\/\/www.loewen-apotheke24.com\/de\/versand\/\">1-2 Werktagen mit DHL in Abh\u00e4ngigkeit<\/a> der Produktverf\u00fcgbarkeit.<\/p>\n<p>&nbsp;<\/p>\n<h3>Haben Sie noch Fragen zur Einl\u00f6sung ?<\/h3>\n<p>Unser Team der L\u00f6wen Apotheke in Baden-Baden unterst\u00fctzt Sie gerne unter 07221 \/ 22 120.<\/p>\n<p>&nbsp;<\/p>\n<p>Hinweis: E-Rezepte nur einmalig einl\u00f6sbar. Weitere Informationen finden Sie bei der <a href=\"https:\/\/www.das-e-rezept-fuer-deutschland.de\/app\">gematik<\/a>.<\/p>\n","protected":false},"excerpt":{"rendered":"<p>E-Rezept einl\u00f6sen &#8211; einfach und schnell Unter einem E-Rezept, auch \u201edigitales Rezept\u201c oder \u201eOnline-Rezept\u201c genannt, versteht man eine digitale Version der herk\u00f6mmlichen Verschreibung. E-Rezepte werden von der\/dem verordnenden \u00c4rztin\/Arzt qualifiziert [&hellip;]<\/p>\n","protected":false},"author":2,"featured_media":71666,"parent":0,"menu_order":0,"comment_status":"closed","ping_status":"closed","template":"template-fullwidth.php","meta":[],"yoast_head":"<!-- This site is optimized with the Yoast SEO Premium plugin v21.0 (Yoast SEO v21.0) - https:\/\/yoast.com\/wordpress\/plugins\/seo\/ -->\n<title>E-Rezept einl\u00f6sen - einfach, sicher und schnell | L\u00f6wen Apotheke24<\/title>\n<meta name=\"description\" content=\"L\u00f6wen Apotheke24 - kurze Lieferzeit - gratis Lieferung bei Rezepten - f\u00e4hig. E-Rezept einfach hochladen oder zu senden.\" \/>\n<meta name=\"robots\" content=\"index, follow, max-snippet:-1, max-image-preview:large, max-video-preview:-1\" \/>\n<link rel=\"canonical\" href=\"https:\/\/www.loewen-apotheke24.com\/de\/e-rezept\/\" \/>\n<meta property=\"og:locale\" content=\"de_DE\" \/>\n<meta property=\"og:type\" content=\"article\" \/>\n<meta property=\"og:title\" content=\"E-Rezept einl\u00f6sen - einfach, sicher und schnell | L\u00f6wen Apotheke24\" \/>\n<meta property=\"og:description\" content=\"L\u00f6wen Apotheke24 - kurze Lieferzeit - gratis Lieferung bei Rezepten - f\u00e4hig. E-Rezept einfach hochladen oder zu senden.\" \/>\n<meta property=\"og:url\" content=\"https:\/\/www.loewen-apotheke24.com\/de\/e-rezept\/\" \/>\n<meta property=\"og:site_name\" content=\"L\u00f6wen Apotheke24\" \/>\n<meta property=\"article:modified_time\" content=\"2025-08-12T06:55:10+00:00\" \/>\n<meta property=\"og:image\" content=\"https:\/\/www.loewen-apotheke24.com\/wp-content\/uploads\/2023\/08\/Header-e-rezept.webp\" \/>\n\t<meta property=\"og:image:width\" content=\"853\" \/>\n\t<meta property=\"og:image:height\" content=\"531\" \/>\n\t<meta property=\"og:image:type\" content=\"image\/webp\" \/>\n<meta name=\"twitter:card\" content=\"summary_large_image\" \/>\n<meta name=\"twitter:label1\" content=\"Gesch\u00e4tzte Lesezeit\" \/>\n\t<meta name=\"twitter:data1\" content=\"4\u00a0Minuten\" \/>\n<script type=\"application\/ld+json\" class=\"yoast-schema-graph\">{\"@context\":\"https:\/\/schema.org\",\"@graph\":[{\"@type\":\"WebPage\",\"@id\":\"https:\/\/www.loewen-apotheke24.com\/de\/e-rezept\/\",\"url\":\"https:\/\/www.loewen-apotheke24.com\/de\/e-rezept\/\",\"name\":\"E-Rezept einl\u00f6sen - einfach, sicher und schnell | L\u00f6wen Apotheke24\",\"isPartOf\":{\"@id\":\"https:\/\/www.loewen-apotheke24.com\/de\/#website\"},\"datePublished\":\"2023-07-01T05:04:07+00:00\",\"dateModified\":\"2025-08-12T06:55:10+00:00\",\"description\":\"L\u00f6wen Apotheke24 - kurze Lieferzeit - gratis Lieferung bei Rezepten - f\u00e4hig. E-Rezept einfach hochladen oder zu senden.\",\"inLanguage\":\"de\",\"potentialAction\":[{\"@type\":\"ReadAction\",\"target\":[\"https:\/\/www.loewen-apotheke24.com\/de\/e-rezept\/\"]}]},{\"@type\":\"WebSite\",\"@id\":\"https:\/\/www.loewen-apotheke24.com\/de\/#website\",\"url\":\"https:\/\/www.loewen-apotheke24.com\/de\/\",\"name\":\"L\u00f6wen Apotheke24\",\"description\":\"Spezialist f\u00fcr Naturmedizin - Versandapotheke Baden-Baden\",\"publisher\":{\"@id\":\"https:\/\/www.loewen-apotheke24.com\/de\/#organization\"},\"potentialAction\":[{\"@type\":\"SearchAction\",\"target\":{\"@type\":\"EntryPoint\",\"urlTemplate\":\"https:\/\/www.loewen-apotheke24.com\/de\/?s={search_term_string}\"},\"query-input\":\"required name=search_term_string\"}],\"inLanguage\":\"de\"},{\"@type\":\"Organization\",\"@id\":\"https:\/\/www.loewen-apotheke24.com\/de\/#organization\",\"name\":\"L\u00f6wen Apotheke\",\"alternateName\":\"L\u00f6wen Apotheke\",\"url\":\"https:\/\/www.loewen-apotheke24.com\/de\/\",\"logo\":{\"@type\":\"ImageObject\",\"inLanguage\":\"de\",\"@id\":\"https:\/\/www.loewen-apotheke24.com\/de\/#\/schema\/logo\/image\/\",\"url\":\"https:\/\/www.loewen-apotheke24.com\/wp-content\/uploads\/2024\/02\/Logo-Loewen-Apotheke-700x700-1.png\",\"contentUrl\":\"https:\/\/www.loewen-apotheke24.com\/wp-content\/uploads\/2024\/02\/Logo-Loewen-Apotheke-700x700-1.png\",\"width\":700,\"height\":700,\"caption\":\"L\u00f6wen Apotheke\"},\"image\":{\"@id\":\"https:\/\/www.loewen-apotheke24.com\/de\/#\/schema\/logo\/image\/\"}}]}<\/script>\n<!-- \/ Yoast SEO Premium plugin. -->","yoast_head_json":{"title":"E-Rezept einl\u00f6sen - einfach, sicher und schnell | L\u00f6wen Apotheke24","description":"L\u00f6wen Apotheke24 - kurze Lieferzeit - gratis Lieferung bei Rezepten - f\u00e4hig. E-Rezept einfach hochladen oder zu senden.","robots":{"index":"index","follow":"follow","max-snippet":"max-snippet:-1","max-image-preview":"max-image-preview:large","max-video-preview":"max-video-preview:-1"},"canonical":"https:\/\/www.loewen-apotheke24.com\/de\/e-rezept\/","og_locale":"de_DE","og_type":"article","og_title":"E-Rezept einl\u00f6sen - einfach, sicher und schnell | L\u00f6wen Apotheke24","og_description":"L\u00f6wen Apotheke24 - kurze Lieferzeit - gratis Lieferung bei Rezepten - f\u00e4hig. E-Rezept einfach hochladen oder zu senden.","og_url":"https:\/\/www.loewen-apotheke24.com\/de\/e-rezept\/","og_site_name":"L\u00f6wen Apotheke24","article_modified_time":"2025-08-12T06:55:10+00:00","og_image":[{"width":853,"height":531,"url":"https:\/\/www.loewen-apotheke24.com\/wp-content\/uploads\/2023\/08\/Header-e-rezept.webp","type":"image\/webp"}],"twitter_card":"summary_large_image","twitter_misc":{"Gesch\u00e4tzte Lesezeit":"4\u00a0Minuten"},"schema":{"@context":"https:\/\/schema.org","@graph":[{"@type":"WebPage","@id":"https:\/\/www.loewen-apotheke24.com\/de\/e-rezept\/","url":"https:\/\/www.loewen-apotheke24.com\/de\/e-rezept\/","name":"E-Rezept einl\u00f6sen - einfach, sicher und schnell | L\u00f6wen Apotheke24","isPartOf":{"@id":"https:\/\/www.loewen-apotheke24.com\/de\/#website"},"datePublished":"2023-07-01T05:04:07+00:00","dateModified":"2025-08-12T06:55:10+00:00","description":"L\u00f6wen Apotheke24 - kurze Lieferzeit - gratis Lieferung bei Rezepten - f\u00e4hig. E-Rezept einfach hochladen oder zu senden.","inLanguage":"de","potentialAction":[{"@type":"ReadAction","target":["https:\/\/www.loewen-apotheke24.com\/de\/e-rezept\/"]}]},{"@type":"WebSite","@id":"https:\/\/www.loewen-apotheke24.com\/de\/#website","url":"https:\/\/www.loewen-apotheke24.com\/de\/","name":"L\u00f6wen Apotheke24","description":"Spezialist f\u00fcr Naturmedizin - Versandapotheke Baden-Baden","publisher":{"@id":"https:\/\/www.loewen-apotheke24.com\/de\/#organization"},"potentialAction":[{"@type":"SearchAction","target":{"@type":"EntryPoint","urlTemplate":"https:\/\/www.loewen-apotheke24.com\/de\/?s={search_term_string}"},"query-input":"required name=search_term_string"}],"inLanguage":"de"},{"@type":"Organization","@id":"https:\/\/www.loewen-apotheke24.com\/de\/#organization","name":"L\u00f6wen Apotheke","alternateName":"L\u00f6wen Apotheke","url":"https:\/\/www.loewen-apotheke24.com\/de\/","logo":{"@type":"ImageObject","inLanguage":"de","@id":"https:\/\/www.loewen-apotheke24.com\/de\/#\/schema\/logo\/image\/","url":"https:\/\/www.loewen-apotheke24.com\/wp-content\/uploads\/2024\/02\/Logo-Loewen-Apotheke-700x700-1.png","contentUrl":"https:\/\/www.loewen-apotheke24.com\/wp-content\/uploads\/2024\/02\/Logo-Loewen-Apotheke-700x700-1.png","width":700,"height":700,"caption":"L\u00f6wen Apotheke"},"image":{"@id":"https:\/\/www.loewen-apotheke24.com\/de\/#\/schema\/logo\/image\/"}}]}},"_links":{"self":[{"href":"https:\/\/www.loewen-apotheke24.com\/de\/wp-json\/wp\/v2\/pages\/69282"}],"collection":[{"href":"https:\/\/www.loewen-apotheke24.com\/de\/wp-json\/wp\/v2\/pages"}],"about":[{"href":"https:\/\/www.loewen-apotheke24.com\/de\/wp-json\/wp\/v2\/types\/page"}],"author":[{"embeddable":true,"href":"https:\/\/www.loewen-apotheke24.com\/de\/wp-json\/wp\/v2\/users\/2"}],"replies":[{"embeddable":true,"href":"https:\/\/www.loewen-apotheke24.com\/de\/wp-json\/wp\/v2\/comments?post=69282"}],"version-history":[{"count":0,"href":"https:\/\/www.loewen-apotheke24.com\/de\/wp-json\/wp\/v2\/pages\/69282\/revisions"}],"wp:featuredmedia":[{"embeddable":true,"href":"https:\/\/www.loewen-apotheke24.com\/de\/wp-json\/wp\/v2\/media\/71666"}],"wp:attachment":[{"href":"https:\/\/www.loewen-apotheke24.com\/de\/wp-json\/wp\/v2\/media?parent=69282"}],"curies":[{"name":"wp","href":"https:\/\/api.w.org\/{rel}","templated":true}]}}