{"id":102999,"date":"2024-08-01T13:29:27","date_gmt":"2024-08-01T12:29:27","guid":{"rendered":"https:\/\/www.loewen-apotheke24.com\/?post_type=product&#038;p=102999"},"modified":"2025-12-11T07:32:54","modified_gmt":"2025-12-11T06:32:54","slug":"prostagutt-forte-160-120mg-kapseln-200-stueck-03532861","status":"publish","type":"product","link":"https:\/\/www.loewen-apotheke24.com\/de\/shop\/schwabe\/prostagutt-forte-160-120mg-kapseln-200-stueck-03532861\/","title":{"rendered":"Prostagutt forte 160\/120mg Kapseln (200 St\u00fcck)"},"content":{"rendered":"<h3 style=\"text-align: left;\">Prostagutt (fr\u00fcher forte) duo 160\/120mg Kapseln<\/h3>\n<p>Prostagutt (fr\u00fcher forte) duo 160\/120mg Kapseln. Bei St\u00f6rungen beim Wasserlassen, bei gutartig vergr\u00f6\u00dferter Prostata. Wir liefern den offiziellen Nachfolger von Prostagutt forte &#8211; nicht mehr im Handel.<\/p>\n<ul>\n<li>Hilft bei Beschwerden beim Wasserlassen<\/li>\n<li>Bessert die Beschwerden einer vergr\u00f6\u00dferten Prostata<\/li>\n<li>Reduziert h\u00e4ufigen und n\u00e4chtlichen Harndrang<\/li>\n<\/ul>\n<p>Wirkstoffe: S\u00e4gepalmenfr\u00fcchte-Dickextrakt und Brennnesseltrockenextrakt.<\/p>\n<p>Weitere Produktdetails beim\u00a0 <a href=\"https:\/\/www.schwabe.de\/produkte\/\">Hersteller<\/a>.<\/p>\n<p>Andere Produkte von <a href=\"https:\/\/www.loewen-apotheke24.com\/de\/product_cat\/schwabe\/\">Dr. Schwabe. finden Sie hier.<\/a><\/p>\n<p>Andere Kunden interessierten sich auch f\u00fcr Produkte zum Thema:\u00a0<a href=\"https:\/\/www.loewen-apotheke24.com\/de\/product_tag\/durchfall\/\">Magen, Darm, Durchfall<\/a>\u00a0 |\u00a0\u00a0<a href=\"https:\/\/www.loewen-apotheke24.com\/de\/product_tag\/reiseapotheke\/\">Reiseapotheke\u00a0<\/a><\/p>\n<p>Informationen auf dieser Website werden ausschlie\u00dflich f\u00fcr informative Zwecke zur Verf\u00fcgung gestellt. Sie ersetzen keinesfalls die Untersuchung und Behandlung durch einen Arzt. Bitte beachten Sie, dass hierdurch weder Diagnosen gestellt noch Therapien eingeleitet werden k\u00f6nnen.<\/p>\n<p>Zu Risiken und Nebenwirkungen lesen Sie die Packungsbeilage und fragen Sie Ihren Arzt oder Apotheker.<\/p>\n<h3>Rezept | E-Rezept vorhanden?<\/h3>\n<p>Reichen Sie jetzt Ihr E-Rezept ein. Nutzen Sie unsere <a href=\"https:\/\/e-rezept-app.de\/shop-rezept\" target=\"_blank\" rel=\"noopener\">E-Rezept<\/a> App. Und wir schenken Ihnen die Versandkosten!<\/p>\n","protected":false},"excerpt":{"rendered":"<h2 style=\"text-align: left;\">Prostagutt (fr\u00fcher forte) duo 160\/120mg Kapseln<\/h2>\n<p><span style=\"color: #ff0000;\">Prostagutt forte 160\/120mg Kapseln ist nicht mehr lieferbar<\/span>. Sie k\u00f6nnen den Nachfolger Prostagutt duo 160\/120mg Kapseln bestellen. Wir liefern Ihnen den offiziellen Nachfolger von Prostagutt forte bisherige PZN 03532861.<\/p>\n<p><strong>PZN<\/strong>: 16151770 (Pharmazentralnummer)<\/p>\n<p><strong>Darreichungsform<\/strong>: Kapseln \u2013 200 St\u00fcck (2x 100)<\/p>\n<p><strong>Verordnungsart<\/strong>: Rezeptfrei<\/p>\n<p><strong>Marke<\/strong>: Prostagutt duo<\/p>\n<p><strong>Hersteller<\/strong>: Dr.Willmar Schwabe GmbH &amp; Co.KG<\/p>\n","protected":false},"featured_media":41121,"template":"","meta":[],"product_cat":[358],"product_tag":[359],"yoast_head":"<!-- This site is optimized with the Yoast SEO Premium plugin v21.0 (Yoast SEO v21.0) - https:\/\/yoast.com\/wordpress\/plugins\/seo\/ -->\n<title>Prostagutt forte 160\/120mg Kapseln (200 St\u00fcck) Alternative kaufen<\/title>\n<meta name=\"description\" content=\"L\u00f6wen Apotheke24 - Spezialist f\u00fcr Naturheilkunde - kurze Lieferzeit - gratis Lieferung ab 30 \u20ac - Dr.W. Schwabe - Prostagutt forte 160\/120mg Kapseln\" \/>\n<meta name=\"robots\" content=\"noindex, nofollow\" \/>\n<meta property=\"og:locale\" content=\"de_DE\" \/>\n<meta property=\"og:type\" content=\"article\" \/>\n<meta property=\"og:title\" content=\"Prostagutt forte 160\/120mg Kapseln (200 St\u00fcck) Alternative kaufen\" \/>\n<meta property=\"og:description\" content=\"L\u00f6wen Apotheke24 - Spezialist f\u00fcr Naturheilkunde - kurze Lieferzeit - gratis Lieferung ab 30 \u20ac - Dr.W. Schwabe - Prostagutt forte 160\/120mg Kapseln\" \/>\n<meta property=\"og:url\" content=\"https:\/\/www.loewen-apotheke24.com\/de\/shop\/schwabe\/prostagutt-forte-160-120mg-kapseln-200-stueck-03532861\/\" \/>\n<meta property=\"og:site_name\" content=\"L\u00f6wen Apotheke24\" \/>\n<meta property=\"article:modified_time\" content=\"2025-12-11T06:32:54+00:00\" \/>\n<meta property=\"og:image\" content=\"https:\/\/www.loewen-apotheke24.com\/wp-content\/uploads\/2022\/02\/prostagutt-forte-200-stueck-kapseln-dr.-schwabe-loewen-apotheke.jpg\" \/>\n\t<meta property=\"og:image:width\" content=\"600\" \/>\n\t<meta property=\"og:image:height\" content=\"600\" \/>\n\t<meta property=\"og:image:type\" content=\"image\/jpeg\" \/>\n<meta name=\"twitter:card\" content=\"summary_large_image\" \/>\n<meta name=\"twitter:label1\" content=\"Gesch\u00e4tzte Lesezeit\" \/>\n\t<meta name=\"twitter:data1\" content=\"1\u00a0Minute\" \/>\n<script type=\"application\/ld+json\" class=\"yoast-schema-graph\">{\"@context\":\"https:\/\/schema.org\",\"@graph\":[{\"@type\":\"WebPage\",\"@id\":\"https:\/\/www.loewen-apotheke24.com\/de\/shop\/schwabe\/prostagutt-forte-160-120mg-kapseln-200-stueck-03532861\/\",\"url\":\"https:\/\/www.loewen-apotheke24.com\/de\/shop\/schwabe\/prostagutt-forte-160-120mg-kapseln-200-stueck-03532861\/\",\"name\":\"Prostagutt forte 160\/120mg Kapseln (200 St\u00fcck) Alternative kaufen\",\"isPartOf\":{\"@id\":\"https:\/\/www.loewen-apotheke24.com\/de\/#website\"},\"datePublished\":\"2024-08-01T12:29:27+00:00\",\"dateModified\":\"2025-12-11T06:32:54+00:00\",\"description\":\"L\u00f6wen Apotheke24 - Spezialist f\u00fcr Naturheilkunde - kurze Lieferzeit - gratis Lieferung ab 30 \u20ac - Dr.W. Schwabe - Prostagutt forte 160\/120mg Kapseln\",\"breadcrumb\":{\"@id\":\"https:\/\/www.loewen-apotheke24.com\/de\/shop\/schwabe\/prostagutt-forte-160-120mg-kapseln-200-stueck-03532861\/#breadcrumb\"},\"inLanguage\":\"de\",\"potentialAction\":[{\"@type\":\"ReadAction\",\"target\":[\"https:\/\/www.loewen-apotheke24.com\/de\/shop\/schwabe\/prostagutt-forte-160-120mg-kapseln-200-stueck-03532861\/\"]}]},{\"@type\":\"BreadcrumbList\",\"@id\":\"https:\/\/www.loewen-apotheke24.com\/de\/shop\/schwabe\/prostagutt-forte-160-120mg-kapseln-200-stueck-03532861\/#breadcrumb\",\"itemListElement\":[{\"@type\":\"ListItem\",\"position\":1,\"name\":\"Shop\",\"item\":\"https:\/\/www.loewen-apotheke24.com\/de\/shop\/\"},{\"@type\":\"ListItem\",\"position\":2,\"name\":\"Prostagutt forte 160\/120mg Kapseln (200 St\u00fcck)\"}]},{\"@type\":\"WebSite\",\"@id\":\"https:\/\/www.loewen-apotheke24.com\/de\/#website\",\"url\":\"https:\/\/www.loewen-apotheke24.com\/de\/\",\"name\":\"L\u00f6wen Apotheke24\",\"description\":\"Spezialist f\u00fcr Naturmedizin - Versandapotheke Baden-Baden\",\"publisher\":{\"@id\":\"https:\/\/www.loewen-apotheke24.com\/de\/#organization\"},\"potentialAction\":[{\"@type\":\"SearchAction\",\"target\":{\"@type\":\"EntryPoint\",\"urlTemplate\":\"https:\/\/www.loewen-apotheke24.com\/de\/?s={search_term_string}\"},\"query-input\":\"required name=search_term_string\"}],\"inLanguage\":\"de\"},{\"@type\":\"Organization\",\"@id\":\"https:\/\/www.loewen-apotheke24.com\/de\/#organization\",\"name\":\"L\u00f6wen Apotheke\",\"alternateName\":\"L\u00f6wen Apotheke\",\"url\":\"https:\/\/www.loewen-apotheke24.com\/de\/\",\"logo\":{\"@type\":\"ImageObject\",\"inLanguage\":\"de\",\"@id\":\"https:\/\/www.loewen-apotheke24.com\/de\/#\/schema\/logo\/image\/\",\"url\":\"https:\/\/www.loewen-apotheke24.com\/wp-content\/uploads\/2024\/02\/Logo-Loewen-Apotheke-700x700-1.png\",\"contentUrl\":\"https:\/\/www.loewen-apotheke24.com\/wp-content\/uploads\/2024\/02\/Logo-Loewen-Apotheke-700x700-1.png\",\"width\":700,\"height\":700,\"caption\":\"L\u00f6wen Apotheke\"},\"image\":{\"@id\":\"https:\/\/www.loewen-apotheke24.com\/de\/#\/schema\/logo\/image\/\"}}]}<\/script>\n<!-- \/ Yoast SEO Premium plugin. -->","yoast_head_json":{"title":"Prostagutt forte 160\/120mg Kapseln (200 St\u00fcck) Alternative kaufen","description":"L\u00f6wen Apotheke24 - Spezialist f\u00fcr Naturheilkunde - kurze Lieferzeit - gratis Lieferung ab 30 \u20ac - Dr.W. Schwabe - Prostagutt forte 160\/120mg Kapseln","robots":{"index":"noindex","follow":"nofollow"},"og_locale":"de_DE","og_type":"article","og_title":"Prostagutt forte 160\/120mg Kapseln (200 St\u00fcck) Alternative kaufen","og_description":"L\u00f6wen Apotheke24 - Spezialist f\u00fcr Naturheilkunde - kurze Lieferzeit - gratis Lieferung ab 30 \u20ac - Dr.W. Schwabe - Prostagutt forte 160\/120mg Kapseln","og_url":"https:\/\/www.loewen-apotheke24.com\/de\/shop\/schwabe\/prostagutt-forte-160-120mg-kapseln-200-stueck-03532861\/","og_site_name":"L\u00f6wen Apotheke24","article_modified_time":"2025-12-11T06:32:54+00:00","og_image":[{"width":600,"height":600,"url":"https:\/\/www.loewen-apotheke24.com\/wp-content\/uploads\/2022\/02\/prostagutt-forte-200-stueck-kapseln-dr.-schwabe-loewen-apotheke.jpg","type":"image\/jpeg"}],"twitter_card":"summary_large_image","twitter_misc":{"Gesch\u00e4tzte Lesezeit":"1\u00a0Minute"},"schema":{"@context":"https:\/\/schema.org","@graph":[{"@type":"WebPage","@id":"https:\/\/www.loewen-apotheke24.com\/de\/shop\/schwabe\/prostagutt-forte-160-120mg-kapseln-200-stueck-03532861\/","url":"https:\/\/www.loewen-apotheke24.com\/de\/shop\/schwabe\/prostagutt-forte-160-120mg-kapseln-200-stueck-03532861\/","name":"Prostagutt forte 160\/120mg Kapseln (200 St\u00fcck) Alternative kaufen","isPartOf":{"@id":"https:\/\/www.loewen-apotheke24.com\/de\/#website"},"datePublished":"2024-08-01T12:29:27+00:00","dateModified":"2025-12-11T06:32:54+00:00","description":"L\u00f6wen Apotheke24 - Spezialist f\u00fcr Naturheilkunde - kurze Lieferzeit - gratis Lieferung ab 30 \u20ac - Dr.W. Schwabe - Prostagutt forte 160\/120mg Kapseln","breadcrumb":{"@id":"https:\/\/www.loewen-apotheke24.com\/de\/shop\/schwabe\/prostagutt-forte-160-120mg-kapseln-200-stueck-03532861\/#breadcrumb"},"inLanguage":"de","potentialAction":[{"@type":"ReadAction","target":["https:\/\/www.loewen-apotheke24.com\/de\/shop\/schwabe\/prostagutt-forte-160-120mg-kapseln-200-stueck-03532861\/"]}]},{"@type":"BreadcrumbList","@id":"https:\/\/www.loewen-apotheke24.com\/de\/shop\/schwabe\/prostagutt-forte-160-120mg-kapseln-200-stueck-03532861\/#breadcrumb","itemListElement":[{"@type":"ListItem","position":1,"name":"Shop","item":"https:\/\/www.loewen-apotheke24.com\/de\/shop\/"},{"@type":"ListItem","position":2,"name":"Prostagutt forte 160\/120mg Kapseln (200 St\u00fcck)"}]},{"@type":"WebSite","@id":"https:\/\/www.loewen-apotheke24.com\/de\/#website","url":"https:\/\/www.loewen-apotheke24.com\/de\/","name":"L\u00f6wen Apotheke24","description":"Spezialist f\u00fcr Naturmedizin - Versandapotheke Baden-Baden","publisher":{"@id":"https:\/\/www.loewen-apotheke24.com\/de\/#organization"},"potentialAction":[{"@type":"SearchAction","target":{"@type":"EntryPoint","urlTemplate":"https:\/\/www.loewen-apotheke24.com\/de\/?s={search_term_string}"},"query-input":"required name=search_term_string"}],"inLanguage":"de"},{"@type":"Organization","@id":"https:\/\/www.loewen-apotheke24.com\/de\/#organization","name":"L\u00f6wen Apotheke","alternateName":"L\u00f6wen Apotheke","url":"https:\/\/www.loewen-apotheke24.com\/de\/","logo":{"@type":"ImageObject","inLanguage":"de","@id":"https:\/\/www.loewen-apotheke24.com\/de\/#\/schema\/logo\/image\/","url":"https:\/\/www.loewen-apotheke24.com\/wp-content\/uploads\/2024\/02\/Logo-Loewen-Apotheke-700x700-1.png","contentUrl":"https:\/\/www.loewen-apotheke24.com\/wp-content\/uploads\/2024\/02\/Logo-Loewen-Apotheke-700x700-1.png","width":700,"height":700,"caption":"L\u00f6wen Apotheke"},"image":{"@id":"https:\/\/www.loewen-apotheke24.com\/de\/#\/schema\/logo\/image\/"}}]}},"_links":{"self":[{"href":"https:\/\/www.loewen-apotheke24.com\/de\/wp-json\/wp\/v2\/product\/102999"}],"collection":[{"href":"https:\/\/www.loewen-apotheke24.com\/de\/wp-json\/wp\/v2\/product"}],"about":[{"href":"https:\/\/www.loewen-apotheke24.com\/de\/wp-json\/wp\/v2\/types\/product"}],"wp:featuredmedia":[{"embeddable":true,"href":"https:\/\/www.loewen-apotheke24.com\/de\/wp-json\/wp\/v2\/media\/41121"}],"wp:attachment":[{"href":"https:\/\/www.loewen-apotheke24.com\/de\/wp-json\/wp\/v2\/media?parent=102999"}],"wp:term":[{"taxonomy":"product_cat","embeddable":true,"href":"https:\/\/www.loewen-apotheke24.com\/de\/wp-json\/wp\/v2\/product_cat?post=102999"},{"taxonomy":"product_tag","embeddable":true,"href":"https:\/\/www.loewen-apotheke24.com\/de\/wp-json\/wp\/v2\/product_tag?post=102999"}],"curies":[{"name":"wp","href":"https:\/\/api.w.org\/{rel}","templated":true}]}}