{"id":103192,"date":"2024-08-03T11:14:16","date_gmt":"2024-08-03T10:14:16","guid":{"rendered":"https:\/\/www.loewen-apotheke24.com\/?post_type=product&#038;p=103192"},"modified":"2025-02-28T10:11:35","modified_gmt":"2025-02-28T09:11:35","slug":"refluthin-bei-sodbrennen-frucht-16011276-kautabletten-48-st","status":"publish","type":"product","link":"https:\/\/www.loewen-apotheke24.com\/de\/shop\/angebot\/refluthin-bei-sodbrennen-frucht-16011276-kautabletten-48-st\/","title":{"rendered":"Refluthin bei Sodbrennen Frucht Kautabletten 48 St."},"content":{"rendered":"<h3 style=\"text-align: left;\">Refluthin bei Sodbrennen Frucht Kautabletten 48 St.<\/h3>\n<p>Refluthin bei Sodbrennen Kautabletten helfen schnell bei s\u00e4urebedingten Magenbeschwerden und k\u00f6nnen jederzeit auch zwischendurch problemlos und unauff\u00e4llig eingenommen werden.<\/p>\n<ul>\n<li>Schnelle, anhaltende Linderung bei Sodbrennen<\/li>\n<li>Rasche Neutralisierung \u00fcbersch\u00fcssiger Magens\u00e4ure<\/li>\n<li>Sofortige Freisetzung der Wirkstoffe<\/li>\n<\/ul>\n<p>Die Dr. Willmar Schwabe GmbH &amp; Co. KG ist das Mutterunternehmen der Schwabe-Gruppe und wird auch als Unternehmensgruppe Schwabe oder Schwabe-Konzern bezeichnet. Das Pharmaunternehmen wurde 1865 in Leipzig gegr\u00fcndet. Der Hauptsitz wurde 1946 nach Karlsruhe verlegt. Schwerpunkt des Konzerns ist die Gesundheits- und die pharmazeutische Industrie mit einer Spezialisierung auf Heilpflanzenkunde und Hom\u00f6opathie beruhende Fertigarzneimittel, den Phytopharmaka bzw. Hom\u00f6opathika, Nahrungserg\u00e4nzungsmittel heilpflanzlichen Ursprungs sowie Zusatzleistungen f\u00fcr eine ganzheitliche Gesundheitsvorsorge und Selbsthilfe, wie z. B. Trainingsprogramme f\u00fcr mentale und k\u00f6rperliche Fitness. Dazu geh\u00f6ren u.a. die Marken Tebonin, Umckaloabo.<\/p>\n<p>Andere Produkte von\u00a0<a href=\"https:\/\/www.loewen-apotheke24.com\/de\/product_cat\/schwabe\/\">Dr. Schwabe bei uns im Sortiment<\/a><\/p>\n<p>Weitere Produktdetails zu Refluthin finden Sie beim Hersteller: <a href=\"https:\/\/www.refluthin.de\/?\">Informationen zum Produkt und\u00a0Hersteller Dr. Schwabe<\/a><\/p>\n<p>Andere Kunden interessierten sich auch f\u00fcr Produkte zum Thema:\u00a0 Stress | <a href=\"https:\/\/www.loewen-apotheke24.com\/de\/product_tag\/sodbrennen\/\">Sodbrennen<\/a><\/p>\n<p>Zu Risiken und Nebenwirkungen lesen Sie die Packungsbeilage und fragen Sie Ihren Arzt oder Apotheker.<\/p>\n<p>&nbsp;<\/p>\n<h3 style=\"text-align: left;\">Rezept | E-Rezept vorhanden?<\/h3>\n<p>Reichen Sie jetzt Ihr E-Rezept ein. Nutzen Sie unsere <a href=\"https:\/\/e-rezept-app.de\/shop-rezept\" target=\"_blank\" rel=\"noopener\">E-Rezept<\/a> App. Und wir schenken Ihnen die Versandkosten!<\/p>\n","protected":false},"excerpt":{"rendered":"<div class=\"rating__wrap\">\n<h2 style=\"text-align: left;\">Refluthin bei Sodbrennen Frucht Kautabletten 48 St.<\/h2>\n<p>Refluthin, bei Sodbrennen, helfen schnell bei s\u00e4urebedingten Magenbeschwerden und k\u00f6nnen jederzeit auch zwischendurch problemlos und unauff\u00e4llig eingenommen werden.<\/p>\n<p><strong>PZN<\/strong>: 16011276 (Pharmazentralnummer)<\/p>\n<p><strong>Darreichungsform<\/strong>: Kauabletten &#8211; 48 St\u00fcck<\/p>\n<p><strong>Verordnungsart<\/strong>: Rezeptfrei<\/p>\n<p><strong>Marke<\/strong>: &#8211;<\/p>\n<p><strong>Hersteller<\/strong>: Dr.Willmar Schwabe GmbH &amp; Co.KG<\/p>\n<\/div>\n","protected":false},"featured_media":103195,"template":"","meta":[],"product_cat":[13,358],"product_tag":[266,359,170,360,991],"yoast_head":"<!-- This site is optimized with the Yoast SEO Premium plugin v21.0 (Yoast SEO v21.0) - https:\/\/yoast.com\/wordpress\/plugins\/seo\/ -->\n<title>Refluthin bei Sodbrennen Kautabletten - 48 St. &gt;&gt; hier kaufen<\/title>\n<meta name=\"description\" content=\"L\u00f6wen Apotheke24 - Spezialist f\u00fcr Naturheilkunde -kurze Lieferzeit - gratis Lieferung ab 30 \u20ac - Dr.W. Schwabe - Refluthin bei Sodbrennen 48 St.\" \/>\n<meta name=\"robots\" content=\"index, follow, max-snippet:-1, max-image-preview:large, max-video-preview:-1\" \/>\n<link rel=\"canonical\" href=\"https:\/\/www.loewen-apotheke24.com\/de\/shop\/angebot\/refluthin-bei-sodbrennen-frucht-16011276-kautabletten-48-st\/\" \/>\n<meta property=\"og:locale\" content=\"de_DE\" \/>\n<meta property=\"og:type\" content=\"article\" \/>\n<meta property=\"og:title\" content=\"Refluthin bei Sodbrennen Kautabletten - 48 St. &gt;&gt; hier kaufen\" \/>\n<meta property=\"og:description\" content=\"L\u00f6wen Apotheke24 - Spezialist f\u00fcr Naturheilkunde -kurze Lieferzeit - gratis Lieferung ab 30 \u20ac - Dr.W. Schwabe - Refluthin bei Sodbrennen 48 St.\" \/>\n<meta property=\"og:url\" content=\"https:\/\/www.loewen-apotheke24.com\/de\/shop\/angebot\/refluthin-bei-sodbrennen-frucht-16011276-kautabletten-48-st\/\" \/>\n<meta property=\"og:site_name\" content=\"L\u00f6wen Apotheke24\" \/>\n<meta property=\"article:modified_time\" content=\"2025-02-28T09:11:35+00:00\" \/>\n<meta property=\"og:image\" content=\"https:\/\/www.loewen-apotheke24.com\/wp-content\/uploads\/2024\/08\/Refluthin-bei-Sodbrennen-mit-Fruchtgeschmack-48-St-von-Dr-W-Schabe-PZN-16011276-Loewen-Apotheke24.webp\" \/>\n\t<meta property=\"og:image:width\" content=\"600\" \/>\n\t<meta property=\"og:image:height\" content=\"600\" \/>\n\t<meta property=\"og:image:type\" content=\"image\/webp\" \/>\n<meta name=\"twitter:card\" content=\"summary_large_image\" \/>\n<meta name=\"twitter:label1\" content=\"Gesch\u00e4tzte Lesezeit\" \/>\n\t<meta name=\"twitter:data1\" content=\"2\u00a0Minuten\" \/>\n<script type=\"application\/ld+json\" class=\"yoast-schema-graph\">{\"@context\":\"https:\/\/schema.org\",\"@graph\":[{\"@type\":\"WebPage\",\"@id\":\"https:\/\/www.loewen-apotheke24.com\/de\/shop\/angebot\/refluthin-bei-sodbrennen-frucht-16011276-kautabletten-48-st\/\",\"url\":\"https:\/\/www.loewen-apotheke24.com\/de\/shop\/angebot\/refluthin-bei-sodbrennen-frucht-16011276-kautabletten-48-st\/\",\"name\":\"Refluthin bei Sodbrennen Kautabletten - 48 St. >> hier kaufen\",\"isPartOf\":{\"@id\":\"https:\/\/www.loewen-apotheke24.com\/de\/#website\"},\"datePublished\":\"2024-08-03T10:14:16+00:00\",\"dateModified\":\"2025-02-28T09:11:35+00:00\",\"description\":\"L\u00f6wen Apotheke24 - Spezialist f\u00fcr Naturheilkunde -kurze Lieferzeit - gratis Lieferung ab 30 \u20ac - Dr.W. Schwabe - Refluthin bei Sodbrennen 48 St.\",\"breadcrumb\":{\"@id\":\"https:\/\/www.loewen-apotheke24.com\/de\/shop\/angebot\/refluthin-bei-sodbrennen-frucht-16011276-kautabletten-48-st\/#breadcrumb\"},\"inLanguage\":\"de\",\"potentialAction\":[{\"@type\":\"ReadAction\",\"target\":[\"https:\/\/www.loewen-apotheke24.com\/de\/shop\/angebot\/refluthin-bei-sodbrennen-frucht-16011276-kautabletten-48-st\/\"]}]},{\"@type\":\"BreadcrumbList\",\"@id\":\"https:\/\/www.loewen-apotheke24.com\/de\/shop\/angebot\/refluthin-bei-sodbrennen-frucht-16011276-kautabletten-48-st\/#breadcrumb\",\"itemListElement\":[{\"@type\":\"ListItem\",\"position\":1,\"name\":\"Shop\",\"item\":\"https:\/\/www.loewen-apotheke24.com\/de\/shop\/\"},{\"@type\":\"ListItem\",\"position\":2,\"name\":\"Refluthin bei Sodbrennen Frucht Kautabletten 48 St.\"}]},{\"@type\":\"WebSite\",\"@id\":\"https:\/\/www.loewen-apotheke24.com\/de\/#website\",\"url\":\"https:\/\/www.loewen-apotheke24.com\/de\/\",\"name\":\"L\u00f6wen Apotheke24\",\"description\":\"Spezialist f\u00fcr Naturmedizin - Versandapotheke Baden-Baden\",\"publisher\":{\"@id\":\"https:\/\/www.loewen-apotheke24.com\/de\/#organization\"},\"potentialAction\":[{\"@type\":\"SearchAction\",\"target\":{\"@type\":\"EntryPoint\",\"urlTemplate\":\"https:\/\/www.loewen-apotheke24.com\/de\/?s={search_term_string}\"},\"query-input\":\"required name=search_term_string\"}],\"inLanguage\":\"de\"},{\"@type\":\"Organization\",\"@id\":\"https:\/\/www.loewen-apotheke24.com\/de\/#organization\",\"name\":\"L\u00f6wen Apotheke\",\"alternateName\":\"L\u00f6wen Apotheke\",\"url\":\"https:\/\/www.loewen-apotheke24.com\/de\/\",\"logo\":{\"@type\":\"ImageObject\",\"inLanguage\":\"de\",\"@id\":\"https:\/\/www.loewen-apotheke24.com\/de\/#\/schema\/logo\/image\/\",\"url\":\"https:\/\/www.loewen-apotheke24.com\/wp-content\/uploads\/2024\/02\/Logo-Loewen-Apotheke-700x700-1.png\",\"contentUrl\":\"https:\/\/www.loewen-apotheke24.com\/wp-content\/uploads\/2024\/02\/Logo-Loewen-Apotheke-700x700-1.png\",\"width\":700,\"height\":700,\"caption\":\"L\u00f6wen Apotheke\"},\"image\":{\"@id\":\"https:\/\/www.loewen-apotheke24.com\/de\/#\/schema\/logo\/image\/\"}}]}<\/script>\n<!-- \/ Yoast SEO Premium plugin. -->","yoast_head_json":{"title":"Refluthin bei Sodbrennen Kautabletten - 48 St. >> hier kaufen","description":"L\u00f6wen Apotheke24 - Spezialist f\u00fcr Naturheilkunde -kurze Lieferzeit - gratis Lieferung ab 30 \u20ac - Dr.W. Schwabe - Refluthin bei Sodbrennen 48 St.","robots":{"index":"index","follow":"follow","max-snippet":"max-snippet:-1","max-image-preview":"max-image-preview:large","max-video-preview":"max-video-preview:-1"},"canonical":"https:\/\/www.loewen-apotheke24.com\/de\/shop\/angebot\/refluthin-bei-sodbrennen-frucht-16011276-kautabletten-48-st\/","og_locale":"de_DE","og_type":"article","og_title":"Refluthin bei Sodbrennen Kautabletten - 48 St. >> hier kaufen","og_description":"L\u00f6wen Apotheke24 - Spezialist f\u00fcr Naturheilkunde -kurze Lieferzeit - gratis Lieferung ab 30 \u20ac - Dr.W. Schwabe - Refluthin bei Sodbrennen 48 St.","og_url":"https:\/\/www.loewen-apotheke24.com\/de\/shop\/angebot\/refluthin-bei-sodbrennen-frucht-16011276-kautabletten-48-st\/","og_site_name":"L\u00f6wen Apotheke24","article_modified_time":"2025-02-28T09:11:35+00:00","og_image":[{"width":600,"height":600,"url":"https:\/\/www.loewen-apotheke24.com\/wp-content\/uploads\/2024\/08\/Refluthin-bei-Sodbrennen-mit-Fruchtgeschmack-48-St-von-Dr-W-Schabe-PZN-16011276-Loewen-Apotheke24.webp","type":"image\/webp"}],"twitter_card":"summary_large_image","twitter_misc":{"Gesch\u00e4tzte Lesezeit":"2\u00a0Minuten"},"schema":{"@context":"https:\/\/schema.org","@graph":[{"@type":"WebPage","@id":"https:\/\/www.loewen-apotheke24.com\/de\/shop\/angebot\/refluthin-bei-sodbrennen-frucht-16011276-kautabletten-48-st\/","url":"https:\/\/www.loewen-apotheke24.com\/de\/shop\/angebot\/refluthin-bei-sodbrennen-frucht-16011276-kautabletten-48-st\/","name":"Refluthin bei Sodbrennen Kautabletten - 48 St. >> hier kaufen","isPartOf":{"@id":"https:\/\/www.loewen-apotheke24.com\/de\/#website"},"datePublished":"2024-08-03T10:14:16+00:00","dateModified":"2025-02-28T09:11:35+00:00","description":"L\u00f6wen Apotheke24 - Spezialist f\u00fcr Naturheilkunde -kurze Lieferzeit - gratis Lieferung ab 30 \u20ac - Dr.W. Schwabe - Refluthin bei Sodbrennen 48 St.","breadcrumb":{"@id":"https:\/\/www.loewen-apotheke24.com\/de\/shop\/angebot\/refluthin-bei-sodbrennen-frucht-16011276-kautabletten-48-st\/#breadcrumb"},"inLanguage":"de","potentialAction":[{"@type":"ReadAction","target":["https:\/\/www.loewen-apotheke24.com\/de\/shop\/angebot\/refluthin-bei-sodbrennen-frucht-16011276-kautabletten-48-st\/"]}]},{"@type":"BreadcrumbList","@id":"https:\/\/www.loewen-apotheke24.com\/de\/shop\/angebot\/refluthin-bei-sodbrennen-frucht-16011276-kautabletten-48-st\/#breadcrumb","itemListElement":[{"@type":"ListItem","position":1,"name":"Shop","item":"https:\/\/www.loewen-apotheke24.com\/de\/shop\/"},{"@type":"ListItem","position":2,"name":"Refluthin bei Sodbrennen Frucht Kautabletten 48 St."}]},{"@type":"WebSite","@id":"https:\/\/www.loewen-apotheke24.com\/de\/#website","url":"https:\/\/www.loewen-apotheke24.com\/de\/","name":"L\u00f6wen Apotheke24","description":"Spezialist f\u00fcr Naturmedizin - Versandapotheke Baden-Baden","publisher":{"@id":"https:\/\/www.loewen-apotheke24.com\/de\/#organization"},"potentialAction":[{"@type":"SearchAction","target":{"@type":"EntryPoint","urlTemplate":"https:\/\/www.loewen-apotheke24.com\/de\/?s={search_term_string}"},"query-input":"required name=search_term_string"}],"inLanguage":"de"},{"@type":"Organization","@id":"https:\/\/www.loewen-apotheke24.com\/de\/#organization","name":"L\u00f6wen Apotheke","alternateName":"L\u00f6wen Apotheke","url":"https:\/\/www.loewen-apotheke24.com\/de\/","logo":{"@type":"ImageObject","inLanguage":"de","@id":"https:\/\/www.loewen-apotheke24.com\/de\/#\/schema\/logo\/image\/","url":"https:\/\/www.loewen-apotheke24.com\/wp-content\/uploads\/2024\/02\/Logo-Loewen-Apotheke-700x700-1.png","contentUrl":"https:\/\/www.loewen-apotheke24.com\/wp-content\/uploads\/2024\/02\/Logo-Loewen-Apotheke-700x700-1.png","width":700,"height":700,"caption":"L\u00f6wen Apotheke"},"image":{"@id":"https:\/\/www.loewen-apotheke24.com\/de\/#\/schema\/logo\/image\/"}}]}},"_links":{"self":[{"href":"https:\/\/www.loewen-apotheke24.com\/de\/wp-json\/wp\/v2\/product\/103192"}],"collection":[{"href":"https:\/\/www.loewen-apotheke24.com\/de\/wp-json\/wp\/v2\/product"}],"about":[{"href":"https:\/\/www.loewen-apotheke24.com\/de\/wp-json\/wp\/v2\/types\/product"}],"wp:featuredmedia":[{"embeddable":true,"href":"https:\/\/www.loewen-apotheke24.com\/de\/wp-json\/wp\/v2\/media\/103195"}],"wp:attachment":[{"href":"https:\/\/www.loewen-apotheke24.com\/de\/wp-json\/wp\/v2\/media?parent=103192"}],"wp:term":[{"taxonomy":"product_cat","embeddable":true,"href":"https:\/\/www.loewen-apotheke24.com\/de\/wp-json\/wp\/v2\/product_cat?post=103192"},{"taxonomy":"product_tag","embeddable":true,"href":"https:\/\/www.loewen-apotheke24.com\/de\/wp-json\/wp\/v2\/product_tag?post=103192"}],"curies":[{"name":"wp","href":"https:\/\/api.w.org\/{rel}","templated":true}]}}