{"id":108470,"date":"2024-09-26T09:58:53","date_gmt":"2024-09-26T08:58:53","guid":{"rendered":"https:\/\/www.loewen-apotheke24.com\/?post_type=product&#038;p=108470"},"modified":"2024-11-05T09:05:34","modified_gmt":"2024-11-05T08:05:34","slug":"labo-life-2l-ebv-kapseln-sparpack-10x-30-st","status":"publish","type":"product","link":"https:\/\/www.loewen-apotheke24.com\/de\/shop\/vorteilsangebote\/labo-life-2l-ebv-kapseln-sparpack-10x-30-st\/","title":{"rendered":"Labo Life 2LEBV Kapseln 10x Packungen"},"content":{"rendered":"<h2>Labo Life 2L EBV Kapseln<\/h2>\n<p>Labo Life 2L EBV Kapseln importiert die L\u00f6wen Apotheke f\u00fcr Sie alle Pr\u00e4parate der Firma <a href=\"https:\/\/www.labolife.com\/de\" target=\"_blank\" rel=\"noopener noreferrer\">Labo Life<\/a>\u00a0Belgium auf Ihren Wunsch.<\/p>\n<p>Die Mikroimmuntherapie ist eine immunmodulierende Behandlung, die mit denselben Botenstoffen arbeitet wie das Immunsystem (z.B. Zytokine, Hormone, Wachstumsfaktoren, Nukleins\u00e4uren), um Informationen an den Organismus zu senden und die Immunantwort wieder korrekt \u201eeinzustellen\u201c. Das hei\u00dft, ihr Ziel ist die Wiederherstellung der korrekten Kommunikation zwischen den Zellen des Immunsystems. Sie will diesen Zellen helfen, ihre urspr\u00fcngliche F\u00e4higkeit, uns gegen Angreifer zu verteidigen, wiederzugewinnen bzw. ihre Reaktion zu bremsen, wenn diese \u00fcbertrieben ist.<\/p>\n<p>Andere Produkte von Labo Life finden Sie\u00a0<a href=\"https:\/\/www.loewen-apotheke24.com\/de\/product_cat\/labo-life\/\">hier<\/a>.<\/p>\n<p>Zu Risiken und Nebenwirkungen lesen Sie die Packungsbeilage und fragen Sie Ihren Arzt oder Apotheker.<\/p>\n","protected":false},"excerpt":{"rendered":"<h2 style=\"text-align: left;\">Labo Life 2L EBV Kapseln <span style=\"color: #ff0000;\">10x Packungen<\/span> a 30 St.<\/h2>\n<p>Labo Life 2L EBV Kapseln importiert die L\u00f6wen Apotheke f\u00fcr Sie alle Pr\u00e4parate der Firma Labo Life Belgium auf Ihren Wunsch.<\/p>\n<p>PZN: \u2013<\/p>\n<p>Darreichungsform: Kapseln \u2013 10x 30 St\u00fcck Lactosefrei<\/p>\n<p>Verordnungsart: Rezeptfrei<\/p>\n<p>Marke: Labo Life 2LEBV<\/p>\n<p>Hersteller:\u00a0<a href=\"https:\/\/www.labolife.com\/de\" target=\"_blank\" rel=\"noopener noreferrer\">Labo Life<\/a><\/p>\n","protected":false},"featured_media":108473,"template":"","meta":[],"product_cat":[413],"product_tag":[],"yoast_head":"<!-- This site is optimized with the Yoast SEO Premium plugin v21.0 (Yoast SEO v21.0) - https:\/\/yoast.com\/wordpress\/plugins\/seo\/ -->\n<title>Labo Life 2L EBV Kapseln - L\u00f6wen Apotheke24<\/title>\n<meta name=\"description\" content=\"L\u00f6wen Apotheke24 - Spezialist f\u00fcr Naturheilkunde - kurze Lieferzeit - gratis Lieferung ab 30 \u20ac - Mikro-Immuntherapie - Labo Life 2L EBV | 2LEBV\" \/>\n<meta name=\"robots\" content=\"noindex, nofollow\" \/>\n<meta property=\"og:locale\" content=\"de_DE\" \/>\n<meta property=\"og:type\" content=\"article\" \/>\n<meta property=\"og:title\" content=\"Labo Life 2L EBV Kapseln - L\u00f6wen Apotheke24\" \/>\n<meta property=\"og:description\" content=\"L\u00f6wen Apotheke24 - Spezialist f\u00fcr Naturheilkunde - kurze Lieferzeit - gratis Lieferung ab 30 \u20ac - Mikro-Immuntherapie - Labo Life 2L EBV | 2LEBV\" \/>\n<meta property=\"og:url\" content=\"https:\/\/www.loewen-apotheke24.com\/de\/shop\/vorteilsangebote\/labo-life-2l-ebv-kapseln-sparpack-10x-30-st\/\" \/>\n<meta property=\"og:site_name\" content=\"L\u00f6wen Apotheke24\" \/>\n<meta property=\"article:modified_time\" content=\"2024-11-05T08:05:34+00:00\" \/>\n<meta property=\"og:image\" content=\"https:\/\/www.loewen-apotheke24.com\/wp-content\/uploads\/2024\/09\/Labo-Life-2LEBV-Loewen-Apotheke24.webp\" \/>\n\t<meta property=\"og:image:width\" content=\"500\" \/>\n\t<meta property=\"og:image:height\" content=\"500\" \/>\n\t<meta property=\"og:image:type\" content=\"image\/webp\" \/>\n<meta name=\"twitter:card\" content=\"summary_large_image\" \/>\n<meta name=\"twitter:label1\" content=\"Gesch\u00e4tzte Lesezeit\" \/>\n\t<meta name=\"twitter:data1\" content=\"1\u00a0Minute\" \/>\n<script type=\"application\/ld+json\" class=\"yoast-schema-graph\">{\"@context\":\"https:\/\/schema.org\",\"@graph\":[{\"@type\":\"WebPage\",\"@id\":\"https:\/\/www.loewen-apotheke24.com\/de\/shop\/vorteilsangebote\/labo-life-2l-ebv-kapseln-sparpack-10x-30-st\/\",\"url\":\"https:\/\/www.loewen-apotheke24.com\/de\/shop\/vorteilsangebote\/labo-life-2l-ebv-kapseln-sparpack-10x-30-st\/\",\"name\":\"Labo Life 2L EBV Kapseln - L\u00f6wen Apotheke24\",\"isPartOf\":{\"@id\":\"https:\/\/www.loewen-apotheke24.com\/de\/#website\"},\"datePublished\":\"2024-09-26T08:58:53+00:00\",\"dateModified\":\"2024-11-05T08:05:34+00:00\",\"description\":\"L\u00f6wen Apotheke24 - Spezialist f\u00fcr Naturheilkunde - kurze Lieferzeit - gratis Lieferung ab 30 \u20ac - Mikro-Immuntherapie - Labo Life 2L EBV | 2LEBV\",\"breadcrumb\":{\"@id\":\"https:\/\/www.loewen-apotheke24.com\/de\/shop\/vorteilsangebote\/labo-life-2l-ebv-kapseln-sparpack-10x-30-st\/#breadcrumb\"},\"inLanguage\":\"de\",\"potentialAction\":[{\"@type\":\"ReadAction\",\"target\":[\"https:\/\/www.loewen-apotheke24.com\/de\/shop\/vorteilsangebote\/labo-life-2l-ebv-kapseln-sparpack-10x-30-st\/\"]}]},{\"@type\":\"BreadcrumbList\",\"@id\":\"https:\/\/www.loewen-apotheke24.com\/de\/shop\/vorteilsangebote\/labo-life-2l-ebv-kapseln-sparpack-10x-30-st\/#breadcrumb\",\"itemListElement\":[{\"@type\":\"ListItem\",\"position\":1,\"name\":\"Shop\",\"item\":\"https:\/\/www.loewen-apotheke24.com\/de\/shop\/\"},{\"@type\":\"ListItem\",\"position\":2,\"name\":\"Labo Life 2LEBV Kapseln 10x Packungen\"}]},{\"@type\":\"WebSite\",\"@id\":\"https:\/\/www.loewen-apotheke24.com\/de\/#website\",\"url\":\"https:\/\/www.loewen-apotheke24.com\/de\/\",\"name\":\"L\u00f6wen Apotheke24\",\"description\":\"Spezialist f\u00fcr Naturmedizin - Versandapotheke Baden-Baden\",\"publisher\":{\"@id\":\"https:\/\/www.loewen-apotheke24.com\/de\/#organization\"},\"potentialAction\":[{\"@type\":\"SearchAction\",\"target\":{\"@type\":\"EntryPoint\",\"urlTemplate\":\"https:\/\/www.loewen-apotheke24.com\/de\/?s={search_term_string}\"},\"query-input\":\"required name=search_term_string\"}],\"inLanguage\":\"de\"},{\"@type\":\"Organization\",\"@id\":\"https:\/\/www.loewen-apotheke24.com\/de\/#organization\",\"name\":\"L\u00f6wen Apotheke\",\"alternateName\":\"L\u00f6wen Apotheke\",\"url\":\"https:\/\/www.loewen-apotheke24.com\/de\/\",\"logo\":{\"@type\":\"ImageObject\",\"inLanguage\":\"de\",\"@id\":\"https:\/\/www.loewen-apotheke24.com\/de\/#\/schema\/logo\/image\/\",\"url\":\"https:\/\/www.loewen-apotheke24.com\/wp-content\/uploads\/2024\/02\/Logo-Loewen-Apotheke-700x700-1.png\",\"contentUrl\":\"https:\/\/www.loewen-apotheke24.com\/wp-content\/uploads\/2024\/02\/Logo-Loewen-Apotheke-700x700-1.png\",\"width\":700,\"height\":700,\"caption\":\"L\u00f6wen Apotheke\"},\"image\":{\"@id\":\"https:\/\/www.loewen-apotheke24.com\/de\/#\/schema\/logo\/image\/\"}}]}<\/script>\n<!-- \/ Yoast SEO Premium plugin. -->","yoast_head_json":{"title":"Labo Life 2L EBV Kapseln - L\u00f6wen Apotheke24","description":"L\u00f6wen Apotheke24 - Spezialist f\u00fcr Naturheilkunde - kurze Lieferzeit - gratis Lieferung ab 30 \u20ac - Mikro-Immuntherapie - Labo Life 2L EBV | 2LEBV","robots":{"index":"noindex","follow":"nofollow"},"og_locale":"de_DE","og_type":"article","og_title":"Labo Life 2L EBV Kapseln - L\u00f6wen Apotheke24","og_description":"L\u00f6wen Apotheke24 - Spezialist f\u00fcr Naturheilkunde - kurze Lieferzeit - gratis Lieferung ab 30 \u20ac - Mikro-Immuntherapie - Labo Life 2L EBV | 2LEBV","og_url":"https:\/\/www.loewen-apotheke24.com\/de\/shop\/vorteilsangebote\/labo-life-2l-ebv-kapseln-sparpack-10x-30-st\/","og_site_name":"L\u00f6wen Apotheke24","article_modified_time":"2024-11-05T08:05:34+00:00","og_image":[{"width":500,"height":500,"url":"https:\/\/www.loewen-apotheke24.com\/wp-content\/uploads\/2024\/09\/Labo-Life-2LEBV-Loewen-Apotheke24.webp","type":"image\/webp"}],"twitter_card":"summary_large_image","twitter_misc":{"Gesch\u00e4tzte Lesezeit":"1\u00a0Minute"},"schema":{"@context":"https:\/\/schema.org","@graph":[{"@type":"WebPage","@id":"https:\/\/www.loewen-apotheke24.com\/de\/shop\/vorteilsangebote\/labo-life-2l-ebv-kapseln-sparpack-10x-30-st\/","url":"https:\/\/www.loewen-apotheke24.com\/de\/shop\/vorteilsangebote\/labo-life-2l-ebv-kapseln-sparpack-10x-30-st\/","name":"Labo Life 2L EBV Kapseln - L\u00f6wen Apotheke24","isPartOf":{"@id":"https:\/\/www.loewen-apotheke24.com\/de\/#website"},"datePublished":"2024-09-26T08:58:53+00:00","dateModified":"2024-11-05T08:05:34+00:00","description":"L\u00f6wen Apotheke24 - Spezialist f\u00fcr Naturheilkunde - kurze Lieferzeit - gratis Lieferung ab 30 \u20ac - Mikro-Immuntherapie - Labo Life 2L EBV | 2LEBV","breadcrumb":{"@id":"https:\/\/www.loewen-apotheke24.com\/de\/shop\/vorteilsangebote\/labo-life-2l-ebv-kapseln-sparpack-10x-30-st\/#breadcrumb"},"inLanguage":"de","potentialAction":[{"@type":"ReadAction","target":["https:\/\/www.loewen-apotheke24.com\/de\/shop\/vorteilsangebote\/labo-life-2l-ebv-kapseln-sparpack-10x-30-st\/"]}]},{"@type":"BreadcrumbList","@id":"https:\/\/www.loewen-apotheke24.com\/de\/shop\/vorteilsangebote\/labo-life-2l-ebv-kapseln-sparpack-10x-30-st\/#breadcrumb","itemListElement":[{"@type":"ListItem","position":1,"name":"Shop","item":"https:\/\/www.loewen-apotheke24.com\/de\/shop\/"},{"@type":"ListItem","position":2,"name":"Labo Life 2LEBV Kapseln 10x Packungen"}]},{"@type":"WebSite","@id":"https:\/\/www.loewen-apotheke24.com\/de\/#website","url":"https:\/\/www.loewen-apotheke24.com\/de\/","name":"L\u00f6wen Apotheke24","description":"Spezialist f\u00fcr Naturmedizin - Versandapotheke Baden-Baden","publisher":{"@id":"https:\/\/www.loewen-apotheke24.com\/de\/#organization"},"potentialAction":[{"@type":"SearchAction","target":{"@type":"EntryPoint","urlTemplate":"https:\/\/www.loewen-apotheke24.com\/de\/?s={search_term_string}"},"query-input":"required name=search_term_string"}],"inLanguage":"de"},{"@type":"Organization","@id":"https:\/\/www.loewen-apotheke24.com\/de\/#organization","name":"L\u00f6wen Apotheke","alternateName":"L\u00f6wen Apotheke","url":"https:\/\/www.loewen-apotheke24.com\/de\/","logo":{"@type":"ImageObject","inLanguage":"de","@id":"https:\/\/www.loewen-apotheke24.com\/de\/#\/schema\/logo\/image\/","url":"https:\/\/www.loewen-apotheke24.com\/wp-content\/uploads\/2024\/02\/Logo-Loewen-Apotheke-700x700-1.png","contentUrl":"https:\/\/www.loewen-apotheke24.com\/wp-content\/uploads\/2024\/02\/Logo-Loewen-Apotheke-700x700-1.png","width":700,"height":700,"caption":"L\u00f6wen Apotheke"},"image":{"@id":"https:\/\/www.loewen-apotheke24.com\/de\/#\/schema\/logo\/image\/"}}]}},"_links":{"self":[{"href":"https:\/\/www.loewen-apotheke24.com\/de\/wp-json\/wp\/v2\/product\/108470"}],"collection":[{"href":"https:\/\/www.loewen-apotheke24.com\/de\/wp-json\/wp\/v2\/product"}],"about":[{"href":"https:\/\/www.loewen-apotheke24.com\/de\/wp-json\/wp\/v2\/types\/product"}],"wp:featuredmedia":[{"embeddable":true,"href":"https:\/\/www.loewen-apotheke24.com\/de\/wp-json\/wp\/v2\/media\/108473"}],"wp:attachment":[{"href":"https:\/\/www.loewen-apotheke24.com\/de\/wp-json\/wp\/v2\/media?parent=108470"}],"wp:term":[{"taxonomy":"product_cat","embeddable":true,"href":"https:\/\/www.loewen-apotheke24.com\/de\/wp-json\/wp\/v2\/product_cat?post=108470"},{"taxonomy":"product_tag","embeddable":true,"href":"https:\/\/www.loewen-apotheke24.com\/de\/wp-json\/wp\/v2\/product_tag?post=108470"}],"curies":[{"name":"wp","href":"https:\/\/api.w.org\/{rel}","templated":true}]}}