{"id":109448,"date":"2024-10-06T07:55:06","date_gmt":"2024-10-06T06:55:06","guid":{"rendered":"https:\/\/www.loewen-apotheke24.com\/?post_type=product&#038;p=109448"},"modified":"2025-12-11T07:32:13","modified_gmt":"2025-12-11T06:32:13","slug":"sinupret-extract-40-st-09285547-4150092855470","status":"publish","type":"product","link":"https:\/\/www.loewen-apotheke24.com\/de\/shop\/angebot\/sinupret-extract-40-st-09285547-4150092855470\/","title":{"rendered":"Sinupret Extract 40 St."},"content":{"rendered":"<h3 style=\"text-align: left;\">Sinupret Extract 40 St.<\/h3>\n<p>Sinupret Extract Tabletten bieten mit seiner 4-fach konzentrierten Pflanzen-Kombination aus Enzian, Schl\u00fcsselblume, Ampferkraut, Eisenkraut und Holunder eine wirksame Therapie bei akuten Nasennebenh\u00f6hlenentz\u00fcndungen mit Schnupfen und gegen die unangenehmen Erk\u00e4ltungssymptome.<\/p>\n<p>Mit seiner einzigartigen Kombination aus f\u00fcnf Pflanzen, bietet Sinupret\u00ae eine effektive L\u00f6sung zur Linderung der Symptome einer akuten oder chronischen Nasennebenh\u00f6hlenentz\u00fcndung. Es unterst\u00fctzt das Abschwellen der entz\u00fcndeten Schleimh\u00e4ute und erleichtert den Abfluss des Schleims aus den Nasennebenh\u00f6hlen. Die Nase \u00f6ffnet sich und der Kopf wird wieder frei.<\/p>\n<p>Anwendungsgebiete: Bei akuten, unkomplizierten Entz\u00fcndungen der Nasennebenh\u00f6hlen (akute, unkomplizierte Rhinosinusitis) mit Symptomen wie Schnupfen, verstopfte Nase, Kopf- und Gesichtsschmerz bzw. \u2013druck. Sinupret extract wird angewendet bei Erwachsenen und Jugendlichen ab 12 Jahren. Enth\u00e4lt Glucose und Sucrose (Zucker).<\/p>\n<p>Es handelt sich um Herstellerangaben: Zu <a href=\"https:\/\/bionorica.de\/de\/produkte\/atemwege\/sinupret.html\" target=\"_blank\" rel=\"noopener\">Bionorica SE<\/a><\/p>\n<p>Die Apothekerin empfiehlt ihren Kunden bei viraler Infektion: <a href=\"https:\/\/www.loewen-apotheke24.com\/de\/shop\/labo-life\/labo-life-2l-eid-kapseln-30-st\/\">Labo Life 2L EID<\/a>\u00a0| <a href=\"https:\/\/www.loewen-apotheke24.com\/de\/product_cat\/omni-biotic\/\">Omni-Biotic<\/a><\/p>\n<p>Weitere Produkte bei <a href=\"https:\/\/www.loewen-apotheke24.com\/de\/product_tag\/laientest\/\">Erk\u00e4ltungen, Grippe oder Corona<\/a>.<\/p>\n<p>Zu Risiken und Nebenwirkungen lesen Sie die Packungsbeilage und fragen Sie Ihren Arzt oder Apotheker.<\/p>\n","protected":false},"excerpt":{"rendered":"<h2 style=\"text-align: left;\">Sinupret Extract<\/h2>\n<p>L\u00f6st den Schleim und \u00f6ffnet die Nase.<\/p>\n<p><strong>PZN<\/strong>: 09285547 (Pharmazentralnummer)<\/p>\n<p><strong>Darreichungsform<\/strong>: Tabletten<\/p>\n<p><strong>Verordnungsart<\/strong>: Rezeptfrei<\/p>\n<p><strong>Marke<\/strong>: Sinupret<\/p>\n<p><strong>Hersteller<\/strong>: Bionornica SE,<\/p>\n","protected":false},"featured_media":109559,"template":"","meta":[],"product_cat":[13,43],"product_tag":[28,479,426,470,469],"yoast_head":"<!-- This site is optimized with the Yoast SEO Premium plugin v21.0 (Yoast SEO v21.0) - https:\/\/yoast.com\/wordpress\/plugins\/seo\/ -->\n<title>Sinupret Extract 40 St. | g\u00fcnstig online kaufen<\/title>\n<meta name=\"description\" content=\"L\u00f6wen Apotheke24 - Spezialist f\u00fcr Naturheilkunde - Wir bieten gratis Lieferung ab 30 \u20ac. Sinupret Extract 40 St. bei Erk\u00e4ltung und Grippe.\" \/>\n<meta name=\"robots\" content=\"index, follow, max-snippet:-1, max-image-preview:large, max-video-preview:-1\" \/>\n<link rel=\"canonical\" href=\"https:\/\/www.loewen-apotheke24.com\/de\/shop\/angebot\/sinupret-extract-40-st-09285547-4150092855470\/\" \/>\n<meta property=\"og:locale\" content=\"de_DE\" \/>\n<meta property=\"og:type\" content=\"article\" \/>\n<meta property=\"og:title\" content=\"Sinupret Extract 40 St. | g\u00fcnstig online kaufen\" \/>\n<meta property=\"og:description\" content=\"L\u00f6wen Apotheke24 - Spezialist f\u00fcr Naturheilkunde - Wir bieten gratis Lieferung ab 30 \u20ac. Sinupret Extract 40 St. bei Erk\u00e4ltung und Grippe.\" \/>\n<meta property=\"og:url\" content=\"https:\/\/www.loewen-apotheke24.com\/de\/shop\/angebot\/sinupret-extract-40-st-09285547-4150092855470\/\" \/>\n<meta property=\"og:site_name\" content=\"L\u00f6wen Apotheke24\" \/>\n<meta property=\"article:modified_time\" content=\"2025-12-11T06:32:13+00:00\" \/>\n<meta property=\"og:image\" content=\"https:\/\/www.loewen-apotheke24.com\/wp-content\/uploads\/2024\/10\/Sinupret-extract-40-St-Tabletten-PZN-09285547-Loewen-Apotheke.webp\" \/>\n\t<meta property=\"og:image:width\" content=\"600\" \/>\n\t<meta property=\"og:image:height\" content=\"600\" \/>\n\t<meta property=\"og:image:type\" content=\"image\/webp\" \/>\n<meta name=\"twitter:card\" content=\"summary_large_image\" \/>\n<meta name=\"twitter:label1\" content=\"Gesch\u00e4tzte Lesezeit\" \/>\n\t<meta name=\"twitter:data1\" content=\"1\u00a0Minute\" \/>\n<script type=\"application\/ld+json\" class=\"yoast-schema-graph\">{\"@context\":\"https:\/\/schema.org\",\"@graph\":[{\"@type\":\"WebPage\",\"@id\":\"https:\/\/www.loewen-apotheke24.com\/de\/shop\/angebot\/sinupret-extract-40-st-09285547-4150092855470\/\",\"url\":\"https:\/\/www.loewen-apotheke24.com\/de\/shop\/angebot\/sinupret-extract-40-st-09285547-4150092855470\/\",\"name\":\"Sinupret Extract 40 St. | g\u00fcnstig online kaufen\",\"isPartOf\":{\"@id\":\"https:\/\/www.loewen-apotheke24.com\/de\/#website\"},\"datePublished\":\"2024-10-06T06:55:06+00:00\",\"dateModified\":\"2025-12-11T06:32:13+00:00\",\"description\":\"L\u00f6wen Apotheke24 - Spezialist f\u00fcr Naturheilkunde - Wir bieten gratis Lieferung ab 30 \u20ac. Sinupret Extract 40 St. bei Erk\u00e4ltung und Grippe.\",\"breadcrumb\":{\"@id\":\"https:\/\/www.loewen-apotheke24.com\/de\/shop\/angebot\/sinupret-extract-40-st-09285547-4150092855470\/#breadcrumb\"},\"inLanguage\":\"de\",\"potentialAction\":[{\"@type\":\"ReadAction\",\"target\":[\"https:\/\/www.loewen-apotheke24.com\/de\/shop\/angebot\/sinupret-extract-40-st-09285547-4150092855470\/\"]}]},{\"@type\":\"BreadcrumbList\",\"@id\":\"https:\/\/www.loewen-apotheke24.com\/de\/shop\/angebot\/sinupret-extract-40-st-09285547-4150092855470\/#breadcrumb\",\"itemListElement\":[{\"@type\":\"ListItem\",\"position\":1,\"name\":\"Shop\",\"item\":\"https:\/\/www.loewen-apotheke24.com\/de\/shop\/\"},{\"@type\":\"ListItem\",\"position\":2,\"name\":\"Sinupret Extract 40 St.\"}]},{\"@type\":\"WebSite\",\"@id\":\"https:\/\/www.loewen-apotheke24.com\/de\/#website\",\"url\":\"https:\/\/www.loewen-apotheke24.com\/de\/\",\"name\":\"L\u00f6wen Apotheke24\",\"description\":\"Spezialist f\u00fcr Naturmedizin - Versandapotheke Baden-Baden\",\"publisher\":{\"@id\":\"https:\/\/www.loewen-apotheke24.com\/de\/#organization\"},\"potentialAction\":[{\"@type\":\"SearchAction\",\"target\":{\"@type\":\"EntryPoint\",\"urlTemplate\":\"https:\/\/www.loewen-apotheke24.com\/de\/?s={search_term_string}\"},\"query-input\":\"required name=search_term_string\"}],\"inLanguage\":\"de\"},{\"@type\":\"Organization\",\"@id\":\"https:\/\/www.loewen-apotheke24.com\/de\/#organization\",\"name\":\"L\u00f6wen Apotheke\",\"alternateName\":\"L\u00f6wen Apotheke\",\"url\":\"https:\/\/www.loewen-apotheke24.com\/de\/\",\"logo\":{\"@type\":\"ImageObject\",\"inLanguage\":\"de\",\"@id\":\"https:\/\/www.loewen-apotheke24.com\/de\/#\/schema\/logo\/image\/\",\"url\":\"https:\/\/www.loewen-apotheke24.com\/wp-content\/uploads\/2024\/02\/Logo-Loewen-Apotheke-700x700-1.png\",\"contentUrl\":\"https:\/\/www.loewen-apotheke24.com\/wp-content\/uploads\/2024\/02\/Logo-Loewen-Apotheke-700x700-1.png\",\"width\":700,\"height\":700,\"caption\":\"L\u00f6wen Apotheke\"},\"image\":{\"@id\":\"https:\/\/www.loewen-apotheke24.com\/de\/#\/schema\/logo\/image\/\"}}]}<\/script>\n<!-- \/ Yoast SEO Premium plugin. -->","yoast_head_json":{"title":"Sinupret Extract 40 St. | g\u00fcnstig online kaufen","description":"L\u00f6wen Apotheke24 - Spezialist f\u00fcr Naturheilkunde - Wir bieten gratis Lieferung ab 30 \u20ac. Sinupret Extract 40 St. bei Erk\u00e4ltung und Grippe.","robots":{"index":"index","follow":"follow","max-snippet":"max-snippet:-1","max-image-preview":"max-image-preview:large","max-video-preview":"max-video-preview:-1"},"canonical":"https:\/\/www.loewen-apotheke24.com\/de\/shop\/angebot\/sinupret-extract-40-st-09285547-4150092855470\/","og_locale":"de_DE","og_type":"article","og_title":"Sinupret Extract 40 St. | g\u00fcnstig online kaufen","og_description":"L\u00f6wen Apotheke24 - Spezialist f\u00fcr Naturheilkunde - Wir bieten gratis Lieferung ab 30 \u20ac. Sinupret Extract 40 St. bei Erk\u00e4ltung und Grippe.","og_url":"https:\/\/www.loewen-apotheke24.com\/de\/shop\/angebot\/sinupret-extract-40-st-09285547-4150092855470\/","og_site_name":"L\u00f6wen Apotheke24","article_modified_time":"2025-12-11T06:32:13+00:00","og_image":[{"width":600,"height":600,"url":"https:\/\/www.loewen-apotheke24.com\/wp-content\/uploads\/2024\/10\/Sinupret-extract-40-St-Tabletten-PZN-09285547-Loewen-Apotheke.webp","type":"image\/webp"}],"twitter_card":"summary_large_image","twitter_misc":{"Gesch\u00e4tzte Lesezeit":"1\u00a0Minute"},"schema":{"@context":"https:\/\/schema.org","@graph":[{"@type":"WebPage","@id":"https:\/\/www.loewen-apotheke24.com\/de\/shop\/angebot\/sinupret-extract-40-st-09285547-4150092855470\/","url":"https:\/\/www.loewen-apotheke24.com\/de\/shop\/angebot\/sinupret-extract-40-st-09285547-4150092855470\/","name":"Sinupret Extract 40 St. | g\u00fcnstig online kaufen","isPartOf":{"@id":"https:\/\/www.loewen-apotheke24.com\/de\/#website"},"datePublished":"2024-10-06T06:55:06+00:00","dateModified":"2025-12-11T06:32:13+00:00","description":"L\u00f6wen Apotheke24 - Spezialist f\u00fcr Naturheilkunde - Wir bieten gratis Lieferung ab 30 \u20ac. Sinupret Extract 40 St. bei Erk\u00e4ltung und Grippe.","breadcrumb":{"@id":"https:\/\/www.loewen-apotheke24.com\/de\/shop\/angebot\/sinupret-extract-40-st-09285547-4150092855470\/#breadcrumb"},"inLanguage":"de","potentialAction":[{"@type":"ReadAction","target":["https:\/\/www.loewen-apotheke24.com\/de\/shop\/angebot\/sinupret-extract-40-st-09285547-4150092855470\/"]}]},{"@type":"BreadcrumbList","@id":"https:\/\/www.loewen-apotheke24.com\/de\/shop\/angebot\/sinupret-extract-40-st-09285547-4150092855470\/#breadcrumb","itemListElement":[{"@type":"ListItem","position":1,"name":"Shop","item":"https:\/\/www.loewen-apotheke24.com\/de\/shop\/"},{"@type":"ListItem","position":2,"name":"Sinupret Extract 40 St."}]},{"@type":"WebSite","@id":"https:\/\/www.loewen-apotheke24.com\/de\/#website","url":"https:\/\/www.loewen-apotheke24.com\/de\/","name":"L\u00f6wen Apotheke24","description":"Spezialist f\u00fcr Naturmedizin - Versandapotheke Baden-Baden","publisher":{"@id":"https:\/\/www.loewen-apotheke24.com\/de\/#organization"},"potentialAction":[{"@type":"SearchAction","target":{"@type":"EntryPoint","urlTemplate":"https:\/\/www.loewen-apotheke24.com\/de\/?s={search_term_string}"},"query-input":"required name=search_term_string"}],"inLanguage":"de"},{"@type":"Organization","@id":"https:\/\/www.loewen-apotheke24.com\/de\/#organization","name":"L\u00f6wen Apotheke","alternateName":"L\u00f6wen Apotheke","url":"https:\/\/www.loewen-apotheke24.com\/de\/","logo":{"@type":"ImageObject","inLanguage":"de","@id":"https:\/\/www.loewen-apotheke24.com\/de\/#\/schema\/logo\/image\/","url":"https:\/\/www.loewen-apotheke24.com\/wp-content\/uploads\/2024\/02\/Logo-Loewen-Apotheke-700x700-1.png","contentUrl":"https:\/\/www.loewen-apotheke24.com\/wp-content\/uploads\/2024\/02\/Logo-Loewen-Apotheke-700x700-1.png","width":700,"height":700,"caption":"L\u00f6wen Apotheke"},"image":{"@id":"https:\/\/www.loewen-apotheke24.com\/de\/#\/schema\/logo\/image\/"}}]}},"_links":{"self":[{"href":"https:\/\/www.loewen-apotheke24.com\/de\/wp-json\/wp\/v2\/product\/109448"}],"collection":[{"href":"https:\/\/www.loewen-apotheke24.com\/de\/wp-json\/wp\/v2\/product"}],"about":[{"href":"https:\/\/www.loewen-apotheke24.com\/de\/wp-json\/wp\/v2\/types\/product"}],"wp:featuredmedia":[{"embeddable":true,"href":"https:\/\/www.loewen-apotheke24.com\/de\/wp-json\/wp\/v2\/media\/109559"}],"wp:attachment":[{"href":"https:\/\/www.loewen-apotheke24.com\/de\/wp-json\/wp\/v2\/media?parent=109448"}],"wp:term":[{"taxonomy":"product_cat","embeddable":true,"href":"https:\/\/www.loewen-apotheke24.com\/de\/wp-json\/wp\/v2\/product_cat?post=109448"},{"taxonomy":"product_tag","embeddable":true,"href":"https:\/\/www.loewen-apotheke24.com\/de\/wp-json\/wp\/v2\/product_tag?post=109448"}],"curies":[{"name":"wp","href":"https:\/\/api.w.org\/{rel}","templated":true}]}}