{"id":112572,"date":"2024-11-08T11:27:49","date_gmt":"2024-11-08T10:27:49","guid":{"rendered":"https:\/\/www.loewen-apotheke24.com\/?post_type=product&#038;p=112572"},"modified":"2025-08-25T10:26:08","modified_gmt":"2025-08-25T09:26:08","slug":"vitamin-d3-hevert-tabletten-09887387","status":"publish","type":"product","link":"https:\/\/www.loewen-apotheke24.com\/de\/shop\/angebot\/vitamin-d3-hevert-tabletten-09887387\/","title":{"rendered":"Vitamin D3 Hevert Tabletten 200 St."},"content":{"rendered":"<h3 style=\"text-align: left;\">Vitamin D3 Hevert Tabletten<\/h3>\n<p>Vitamin D3 Hevert Tabletten: Versorgt den K\u00f6rper mit Vitamin D &#8211; Beugt Rachitis und Osteoporose vor. Verhindert eine por\u00f6se, br\u00fcchige Knochenstruktur<\/p>\n<p>Gesundheit ist das h\u00f6chste Gut des Menschen. Hevert hat sich deshalb seit \u00fcber 60 Jahren der Naturheilkunde und der Entwicklung von nat\u00fcrlichen Arzneimitteln verschrieben und ist einer der f\u00fchrenden deutschen Hersteller von hom\u00f6opathischen und pflanzlichen Arzneimitteln sowie von Mikron\u00e4hrstoffpr\u00e4paraten.<\/p>\n<h3 style=\"text-align: left;\">Aufgaben von Vitamin D3 in Ihrem K\u00f6rper:<\/h3>\n<ul>\n<li>Aufbau von Knochen und Unterst\u00fctzung der normalen Knochenfunktion<\/li>\n<li>Regelung der Prozesse in den Zellen, agiert als Hormon<\/li>\n<li>Sch\u00fctzt Nervenzellen und Neuronen<\/li>\n<li>Ist an der Synthese der Neurotransmitter beteiligt<\/li>\n<li>Steuert diverse Prozesse in der Immunabwehr<\/li>\n<\/ul>\n<h3 style=\"text-align: left;\">Verzehrsempfehlung von Vitamin D3 Hevert<\/h3>\n<p>Zur Vorbeugung bei erkennbarem Risiko einer Vitamin D-Mangelerkrankung bei ansonsten Gesunden ohne Resorptionsst\u00f6rungen t\u00e4glich \u00bd Tablette Vitamin D3 Hevert\u00ae (entsprechend 0,0125 mg oder 500 I.E. Vitamin D). Die Tabletten sollten mit ausreichend Fl\u00fcssigkeit eingenommen werden. Zur unterst\u00fctzenden Behandlung der Osteoporose t\u00e4glich 1 Tablette Vitamin D3 Hevert\u00ae (entsprechend 0,025 mg oder 1000 I.E. Vitamin D). Zur Vorbeugung gegen Rachitis t\u00e4glich \u00bd Tablette Vitamin D3 Hevert\u00ae (entsprechend 0,0125 mg oder 500 I.E. Vitamin D). Die Dosierung ist vom behandelnden Arzt festzulegen. Im Allgemeinen werden zur Vorbeugung gegen Rachitis bei Fr\u00fchgeborenen t\u00e4glich 1 Tablette Vitamin D3 Hevert\u00ae (entsprechend 0,025 mg oder 1000 I.E. Vitamin D) empfohlen.<\/p>\n<p>Angaben vom Hersteller Hevert \u2013 Hier <a href=\"https:\/\/www.hevert.com\/market-de\/de\">zur Webseite<\/a> des Hersteller Hevert-Arzneimittel GmbH &amp; Co. KG<br \/>\nAndere Produkte von <a href=\"https:\/\/www.loewen-apotheke24.com\/de\/product_cat\/hevert\/\">Hevert<\/a> finden Sie in unserem Webshop.<\/p>\n<p>Andere Kunden interessierten sich auch f\u00fcr Produkte zum Thema: <a href=\"https:\/\/www.loewen-apotheke24.com\/de\/product_tag\/vitamin\/\">Vitamine<\/a>\u00a0 |\u00a0\u00a0<a href=\"https:\/\/www.loewen-apotheke24.com\/de\/product_tag\/reiseapotheke\/\">Reiseapotheke<\/a><\/p>\n<p>Zu Risiken und Nebenwirkungen lesen Sie die Packungsbeilage und fragen Sie Ihren Arzt oder Apotheker.<\/p>\n<h3 style=\"text-align: left;\">Rezept | E-Rezept vorhanden?<\/h3>\n<p>Reichen Sie jetzt Ihr E-Rezept ein. Nutzen Sie unsere\u00a0<a href=\"https:\/\/e-rezept-app.de\/shop-rezept\" target=\"_blank\" rel=\"noopener\">E-Rezept<\/a>\u00a0App. Und wir schenken Ihnen die Versandkosten in Deutschland!<\/p>\n","protected":false},"excerpt":{"rendered":"<h2 style=\"text-align: left;\">Vitamin D3 Hevert Tabletten<\/h2>\n<p>Versorgt den K\u00f6rper mit Vitamin D. Beugt Rachitis und Osteoporose vor. Verhindert eine por\u00f6se, br\u00fcchige Knochenstruktur.<\/p>\n<p><strong>PZN<\/strong>: 09887387 (Pharmazentralnummer)<\/p>\n<p><strong>Darreichungsform<\/strong>:\u00a0 Tabletten<\/p>\n<p><strong>Verordnungsart<\/strong>: Rezeptfrei<\/p>\n<p><strong>Hersteller<\/strong>: Hevert-Arzneimittel GmbH &amp; Co. KG, Deutschland<\/p>\n","protected":false},"featured_media":112600,"template":"","meta":[],"product_cat":[13,195],"product_tag":[196,169,235,139,236,233],"yoast_head":"<!-- This site is optimized with the Yoast SEO Premium plugin v21.0 (Yoast SEO v21.0) - https:\/\/yoast.com\/wordpress\/plugins\/seo\/ -->\n<title>Vitamin D3 Hevert Tabletten 200 St. &gt;&gt; hier g\u00fcnstig bestellen<\/title>\n<meta name=\"description\" content=\"Ihr Spezialist f\u00fcr Naturheilkunde. Weltweiter Versand, versandkostenfrei ab 30 \u20ac und kurze Lieferzeit mit DHL. Vitamin D3 Hevert Tabletten 200 St.\" \/>\n<meta name=\"robots\" content=\"index, follow, max-snippet:-1, max-image-preview:large, max-video-preview:-1\" \/>\n<link rel=\"canonical\" href=\"https:\/\/www.loewen-apotheke24.com\/de\/shop\/angebot\/vitamin-d3-hevert-tabletten-09887387\/\" \/>\n<meta property=\"og:locale\" content=\"de_DE\" \/>\n<meta property=\"og:type\" content=\"article\" \/>\n<meta property=\"og:title\" content=\"Vitamin D3 Hevert Tabletten 200 St. &gt;&gt; hier g\u00fcnstig bestellen\" \/>\n<meta property=\"og:description\" content=\"Ihr Spezialist f\u00fcr Naturheilkunde. Weltweiter Versand, versandkostenfrei ab 30 \u20ac und kurze Lieferzeit mit DHL. Vitamin D3 Hevert Tabletten 200 St.\" \/>\n<meta property=\"og:url\" content=\"https:\/\/www.loewen-apotheke24.com\/de\/shop\/angebot\/vitamin-d3-hevert-tabletten-09887387\/\" \/>\n<meta property=\"og:site_name\" content=\"L\u00f6wen Apotheke24\" \/>\n<meta property=\"article:modified_time\" content=\"2025-08-25T09:26:08+00:00\" \/>\n<meta property=\"og:image\" content=\"https:\/\/www.loewen-apotheke24.com\/wp-content\/uploads\/2024\/11\/VITAMIN-D3-HEVERT-Tabletten-200-St-Loewen-Apotheke24.webp\" \/>\n\t<meta property=\"og:image:width\" content=\"600\" \/>\n\t<meta property=\"og:image:height\" content=\"600\" \/>\n\t<meta property=\"og:image:type\" content=\"image\/webp\" \/>\n<meta name=\"twitter:card\" content=\"summary_large_image\" \/>\n<meta name=\"twitter:label1\" content=\"Gesch\u00e4tzte Lesezeit\" \/>\n\t<meta name=\"twitter:data1\" content=\"2\u00a0Minuten\" \/>\n<script type=\"application\/ld+json\" class=\"yoast-schema-graph\">{\"@context\":\"https:\/\/schema.org\",\"@graph\":[{\"@type\":\"WebPage\",\"@id\":\"https:\/\/www.loewen-apotheke24.com\/de\/shop\/angebot\/vitamin-d3-hevert-tabletten-09887387\/\",\"url\":\"https:\/\/www.loewen-apotheke24.com\/de\/shop\/angebot\/vitamin-d3-hevert-tabletten-09887387\/\",\"name\":\"Vitamin D3 Hevert Tabletten 200 St. >> hier g\u00fcnstig bestellen\",\"isPartOf\":{\"@id\":\"https:\/\/www.loewen-apotheke24.com\/de\/#website\"},\"datePublished\":\"2024-11-08T10:27:49+00:00\",\"dateModified\":\"2025-08-25T09:26:08+00:00\",\"description\":\"Ihr Spezialist f\u00fcr Naturheilkunde. Weltweiter Versand, versandkostenfrei ab 30 \u20ac und kurze Lieferzeit mit DHL. Vitamin D3 Hevert Tabletten 200 St.\",\"breadcrumb\":{\"@id\":\"https:\/\/www.loewen-apotheke24.com\/de\/shop\/angebot\/vitamin-d3-hevert-tabletten-09887387\/#breadcrumb\"},\"inLanguage\":\"de\",\"potentialAction\":[{\"@type\":\"ReadAction\",\"target\":[\"https:\/\/www.loewen-apotheke24.com\/de\/shop\/angebot\/vitamin-d3-hevert-tabletten-09887387\/\"]}]},{\"@type\":\"BreadcrumbList\",\"@id\":\"https:\/\/www.loewen-apotheke24.com\/de\/shop\/angebot\/vitamin-d3-hevert-tabletten-09887387\/#breadcrumb\",\"itemListElement\":[{\"@type\":\"ListItem\",\"position\":1,\"name\":\"Shop\",\"item\":\"https:\/\/www.loewen-apotheke24.com\/de\/shop\/\"},{\"@type\":\"ListItem\",\"position\":2,\"name\":\"Vitamin D3 Hevert Tabletten 200 St.\"}]},{\"@type\":\"WebSite\",\"@id\":\"https:\/\/www.loewen-apotheke24.com\/de\/#website\",\"url\":\"https:\/\/www.loewen-apotheke24.com\/de\/\",\"name\":\"L\u00f6wen Apotheke24\",\"description\":\"Spezialist f\u00fcr Naturmedizin - Versandapotheke Baden-Baden\",\"publisher\":{\"@id\":\"https:\/\/www.loewen-apotheke24.com\/de\/#organization\"},\"potentialAction\":[{\"@type\":\"SearchAction\",\"target\":{\"@type\":\"EntryPoint\",\"urlTemplate\":\"https:\/\/www.loewen-apotheke24.com\/de\/?s={search_term_string}\"},\"query-input\":\"required name=search_term_string\"}],\"inLanguage\":\"de\"},{\"@type\":\"Organization\",\"@id\":\"https:\/\/www.loewen-apotheke24.com\/de\/#organization\",\"name\":\"L\u00f6wen Apotheke\",\"alternateName\":\"L\u00f6wen Apotheke\",\"url\":\"https:\/\/www.loewen-apotheke24.com\/de\/\",\"logo\":{\"@type\":\"ImageObject\",\"inLanguage\":\"de\",\"@id\":\"https:\/\/www.loewen-apotheke24.com\/de\/#\/schema\/logo\/image\/\",\"url\":\"https:\/\/www.loewen-apotheke24.com\/wp-content\/uploads\/2024\/02\/Logo-Loewen-Apotheke-700x700-1.png\",\"contentUrl\":\"https:\/\/www.loewen-apotheke24.com\/wp-content\/uploads\/2024\/02\/Logo-Loewen-Apotheke-700x700-1.png\",\"width\":700,\"height\":700,\"caption\":\"L\u00f6wen Apotheke\"},\"image\":{\"@id\":\"https:\/\/www.loewen-apotheke24.com\/de\/#\/schema\/logo\/image\/\"}}]}<\/script>\n<!-- \/ Yoast SEO Premium plugin. -->","yoast_head_json":{"title":"Vitamin D3 Hevert Tabletten 200 St. >> hier g\u00fcnstig bestellen","description":"Ihr Spezialist f\u00fcr Naturheilkunde. Weltweiter Versand, versandkostenfrei ab 30 \u20ac und kurze Lieferzeit mit DHL. Vitamin D3 Hevert Tabletten 200 St.","robots":{"index":"index","follow":"follow","max-snippet":"max-snippet:-1","max-image-preview":"max-image-preview:large","max-video-preview":"max-video-preview:-1"},"canonical":"https:\/\/www.loewen-apotheke24.com\/de\/shop\/angebot\/vitamin-d3-hevert-tabletten-09887387\/","og_locale":"de_DE","og_type":"article","og_title":"Vitamin D3 Hevert Tabletten 200 St. >> hier g\u00fcnstig bestellen","og_description":"Ihr Spezialist f\u00fcr Naturheilkunde. Weltweiter Versand, versandkostenfrei ab 30 \u20ac und kurze Lieferzeit mit DHL. Vitamin D3 Hevert Tabletten 200 St.","og_url":"https:\/\/www.loewen-apotheke24.com\/de\/shop\/angebot\/vitamin-d3-hevert-tabletten-09887387\/","og_site_name":"L\u00f6wen Apotheke24","article_modified_time":"2025-08-25T09:26:08+00:00","og_image":[{"width":600,"height":600,"url":"https:\/\/www.loewen-apotheke24.com\/wp-content\/uploads\/2024\/11\/VITAMIN-D3-HEVERT-Tabletten-200-St-Loewen-Apotheke24.webp","type":"image\/webp"}],"twitter_card":"summary_large_image","twitter_misc":{"Gesch\u00e4tzte Lesezeit":"2\u00a0Minuten"},"schema":{"@context":"https:\/\/schema.org","@graph":[{"@type":"WebPage","@id":"https:\/\/www.loewen-apotheke24.com\/de\/shop\/angebot\/vitamin-d3-hevert-tabletten-09887387\/","url":"https:\/\/www.loewen-apotheke24.com\/de\/shop\/angebot\/vitamin-d3-hevert-tabletten-09887387\/","name":"Vitamin D3 Hevert Tabletten 200 St. >> hier g\u00fcnstig bestellen","isPartOf":{"@id":"https:\/\/www.loewen-apotheke24.com\/de\/#website"},"datePublished":"2024-11-08T10:27:49+00:00","dateModified":"2025-08-25T09:26:08+00:00","description":"Ihr Spezialist f\u00fcr Naturheilkunde. Weltweiter Versand, versandkostenfrei ab 30 \u20ac und kurze Lieferzeit mit DHL. Vitamin D3 Hevert Tabletten 200 St.","breadcrumb":{"@id":"https:\/\/www.loewen-apotheke24.com\/de\/shop\/angebot\/vitamin-d3-hevert-tabletten-09887387\/#breadcrumb"},"inLanguage":"de","potentialAction":[{"@type":"ReadAction","target":["https:\/\/www.loewen-apotheke24.com\/de\/shop\/angebot\/vitamin-d3-hevert-tabletten-09887387\/"]}]},{"@type":"BreadcrumbList","@id":"https:\/\/www.loewen-apotheke24.com\/de\/shop\/angebot\/vitamin-d3-hevert-tabletten-09887387\/#breadcrumb","itemListElement":[{"@type":"ListItem","position":1,"name":"Shop","item":"https:\/\/www.loewen-apotheke24.com\/de\/shop\/"},{"@type":"ListItem","position":2,"name":"Vitamin D3 Hevert Tabletten 200 St."}]},{"@type":"WebSite","@id":"https:\/\/www.loewen-apotheke24.com\/de\/#website","url":"https:\/\/www.loewen-apotheke24.com\/de\/","name":"L\u00f6wen Apotheke24","description":"Spezialist f\u00fcr Naturmedizin - Versandapotheke Baden-Baden","publisher":{"@id":"https:\/\/www.loewen-apotheke24.com\/de\/#organization"},"potentialAction":[{"@type":"SearchAction","target":{"@type":"EntryPoint","urlTemplate":"https:\/\/www.loewen-apotheke24.com\/de\/?s={search_term_string}"},"query-input":"required name=search_term_string"}],"inLanguage":"de"},{"@type":"Organization","@id":"https:\/\/www.loewen-apotheke24.com\/de\/#organization","name":"L\u00f6wen Apotheke","alternateName":"L\u00f6wen Apotheke","url":"https:\/\/www.loewen-apotheke24.com\/de\/","logo":{"@type":"ImageObject","inLanguage":"de","@id":"https:\/\/www.loewen-apotheke24.com\/de\/#\/schema\/logo\/image\/","url":"https:\/\/www.loewen-apotheke24.com\/wp-content\/uploads\/2024\/02\/Logo-Loewen-Apotheke-700x700-1.png","contentUrl":"https:\/\/www.loewen-apotheke24.com\/wp-content\/uploads\/2024\/02\/Logo-Loewen-Apotheke-700x700-1.png","width":700,"height":700,"caption":"L\u00f6wen Apotheke"},"image":{"@id":"https:\/\/www.loewen-apotheke24.com\/de\/#\/schema\/logo\/image\/"}}]}},"_links":{"self":[{"href":"https:\/\/www.loewen-apotheke24.com\/de\/wp-json\/wp\/v2\/product\/112572"}],"collection":[{"href":"https:\/\/www.loewen-apotheke24.com\/de\/wp-json\/wp\/v2\/product"}],"about":[{"href":"https:\/\/www.loewen-apotheke24.com\/de\/wp-json\/wp\/v2\/types\/product"}],"wp:featuredmedia":[{"embeddable":true,"href":"https:\/\/www.loewen-apotheke24.com\/de\/wp-json\/wp\/v2\/media\/112600"}],"wp:attachment":[{"href":"https:\/\/www.loewen-apotheke24.com\/de\/wp-json\/wp\/v2\/media?parent=112572"}],"wp:term":[{"taxonomy":"product_cat","embeddable":true,"href":"https:\/\/www.loewen-apotheke24.com\/de\/wp-json\/wp\/v2\/product_cat?post=112572"},{"taxonomy":"product_tag","embeddable":true,"href":"https:\/\/www.loewen-apotheke24.com\/de\/wp-json\/wp\/v2\/product_tag?post=112572"}],"curies":[{"name":"wp","href":"https:\/\/api.w.org\/{rel}","templated":true}]}}