{"id":112575,"date":"2024-11-08T11:43:28","date_gmt":"2024-11-08T10:43:28","guid":{"rendered":"https:\/\/www.loewen-apotheke24.com\/?post_type=product&#038;p=112575"},"modified":"2025-02-03T12:57:35","modified_gmt":"2025-02-03T11:57:35","slug":"sinusitis-hevert-sl-tabletten-100-st-02785005","status":"publish","type":"product","link":"https:\/\/www.loewen-apotheke24.com\/de\/shop\/angebot\/sinusitis-hevert-sl-tabletten-100-st-02785005\/","title":{"rendered":"Sinusitis Hevert SL Tabletten 100 St."},"content":{"rendered":"<h3 style=\"text-align: left;\">Sinusitis Hevert SL Tabletten 100 St.<\/h3>\n<p>Sinusitis Hevert SL: Befreit schonend die Nase, schleiml\u00f6send. Hom\u00f6opathisches Arzneimittel bei Schnupfen und Entz\u00fcndungen der Nasennebenh\u00f6hlen.<\/p>\n<p>F\u00fcr eine freie Nase &#8211; Sinusitis Tabletten. Eine gesunde Schleimhaut des Hals-Nasen-Rachen-Raumes bietet Schutz vor eingeatmeten Fremdk\u00f6rpern und Krankheitserregern. K\u00f6rpereigene Abwehrstoffe im Schleim bek\u00e4mpfen wirkungsvoll eingedrungene Viren und Bakterien.<\/p>\n<p>Gesundheit ist das h\u00f6chste Gut des Menschen. Hevert hat sich deshalb seit \u00fcber 60 Jahren der Naturheilkunde und der Entwicklung von nat\u00fcrlichen Arzneimitteln verschrieben und ist einer der f\u00fchrenden deutschen Hersteller von hom\u00f6opathischen und pflanzlichen Arzneimitteln sowie von Mikron\u00e4hrstoffpr\u00e4paraten.<\/p>\n<p>Angaben vom Hersteller Hevert \u2013\u00a0<a href=\"https:\/\/www.hevert.com\/market-de\/de\">zur Webseite<\/a><br \/>\nAndere Produkte von\u00a0<a href=\"https:\/\/www.loewen-apotheke24.com\/de\/product_cat\/hevert\/\">Hevert<\/a><\/p>\n<p>Zu Risiken und Nebenwirkungen lesen Sie die Packungsbeilage und fragen Sie Ihren Arzt oder Apotheker.<\/p>\n","protected":false},"excerpt":{"rendered":"<h2>Sinusitis Hevert SL Tabletten 100 St.<\/h2>\n<p>Sinusitis Hevert SL Tabletten 100 St. Hom\u00f6opathisches Arzneimittel bei Schnupfen und Entz\u00fcndungen der Nasennebenh\u00f6hlen.<\/p>\n<p><strong>PZN<\/strong>: 02785005 (Pharmazentralnummer)<\/p>\n<p><strong>Darreichungsform<\/strong>:\u00a0 Tabletten<\/p>\n<p><strong>Verordnungsart<\/strong>: Rezeptfrei<\/p>\n<p><strong>Hersteller<\/strong>: Hevert-Arzneimittel GmbH &amp; Co. KG, Deutschland<\/p>\n","protected":false},"featured_media":46051,"template":"","meta":[],"product_cat":[13,195],"product_tag":[196,169,228,229,221],"yoast_head":"<!-- This site is optimized with the Yoast SEO Premium plugin v21.0 (Yoast SEO v21.0) - https:\/\/yoast.com\/wordpress\/plugins\/seo\/ -->\n<title>Sinusitis Hevert SL Tabletten 100 St. - L\u00f6wen Apotheke24<\/title>\n<meta name=\"description\" content=\"Apotheke aus Baden-Baden, DE: kurze Lieferzeit und gratis Lieferung ab 30 \u20ac. Ihr Spezialist f\u00fcr Naturheilkunde. Sinusitis Hevert SL Tabletten 100 St.\" \/>\n<meta name=\"robots\" content=\"index, follow, max-snippet:-1, max-image-preview:large, max-video-preview:-1\" \/>\n<link rel=\"canonical\" href=\"https:\/\/www.loewen-apotheke24.com\/de\/shop\/angebot\/sinusitis-hevert-sl-tabletten-100-st-02785005\/\" \/>\n<meta property=\"og:locale\" content=\"de_DE\" \/>\n<meta property=\"og:type\" content=\"article\" \/>\n<meta property=\"og:title\" content=\"Sinusitis Hevert SL Tabletten 100 St. - L\u00f6wen Apotheke24\" \/>\n<meta property=\"og:description\" content=\"Apotheke aus Baden-Baden, DE: kurze Lieferzeit und gratis Lieferung ab 30 \u20ac. Ihr Spezialist f\u00fcr Naturheilkunde. Sinusitis Hevert SL Tabletten 100 St.\" \/>\n<meta property=\"og:url\" content=\"https:\/\/www.loewen-apotheke24.com\/de\/shop\/angebot\/sinusitis-hevert-sl-tabletten-100-st-02785005\/\" \/>\n<meta property=\"og:site_name\" content=\"L\u00f6wen Apotheke24\" \/>\n<meta property=\"article:modified_time\" content=\"2025-02-03T11:57:35+00:00\" \/>\n<meta property=\"og:image\" content=\"https:\/\/www.loewen-apotheke24.com\/wp-content\/uploads\/2017\/08\/Sinusitis-Hevert-SL-Tabletten-100-St-Loewen-Apotheke24.de_.jpg\" \/>\n\t<meta property=\"og:image:width\" content=\"600\" \/>\n\t<meta property=\"og:image:height\" content=\"600\" \/>\n\t<meta property=\"og:image:type\" content=\"image\/jpeg\" \/>\n<meta name=\"twitter:card\" content=\"summary_large_image\" \/>\n<meta name=\"twitter:label1\" content=\"Gesch\u00e4tzte Lesezeit\" \/>\n\t<meta name=\"twitter:data1\" content=\"1\u00a0Minute\" \/>\n<script type=\"application\/ld+json\" class=\"yoast-schema-graph\">{\"@context\":\"https:\/\/schema.org\",\"@graph\":[{\"@type\":\"WebPage\",\"@id\":\"https:\/\/www.loewen-apotheke24.com\/de\/shop\/angebot\/sinusitis-hevert-sl-tabletten-100-st-02785005\/\",\"url\":\"https:\/\/www.loewen-apotheke24.com\/de\/shop\/angebot\/sinusitis-hevert-sl-tabletten-100-st-02785005\/\",\"name\":\"Sinusitis Hevert SL Tabletten 100 St. - L\u00f6wen Apotheke24\",\"isPartOf\":{\"@id\":\"https:\/\/www.loewen-apotheke24.com\/de\/#website\"},\"datePublished\":\"2024-11-08T10:43:28+00:00\",\"dateModified\":\"2025-02-03T11:57:35+00:00\",\"description\":\"Apotheke aus Baden-Baden, DE: kurze Lieferzeit und gratis Lieferung ab 30 \u20ac. Ihr Spezialist f\u00fcr Naturheilkunde. Sinusitis Hevert SL Tabletten 100 St.\",\"breadcrumb\":{\"@id\":\"https:\/\/www.loewen-apotheke24.com\/de\/shop\/angebot\/sinusitis-hevert-sl-tabletten-100-st-02785005\/#breadcrumb\"},\"inLanguage\":\"de\",\"potentialAction\":[{\"@type\":\"ReadAction\",\"target\":[\"https:\/\/www.loewen-apotheke24.com\/de\/shop\/angebot\/sinusitis-hevert-sl-tabletten-100-st-02785005\/\"]}]},{\"@type\":\"BreadcrumbList\",\"@id\":\"https:\/\/www.loewen-apotheke24.com\/de\/shop\/angebot\/sinusitis-hevert-sl-tabletten-100-st-02785005\/#breadcrumb\",\"itemListElement\":[{\"@type\":\"ListItem\",\"position\":1,\"name\":\"Shop\",\"item\":\"https:\/\/www.loewen-apotheke24.com\/de\/shop\/\"},{\"@type\":\"ListItem\",\"position\":2,\"name\":\"Sinusitis Hevert SL Tabletten 100 St.\"}]},{\"@type\":\"WebSite\",\"@id\":\"https:\/\/www.loewen-apotheke24.com\/de\/#website\",\"url\":\"https:\/\/www.loewen-apotheke24.com\/de\/\",\"name\":\"L\u00f6wen Apotheke24\",\"description\":\"Spezialist f\u00fcr Naturmedizin - Versandapotheke Baden-Baden\",\"publisher\":{\"@id\":\"https:\/\/www.loewen-apotheke24.com\/de\/#organization\"},\"potentialAction\":[{\"@type\":\"SearchAction\",\"target\":{\"@type\":\"EntryPoint\",\"urlTemplate\":\"https:\/\/www.loewen-apotheke24.com\/de\/?s={search_term_string}\"},\"query-input\":\"required name=search_term_string\"}],\"inLanguage\":\"de\"},{\"@type\":\"Organization\",\"@id\":\"https:\/\/www.loewen-apotheke24.com\/de\/#organization\",\"name\":\"L\u00f6wen Apotheke\",\"alternateName\":\"L\u00f6wen Apotheke\",\"url\":\"https:\/\/www.loewen-apotheke24.com\/de\/\",\"logo\":{\"@type\":\"ImageObject\",\"inLanguage\":\"de\",\"@id\":\"https:\/\/www.loewen-apotheke24.com\/de\/#\/schema\/logo\/image\/\",\"url\":\"https:\/\/www.loewen-apotheke24.com\/wp-content\/uploads\/2024\/02\/Logo-Loewen-Apotheke-700x700-1.png\",\"contentUrl\":\"https:\/\/www.loewen-apotheke24.com\/wp-content\/uploads\/2024\/02\/Logo-Loewen-Apotheke-700x700-1.png\",\"width\":700,\"height\":700,\"caption\":\"L\u00f6wen Apotheke\"},\"image\":{\"@id\":\"https:\/\/www.loewen-apotheke24.com\/de\/#\/schema\/logo\/image\/\"}}]}<\/script>\n<!-- \/ Yoast SEO Premium plugin. -->","yoast_head_json":{"title":"Sinusitis Hevert SL Tabletten 100 St. - L\u00f6wen Apotheke24","description":"Apotheke aus Baden-Baden, DE: kurze Lieferzeit und gratis Lieferung ab 30 \u20ac. Ihr Spezialist f\u00fcr Naturheilkunde. Sinusitis Hevert SL Tabletten 100 St.","robots":{"index":"index","follow":"follow","max-snippet":"max-snippet:-1","max-image-preview":"max-image-preview:large","max-video-preview":"max-video-preview:-1"},"canonical":"https:\/\/www.loewen-apotheke24.com\/de\/shop\/angebot\/sinusitis-hevert-sl-tabletten-100-st-02785005\/","og_locale":"de_DE","og_type":"article","og_title":"Sinusitis Hevert SL Tabletten 100 St. - L\u00f6wen Apotheke24","og_description":"Apotheke aus Baden-Baden, DE: kurze Lieferzeit und gratis Lieferung ab 30 \u20ac. Ihr Spezialist f\u00fcr Naturheilkunde. Sinusitis Hevert SL Tabletten 100 St.","og_url":"https:\/\/www.loewen-apotheke24.com\/de\/shop\/angebot\/sinusitis-hevert-sl-tabletten-100-st-02785005\/","og_site_name":"L\u00f6wen Apotheke24","article_modified_time":"2025-02-03T11:57:35+00:00","og_image":[{"width":600,"height":600,"url":"https:\/\/www.loewen-apotheke24.com\/wp-content\/uploads\/2017\/08\/Sinusitis-Hevert-SL-Tabletten-100-St-Loewen-Apotheke24.de_.jpg","type":"image\/jpeg"}],"twitter_card":"summary_large_image","twitter_misc":{"Gesch\u00e4tzte Lesezeit":"1\u00a0Minute"},"schema":{"@context":"https:\/\/schema.org","@graph":[{"@type":"WebPage","@id":"https:\/\/www.loewen-apotheke24.com\/de\/shop\/angebot\/sinusitis-hevert-sl-tabletten-100-st-02785005\/","url":"https:\/\/www.loewen-apotheke24.com\/de\/shop\/angebot\/sinusitis-hevert-sl-tabletten-100-st-02785005\/","name":"Sinusitis Hevert SL Tabletten 100 St. - L\u00f6wen Apotheke24","isPartOf":{"@id":"https:\/\/www.loewen-apotheke24.com\/de\/#website"},"datePublished":"2024-11-08T10:43:28+00:00","dateModified":"2025-02-03T11:57:35+00:00","description":"Apotheke aus Baden-Baden, DE: kurze Lieferzeit und gratis Lieferung ab 30 \u20ac. Ihr Spezialist f\u00fcr Naturheilkunde. Sinusitis Hevert SL Tabletten 100 St.","breadcrumb":{"@id":"https:\/\/www.loewen-apotheke24.com\/de\/shop\/angebot\/sinusitis-hevert-sl-tabletten-100-st-02785005\/#breadcrumb"},"inLanguage":"de","potentialAction":[{"@type":"ReadAction","target":["https:\/\/www.loewen-apotheke24.com\/de\/shop\/angebot\/sinusitis-hevert-sl-tabletten-100-st-02785005\/"]}]},{"@type":"BreadcrumbList","@id":"https:\/\/www.loewen-apotheke24.com\/de\/shop\/angebot\/sinusitis-hevert-sl-tabletten-100-st-02785005\/#breadcrumb","itemListElement":[{"@type":"ListItem","position":1,"name":"Shop","item":"https:\/\/www.loewen-apotheke24.com\/de\/shop\/"},{"@type":"ListItem","position":2,"name":"Sinusitis Hevert SL Tabletten 100 St."}]},{"@type":"WebSite","@id":"https:\/\/www.loewen-apotheke24.com\/de\/#website","url":"https:\/\/www.loewen-apotheke24.com\/de\/","name":"L\u00f6wen Apotheke24","description":"Spezialist f\u00fcr Naturmedizin - Versandapotheke Baden-Baden","publisher":{"@id":"https:\/\/www.loewen-apotheke24.com\/de\/#organization"},"potentialAction":[{"@type":"SearchAction","target":{"@type":"EntryPoint","urlTemplate":"https:\/\/www.loewen-apotheke24.com\/de\/?s={search_term_string}"},"query-input":"required name=search_term_string"}],"inLanguage":"de"},{"@type":"Organization","@id":"https:\/\/www.loewen-apotheke24.com\/de\/#organization","name":"L\u00f6wen Apotheke","alternateName":"L\u00f6wen Apotheke","url":"https:\/\/www.loewen-apotheke24.com\/de\/","logo":{"@type":"ImageObject","inLanguage":"de","@id":"https:\/\/www.loewen-apotheke24.com\/de\/#\/schema\/logo\/image\/","url":"https:\/\/www.loewen-apotheke24.com\/wp-content\/uploads\/2024\/02\/Logo-Loewen-Apotheke-700x700-1.png","contentUrl":"https:\/\/www.loewen-apotheke24.com\/wp-content\/uploads\/2024\/02\/Logo-Loewen-Apotheke-700x700-1.png","width":700,"height":700,"caption":"L\u00f6wen Apotheke"},"image":{"@id":"https:\/\/www.loewen-apotheke24.com\/de\/#\/schema\/logo\/image\/"}}]}},"_links":{"self":[{"href":"https:\/\/www.loewen-apotheke24.com\/de\/wp-json\/wp\/v2\/product\/112575"}],"collection":[{"href":"https:\/\/www.loewen-apotheke24.com\/de\/wp-json\/wp\/v2\/product"}],"about":[{"href":"https:\/\/www.loewen-apotheke24.com\/de\/wp-json\/wp\/v2\/types\/product"}],"wp:featuredmedia":[{"embeddable":true,"href":"https:\/\/www.loewen-apotheke24.com\/de\/wp-json\/wp\/v2\/media\/46051"}],"wp:attachment":[{"href":"https:\/\/www.loewen-apotheke24.com\/de\/wp-json\/wp\/v2\/media?parent=112575"}],"wp:term":[{"taxonomy":"product_cat","embeddable":true,"href":"https:\/\/www.loewen-apotheke24.com\/de\/wp-json\/wp\/v2\/product_cat?post=112575"},{"taxonomy":"product_tag","embeddable":true,"href":"https:\/\/www.loewen-apotheke24.com\/de\/wp-json\/wp\/v2\/product_tag?post=112575"}],"curies":[{"name":"wp","href":"https:\/\/api.w.org\/{rel}","templated":true}]}}