{"id":112989,"date":"2024-11-12T19:55:18","date_gmt":"2024-11-12T18:55:18","guid":{"rendered":"https:\/\/www.loewen-apotheke24.com\/?post_type=product&#038;p=112989"},"modified":"2026-04-27T05:57:11","modified_gmt":"2026-04-27T04:57:11","slug":"neygero-nr-64-d7-ampullen-2x5x2ml-06487204","status":"publish","type":"product","link":"https:\/\/www.loewen-apotheke24.com\/de\/shop\/vitorgan\/neygero-nr-64-d7-ampullen-2x5x2ml-06487204\/","title":{"rendered":"Neygero Nr.64 D7 Ampullen Doppelpack 2x (5x2ml)"},"content":{"rendered":"<h3 style=\"text-align: left;\">Neygero Nr.64 D7 Ampullen<\/h3>\n<p style=\"text-align: left;\">Neygero Nr.64 D7 Ampullen &#8211; &#8222;Amnion, Funiculus umbilical., Cor, Ren, Pancreas, Mucosa intestinal., Lien, Thymus, Gland.suprarenal, Gland. Parathyreoidea, testes, Hypophysis&#8220;<\/p>\n<p style=\"text-align: left;\">Die von vitOrgan zur biomolekularen Therapie angebotenen organhom\u00f6opathischen Pr\u00e4parate nutzen nat\u00fcrliche regulatorisch und metabolisch wirkende organische Substanzen, um aus dem Gleichgewicht geratene Prozesse physiologisch wieder zu normalisieren. Nach dem Prinzip \u201eHerz heilt Herz, Niere heilt Niere, Organ heilt Organ\u201c gilt es, die Kraft geschw\u00e4chter Zellen durch gezielte Regulation zu wecken.<\/p>\n<p>Das umfangreiche Portfolio bietet Ihnen hochwertige, registrierte Arzneimittel f\u00fcr die ganzheitliche Behandlung von Beschwerden von A wie Allergien bis Z wie Zirrhose. Erg\u00e4nzt wird das Angebot durch nat\u00fcrliche Kosmetika, Nahrungserg\u00e4nzungsmittel, Haarwuchsmittel sowie Bachbl\u00fcten-Organkomplexe unserer Tochterunternehmen Regena Ney und Innovapharm.<\/p>\n<p style=\"text-align: left;\">Angaben vom Hersteller vitOrgan Arzneimittel &#8211; <a href=\"https:\/\/vitorgan.de\/produkte\/nahrungsergaenzungspraeparate\/augennahrung\/\" target=\"_blank\" rel=\"noopener noreferrer\">zur Webseite<\/a><br \/>\nAndere Produkte von <a href=\"https:\/\/www.loewen-apotheke24.com\/de\/product_cat\/vitorgan\/\">vitOrgan Arzneimittel<\/a><\/p>\n<p style=\"text-align: left;\">Zu Risiken und Nebenwirkungen lesen Sie die Packungsbeilage und fragen Sie Ihren Arzt oder Apotheker.<\/p>\n","protected":false},"excerpt":{"rendered":"<h2>Neygero Nr.64 D7 Ampullen \u00a02x (5x2ml)<\/h2>\n<p style=\"text-align: left;\"><strong>PZN<\/strong>: 06487204 (Pharmazentralnummer)<\/p>\n<p style=\"text-align: left;\"><strong>Darreichungsform<\/strong>:\u00a0 Ampullen<\/p>\n<p style=\"text-align: left;\"><strong>Packungsgr\u00f6\u00dfe<\/strong>:\u00a0 2x 5x 2 ml<\/p>\n<p style=\"text-align: left;\"><strong>Marke<\/strong>: <a href=\"https:\/\/www.loewen-apotheke24.com\/de\/product_tag\/vitorgan\/\">vitorgan<\/a><\/p>\n<p style=\"text-align: left;\"><strong>Hersteller<\/strong>: vitOrgan GmbH &amp; Co.KG<\/p>\n","protected":false},"featured_media":112992,"template":"","meta":[],"product_cat":[13,12,413],"product_tag":[118,97],"yoast_head":"<!-- This site is optimized with the Yoast SEO Premium plugin v21.0 (Yoast SEO v21.0) - https:\/\/yoast.com\/wordpress\/plugins\/seo\/ -->\n<title>Neygero Nr.64 D7 Ampullen Doppelpack 2x (5x2ml) &gt;&gt; Preisvorteil<\/title>\n<meta name=\"description\" content=\"Ihr Spezialist f\u00fcr Naturheilkunde. Weltweiter Versand, kurze Lieferzeit, gratis Lieferung ab 30 \u20ac, vitOrgan: Neygero Nr.64 D7 Ampullen Doppelpack 2x (5x2ml)\" \/>\n<meta name=\"robots\" content=\"index, follow, max-snippet:-1, max-image-preview:large, max-video-preview:-1\" \/>\n<link rel=\"canonical\" href=\"https:\/\/www.loewen-apotheke24.com\/de\/shop\/vitorgan\/neygero-nr-64-d7-ampullen-2x5x2ml-06487204\/\" \/>\n<meta property=\"og:locale\" content=\"de_DE\" \/>\n<meta property=\"og:type\" content=\"article\" \/>\n<meta property=\"og:title\" content=\"Neygero Nr.64 D7 Ampullen Doppelpack 2x (5x2ml) &gt;&gt; Preisvorteil\" \/>\n<meta property=\"og:description\" content=\"Ihr Spezialist f\u00fcr Naturheilkunde. Weltweiter Versand, kurze Lieferzeit, gratis Lieferung ab 30 \u20ac, vitOrgan: Neygero Nr.64 D7 Ampullen Doppelpack 2x (5x2ml)\" \/>\n<meta property=\"og:url\" content=\"https:\/\/www.loewen-apotheke24.com\/de\/shop\/vitorgan\/neygero-nr-64-d7-ampullen-2x5x2ml-06487204\/\" \/>\n<meta property=\"og:site_name\" content=\"L\u00f6wen Apotheke24\" \/>\n<meta property=\"article:modified_time\" content=\"2026-04-27T04:57:11+00:00\" \/>\n<meta property=\"og:image\" content=\"https:\/\/www.loewen-apotheke24.com\/wp-content\/uploads\/2024\/11\/neygero-nr.-67-D7-neygero-nr.64-vitorgan-loewen-apotheke24.webp\" \/>\n\t<meta property=\"og:image:width\" content=\"600\" \/>\n\t<meta property=\"og:image:height\" content=\"600\" \/>\n\t<meta property=\"og:image:type\" content=\"image\/webp\" \/>\n<meta name=\"twitter:card\" content=\"summary_large_image\" \/>\n<meta name=\"twitter:label1\" content=\"Gesch\u00e4tzte Lesezeit\" \/>\n\t<meta name=\"twitter:data1\" content=\"1\u00a0Minute\" \/>\n<script type=\"application\/ld+json\" class=\"yoast-schema-graph\">{\"@context\":\"https:\/\/schema.org\",\"@graph\":[{\"@type\":\"WebPage\",\"@id\":\"https:\/\/www.loewen-apotheke24.com\/de\/shop\/vitorgan\/neygero-nr-64-d7-ampullen-2x5x2ml-06487204\/\",\"url\":\"https:\/\/www.loewen-apotheke24.com\/de\/shop\/vitorgan\/neygero-nr-64-d7-ampullen-2x5x2ml-06487204\/\",\"name\":\"Neygero Nr.64 D7 Ampullen Doppelpack 2x (5x2ml) >> Preisvorteil\",\"isPartOf\":{\"@id\":\"https:\/\/www.loewen-apotheke24.com\/de\/#website\"},\"datePublished\":\"2024-11-12T18:55:18+00:00\",\"dateModified\":\"2026-04-27T04:57:11+00:00\",\"description\":\"Ihr Spezialist f\u00fcr Naturheilkunde. Weltweiter Versand, kurze Lieferzeit, gratis Lieferung ab 30 \u20ac, vitOrgan: Neygero Nr.64 D7 Ampullen Doppelpack 2x (5x2ml)\",\"breadcrumb\":{\"@id\":\"https:\/\/www.loewen-apotheke24.com\/de\/shop\/vitorgan\/neygero-nr-64-d7-ampullen-2x5x2ml-06487204\/#breadcrumb\"},\"inLanguage\":\"de\",\"potentialAction\":[{\"@type\":\"ReadAction\",\"target\":[\"https:\/\/www.loewen-apotheke24.com\/de\/shop\/vitorgan\/neygero-nr-64-d7-ampullen-2x5x2ml-06487204\/\"]}]},{\"@type\":\"BreadcrumbList\",\"@id\":\"https:\/\/www.loewen-apotheke24.com\/de\/shop\/vitorgan\/neygero-nr-64-d7-ampullen-2x5x2ml-06487204\/#breadcrumb\",\"itemListElement\":[{\"@type\":\"ListItem\",\"position\":1,\"name\":\"Shop\",\"item\":\"https:\/\/www.loewen-apotheke24.com\/de\/shop\/\"},{\"@type\":\"ListItem\",\"position\":2,\"name\":\"Neygero Nr.64 D7 Ampullen Doppelpack 2x (5x2ml)\"}]},{\"@type\":\"WebSite\",\"@id\":\"https:\/\/www.loewen-apotheke24.com\/de\/#website\",\"url\":\"https:\/\/www.loewen-apotheke24.com\/de\/\",\"name\":\"L\u00f6wen Apotheke24\",\"description\":\"Spezialist f\u00fcr Naturmedizin - Versandapotheke Baden-Baden\",\"publisher\":{\"@id\":\"https:\/\/www.loewen-apotheke24.com\/de\/#organization\"},\"potentialAction\":[{\"@type\":\"SearchAction\",\"target\":{\"@type\":\"EntryPoint\",\"urlTemplate\":\"https:\/\/www.loewen-apotheke24.com\/de\/?s={search_term_string}\"},\"query-input\":\"required name=search_term_string\"}],\"inLanguage\":\"de\"},{\"@type\":\"Organization\",\"@id\":\"https:\/\/www.loewen-apotheke24.com\/de\/#organization\",\"name\":\"L\u00f6wen Apotheke\",\"alternateName\":\"L\u00f6wen Apotheke\",\"url\":\"https:\/\/www.loewen-apotheke24.com\/de\/\",\"logo\":{\"@type\":\"ImageObject\",\"inLanguage\":\"de\",\"@id\":\"https:\/\/www.loewen-apotheke24.com\/de\/#\/schema\/logo\/image\/\",\"url\":\"https:\/\/www.loewen-apotheke24.com\/wp-content\/uploads\/2024\/02\/Logo-Loewen-Apotheke-700x700-1.png\",\"contentUrl\":\"https:\/\/www.loewen-apotheke24.com\/wp-content\/uploads\/2024\/02\/Logo-Loewen-Apotheke-700x700-1.png\",\"width\":700,\"height\":700,\"caption\":\"L\u00f6wen Apotheke\"},\"image\":{\"@id\":\"https:\/\/www.loewen-apotheke24.com\/de\/#\/schema\/logo\/image\/\"}}]}<\/script>\n<!-- \/ Yoast SEO Premium plugin. -->","yoast_head_json":{"title":"Neygero Nr.64 D7 Ampullen Doppelpack 2x (5x2ml) >> Preisvorteil","description":"Ihr Spezialist f\u00fcr Naturheilkunde. Weltweiter Versand, kurze Lieferzeit, gratis Lieferung ab 30 \u20ac, vitOrgan: Neygero Nr.64 D7 Ampullen Doppelpack 2x (5x2ml)","robots":{"index":"index","follow":"follow","max-snippet":"max-snippet:-1","max-image-preview":"max-image-preview:large","max-video-preview":"max-video-preview:-1"},"canonical":"https:\/\/www.loewen-apotheke24.com\/de\/shop\/vitorgan\/neygero-nr-64-d7-ampullen-2x5x2ml-06487204\/","og_locale":"de_DE","og_type":"article","og_title":"Neygero Nr.64 D7 Ampullen Doppelpack 2x (5x2ml) >> Preisvorteil","og_description":"Ihr Spezialist f\u00fcr Naturheilkunde. Weltweiter Versand, kurze Lieferzeit, gratis Lieferung ab 30 \u20ac, vitOrgan: Neygero Nr.64 D7 Ampullen Doppelpack 2x (5x2ml)","og_url":"https:\/\/www.loewen-apotheke24.com\/de\/shop\/vitorgan\/neygero-nr-64-d7-ampullen-2x5x2ml-06487204\/","og_site_name":"L\u00f6wen Apotheke24","article_modified_time":"2026-04-27T04:57:11+00:00","og_image":[{"width":600,"height":600,"url":"https:\/\/www.loewen-apotheke24.com\/wp-content\/uploads\/2024\/11\/neygero-nr.-67-D7-neygero-nr.64-vitorgan-loewen-apotheke24.webp","type":"image\/webp"}],"twitter_card":"summary_large_image","twitter_misc":{"Gesch\u00e4tzte Lesezeit":"1\u00a0Minute"},"schema":{"@context":"https:\/\/schema.org","@graph":[{"@type":"WebPage","@id":"https:\/\/www.loewen-apotheke24.com\/de\/shop\/vitorgan\/neygero-nr-64-d7-ampullen-2x5x2ml-06487204\/","url":"https:\/\/www.loewen-apotheke24.com\/de\/shop\/vitorgan\/neygero-nr-64-d7-ampullen-2x5x2ml-06487204\/","name":"Neygero Nr.64 D7 Ampullen Doppelpack 2x (5x2ml) >> Preisvorteil","isPartOf":{"@id":"https:\/\/www.loewen-apotheke24.com\/de\/#website"},"datePublished":"2024-11-12T18:55:18+00:00","dateModified":"2026-04-27T04:57:11+00:00","description":"Ihr Spezialist f\u00fcr Naturheilkunde. Weltweiter Versand, kurze Lieferzeit, gratis Lieferung ab 30 \u20ac, vitOrgan: Neygero Nr.64 D7 Ampullen Doppelpack 2x (5x2ml)","breadcrumb":{"@id":"https:\/\/www.loewen-apotheke24.com\/de\/shop\/vitorgan\/neygero-nr-64-d7-ampullen-2x5x2ml-06487204\/#breadcrumb"},"inLanguage":"de","potentialAction":[{"@type":"ReadAction","target":["https:\/\/www.loewen-apotheke24.com\/de\/shop\/vitorgan\/neygero-nr-64-d7-ampullen-2x5x2ml-06487204\/"]}]},{"@type":"BreadcrumbList","@id":"https:\/\/www.loewen-apotheke24.com\/de\/shop\/vitorgan\/neygero-nr-64-d7-ampullen-2x5x2ml-06487204\/#breadcrumb","itemListElement":[{"@type":"ListItem","position":1,"name":"Shop","item":"https:\/\/www.loewen-apotheke24.com\/de\/shop\/"},{"@type":"ListItem","position":2,"name":"Neygero Nr.64 D7 Ampullen Doppelpack 2x (5x2ml)"}]},{"@type":"WebSite","@id":"https:\/\/www.loewen-apotheke24.com\/de\/#website","url":"https:\/\/www.loewen-apotheke24.com\/de\/","name":"L\u00f6wen Apotheke24","description":"Spezialist f\u00fcr Naturmedizin - Versandapotheke Baden-Baden","publisher":{"@id":"https:\/\/www.loewen-apotheke24.com\/de\/#organization"},"potentialAction":[{"@type":"SearchAction","target":{"@type":"EntryPoint","urlTemplate":"https:\/\/www.loewen-apotheke24.com\/de\/?s={search_term_string}"},"query-input":"required name=search_term_string"}],"inLanguage":"de"},{"@type":"Organization","@id":"https:\/\/www.loewen-apotheke24.com\/de\/#organization","name":"L\u00f6wen Apotheke","alternateName":"L\u00f6wen Apotheke","url":"https:\/\/www.loewen-apotheke24.com\/de\/","logo":{"@type":"ImageObject","inLanguage":"de","@id":"https:\/\/www.loewen-apotheke24.com\/de\/#\/schema\/logo\/image\/","url":"https:\/\/www.loewen-apotheke24.com\/wp-content\/uploads\/2024\/02\/Logo-Loewen-Apotheke-700x700-1.png","contentUrl":"https:\/\/www.loewen-apotheke24.com\/wp-content\/uploads\/2024\/02\/Logo-Loewen-Apotheke-700x700-1.png","width":700,"height":700,"caption":"L\u00f6wen Apotheke"},"image":{"@id":"https:\/\/www.loewen-apotheke24.com\/de\/#\/schema\/logo\/image\/"}}]}},"_links":{"self":[{"href":"https:\/\/www.loewen-apotheke24.com\/de\/wp-json\/wp\/v2\/product\/112989"}],"collection":[{"href":"https:\/\/www.loewen-apotheke24.com\/de\/wp-json\/wp\/v2\/product"}],"about":[{"href":"https:\/\/www.loewen-apotheke24.com\/de\/wp-json\/wp\/v2\/types\/product"}],"wp:featuredmedia":[{"embeddable":true,"href":"https:\/\/www.loewen-apotheke24.com\/de\/wp-json\/wp\/v2\/media\/112992"}],"wp:attachment":[{"href":"https:\/\/www.loewen-apotheke24.com\/de\/wp-json\/wp\/v2\/media?parent=112989"}],"wp:term":[{"taxonomy":"product_cat","embeddable":true,"href":"https:\/\/www.loewen-apotheke24.com\/de\/wp-json\/wp\/v2\/product_cat?post=112989"},{"taxonomy":"product_tag","embeddable":true,"href":"https:\/\/www.loewen-apotheke24.com\/de\/wp-json\/wp\/v2\/product_tag?post=112989"}],"curies":[{"name":"wp","href":"https:\/\/api.w.org\/{rel}","templated":true}]}}