{"id":1136,"date":"2017-08-10T13:23:31","date_gmt":"2017-08-10T12:23:31","guid":{"rendered":"https:\/\/www.loewen-apotheke24.com\/?post_type=product&#038;p=1136"},"modified":"2025-07-16T12:08:48","modified_gmt":"2025-07-16T11:08:48","slug":"to-ex-spag-peka-n-globuli-10g","status":"publish","type":"product","link":"https:\/\/www.loewen-apotheke24.com\/de\/shop\/pekana\/to-ex-spag-peka-n-globuli-10g\/","title":{"rendered":"To-ex spag. Peka N Globuli 10g"},"content":{"rendered":"<h3 style=\"text-align: left;\">To-ex spag. Peka N Globuli<\/h3>\n<p>To-ex spag. Peka N Globuli. Registriertes hom\u00f6opathisches Arzneimittel, daher ohne Angabe einer therapeutischen Indikation. Bei w\u00e4hrend der Anwendung fortdauernden Krankheitssymptomen ist medizinischer Rat einzuholen.<\/p>\n<p>Die\u00a0<a href=\"https:\/\/www.pekana.com\/de-DE\/\">PEKANA Arzneimittel<\/a>\u00a0stellt h\u00f6chste Anforderungen an ihre Produkte \u2013 sowohl in der Auswahl als auch in der Verarbeitung der Rohstoffe. Hochwertige Produkte auf nat\u00fcrlicher Basis \u2013 darauf haben wir uns spezialisiert.<\/p>\n<p>\u2013 Strenge Auswahl der Rohstoffe<\/p>\n<p>\u2013 Schonende und nat\u00fcrliche Produktionsmethoden<\/p>\n<p>\u2013 Vollst\u00e4ndiger Verzicht auf tierische Bestandteile<\/p>\n<p>\u2013 Nat\u00fcrliche und ausgewogene Kombination der einzelnen Pflanzenstoffe<\/p>\n<p>Alle\u00a0<a href=\"https:\/\/www.pekana.com\/de-DE\/\">PEKANA Arzneimittel<\/a>\u00a0k\u00f6nnen miteinander kombiniert werden.<\/p>\n<p>Weitere Pekana Produkte neben To-ex spag. Peka N Globuli finden Sie <a href=\"https:\/\/www.loewen-apotheke24.com\/de\/product_cat\/pekana\/\">hier<\/a>:<\/p>\n<p>Andere Kunden interessierten sich auch f\u00fcr Produkte zum Thema:\u00a0<a href=\"https:\/\/www.loewen-apotheke24.com\/de\/product_tag\/grippe\/\">Grippe &amp; Erk\u00e4ltung<\/a>\u00a0\u00a0|\u00a0\u00a0<a href=\"https:\/\/www.loewen-apotheke24.com\/de\/product_tag\/reiseapotheke\/\">Reiseapotheke<\/a><\/p>\n<p>Informationen auf dieser Website werden ausschlie\u00dflich f\u00fcr informative Zwecke zur Verf\u00fcgung gestellt. Sie ersetzen keinesfalls die Untersuchung und Behandlung durch einen Arzt. Bitte beachten Sie, dass hierdurch weder Diagnosen gestellt noch Therapien eingeleitet werden k\u00f6nnen.<\/p>\n<p>Zu Risiken und Nebenwirkungen lesen Sie die Packungsbeilage und fragen Sie Ihren Arzt oder Apotheker.<\/p>\n<h3>Rezept | E-Rezept vorhanden?<\/h3>\n<p>Reichen Sie jetzt Ihr E-Rezept ein. Nutzen Sie unsere\u00a0<a href=\"https:\/\/e-rezept-app.de\/shop-rezept\" target=\"_blank\" rel=\"noopener\">E-Rezept<\/a>\u00a0App. Und wir schenken Ihnen die Versandkosten in Deutschland!<\/p>\n","protected":false},"excerpt":{"rendered":"<h2 style=\"text-align: left;\">To-ex spag. Peka N Globuli 10g<\/h2>\n<p><strong>PZN<\/strong>: 11560239 (Pharmazentralnummer)<\/p>\n<p><strong>Darreichungsform<\/strong>: Globuli<\/p>\n<p><strong>Verordnungsart<\/strong>: Rezeptfrei<\/p>\n<p><strong>Marke<\/strong>: PEKANA<\/p>\n<p><strong>Hersteller<\/strong>:\u00a0<a href=\"https:\/\/www.loewen-apotheke24.com\/de\/product_cat\/pekana\/?orderby=date\">PEKANA Naturheilmittel GmbH<\/a><\/p>\n","protected":false},"featured_media":23936,"template":"","meta":[],"product_cat":[86],"product_tag":[287,169,171,170,168],"yoast_head":"<!-- This site is optimized with the Yoast SEO Premium plugin v21.0 (Yoast SEO v21.0) - https:\/\/yoast.com\/wordpress\/plugins\/seo\/ -->\n<title>To-ex spag. Peka N Globuli 10g - hier g\u00fcnstig bestellen<\/title>\n<meta name=\"description\" content=\"Ihr Spezialist f\u00fcr Naturheilkunde. Wir bieten: Top-Service, kurze Lieferzeit, gratis Lieferung ab 30 \u20ac. Hersteller: Pekana - To-ex spag. Peka N Globuli 10g\" \/>\n<meta name=\"robots\" content=\"index, follow, max-snippet:-1, max-image-preview:large, max-video-preview:-1\" \/>\n<link rel=\"canonical\" href=\"https:\/\/www.loewen-apotheke24.com\/de\/shop\/pekana\/to-ex-spag-peka-n-globuli-10g\/\" \/>\n<meta property=\"og:locale\" content=\"de_DE\" \/>\n<meta property=\"og:type\" content=\"article\" \/>\n<meta property=\"og:title\" content=\"To-ex spag. Peka N Globuli 10g - hier g\u00fcnstig bestellen\" \/>\n<meta property=\"og:description\" content=\"Ihr Spezialist f\u00fcr Naturheilkunde. Wir bieten: Top-Service, kurze Lieferzeit, gratis Lieferung ab 30 \u20ac. Hersteller: Pekana - To-ex spag. Peka N Globuli 10g\" \/>\n<meta property=\"og:url\" content=\"https:\/\/www.loewen-apotheke24.com\/de\/shop\/pekana\/to-ex-spag-peka-n-globuli-10g\/\" \/>\n<meta property=\"og:site_name\" content=\"L\u00f6wen Apotheke24\" \/>\n<meta property=\"article:modified_time\" content=\"2025-07-16T11:08:48+00:00\" \/>\n<meta property=\"og:image\" content=\"https:\/\/www.loewen-apotheke24.com\/wp-content\/uploads\/2017\/08\/TO_EX_Globuli_600x600px.png\" \/>\n\t<meta property=\"og:image:width\" content=\"600\" \/>\n\t<meta property=\"og:image:height\" content=\"600\" \/>\n\t<meta property=\"og:image:type\" content=\"image\/png\" \/>\n<meta name=\"twitter:card\" content=\"summary_large_image\" \/>\n<meta name=\"twitter:label1\" content=\"Gesch\u00e4tzte Lesezeit\" \/>\n\t<meta name=\"twitter:data1\" content=\"2\u00a0Minuten\" \/>\n<script type=\"application\/ld+json\" class=\"yoast-schema-graph\">{\"@context\":\"https:\/\/schema.org\",\"@graph\":[{\"@type\":\"WebPage\",\"@id\":\"https:\/\/www.loewen-apotheke24.com\/de\/shop\/pekana\/to-ex-spag-peka-n-globuli-10g\/\",\"url\":\"https:\/\/www.loewen-apotheke24.com\/de\/shop\/pekana\/to-ex-spag-peka-n-globuli-10g\/\",\"name\":\"To-ex spag. Peka N Globuli 10g - hier g\u00fcnstig bestellen\",\"isPartOf\":{\"@id\":\"https:\/\/www.loewen-apotheke24.com\/de\/#website\"},\"datePublished\":\"2017-08-10T12:23:31+00:00\",\"dateModified\":\"2025-07-16T11:08:48+00:00\",\"description\":\"Ihr Spezialist f\u00fcr Naturheilkunde. Wir bieten: Top-Service, kurze Lieferzeit, gratis Lieferung ab 30 \u20ac. Hersteller: Pekana - To-ex spag. Peka N Globuli 10g\",\"breadcrumb\":{\"@id\":\"https:\/\/www.loewen-apotheke24.com\/de\/shop\/pekana\/to-ex-spag-peka-n-globuli-10g\/#breadcrumb\"},\"inLanguage\":\"de\",\"potentialAction\":[{\"@type\":\"ReadAction\",\"target\":[\"https:\/\/www.loewen-apotheke24.com\/de\/shop\/pekana\/to-ex-spag-peka-n-globuli-10g\/\"]}]},{\"@type\":\"BreadcrumbList\",\"@id\":\"https:\/\/www.loewen-apotheke24.com\/de\/shop\/pekana\/to-ex-spag-peka-n-globuli-10g\/#breadcrumb\",\"itemListElement\":[{\"@type\":\"ListItem\",\"position\":1,\"name\":\"Shop\",\"item\":\"https:\/\/www.loewen-apotheke24.com\/de\/shop\/\"},{\"@type\":\"ListItem\",\"position\":2,\"name\":\"To-ex spag. Peka N Globuli 10g\"}]},{\"@type\":\"WebSite\",\"@id\":\"https:\/\/www.loewen-apotheke24.com\/de\/#website\",\"url\":\"https:\/\/www.loewen-apotheke24.com\/de\/\",\"name\":\"L\u00f6wen Apotheke24\",\"description\":\"Spezialist f\u00fcr Naturmedizin - Versandapotheke Baden-Baden\",\"publisher\":{\"@id\":\"https:\/\/www.loewen-apotheke24.com\/de\/#organization\"},\"potentialAction\":[{\"@type\":\"SearchAction\",\"target\":{\"@type\":\"EntryPoint\",\"urlTemplate\":\"https:\/\/www.loewen-apotheke24.com\/de\/?s={search_term_string}\"},\"query-input\":\"required name=search_term_string\"}],\"inLanguage\":\"de\"},{\"@type\":\"Organization\",\"@id\":\"https:\/\/www.loewen-apotheke24.com\/de\/#organization\",\"name\":\"L\u00f6wen Apotheke\",\"alternateName\":\"L\u00f6wen Apotheke\",\"url\":\"https:\/\/www.loewen-apotheke24.com\/de\/\",\"logo\":{\"@type\":\"ImageObject\",\"inLanguage\":\"de\",\"@id\":\"https:\/\/www.loewen-apotheke24.com\/de\/#\/schema\/logo\/image\/\",\"url\":\"https:\/\/www.loewen-apotheke24.com\/wp-content\/uploads\/2024\/02\/Logo-Loewen-Apotheke-700x700-1.png\",\"contentUrl\":\"https:\/\/www.loewen-apotheke24.com\/wp-content\/uploads\/2024\/02\/Logo-Loewen-Apotheke-700x700-1.png\",\"width\":700,\"height\":700,\"caption\":\"L\u00f6wen Apotheke\"},\"image\":{\"@id\":\"https:\/\/www.loewen-apotheke24.com\/de\/#\/schema\/logo\/image\/\"}}]}<\/script>\n<!-- \/ Yoast SEO Premium plugin. -->","yoast_head_json":{"title":"To-ex spag. Peka N Globuli 10g - hier g\u00fcnstig bestellen","description":"Ihr Spezialist f\u00fcr Naturheilkunde. Wir bieten: Top-Service, kurze Lieferzeit, gratis Lieferung ab 30 \u20ac. Hersteller: Pekana - To-ex spag. Peka N Globuli 10g","robots":{"index":"index","follow":"follow","max-snippet":"max-snippet:-1","max-image-preview":"max-image-preview:large","max-video-preview":"max-video-preview:-1"},"canonical":"https:\/\/www.loewen-apotheke24.com\/de\/shop\/pekana\/to-ex-spag-peka-n-globuli-10g\/","og_locale":"de_DE","og_type":"article","og_title":"To-ex spag. Peka N Globuli 10g - hier g\u00fcnstig bestellen","og_description":"Ihr Spezialist f\u00fcr Naturheilkunde. Wir bieten: Top-Service, kurze Lieferzeit, gratis Lieferung ab 30 \u20ac. Hersteller: Pekana - To-ex spag. Peka N Globuli 10g","og_url":"https:\/\/www.loewen-apotheke24.com\/de\/shop\/pekana\/to-ex-spag-peka-n-globuli-10g\/","og_site_name":"L\u00f6wen Apotheke24","article_modified_time":"2025-07-16T11:08:48+00:00","og_image":[{"width":600,"height":600,"url":"https:\/\/www.loewen-apotheke24.com\/wp-content\/uploads\/2017\/08\/TO_EX_Globuli_600x600px.png","type":"image\/png"}],"twitter_card":"summary_large_image","twitter_misc":{"Gesch\u00e4tzte Lesezeit":"2\u00a0Minuten"},"schema":{"@context":"https:\/\/schema.org","@graph":[{"@type":"WebPage","@id":"https:\/\/www.loewen-apotheke24.com\/de\/shop\/pekana\/to-ex-spag-peka-n-globuli-10g\/","url":"https:\/\/www.loewen-apotheke24.com\/de\/shop\/pekana\/to-ex-spag-peka-n-globuli-10g\/","name":"To-ex spag. Peka N Globuli 10g - hier g\u00fcnstig bestellen","isPartOf":{"@id":"https:\/\/www.loewen-apotheke24.com\/de\/#website"},"datePublished":"2017-08-10T12:23:31+00:00","dateModified":"2025-07-16T11:08:48+00:00","description":"Ihr Spezialist f\u00fcr Naturheilkunde. Wir bieten: Top-Service, kurze Lieferzeit, gratis Lieferung ab 30 \u20ac. Hersteller: Pekana - To-ex spag. Peka N Globuli 10g","breadcrumb":{"@id":"https:\/\/www.loewen-apotheke24.com\/de\/shop\/pekana\/to-ex-spag-peka-n-globuli-10g\/#breadcrumb"},"inLanguage":"de","potentialAction":[{"@type":"ReadAction","target":["https:\/\/www.loewen-apotheke24.com\/de\/shop\/pekana\/to-ex-spag-peka-n-globuli-10g\/"]}]},{"@type":"BreadcrumbList","@id":"https:\/\/www.loewen-apotheke24.com\/de\/shop\/pekana\/to-ex-spag-peka-n-globuli-10g\/#breadcrumb","itemListElement":[{"@type":"ListItem","position":1,"name":"Shop","item":"https:\/\/www.loewen-apotheke24.com\/de\/shop\/"},{"@type":"ListItem","position":2,"name":"To-ex spag. Peka N Globuli 10g"}]},{"@type":"WebSite","@id":"https:\/\/www.loewen-apotheke24.com\/de\/#website","url":"https:\/\/www.loewen-apotheke24.com\/de\/","name":"L\u00f6wen Apotheke24","description":"Spezialist f\u00fcr Naturmedizin - Versandapotheke Baden-Baden","publisher":{"@id":"https:\/\/www.loewen-apotheke24.com\/de\/#organization"},"potentialAction":[{"@type":"SearchAction","target":{"@type":"EntryPoint","urlTemplate":"https:\/\/www.loewen-apotheke24.com\/de\/?s={search_term_string}"},"query-input":"required name=search_term_string"}],"inLanguage":"de"},{"@type":"Organization","@id":"https:\/\/www.loewen-apotheke24.com\/de\/#organization","name":"L\u00f6wen Apotheke","alternateName":"L\u00f6wen Apotheke","url":"https:\/\/www.loewen-apotheke24.com\/de\/","logo":{"@type":"ImageObject","inLanguage":"de","@id":"https:\/\/www.loewen-apotheke24.com\/de\/#\/schema\/logo\/image\/","url":"https:\/\/www.loewen-apotheke24.com\/wp-content\/uploads\/2024\/02\/Logo-Loewen-Apotheke-700x700-1.png","contentUrl":"https:\/\/www.loewen-apotheke24.com\/wp-content\/uploads\/2024\/02\/Logo-Loewen-Apotheke-700x700-1.png","width":700,"height":700,"caption":"L\u00f6wen Apotheke"},"image":{"@id":"https:\/\/www.loewen-apotheke24.com\/de\/#\/schema\/logo\/image\/"}}]}},"_links":{"self":[{"href":"https:\/\/www.loewen-apotheke24.com\/de\/wp-json\/wp\/v2\/product\/1136"}],"collection":[{"href":"https:\/\/www.loewen-apotheke24.com\/de\/wp-json\/wp\/v2\/product"}],"about":[{"href":"https:\/\/www.loewen-apotheke24.com\/de\/wp-json\/wp\/v2\/types\/product"}],"wp:featuredmedia":[{"embeddable":true,"href":"https:\/\/www.loewen-apotheke24.com\/de\/wp-json\/wp\/v2\/media\/23936"}],"wp:attachment":[{"href":"https:\/\/www.loewen-apotheke24.com\/de\/wp-json\/wp\/v2\/media?parent=1136"}],"wp:term":[{"taxonomy":"product_cat","embeddable":true,"href":"https:\/\/www.loewen-apotheke24.com\/de\/wp-json\/wp\/v2\/product_cat?post=1136"},{"taxonomy":"product_tag","embeddable":true,"href":"https:\/\/www.loewen-apotheke24.com\/de\/wp-json\/wp\/v2\/product_tag?post=1136"}],"curies":[{"name":"wp","href":"https:\/\/api.w.org\/{rel}","templated":true}]}}