{"id":113845,"date":"2024-11-20T15:22:07","date_gmt":"2024-11-20T14:22:07","guid":{"rendered":"https:\/\/www.loewen-apotheke24.com\/?post_type=product&#038;p=113845"},"modified":"2025-12-11T07:31:50","modified_gmt":"2025-12-11T06:31:50","slug":"clavella-premium-beutel-60x2-1g-15396179","status":"publish","type":"product","link":"https:\/\/www.loewen-apotheke24.com\/de\/shop\/angebot\/clavella-premium-beutel-60x2-1g-15396179\/","title":{"rendered":"Clavella premium Beutel 60x 2.1 g"},"content":{"rendered":"<h3 style=\"text-align: left;\">Clavella Premium Beutel<\/h3>\n<p>Clavella Premium Beutel ist ein Nahrungserg\u00e4nzungsmittel als Pulver zum Aufl\u00f6sen der Firma Exeltis Germany GmbH. Es unterst\u00fctzt Frauen mit Kinderwunsch durch sorgf\u00e4ltig ausgew\u00e4hlte N\u00e4hrstoffe. myo-Inositol f\u00f6rdert wichtige Stoffwechselvorg\u00e4nge, w\u00e4hrend Fols\u00e4ure zur normalen Funktion des Immunsystems und zur Blutbildung beitr\u00e4gt.<\/p>\n<div class=\"content content--productDescription\">\n<h3>Anwendung:<\/h3>\n<p>CLAVELLA Premium geh\u00f6rt in die Kategorie der Nahrungserg\u00e4nzungsmittel. Bei Kinderwunsch versorgt es die zuk\u00fcnftige Mutter mit essentiellen Vitalstoffen, die nicht nur die Fruchtbarkeit erh\u00f6hen, sondern den Organismus auch durch die gezielte Zufuhr an Stoffen wie Fols\u00e4ure optimal auf eine Schwangerschaft vorbereiten.<\/p>\n<p>Die besonderen Inhaltsstoffe:<\/p>\n<ul>\n<li>Myo Inositol<\/li>\n<li>alha Lactalbumin und Fols\u00e4ure<\/li>\n<li>Falls vom Arzt nicht anders verordnet ist es 2 mal t\u00e4glich zu verwenden.<\/li>\n<\/ul>\n<\/div>\n<p><a href=\"https:\/\/www.exeltis.de\/produkte?produkt-kategorie=kinderwunsch-schwangerschaft\" target=\"_blank\" rel=\"noopener\">Hier<\/a> finden Sie weitere Informationen zum Produkt: Clavella Premium Beutel<br \/>\nAndere Kunden interessierten sich auch f\u00fcr Produkte zum Thema: <a href=\"https:\/\/www.loewen-apotheke24.com\/de\/product_tag\/entzuendung\/\">Vitamine<\/a>| <a href=\"https:\/\/www.loewen-apotheke24.com\/de\/product_tag\/abnehmen\/\">Fitness<\/a> | <a href=\"https:\/\/www.loewen-apotheke24.com\/de\/product_tag\/reiseapotheke\/\">Reiseapotheke<\/a> | <a href=\"https:\/\/www.loewen-apotheke24.com\/de\/shop\/angebot\/omni-biotic-woman-28x2g-19374967\/\">OMNI-BiOtic Woman<\/a><\/p>\n<p>Nahrungserg\u00e4nzungsmittel sind kein Ersatz f\u00fcr eine ausgewogene und abwechslungsreiche Ern\u00e4hrung und eine gesunde Lebensweise. Die angegebene empfohlene t\u00e4gliche Verzehrmenge darf nicht \u00fcberschritten werden.<\/p>\n<p>Zu Risiken und Nebenwirkungen lesen Sie die Packungsbeilage und fragen Sie Ihren Arzt oder Apotheker.<\/p>\n<h3 style=\"text-align: left;\">Rezept | E-Rezept vorhanden?<\/h3>\n<p>Reichen Sie jetzt Ihr E-Rezept ein. Nutzen Sie unsere <a href=\"https:\/\/e-rezept-app.de\/shop-rezept\" target=\"_blank\" rel=\"noopener\">E-Rezept<\/a> App. Und wir schenken Ihnen die Versandkosten in Deutschland!<\/p>\n<p>&nbsp;<\/p>\n<blockquote class=\"wp-embedded-content\" data-secret=\"nP0KtViWb3\"><p><a href=\"https:\/\/www.loewen-apotheke24.com\/de\/shop\/angebot\/clavella-classic-beutel-30x-2g-19169865\/\">Clavella Classic Beutel (30x 2g)<\/a><\/p><\/blockquote>\n<p><iframe class=\"wp-embedded-content\" sandbox=\"allow-scripts\" security=\"restricted\" style=\"position: absolute; clip: rect(1px, 1px, 1px, 1px);\" title=\"&#8222;Clavella Classic Beutel (30x 2g)&#8220; &#8212; L\u00f6wen Apotheke24\" src=\"https:\/\/www.loewen-apotheke24.com\/de\/shop\/angebot\/clavella-classic-beutel-30x-2g-19169865\/embed\/#?secret=1sZjPuWQyb#?secret=nP0KtViWb3\" data-secret=\"nP0KtViWb3\" width=\"600\" height=\"338\" frameborder=\"0\" marginwidth=\"0\" marginheight=\"0\" scrolling=\"no\"><\/iframe><\/p>\n<blockquote class=\"wp-embedded-content\" data-secret=\"toY9ASGqnv\"><p><a href=\"https:\/\/www.loewen-apotheke24.com\/de\/shop\/angebot\/omni-biotic-woman-28x2g-19374967\/\">OMNi BiOTiC Woman (28x2g)<\/a><\/p><\/blockquote>\n<p><iframe class=\"wp-embedded-content\" sandbox=\"allow-scripts\" security=\"restricted\" style=\"position: absolute; clip: rect(1px, 1px, 1px, 1px);\" title=\"&#8222;OMNi BiOTiC Woman (28x2g)&#8220; &#8212; L\u00f6wen Apotheke24\" src=\"https:\/\/www.loewen-apotheke24.com\/de\/shop\/angebot\/omni-biotic-woman-28x2g-19374967\/embed\/#?secret=QXHKaIWBT0#?secret=toY9ASGqnv\" data-secret=\"toY9ASGqnv\" width=\"600\" height=\"338\" frameborder=\"0\" marginwidth=\"0\" marginheight=\"0\" scrolling=\"no\"><\/iframe><\/p>\n","protected":false},"excerpt":{"rendered":"<h2>Clavella Premium Beutel 60x 2.1 g<\/h2>\n<div class=\"rating__wrap\">\n<p>f\u00fcr Frauen mit unerf\u00fclltem Kinderwunsch, reguliert Zyklus &amp; erh\u00f6ht Fruchtbarkeit.<\/p>\n<p><strong>PZN<\/strong>: 15396179 (Pharmazentralnummer)<\/p>\n<p><strong>Darreichungsform<\/strong>: Pulver &#8211; Beutel<\/p>\n<p><strong>Packungsgr\u00f6\u00dfe<\/strong>: 60x 2,1g<\/p>\n<p><strong>Verordnungsart<\/strong>: Rezeptfrei<\/p>\n<p><strong>Marke<\/strong>: Clavella<\/p>\n<p><strong>Hersteller<\/strong>: Exeltis Germany GmbH<\/p>\n<p><span style=\"color: #ff0000;\"><strong>Alternative<\/strong><\/span>: <a href=\"https:\/\/www.loewen-apotheke24.com\/de\/shop\/angebot\/clavella-classic-beutel-30x-2g-19169865\/\">Clavella Classic<\/a> f\u00fcr 16,50 Euro.<\/p>\n<\/div>\n","protected":false},"featured_media":113857,"template":"","meta":[],"product_cat":[13,43],"product_tag":[402,473,214,139,233,990],"yoast_head":"<!-- This site is optimized with the Yoast SEO Premium plugin v21.0 (Yoast SEO v21.0) - https:\/\/yoast.com\/wordpress\/plugins\/seo\/ -->\n<title>Clavella premium Beutel 60x 2.1 g - hier beraten lassen &amp; bestellen<\/title>\n<meta name=\"description\" content=\"Ihr Spezialist f\u00fcr Naturheilkunde. Wir bieten: Weltweiter Versand mit DHL, kurze Lieferzeit &amp; gratis ab 30 \u20ac. Clavella premium Beutel 60x 2.1 g\" \/>\n<meta name=\"robots\" content=\"index, follow, max-snippet:-1, max-image-preview:large, max-video-preview:-1\" \/>\n<link rel=\"canonical\" href=\"https:\/\/www.loewen-apotheke24.com\/de\/shop\/angebot\/clavella-premium-beutel-60x2-1g-15396179\/\" \/>\n<meta property=\"og:locale\" content=\"de_DE\" \/>\n<meta property=\"og:type\" content=\"article\" \/>\n<meta property=\"og:title\" content=\"Clavella premium Beutel 60x 2.1 g - hier beraten lassen &amp; bestellen\" \/>\n<meta property=\"og:description\" content=\"Ihr Spezialist f\u00fcr Naturheilkunde. Wir bieten: Weltweiter Versand mit DHL, kurze Lieferzeit &amp; gratis ab 30 \u20ac. Clavella premium Beutel 60x 2.1 g\" \/>\n<meta property=\"og:url\" content=\"https:\/\/www.loewen-apotheke24.com\/de\/shop\/angebot\/clavella-premium-beutel-60x2-1g-15396179\/\" \/>\n<meta property=\"og:site_name\" content=\"L\u00f6wen Apotheke24\" \/>\n<meta property=\"article:modified_time\" content=\"2025-12-11T06:31:50+00:00\" \/>\n<meta property=\"og:image\" content=\"https:\/\/www.loewen-apotheke24.com\/wp-content\/uploads\/2024\/11\/Clavella-premium-Beutel-60x-2.1-g-Exeltis.-PZN-15396179.-loewen-apotheke24.webp\" \/>\n\t<meta property=\"og:image:width\" content=\"512\" \/>\n\t<meta property=\"og:image:height\" content=\"512\" \/>\n\t<meta property=\"og:image:type\" content=\"image\/webp\" \/>\n<meta name=\"twitter:card\" content=\"summary_large_image\" \/>\n<meta name=\"twitter:label1\" content=\"Gesch\u00e4tzte Lesezeit\" \/>\n\t<meta name=\"twitter:data1\" content=\"2\u00a0Minuten\" \/>\n<script type=\"application\/ld+json\" class=\"yoast-schema-graph\">{\"@context\":\"https:\/\/schema.org\",\"@graph\":[{\"@type\":\"WebPage\",\"@id\":\"https:\/\/www.loewen-apotheke24.com\/de\/shop\/angebot\/clavella-premium-beutel-60x2-1g-15396179\/\",\"url\":\"https:\/\/www.loewen-apotheke24.com\/de\/shop\/angebot\/clavella-premium-beutel-60x2-1g-15396179\/\",\"name\":\"Clavella premium Beutel 60x 2.1 g - hier beraten lassen & bestellen\",\"isPartOf\":{\"@id\":\"https:\/\/www.loewen-apotheke24.com\/de\/#website\"},\"datePublished\":\"2024-11-20T14:22:07+00:00\",\"dateModified\":\"2025-12-11T06:31:50+00:00\",\"description\":\"Ihr Spezialist f\u00fcr Naturheilkunde. Wir bieten: Weltweiter Versand mit DHL, kurze Lieferzeit & gratis ab 30 \u20ac. Clavella premium Beutel 60x 2.1 g\",\"breadcrumb\":{\"@id\":\"https:\/\/www.loewen-apotheke24.com\/de\/shop\/angebot\/clavella-premium-beutel-60x2-1g-15396179\/#breadcrumb\"},\"inLanguage\":\"de\",\"potentialAction\":[{\"@type\":\"ReadAction\",\"target\":[\"https:\/\/www.loewen-apotheke24.com\/de\/shop\/angebot\/clavella-premium-beutel-60x2-1g-15396179\/\"]}]},{\"@type\":\"BreadcrumbList\",\"@id\":\"https:\/\/www.loewen-apotheke24.com\/de\/shop\/angebot\/clavella-premium-beutel-60x2-1g-15396179\/#breadcrumb\",\"itemListElement\":[{\"@type\":\"ListItem\",\"position\":1,\"name\":\"Shop\",\"item\":\"https:\/\/www.loewen-apotheke24.com\/de\/shop\/\"},{\"@type\":\"ListItem\",\"position\":2,\"name\":\"Clavella premium Beutel 60x 2.1 g\"}]},{\"@type\":\"WebSite\",\"@id\":\"https:\/\/www.loewen-apotheke24.com\/de\/#website\",\"url\":\"https:\/\/www.loewen-apotheke24.com\/de\/\",\"name\":\"L\u00f6wen Apotheke24\",\"description\":\"Spezialist f\u00fcr Naturmedizin - Versandapotheke Baden-Baden\",\"publisher\":{\"@id\":\"https:\/\/www.loewen-apotheke24.com\/de\/#organization\"},\"potentialAction\":[{\"@type\":\"SearchAction\",\"target\":{\"@type\":\"EntryPoint\",\"urlTemplate\":\"https:\/\/www.loewen-apotheke24.com\/de\/?s={search_term_string}\"},\"query-input\":\"required name=search_term_string\"}],\"inLanguage\":\"de\"},{\"@type\":\"Organization\",\"@id\":\"https:\/\/www.loewen-apotheke24.com\/de\/#organization\",\"name\":\"L\u00f6wen Apotheke\",\"alternateName\":\"L\u00f6wen Apotheke\",\"url\":\"https:\/\/www.loewen-apotheke24.com\/de\/\",\"logo\":{\"@type\":\"ImageObject\",\"inLanguage\":\"de\",\"@id\":\"https:\/\/www.loewen-apotheke24.com\/de\/#\/schema\/logo\/image\/\",\"url\":\"https:\/\/www.loewen-apotheke24.com\/wp-content\/uploads\/2024\/02\/Logo-Loewen-Apotheke-700x700-1.png\",\"contentUrl\":\"https:\/\/www.loewen-apotheke24.com\/wp-content\/uploads\/2024\/02\/Logo-Loewen-Apotheke-700x700-1.png\",\"width\":700,\"height\":700,\"caption\":\"L\u00f6wen Apotheke\"},\"image\":{\"@id\":\"https:\/\/www.loewen-apotheke24.com\/de\/#\/schema\/logo\/image\/\"}}]}<\/script>\n<!-- \/ Yoast SEO Premium plugin. -->","yoast_head_json":{"title":"Clavella premium Beutel 60x 2.1 g - hier beraten lassen & bestellen","description":"Ihr Spezialist f\u00fcr Naturheilkunde. Wir bieten: Weltweiter Versand mit DHL, kurze Lieferzeit & gratis ab 30 \u20ac. Clavella premium Beutel 60x 2.1 g","robots":{"index":"index","follow":"follow","max-snippet":"max-snippet:-1","max-image-preview":"max-image-preview:large","max-video-preview":"max-video-preview:-1"},"canonical":"https:\/\/www.loewen-apotheke24.com\/de\/shop\/angebot\/clavella-premium-beutel-60x2-1g-15396179\/","og_locale":"de_DE","og_type":"article","og_title":"Clavella premium Beutel 60x 2.1 g - hier beraten lassen & bestellen","og_description":"Ihr Spezialist f\u00fcr Naturheilkunde. Wir bieten: Weltweiter Versand mit DHL, kurze Lieferzeit & gratis ab 30 \u20ac. Clavella premium Beutel 60x 2.1 g","og_url":"https:\/\/www.loewen-apotheke24.com\/de\/shop\/angebot\/clavella-premium-beutel-60x2-1g-15396179\/","og_site_name":"L\u00f6wen Apotheke24","article_modified_time":"2025-12-11T06:31:50+00:00","og_image":[{"width":512,"height":512,"url":"https:\/\/www.loewen-apotheke24.com\/wp-content\/uploads\/2024\/11\/Clavella-premium-Beutel-60x-2.1-g-Exeltis.-PZN-15396179.-loewen-apotheke24.webp","type":"image\/webp"}],"twitter_card":"summary_large_image","twitter_misc":{"Gesch\u00e4tzte Lesezeit":"2\u00a0Minuten"},"schema":{"@context":"https:\/\/schema.org","@graph":[{"@type":"WebPage","@id":"https:\/\/www.loewen-apotheke24.com\/de\/shop\/angebot\/clavella-premium-beutel-60x2-1g-15396179\/","url":"https:\/\/www.loewen-apotheke24.com\/de\/shop\/angebot\/clavella-premium-beutel-60x2-1g-15396179\/","name":"Clavella premium Beutel 60x 2.1 g - hier beraten lassen & bestellen","isPartOf":{"@id":"https:\/\/www.loewen-apotheke24.com\/de\/#website"},"datePublished":"2024-11-20T14:22:07+00:00","dateModified":"2025-12-11T06:31:50+00:00","description":"Ihr Spezialist f\u00fcr Naturheilkunde. Wir bieten: Weltweiter Versand mit DHL, kurze Lieferzeit & gratis ab 30 \u20ac. Clavella premium Beutel 60x 2.1 g","breadcrumb":{"@id":"https:\/\/www.loewen-apotheke24.com\/de\/shop\/angebot\/clavella-premium-beutel-60x2-1g-15396179\/#breadcrumb"},"inLanguage":"de","potentialAction":[{"@type":"ReadAction","target":["https:\/\/www.loewen-apotheke24.com\/de\/shop\/angebot\/clavella-premium-beutel-60x2-1g-15396179\/"]}]},{"@type":"BreadcrumbList","@id":"https:\/\/www.loewen-apotheke24.com\/de\/shop\/angebot\/clavella-premium-beutel-60x2-1g-15396179\/#breadcrumb","itemListElement":[{"@type":"ListItem","position":1,"name":"Shop","item":"https:\/\/www.loewen-apotheke24.com\/de\/shop\/"},{"@type":"ListItem","position":2,"name":"Clavella premium Beutel 60x 2.1 g"}]},{"@type":"WebSite","@id":"https:\/\/www.loewen-apotheke24.com\/de\/#website","url":"https:\/\/www.loewen-apotheke24.com\/de\/","name":"L\u00f6wen Apotheke24","description":"Spezialist f\u00fcr Naturmedizin - Versandapotheke Baden-Baden","publisher":{"@id":"https:\/\/www.loewen-apotheke24.com\/de\/#organization"},"potentialAction":[{"@type":"SearchAction","target":{"@type":"EntryPoint","urlTemplate":"https:\/\/www.loewen-apotheke24.com\/de\/?s={search_term_string}"},"query-input":"required name=search_term_string"}],"inLanguage":"de"},{"@type":"Organization","@id":"https:\/\/www.loewen-apotheke24.com\/de\/#organization","name":"L\u00f6wen Apotheke","alternateName":"L\u00f6wen Apotheke","url":"https:\/\/www.loewen-apotheke24.com\/de\/","logo":{"@type":"ImageObject","inLanguage":"de","@id":"https:\/\/www.loewen-apotheke24.com\/de\/#\/schema\/logo\/image\/","url":"https:\/\/www.loewen-apotheke24.com\/wp-content\/uploads\/2024\/02\/Logo-Loewen-Apotheke-700x700-1.png","contentUrl":"https:\/\/www.loewen-apotheke24.com\/wp-content\/uploads\/2024\/02\/Logo-Loewen-Apotheke-700x700-1.png","width":700,"height":700,"caption":"L\u00f6wen Apotheke"},"image":{"@id":"https:\/\/www.loewen-apotheke24.com\/de\/#\/schema\/logo\/image\/"}}]}},"_links":{"self":[{"href":"https:\/\/www.loewen-apotheke24.com\/de\/wp-json\/wp\/v2\/product\/113845"}],"collection":[{"href":"https:\/\/www.loewen-apotheke24.com\/de\/wp-json\/wp\/v2\/product"}],"about":[{"href":"https:\/\/www.loewen-apotheke24.com\/de\/wp-json\/wp\/v2\/types\/product"}],"wp:featuredmedia":[{"embeddable":true,"href":"https:\/\/www.loewen-apotheke24.com\/de\/wp-json\/wp\/v2\/media\/113857"}],"wp:attachment":[{"href":"https:\/\/www.loewen-apotheke24.com\/de\/wp-json\/wp\/v2\/media?parent=113845"}],"wp:term":[{"taxonomy":"product_cat","embeddable":true,"href":"https:\/\/www.loewen-apotheke24.com\/de\/wp-json\/wp\/v2\/product_cat?post=113845"},{"taxonomy":"product_tag","embeddable":true,"href":"https:\/\/www.loewen-apotheke24.com\/de\/wp-json\/wp\/v2\/product_tag?post=113845"}],"curies":[{"name":"wp","href":"https:\/\/api.w.org\/{rel}","templated":true}]}}