{"id":114034,"date":"2024-11-21T22:34:03","date_gmt":"2024-11-21T21:34:03","guid":{"rendered":"https:\/\/www.loewen-apotheke24.com\/?post_type=product&#038;p=114034"},"modified":"2025-12-02T14:01:37","modified_gmt":"2025-12-02T13:01:37","slug":"omni-biotic-flora-plus-12459755","status":"publish","type":"product","link":"https:\/\/www.loewen-apotheke24.com\/de\/shop\/angebot\/omni-biotic-flora-plus-12459755\/","title":{"rendered":"OMNi BiOTiC Flora plus+ (14x2g)"},"content":{"rendered":"<h3 style=\"text-align: left;\">OMNi BiOTiC Flora plus+<\/h3>\n<p style=\"text-align: left;\">OMNi BiOTiC Flora plus+: Die Vaginalflora der Frau ist ein wichtiger Schutzschild vor sch\u00e4dlichen Keimen. Milliarden unterschiedlicher n\u00fctzlicher Laktobazillen, auch Milchs\u00e4urebakterien genannt, sorgen n\u00e4mlich f\u00fcr einen sauren pH-Wert in der Scheide, in dem sich krankmachende Bakterien und Pilze nicht vermehren k\u00f6nnen.<\/p>\n<p>OMNi-BiOTiC\u00ae FLORA plus+ bringt die Scheidenflora wieder in Balance \u2013 einfach trinken!<\/p>\n<p>Weitere Produktdetails finden Sie beim Hersteller:\u00a0<a href=\"https:\/\/www.omni-biotic.com\/de-de\/produkte\/omni-biotic\/\" target=\"_blank\" rel=\"noopener\">OMNi-BiOTiC\u00ae FLORA plus+\u00a0<\/a><br \/>\nBeipackzettel und Pflichtangaben: OMNi-BiOTiC\u00ae FLORA plus+<br \/>\nAlternativer Produktname: OMNi BiOTiC FLORA plus+<\/p>\n<h3 style=\"text-align: left;\">Verzehrempfehlung<\/h3>\n<p>1-2 x t\u00e4glich 1 Beutel OMNi-BiOTiC\u00ae WOMAN (= 2 g) in ca. 1\/8 l Wasser einr\u00fchren, mindestens 1 Minute Aktivierungszeit abwarten, nochmals umr\u00fchren und dann trinken. Empfehlenswert ist die Einnahme auf m\u00f6glichst leeren Magen.\u00a0Wenn Sie OMNi-BiOTiC\u00ae WOMAN 2 x t\u00e4glich einnehmen, empfiehlt sich die Anwendung vor dem Fr\u00fchst\u00fcck und vor dem Abendessen.<\/p>\n<p>Andere Kunden interessierten sich auch f\u00fcr Produkte zum Thema:\u00a0<a href=\"https:\/\/www.loewen-apotheke24.com\/de\/product_tag\/vitamin\/\">Vitamine<\/a>\u00a0 |\u00a0\u00a0<a href=\"https:\/\/www.loewen-apotheke24.com\/de\/product_tag\/reiseapotheke\/\">Reiseapotheke<\/a><\/p>\n<p>Die Apothekerin empfiehlt ihren Kunden bei viraler Infektion:\u00a0<a href=\"https:\/\/www.loewen-apotheke24.com\/de\/shop\/labo-life\/labo-life-2l-eid-kapseln-30-st\/\">Labo Life 2L EID<\/a><\/p>\n<p>Informationen auf dieser Website werden ausschlie\u00dflich f\u00fcr informative Zwecke zur Verf\u00fcgung gestellt und ersetzen keinesfalls die Untersuchung und Behandlung durch einen Arzt. Bitte beachten Sie, dass hierdurch weder Diagnosen gestellt noch Therapien eingeleitet werden k\u00f6nnen. Nahrungserg\u00e4nzungsmittel. Die empfohlene Verzehrmenge pro Tag darf nicht \u00fcberschritten werden.<\/p>\n<p>Zu Risiken und Nebenwirkungen lesen Sie die Packungsbeilage und fragen Sie Ihren Arzt oder Apotheker.<\/p>\n<h3 style=\"text-align: left;\">Rezept | E-Rezept vorhanden?<\/h3>\n<p>Reichen Sie jetzt Ihr E-Rezept ein. Nutzen Sie unsere\u00a0<a href=\"https:\/\/e-rezept-app.de\/shop-rezept\" target=\"_blank\" rel=\"noopener\">E-Rezept<\/a>\u00a0App. Und wir schenken Ihnen die Versandkosten in Deutschland!<\/p>\n","protected":false},"excerpt":{"rendered":"<h2>OMNi BiOTiC Flora plus+ (14x2g)<\/h2>\n<p>OMNi-BiOTiC\u00ae FLORA plus+ bringt die Scheidenflora wieder in Balance \u2013 einfach trinken!<\/p>\n<p><strong>PZN<\/strong>: 12459755 (Pharmazentralnummer)<\/p>\n<p><strong>Darreichungsform<\/strong>: Pulver \/ Beutel<\/p>\n<p><strong>Verordnungsart<\/strong>: Rezeptfrei<\/p>\n<p><strong>Marke<\/strong>: OMNi-BiOTiC<\/p>\n<p><strong>Hersteller<\/strong>: INSTITUT ALLERGOSAN Deutschland (privat) GmbH<\/p>\n<p><strong>Packungsgr\u00f6\u00dfe<\/strong>: 14x 2g<\/p>\n<p><span style=\"color: #ff0000;\">Alternatives Produkt:<\/span> <a href=\"https:\/\/www.loewen-apotheke24.com\/de\/shop\/angebot\/omni-biotic-woman-28x2g-19374967\/\">OMNi BiOTiC Woman (28x2g)<\/a><\/p>\n<p>&nbsp;<\/p>\n","protected":false},"featured_media":114632,"template":"","meta":[],"product_cat":[13,43,970],"product_tag":[225,354,233,469,990],"yoast_head":"<!-- This site is optimized with the Yoast SEO Premium plugin v21.0 (Yoast SEO v21.0) - https:\/\/yoast.com\/wordpress\/plugins\/seo\/ -->\n<title>OMNi BiOTiC Flora plus+ (14x2g) - hier g\u00fcnstig bestellen<\/title>\n<meta name=\"description\" content=\"Ihr Spezialist f\u00fcr Naturheilkunde. Wir bieten: kurze Lieferzeit, gratis ab 30 \u20ac. Hersteller: Institut Allergosan: OMNi BiOTiC Flora plus+ (14x2g)\" \/>\n<meta name=\"robots\" content=\"index, follow, max-snippet:-1, max-image-preview:large, max-video-preview:-1\" \/>\n<link rel=\"canonical\" href=\"https:\/\/www.loewen-apotheke24.com\/de\/shop\/angebot\/omni-biotic-flora-plus-12459755\/\" \/>\n<meta property=\"og:locale\" content=\"de_DE\" \/>\n<meta property=\"og:type\" content=\"article\" \/>\n<meta property=\"og:title\" content=\"OMNi BiOTiC Flora plus+ (14x2g) - hier g\u00fcnstig bestellen\" \/>\n<meta property=\"og:description\" content=\"Ihr Spezialist f\u00fcr Naturheilkunde. Wir bieten: kurze Lieferzeit, gratis ab 30 \u20ac. Hersteller: Institut Allergosan: OMNi BiOTiC Flora plus+ (14x2g)\" \/>\n<meta property=\"og:url\" content=\"https:\/\/www.loewen-apotheke24.com\/de\/shop\/angebot\/omni-biotic-flora-plus-12459755\/\" \/>\n<meta property=\"og:site_name\" content=\"L\u00f6wen Apotheke24\" \/>\n<meta property=\"article:modified_time\" content=\"2025-12-02T13:01:37+00:00\" \/>\n<meta property=\"og:image\" content=\"https:\/\/www.loewen-apotheke24.com\/wp-content\/uploads\/2024\/11\/omni-biotic-flora-plus-28x.-loewen-apotheke24.webp\" \/>\n\t<meta property=\"og:image:width\" content=\"600\" \/>\n\t<meta property=\"og:image:height\" content=\"600\" \/>\n\t<meta property=\"og:image:type\" content=\"image\/webp\" \/>\n<meta name=\"twitter:card\" content=\"summary_large_image\" \/>\n<meta name=\"twitter:label1\" content=\"Gesch\u00e4tzte Lesezeit\" \/>\n\t<meta name=\"twitter:data1\" content=\"2\u00a0Minuten\" \/>\n<script type=\"application\/ld+json\" class=\"yoast-schema-graph\">{\"@context\":\"https:\/\/schema.org\",\"@graph\":[{\"@type\":\"WebPage\",\"@id\":\"https:\/\/www.loewen-apotheke24.com\/de\/shop\/angebot\/omni-biotic-flora-plus-12459755\/\",\"url\":\"https:\/\/www.loewen-apotheke24.com\/de\/shop\/angebot\/omni-biotic-flora-plus-12459755\/\",\"name\":\"OMNi BiOTiC Flora plus+ (14x2g) - hier g\u00fcnstig bestellen\",\"isPartOf\":{\"@id\":\"https:\/\/www.loewen-apotheke24.com\/de\/#website\"},\"datePublished\":\"2024-11-21T21:34:03+00:00\",\"dateModified\":\"2025-12-02T13:01:37+00:00\",\"description\":\"Ihr Spezialist f\u00fcr Naturheilkunde. Wir bieten: kurze Lieferzeit, gratis ab 30 \u20ac. Hersteller: Institut Allergosan: OMNi BiOTiC Flora plus+ (14x2g)\",\"breadcrumb\":{\"@id\":\"https:\/\/www.loewen-apotheke24.com\/de\/shop\/angebot\/omni-biotic-flora-plus-12459755\/#breadcrumb\"},\"inLanguage\":\"de\",\"potentialAction\":[{\"@type\":\"ReadAction\",\"target\":[\"https:\/\/www.loewen-apotheke24.com\/de\/shop\/angebot\/omni-biotic-flora-plus-12459755\/\"]}]},{\"@type\":\"BreadcrumbList\",\"@id\":\"https:\/\/www.loewen-apotheke24.com\/de\/shop\/angebot\/omni-biotic-flora-plus-12459755\/#breadcrumb\",\"itemListElement\":[{\"@type\":\"ListItem\",\"position\":1,\"name\":\"Shop\",\"item\":\"https:\/\/www.loewen-apotheke24.com\/de\/shop\/\"},{\"@type\":\"ListItem\",\"position\":2,\"name\":\"OMNi BiOTiC Flora plus+ (14x2g)\"}]},{\"@type\":\"WebSite\",\"@id\":\"https:\/\/www.loewen-apotheke24.com\/de\/#website\",\"url\":\"https:\/\/www.loewen-apotheke24.com\/de\/\",\"name\":\"L\u00f6wen Apotheke24\",\"description\":\"Spezialist f\u00fcr Naturmedizin - Versandapotheke Baden-Baden\",\"publisher\":{\"@id\":\"https:\/\/www.loewen-apotheke24.com\/de\/#organization\"},\"potentialAction\":[{\"@type\":\"SearchAction\",\"target\":{\"@type\":\"EntryPoint\",\"urlTemplate\":\"https:\/\/www.loewen-apotheke24.com\/de\/?s={search_term_string}\"},\"query-input\":\"required name=search_term_string\"}],\"inLanguage\":\"de\"},{\"@type\":\"Organization\",\"@id\":\"https:\/\/www.loewen-apotheke24.com\/de\/#organization\",\"name\":\"L\u00f6wen Apotheke\",\"alternateName\":\"L\u00f6wen Apotheke\",\"url\":\"https:\/\/www.loewen-apotheke24.com\/de\/\",\"logo\":{\"@type\":\"ImageObject\",\"inLanguage\":\"de\",\"@id\":\"https:\/\/www.loewen-apotheke24.com\/de\/#\/schema\/logo\/image\/\",\"url\":\"https:\/\/www.loewen-apotheke24.com\/wp-content\/uploads\/2024\/02\/Logo-Loewen-Apotheke-700x700-1.png\",\"contentUrl\":\"https:\/\/www.loewen-apotheke24.com\/wp-content\/uploads\/2024\/02\/Logo-Loewen-Apotheke-700x700-1.png\",\"width\":700,\"height\":700,\"caption\":\"L\u00f6wen Apotheke\"},\"image\":{\"@id\":\"https:\/\/www.loewen-apotheke24.com\/de\/#\/schema\/logo\/image\/\"}}]}<\/script>\n<!-- \/ Yoast SEO Premium plugin. -->","yoast_head_json":{"title":"OMNi BiOTiC Flora plus+ (14x2g) - hier g\u00fcnstig bestellen","description":"Ihr Spezialist f\u00fcr Naturheilkunde. Wir bieten: kurze Lieferzeit, gratis ab 30 \u20ac. Hersteller: Institut Allergosan: OMNi BiOTiC Flora plus+ (14x2g)","robots":{"index":"index","follow":"follow","max-snippet":"max-snippet:-1","max-image-preview":"max-image-preview:large","max-video-preview":"max-video-preview:-1"},"canonical":"https:\/\/www.loewen-apotheke24.com\/de\/shop\/angebot\/omni-biotic-flora-plus-12459755\/","og_locale":"de_DE","og_type":"article","og_title":"OMNi BiOTiC Flora plus+ (14x2g) - hier g\u00fcnstig bestellen","og_description":"Ihr Spezialist f\u00fcr Naturheilkunde. Wir bieten: kurze Lieferzeit, gratis ab 30 \u20ac. Hersteller: Institut Allergosan: OMNi BiOTiC Flora plus+ (14x2g)","og_url":"https:\/\/www.loewen-apotheke24.com\/de\/shop\/angebot\/omni-biotic-flora-plus-12459755\/","og_site_name":"L\u00f6wen Apotheke24","article_modified_time":"2025-12-02T13:01:37+00:00","og_image":[{"width":600,"height":600,"url":"https:\/\/www.loewen-apotheke24.com\/wp-content\/uploads\/2024\/11\/omni-biotic-flora-plus-28x.-loewen-apotheke24.webp","type":"image\/webp"}],"twitter_card":"summary_large_image","twitter_misc":{"Gesch\u00e4tzte Lesezeit":"2\u00a0Minuten"},"schema":{"@context":"https:\/\/schema.org","@graph":[{"@type":"WebPage","@id":"https:\/\/www.loewen-apotheke24.com\/de\/shop\/angebot\/omni-biotic-flora-plus-12459755\/","url":"https:\/\/www.loewen-apotheke24.com\/de\/shop\/angebot\/omni-biotic-flora-plus-12459755\/","name":"OMNi BiOTiC Flora plus+ (14x2g) - hier g\u00fcnstig bestellen","isPartOf":{"@id":"https:\/\/www.loewen-apotheke24.com\/de\/#website"},"datePublished":"2024-11-21T21:34:03+00:00","dateModified":"2025-12-02T13:01:37+00:00","description":"Ihr Spezialist f\u00fcr Naturheilkunde. Wir bieten: kurze Lieferzeit, gratis ab 30 \u20ac. Hersteller: Institut Allergosan: OMNi BiOTiC Flora plus+ (14x2g)","breadcrumb":{"@id":"https:\/\/www.loewen-apotheke24.com\/de\/shop\/angebot\/omni-biotic-flora-plus-12459755\/#breadcrumb"},"inLanguage":"de","potentialAction":[{"@type":"ReadAction","target":["https:\/\/www.loewen-apotheke24.com\/de\/shop\/angebot\/omni-biotic-flora-plus-12459755\/"]}]},{"@type":"BreadcrumbList","@id":"https:\/\/www.loewen-apotheke24.com\/de\/shop\/angebot\/omni-biotic-flora-plus-12459755\/#breadcrumb","itemListElement":[{"@type":"ListItem","position":1,"name":"Shop","item":"https:\/\/www.loewen-apotheke24.com\/de\/shop\/"},{"@type":"ListItem","position":2,"name":"OMNi BiOTiC Flora plus+ (14x2g)"}]},{"@type":"WebSite","@id":"https:\/\/www.loewen-apotheke24.com\/de\/#website","url":"https:\/\/www.loewen-apotheke24.com\/de\/","name":"L\u00f6wen Apotheke24","description":"Spezialist f\u00fcr Naturmedizin - Versandapotheke Baden-Baden","publisher":{"@id":"https:\/\/www.loewen-apotheke24.com\/de\/#organization"},"potentialAction":[{"@type":"SearchAction","target":{"@type":"EntryPoint","urlTemplate":"https:\/\/www.loewen-apotheke24.com\/de\/?s={search_term_string}"},"query-input":"required name=search_term_string"}],"inLanguage":"de"},{"@type":"Organization","@id":"https:\/\/www.loewen-apotheke24.com\/de\/#organization","name":"L\u00f6wen Apotheke","alternateName":"L\u00f6wen Apotheke","url":"https:\/\/www.loewen-apotheke24.com\/de\/","logo":{"@type":"ImageObject","inLanguage":"de","@id":"https:\/\/www.loewen-apotheke24.com\/de\/#\/schema\/logo\/image\/","url":"https:\/\/www.loewen-apotheke24.com\/wp-content\/uploads\/2024\/02\/Logo-Loewen-Apotheke-700x700-1.png","contentUrl":"https:\/\/www.loewen-apotheke24.com\/wp-content\/uploads\/2024\/02\/Logo-Loewen-Apotheke-700x700-1.png","width":700,"height":700,"caption":"L\u00f6wen Apotheke"},"image":{"@id":"https:\/\/www.loewen-apotheke24.com\/de\/#\/schema\/logo\/image\/"}}]}},"_links":{"self":[{"href":"https:\/\/www.loewen-apotheke24.com\/de\/wp-json\/wp\/v2\/product\/114034"}],"collection":[{"href":"https:\/\/www.loewen-apotheke24.com\/de\/wp-json\/wp\/v2\/product"}],"about":[{"href":"https:\/\/www.loewen-apotheke24.com\/de\/wp-json\/wp\/v2\/types\/product"}],"wp:featuredmedia":[{"embeddable":true,"href":"https:\/\/www.loewen-apotheke24.com\/de\/wp-json\/wp\/v2\/media\/114632"}],"wp:attachment":[{"href":"https:\/\/www.loewen-apotheke24.com\/de\/wp-json\/wp\/v2\/media?parent=114034"}],"wp:term":[{"taxonomy":"product_cat","embeddable":true,"href":"https:\/\/www.loewen-apotheke24.com\/de\/wp-json\/wp\/v2\/product_cat?post=114034"},{"taxonomy":"product_tag","embeddable":true,"href":"https:\/\/www.loewen-apotheke24.com\/de\/wp-json\/wp\/v2\/product_tag?post=114034"}],"curies":[{"name":"wp","href":"https:\/\/api.w.org\/{rel}","templated":true}]}}