{"id":1151,"date":"2017-08-11T11:01:23","date_gmt":"2017-08-11T10:01:23","guid":{"rendered":"https:\/\/www.loewen-apotheke24.com\/?post_type=product&#038;p=1151"},"modified":"2026-04-22T05:27:33","modified_gmt":"2026-04-22T04:27:33","slug":"horvi-enzym-x44-tropfen-50ml","status":"publish","type":"product","link":"https:\/\/www.loewen-apotheke24.com\/de\/shop\/loewen-apotheke\/horvi-enzym-x44-tropfen-50ml\/","title":{"rendered":"Horvi Enzym X44 Tropfen 50ml"},"content":{"rendered":"<h2 style=\"text-align: left;\">Horvi Enzym X44 Tropfen 50ml<\/h2>\n<p>Horvi Enzym X44 Tropfen\u00a0 &#8211; die L\u00f6wen Apotheke importiert alle Pr\u00e4parate der Firma Horvi-Enzymed B.V. Niederlande auf Ihren Wunsch.<\/p>\n<p>Die Horvi-Enzym-Pr\u00e4parate werden nach den Original-Rezepturen Dr. Waldemar Diesings und dem weltweit einmaligen Herstellungsverfahren vertrieben.<br \/>\nSie unterliegen strengsten Qualit\u00e4tskontrollen und hohen Produktionsstandards gem\u00e4\u00df WHO-Normen &#8211; HACCP- und Standards und stehen unter der Aufsicht des niederl\u00e4ndischen Gesundheitsministeriums.<br \/>\nDie HET-Ampullen werden als Trinkampullen hergestellt.<\/p>\n<p>Andere Produkte des Herstellers: Horvi Arzneimittel oder besuche die <a href=\"https:\/\/lions-pharmacy.com\/de\/produkt-kategorie\/horvi-enzymed-de\">Horvi Kategorie<\/a> (Link zu Lions Pharmacy) auf unserem globalen Webshop.<\/p>\n<p>Andere Kunden interessierte sich auch f\u00fcr <a href=\"https:\/\/www.loewen-apotheke24.com\/de\/shop\/angebot\/wobenzym-tabletten-800-st-13751860\/\">Enzyme<\/a>.<\/p>\n<p>Zu Risiken und Nebenwirkungen lesen Sie die Packungsbeilage und fragen Sie Ihren Arzt oder Apotheker.<\/p>\n","protected":false},"excerpt":{"rendered":"<h2 style=\"text-align: left;\">Horvi Enzym X44 Tropfen 50ml<\/h2>\n<p>Die L\u00f6wen Apotheke importiert f\u00fcr Sie alle Pr\u00e4parate der Firma Horvi-Enzymed B.V. Niederlande auf Ihren Wunsch.<\/p>\n<p><strong>PZN<\/strong>: \u2013 (Pharmazentralnummer)<\/p>\n<p><strong>Darreichungsform<\/strong>: Tropfen<\/p>\n<p><strong>Verordnungsart<\/strong>: Rezeptfrei<\/p>\n<p><strong>Marke<\/strong>: Horvi B.V<\/p>\n","protected":false},"featured_media":126453,"template":"","meta":[],"product_cat":[89],"product_tag":[173,174,175],"yoast_head":"<!-- This site is optimized with the Yoast SEO Premium plugin v21.0 (Yoast SEO v21.0) - https:\/\/yoast.com\/wordpress\/plugins\/seo\/ -->\n<title>Horvi Enzym X44 Tropfen 50ml | L\u00f6wen Apotheke24 - hier bestellen<\/title>\n<meta name=\"description\" content=\"L\u00f6wen Apotheke24 aus Baden-Baden. Wir bieten Top Service und kurze Lieferzeiten. Spezialist f\u00fcr Naturheilkunde - Horvi Enzym X44 Tropfen 50ml\" \/>\n<meta name=\"robots\" content=\"index, follow, max-snippet:-1, max-image-preview:large, max-video-preview:-1\" \/>\n<link rel=\"canonical\" href=\"https:\/\/www.loewen-apotheke24.com\/de\/shop\/loewen-apotheke\/horvi-enzym-x44-tropfen-50ml\/\" \/>\n<meta property=\"og:locale\" content=\"de_DE\" \/>\n<meta property=\"og:type\" content=\"article\" \/>\n<meta property=\"og:title\" content=\"Horvi Enzym X44 Tropfen 50ml | L\u00f6wen Apotheke24 - hier bestellen\" \/>\n<meta property=\"og:description\" content=\"L\u00f6wen Apotheke24 aus Baden-Baden. Wir bieten Top Service und kurze Lieferzeiten. Spezialist f\u00fcr Naturheilkunde - Horvi Enzym X44 Tropfen 50ml\" \/>\n<meta property=\"og:url\" content=\"https:\/\/www.loewen-apotheke24.com\/de\/shop\/loewen-apotheke\/horvi-enzym-x44-tropfen-50ml\/\" \/>\n<meta property=\"og:site_name\" content=\"L\u00f6wen Apotheke24\" \/>\n<meta property=\"article:modified_time\" content=\"2026-04-22T04:27:33+00:00\" \/>\n<meta property=\"og:image\" content=\"https:\/\/www.loewen-apotheke24.com\/wp-content\/uploads\/2017\/08\/Horvi-Enzym-Liquida-Tropfen-Loewen-Apotheke.webp\" \/>\n\t<meta property=\"og:image:width\" content=\"600\" \/>\n\t<meta property=\"og:image:height\" content=\"600\" \/>\n\t<meta property=\"og:image:type\" content=\"image\/webp\" \/>\n<meta name=\"twitter:card\" content=\"summary_large_image\" \/>\n<meta name=\"twitter:label1\" content=\"Gesch\u00e4tzte Lesezeit\" \/>\n\t<meta name=\"twitter:data1\" content=\"1\u00a0Minute\" \/>\n<script type=\"application\/ld+json\" class=\"yoast-schema-graph\">{\"@context\":\"https:\/\/schema.org\",\"@graph\":[{\"@type\":\"WebPage\",\"@id\":\"https:\/\/www.loewen-apotheke24.com\/de\/shop\/loewen-apotheke\/horvi-enzym-x44-tropfen-50ml\/\",\"url\":\"https:\/\/www.loewen-apotheke24.com\/de\/shop\/loewen-apotheke\/horvi-enzym-x44-tropfen-50ml\/\",\"name\":\"Horvi Enzym X44 Tropfen 50ml | L\u00f6wen Apotheke24 - hier bestellen\",\"isPartOf\":{\"@id\":\"https:\/\/www.loewen-apotheke24.com\/de\/#website\"},\"datePublished\":\"2017-08-11T10:01:23+00:00\",\"dateModified\":\"2026-04-22T04:27:33+00:00\",\"description\":\"L\u00f6wen Apotheke24 aus Baden-Baden. Wir bieten Top Service und kurze Lieferzeiten. Spezialist f\u00fcr Naturheilkunde - Horvi Enzym X44 Tropfen 50ml\",\"breadcrumb\":{\"@id\":\"https:\/\/www.loewen-apotheke24.com\/de\/shop\/loewen-apotheke\/horvi-enzym-x44-tropfen-50ml\/#breadcrumb\"},\"inLanguage\":\"de\",\"potentialAction\":[{\"@type\":\"ReadAction\",\"target\":[\"https:\/\/www.loewen-apotheke24.com\/de\/shop\/loewen-apotheke\/horvi-enzym-x44-tropfen-50ml\/\"]}]},{\"@type\":\"BreadcrumbList\",\"@id\":\"https:\/\/www.loewen-apotheke24.com\/de\/shop\/loewen-apotheke\/horvi-enzym-x44-tropfen-50ml\/#breadcrumb\",\"itemListElement\":[{\"@type\":\"ListItem\",\"position\":1,\"name\":\"Shop\",\"item\":\"https:\/\/www.loewen-apotheke24.com\/de\/shop\/\"},{\"@type\":\"ListItem\",\"position\":2,\"name\":\"Horvi Enzym X44 Tropfen 50ml\"}]},{\"@type\":\"WebSite\",\"@id\":\"https:\/\/www.loewen-apotheke24.com\/de\/#website\",\"url\":\"https:\/\/www.loewen-apotheke24.com\/de\/\",\"name\":\"L\u00f6wen Apotheke24\",\"description\":\"Spezialist f\u00fcr Naturmedizin - Versandapotheke Baden-Baden\",\"publisher\":{\"@id\":\"https:\/\/www.loewen-apotheke24.com\/de\/#organization\"},\"potentialAction\":[{\"@type\":\"SearchAction\",\"target\":{\"@type\":\"EntryPoint\",\"urlTemplate\":\"https:\/\/www.loewen-apotheke24.com\/de\/?s={search_term_string}\"},\"query-input\":\"required name=search_term_string\"}],\"inLanguage\":\"de\"},{\"@type\":\"Organization\",\"@id\":\"https:\/\/www.loewen-apotheke24.com\/de\/#organization\",\"name\":\"L\u00f6wen Apotheke\",\"alternateName\":\"L\u00f6wen Apotheke\",\"url\":\"https:\/\/www.loewen-apotheke24.com\/de\/\",\"logo\":{\"@type\":\"ImageObject\",\"inLanguage\":\"de\",\"@id\":\"https:\/\/www.loewen-apotheke24.com\/de\/#\/schema\/logo\/image\/\",\"url\":\"https:\/\/www.loewen-apotheke24.com\/wp-content\/uploads\/2024\/02\/Logo-Loewen-Apotheke-700x700-1.png\",\"contentUrl\":\"https:\/\/www.loewen-apotheke24.com\/wp-content\/uploads\/2024\/02\/Logo-Loewen-Apotheke-700x700-1.png\",\"width\":700,\"height\":700,\"caption\":\"L\u00f6wen Apotheke\"},\"image\":{\"@id\":\"https:\/\/www.loewen-apotheke24.com\/de\/#\/schema\/logo\/image\/\"}}]}<\/script>\n<!-- \/ Yoast SEO Premium plugin. -->","yoast_head_json":{"title":"Horvi Enzym X44 Tropfen 50ml | L\u00f6wen Apotheke24 - hier bestellen","description":"L\u00f6wen Apotheke24 aus Baden-Baden. Wir bieten Top Service und kurze Lieferzeiten. Spezialist f\u00fcr Naturheilkunde - Horvi Enzym X44 Tropfen 50ml","robots":{"index":"index","follow":"follow","max-snippet":"max-snippet:-1","max-image-preview":"max-image-preview:large","max-video-preview":"max-video-preview:-1"},"canonical":"https:\/\/www.loewen-apotheke24.com\/de\/shop\/loewen-apotheke\/horvi-enzym-x44-tropfen-50ml\/","og_locale":"de_DE","og_type":"article","og_title":"Horvi Enzym X44 Tropfen 50ml | L\u00f6wen Apotheke24 - hier bestellen","og_description":"L\u00f6wen Apotheke24 aus Baden-Baden. Wir bieten Top Service und kurze Lieferzeiten. Spezialist f\u00fcr Naturheilkunde - Horvi Enzym X44 Tropfen 50ml","og_url":"https:\/\/www.loewen-apotheke24.com\/de\/shop\/loewen-apotheke\/horvi-enzym-x44-tropfen-50ml\/","og_site_name":"L\u00f6wen Apotheke24","article_modified_time":"2026-04-22T04:27:33+00:00","og_image":[{"width":600,"height":600,"url":"https:\/\/www.loewen-apotheke24.com\/wp-content\/uploads\/2017\/08\/Horvi-Enzym-Liquida-Tropfen-Loewen-Apotheke.webp","type":"image\/webp"}],"twitter_card":"summary_large_image","twitter_misc":{"Gesch\u00e4tzte Lesezeit":"1\u00a0Minute"},"schema":{"@context":"https:\/\/schema.org","@graph":[{"@type":"WebPage","@id":"https:\/\/www.loewen-apotheke24.com\/de\/shop\/loewen-apotheke\/horvi-enzym-x44-tropfen-50ml\/","url":"https:\/\/www.loewen-apotheke24.com\/de\/shop\/loewen-apotheke\/horvi-enzym-x44-tropfen-50ml\/","name":"Horvi Enzym X44 Tropfen 50ml | L\u00f6wen Apotheke24 - hier bestellen","isPartOf":{"@id":"https:\/\/www.loewen-apotheke24.com\/de\/#website"},"datePublished":"2017-08-11T10:01:23+00:00","dateModified":"2026-04-22T04:27:33+00:00","description":"L\u00f6wen Apotheke24 aus Baden-Baden. Wir bieten Top Service und kurze Lieferzeiten. Spezialist f\u00fcr Naturheilkunde - Horvi Enzym X44 Tropfen 50ml","breadcrumb":{"@id":"https:\/\/www.loewen-apotheke24.com\/de\/shop\/loewen-apotheke\/horvi-enzym-x44-tropfen-50ml\/#breadcrumb"},"inLanguage":"de","potentialAction":[{"@type":"ReadAction","target":["https:\/\/www.loewen-apotheke24.com\/de\/shop\/loewen-apotheke\/horvi-enzym-x44-tropfen-50ml\/"]}]},{"@type":"BreadcrumbList","@id":"https:\/\/www.loewen-apotheke24.com\/de\/shop\/loewen-apotheke\/horvi-enzym-x44-tropfen-50ml\/#breadcrumb","itemListElement":[{"@type":"ListItem","position":1,"name":"Shop","item":"https:\/\/www.loewen-apotheke24.com\/de\/shop\/"},{"@type":"ListItem","position":2,"name":"Horvi Enzym X44 Tropfen 50ml"}]},{"@type":"WebSite","@id":"https:\/\/www.loewen-apotheke24.com\/de\/#website","url":"https:\/\/www.loewen-apotheke24.com\/de\/","name":"L\u00f6wen Apotheke24","description":"Spezialist f\u00fcr Naturmedizin - Versandapotheke Baden-Baden","publisher":{"@id":"https:\/\/www.loewen-apotheke24.com\/de\/#organization"},"potentialAction":[{"@type":"SearchAction","target":{"@type":"EntryPoint","urlTemplate":"https:\/\/www.loewen-apotheke24.com\/de\/?s={search_term_string}"},"query-input":"required name=search_term_string"}],"inLanguage":"de"},{"@type":"Organization","@id":"https:\/\/www.loewen-apotheke24.com\/de\/#organization","name":"L\u00f6wen Apotheke","alternateName":"L\u00f6wen Apotheke","url":"https:\/\/www.loewen-apotheke24.com\/de\/","logo":{"@type":"ImageObject","inLanguage":"de","@id":"https:\/\/www.loewen-apotheke24.com\/de\/#\/schema\/logo\/image\/","url":"https:\/\/www.loewen-apotheke24.com\/wp-content\/uploads\/2024\/02\/Logo-Loewen-Apotheke-700x700-1.png","contentUrl":"https:\/\/www.loewen-apotheke24.com\/wp-content\/uploads\/2024\/02\/Logo-Loewen-Apotheke-700x700-1.png","width":700,"height":700,"caption":"L\u00f6wen Apotheke"},"image":{"@id":"https:\/\/www.loewen-apotheke24.com\/de\/#\/schema\/logo\/image\/"}}]}},"_links":{"self":[{"href":"https:\/\/www.loewen-apotheke24.com\/de\/wp-json\/wp\/v2\/product\/1151"}],"collection":[{"href":"https:\/\/www.loewen-apotheke24.com\/de\/wp-json\/wp\/v2\/product"}],"about":[{"href":"https:\/\/www.loewen-apotheke24.com\/de\/wp-json\/wp\/v2\/types\/product"}],"wp:featuredmedia":[{"embeddable":true,"href":"https:\/\/www.loewen-apotheke24.com\/de\/wp-json\/wp\/v2\/media\/126453"}],"wp:attachment":[{"href":"https:\/\/www.loewen-apotheke24.com\/de\/wp-json\/wp\/v2\/media?parent=1151"}],"wp:term":[{"taxonomy":"product_cat","embeddable":true,"href":"https:\/\/www.loewen-apotheke24.com\/de\/wp-json\/wp\/v2\/product_cat?post=1151"},{"taxonomy":"product_tag","embeddable":true,"href":"https:\/\/www.loewen-apotheke24.com\/de\/wp-json\/wp\/v2\/product_tag?post=1151"}],"curies":[{"name":"wp","href":"https:\/\/api.w.org\/{rel}","templated":true}]}}