{"id":115631,"date":"2024-12-07T22:28:02","date_gmt":"2024-12-07T21:28:02","guid":{"rendered":"https:\/\/www.loewen-apotheke24.com\/?post_type=product&#038;p=115631"},"modified":"2026-03-02T07:01:22","modified_gmt":"2026-03-02T06:01:22","slug":"wobenzym-immun-tabletten-240-st","status":"publish","type":"product","link":"https:\/\/www.loewen-apotheke24.com\/de\/shop\/angebot\/wobenzym-immun-tabletten-240-st\/","title":{"rendered":"WOBENZYM immun Tabletten 240 St"},"content":{"rendered":"<h3 style=\"text-align: left;\">WOBENZYM immun Tabletten 240 St<\/h3>\n<p>WOBENZYM immun Tabletten ein Nahrungserg\u00e4nzungsmittel mit Enzymen und Vitaminen in Kombination: Wobenzym immun unterst\u00fctzt das Immunsystem mit Vitamin C, D sowie Zink und Selen. Bei kaltem Wetter, Belastung durch Stress, unausgewogener Ern\u00e4hrung, aufgrund des Alters oder bei sportlicher Anstrengung ist das Immunsystem besonders gefordert. Wobenzym immun enth\u00e4lt eine speziell entwickelte Kombination von Enzymen und Vitaminen, die durch die Vitamine C und D sowie die Spurenelemente Zink und Selen die normale Funktion des Immunsystems unterst\u00fctzen.<\/p>\n<p>Zur Unterst\u00fctzung des Immunsystems.<\/p>\n<p>Die besondere Enzymkraft des Arzneimittels geht an die Entz\u00fcndung als Ursache der Schmerzen und f\u00f6rdert die Heilung auf nat\u00fcrliche Weise. Es hilft Ihnen, das Leben auf nat\u00fcrliche Weise aktiv zu gestalten und zu genie\u00dfen. Nahrungserg\u00e4nzungsmittel sind kein Ersatz f\u00fcr eine abwechslungsreiche und ausgewogene Ern\u00e4hrung oder eine gesunde Lebensweise. \u00dcberschreiten Sie nicht die empfohlene Tagesdosis.<\/p>\n<p>Weitere Produktdetails beim <a href=\"https:\/\/www.wobenzym.de\/\" target=\"_blank\" rel=\"noopener\">Hersteller<\/a>.<\/p>\n<p>Weitere Produktdetails zu\u00a0WOBENZYM immun\u00a0finden Sie beim <a href=\"https:\/\/www.wobenzym.de\/\" target=\"_blank\" rel=\"noopener\">Hersteller:<\/a><\/p>\n<p>Andere Kunden interessierten sich auch f\u00fcr Produkte zum Thema: <a href=\"https:\/\/www.loewen-apotheke24.com\/de\/product_tag\/entzuendung\/\">Entz\u00fcndung <\/a>| <a href=\"https:\/\/www.loewen-apotheke24.com\/de\/product_tag\/abnehmen\/\">Fitness<\/a> | <a href=\"https:\/\/www.loewen-apotheke24.com\/de\/product_tag\/reiseapotheke\/\">Reiseapotheke\u00a0<\/a><\/p>\n<p>Informationen auf dieser Website werden ausschlie\u00dflich f\u00fcr informative Zwecke zur Verf\u00fcgung gestellt. Sie ersetzen keinesfalls die Untersuchung und Behandlung durch einen Arzt. Bitte beachten Sie, dass hierdurch weder Diagnosen gestellt noch Therapien eingeleitet werden k\u00f6nnen.\u00a0WOBENZYM immun, magensaftresistente Tabletten. Wirkstoff: Bromelain. Anwendungsgebiete: Pflanzliches Arzneimittel bei Erwachsenen und Jugendlichen ab 12 Jahren zur Anwendung bei akuten Schwellungszust\u00e4nden nach Operationen und Verletzungen, insbesondere der Nase und Nebenh\u00f6hlen.<\/p>\n<p>Zu Risiken und Nebenwirkungen lesen Sie die Packungsbeilage und fragen Sie Ihren Arzt oder Apotheker.<\/p>\n","protected":false},"excerpt":{"rendered":"<h2>WOBENZYM immun Tabletten 240 St<\/h2>\n<p>Nahrungserg\u00e4nzungsmittel mit Enzymen und Vitaminen.<\/p>\n<p><strong>PZN<\/strong>: 07368648 (Pharmazentralnummer)<\/p>\n<p><strong>Darreichungsform<\/strong>: Tabletten<\/p>\n<p><strong>Verordnungsart<\/strong>: Rezeptfrei<\/p>\n<p><strong>Marke<\/strong>: WOBENZYM<\/p>\n<p><strong>Hersteller<\/strong>:\u00a0 MUCOS Pharma GmbH &amp; Co. KG<\/p>\n<p><strong>Packungsgr\u00f6\u00dfe<\/strong>: 240 St\u00fcck (ggf. 2x 120 Stk)<\/p>\n","protected":false},"featured_media":115634,"template":"","meta":[],"product_cat":[13,43,1011],"product_tag":[402,254,215,473,214,469],"yoast_head":"<!-- This site is optimized with the Yoast SEO Premium plugin v21.0 (Yoast SEO v21.0) - https:\/\/yoast.com\/wordpress\/plugins\/seo\/ -->\n<title>WOBENZYM immun Tabletten 240 St - hier g\u00fcnstig kaufen<\/title>\n<meta name=\"description\" content=\"Wir bieten: kurze Lieferzeit, gratis Lieferung ab 30 \u20ac. WOBENZYM immun Tabletten 240 St. - Nahrungserg\u00e4nzungsmittel mit Enzymen und Vitaminen\" \/>\n<meta name=\"robots\" content=\"index, follow, max-snippet:-1, max-image-preview:large, max-video-preview:-1\" \/>\n<link rel=\"canonical\" href=\"https:\/\/www.loewen-apotheke24.com\/de\/shop\/angebot\/wobenzym-immun-tabletten-240-st\/\" \/>\n<meta property=\"og:locale\" content=\"de_DE\" \/>\n<meta property=\"og:type\" content=\"article\" \/>\n<meta property=\"og:title\" content=\"WOBENZYM immun Tabletten 240 St - hier g\u00fcnstig kaufen\" \/>\n<meta property=\"og:description\" content=\"Wir bieten: kurze Lieferzeit, gratis Lieferung ab 30 \u20ac. WOBENZYM immun Tabletten 240 St. - Nahrungserg\u00e4nzungsmittel mit Enzymen und Vitaminen\" \/>\n<meta property=\"og:url\" content=\"https:\/\/www.loewen-apotheke24.com\/de\/shop\/angebot\/wobenzym-immun-tabletten-240-st\/\" \/>\n<meta property=\"og:site_name\" content=\"L\u00f6wen Apotheke24\" \/>\n<meta property=\"article:modified_time\" content=\"2026-03-02T06:01:22+00:00\" \/>\n<meta property=\"og:image\" content=\"https:\/\/www.loewen-apotheke24.com\/wp-content\/uploads\/2024\/12\/Wobenzym-immun-Tabletten.-Mucos.-PZN-07368648.-Loewen-Apotheke24-Online-Shop.webp\" \/>\n\t<meta property=\"og:image:width\" content=\"600\" \/>\n\t<meta property=\"og:image:height\" content=\"600\" \/>\n\t<meta property=\"og:image:type\" content=\"image\/webp\" \/>\n<meta name=\"twitter:card\" content=\"summary_large_image\" \/>\n<meta name=\"twitter:label1\" content=\"Gesch\u00e4tzte Lesezeit\" \/>\n\t<meta name=\"twitter:data1\" content=\"2\u00a0Minuten\" \/>\n<script type=\"application\/ld+json\" class=\"yoast-schema-graph\">{\"@context\":\"https:\/\/schema.org\",\"@graph\":[{\"@type\":\"WebPage\",\"@id\":\"https:\/\/www.loewen-apotheke24.com\/de\/shop\/angebot\/wobenzym-immun-tabletten-240-st\/\",\"url\":\"https:\/\/www.loewen-apotheke24.com\/de\/shop\/angebot\/wobenzym-immun-tabletten-240-st\/\",\"name\":\"WOBENZYM immun Tabletten 240 St - hier g\u00fcnstig kaufen\",\"isPartOf\":{\"@id\":\"https:\/\/www.loewen-apotheke24.com\/de\/#website\"},\"datePublished\":\"2024-12-07T21:28:02+00:00\",\"dateModified\":\"2026-03-02T06:01:22+00:00\",\"description\":\"Wir bieten: kurze Lieferzeit, gratis Lieferung ab 30 \u20ac. WOBENZYM immun Tabletten 240 St. - Nahrungserg\u00e4nzungsmittel mit Enzymen und Vitaminen\",\"breadcrumb\":{\"@id\":\"https:\/\/www.loewen-apotheke24.com\/de\/shop\/angebot\/wobenzym-immun-tabletten-240-st\/#breadcrumb\"},\"inLanguage\":\"de\",\"potentialAction\":[{\"@type\":\"ReadAction\",\"target\":[\"https:\/\/www.loewen-apotheke24.com\/de\/shop\/angebot\/wobenzym-immun-tabletten-240-st\/\"]}]},{\"@type\":\"BreadcrumbList\",\"@id\":\"https:\/\/www.loewen-apotheke24.com\/de\/shop\/angebot\/wobenzym-immun-tabletten-240-st\/#breadcrumb\",\"itemListElement\":[{\"@type\":\"ListItem\",\"position\":1,\"name\":\"Shop\",\"item\":\"https:\/\/www.loewen-apotheke24.com\/de\/shop\/\"},{\"@type\":\"ListItem\",\"position\":2,\"name\":\"WOBENZYM immun Tabletten 240 St\"}]},{\"@type\":\"WebSite\",\"@id\":\"https:\/\/www.loewen-apotheke24.com\/de\/#website\",\"url\":\"https:\/\/www.loewen-apotheke24.com\/de\/\",\"name\":\"L\u00f6wen Apotheke24\",\"description\":\"Spezialist f\u00fcr Naturmedizin - Versandapotheke Baden-Baden\",\"publisher\":{\"@id\":\"https:\/\/www.loewen-apotheke24.com\/de\/#organization\"},\"potentialAction\":[{\"@type\":\"SearchAction\",\"target\":{\"@type\":\"EntryPoint\",\"urlTemplate\":\"https:\/\/www.loewen-apotheke24.com\/de\/?s={search_term_string}\"},\"query-input\":\"required name=search_term_string\"}],\"inLanguage\":\"de\"},{\"@type\":\"Organization\",\"@id\":\"https:\/\/www.loewen-apotheke24.com\/de\/#organization\",\"name\":\"L\u00f6wen Apotheke\",\"alternateName\":\"L\u00f6wen Apotheke\",\"url\":\"https:\/\/www.loewen-apotheke24.com\/de\/\",\"logo\":{\"@type\":\"ImageObject\",\"inLanguage\":\"de\",\"@id\":\"https:\/\/www.loewen-apotheke24.com\/de\/#\/schema\/logo\/image\/\",\"url\":\"https:\/\/www.loewen-apotheke24.com\/wp-content\/uploads\/2024\/02\/Logo-Loewen-Apotheke-700x700-1.png\",\"contentUrl\":\"https:\/\/www.loewen-apotheke24.com\/wp-content\/uploads\/2024\/02\/Logo-Loewen-Apotheke-700x700-1.png\",\"width\":700,\"height\":700,\"caption\":\"L\u00f6wen Apotheke\"},\"image\":{\"@id\":\"https:\/\/www.loewen-apotheke24.com\/de\/#\/schema\/logo\/image\/\"}}]}<\/script>\n<!-- \/ Yoast SEO Premium plugin. -->","yoast_head_json":{"title":"WOBENZYM immun Tabletten 240 St - hier g\u00fcnstig kaufen","description":"Wir bieten: kurze Lieferzeit, gratis Lieferung ab 30 \u20ac. WOBENZYM immun Tabletten 240 St. - Nahrungserg\u00e4nzungsmittel mit Enzymen und Vitaminen","robots":{"index":"index","follow":"follow","max-snippet":"max-snippet:-1","max-image-preview":"max-image-preview:large","max-video-preview":"max-video-preview:-1"},"canonical":"https:\/\/www.loewen-apotheke24.com\/de\/shop\/angebot\/wobenzym-immun-tabletten-240-st\/","og_locale":"de_DE","og_type":"article","og_title":"WOBENZYM immun Tabletten 240 St - hier g\u00fcnstig kaufen","og_description":"Wir bieten: kurze Lieferzeit, gratis Lieferung ab 30 \u20ac. WOBENZYM immun Tabletten 240 St. - Nahrungserg\u00e4nzungsmittel mit Enzymen und Vitaminen","og_url":"https:\/\/www.loewen-apotheke24.com\/de\/shop\/angebot\/wobenzym-immun-tabletten-240-st\/","og_site_name":"L\u00f6wen Apotheke24","article_modified_time":"2026-03-02T06:01:22+00:00","og_image":[{"width":600,"height":600,"url":"https:\/\/www.loewen-apotheke24.com\/wp-content\/uploads\/2024\/12\/Wobenzym-immun-Tabletten.-Mucos.-PZN-07368648.-Loewen-Apotheke24-Online-Shop.webp","type":"image\/webp"}],"twitter_card":"summary_large_image","twitter_misc":{"Gesch\u00e4tzte Lesezeit":"2\u00a0Minuten"},"schema":{"@context":"https:\/\/schema.org","@graph":[{"@type":"WebPage","@id":"https:\/\/www.loewen-apotheke24.com\/de\/shop\/angebot\/wobenzym-immun-tabletten-240-st\/","url":"https:\/\/www.loewen-apotheke24.com\/de\/shop\/angebot\/wobenzym-immun-tabletten-240-st\/","name":"WOBENZYM immun Tabletten 240 St - hier g\u00fcnstig kaufen","isPartOf":{"@id":"https:\/\/www.loewen-apotheke24.com\/de\/#website"},"datePublished":"2024-12-07T21:28:02+00:00","dateModified":"2026-03-02T06:01:22+00:00","description":"Wir bieten: kurze Lieferzeit, gratis Lieferung ab 30 \u20ac. WOBENZYM immun Tabletten 240 St. - Nahrungserg\u00e4nzungsmittel mit Enzymen und Vitaminen","breadcrumb":{"@id":"https:\/\/www.loewen-apotheke24.com\/de\/shop\/angebot\/wobenzym-immun-tabletten-240-st\/#breadcrumb"},"inLanguage":"de","potentialAction":[{"@type":"ReadAction","target":["https:\/\/www.loewen-apotheke24.com\/de\/shop\/angebot\/wobenzym-immun-tabletten-240-st\/"]}]},{"@type":"BreadcrumbList","@id":"https:\/\/www.loewen-apotheke24.com\/de\/shop\/angebot\/wobenzym-immun-tabletten-240-st\/#breadcrumb","itemListElement":[{"@type":"ListItem","position":1,"name":"Shop","item":"https:\/\/www.loewen-apotheke24.com\/de\/shop\/"},{"@type":"ListItem","position":2,"name":"WOBENZYM immun Tabletten 240 St"}]},{"@type":"WebSite","@id":"https:\/\/www.loewen-apotheke24.com\/de\/#website","url":"https:\/\/www.loewen-apotheke24.com\/de\/","name":"L\u00f6wen Apotheke24","description":"Spezialist f\u00fcr Naturmedizin - Versandapotheke Baden-Baden","publisher":{"@id":"https:\/\/www.loewen-apotheke24.com\/de\/#organization"},"potentialAction":[{"@type":"SearchAction","target":{"@type":"EntryPoint","urlTemplate":"https:\/\/www.loewen-apotheke24.com\/de\/?s={search_term_string}"},"query-input":"required name=search_term_string"}],"inLanguage":"de"},{"@type":"Organization","@id":"https:\/\/www.loewen-apotheke24.com\/de\/#organization","name":"L\u00f6wen Apotheke","alternateName":"L\u00f6wen Apotheke","url":"https:\/\/www.loewen-apotheke24.com\/de\/","logo":{"@type":"ImageObject","inLanguage":"de","@id":"https:\/\/www.loewen-apotheke24.com\/de\/#\/schema\/logo\/image\/","url":"https:\/\/www.loewen-apotheke24.com\/wp-content\/uploads\/2024\/02\/Logo-Loewen-Apotheke-700x700-1.png","contentUrl":"https:\/\/www.loewen-apotheke24.com\/wp-content\/uploads\/2024\/02\/Logo-Loewen-Apotheke-700x700-1.png","width":700,"height":700,"caption":"L\u00f6wen Apotheke"},"image":{"@id":"https:\/\/www.loewen-apotheke24.com\/de\/#\/schema\/logo\/image\/"}}]}},"_links":{"self":[{"href":"https:\/\/www.loewen-apotheke24.com\/de\/wp-json\/wp\/v2\/product\/115631"}],"collection":[{"href":"https:\/\/www.loewen-apotheke24.com\/de\/wp-json\/wp\/v2\/product"}],"about":[{"href":"https:\/\/www.loewen-apotheke24.com\/de\/wp-json\/wp\/v2\/types\/product"}],"wp:featuredmedia":[{"embeddable":true,"href":"https:\/\/www.loewen-apotheke24.com\/de\/wp-json\/wp\/v2\/media\/115634"}],"wp:attachment":[{"href":"https:\/\/www.loewen-apotheke24.com\/de\/wp-json\/wp\/v2\/media?parent=115631"}],"wp:term":[{"taxonomy":"product_cat","embeddable":true,"href":"https:\/\/www.loewen-apotheke24.com\/de\/wp-json\/wp\/v2\/product_cat?post=115631"},{"taxonomy":"product_tag","embeddable":true,"href":"https:\/\/www.loewen-apotheke24.com\/de\/wp-json\/wp\/v2\/product_tag?post=115631"}],"curies":[{"name":"wp","href":"https:\/\/api.w.org\/{rel}","templated":true}]}}