{"id":118192,"date":"2025-01-08T09:00:13","date_gmt":"2025-01-08T08:00:13","guid":{"rendered":"https:\/\/www.loewen-apotheke24.com\/?post_type=product&#038;p=118192"},"modified":"2025-01-08T09:36:01","modified_gmt":"2025-01-08T08:36:01","slug":"symbioflor-1-3x50ml-08636246","status":"publish","type":"product","link":"https:\/\/www.loewen-apotheke24.com\/de\/shop\/angebot\/symbioflor-1-3x50ml-08636246\/","title":{"rendered":"Symbioflor 1 (3x50ml)"},"content":{"rendered":"<h3 style=\"text-align: left;\">Symbioflor 1 &#8211; Probiotisches Arzneimittel<\/h3>\n<p>Symbioflor 1 zur Behandlung der oberen Atemwege, wirkt positiv auf das Immunsystem und hilft bei Sinusitis oder der chronischen Bronchitis. Bietet durch den Einsatz des nat\u00fcrlichen Darmbakteriums Enterococcus faecalis gezielte Unterst\u00fctzung zur Verringerung der R\u00fcckfallrate von\u00a0 wiederkehrenden Atemwegsinfekten wie z.B. Sinusitis und Bronchitis. Die in Symbioflor enthalten Bakterien aktivieren das Immunsystem, unterst\u00fctzen die Schleimh\u00e4ute in ihrer Funktion als Schutzbarriere gegen Krankheitserreger und st\u00e4rken somit die Abwehrkr\u00e4fte.<\/p>\n<p>Symbioflor 1 ist ein probiotisches Arzneimittel. Die besonderen Inhaltsstoffe: Enterococcus faecalis-Bakterien. Das Produkt optimalerweise im K\u00fchlschrank aufbewahren.<\/p>\n<p><a href=\"http:\/\/www.klinge-pharma.com\" target=\"_blank\" rel=\"noopener\">Hier<\/a>, bei Klinge Pharma GmbH, finden Sie weitere Informationen zum Produkt Symbioflor 1.<br \/>\nAndere Kunden interessierten sich auch f\u00fcr Produkte zum Thema:\u00a0<a href=\"https:\/\/www.loewen-apotheke24.com\/de\/product_tag\/entzuendung\/\">Entz\u00fcndung\u00a0<\/a>| <a href=\"https:\/\/www.loewen-apotheke24.com\/de\/product_tag\/das-immunsystem\/\" rel=\"tag\">Immunsystem<\/a>\u00a0| <a href=\"https:\/\/www.loewen-apotheke24.com\/de\/product_tag\/vitamine-mineralien-nahrungsergaenzung\/\" rel=\"tag\">Vitamine &amp; Mineralien; Nahrungserg\u00e4nzung<\/a><\/p>\n<p>Informationen auf dieser Website werden ausschlie\u00dflich f\u00fcr informative Zwecke zur Verf\u00fcgung gestellt. Sie ersetzen keinesfalls die Untersuchung und Behandlung durch einen Arzt. Bitte beachten Sie, dass hierdurch weder Diagnosen gestellt noch Therapien eingeleitet werden k\u00f6nnen.<\/p>\n<p>Zu Risiken und Nebenwirkungen lesen Sie die Packungsbeilage und fragen Sie Ihren Arzt oder Apotheker.<\/p>\n<p>Die Apothekerin empfiehlt ihren Kunden bei viraler Infektion:\u00a0<a href=\"https:\/\/www.loewen-apotheke24.com\/de\/shop\/labo-life\/labo-life-2l-eid-kapseln-30-st\/\">Labo Life 2L EID<\/a>\u00a0| <a href=\"https:\/\/www.loewen-apotheke24.com\/de\/product_cat\/omni-biotic\/\">Omni-Biotic<\/a><\/p>\n<h3 style=\"text-align: left;\">Rezept | E-Rezept vorhanden?<\/h3>\n<p>Reichen Sie jetzt Ihr E-Rezept ein. Nutzen Sie unsere <a href=\"https:\/\/e-rezept-app.de\/shop-rezept\" target=\"_blank\" rel=\"noopener\">E-Rezept<\/a> App. Und wir schenken Ihnen die Versandkosten!<\/p>\n","protected":false},"excerpt":{"rendered":"<h2>Symbioflor 1 (3x50ml) &#8211; Probiotisches Arzneimittel<\/h2>\n<p>zur Behandlung der oberen Atemwege, wirkt positiv auf das Immunsystem und hilft bei Sinusitis oder der chronischen Bronchitis.<\/p>\n<p><strong>PZN<\/strong>: 08636246 (Pharmazentralnummer)<\/p>\n<p><strong>Darreichungsform<\/strong>: Suspension<\/p>\n<p><strong>Verordnungsart<\/strong>: Rezeptfrei<\/p>\n<p><strong>Hersteller<\/strong>: Klinge Pharma GmbH, Deutschland<\/p>\n<p><strong>Packungsgr\u00f6\u00dfe<\/strong>: 3x 50ml<\/p>\n","protected":false},"featured_media":118195,"template":"","meta":[],"product_cat":[13,43],"product_tag":[433,426,169,354,170,265,470,233,469],"yoast_head":"<!-- This site is optimized with the Yoast SEO Premium plugin v21.0 (Yoast SEO v21.0) - https:\/\/yoast.com\/wordpress\/plugins\/seo\/ -->\n<title>Symbioflor 1 (3x50ml) - beim Experten f\u00fcr Naturmedizin bestellen<\/title>\n<meta name=\"description\" content=\"Ihr Spezialist f\u00fcr Naturheilkunde. Wir bieten: Top-Service und kurze Lieferzeiten. Weltweiter Versand. Chronischen Bronchitis. Symbioflor 1 (3x 50ml)\" \/>\n<meta name=\"robots\" content=\"index, follow, max-snippet:-1, max-image-preview:large, max-video-preview:-1\" \/>\n<link rel=\"canonical\" href=\"https:\/\/www.loewen-apotheke24.com\/de\/shop\/angebot\/symbioflor-1-3x50ml-08636246\/\" \/>\n<meta property=\"og:locale\" content=\"de_DE\" \/>\n<meta property=\"og:type\" content=\"article\" \/>\n<meta property=\"og:title\" content=\"Symbioflor 1 (3x50ml) - beim Experten f\u00fcr Naturmedizin bestellen\" \/>\n<meta property=\"og:description\" content=\"Ihr Spezialist f\u00fcr Naturheilkunde. Wir bieten: Top-Service und kurze Lieferzeiten. Weltweiter Versand. Chronischen Bronchitis. Symbioflor 1 (3x 50ml)\" \/>\n<meta property=\"og:url\" content=\"https:\/\/www.loewen-apotheke24.com\/de\/shop\/angebot\/symbioflor-1-3x50ml-08636246\/\" \/>\n<meta property=\"og:site_name\" content=\"L\u00f6wen Apotheke24\" \/>\n<meta property=\"article:modified_time\" content=\"2025-01-08T08:36:01+00:00\" \/>\n<meta property=\"og:image\" content=\"https:\/\/www.loewen-apotheke24.com\/wp-content\/uploads\/2025\/01\/Klinge-Pharma.-Symbioflor-1-Suspension.-PZN-08636246.-EAN-4260298010426.-Loewen-Apotheke24-aus-Baden-Baden.-Deutschland.webp\" \/>\n\t<meta property=\"og:image:width\" content=\"600\" \/>\n\t<meta property=\"og:image:height\" content=\"600\" \/>\n\t<meta property=\"og:image:type\" content=\"image\/webp\" \/>\n<meta name=\"twitter:card\" content=\"summary_large_image\" \/>\n<meta name=\"twitter:label1\" content=\"Gesch\u00e4tzte Lesezeit\" \/>\n\t<meta name=\"twitter:data1\" content=\"2\u00a0Minuten\" \/>\n<script type=\"application\/ld+json\" class=\"yoast-schema-graph\">{\"@context\":\"https:\/\/schema.org\",\"@graph\":[{\"@type\":\"WebPage\",\"@id\":\"https:\/\/www.loewen-apotheke24.com\/de\/shop\/angebot\/symbioflor-1-3x50ml-08636246\/\",\"url\":\"https:\/\/www.loewen-apotheke24.com\/de\/shop\/angebot\/symbioflor-1-3x50ml-08636246\/\",\"name\":\"Symbioflor 1 (3x50ml) - beim Experten f\u00fcr Naturmedizin bestellen\",\"isPartOf\":{\"@id\":\"https:\/\/www.loewen-apotheke24.com\/de\/#website\"},\"datePublished\":\"2025-01-08T08:00:13+00:00\",\"dateModified\":\"2025-01-08T08:36:01+00:00\",\"description\":\"Ihr Spezialist f\u00fcr Naturheilkunde. Wir bieten: Top-Service und kurze Lieferzeiten. Weltweiter Versand. Chronischen Bronchitis. Symbioflor 1 (3x 50ml)\",\"breadcrumb\":{\"@id\":\"https:\/\/www.loewen-apotheke24.com\/de\/shop\/angebot\/symbioflor-1-3x50ml-08636246\/#breadcrumb\"},\"inLanguage\":\"de\",\"potentialAction\":[{\"@type\":\"ReadAction\",\"target\":[\"https:\/\/www.loewen-apotheke24.com\/de\/shop\/angebot\/symbioflor-1-3x50ml-08636246\/\"]}]},{\"@type\":\"BreadcrumbList\",\"@id\":\"https:\/\/www.loewen-apotheke24.com\/de\/shop\/angebot\/symbioflor-1-3x50ml-08636246\/#breadcrumb\",\"itemListElement\":[{\"@type\":\"ListItem\",\"position\":1,\"name\":\"Shop\",\"item\":\"https:\/\/www.loewen-apotheke24.com\/de\/shop\/\"},{\"@type\":\"ListItem\",\"position\":2,\"name\":\"Symbioflor 1 (3x50ml)\"}]},{\"@type\":\"WebSite\",\"@id\":\"https:\/\/www.loewen-apotheke24.com\/de\/#website\",\"url\":\"https:\/\/www.loewen-apotheke24.com\/de\/\",\"name\":\"L\u00f6wen Apotheke24\",\"description\":\"Spezialist f\u00fcr Naturmedizin - Versandapotheke Baden-Baden\",\"publisher\":{\"@id\":\"https:\/\/www.loewen-apotheke24.com\/de\/#organization\"},\"potentialAction\":[{\"@type\":\"SearchAction\",\"target\":{\"@type\":\"EntryPoint\",\"urlTemplate\":\"https:\/\/www.loewen-apotheke24.com\/de\/?s={search_term_string}\"},\"query-input\":\"required name=search_term_string\"}],\"inLanguage\":\"de\"},{\"@type\":\"Organization\",\"@id\":\"https:\/\/www.loewen-apotheke24.com\/de\/#organization\",\"name\":\"L\u00f6wen Apotheke\",\"alternateName\":\"L\u00f6wen Apotheke\",\"url\":\"https:\/\/www.loewen-apotheke24.com\/de\/\",\"logo\":{\"@type\":\"ImageObject\",\"inLanguage\":\"de\",\"@id\":\"https:\/\/www.loewen-apotheke24.com\/de\/#\/schema\/logo\/image\/\",\"url\":\"https:\/\/www.loewen-apotheke24.com\/wp-content\/uploads\/2024\/02\/Logo-Loewen-Apotheke-700x700-1.png\",\"contentUrl\":\"https:\/\/www.loewen-apotheke24.com\/wp-content\/uploads\/2024\/02\/Logo-Loewen-Apotheke-700x700-1.png\",\"width\":700,\"height\":700,\"caption\":\"L\u00f6wen Apotheke\"},\"image\":{\"@id\":\"https:\/\/www.loewen-apotheke24.com\/de\/#\/schema\/logo\/image\/\"}}]}<\/script>\n<!-- \/ Yoast SEO Premium plugin. -->","yoast_head_json":{"title":"Symbioflor 1 (3x50ml) - beim Experten f\u00fcr Naturmedizin bestellen","description":"Ihr Spezialist f\u00fcr Naturheilkunde. Wir bieten: Top-Service und kurze Lieferzeiten. Weltweiter Versand. Chronischen Bronchitis. Symbioflor 1 (3x 50ml)","robots":{"index":"index","follow":"follow","max-snippet":"max-snippet:-1","max-image-preview":"max-image-preview:large","max-video-preview":"max-video-preview:-1"},"canonical":"https:\/\/www.loewen-apotheke24.com\/de\/shop\/angebot\/symbioflor-1-3x50ml-08636246\/","og_locale":"de_DE","og_type":"article","og_title":"Symbioflor 1 (3x50ml) - beim Experten f\u00fcr Naturmedizin bestellen","og_description":"Ihr Spezialist f\u00fcr Naturheilkunde. Wir bieten: Top-Service und kurze Lieferzeiten. Weltweiter Versand. Chronischen Bronchitis. Symbioflor 1 (3x 50ml)","og_url":"https:\/\/www.loewen-apotheke24.com\/de\/shop\/angebot\/symbioflor-1-3x50ml-08636246\/","og_site_name":"L\u00f6wen Apotheke24","article_modified_time":"2025-01-08T08:36:01+00:00","og_image":[{"width":600,"height":600,"url":"https:\/\/www.loewen-apotheke24.com\/wp-content\/uploads\/2025\/01\/Klinge-Pharma.-Symbioflor-1-Suspension.-PZN-08636246.-EAN-4260298010426.-Loewen-Apotheke24-aus-Baden-Baden.-Deutschland.webp","type":"image\/webp"}],"twitter_card":"summary_large_image","twitter_misc":{"Gesch\u00e4tzte Lesezeit":"2\u00a0Minuten"},"schema":{"@context":"https:\/\/schema.org","@graph":[{"@type":"WebPage","@id":"https:\/\/www.loewen-apotheke24.com\/de\/shop\/angebot\/symbioflor-1-3x50ml-08636246\/","url":"https:\/\/www.loewen-apotheke24.com\/de\/shop\/angebot\/symbioflor-1-3x50ml-08636246\/","name":"Symbioflor 1 (3x50ml) - beim Experten f\u00fcr Naturmedizin bestellen","isPartOf":{"@id":"https:\/\/www.loewen-apotheke24.com\/de\/#website"},"datePublished":"2025-01-08T08:00:13+00:00","dateModified":"2025-01-08T08:36:01+00:00","description":"Ihr Spezialist f\u00fcr Naturheilkunde. Wir bieten: Top-Service und kurze Lieferzeiten. Weltweiter Versand. Chronischen Bronchitis. Symbioflor 1 (3x 50ml)","breadcrumb":{"@id":"https:\/\/www.loewen-apotheke24.com\/de\/shop\/angebot\/symbioflor-1-3x50ml-08636246\/#breadcrumb"},"inLanguage":"de","potentialAction":[{"@type":"ReadAction","target":["https:\/\/www.loewen-apotheke24.com\/de\/shop\/angebot\/symbioflor-1-3x50ml-08636246\/"]}]},{"@type":"BreadcrumbList","@id":"https:\/\/www.loewen-apotheke24.com\/de\/shop\/angebot\/symbioflor-1-3x50ml-08636246\/#breadcrumb","itemListElement":[{"@type":"ListItem","position":1,"name":"Shop","item":"https:\/\/www.loewen-apotheke24.com\/de\/shop\/"},{"@type":"ListItem","position":2,"name":"Symbioflor 1 (3x50ml)"}]},{"@type":"WebSite","@id":"https:\/\/www.loewen-apotheke24.com\/de\/#website","url":"https:\/\/www.loewen-apotheke24.com\/de\/","name":"L\u00f6wen Apotheke24","description":"Spezialist f\u00fcr Naturmedizin - Versandapotheke Baden-Baden","publisher":{"@id":"https:\/\/www.loewen-apotheke24.com\/de\/#organization"},"potentialAction":[{"@type":"SearchAction","target":{"@type":"EntryPoint","urlTemplate":"https:\/\/www.loewen-apotheke24.com\/de\/?s={search_term_string}"},"query-input":"required name=search_term_string"}],"inLanguage":"de"},{"@type":"Organization","@id":"https:\/\/www.loewen-apotheke24.com\/de\/#organization","name":"L\u00f6wen Apotheke","alternateName":"L\u00f6wen Apotheke","url":"https:\/\/www.loewen-apotheke24.com\/de\/","logo":{"@type":"ImageObject","inLanguage":"de","@id":"https:\/\/www.loewen-apotheke24.com\/de\/#\/schema\/logo\/image\/","url":"https:\/\/www.loewen-apotheke24.com\/wp-content\/uploads\/2024\/02\/Logo-Loewen-Apotheke-700x700-1.png","contentUrl":"https:\/\/www.loewen-apotheke24.com\/wp-content\/uploads\/2024\/02\/Logo-Loewen-Apotheke-700x700-1.png","width":700,"height":700,"caption":"L\u00f6wen Apotheke"},"image":{"@id":"https:\/\/www.loewen-apotheke24.com\/de\/#\/schema\/logo\/image\/"}}]}},"_links":{"self":[{"href":"https:\/\/www.loewen-apotheke24.com\/de\/wp-json\/wp\/v2\/product\/118192"}],"collection":[{"href":"https:\/\/www.loewen-apotheke24.com\/de\/wp-json\/wp\/v2\/product"}],"about":[{"href":"https:\/\/www.loewen-apotheke24.com\/de\/wp-json\/wp\/v2\/types\/product"}],"wp:featuredmedia":[{"embeddable":true,"href":"https:\/\/www.loewen-apotheke24.com\/de\/wp-json\/wp\/v2\/media\/118195"}],"wp:attachment":[{"href":"https:\/\/www.loewen-apotheke24.com\/de\/wp-json\/wp\/v2\/media?parent=118192"}],"wp:term":[{"taxonomy":"product_cat","embeddable":true,"href":"https:\/\/www.loewen-apotheke24.com\/de\/wp-json\/wp\/v2\/product_cat?post=118192"},{"taxonomy":"product_tag","embeddable":true,"href":"https:\/\/www.loewen-apotheke24.com\/de\/wp-json\/wp\/v2\/product_tag?post=118192"}],"curies":[{"name":"wp","href":"https:\/\/api.w.org\/{rel}","templated":true}]}}