{"id":118202,"date":"2025-01-08T09:47:51","date_gmt":"2025-01-08T08:47:51","guid":{"rendered":"https:\/\/www.loewen-apotheke24.com\/?post_type=product&#038;p=118202"},"modified":"2025-07-28T08:07:52","modified_gmt":"2025-07-28T07:07:52","slug":"symbioflor-2-50-ml-00996100","status":"publish","type":"product","link":"https:\/\/www.loewen-apotheke24.com\/de\/shop\/angebot\/symbioflor-2-50-ml-00996100\/","title":{"rendered":"Symbioflor 2 (50 ml)"},"content":{"rendered":"<h3 style=\"text-align: left;\">Symbioflor 2 &#8211; Probiotisches Arzneimittel<\/h3>\n<p>Symbioflor 2 stellt eine verl\u00e4ssliche L\u00f6sung bei Reizdarmbeschwerden dar. Als einziges probiotisches Arzneimittel, speziell f\u00fcr die Indikation Reizdarm entwickelt, bietet es eine nachgewiesene Wirksamkeit. Die L\u00f6sung enth\u00e4lt lebende Escherichia coli-Bakterien, zur Behandlung des Reizdarmsyndroms. Die einzigartige Zusammensetzung von Symbioflor 2 basiert auf lebenden Escherichia coli-Bakterien, deren Wirksamkeit in einer klinischen Studie nachgewiesen wurde. Dieses Probiotikum tr\u00e4gt dazu bei, die typischen Symptome des Reizdarmsyndroms zu lindern, und bieten eine Hilfe f\u00fcr Betroffene, die unter chronischen und wechselnden Beschwerden leiden. Reizdarmsyndrom ist eine funktionale St\u00f6rung des Darms, von der in Deutschland sch\u00e4tzungsweise bis zu 11 Millionen Erwachsene betroffen sind. Symbioflor\u00ae 2 bietet eine gezielte Behandlung f\u00fcr die h\u00e4ufigen Symptome des Reizdarmsyndroms wie Bl\u00e4hungen, Bauchschmerzen, Durchfall und Verstopfung.<\/p>\n<p>Symbioflor 2 ist ein probiotisches Arzneimittel. Die besonderen Inhaltsstoffe: Bakterienkonzentrat mit Escherichia coli-Bakterien.<\/p>\n<p><a href=\"http:\/\/www.klinge-pharma.com\" target=\"_blank\" rel=\"noopener\">Hier<\/a>, bei Klinge Pharma GmbH, finden Sie weitere Informationen zum Produkt Symbioflor 2.<br \/>\nAndere Kunden interessierten sich auch f\u00fcr Produkte zum Thema:\u00a0<a href=\"https:\/\/www.loewen-apotheke24.com\/de\/product_tag\/entzuendung\/\">Entz\u00fcndung\u00a0<\/a>| <a href=\"https:\/\/www.loewen-apotheke24.com\/de\/product_tag\/das-immunsystem\/\" rel=\"tag\">Immunsystem<\/a>\u00a0| <a href=\"https:\/\/www.loewen-apotheke24.com\/de\/product_tag\/vitamine-mineralien-nahrungsergaenzung\/\" rel=\"tag\">Vitamine &amp; Mineralien; Nahrungserg\u00e4nzung<\/a><\/p>\n<h3 class=\"TypographyPresentation TypographyPresentation--medium RichText3-paragraph--withVSpacingNormal RichText3-paragraph HighlightSol HighlightSol--buildingBlock\" style=\"text-align: left;\">Hinweis zur Anwendung und Einnahme:<\/h3>\n<div class=\"TypographyPresentation TypographyPresentation--medium RichText3-paragraph--withVSpacingNormal RichText3-paragraph HighlightSol HighlightSol--buildingBlock\">Die auf dieser Website bereitgestellten Informationen dienen ausschlie\u00dflich der allgemeinen Information. Sie ersetzen nicht die fachliche Beratung, Diagnose oder Behandlung durch einen Arzt. Nahrungserg\u00e4nzungsmittel sind kein Ersatz f\u00fcr eine ausgewogene Ern\u00e4hrung. Bitte \u00fcberschreiten Sie nicht die empfohlene t\u00e4gliche Verzehrmenge.<\/div>\n<p data-pm-slice=\"1 1 []\">Nahrungserg\u00e4nzungsmittel sind kein Ersatz f\u00fcr eine ausgewogene und abwechslungsreiche Ern\u00e4hrung und eine gesunde Lebensweise. Die angegebene empfohlene t\u00e4gliche Verzehrmenge darf nicht \u00fcberschritten werden.<\/p>\n<p>Zu Risiken und Nebenwirkungen lesen Sie die Packungsbeilage und fragen Sie Ihre \u00c4rztin, Ihren Arzt oder in Ihrer Apotheke.<\/p>\n<h3 class=\"TypographyPresentation TypographyPresentation--medium RichText3-paragraph--withVSpacingNormal RichText3-paragraph HighlightSol HighlightSol--buildingBlock\" style=\"text-align: left;\">Expertentipp aus der Apotheke:<\/h3>\n<div class=\"TypographyPresentation TypographyPresentation--medium RichText3-paragraph--withVSpacingNormal RichText3-paragraph HighlightSol HighlightSol--buildingBlock\">Unsere Apothekerin empfiehlt folgende hom\u00f6opahtische Marken als Erg\u00e4nganzung <a href=\"https:\/\/www.loewen-apotheke24.com\/de\/product_cat\/dhu\/\">DHU<\/a>, <a href=\"https:\/\/www.loewen-apotheke24.com\/de\/product_cat\/schwabe\/\">Dr. Schwabe<\/a> und <a href=\"https:\/\/www.loewen-apotheke24.com\/de\/product_cat\/omni-biotic\/\">OMNi-BiOTic<\/a>.<\/div>\n<div>\n<h3 class=\"TypographyPresentation TypographyPresentation--medium RichText3-paragraph--withVSpacingNormal RichText3-paragraph HighlightSol HighlightSol--buildingBlock\" style=\"text-align: left;\">Fragen zum Produkt? Wir sind f\u00fcr Sie da!<\/h3>\n<div class=\"TypographyPresentation TypographyPresentation--medium RichText3-paragraph--withVSpacingNormal RichText3-paragraph HighlightSol HighlightSol--buildingBlock\">Unsere verantwortliche Apothekerin\u00a0<strong>Dr. Sandra Hoff<\/strong>\u00a0und ihr Team beraten Sie gerne pers\u00f6nlich \u2013 telefonisch oder per E-Mail. Als\u00a0<strong>echte Apotheke vor Ort<\/strong>\u00a0und\u00a0<strong>zugelassene Versandapotheke<\/strong>\u00a0bieten wir Ihnen kompetente Unterst\u00fctzung, besonders in den Bereichen\u00a0<a class=\"PrimaryLink HighlightSol HighlightSol--core LinkBase\" href=\"https:\/\/www.loewen-apotheke24.com\/de\/product_tag\/naturheilmittel\/\" target=\"_blank\" rel=\"noreferrer noopener\">Naturheilkunde<\/a>\u00a0und\u00a0<a class=\"PrimaryLink HighlightSol HighlightSol--core LinkBase\" href=\"https:\/\/www.loewen-apotheke24.com\/de\/product_tag\/vitamine-mineralien-nahrungsergaenzung\/\" target=\"_blank\" rel=\"noreferrer noopener\">Nahrungserg\u00e4nzungsmittel<\/a>, hier Produkte von\u00a0<a class=\"PrimaryLink HighlightSol HighlightSol--core LinkBase\" href=\"https:\/\/www.loewen-apotheke24.com\/de\/product_cat\/vitorgan\/\" target=\"_blank\" rel=\"noreferrer noopener\">vitOrgan Arzneimittel<\/a>\u00a0und\u00a0<a class=\"PrimaryLink HighlightSol HighlightSol--core LinkBase\" href=\"https:\/\/www.loewen-apotheke24.com\/de\/product_cat\/labo-life\/\" target=\"_blank\" rel=\"noreferrer noopener\">Labo Life<\/a>.. Zum\u00a0<a class=\"PrimaryLink HighlightSol HighlightSol--core LinkBase\" href=\"https:\/\/versandhandel.dimdi.de\/websearch\/servlet\/Gate;jsessionid=0D29D15655BE1174E9178A340E8FE6BC?accessid=dimdi_var&amp;term=3c387956690121ccc8763184f052b93f\" target=\"_blank\" rel=\"noreferrer noopener\">Eintrag im Versandhandelsregister<\/a>.<\/div>\n<\/div>\n<h3 style=\"text-align: left;\">Rezept oder E-Rezept einl\u00f6sen:<\/h3>\n<p>Sie haben ein Rezept oder E-Rezept? Reichen Sie es bequem \u00fcber unsere\u00a0<a href=\"https:\/\/e-rezept-app.de\/\" target=\"_blank\" rel=\"noopener\">E-Rezept App<\/a>\u00a0ein \u2013 auch Privatrezepte f\u00fcr Selbstzahler sind m\u00f6glich. Schnell, sicher und einfach.<\/p>\n","protected":false},"excerpt":{"rendered":"<h2>Symbioflor 2 (50 ml) &#8211; Probiotisches Arzneimittel<\/h2>\n<p>zur Behandlung der oberen Atemwege, wirkt positiv auf das Immunsystem und hilft bei Sinusitis oder der chronischen Bronchitis.<\/p>\n<p><strong>PZN<\/strong>: 00996100 (Pharmazentralnummer)<\/p>\n<p><strong>Darreichungsform<\/strong>: Suspension<\/p>\n<p><strong>Verordnungsart<\/strong>: Rezeptfrei<\/p>\n<p><strong>Hersteller<\/strong>: Klinge Pharma GmbH, Deutschland<\/p>\n<p><strong>Packungsgr\u00f6\u00dfe<\/strong>: 50 ml<\/p>\n","protected":false},"featured_media":118205,"template":"","meta":[],"product_cat":[13,43],"product_tag":[433,225,426,169,354,170,265,470,233,469],"yoast_head":"<!-- This site is optimized with the Yoast SEO Premium plugin v21.0 (Yoast SEO v21.0) - https:\/\/yoast.com\/wordpress\/plugins\/seo\/ -->\n<title>Symbioflor 2 (50 ml) - beim Experten f\u00fcr Naturmedizin bestellen<\/title>\n<meta name=\"description\" content=\"Ihr Spezialist f\u00fcr Naturheilkunde. Wir bieten: Top-Service und kurze Lieferzeiten. Weltweiter Versand. Reizdarm. Symbioflor 2 (50 ml)\" \/>\n<meta name=\"robots\" content=\"index, follow, max-snippet:-1, max-image-preview:large, max-video-preview:-1\" \/>\n<link rel=\"canonical\" href=\"https:\/\/www.loewen-apotheke24.com\/de\/shop\/angebot\/symbioflor-2-50-ml-00996100\/\" \/>\n<meta property=\"og:locale\" content=\"de_DE\" \/>\n<meta property=\"og:type\" content=\"article\" \/>\n<meta property=\"og:title\" content=\"Symbioflor 2 (50 ml) - beim Experten f\u00fcr Naturmedizin bestellen\" \/>\n<meta property=\"og:description\" content=\"Ihr Spezialist f\u00fcr Naturheilkunde. Wir bieten: Top-Service und kurze Lieferzeiten. Weltweiter Versand. Reizdarm. Symbioflor 2 (50 ml)\" \/>\n<meta property=\"og:url\" content=\"https:\/\/www.loewen-apotheke24.com\/de\/shop\/angebot\/symbioflor-2-50-ml-00996100\/\" \/>\n<meta property=\"og:site_name\" content=\"L\u00f6wen Apotheke24\" \/>\n<meta property=\"article:modified_time\" content=\"2025-07-28T07:07:52+00:00\" \/>\n<meta property=\"og:image\" content=\"https:\/\/www.loewen-apotheke24.com\/wp-content\/uploads\/2025\/01\/Klinge-Pharma.-Symbioflor-2-Suspension.-PZN-996100.-EAN-4150009961003.-Loewen-Apotheke24-aus-Baden-Baden.-Deutschland.webp\" \/>\n\t<meta property=\"og:image:width\" content=\"600\" \/>\n\t<meta property=\"og:image:height\" content=\"600\" \/>\n\t<meta property=\"og:image:type\" content=\"image\/webp\" \/>\n<meta name=\"twitter:card\" content=\"summary_large_image\" \/>\n<meta name=\"twitter:label1\" content=\"Gesch\u00e4tzte Lesezeit\" \/>\n\t<meta name=\"twitter:data1\" content=\"2\u00a0Minuten\" \/>\n<script type=\"application\/ld+json\" class=\"yoast-schema-graph\">{\"@context\":\"https:\/\/schema.org\",\"@graph\":[{\"@type\":\"WebPage\",\"@id\":\"https:\/\/www.loewen-apotheke24.com\/de\/shop\/angebot\/symbioflor-2-50-ml-00996100\/\",\"url\":\"https:\/\/www.loewen-apotheke24.com\/de\/shop\/angebot\/symbioflor-2-50-ml-00996100\/\",\"name\":\"Symbioflor 2 (50 ml) - beim Experten f\u00fcr Naturmedizin bestellen\",\"isPartOf\":{\"@id\":\"https:\/\/www.loewen-apotheke24.com\/de\/#website\"},\"datePublished\":\"2025-01-08T08:47:51+00:00\",\"dateModified\":\"2025-07-28T07:07:52+00:00\",\"description\":\"Ihr Spezialist f\u00fcr Naturheilkunde. Wir bieten: Top-Service und kurze Lieferzeiten. Weltweiter Versand. Reizdarm. Symbioflor 2 (50 ml)\",\"breadcrumb\":{\"@id\":\"https:\/\/www.loewen-apotheke24.com\/de\/shop\/angebot\/symbioflor-2-50-ml-00996100\/#breadcrumb\"},\"inLanguage\":\"de\",\"potentialAction\":[{\"@type\":\"ReadAction\",\"target\":[\"https:\/\/www.loewen-apotheke24.com\/de\/shop\/angebot\/symbioflor-2-50-ml-00996100\/\"]}]},{\"@type\":\"BreadcrumbList\",\"@id\":\"https:\/\/www.loewen-apotheke24.com\/de\/shop\/angebot\/symbioflor-2-50-ml-00996100\/#breadcrumb\",\"itemListElement\":[{\"@type\":\"ListItem\",\"position\":1,\"name\":\"Shop\",\"item\":\"https:\/\/www.loewen-apotheke24.com\/de\/shop\/\"},{\"@type\":\"ListItem\",\"position\":2,\"name\":\"Symbioflor 2 (50 ml)\"}]},{\"@type\":\"WebSite\",\"@id\":\"https:\/\/www.loewen-apotheke24.com\/de\/#website\",\"url\":\"https:\/\/www.loewen-apotheke24.com\/de\/\",\"name\":\"L\u00f6wen Apotheke24\",\"description\":\"Spezialist f\u00fcr Naturmedizin - Versandapotheke Baden-Baden\",\"publisher\":{\"@id\":\"https:\/\/www.loewen-apotheke24.com\/de\/#organization\"},\"potentialAction\":[{\"@type\":\"SearchAction\",\"target\":{\"@type\":\"EntryPoint\",\"urlTemplate\":\"https:\/\/www.loewen-apotheke24.com\/de\/?s={search_term_string}\"},\"query-input\":\"required name=search_term_string\"}],\"inLanguage\":\"de\"},{\"@type\":\"Organization\",\"@id\":\"https:\/\/www.loewen-apotheke24.com\/de\/#organization\",\"name\":\"L\u00f6wen Apotheke\",\"alternateName\":\"L\u00f6wen Apotheke\",\"url\":\"https:\/\/www.loewen-apotheke24.com\/de\/\",\"logo\":{\"@type\":\"ImageObject\",\"inLanguage\":\"de\",\"@id\":\"https:\/\/www.loewen-apotheke24.com\/de\/#\/schema\/logo\/image\/\",\"url\":\"https:\/\/www.loewen-apotheke24.com\/wp-content\/uploads\/2024\/02\/Logo-Loewen-Apotheke-700x700-1.png\",\"contentUrl\":\"https:\/\/www.loewen-apotheke24.com\/wp-content\/uploads\/2024\/02\/Logo-Loewen-Apotheke-700x700-1.png\",\"width\":700,\"height\":700,\"caption\":\"L\u00f6wen Apotheke\"},\"image\":{\"@id\":\"https:\/\/www.loewen-apotheke24.com\/de\/#\/schema\/logo\/image\/\"}}]}<\/script>\n<!-- \/ Yoast SEO Premium plugin. -->","yoast_head_json":{"title":"Symbioflor 2 (50 ml) - beim Experten f\u00fcr Naturmedizin bestellen","description":"Ihr Spezialist f\u00fcr Naturheilkunde. Wir bieten: Top-Service und kurze Lieferzeiten. Weltweiter Versand. Reizdarm. Symbioflor 2 (50 ml)","robots":{"index":"index","follow":"follow","max-snippet":"max-snippet:-1","max-image-preview":"max-image-preview:large","max-video-preview":"max-video-preview:-1"},"canonical":"https:\/\/www.loewen-apotheke24.com\/de\/shop\/angebot\/symbioflor-2-50-ml-00996100\/","og_locale":"de_DE","og_type":"article","og_title":"Symbioflor 2 (50 ml) - beim Experten f\u00fcr Naturmedizin bestellen","og_description":"Ihr Spezialist f\u00fcr Naturheilkunde. Wir bieten: Top-Service und kurze Lieferzeiten. Weltweiter Versand. Reizdarm. Symbioflor 2 (50 ml)","og_url":"https:\/\/www.loewen-apotheke24.com\/de\/shop\/angebot\/symbioflor-2-50-ml-00996100\/","og_site_name":"L\u00f6wen Apotheke24","article_modified_time":"2025-07-28T07:07:52+00:00","og_image":[{"width":600,"height":600,"url":"https:\/\/www.loewen-apotheke24.com\/wp-content\/uploads\/2025\/01\/Klinge-Pharma.-Symbioflor-2-Suspension.-PZN-996100.-EAN-4150009961003.-Loewen-Apotheke24-aus-Baden-Baden.-Deutschland.webp","type":"image\/webp"}],"twitter_card":"summary_large_image","twitter_misc":{"Gesch\u00e4tzte Lesezeit":"2\u00a0Minuten"},"schema":{"@context":"https:\/\/schema.org","@graph":[{"@type":"WebPage","@id":"https:\/\/www.loewen-apotheke24.com\/de\/shop\/angebot\/symbioflor-2-50-ml-00996100\/","url":"https:\/\/www.loewen-apotheke24.com\/de\/shop\/angebot\/symbioflor-2-50-ml-00996100\/","name":"Symbioflor 2 (50 ml) - beim Experten f\u00fcr Naturmedizin bestellen","isPartOf":{"@id":"https:\/\/www.loewen-apotheke24.com\/de\/#website"},"datePublished":"2025-01-08T08:47:51+00:00","dateModified":"2025-07-28T07:07:52+00:00","description":"Ihr Spezialist f\u00fcr Naturheilkunde. Wir bieten: Top-Service und kurze Lieferzeiten. Weltweiter Versand. Reizdarm. Symbioflor 2 (50 ml)","breadcrumb":{"@id":"https:\/\/www.loewen-apotheke24.com\/de\/shop\/angebot\/symbioflor-2-50-ml-00996100\/#breadcrumb"},"inLanguage":"de","potentialAction":[{"@type":"ReadAction","target":["https:\/\/www.loewen-apotheke24.com\/de\/shop\/angebot\/symbioflor-2-50-ml-00996100\/"]}]},{"@type":"BreadcrumbList","@id":"https:\/\/www.loewen-apotheke24.com\/de\/shop\/angebot\/symbioflor-2-50-ml-00996100\/#breadcrumb","itemListElement":[{"@type":"ListItem","position":1,"name":"Shop","item":"https:\/\/www.loewen-apotheke24.com\/de\/shop\/"},{"@type":"ListItem","position":2,"name":"Symbioflor 2 (50 ml)"}]},{"@type":"WebSite","@id":"https:\/\/www.loewen-apotheke24.com\/de\/#website","url":"https:\/\/www.loewen-apotheke24.com\/de\/","name":"L\u00f6wen Apotheke24","description":"Spezialist f\u00fcr Naturmedizin - Versandapotheke Baden-Baden","publisher":{"@id":"https:\/\/www.loewen-apotheke24.com\/de\/#organization"},"potentialAction":[{"@type":"SearchAction","target":{"@type":"EntryPoint","urlTemplate":"https:\/\/www.loewen-apotheke24.com\/de\/?s={search_term_string}"},"query-input":"required name=search_term_string"}],"inLanguage":"de"},{"@type":"Organization","@id":"https:\/\/www.loewen-apotheke24.com\/de\/#organization","name":"L\u00f6wen Apotheke","alternateName":"L\u00f6wen Apotheke","url":"https:\/\/www.loewen-apotheke24.com\/de\/","logo":{"@type":"ImageObject","inLanguage":"de","@id":"https:\/\/www.loewen-apotheke24.com\/de\/#\/schema\/logo\/image\/","url":"https:\/\/www.loewen-apotheke24.com\/wp-content\/uploads\/2024\/02\/Logo-Loewen-Apotheke-700x700-1.png","contentUrl":"https:\/\/www.loewen-apotheke24.com\/wp-content\/uploads\/2024\/02\/Logo-Loewen-Apotheke-700x700-1.png","width":700,"height":700,"caption":"L\u00f6wen Apotheke"},"image":{"@id":"https:\/\/www.loewen-apotheke24.com\/de\/#\/schema\/logo\/image\/"}}]}},"_links":{"self":[{"href":"https:\/\/www.loewen-apotheke24.com\/de\/wp-json\/wp\/v2\/product\/118202"}],"collection":[{"href":"https:\/\/www.loewen-apotheke24.com\/de\/wp-json\/wp\/v2\/product"}],"about":[{"href":"https:\/\/www.loewen-apotheke24.com\/de\/wp-json\/wp\/v2\/types\/product"}],"wp:featuredmedia":[{"embeddable":true,"href":"https:\/\/www.loewen-apotheke24.com\/de\/wp-json\/wp\/v2\/media\/118205"}],"wp:attachment":[{"href":"https:\/\/www.loewen-apotheke24.com\/de\/wp-json\/wp\/v2\/media?parent=118202"}],"wp:term":[{"taxonomy":"product_cat","embeddable":true,"href":"https:\/\/www.loewen-apotheke24.com\/de\/wp-json\/wp\/v2\/product_cat?post=118202"},{"taxonomy":"product_tag","embeddable":true,"href":"https:\/\/www.loewen-apotheke24.com\/de\/wp-json\/wp\/v2\/product_tag?post=118202"}],"curies":[{"name":"wp","href":"https:\/\/api.w.org\/{rel}","templated":true}]}}