{"id":118220,"date":"2025-01-08T11:10:41","date_gmt":"2025-01-08T10:10:41","guid":{"rendered":"https:\/\/www.loewen-apotheke24.com\/?post_type=product&#038;p=118220"},"modified":"2025-01-10T15:23:34","modified_gmt":"2025-01-10T14:23:34","slug":"keltican-forte-80-st-14352754","status":"publish","type":"product","link":"https:\/\/www.loewen-apotheke24.com\/de\/shop\/angebot\/keltican-forte-80-st-14352754\/","title":{"rendered":"Keltican forte (80 St.)"},"content":{"rendered":"<h3 style=\"text-align: left;\">Keltican forte (80 St.)<\/h3>\n<p>Keltican forte bei schmerzhaften Erkrankungen der Wirbels\u00e4ule. Reparierender Effekt auf gesch\u00e4digte Nervenbereiche.<\/p>\n<div class=\"content content--productDescription\">\n<p>Keltican\u00ae forte aktiviert und unterst\u00fctzt die k\u00f6rpereigene Regeneration der peripheren Nerven mit essentiellen Nervenbausteinen. Die einzigartigen UMP-B-Pellets mit der Kombination aus Uridinmonophosphat (UMP), Vitamin B12 und Fols\u00e4ure optimieren die N\u00e4hrstoff-Versorgung des K\u00f6rpers f\u00fcr die Nervenregeneration.<\/p>\n<p>Uridinmonophosphat (UMP): UMP ist ein wichtiger Baustein f\u00fcr die Bildung neuer Zellkomponenten und wird bei Reparatur- und Regenerationsprozessen von Nerven in erh\u00f6hter Menge ben\u00f6tigt.<br \/>\nVitamin B12: Das wichtige Vitamin ist an vielen Stoffwechselreaktionen beteiligt. Eine ausreichende Einnahme tr\u00e4gt zur normalen Funktion des Nervensystems und einer effektiven Nervenregeneration bei.<br \/>\nFols\u00e4ure (Vitamin B9): Sie wird auch Folat oder Vitamin B11 genannt und ist ebenso unverzichtbar f\u00fcr den Zellstoffwechsel und die Nervenregeneration.<\/p>\n<p>Die N\u00e4hrstoff-Kapseln sind vegan, glutenfrei, laktosefrei, zuckerfrei, sicher und vertr\u00e4glich.<\/p>\n<\/div>\n<p>Beim <a href=\"https:\/\/www.keltican-forte.de\/de\/\" target=\"_blank\" rel=\"noopener\">Hersteller<\/a> finden Sie weitere Informationen zum Produkt: Keltican forte<br \/>\nAndere Kunden interessierten sich auch f\u00fcr Produkte zum Thema: <a href=\"https:\/\/www.loewen-apotheke24.com\/de\/product_tag\/entzuendung\/\">Vitamine<\/a> | <a href=\"https:\/\/www.loewen-apotheke24.com\/de\/product_tag\/abnehmen\/\">Fitness<\/a> | <a href=\"https:\/\/www.loewen-apotheke24.com\/de\/product_tag\/knochen-gelenke\/\" rel=\"tag\">Knochen &amp; Gelenke<\/a>,\u00a0<a href=\"https:\/\/www.loewen-apotheke24.com\/de\/product_tag\/muskeln\/\" rel=\"tag\">Muskeln<\/a><\/p>\n<p>Nahrungserg\u00e4nzungsmittel sind kein Ersatz f\u00fcr eine ausgewogene und abwechslungsreiche Ern\u00e4hrung und eine gesunde Lebensweise. Die angegebene empfohlene t\u00e4gliche Verzehrmenge darf nicht \u00fcberschritten werden.<\/p>\n<p>Zu Risiken und Nebenwirkungen lesen Sie die Packungsbeilage und fragen Sie Ihren Arzt oder Apotheker.<\/p>\n<h3 style=\"text-align: left;\">Rezept | E-Rezept vorhanden?<\/h3>\n<p>Reichen Sie jetzt Ihr E-Rezept ein. Nutzen Sie unsere <a href=\"https:\/\/e-rezept-app.de\/shop-rezept\" target=\"_blank\" rel=\"noopener\">E-Rezept<\/a> App. Und wir schenken Ihnen die Versandkosten in Deutschland!<\/p>\n","protected":false},"excerpt":{"rendered":"<h2>Keltican forte (80 St.)<\/h2>\n<div class=\"rating__wrap\">\n<p>Bei schmerzhaften Erkrankungen der Wirbels\u00e4ule. Reparierender Effekt auf gesch\u00e4digte Nervenbereiche.<\/p>\n<p><strong>PZN<\/strong>: 14352754 (Pharmazentralnummer)<\/p>\n<p><strong>Darreichungsform<\/strong>: Kapseln<\/p>\n<p><strong>Verordnungsart<\/strong>: Rezeptfrei<\/p>\n<p><strong>Marke<\/strong>: Keltican<\/p>\n<p><strong>Hersteller<\/strong>: Trommsdorff GmbH &amp; Co. KG, Trommsdorffstr. 2-6, 52477 Alsdorf. Deutschland.<\/p>\n<\/div>\n","protected":false},"featured_media":118222,"template":"","meta":[],"product_cat":[13,43],"product_tag":[402,473,214,139,233,990],"yoast_head":"<!-- This site is optimized with the Yoast SEO Premium plugin v21.0 (Yoast SEO v21.0) - https:\/\/yoast.com\/wordpress\/plugins\/seo\/ -->\n<title>Keltican forte (80 St.) - hier beraten lassen &amp; bestellen<\/title>\n<meta name=\"description\" content=\"Ihr Spezialist f\u00fcr Naturheilkunde. Wir bieten: Weltweiter Versand mit DHL, kurze Lieferzeit &amp; gratis Versand m\u00f6glich. Keltican forte (80 St.)\" \/>\n<meta name=\"robots\" content=\"index, follow, max-snippet:-1, max-image-preview:large, max-video-preview:-1\" \/>\n<link rel=\"canonical\" href=\"https:\/\/www.loewen-apotheke24.com\/de\/shop\/angebot\/keltican-forte-80-st-14352754\/\" \/>\n<meta property=\"og:locale\" content=\"de_DE\" \/>\n<meta property=\"og:type\" content=\"article\" \/>\n<meta property=\"og:title\" content=\"Keltican forte (80 St.) - hier beraten lassen &amp; bestellen\" \/>\n<meta property=\"og:description\" content=\"Ihr Spezialist f\u00fcr Naturheilkunde. Wir bieten: Weltweiter Versand mit DHL, kurze Lieferzeit &amp; gratis Versand m\u00f6glich. Keltican forte (80 St.)\" \/>\n<meta property=\"og:url\" content=\"https:\/\/www.loewen-apotheke24.com\/de\/shop\/angebot\/keltican-forte-80-st-14352754\/\" \/>\n<meta property=\"og:site_name\" content=\"L\u00f6wen Apotheke24\" \/>\n<meta property=\"article:modified_time\" content=\"2025-01-10T14:23:34+00:00\" \/>\n<meta property=\"og:image\" content=\"https:\/\/www.loewen-apotheke24.com\/wp-content\/uploads\/2025\/01\/Keltican-Forte-Kapseln-80-Stk-Trommsdorff-PZN-14352754-Loewen-Apotheke-Deutschland.webp\" \/>\n\t<meta property=\"og:image:width\" content=\"600\" \/>\n\t<meta property=\"og:image:height\" content=\"600\" \/>\n\t<meta property=\"og:image:type\" content=\"image\/webp\" \/>\n<meta name=\"twitter:card\" content=\"summary_large_image\" \/>\n<meta name=\"twitter:label1\" content=\"Gesch\u00e4tzte Lesezeit\" \/>\n\t<meta name=\"twitter:data1\" content=\"2\u00a0Minuten\" \/>\n<script type=\"application\/ld+json\" class=\"yoast-schema-graph\">{\"@context\":\"https:\/\/schema.org\",\"@graph\":[{\"@type\":\"WebPage\",\"@id\":\"https:\/\/www.loewen-apotheke24.com\/de\/shop\/angebot\/keltican-forte-80-st-14352754\/\",\"url\":\"https:\/\/www.loewen-apotheke24.com\/de\/shop\/angebot\/keltican-forte-80-st-14352754\/\",\"name\":\"Keltican forte (80 St.) - hier beraten lassen & bestellen\",\"isPartOf\":{\"@id\":\"https:\/\/www.loewen-apotheke24.com\/de\/#website\"},\"datePublished\":\"2025-01-08T10:10:41+00:00\",\"dateModified\":\"2025-01-10T14:23:34+00:00\",\"description\":\"Ihr Spezialist f\u00fcr Naturheilkunde. Wir bieten: Weltweiter Versand mit DHL, kurze Lieferzeit & gratis Versand m\u00f6glich. Keltican forte (80 St.)\",\"breadcrumb\":{\"@id\":\"https:\/\/www.loewen-apotheke24.com\/de\/shop\/angebot\/keltican-forte-80-st-14352754\/#breadcrumb\"},\"inLanguage\":\"de\",\"potentialAction\":[{\"@type\":\"ReadAction\",\"target\":[\"https:\/\/www.loewen-apotheke24.com\/de\/shop\/angebot\/keltican-forte-80-st-14352754\/\"]}]},{\"@type\":\"BreadcrumbList\",\"@id\":\"https:\/\/www.loewen-apotheke24.com\/de\/shop\/angebot\/keltican-forte-80-st-14352754\/#breadcrumb\",\"itemListElement\":[{\"@type\":\"ListItem\",\"position\":1,\"name\":\"Shop\",\"item\":\"https:\/\/www.loewen-apotheke24.com\/de\/shop\/\"},{\"@type\":\"ListItem\",\"position\":2,\"name\":\"Keltican forte (80 St.)\"}]},{\"@type\":\"WebSite\",\"@id\":\"https:\/\/www.loewen-apotheke24.com\/de\/#website\",\"url\":\"https:\/\/www.loewen-apotheke24.com\/de\/\",\"name\":\"L\u00f6wen Apotheke24\",\"description\":\"Spezialist f\u00fcr Naturmedizin - Versandapotheke Baden-Baden\",\"publisher\":{\"@id\":\"https:\/\/www.loewen-apotheke24.com\/de\/#organization\"},\"potentialAction\":[{\"@type\":\"SearchAction\",\"target\":{\"@type\":\"EntryPoint\",\"urlTemplate\":\"https:\/\/www.loewen-apotheke24.com\/de\/?s={search_term_string}\"},\"query-input\":\"required name=search_term_string\"}],\"inLanguage\":\"de\"},{\"@type\":\"Organization\",\"@id\":\"https:\/\/www.loewen-apotheke24.com\/de\/#organization\",\"name\":\"L\u00f6wen Apotheke\",\"alternateName\":\"L\u00f6wen Apotheke\",\"url\":\"https:\/\/www.loewen-apotheke24.com\/de\/\",\"logo\":{\"@type\":\"ImageObject\",\"inLanguage\":\"de\",\"@id\":\"https:\/\/www.loewen-apotheke24.com\/de\/#\/schema\/logo\/image\/\",\"url\":\"https:\/\/www.loewen-apotheke24.com\/wp-content\/uploads\/2024\/02\/Logo-Loewen-Apotheke-700x700-1.png\",\"contentUrl\":\"https:\/\/www.loewen-apotheke24.com\/wp-content\/uploads\/2024\/02\/Logo-Loewen-Apotheke-700x700-1.png\",\"width\":700,\"height\":700,\"caption\":\"L\u00f6wen Apotheke\"},\"image\":{\"@id\":\"https:\/\/www.loewen-apotheke24.com\/de\/#\/schema\/logo\/image\/\"}}]}<\/script>\n<!-- \/ Yoast SEO Premium plugin. -->","yoast_head_json":{"title":"Keltican forte (80 St.) - hier beraten lassen & bestellen","description":"Ihr Spezialist f\u00fcr Naturheilkunde. Wir bieten: Weltweiter Versand mit DHL, kurze Lieferzeit & gratis Versand m\u00f6glich. Keltican forte (80 St.)","robots":{"index":"index","follow":"follow","max-snippet":"max-snippet:-1","max-image-preview":"max-image-preview:large","max-video-preview":"max-video-preview:-1"},"canonical":"https:\/\/www.loewen-apotheke24.com\/de\/shop\/angebot\/keltican-forte-80-st-14352754\/","og_locale":"de_DE","og_type":"article","og_title":"Keltican forte (80 St.) - hier beraten lassen & bestellen","og_description":"Ihr Spezialist f\u00fcr Naturheilkunde. Wir bieten: Weltweiter Versand mit DHL, kurze Lieferzeit & gratis Versand m\u00f6glich. Keltican forte (80 St.)","og_url":"https:\/\/www.loewen-apotheke24.com\/de\/shop\/angebot\/keltican-forte-80-st-14352754\/","og_site_name":"L\u00f6wen Apotheke24","article_modified_time":"2025-01-10T14:23:34+00:00","og_image":[{"width":600,"height":600,"url":"https:\/\/www.loewen-apotheke24.com\/wp-content\/uploads\/2025\/01\/Keltican-Forte-Kapseln-80-Stk-Trommsdorff-PZN-14352754-Loewen-Apotheke-Deutschland.webp","type":"image\/webp"}],"twitter_card":"summary_large_image","twitter_misc":{"Gesch\u00e4tzte Lesezeit":"2\u00a0Minuten"},"schema":{"@context":"https:\/\/schema.org","@graph":[{"@type":"WebPage","@id":"https:\/\/www.loewen-apotheke24.com\/de\/shop\/angebot\/keltican-forte-80-st-14352754\/","url":"https:\/\/www.loewen-apotheke24.com\/de\/shop\/angebot\/keltican-forte-80-st-14352754\/","name":"Keltican forte (80 St.) - hier beraten lassen & bestellen","isPartOf":{"@id":"https:\/\/www.loewen-apotheke24.com\/de\/#website"},"datePublished":"2025-01-08T10:10:41+00:00","dateModified":"2025-01-10T14:23:34+00:00","description":"Ihr Spezialist f\u00fcr Naturheilkunde. Wir bieten: Weltweiter Versand mit DHL, kurze Lieferzeit & gratis Versand m\u00f6glich. Keltican forte (80 St.)","breadcrumb":{"@id":"https:\/\/www.loewen-apotheke24.com\/de\/shop\/angebot\/keltican-forte-80-st-14352754\/#breadcrumb"},"inLanguage":"de","potentialAction":[{"@type":"ReadAction","target":["https:\/\/www.loewen-apotheke24.com\/de\/shop\/angebot\/keltican-forte-80-st-14352754\/"]}]},{"@type":"BreadcrumbList","@id":"https:\/\/www.loewen-apotheke24.com\/de\/shop\/angebot\/keltican-forte-80-st-14352754\/#breadcrumb","itemListElement":[{"@type":"ListItem","position":1,"name":"Shop","item":"https:\/\/www.loewen-apotheke24.com\/de\/shop\/"},{"@type":"ListItem","position":2,"name":"Keltican forte (80 St.)"}]},{"@type":"WebSite","@id":"https:\/\/www.loewen-apotheke24.com\/de\/#website","url":"https:\/\/www.loewen-apotheke24.com\/de\/","name":"L\u00f6wen Apotheke24","description":"Spezialist f\u00fcr Naturmedizin - Versandapotheke Baden-Baden","publisher":{"@id":"https:\/\/www.loewen-apotheke24.com\/de\/#organization"},"potentialAction":[{"@type":"SearchAction","target":{"@type":"EntryPoint","urlTemplate":"https:\/\/www.loewen-apotheke24.com\/de\/?s={search_term_string}"},"query-input":"required name=search_term_string"}],"inLanguage":"de"},{"@type":"Organization","@id":"https:\/\/www.loewen-apotheke24.com\/de\/#organization","name":"L\u00f6wen Apotheke","alternateName":"L\u00f6wen Apotheke","url":"https:\/\/www.loewen-apotheke24.com\/de\/","logo":{"@type":"ImageObject","inLanguage":"de","@id":"https:\/\/www.loewen-apotheke24.com\/de\/#\/schema\/logo\/image\/","url":"https:\/\/www.loewen-apotheke24.com\/wp-content\/uploads\/2024\/02\/Logo-Loewen-Apotheke-700x700-1.png","contentUrl":"https:\/\/www.loewen-apotheke24.com\/wp-content\/uploads\/2024\/02\/Logo-Loewen-Apotheke-700x700-1.png","width":700,"height":700,"caption":"L\u00f6wen Apotheke"},"image":{"@id":"https:\/\/www.loewen-apotheke24.com\/de\/#\/schema\/logo\/image\/"}}]}},"_links":{"self":[{"href":"https:\/\/www.loewen-apotheke24.com\/de\/wp-json\/wp\/v2\/product\/118220"}],"collection":[{"href":"https:\/\/www.loewen-apotheke24.com\/de\/wp-json\/wp\/v2\/product"}],"about":[{"href":"https:\/\/www.loewen-apotheke24.com\/de\/wp-json\/wp\/v2\/types\/product"}],"wp:featuredmedia":[{"embeddable":true,"href":"https:\/\/www.loewen-apotheke24.com\/de\/wp-json\/wp\/v2\/media\/118222"}],"wp:attachment":[{"href":"https:\/\/www.loewen-apotheke24.com\/de\/wp-json\/wp\/v2\/media?parent=118220"}],"wp:term":[{"taxonomy":"product_cat","embeddable":true,"href":"https:\/\/www.loewen-apotheke24.com\/de\/wp-json\/wp\/v2\/product_cat?post=118220"},{"taxonomy":"product_tag","embeddable":true,"href":"https:\/\/www.loewen-apotheke24.com\/de\/wp-json\/wp\/v2\/product_tag?post=118220"}],"curies":[{"name":"wp","href":"https:\/\/api.w.org\/{rel}","templated":true}]}}