{"id":120373,"date":"2025-01-28T18:01:54","date_gmt":"2025-01-28T17:01:54","guid":{"rendered":"https:\/\/www.loewen-apotheke24.com\/?post_type=product&#038;p=120373"},"modified":"2026-03-02T07:03:09","modified_gmt":"2026-03-02T06:03:09","slug":"pascorbin-7-5g-injektionsloesung-7-5g-50ml-messe-doppelpack","status":"publish","type":"product","link":"https:\/\/www.loewen-apotheke24.com\/de\/shop\/pascoe\/pascorbin-7-5g-injektionsloesung-7-5g-50ml-messe-doppelpack\/","title":{"rendered":"PASCORBIN\u00ae Injektionsl\u00f6sung 7.5g\/50ml (Doppelpack) -50%"},"content":{"rendered":"<h3 style=\"text-align: left;\">PASCORBIN\u00a0\u00ae\u00a0Injektionsl\u00f6sung 7.5G\/50ml<\/h3>\n<p>PASCORBIN\u00ae Injektionsl\u00f6sung &#8211; Ascorbins\u00e4ure Injektionsl\u00f6sung &#8211; Zur Anwendung bei Erwachsenen und Kindern.<\/p>\n<p>Diese einzig zugelassene Vitamin-C-Hochdosis-Infusion in Deutschland und anderen europ\u00e4ischen L\u00e4ndern. Pascorbin\u00ae gelangt direkt in die Blutbahn und versorgt umgehend mit Vitamin C. Zur Therapie von klinischen Vitamin-C-Mangelzust\u00e4nden, die ern\u00e4hrungsm\u00e4\u00dfig nicht behoben oder oral substituiert werden k\u00f6nnen.<\/p>\n<p><strong>Pascorbin &#8211; <\/strong>Wirkstoff: Ascorbins\u00e4ure<\/p>\n<p><strong>Ein starker Vitamin-C-Mangel<\/strong> kann vorliegen bei\/nach:<\/p>\n<ul>\n<li>akuten und chronischen Infektionen<\/li>\n<li>unausgewogener Ern\u00e4hrung<\/li>\n<li>chronisch entz\u00fcndlichen Erkrankungen, z. B. Arthritis<\/li>\n<li>chronischer M\u00fcdigkeit<\/li>\n<li>Aufnahmest\u00f6rungen im Darm<\/li>\n<li>Operationen<\/li>\n<li>Rauchern<\/li>\n<li>verminderter k\u00f6rperlicher Leistungsf\u00e4higkeit<\/li>\n<li>erh\u00f6hter Ersch\u00f6pfbarkeit und Reizbarkeit<\/li>\n<li>verminderter Infektresistenz<\/li>\n<\/ul>\n<p><strong>Hersteller<\/strong>: <a href=\"https:\/\/www.loewen-apotheke24.com\/de\/product_tag\/pascorbin\/\">Pascoe pharmazeutische Pr\u00e4parate GmbH<\/a><\/p>\n<p>Weitere Produktinformationen finden Sie beim Hersteller: <a href=\"https:\/\/www.pascoe.de\/produkte\/detail\/pascorbin.html\" target=\"_blank\" rel=\"noopener\">Pascoe<\/a>. Beachten Sie die Informationen im <a href=\"https:\/\/www.loewen-apotheke24.com\/wp-content\/uploads\/2025\/01\/Beipackzettel-00581310.pdf\">Beipackzettel Pascorbin 00581310<\/a>.<\/p>\n<h4>Passende Erg\u00e4nzungen<\/h4>\n<p><a href=\"https:\/\/www.loewen-apotheke24.com\/de\/?post_type=product&amp;p=120667&amp;preview=true\">Kochsalzl\u00f6sung 0,9% 500ml \u2013 PZN 08609255<\/a><br \/>\n<a href=\"https:\/\/www.loewen-apotheke24.com\/de\/shop\/marke\/infusionszubehoer-besteck-set\/\">Transofix Transferset \u2013 PZN 03033218<\/a><br \/>\n<a href=\"https:\/\/www.loewen-apotheke24.com\/de\/shop\/marke\/infusionszubehoer-besteck-set\/\">Intrafix Air P Infusionsbesteck \u2013 PZN 07666297<\/a><br \/>\n<a href=\"https:\/\/www.loewen-apotheke24.com\/de\/shop\/marke\/infusionszubehoer-besteck-set\/\">Venofix Safety G21 Gr\u00fcn \u2013 17935338<\/a><\/p>\n<h4><\/h4>\n<h4>\u00dcber PASCORBIN\u00ae<\/h4>\n<p>Zum Pascoe-Portfolio geh\u00f6ren rund 200 Produkte. Dazu geh\u00f6ren pflanzliche Arzneimittel, Hochdosis-Vitaminpr\u00e4parate, hom\u00f6opathische Komplexmittel und Nahrungserg\u00e4nzungsmittel. Dabei ber\u00fccksichtigt die Vielfalt an Arzneimitteln die komplexen Anforderungen an Gesundheits-Produkte. Der Erfolg gibt auch international Recht: In \u00fcber 30 L\u00e4nder weltweit werden unsere Produkte exportiert, Tendenz steigend.<\/p>\n<p>&nbsp;<\/p>\n<p>Informationen auf dieser Website werden ausschlie\u00dflich f\u00fcr informative Zwecke zur Verf\u00fcgung gestellt. Sie ersetzen keinesfalls die Untersuchung und Behandlung durch einen Arzt. Bitte beachten Sie, dass hierdurch weder Diagnosen gestellt noch Therapien eingeleitet werden k\u00f6nnen.<\/p>\n<p>Zu Risiken und Nebenwirkungen lesen Sie die Packungsbeilage und fragen Sie Ihren Arzt oder Apotheker.<\/p>\n","protected":false},"excerpt":{"rendered":"<h2>PASCORBIN\u00ae 7.5G 50ml (Doppelpack) <span style=\"color: #ff0000;\">Messeangebot<\/span><\/h2>\n<p>Ascorbins\u00e4ure als Injektionsl\u00f6sung &#8211; Vitamin C<\/p>\n<p><strong>PZN<\/strong>: 00581310 (Pharmazentralnummer)<\/p>\n<p><strong>Darreichung:<\/strong> Injektionsl\u00f6sung<\/p>\n<p><strong>Marke<\/strong>: PASCORBIN\u00ae<\/p>\n<p><strong>Hersteller<\/strong>: Pascoe pharmazeutische Pr\u00e4parate GmbH, Deutschland<\/p>\n<p><strong>Packungsgr\u00f6\u00dfe<\/strong>: 2x 50ml<\/p>\n<p><span style=\"color: #ff0000;\">Begrenztes Messeangebot, ein Set pro Besteller.<br \/>\n<\/span><span style=\"color: #ff0000;\">Nur solange der Vorrat reicht.\u00a0\u00a0<\/span><\/p>\n","protected":false},"featured_media":120792,"template":"","meta":[],"product_cat":[965],"product_tag":[170,448,233,447,469],"yoast_head":"<!-- This site is optimized with the Yoast SEO Premium plugin v21.0 (Yoast SEO v21.0) - https:\/\/yoast.com\/wordpress\/plugins\/seo\/ -->\n<title>PASCORBIN\u00ae Injektionsl\u00f6sung 7.5g\/50ml (Doppelpack) -50% - L\u00f6wen Apotheke24<\/title>\n<meta name=\"description\" content=\"Ihr Spezialist f\u00fcr Naturheilkunde. Versand mit DHL, kurze Lieferzeit &amp; versandkostenfrei ab 30\u20ac.\" \/>\n<meta name=\"robots\" content=\"noindex, nofollow\" \/>\n<meta property=\"og:locale\" content=\"de_DE\" \/>\n<meta property=\"og:type\" content=\"article\" \/>\n<meta property=\"og:title\" content=\"PASCORBIN\u00ae Injektionsl\u00f6sung 7.5g\/50ml (Doppelpack) -50% - L\u00f6wen Apotheke24\" \/>\n<meta property=\"og:description\" content=\"Ihr Spezialist f\u00fcr Naturheilkunde. Versand mit DHL, kurze Lieferzeit &amp; versandkostenfrei ab 30\u20ac.\" \/>\n<meta property=\"og:url\" content=\"https:\/\/www.loewen-apotheke24.com\/de\/shop\/pascoe\/pascorbin-7-5g-injektionsloesung-7-5g-50ml-messe-doppelpack\/\" \/>\n<meta property=\"og:site_name\" content=\"L\u00f6wen Apotheke24\" \/>\n<meta property=\"article:modified_time\" content=\"2026-03-02T06:03:09+00:00\" \/>\n<meta property=\"og:image\" content=\"https:\/\/www.loewen-apotheke24.com\/wp-content\/uploads\/2025\/01\/Pascorbin-50ml-Doppelpack-Messeangebot.webp\" \/>\n\t<meta property=\"og:image:width\" content=\"600\" \/>\n\t<meta property=\"og:image:height\" content=\"600\" \/>\n\t<meta property=\"og:image:type\" content=\"image\/webp\" \/>\n<meta name=\"twitter:card\" content=\"summary_large_image\" \/>\n<meta name=\"twitter:label1\" content=\"Gesch\u00e4tzte Lesezeit\" \/>\n\t<meta name=\"twitter:data1\" content=\"2\u00a0Minuten\" \/>\n<script type=\"application\/ld+json\" class=\"yoast-schema-graph\">{\"@context\":\"https:\/\/schema.org\",\"@graph\":[{\"@type\":\"WebPage\",\"@id\":\"https:\/\/www.loewen-apotheke24.com\/de\/shop\/pascoe\/pascorbin-7-5g-injektionsloesung-7-5g-50ml-messe-doppelpack\/\",\"url\":\"https:\/\/www.loewen-apotheke24.com\/de\/shop\/pascoe\/pascorbin-7-5g-injektionsloesung-7-5g-50ml-messe-doppelpack\/\",\"name\":\"PASCORBIN\u00ae Injektionsl\u00f6sung 7.5g\/50ml (Doppelpack) -50% - L\u00f6wen Apotheke24\",\"isPartOf\":{\"@id\":\"https:\/\/www.loewen-apotheke24.com\/de\/#website\"},\"datePublished\":\"2025-01-28T17:01:54+00:00\",\"dateModified\":\"2026-03-02T06:03:09+00:00\",\"description\":\"Ihr Spezialist f\u00fcr Naturheilkunde. Versand mit DHL, kurze Lieferzeit & versandkostenfrei ab 30\u20ac.\",\"breadcrumb\":{\"@id\":\"https:\/\/www.loewen-apotheke24.com\/de\/shop\/pascoe\/pascorbin-7-5g-injektionsloesung-7-5g-50ml-messe-doppelpack\/#breadcrumb\"},\"inLanguage\":\"de\",\"potentialAction\":[{\"@type\":\"ReadAction\",\"target\":[\"https:\/\/www.loewen-apotheke24.com\/de\/shop\/pascoe\/pascorbin-7-5g-injektionsloesung-7-5g-50ml-messe-doppelpack\/\"]}]},{\"@type\":\"BreadcrumbList\",\"@id\":\"https:\/\/www.loewen-apotheke24.com\/de\/shop\/pascoe\/pascorbin-7-5g-injektionsloesung-7-5g-50ml-messe-doppelpack\/#breadcrumb\",\"itemListElement\":[{\"@type\":\"ListItem\",\"position\":1,\"name\":\"Shop\",\"item\":\"https:\/\/www.loewen-apotheke24.com\/de\/shop\/\"},{\"@type\":\"ListItem\",\"position\":2,\"name\":\"PASCORBIN\u00ae Injektionsl\u00f6sung 7.5g\/50ml (Doppelpack) -50%\"}]},{\"@type\":\"WebSite\",\"@id\":\"https:\/\/www.loewen-apotheke24.com\/de\/#website\",\"url\":\"https:\/\/www.loewen-apotheke24.com\/de\/\",\"name\":\"L\u00f6wen Apotheke24\",\"description\":\"Spezialist f\u00fcr Naturmedizin - Versandapotheke Baden-Baden\",\"publisher\":{\"@id\":\"https:\/\/www.loewen-apotheke24.com\/de\/#organization\"},\"potentialAction\":[{\"@type\":\"SearchAction\",\"target\":{\"@type\":\"EntryPoint\",\"urlTemplate\":\"https:\/\/www.loewen-apotheke24.com\/de\/?s={search_term_string}\"},\"query-input\":\"required name=search_term_string\"}],\"inLanguage\":\"de\"},{\"@type\":\"Organization\",\"@id\":\"https:\/\/www.loewen-apotheke24.com\/de\/#organization\",\"name\":\"L\u00f6wen Apotheke\",\"alternateName\":\"L\u00f6wen Apotheke\",\"url\":\"https:\/\/www.loewen-apotheke24.com\/de\/\",\"logo\":{\"@type\":\"ImageObject\",\"inLanguage\":\"de\",\"@id\":\"https:\/\/www.loewen-apotheke24.com\/de\/#\/schema\/logo\/image\/\",\"url\":\"https:\/\/www.loewen-apotheke24.com\/wp-content\/uploads\/2024\/02\/Logo-Loewen-Apotheke-700x700-1.png\",\"contentUrl\":\"https:\/\/www.loewen-apotheke24.com\/wp-content\/uploads\/2024\/02\/Logo-Loewen-Apotheke-700x700-1.png\",\"width\":700,\"height\":700,\"caption\":\"L\u00f6wen Apotheke\"},\"image\":{\"@id\":\"https:\/\/www.loewen-apotheke24.com\/de\/#\/schema\/logo\/image\/\"}}]}<\/script>\n<!-- \/ Yoast SEO Premium plugin. -->","yoast_head_json":{"title":"PASCORBIN\u00ae Injektionsl\u00f6sung 7.5g\/50ml (Doppelpack) -50% - L\u00f6wen Apotheke24","description":"Ihr Spezialist f\u00fcr Naturheilkunde. Versand mit DHL, kurze Lieferzeit & versandkostenfrei ab 30\u20ac.","robots":{"index":"noindex","follow":"nofollow"},"og_locale":"de_DE","og_type":"article","og_title":"PASCORBIN\u00ae Injektionsl\u00f6sung 7.5g\/50ml (Doppelpack) -50% - L\u00f6wen Apotheke24","og_description":"Ihr Spezialist f\u00fcr Naturheilkunde. Versand mit DHL, kurze Lieferzeit & versandkostenfrei ab 30\u20ac.","og_url":"https:\/\/www.loewen-apotheke24.com\/de\/shop\/pascoe\/pascorbin-7-5g-injektionsloesung-7-5g-50ml-messe-doppelpack\/","og_site_name":"L\u00f6wen Apotheke24","article_modified_time":"2026-03-02T06:03:09+00:00","og_image":[{"width":600,"height":600,"url":"https:\/\/www.loewen-apotheke24.com\/wp-content\/uploads\/2025\/01\/Pascorbin-50ml-Doppelpack-Messeangebot.webp","type":"image\/webp"}],"twitter_card":"summary_large_image","twitter_misc":{"Gesch\u00e4tzte Lesezeit":"2\u00a0Minuten"},"schema":{"@context":"https:\/\/schema.org","@graph":[{"@type":"WebPage","@id":"https:\/\/www.loewen-apotheke24.com\/de\/shop\/pascoe\/pascorbin-7-5g-injektionsloesung-7-5g-50ml-messe-doppelpack\/","url":"https:\/\/www.loewen-apotheke24.com\/de\/shop\/pascoe\/pascorbin-7-5g-injektionsloesung-7-5g-50ml-messe-doppelpack\/","name":"PASCORBIN\u00ae Injektionsl\u00f6sung 7.5g\/50ml (Doppelpack) -50% - L\u00f6wen Apotheke24","isPartOf":{"@id":"https:\/\/www.loewen-apotheke24.com\/de\/#website"},"datePublished":"2025-01-28T17:01:54+00:00","dateModified":"2026-03-02T06:03:09+00:00","description":"Ihr Spezialist f\u00fcr Naturheilkunde. Versand mit DHL, kurze Lieferzeit & versandkostenfrei ab 30\u20ac.","breadcrumb":{"@id":"https:\/\/www.loewen-apotheke24.com\/de\/shop\/pascoe\/pascorbin-7-5g-injektionsloesung-7-5g-50ml-messe-doppelpack\/#breadcrumb"},"inLanguage":"de","potentialAction":[{"@type":"ReadAction","target":["https:\/\/www.loewen-apotheke24.com\/de\/shop\/pascoe\/pascorbin-7-5g-injektionsloesung-7-5g-50ml-messe-doppelpack\/"]}]},{"@type":"BreadcrumbList","@id":"https:\/\/www.loewen-apotheke24.com\/de\/shop\/pascoe\/pascorbin-7-5g-injektionsloesung-7-5g-50ml-messe-doppelpack\/#breadcrumb","itemListElement":[{"@type":"ListItem","position":1,"name":"Shop","item":"https:\/\/www.loewen-apotheke24.com\/de\/shop\/"},{"@type":"ListItem","position":2,"name":"PASCORBIN\u00ae Injektionsl\u00f6sung 7.5g\/50ml (Doppelpack) -50%"}]},{"@type":"WebSite","@id":"https:\/\/www.loewen-apotheke24.com\/de\/#website","url":"https:\/\/www.loewen-apotheke24.com\/de\/","name":"L\u00f6wen Apotheke24","description":"Spezialist f\u00fcr Naturmedizin - Versandapotheke Baden-Baden","publisher":{"@id":"https:\/\/www.loewen-apotheke24.com\/de\/#organization"},"potentialAction":[{"@type":"SearchAction","target":{"@type":"EntryPoint","urlTemplate":"https:\/\/www.loewen-apotheke24.com\/de\/?s={search_term_string}"},"query-input":"required name=search_term_string"}],"inLanguage":"de"},{"@type":"Organization","@id":"https:\/\/www.loewen-apotheke24.com\/de\/#organization","name":"L\u00f6wen Apotheke","alternateName":"L\u00f6wen Apotheke","url":"https:\/\/www.loewen-apotheke24.com\/de\/","logo":{"@type":"ImageObject","inLanguage":"de","@id":"https:\/\/www.loewen-apotheke24.com\/de\/#\/schema\/logo\/image\/","url":"https:\/\/www.loewen-apotheke24.com\/wp-content\/uploads\/2024\/02\/Logo-Loewen-Apotheke-700x700-1.png","contentUrl":"https:\/\/www.loewen-apotheke24.com\/wp-content\/uploads\/2024\/02\/Logo-Loewen-Apotheke-700x700-1.png","width":700,"height":700,"caption":"L\u00f6wen Apotheke"},"image":{"@id":"https:\/\/www.loewen-apotheke24.com\/de\/#\/schema\/logo\/image\/"}}]}},"_links":{"self":[{"href":"https:\/\/www.loewen-apotheke24.com\/de\/wp-json\/wp\/v2\/product\/120373"}],"collection":[{"href":"https:\/\/www.loewen-apotheke24.com\/de\/wp-json\/wp\/v2\/product"}],"about":[{"href":"https:\/\/www.loewen-apotheke24.com\/de\/wp-json\/wp\/v2\/types\/product"}],"wp:featuredmedia":[{"embeddable":true,"href":"https:\/\/www.loewen-apotheke24.com\/de\/wp-json\/wp\/v2\/media\/120792"}],"wp:attachment":[{"href":"https:\/\/www.loewen-apotheke24.com\/de\/wp-json\/wp\/v2\/media?parent=120373"}],"wp:term":[{"taxonomy":"product_cat","embeddable":true,"href":"https:\/\/www.loewen-apotheke24.com\/de\/wp-json\/wp\/v2\/product_cat?post=120373"},{"taxonomy":"product_tag","embeddable":true,"href":"https:\/\/www.loewen-apotheke24.com\/de\/wp-json\/wp\/v2\/product_tag?post=120373"}],"curies":[{"name":"wp","href":"https:\/\/api.w.org\/{rel}","templated":true}]}}