{"id":120667,"date":"2025-01-31T16:41:46","date_gmt":"2025-01-31T15:41:46","guid":{"rendered":"https:\/\/www.loewen-apotheke24.com\/?post_type=product&#038;p=120667"},"modified":"2026-01-05T16:39:10","modified_gmt":"2026-01-05T15:39:10","slug":"kochsalzloesung-09-ecoflac-plus-10x-500-ml","status":"publish","type":"product","link":"https:\/\/www.loewen-apotheke24.com\/de\/shop\/angebot\/kochsalzloesung-09-ecoflac-plus-10x-500-ml\/","title":{"rendered":"Kochsalzl\u00f6sung 0,9% Ecoflac Plus (10x 500 ml)"},"content":{"rendered":"<h3 style=\"text-align: left;\">Kochsalzl\u00f6sung 0,9% Ecoflac Plus &#8211; Braun<\/h3>\n<p>Kochsalzl\u00f6sung 0,9% Ecoflac Plus: Vollelektrolytl\u00f6sung zur Infusion und Arzneimittelzubereitung.<\/p>\n<p>Die 1000 ml L\u00f6sung enthalten: Natriumchlorid 9,00 g in Aqua ad iniectabilia | Elektrolyte: Na+ 154 mmol\/l\u00a0 | Cl\u2013 154 mmol\/l<\/p>\n<p><strong>Anwendungsgebiete:<\/strong><\/p>\n<p>&#8211; Bei Fl\u00fcssigkeitsmangel<\/p>\n<p>&#8211; erh\u00f6htem pH-Wert und gleichzeitig erniedrigtem Chloridspiegel<\/p>\n<p>&#8211; bei Natrium- oder Chloridverlusten<\/p>\n<p>&#8211; zur kurzfristigen Auff\u00fcllung des Blutvolumens<\/p>\n<p>&#8211; als Tr\u00e4gerl\u00f6sung f\u00fcr die Zufuhr anderer Elektrolyte oder Medikamente<\/p>\n<p>&#8211; zur Wundbehandlung und zur Befeuchtung von T\u00fcchtern und Verb\u00e4nden<\/p>\n<p>Beim Hersteller <a href=\"https:\/\/www.bbraun.de\/de.html\" target=\"_blank\" rel=\"noopener\">B. Braun Melsungen AG<\/a> finden Sie weitere Informationen zum Produkt: Kochsalzl\u00f6sung 0,9% Ecoflac Plus. Adresse des Anbieters\/Herstellers <a href=\"https:\/\/www.bbraun.de\/de.html\" target=\"_blank\" rel=\"noopener\">B. Braun Melsungen AG<\/a>, Carl-Braun-Stra\u00dfe 1, 34212 Melsungen<\/p>\n<p>Andere Kunden interessierten sich auch f\u00fcr Produkte: <a href=\"https:\/\/www.loewen-apotheke24.com\/de\/shop\/marke\/pascorbin-injektionsflaschen-75g-20x50ml\/\">PASCORBIN Injektionsflaschen 7.5g\/50ml (20 Stk.)<\/a>\u00a0 |\u00a0<a href=\"https:\/\/www.loewen-apotheke24.com\/de\/shop\/angebot\/pascorbin-7-5g-50ml-10-st-injektionsflaschen\/\">PASCORBIN 7.5g 50ml Injektionsflaschen \u2013 10x 50ml Sparpack<\/a><\/p>\n<p>Nahrungserg\u00e4nzungsmittel sind kein Ersatz f\u00fcr eine ausgewogene und abwechslungsreiche Ern\u00e4hrung und eine gesunde Lebensweise. Die angegebene empfohlene t\u00e4gliche Verzehrmenge darf nicht \u00fcberschritten werden.<\/p>\n<p>Informationen auf dieser Website werden ausschlie\u00dflich f\u00fcr informative Zwecke zur Verf\u00fcgung gestellt. Sie ersetzen keinesfalls die Untersuchung und Behandlung durch einen Arzt. Bitte beachten Sie, dass hierdurch weder Diagnosen gestellt noch Therapien eingeleitet werden k\u00f6nnen.<\/p>\n<p>Zu Risiken und Nebenwirkungen lesen Sie die Packungsbeilage und fragen Sie Ihre \u00c4rztin, Ihren Arzt oder in Ihrer Apotheke.<\/p>\n<h3>Rezept | E-Rezept vorhanden?<\/h3>\n<p>Reichen Sie jetzt Ihr E-Rezept ein. Nutzen Sie unsere\u00a0<a href=\"https:\/\/e-rezept-app.de\/shop-rezept\" target=\"_blank\" rel=\"noopener\">E-Rezept<\/a> App. Und wir schenken Ihnen die Versandkosten bei Lieferung in Deutschland!<\/p>\n","protected":false},"excerpt":{"rendered":"<h2>Kochsalzl\u00f6sung 0,9% Ecoflac Plus<\/h2>\n<p>Vollelektrolytl\u00f6sung zur Infusion und Arzneimittelzubereitung.<\/p>\n<p><strong>PZN<\/strong>: 8609255 (Pharmazentralnummer)<\/p>\n<p><strong>Darreichungsform<\/strong>: Infusionsl\u00f6sung<\/p>\n<p><strong>Verordnungsart<\/strong>: Rezeptfrei<\/p>\n<p><strong>Hersteller<\/strong>: B. Braun Melsungen AG<\/p>\n<p><strong>Packungsgr\u00f6\u00dfe<\/strong>: 10x 500ml<\/p>\n","protected":false},"featured_media":120675,"template":"","meta":[],"product_cat":[13],"product_tag":[354,365],"yoast_head":"<!-- This site is optimized with the Yoast SEO Premium plugin v21.0 (Yoast SEO v21.0) - https:\/\/yoast.com\/wordpress\/plugins\/seo\/ -->\n<title>Kochsalzl\u00f6sung 0,9% Ecoflac Plus (10x 500 ml)<\/title>\n<meta name=\"description\" content=\"Ihr Spezialist f\u00fcr Naturheilkunde. Top Service - schneller Versand. Kochsalzl\u00f6sung 0,9% Ecoflac Plus (10x 500 ml) von B. Braun. PZN 08609255\" \/>\n<meta name=\"robots\" content=\"index, follow, max-snippet:-1, max-image-preview:large, max-video-preview:-1\" \/>\n<link rel=\"canonical\" href=\"https:\/\/www.loewen-apotheke24.com\/de\/shop\/angebot\/kochsalzloesung-09-ecoflac-plus-10x-500-ml\/\" \/>\n<meta property=\"og:locale\" content=\"de_DE\" \/>\n<meta property=\"og:type\" content=\"article\" \/>\n<meta property=\"og:title\" content=\"Kochsalzl\u00f6sung 0,9% Ecoflac Plus (10x 500 ml)\" \/>\n<meta property=\"og:description\" content=\"Ihr Spezialist f\u00fcr Naturheilkunde. Top Service - schneller Versand. Kochsalzl\u00f6sung 0,9% Ecoflac Plus (10x 500 ml) von B. Braun. PZN 08609255\" \/>\n<meta property=\"og:url\" content=\"https:\/\/www.loewen-apotheke24.com\/de\/shop\/angebot\/kochsalzloesung-09-ecoflac-plus-10x-500-ml\/\" \/>\n<meta property=\"og:site_name\" content=\"L\u00f6wen Apotheke24\" \/>\n<meta property=\"article:modified_time\" content=\"2026-01-05T15:39:10+00:00\" \/>\n<meta property=\"og:image\" content=\"https:\/\/www.loewen-apotheke24.com\/wp-content\/uploads\/2025\/01\/SOTONE-Kochsalz-Loesung-09-Braun-Ecoflac-Plus-1.webp\" \/>\n\t<meta property=\"og:image:width\" content=\"600\" \/>\n\t<meta property=\"og:image:height\" content=\"600\" \/>\n\t<meta property=\"og:image:type\" content=\"image\/webp\" \/>\n<meta name=\"twitter:card\" content=\"summary_large_image\" \/>\n<meta name=\"twitter:label1\" content=\"Gesch\u00e4tzte Lesezeit\" \/>\n\t<meta name=\"twitter:data1\" content=\"2\u00a0Minuten\" \/>\n<script type=\"application\/ld+json\" class=\"yoast-schema-graph\">{\"@context\":\"https:\/\/schema.org\",\"@graph\":[{\"@type\":\"WebPage\",\"@id\":\"https:\/\/www.loewen-apotheke24.com\/de\/shop\/angebot\/kochsalzloesung-09-ecoflac-plus-10x-500-ml\/\",\"url\":\"https:\/\/www.loewen-apotheke24.com\/de\/shop\/angebot\/kochsalzloesung-09-ecoflac-plus-10x-500-ml\/\",\"name\":\"Kochsalzl\u00f6sung 0,9% Ecoflac Plus (10x 500 ml)\",\"isPartOf\":{\"@id\":\"https:\/\/www.loewen-apotheke24.com\/de\/#website\"},\"datePublished\":\"2025-01-31T15:41:46+00:00\",\"dateModified\":\"2026-01-05T15:39:10+00:00\",\"description\":\"Ihr Spezialist f\u00fcr Naturheilkunde. Top Service - schneller Versand. Kochsalzl\u00f6sung 0,9% Ecoflac Plus (10x 500 ml) von B. Braun. PZN 08609255\",\"breadcrumb\":{\"@id\":\"https:\/\/www.loewen-apotheke24.com\/de\/shop\/angebot\/kochsalzloesung-09-ecoflac-plus-10x-500-ml\/#breadcrumb\"},\"inLanguage\":\"de\",\"potentialAction\":[{\"@type\":\"ReadAction\",\"target\":[\"https:\/\/www.loewen-apotheke24.com\/de\/shop\/angebot\/kochsalzloesung-09-ecoflac-plus-10x-500-ml\/\"]}]},{\"@type\":\"BreadcrumbList\",\"@id\":\"https:\/\/www.loewen-apotheke24.com\/de\/shop\/angebot\/kochsalzloesung-09-ecoflac-plus-10x-500-ml\/#breadcrumb\",\"itemListElement\":[{\"@type\":\"ListItem\",\"position\":1,\"name\":\"Shop\",\"item\":\"https:\/\/www.loewen-apotheke24.com\/de\/shop\/\"},{\"@type\":\"ListItem\",\"position\":2,\"name\":\"Kochsalzl\u00f6sung 0,9% Ecoflac Plus (10x 500 ml)\"}]},{\"@type\":\"WebSite\",\"@id\":\"https:\/\/www.loewen-apotheke24.com\/de\/#website\",\"url\":\"https:\/\/www.loewen-apotheke24.com\/de\/\",\"name\":\"L\u00f6wen Apotheke24\",\"description\":\"Spezialist f\u00fcr Naturmedizin - Versandapotheke Baden-Baden\",\"publisher\":{\"@id\":\"https:\/\/www.loewen-apotheke24.com\/de\/#organization\"},\"potentialAction\":[{\"@type\":\"SearchAction\",\"target\":{\"@type\":\"EntryPoint\",\"urlTemplate\":\"https:\/\/www.loewen-apotheke24.com\/de\/?s={search_term_string}\"},\"query-input\":\"required name=search_term_string\"}],\"inLanguage\":\"de\"},{\"@type\":\"Organization\",\"@id\":\"https:\/\/www.loewen-apotheke24.com\/de\/#organization\",\"name\":\"L\u00f6wen Apotheke\",\"alternateName\":\"L\u00f6wen Apotheke\",\"url\":\"https:\/\/www.loewen-apotheke24.com\/de\/\",\"logo\":{\"@type\":\"ImageObject\",\"inLanguage\":\"de\",\"@id\":\"https:\/\/www.loewen-apotheke24.com\/de\/#\/schema\/logo\/image\/\",\"url\":\"https:\/\/www.loewen-apotheke24.com\/wp-content\/uploads\/2024\/02\/Logo-Loewen-Apotheke-700x700-1.png\",\"contentUrl\":\"https:\/\/www.loewen-apotheke24.com\/wp-content\/uploads\/2024\/02\/Logo-Loewen-Apotheke-700x700-1.png\",\"width\":700,\"height\":700,\"caption\":\"L\u00f6wen Apotheke\"},\"image\":{\"@id\":\"https:\/\/www.loewen-apotheke24.com\/de\/#\/schema\/logo\/image\/\"}}]}<\/script>\n<!-- \/ Yoast SEO Premium plugin. -->","yoast_head_json":{"title":"Kochsalzl\u00f6sung 0,9% Ecoflac Plus (10x 500 ml)","description":"Ihr Spezialist f\u00fcr Naturheilkunde. Top Service - schneller Versand. Kochsalzl\u00f6sung 0,9% Ecoflac Plus (10x 500 ml) von B. Braun. PZN 08609255","robots":{"index":"index","follow":"follow","max-snippet":"max-snippet:-1","max-image-preview":"max-image-preview:large","max-video-preview":"max-video-preview:-1"},"canonical":"https:\/\/www.loewen-apotheke24.com\/de\/shop\/angebot\/kochsalzloesung-09-ecoflac-plus-10x-500-ml\/","og_locale":"de_DE","og_type":"article","og_title":"Kochsalzl\u00f6sung 0,9% Ecoflac Plus (10x 500 ml)","og_description":"Ihr Spezialist f\u00fcr Naturheilkunde. Top Service - schneller Versand. Kochsalzl\u00f6sung 0,9% Ecoflac Plus (10x 500 ml) von B. Braun. PZN 08609255","og_url":"https:\/\/www.loewen-apotheke24.com\/de\/shop\/angebot\/kochsalzloesung-09-ecoflac-plus-10x-500-ml\/","og_site_name":"L\u00f6wen Apotheke24","article_modified_time":"2026-01-05T15:39:10+00:00","og_image":[{"width":600,"height":600,"url":"https:\/\/www.loewen-apotheke24.com\/wp-content\/uploads\/2025\/01\/SOTONE-Kochsalz-Loesung-09-Braun-Ecoflac-Plus-1.webp","type":"image\/webp"}],"twitter_card":"summary_large_image","twitter_misc":{"Gesch\u00e4tzte Lesezeit":"2\u00a0Minuten"},"schema":{"@context":"https:\/\/schema.org","@graph":[{"@type":"WebPage","@id":"https:\/\/www.loewen-apotheke24.com\/de\/shop\/angebot\/kochsalzloesung-09-ecoflac-plus-10x-500-ml\/","url":"https:\/\/www.loewen-apotheke24.com\/de\/shop\/angebot\/kochsalzloesung-09-ecoflac-plus-10x-500-ml\/","name":"Kochsalzl\u00f6sung 0,9% Ecoflac Plus (10x 500 ml)","isPartOf":{"@id":"https:\/\/www.loewen-apotheke24.com\/de\/#website"},"datePublished":"2025-01-31T15:41:46+00:00","dateModified":"2026-01-05T15:39:10+00:00","description":"Ihr Spezialist f\u00fcr Naturheilkunde. Top Service - schneller Versand. Kochsalzl\u00f6sung 0,9% Ecoflac Plus (10x 500 ml) von B. Braun. PZN 08609255","breadcrumb":{"@id":"https:\/\/www.loewen-apotheke24.com\/de\/shop\/angebot\/kochsalzloesung-09-ecoflac-plus-10x-500-ml\/#breadcrumb"},"inLanguage":"de","potentialAction":[{"@type":"ReadAction","target":["https:\/\/www.loewen-apotheke24.com\/de\/shop\/angebot\/kochsalzloesung-09-ecoflac-plus-10x-500-ml\/"]}]},{"@type":"BreadcrumbList","@id":"https:\/\/www.loewen-apotheke24.com\/de\/shop\/angebot\/kochsalzloesung-09-ecoflac-plus-10x-500-ml\/#breadcrumb","itemListElement":[{"@type":"ListItem","position":1,"name":"Shop","item":"https:\/\/www.loewen-apotheke24.com\/de\/shop\/"},{"@type":"ListItem","position":2,"name":"Kochsalzl\u00f6sung 0,9% Ecoflac Plus (10x 500 ml)"}]},{"@type":"WebSite","@id":"https:\/\/www.loewen-apotheke24.com\/de\/#website","url":"https:\/\/www.loewen-apotheke24.com\/de\/","name":"L\u00f6wen Apotheke24","description":"Spezialist f\u00fcr Naturmedizin - Versandapotheke Baden-Baden","publisher":{"@id":"https:\/\/www.loewen-apotheke24.com\/de\/#organization"},"potentialAction":[{"@type":"SearchAction","target":{"@type":"EntryPoint","urlTemplate":"https:\/\/www.loewen-apotheke24.com\/de\/?s={search_term_string}"},"query-input":"required name=search_term_string"}],"inLanguage":"de"},{"@type":"Organization","@id":"https:\/\/www.loewen-apotheke24.com\/de\/#organization","name":"L\u00f6wen Apotheke","alternateName":"L\u00f6wen Apotheke","url":"https:\/\/www.loewen-apotheke24.com\/de\/","logo":{"@type":"ImageObject","inLanguage":"de","@id":"https:\/\/www.loewen-apotheke24.com\/de\/#\/schema\/logo\/image\/","url":"https:\/\/www.loewen-apotheke24.com\/wp-content\/uploads\/2024\/02\/Logo-Loewen-Apotheke-700x700-1.png","contentUrl":"https:\/\/www.loewen-apotheke24.com\/wp-content\/uploads\/2024\/02\/Logo-Loewen-Apotheke-700x700-1.png","width":700,"height":700,"caption":"L\u00f6wen Apotheke"},"image":{"@id":"https:\/\/www.loewen-apotheke24.com\/de\/#\/schema\/logo\/image\/"}}]}},"_links":{"self":[{"href":"https:\/\/www.loewen-apotheke24.com\/de\/wp-json\/wp\/v2\/product\/120667"}],"collection":[{"href":"https:\/\/www.loewen-apotheke24.com\/de\/wp-json\/wp\/v2\/product"}],"about":[{"href":"https:\/\/www.loewen-apotheke24.com\/de\/wp-json\/wp\/v2\/types\/product"}],"wp:featuredmedia":[{"embeddable":true,"href":"https:\/\/www.loewen-apotheke24.com\/de\/wp-json\/wp\/v2\/media\/120675"}],"wp:attachment":[{"href":"https:\/\/www.loewen-apotheke24.com\/de\/wp-json\/wp\/v2\/media?parent=120667"}],"wp:term":[{"taxonomy":"product_cat","embeddable":true,"href":"https:\/\/www.loewen-apotheke24.com\/de\/wp-json\/wp\/v2\/product_cat?post=120667"},{"taxonomy":"product_tag","embeddable":true,"href":"https:\/\/www.loewen-apotheke24.com\/de\/wp-json\/wp\/v2\/product_tag?post=120667"}],"curies":[{"name":"wp","href":"https:\/\/api.w.org\/{rel}","templated":true}]}}