{"id":120682,"date":"2025-01-31T17:56:47","date_gmt":"2025-01-31T16:56:47","guid":{"rendered":"https:\/\/www.loewen-apotheke24.com\/?post_type=product&#038;p=120682"},"modified":"2026-03-04T16:53:05","modified_gmt":"2026-03-04T15:53:05","slug":"pascorbin-infusion-komplettset-injektionsloesung-kochsalzloesung-zubehoer-10-einheiten","status":"publish","type":"product","link":"https:\/\/www.loewen-apotheke24.com\/de\/shop\/angebot\/pascorbin-infusion-komplettset-injektionsloesung-kochsalzloesung-zubehoer-10-einheiten\/","title":{"rendered":"PASCORBIN Komplettset: Injektionsl\u00f6sung, Kochsalzl\u00f6sung, Zubeh\u00f6r (10 Einheiten)"},"content":{"rendered":"<h3 style=\"text-align: left;\">Pascorbin Komplettset (10 Einheiten)<\/h3>\n<p style=\"text-align: left;\">Das Pascorbin Komplettset bestehend aus passenden Einzeleinheiten vom Hersteller Pascoe sowie B.Braun im praktischem Set um die Behandlung direkt ausf\u00fchren.<\/p>\n<ul>\n<li style=\"text-align: left;\">10x Pascorbin 7,5g 50ml &#8211; PZN 581310<\/li>\n<li style=\"text-align: left;\">10x Kochsalzl\u00f6sung 0,9% 500ml &#8211; aus PZN 08609255<\/li>\n<li style=\"text-align: left;\">10x Transofix Transferset &#8211; PZN 03033218<\/li>\n<li style=\"text-align: left;\">10x Intrafix Air P Infusionsbesteck &#8211; PZN 07666297<\/li>\n<li style=\"text-align: left;\">10x Venofix Safety G21 Gr\u00fcn &#8211; 17935338<\/li>\n<\/ul>\n<p style=\"text-align: left;\">Unser Pascorbin Komplettset beinhaltet passendes Zubeh\u00f6r f\u00fcr 10 Pascorbin Infusionen (Einheiten) so sparen Sie gegen\u00fcber den Einzelpreisen bis zu 30%.<\/p>\n<p>Enthalten ist unter anderem: PASCORBIN\u00ae Injektionsl\u00f6sung &#8211; Ascorbins\u00e4ure Injektionsl\u00f6sung. Zur Anwendung bei Erwachsenen und Kindern.<\/p>\n<p>Diese einzig zugelassene Vitamin-C-Hochdosis-Infusion in Deutschland und anderen europ\u00e4ischen L\u00e4ndern. Pascorbin\u00ae gelangt direkt in die Blutbahn und versorgt umgehend mit Vitamin C. Zur Therapie von klinischen Vitamin-C-Mangelzust\u00e4nden, die ern\u00e4hrungsm\u00e4\u00dfig nicht behoben oder oral substituiert werden k\u00f6nnen.<\/p>\n<h3 style=\"text-align: left;\"><strong>Produkt Pascorbin enth\u00e4lt:<\/strong><\/h3>\n<p style=\"text-align: left;\">Wirkstoff: Ascorbins\u00e4ure<\/p>\n<p><strong>Ein starker Vitamin-C-Mangel<\/strong> kann vorliegen bei\/nach:<\/p>\n<ul>\n<li>akuten und chronischen Infektionen<\/li>\n<li>unausgewogener Ern\u00e4hrung<\/li>\n<li>chronisch entz\u00fcndlichen Erkrankungen, z. B. Arthritis<\/li>\n<li>chronischer M\u00fcdigkeit<\/li>\n<li>Aufnahmest\u00f6rungen im Darm<\/li>\n<li>Operationen<\/li>\n<li>Rauchern<\/li>\n<li>verminderter k\u00f6rperlicher Leistungsf\u00e4higkeit<\/li>\n<li>erh\u00f6hter Ersch\u00f6pfbarkeit und Reizbarkeit<\/li>\n<li>verminderter Infektresistenz<\/li>\n<\/ul>\n<p>Hersteller: <a href=\"https:\/\/www.loewen-apotheke24.com\/de\/product_tag\/pascorbin\/\">Pascoe pharmazeutische Pr\u00e4parate GmbH<\/a><\/p>\n<p>Weitere Produktinformationen zu Teile des Pascorbin Komplettsets finden Sie beim Hersteller: <a href=\"https:\/\/www.pascoe.de\/produkte\/detail\/pascorbin.html\" target=\"_blank\" rel=\"noopener\">Pascoe<\/a>. Beachten Sie die Informationen im <a href=\"https:\/\/www.loewen-apotheke24.com\/wp-content\/uploads\/2025\/01\/Beipackzettel-00581310.pdf\">Beipackzettel Pascorbin 00581310<\/a>.<\/p>\n<p>Hinweis zur Anwendung und Einnahme: Die auf dieser Website bereitgestellten Informationen dienen ausschlie\u00dflich der allgemeinen Information. Sie ersetzen nicht die fachliche Beratung, Diagnose oder Behandlung durch einen Arzt.<\/p>\n<p>Zu Risiken und Nebenwirkungen lesen Sie die Packungsbeilage und fragen Sie Ihre \u00c4rztin, Ihren Arzt oder in Ihrer Apotheke.<\/p>\n<h3 style=\"text-align: left;\">\u00dcber PASCORBIN\u00ae<\/h3>\n<p>Zum Pascoe-Portfolio geh\u00f6ren rund 200 Produkte. Dazu geh\u00f6ren pflanzliche Arzneimittel, Hochdosis-Vitaminpr\u00e4parate, hom\u00f6opathische Komplexmittel und Nahrungserg\u00e4nzungsmittel. Dabei ber\u00fccksichtigt die Vielfalt an Arzneimitteln die komplexen Anforderungen an Gesundheits-Produkte. Der Erfolg gibt auch international Recht: In \u00fcber 30 L\u00e4nder weltweit werden unsere Produkte exportiert, Tendenz steigend.<\/p>\n<p>Informationen auf dieser Website werden ausschlie\u00dflich f\u00fcr informative Zwecke zur Verf\u00fcgung gestellt und ersetzen keinesfalls die Untersuchung und Behandlung durch einen Arzt. Bitte beachten Sie, dass hierdurch weder Diagnosen gestellt noch Therapien eingeleitet werden k\u00f6nnen.<\/p>\n<p>&nbsp;<\/p>\n<h3 style=\"text-align: left;\">Rezept oder E-Rezept einl\u00f6sen:<\/h3>\n<p>Sie haben ein Rezept oder E-Rezept? Reichen Sie es bequem \u00fcber unsere\u00a0<a class=\"ProsemirrorEditor-link\" href=\"https:\/\/e-rezept-app.de\/shop-rezept\">E-Rezept<\/a>\u00a0App ein \u2013 auch Privatrezepte f\u00fcr Selbstzahler sind m\u00f6glich. Schnell, sicher und einfach.<\/p>\n<h3 class=\"TypographyPresentation TypographyPresentation--medium RichText3-paragraph--withVSpacingNormal RichText3-paragraph HighlightSol HighlightSol--buildingBlock\" style=\"text-align: left;\">Fragen zum Produkt Pascorbin Komplettset? Wir sind f\u00fcr Sie da!<\/h3>\n<p class=\"TypographyPresentation TypographyPresentation--medium RichText3-paragraph--withVSpacingNormal RichText3-paragraph HighlightSol HighlightSol--buildingBlock\">Unsere verantwortliche Apothekerin\u00a0<strong>Dr. Sandra Hoff<\/strong>\u00a0und ihr Team beraten Sie gerne pers\u00f6nlich \u2013 telefonisch oder per E-Mail. Als\u00a0<strong>echte Apotheke vor Ort<\/strong>\u00a0und\u00a0<strong>zugelassene Versandapotheke<\/strong>\u00a0bieten wir Ihnen kompetente Unterst\u00fctzung, besonders in den Bereichen\u00a0<a href=\"https:\/\/www.loewen-apotheke24.com\/de\/product_tag\/naturheilmittel\/\">Naturheilkunde<\/a>\u00a0und\u00a0<a href=\"https:\/\/www.loewen-apotheke24.com\/de\/product_tag\/vitamine-mineralien-nahrungsergaenzung\/\">Nahrungserg\u00e4nzungsmittel<\/a>. Unsere Erlaubnis finden Sie als\u00a0<a href=\"https:\/\/versandhandel.dimdi.de\/websearch\/servlet\/Gate;jsessionid=0D29D15655BE1174E9178A340E8FE6BC?accessid=dimdi_var&amp;term=3c387956690121ccc8763184f052b93f\" target=\"_blank\" rel=\"noopener\">Eintrag im Versandhandelsregister.<\/a><\/p>\n","protected":false},"excerpt":{"rendered":"<h2>PASCORBIN\u00ae Infusion Komplettset: (10 Einheiten)<\/h2>\n<p>Injektionsl\u00f6sung, Kochsalzl\u00f6sung, Zubeh\u00f6r.<\/p>\n<p>10x Pascorbin 7,5g 50ml &#8211; PZN 581310<br \/>\n10x Kochsalzl\u00f6sung 0,9% 500ml &#8211; aus PZN 08609255<br \/>\n10x Transofix Transferset &#8211; PZN 03033218<br \/>\n10x Intrafix Air P Infusionsbesteck &#8211; PZN 07666297<br \/>\n10x Venofix Safety G21 Gr\u00fcn &#8211; 17935338<\/p>\n","protected":false},"featured_media":120684,"template":"","meta":[],"product_cat":[13,413],"product_tag":[170,448,233,447,469],"yoast_head":"<!-- This site is optimized with the Yoast SEO Premium plugin v21.0 (Yoast SEO v21.0) - https:\/\/yoast.com\/wordpress\/plugins\/seo\/ -->\n<title>PASCORBIN Komplettset: Injektion, Kochsalz, Zubeh\u00f6r (10x)<\/title>\n<meta name=\"description\" content=\"Ihr Spezialist f\u00fcr Naturheilkunde. Versand mit DHL, kurze Lieferzeit &amp; gratis ab 30\u20ac. PASCORBIN Komplettset: Injektionsl\u00f6sung und Zubeh\u00f6r (10 Einheiten)\" \/>\n<meta name=\"robots\" content=\"index, follow, max-snippet:-1, max-image-preview:large, max-video-preview:-1\" \/>\n<link rel=\"canonical\" href=\"https:\/\/www.loewen-apotheke24.com\/de\/shop\/angebot\/pascorbin-infusion-komplettset-injektionsloesung-kochsalzloesung-zubehoer-10-einheiten\/\" \/>\n<meta property=\"og:locale\" content=\"de_DE\" \/>\n<meta property=\"og:type\" content=\"article\" \/>\n<meta property=\"og:title\" content=\"PASCORBIN Komplettset: Injektion, Kochsalz, Zubeh\u00f6r (10x)\" \/>\n<meta property=\"og:description\" content=\"Ihr Spezialist f\u00fcr Naturheilkunde. Versand mit DHL, kurze Lieferzeit &amp; gratis ab 30\u20ac. PASCORBIN Komplettset: Injektionsl\u00f6sung und Zubeh\u00f6r (10 Einheiten)\" \/>\n<meta property=\"og:url\" content=\"https:\/\/www.loewen-apotheke24.com\/de\/shop\/angebot\/pascorbin-infusion-komplettset-injektionsloesung-kochsalzloesung-zubehoer-10-einheiten\/\" \/>\n<meta property=\"og:site_name\" content=\"L\u00f6wen Apotheke24\" \/>\n<meta property=\"article:modified_time\" content=\"2026-03-04T15:53:05+00:00\" \/>\n<meta property=\"og:image\" content=\"https:\/\/www.loewen-apotheke24.com\/wp-content\/uploads\/2025\/01\/SOTONE-Kochsalz-Loesung-09-Braun-Ecoflac-Plus-3.webp\" \/>\n\t<meta property=\"og:image:width\" content=\"600\" \/>\n\t<meta property=\"og:image:height\" content=\"600\" \/>\n\t<meta property=\"og:image:type\" content=\"image\/webp\" \/>\n<meta name=\"twitter:card\" content=\"summary_large_image\" \/>\n<meta name=\"twitter:label1\" content=\"Gesch\u00e4tzte Lesezeit\" \/>\n\t<meta name=\"twitter:data1\" content=\"3\u00a0Minuten\" \/>\n<script type=\"application\/ld+json\" class=\"yoast-schema-graph\">{\"@context\":\"https:\/\/schema.org\",\"@graph\":[{\"@type\":\"WebPage\",\"@id\":\"https:\/\/www.loewen-apotheke24.com\/de\/shop\/angebot\/pascorbin-infusion-komplettset-injektionsloesung-kochsalzloesung-zubehoer-10-einheiten\/\",\"url\":\"https:\/\/www.loewen-apotheke24.com\/de\/shop\/angebot\/pascorbin-infusion-komplettset-injektionsloesung-kochsalzloesung-zubehoer-10-einheiten\/\",\"name\":\"PASCORBIN Komplettset: Injektion, Kochsalz, Zubeh\u00f6r (10x)\",\"isPartOf\":{\"@id\":\"https:\/\/www.loewen-apotheke24.com\/de\/#website\"},\"datePublished\":\"2025-01-31T16:56:47+00:00\",\"dateModified\":\"2026-03-04T15:53:05+00:00\",\"description\":\"Ihr Spezialist f\u00fcr Naturheilkunde. Versand mit DHL, kurze Lieferzeit & gratis ab 30\u20ac. PASCORBIN Komplettset: Injektionsl\u00f6sung und Zubeh\u00f6r (10 Einheiten)\",\"breadcrumb\":{\"@id\":\"https:\/\/www.loewen-apotheke24.com\/de\/shop\/angebot\/pascorbin-infusion-komplettset-injektionsloesung-kochsalzloesung-zubehoer-10-einheiten\/#breadcrumb\"},\"inLanguage\":\"de\",\"potentialAction\":[{\"@type\":\"ReadAction\",\"target\":[\"https:\/\/www.loewen-apotheke24.com\/de\/shop\/angebot\/pascorbin-infusion-komplettset-injektionsloesung-kochsalzloesung-zubehoer-10-einheiten\/\"]}]},{\"@type\":\"BreadcrumbList\",\"@id\":\"https:\/\/www.loewen-apotheke24.com\/de\/shop\/angebot\/pascorbin-infusion-komplettset-injektionsloesung-kochsalzloesung-zubehoer-10-einheiten\/#breadcrumb\",\"itemListElement\":[{\"@type\":\"ListItem\",\"position\":1,\"name\":\"Shop\",\"item\":\"https:\/\/www.loewen-apotheke24.com\/de\/shop\/\"},{\"@type\":\"ListItem\",\"position\":2,\"name\":\"PASCORBIN Komplettset: Injektionsl\u00f6sung, Kochsalzl\u00f6sung, Zubeh\u00f6r (10 Einheiten)\"}]},{\"@type\":\"WebSite\",\"@id\":\"https:\/\/www.loewen-apotheke24.com\/de\/#website\",\"url\":\"https:\/\/www.loewen-apotheke24.com\/de\/\",\"name\":\"L\u00f6wen Apotheke24\",\"description\":\"Spezialist f\u00fcr Naturmedizin - Versandapotheke Baden-Baden\",\"publisher\":{\"@id\":\"https:\/\/www.loewen-apotheke24.com\/de\/#organization\"},\"potentialAction\":[{\"@type\":\"SearchAction\",\"target\":{\"@type\":\"EntryPoint\",\"urlTemplate\":\"https:\/\/www.loewen-apotheke24.com\/de\/?s={search_term_string}\"},\"query-input\":\"required name=search_term_string\"}],\"inLanguage\":\"de\"},{\"@type\":\"Organization\",\"@id\":\"https:\/\/www.loewen-apotheke24.com\/de\/#organization\",\"name\":\"L\u00f6wen Apotheke\",\"alternateName\":\"L\u00f6wen Apotheke\",\"url\":\"https:\/\/www.loewen-apotheke24.com\/de\/\",\"logo\":{\"@type\":\"ImageObject\",\"inLanguage\":\"de\",\"@id\":\"https:\/\/www.loewen-apotheke24.com\/de\/#\/schema\/logo\/image\/\",\"url\":\"https:\/\/www.loewen-apotheke24.com\/wp-content\/uploads\/2024\/02\/Logo-Loewen-Apotheke-700x700-1.png\",\"contentUrl\":\"https:\/\/www.loewen-apotheke24.com\/wp-content\/uploads\/2024\/02\/Logo-Loewen-Apotheke-700x700-1.png\",\"width\":700,\"height\":700,\"caption\":\"L\u00f6wen Apotheke\"},\"image\":{\"@id\":\"https:\/\/www.loewen-apotheke24.com\/de\/#\/schema\/logo\/image\/\"}}]}<\/script>\n<!-- \/ Yoast SEO Premium plugin. -->","yoast_head_json":{"title":"PASCORBIN Komplettset: Injektion, Kochsalz, Zubeh\u00f6r (10x)","description":"Ihr Spezialist f\u00fcr Naturheilkunde. Versand mit DHL, kurze Lieferzeit & gratis ab 30\u20ac. PASCORBIN Komplettset: Injektionsl\u00f6sung und Zubeh\u00f6r (10 Einheiten)","robots":{"index":"index","follow":"follow","max-snippet":"max-snippet:-1","max-image-preview":"max-image-preview:large","max-video-preview":"max-video-preview:-1"},"canonical":"https:\/\/www.loewen-apotheke24.com\/de\/shop\/angebot\/pascorbin-infusion-komplettset-injektionsloesung-kochsalzloesung-zubehoer-10-einheiten\/","og_locale":"de_DE","og_type":"article","og_title":"PASCORBIN Komplettset: Injektion, Kochsalz, Zubeh\u00f6r (10x)","og_description":"Ihr Spezialist f\u00fcr Naturheilkunde. Versand mit DHL, kurze Lieferzeit & gratis ab 30\u20ac. PASCORBIN Komplettset: Injektionsl\u00f6sung und Zubeh\u00f6r (10 Einheiten)","og_url":"https:\/\/www.loewen-apotheke24.com\/de\/shop\/angebot\/pascorbin-infusion-komplettset-injektionsloesung-kochsalzloesung-zubehoer-10-einheiten\/","og_site_name":"L\u00f6wen Apotheke24","article_modified_time":"2026-03-04T15:53:05+00:00","og_image":[{"width":600,"height":600,"url":"https:\/\/www.loewen-apotheke24.com\/wp-content\/uploads\/2025\/01\/SOTONE-Kochsalz-Loesung-09-Braun-Ecoflac-Plus-3.webp","type":"image\/webp"}],"twitter_card":"summary_large_image","twitter_misc":{"Gesch\u00e4tzte Lesezeit":"3\u00a0Minuten"},"schema":{"@context":"https:\/\/schema.org","@graph":[{"@type":"WebPage","@id":"https:\/\/www.loewen-apotheke24.com\/de\/shop\/angebot\/pascorbin-infusion-komplettset-injektionsloesung-kochsalzloesung-zubehoer-10-einheiten\/","url":"https:\/\/www.loewen-apotheke24.com\/de\/shop\/angebot\/pascorbin-infusion-komplettset-injektionsloesung-kochsalzloesung-zubehoer-10-einheiten\/","name":"PASCORBIN Komplettset: Injektion, Kochsalz, Zubeh\u00f6r (10x)","isPartOf":{"@id":"https:\/\/www.loewen-apotheke24.com\/de\/#website"},"datePublished":"2025-01-31T16:56:47+00:00","dateModified":"2026-03-04T15:53:05+00:00","description":"Ihr Spezialist f\u00fcr Naturheilkunde. Versand mit DHL, kurze Lieferzeit & gratis ab 30\u20ac. PASCORBIN Komplettset: Injektionsl\u00f6sung und Zubeh\u00f6r (10 Einheiten)","breadcrumb":{"@id":"https:\/\/www.loewen-apotheke24.com\/de\/shop\/angebot\/pascorbin-infusion-komplettset-injektionsloesung-kochsalzloesung-zubehoer-10-einheiten\/#breadcrumb"},"inLanguage":"de","potentialAction":[{"@type":"ReadAction","target":["https:\/\/www.loewen-apotheke24.com\/de\/shop\/angebot\/pascorbin-infusion-komplettset-injektionsloesung-kochsalzloesung-zubehoer-10-einheiten\/"]}]},{"@type":"BreadcrumbList","@id":"https:\/\/www.loewen-apotheke24.com\/de\/shop\/angebot\/pascorbin-infusion-komplettset-injektionsloesung-kochsalzloesung-zubehoer-10-einheiten\/#breadcrumb","itemListElement":[{"@type":"ListItem","position":1,"name":"Shop","item":"https:\/\/www.loewen-apotheke24.com\/de\/shop\/"},{"@type":"ListItem","position":2,"name":"PASCORBIN Komplettset: Injektionsl\u00f6sung, Kochsalzl\u00f6sung, Zubeh\u00f6r (10 Einheiten)"}]},{"@type":"WebSite","@id":"https:\/\/www.loewen-apotheke24.com\/de\/#website","url":"https:\/\/www.loewen-apotheke24.com\/de\/","name":"L\u00f6wen Apotheke24","description":"Spezialist f\u00fcr Naturmedizin - Versandapotheke Baden-Baden","publisher":{"@id":"https:\/\/www.loewen-apotheke24.com\/de\/#organization"},"potentialAction":[{"@type":"SearchAction","target":{"@type":"EntryPoint","urlTemplate":"https:\/\/www.loewen-apotheke24.com\/de\/?s={search_term_string}"},"query-input":"required name=search_term_string"}],"inLanguage":"de"},{"@type":"Organization","@id":"https:\/\/www.loewen-apotheke24.com\/de\/#organization","name":"L\u00f6wen Apotheke","alternateName":"L\u00f6wen Apotheke","url":"https:\/\/www.loewen-apotheke24.com\/de\/","logo":{"@type":"ImageObject","inLanguage":"de","@id":"https:\/\/www.loewen-apotheke24.com\/de\/#\/schema\/logo\/image\/","url":"https:\/\/www.loewen-apotheke24.com\/wp-content\/uploads\/2024\/02\/Logo-Loewen-Apotheke-700x700-1.png","contentUrl":"https:\/\/www.loewen-apotheke24.com\/wp-content\/uploads\/2024\/02\/Logo-Loewen-Apotheke-700x700-1.png","width":700,"height":700,"caption":"L\u00f6wen Apotheke"},"image":{"@id":"https:\/\/www.loewen-apotheke24.com\/de\/#\/schema\/logo\/image\/"}}]}},"_links":{"self":[{"href":"https:\/\/www.loewen-apotheke24.com\/de\/wp-json\/wp\/v2\/product\/120682"}],"collection":[{"href":"https:\/\/www.loewen-apotheke24.com\/de\/wp-json\/wp\/v2\/product"}],"about":[{"href":"https:\/\/www.loewen-apotheke24.com\/de\/wp-json\/wp\/v2\/types\/product"}],"wp:featuredmedia":[{"embeddable":true,"href":"https:\/\/www.loewen-apotheke24.com\/de\/wp-json\/wp\/v2\/media\/120684"}],"wp:attachment":[{"href":"https:\/\/www.loewen-apotheke24.com\/de\/wp-json\/wp\/v2\/media?parent=120682"}],"wp:term":[{"taxonomy":"product_cat","embeddable":true,"href":"https:\/\/www.loewen-apotheke24.com\/de\/wp-json\/wp\/v2\/product_cat?post=120682"},{"taxonomy":"product_tag","embeddable":true,"href":"https:\/\/www.loewen-apotheke24.com\/de\/wp-json\/wp\/v2\/product_tag?post=120682"}],"curies":[{"name":"wp","href":"https:\/\/api.w.org\/{rel}","templated":true}]}}