{"id":123109,"date":"2025-02-25T06:35:46","date_gmt":"2025-02-25T05:35:46","guid":{"rendered":"https:\/\/www.loewen-apotheke24.com\/?post_type=product&#038;p=123109"},"modified":"2025-02-25T07:01:24","modified_gmt":"2025-02-25T06:01:24","slug":"aspirin-complex-beutel-04114918","status":"publish","type":"product","link":"https:\/\/www.loewen-apotheke24.com\/de\/shop\/angebot\/aspirin-complex-beutel-04114918\/","title":{"rendered":"ASPIRIN COMPLEX Beutel"},"content":{"rendered":"<h3 style=\"text-align: left;\">ASPIRIN COMPLEX Beutel<\/h3>\n<p>ASPIRIN complex hilft bei Erk\u00e4ltung bzw. grippalen Infekten. Bei Schnupfen, erk\u00e4ltungsbedingten Schmerzen, Fieber. Wirkt entz\u00fcndungshemmend und abschwellend.<\/p>\n<p>Granulat zur Herstellung einer Suspension zum Einnehmen. . Die Dosierung f\u00fcr einen Erwachsenen liegt bei 1-3 Einnahmen t\u00e4glich. Zwischen den Anwendungen sollte ein Abstand von 4-8 Stunden liegen, die Einnahme erfolgt unabh\u00e4ngig von den Mahlzeiten. Mit dem Zeitpunkt der ersten Einnahme beginnen die Wirkstoffe von Aspirin Complex zu wirken, von nun an sollte die Dauer der Anwendung nicht mehr als 3 Tage betragen.<\/p>\n<p>Anwendungsgebiete: Erk\u00e4ltung, Migr\u00e4ne, Schmerzen, Schnupfen<\/p>\n<p>Inhaltsstoffe: Acetylsalicyls\u00e4ure (500 mg) &#8211; Pseudoephedrin hydrochlorid (30 mg, entspricht 24.58 mg Pseudoephedrin) &#8211; Citronens\u00e4ure, wasserfrei &#8211; Hypromellose &#8211; Saccharin &#8211; Saccharose (2 g) &#8211; Apfelsinen Aroma, entspricht 3.78 mg Benzyl alkohol<\/p>\n<p>Weitere Informationen zum Produkt ASPIRIN complex beim Hersteller: <a href=\"https:\/\/www.aspirin.de\/\" target=\"_blank\" rel=\"noopener\">Bayer Vital<\/a><\/p>\n<p>Beipackzettel zu <a href=\"https:\/\/www.loewen-apotheke24.com\/wp-content\/uploads\/2025\/02\/Aspirin_Complex_Granulat_Sticks_PIL_19.01_0.pdf\">Aspirin_Complex_Granulat_Stick<\/a> (PZN 04114918) hier herunterladen. (PDF Reader)<\/p>\n<p>Andere Kunden interessierten sich auch f\u00fcr Produkte zum Thema:\u00a0<a href=\"https:\/\/www.loewen-apotheke24.com\/de\/product_tag\/unruhe\/\">Schlafst\u00f6rungen, Unruhe<\/a> | <a href=\"https:\/\/www.loewen-apotheke24.com\/de\/product_tag\/laientest\/\">Erk\u00e4ltungen, Grippe oder Corona<\/a>.<\/p>\n<p>Informationen auf dieser Website werden ausschlie\u00dflich f\u00fcr informative Zwecke zur Verf\u00fcgung gestellt. Sie ersetzen keinesfalls die Untersuchung und Behandlung durch einen Arzt. Bitte beachten Sie, dass hierdurch weder Diagnosen gestellt noch Therapien eingeleitet werden k\u00f6nnen.<\/p>\n<p>Zu Risiken und Nebenwirkungen lesen Sie die Packungsbeilage und fragen Sie Ihren Arzt oder Apotheker.<\/p>\n<h3 style=\"text-align: left;\">Rezept | E-Rezept vorhanden?<\/h3>\n<p>Reichen Sie jetzt Ihr E-Rezept ein. Nutzen Sie unsere\u00a0<a href=\"https:\/\/e-rezept-app.de\/shop-rezept\" target=\"_blank\" rel=\"noopener\">E-Rezept<\/a> App. Und wir schenken Ihnen die Versandkosten bei Lieferung in Deutschland!<\/p>\n","protected":false},"excerpt":{"rendered":"<h2>ASPIRIN COMPLEX Beutel<\/h2>\n<p>Hilft bei Erk\u00e4ltung bzw. grippalen Infekten.<\/p>\n<p><strong>PZN<\/strong>: 04114918 (Pharmazentralnummer)<\/p>\n<p><strong>Darreichungsform<\/strong>: Granulat<\/p>\n<p><strong>Verordnungsart<\/strong>: Rezeptfrei<\/p>\n<p><strong>Marke<\/strong>: ASPIRIN<\/p>\n<p><strong>Hersteller<\/strong>: Bayer Vital, Deutschland<\/p>\n","protected":false},"featured_media":123111,"template":"","meta":[],"product_cat":[13,1015],"product_tag":[28,433,426,354,470,199,365],"yoast_head":"<!-- This site is optimized with the Yoast SEO Premium plugin v21.0 (Yoast SEO v21.0) - https:\/\/yoast.com\/wordpress\/plugins\/seo\/ -->\n<title>ASPIRIN COMPLEX Beutel - hier kaufen<\/title>\n<meta name=\"description\" content=\"Hilft bei Erk\u00e4ltung bzw. grippalen Infekten. ASPIRIN COMPLEX Beutel von Bayer. G\u00fcnsctig bei der L\u00f6wen Apotheke24 kaufen. Schneller Versand - gratis ab 30 \u20ac.\" \/>\n<meta name=\"robots\" content=\"index, follow, max-snippet:-1, max-image-preview:large, max-video-preview:-1\" \/>\n<link rel=\"canonical\" href=\"https:\/\/www.loewen-apotheke24.com\/de\/shop\/angebot\/aspirin-complex-beutel-04114918\/\" \/>\n<meta property=\"og:locale\" content=\"de_DE\" \/>\n<meta property=\"og:type\" content=\"article\" \/>\n<meta property=\"og:title\" content=\"ASPIRIN COMPLEX Beutel - hier kaufen\" \/>\n<meta property=\"og:description\" content=\"Hilft bei Erk\u00e4ltung bzw. grippalen Infekten. ASPIRIN COMPLEX Beutel von Bayer. G\u00fcnsctig bei der L\u00f6wen Apotheke24 kaufen. Schneller Versand - gratis ab 30 \u20ac.\" \/>\n<meta property=\"og:url\" content=\"https:\/\/www.loewen-apotheke24.com\/de\/shop\/angebot\/aspirin-complex-beutel-04114918\/\" \/>\n<meta property=\"og:site_name\" content=\"L\u00f6wen Apotheke24\" \/>\n<meta property=\"article:modified_time\" content=\"2025-02-25T06:01:24+00:00\" \/>\n<meta property=\"og:image\" content=\"https:\/\/www.loewen-apotheke24.com\/wp-content\/uploads\/2025\/02\/Aspirin-Complex-Beutel-von-Bayer.webp\" \/>\n\t<meta property=\"og:image:width\" content=\"600\" \/>\n\t<meta property=\"og:image:height\" content=\"600\" \/>\n\t<meta property=\"og:image:type\" content=\"image\/webp\" \/>\n<meta name=\"twitter:card\" content=\"summary_large_image\" \/>\n<meta name=\"twitter:label1\" content=\"Gesch\u00e4tzte Lesezeit\" \/>\n\t<meta name=\"twitter:data1\" content=\"2\u00a0Minuten\" \/>\n<script type=\"application\/ld+json\" class=\"yoast-schema-graph\">{\"@context\":\"https:\/\/schema.org\",\"@graph\":[{\"@type\":\"WebPage\",\"@id\":\"https:\/\/www.loewen-apotheke24.com\/de\/shop\/angebot\/aspirin-complex-beutel-04114918\/\",\"url\":\"https:\/\/www.loewen-apotheke24.com\/de\/shop\/angebot\/aspirin-complex-beutel-04114918\/\",\"name\":\"ASPIRIN COMPLEX Beutel - hier kaufen\",\"isPartOf\":{\"@id\":\"https:\/\/www.loewen-apotheke24.com\/de\/#website\"},\"datePublished\":\"2025-02-25T05:35:46+00:00\",\"dateModified\":\"2025-02-25T06:01:24+00:00\",\"description\":\"Hilft bei Erk\u00e4ltung bzw. grippalen Infekten. ASPIRIN COMPLEX Beutel von Bayer. G\u00fcnsctig bei der L\u00f6wen Apotheke24 kaufen. Schneller Versand - gratis ab 30 \u20ac.\",\"breadcrumb\":{\"@id\":\"https:\/\/www.loewen-apotheke24.com\/de\/shop\/angebot\/aspirin-complex-beutel-04114918\/#breadcrumb\"},\"inLanguage\":\"de\",\"potentialAction\":[{\"@type\":\"ReadAction\",\"target\":[\"https:\/\/www.loewen-apotheke24.com\/de\/shop\/angebot\/aspirin-complex-beutel-04114918\/\"]}]},{\"@type\":\"BreadcrumbList\",\"@id\":\"https:\/\/www.loewen-apotheke24.com\/de\/shop\/angebot\/aspirin-complex-beutel-04114918\/#breadcrumb\",\"itemListElement\":[{\"@type\":\"ListItem\",\"position\":1,\"name\":\"Shop\",\"item\":\"https:\/\/www.loewen-apotheke24.com\/de\/shop\/\"},{\"@type\":\"ListItem\",\"position\":2,\"name\":\"ASPIRIN COMPLEX Beutel\"}]},{\"@type\":\"WebSite\",\"@id\":\"https:\/\/www.loewen-apotheke24.com\/de\/#website\",\"url\":\"https:\/\/www.loewen-apotheke24.com\/de\/\",\"name\":\"L\u00f6wen Apotheke24\",\"description\":\"Spezialist f\u00fcr Naturmedizin - Versandapotheke Baden-Baden\",\"publisher\":{\"@id\":\"https:\/\/www.loewen-apotheke24.com\/de\/#organization\"},\"potentialAction\":[{\"@type\":\"SearchAction\",\"target\":{\"@type\":\"EntryPoint\",\"urlTemplate\":\"https:\/\/www.loewen-apotheke24.com\/de\/?s={search_term_string}\"},\"query-input\":\"required name=search_term_string\"}],\"inLanguage\":\"de\"},{\"@type\":\"Organization\",\"@id\":\"https:\/\/www.loewen-apotheke24.com\/de\/#organization\",\"name\":\"L\u00f6wen Apotheke\",\"alternateName\":\"L\u00f6wen Apotheke\",\"url\":\"https:\/\/www.loewen-apotheke24.com\/de\/\",\"logo\":{\"@type\":\"ImageObject\",\"inLanguage\":\"de\",\"@id\":\"https:\/\/www.loewen-apotheke24.com\/de\/#\/schema\/logo\/image\/\",\"url\":\"https:\/\/www.loewen-apotheke24.com\/wp-content\/uploads\/2024\/02\/Logo-Loewen-Apotheke-700x700-1.png\",\"contentUrl\":\"https:\/\/www.loewen-apotheke24.com\/wp-content\/uploads\/2024\/02\/Logo-Loewen-Apotheke-700x700-1.png\",\"width\":700,\"height\":700,\"caption\":\"L\u00f6wen Apotheke\"},\"image\":{\"@id\":\"https:\/\/www.loewen-apotheke24.com\/de\/#\/schema\/logo\/image\/\"}}]}<\/script>\n<!-- \/ Yoast SEO Premium plugin. -->","yoast_head_json":{"title":"ASPIRIN COMPLEX Beutel - hier kaufen","description":"Hilft bei Erk\u00e4ltung bzw. grippalen Infekten. ASPIRIN COMPLEX Beutel von Bayer. G\u00fcnsctig bei der L\u00f6wen Apotheke24 kaufen. Schneller Versand - gratis ab 30 \u20ac.","robots":{"index":"index","follow":"follow","max-snippet":"max-snippet:-1","max-image-preview":"max-image-preview:large","max-video-preview":"max-video-preview:-1"},"canonical":"https:\/\/www.loewen-apotheke24.com\/de\/shop\/angebot\/aspirin-complex-beutel-04114918\/","og_locale":"de_DE","og_type":"article","og_title":"ASPIRIN COMPLEX Beutel - hier kaufen","og_description":"Hilft bei Erk\u00e4ltung bzw. grippalen Infekten. ASPIRIN COMPLEX Beutel von Bayer. G\u00fcnsctig bei der L\u00f6wen Apotheke24 kaufen. Schneller Versand - gratis ab 30 \u20ac.","og_url":"https:\/\/www.loewen-apotheke24.com\/de\/shop\/angebot\/aspirin-complex-beutel-04114918\/","og_site_name":"L\u00f6wen Apotheke24","article_modified_time":"2025-02-25T06:01:24+00:00","og_image":[{"width":600,"height":600,"url":"https:\/\/www.loewen-apotheke24.com\/wp-content\/uploads\/2025\/02\/Aspirin-Complex-Beutel-von-Bayer.webp","type":"image\/webp"}],"twitter_card":"summary_large_image","twitter_misc":{"Gesch\u00e4tzte Lesezeit":"2\u00a0Minuten"},"schema":{"@context":"https:\/\/schema.org","@graph":[{"@type":"WebPage","@id":"https:\/\/www.loewen-apotheke24.com\/de\/shop\/angebot\/aspirin-complex-beutel-04114918\/","url":"https:\/\/www.loewen-apotheke24.com\/de\/shop\/angebot\/aspirin-complex-beutel-04114918\/","name":"ASPIRIN COMPLEX Beutel - hier kaufen","isPartOf":{"@id":"https:\/\/www.loewen-apotheke24.com\/de\/#website"},"datePublished":"2025-02-25T05:35:46+00:00","dateModified":"2025-02-25T06:01:24+00:00","description":"Hilft bei Erk\u00e4ltung bzw. grippalen Infekten. ASPIRIN COMPLEX Beutel von Bayer. G\u00fcnsctig bei der L\u00f6wen Apotheke24 kaufen. Schneller Versand - gratis ab 30 \u20ac.","breadcrumb":{"@id":"https:\/\/www.loewen-apotheke24.com\/de\/shop\/angebot\/aspirin-complex-beutel-04114918\/#breadcrumb"},"inLanguage":"de","potentialAction":[{"@type":"ReadAction","target":["https:\/\/www.loewen-apotheke24.com\/de\/shop\/angebot\/aspirin-complex-beutel-04114918\/"]}]},{"@type":"BreadcrumbList","@id":"https:\/\/www.loewen-apotheke24.com\/de\/shop\/angebot\/aspirin-complex-beutel-04114918\/#breadcrumb","itemListElement":[{"@type":"ListItem","position":1,"name":"Shop","item":"https:\/\/www.loewen-apotheke24.com\/de\/shop\/"},{"@type":"ListItem","position":2,"name":"ASPIRIN COMPLEX Beutel"}]},{"@type":"WebSite","@id":"https:\/\/www.loewen-apotheke24.com\/de\/#website","url":"https:\/\/www.loewen-apotheke24.com\/de\/","name":"L\u00f6wen Apotheke24","description":"Spezialist f\u00fcr Naturmedizin - Versandapotheke Baden-Baden","publisher":{"@id":"https:\/\/www.loewen-apotheke24.com\/de\/#organization"},"potentialAction":[{"@type":"SearchAction","target":{"@type":"EntryPoint","urlTemplate":"https:\/\/www.loewen-apotheke24.com\/de\/?s={search_term_string}"},"query-input":"required name=search_term_string"}],"inLanguage":"de"},{"@type":"Organization","@id":"https:\/\/www.loewen-apotheke24.com\/de\/#organization","name":"L\u00f6wen Apotheke","alternateName":"L\u00f6wen Apotheke","url":"https:\/\/www.loewen-apotheke24.com\/de\/","logo":{"@type":"ImageObject","inLanguage":"de","@id":"https:\/\/www.loewen-apotheke24.com\/de\/#\/schema\/logo\/image\/","url":"https:\/\/www.loewen-apotheke24.com\/wp-content\/uploads\/2024\/02\/Logo-Loewen-Apotheke-700x700-1.png","contentUrl":"https:\/\/www.loewen-apotheke24.com\/wp-content\/uploads\/2024\/02\/Logo-Loewen-Apotheke-700x700-1.png","width":700,"height":700,"caption":"L\u00f6wen Apotheke"},"image":{"@id":"https:\/\/www.loewen-apotheke24.com\/de\/#\/schema\/logo\/image\/"}}]}},"_links":{"self":[{"href":"https:\/\/www.loewen-apotheke24.com\/de\/wp-json\/wp\/v2\/product\/123109"}],"collection":[{"href":"https:\/\/www.loewen-apotheke24.com\/de\/wp-json\/wp\/v2\/product"}],"about":[{"href":"https:\/\/www.loewen-apotheke24.com\/de\/wp-json\/wp\/v2\/types\/product"}],"wp:featuredmedia":[{"embeddable":true,"href":"https:\/\/www.loewen-apotheke24.com\/de\/wp-json\/wp\/v2\/media\/123111"}],"wp:attachment":[{"href":"https:\/\/www.loewen-apotheke24.com\/de\/wp-json\/wp\/v2\/media?parent=123109"}],"wp:term":[{"taxonomy":"product_cat","embeddable":true,"href":"https:\/\/www.loewen-apotheke24.com\/de\/wp-json\/wp\/v2\/product_cat?post=123109"},{"taxonomy":"product_tag","embeddable":true,"href":"https:\/\/www.loewen-apotheke24.com\/de\/wp-json\/wp\/v2\/product_tag?post=123109"}],"curies":[{"name":"wp","href":"https:\/\/api.w.org\/{rel}","templated":true}]}}