{"id":123334,"date":"2025-02-26T15:31:26","date_gmt":"2025-02-26T14:31:26","guid":{"rendered":"https:\/\/www.loewen-apotheke24.com\/?post_type=product&#038;p=123334"},"modified":"2025-02-26T16:17:33","modified_gmt":"2025-02-26T15:17:33","slug":"wobecare-cbd-aktiv-creme-16818814","status":"publish","type":"product","link":"https:\/\/www.loewen-apotheke24.com\/de\/shop\/marke\/wobecare-cbd-aktiv-creme-16818814\/","title":{"rendered":"Wobecare CBD Aktiv Creme (100 ml)"},"content":{"rendered":"<h3 style=\"text-align: left;\">Wobecare CBD Aktiv Creme<\/h3>\n<p>Wobecare CBD Aktiv Creme ist eine einzigartige Mischung aus hochdosiertem CBD (500 mg pro Tube) und den ausgew\u00e4hlten Pflanzeninhaltsstoffen Arnika, Beinwell, Menthol, Kampfer, Wintergr\u00fcn, Aloe Vera und Brokkoli\u00f6l. Durch ihre innovative Formulierung sorgt sie f\u00fcr eine sofortige beruhigende Wirkung und ein k\u00fchlendes Gef\u00fchl, das der Haut Wohlbefinden und Linderung bringt.<\/p>\n<p>CBD \u2013 seine positive Kraft hat eine lange Tradition. CBD(Cannabidiol)-haltige Produkte erfreuen sich derzeit gro\u00dfer Beliebtheit. Kein Wunder, wird der bekannte Inhaltsstoff aus der Hanfpflanze doch f\u00fcr seine vielen positiven Eigenschaften und vielf\u00e4ltigen Anwendungsm\u00f6glichkeiten gesch\u00e4tzt. Dabei ist dieser weder rausch- noch suchterzeugend (0,0% THC).<\/p>\n<p>Wobenzym-Experten sehen in dem Produkt Wobecare<sup>\u00ae<\/sup>\u00a0CBD Aktiv Creme die ideale Erg\u00e4nzung zur klassischen Enzym-Therapie.<\/p>\n<p>Weitere Produktdetails finden Sie beim <a href=\"https:\/\/www.wobenzym.de\/\" target=\"_blank\" rel=\"noopener\">Hersteller von Wobecare.<\/a><\/p>\n<p>Andere Kunden interessierten sich auch f\u00fcr Produkte zum Thema: <a href=\"https:\/\/www.loewen-apotheke24.com\/de\/product_tag\/entzuendung\/\">Entz\u00fcndung <\/a>| <a href=\"https:\/\/www.loewen-apotheke24.com\/de\/product_tag\/abnehmen\/\">Fitness<\/a> | <a href=\"https:\/\/www.loewen-apotheke24.com\/de\/product_tag\/reiseapotheke\/\">Reiseapotheke\u00a0<\/a><\/p>\n<p>Zu Risiken und Nebenwirkungen lesen Sie die Packungsbeilage und fragen Sie Ihren Arzt oder Apotheker.<\/p>\n","protected":false},"excerpt":{"rendered":"<h2>Wobecare CBD Aktiv Creme<\/h2>\n<p>Beruhigende Pflege mit CBD f\u00fcr beanspruchte Haut.<\/p>\n<p><strong>PZN<\/strong>: 16818814 \u00a0(Pharmazentralnummer)<\/p>\n<p><strong>Darreichungsform<\/strong>: Creme<\/p>\n<p><strong>Verordnungsart<\/strong>: Rezeptfrei<\/p>\n<p><strong>Marke<\/strong>: WOBENZYM<\/p>\n<p><strong>Hersteller<\/strong>:\u00a0 MUCOS Pharma GmbH &amp; Co. KG, Deutschland<\/p>\n<p><strong>Packungsgr\u00f6\u00dfe<\/strong>: 100 ml<\/p>\n","protected":false},"featured_media":123345,"template":"","meta":[],"product_cat":[43,1011],"product_tag":[402,254,215,473,214,469],"yoast_head":"<!-- This site is optimized with the Yoast SEO Premium plugin v21.0 (Yoast SEO v21.0) - https:\/\/yoast.com\/wordpress\/plugins\/seo\/ -->\n<title>Wobecare CBD Aktiv Creme (100 ml) - hier g\u00fcnstig kaufen<\/title>\n<meta name=\"description\" content=\"Wobecare CBD Aktiv Creme (100 ml) zur Beruhigung der Haut mit wertvollen Pflanzeninhaltstoffen und hochdosiertem CBD - Aktuelles Sonderangebot\" \/>\n<meta name=\"robots\" content=\"index, follow, max-snippet:-1, max-image-preview:large, max-video-preview:-1\" \/>\n<link rel=\"canonical\" href=\"https:\/\/www.loewen-apotheke24.com\/de\/shop\/marke\/wobecare-cbd-aktiv-creme-16818814\/\" \/>\n<meta property=\"og:locale\" content=\"de_DE\" \/>\n<meta property=\"og:type\" content=\"article\" \/>\n<meta property=\"og:title\" content=\"Wobecare CBD Aktiv Creme (100 ml) - hier g\u00fcnstig kaufen\" \/>\n<meta property=\"og:description\" content=\"Wobecare CBD Aktiv Creme (100 ml) zur Beruhigung der Haut mit wertvollen Pflanzeninhaltstoffen und hochdosiertem CBD - Aktuelles Sonderangebot\" \/>\n<meta property=\"og:url\" content=\"https:\/\/www.loewen-apotheke24.com\/de\/shop\/marke\/wobecare-cbd-aktiv-creme-16818814\/\" \/>\n<meta property=\"og:site_name\" content=\"L\u00f6wen Apotheke24\" \/>\n<meta property=\"article:modified_time\" content=\"2025-02-26T15:17:33+00:00\" \/>\n<meta property=\"og:image\" content=\"https:\/\/www.loewen-apotheke24.com\/wp-content\/uploads\/2025\/02\/Wobecare-CBD-Aktive-Creme-100ml-Loewen-Apotheke.webp\" \/>\n\t<meta property=\"og:image:width\" content=\"600\" \/>\n\t<meta property=\"og:image:height\" content=\"600\" \/>\n\t<meta property=\"og:image:type\" content=\"image\/webp\" \/>\n<meta name=\"twitter:card\" content=\"summary_large_image\" \/>\n<meta name=\"twitter:label1\" content=\"Gesch\u00e4tzte Lesezeit\" \/>\n\t<meta name=\"twitter:data1\" content=\"1\u00a0Minute\" \/>\n<script type=\"application\/ld+json\" class=\"yoast-schema-graph\">{\"@context\":\"https:\/\/schema.org\",\"@graph\":[{\"@type\":\"WebPage\",\"@id\":\"https:\/\/www.loewen-apotheke24.com\/de\/shop\/marke\/wobecare-cbd-aktiv-creme-16818814\/\",\"url\":\"https:\/\/www.loewen-apotheke24.com\/de\/shop\/marke\/wobecare-cbd-aktiv-creme-16818814\/\",\"name\":\"Wobecare CBD Aktiv Creme (100 ml) - hier g\u00fcnstig kaufen\",\"isPartOf\":{\"@id\":\"https:\/\/www.loewen-apotheke24.com\/de\/#website\"},\"datePublished\":\"2025-02-26T14:31:26+00:00\",\"dateModified\":\"2025-02-26T15:17:33+00:00\",\"description\":\"Wobecare CBD Aktiv Creme (100 ml) zur Beruhigung der Haut mit wertvollen Pflanzeninhaltstoffen und hochdosiertem CBD - Aktuelles Sonderangebot\",\"breadcrumb\":{\"@id\":\"https:\/\/www.loewen-apotheke24.com\/de\/shop\/marke\/wobecare-cbd-aktiv-creme-16818814\/#breadcrumb\"},\"inLanguage\":\"de\",\"potentialAction\":[{\"@type\":\"ReadAction\",\"target\":[\"https:\/\/www.loewen-apotheke24.com\/de\/shop\/marke\/wobecare-cbd-aktiv-creme-16818814\/\"]}]},{\"@type\":\"BreadcrumbList\",\"@id\":\"https:\/\/www.loewen-apotheke24.com\/de\/shop\/marke\/wobecare-cbd-aktiv-creme-16818814\/#breadcrumb\",\"itemListElement\":[{\"@type\":\"ListItem\",\"position\":1,\"name\":\"Shop\",\"item\":\"https:\/\/www.loewen-apotheke24.com\/de\/shop\/\"},{\"@type\":\"ListItem\",\"position\":2,\"name\":\"Wobecare CBD Aktiv Creme (100 ml)\"}]},{\"@type\":\"WebSite\",\"@id\":\"https:\/\/www.loewen-apotheke24.com\/de\/#website\",\"url\":\"https:\/\/www.loewen-apotheke24.com\/de\/\",\"name\":\"L\u00f6wen Apotheke24\",\"description\":\"Spezialist f\u00fcr Naturmedizin - Versandapotheke Baden-Baden\",\"publisher\":{\"@id\":\"https:\/\/www.loewen-apotheke24.com\/de\/#organization\"},\"potentialAction\":[{\"@type\":\"SearchAction\",\"target\":{\"@type\":\"EntryPoint\",\"urlTemplate\":\"https:\/\/www.loewen-apotheke24.com\/de\/?s={search_term_string}\"},\"query-input\":\"required name=search_term_string\"}],\"inLanguage\":\"de\"},{\"@type\":\"Organization\",\"@id\":\"https:\/\/www.loewen-apotheke24.com\/de\/#organization\",\"name\":\"L\u00f6wen Apotheke\",\"alternateName\":\"L\u00f6wen Apotheke\",\"url\":\"https:\/\/www.loewen-apotheke24.com\/de\/\",\"logo\":{\"@type\":\"ImageObject\",\"inLanguage\":\"de\",\"@id\":\"https:\/\/www.loewen-apotheke24.com\/de\/#\/schema\/logo\/image\/\",\"url\":\"https:\/\/www.loewen-apotheke24.com\/wp-content\/uploads\/2024\/02\/Logo-Loewen-Apotheke-700x700-1.png\",\"contentUrl\":\"https:\/\/www.loewen-apotheke24.com\/wp-content\/uploads\/2024\/02\/Logo-Loewen-Apotheke-700x700-1.png\",\"width\":700,\"height\":700,\"caption\":\"L\u00f6wen Apotheke\"},\"image\":{\"@id\":\"https:\/\/www.loewen-apotheke24.com\/de\/#\/schema\/logo\/image\/\"}}]}<\/script>\n<!-- \/ Yoast SEO Premium plugin. -->","yoast_head_json":{"title":"Wobecare CBD Aktiv Creme (100 ml) - hier g\u00fcnstig kaufen","description":"Wobecare CBD Aktiv Creme (100 ml) zur Beruhigung der Haut mit wertvollen Pflanzeninhaltstoffen und hochdosiertem CBD - Aktuelles Sonderangebot","robots":{"index":"index","follow":"follow","max-snippet":"max-snippet:-1","max-image-preview":"max-image-preview:large","max-video-preview":"max-video-preview:-1"},"canonical":"https:\/\/www.loewen-apotheke24.com\/de\/shop\/marke\/wobecare-cbd-aktiv-creme-16818814\/","og_locale":"de_DE","og_type":"article","og_title":"Wobecare CBD Aktiv Creme (100 ml) - hier g\u00fcnstig kaufen","og_description":"Wobecare CBD Aktiv Creme (100 ml) zur Beruhigung der Haut mit wertvollen Pflanzeninhaltstoffen und hochdosiertem CBD - Aktuelles Sonderangebot","og_url":"https:\/\/www.loewen-apotheke24.com\/de\/shop\/marke\/wobecare-cbd-aktiv-creme-16818814\/","og_site_name":"L\u00f6wen Apotheke24","article_modified_time":"2025-02-26T15:17:33+00:00","og_image":[{"width":600,"height":600,"url":"https:\/\/www.loewen-apotheke24.com\/wp-content\/uploads\/2025\/02\/Wobecare-CBD-Aktive-Creme-100ml-Loewen-Apotheke.webp","type":"image\/webp"}],"twitter_card":"summary_large_image","twitter_misc":{"Gesch\u00e4tzte Lesezeit":"1\u00a0Minute"},"schema":{"@context":"https:\/\/schema.org","@graph":[{"@type":"WebPage","@id":"https:\/\/www.loewen-apotheke24.com\/de\/shop\/marke\/wobecare-cbd-aktiv-creme-16818814\/","url":"https:\/\/www.loewen-apotheke24.com\/de\/shop\/marke\/wobecare-cbd-aktiv-creme-16818814\/","name":"Wobecare CBD Aktiv Creme (100 ml) - hier g\u00fcnstig kaufen","isPartOf":{"@id":"https:\/\/www.loewen-apotheke24.com\/de\/#website"},"datePublished":"2025-02-26T14:31:26+00:00","dateModified":"2025-02-26T15:17:33+00:00","description":"Wobecare CBD Aktiv Creme (100 ml) zur Beruhigung der Haut mit wertvollen Pflanzeninhaltstoffen und hochdosiertem CBD - Aktuelles Sonderangebot","breadcrumb":{"@id":"https:\/\/www.loewen-apotheke24.com\/de\/shop\/marke\/wobecare-cbd-aktiv-creme-16818814\/#breadcrumb"},"inLanguage":"de","potentialAction":[{"@type":"ReadAction","target":["https:\/\/www.loewen-apotheke24.com\/de\/shop\/marke\/wobecare-cbd-aktiv-creme-16818814\/"]}]},{"@type":"BreadcrumbList","@id":"https:\/\/www.loewen-apotheke24.com\/de\/shop\/marke\/wobecare-cbd-aktiv-creme-16818814\/#breadcrumb","itemListElement":[{"@type":"ListItem","position":1,"name":"Shop","item":"https:\/\/www.loewen-apotheke24.com\/de\/shop\/"},{"@type":"ListItem","position":2,"name":"Wobecare CBD Aktiv Creme (100 ml)"}]},{"@type":"WebSite","@id":"https:\/\/www.loewen-apotheke24.com\/de\/#website","url":"https:\/\/www.loewen-apotheke24.com\/de\/","name":"L\u00f6wen Apotheke24","description":"Spezialist f\u00fcr Naturmedizin - Versandapotheke Baden-Baden","publisher":{"@id":"https:\/\/www.loewen-apotheke24.com\/de\/#organization"},"potentialAction":[{"@type":"SearchAction","target":{"@type":"EntryPoint","urlTemplate":"https:\/\/www.loewen-apotheke24.com\/de\/?s={search_term_string}"},"query-input":"required name=search_term_string"}],"inLanguage":"de"},{"@type":"Organization","@id":"https:\/\/www.loewen-apotheke24.com\/de\/#organization","name":"L\u00f6wen Apotheke","alternateName":"L\u00f6wen Apotheke","url":"https:\/\/www.loewen-apotheke24.com\/de\/","logo":{"@type":"ImageObject","inLanguage":"de","@id":"https:\/\/www.loewen-apotheke24.com\/de\/#\/schema\/logo\/image\/","url":"https:\/\/www.loewen-apotheke24.com\/wp-content\/uploads\/2024\/02\/Logo-Loewen-Apotheke-700x700-1.png","contentUrl":"https:\/\/www.loewen-apotheke24.com\/wp-content\/uploads\/2024\/02\/Logo-Loewen-Apotheke-700x700-1.png","width":700,"height":700,"caption":"L\u00f6wen Apotheke"},"image":{"@id":"https:\/\/www.loewen-apotheke24.com\/de\/#\/schema\/logo\/image\/"}}]}},"_links":{"self":[{"href":"https:\/\/www.loewen-apotheke24.com\/de\/wp-json\/wp\/v2\/product\/123334"}],"collection":[{"href":"https:\/\/www.loewen-apotheke24.com\/de\/wp-json\/wp\/v2\/product"}],"about":[{"href":"https:\/\/www.loewen-apotheke24.com\/de\/wp-json\/wp\/v2\/types\/product"}],"wp:featuredmedia":[{"embeddable":true,"href":"https:\/\/www.loewen-apotheke24.com\/de\/wp-json\/wp\/v2\/media\/123345"}],"wp:attachment":[{"href":"https:\/\/www.loewen-apotheke24.com\/de\/wp-json\/wp\/v2\/media?parent=123334"}],"wp:term":[{"taxonomy":"product_cat","embeddable":true,"href":"https:\/\/www.loewen-apotheke24.com\/de\/wp-json\/wp\/v2\/product_cat?post=123334"},{"taxonomy":"product_tag","embeddable":true,"href":"https:\/\/www.loewen-apotheke24.com\/de\/wp-json\/wp\/v2\/product_tag?post=123334"}],"curies":[{"name":"wp","href":"https:\/\/api.w.org\/{rel}","templated":true}]}}