{"id":1258,"date":"2017-08-16T16:00:05","date_gmt":"2017-08-16T15:00:05","guid":{"rendered":"https:\/\/www.loewen-apotheke24.com\/?post_type=product&#038;p=1258"},"modified":"2026-02-26T06:58:33","modified_gmt":"2026-02-26T05:58:33","slug":"arnica-c30-globuli-dhu-10g","status":"publish","type":"product","link":"https:\/\/www.loewen-apotheke24.com\/de\/shop\/dhu\/arnica-c30-globuli-dhu-10g\/","title":{"rendered":"Arnica C30 Globuli DHU 10g"},"content":{"rendered":"<h3 style=\"text-align: left;\">Arnica C30 Globuli DHU 10g<\/h3>\n<p>Arnica C30 Globuli: Die Behandlung mit Globuli l\u00e4sst sich in sehr vielen Bereichen nutzen. Bei k\u00f6rperlichen Erkrankungen oder seelischen Beschwerden, in bestimmten Lebenssituationen oder zur St\u00e4rkung und Kr\u00e4ftigung des Organismus. Der Mensch in seiner Gesamtheit profitiert von der sanften und nebenwirkungsarmen Therapieform.<\/p>\n<p>Die DHU bietet ein umfangreiches Sortiment hom\u00f6opathischer Einzelmittel. In bew\u00e4hrter DHU-Qualit\u00e4t, hergestellt streng nach den Vorgaben des hom\u00f6opathischen Arzneibuchs und in sinnvollen Potenzierungen.<\/p>\n<p>Der Begr\u00fcnder der Hom\u00f6opathie Dr. Samuel Hahnemann (1755\u20131843) brachte dieses Prinzip mit dem Satz\u00a0<em>\u201eSimilia similibus curentur\u201c<\/em>\u00a0(lat. \u201e\u00c4hnliches m\u00f6ge durch \u00c4hnliches geheilt werden\u201c) auf den Punkt. Daher r\u00fchrt der Name Hom\u00f6opathie: aus altgriechisch\u00a0<em>h\u00f3moios<\/em>\u00a0(\u201egleichartig, \u00e4hnlich\u201c) und\u00a0<em>p\u00e1thos<\/em>\u00a0(\u201eLeid, Schmerz\u201c) \u2013 also \u201e\u00e4hnliches Leiden\u201c.<\/p>\n<p>Zum Hersteller:\u00a0<a href=\"https:\/\/www.dhu.de\/sortiment\/sortimente\/homoeopathie-original-dhu.html\" target=\"_blank\" rel=\"noopener\">DHU\u00a0<\/a><\/p>\n<p>weitere Produkte &amp; Packungsgr\u00f6\u00dfen:\u00a0<a href=\"https:\/\/www.loewen-apotheke24.com\/de\/product_cat\/dhu\/\">DHU\u00a0<\/a><\/p>\n<p>Zu Risiken und Nebenwirkungen lesen Sie die Packungsbeilage und fragen Sie Ihren Arzt oder Apotheker.<\/p>\n","protected":false},"excerpt":{"rendered":"<h2 style=\"text-align: left;\">Arnica C30 Globuli DHU 10g<\/h2>\n<p><strong>PZN:<\/strong>\u00a0 02801069 (Pharmazentralnummer)<\/p>\n<p><strong>Darreichungsform<\/strong>: Globuli<\/p>\n<p><strong>Verordnungsart<\/strong>: Rezeptfrei<\/p>\n<p><strong>Hersteller<\/strong>:\u00a0<a href=\"https:\/\/www.loewen-apotheke24.com\/de\/product_cat\/dhu\/\">DHU\u00a0<\/a><\/p>\n","protected":false},"featured_media":46089,"template":"","meta":[],"product_cat":[47],"product_tag":[181,184,179,183,182],"yoast_head":"<!-- This site is optimized with the Yoast SEO Premium plugin v21.0 (Yoast SEO v21.0) - https:\/\/yoast.com\/wordpress\/plugins\/seo\/ -->\n<title>Arnica C30 Globuli DHU 10g<\/title>\n<meta name=\"description\" content=\"L\u00f6wen Apotheke24 aus Baden-Baden, DE - kurze Lieferzeit - gratis Lieferung ab 30 \u20ac - Spezialist f\u00fcr Naturheilkunde - Arnica C30 Globuli DHU 10g\" \/>\n<meta name=\"robots\" content=\"index, follow, max-snippet:-1, max-image-preview:large, max-video-preview:-1\" \/>\n<link rel=\"canonical\" href=\"https:\/\/www.loewen-apotheke24.com\/de\/shop\/dhu\/arnica-c30-globuli-dhu-10g\/\" \/>\n<meta property=\"og:locale\" content=\"de_DE\" \/>\n<meta property=\"og:type\" content=\"article\" \/>\n<meta property=\"og:title\" content=\"Arnica C30 Globuli DHU 10g\" \/>\n<meta property=\"og:description\" content=\"L\u00f6wen Apotheke24 aus Baden-Baden, DE - kurze Lieferzeit - gratis Lieferung ab 30 \u20ac - Spezialist f\u00fcr Naturheilkunde - Arnica C30 Globuli DHU 10g\" \/>\n<meta property=\"og:url\" content=\"https:\/\/www.loewen-apotheke24.com\/de\/shop\/dhu\/arnica-c30-globuli-dhu-10g\/\" \/>\n<meta property=\"og:site_name\" content=\"L\u00f6wen Apotheke24\" \/>\n<meta property=\"article:modified_time\" content=\"2026-02-26T05:58:33+00:00\" \/>\n<meta property=\"og:image\" content=\"https:\/\/www.loewen-apotheke24.com\/wp-content\/uploads\/2017\/08\/Arnica-C30-Globuli-DHU-10g.jpg\" \/>\n\t<meta property=\"og:image:width\" content=\"600\" \/>\n\t<meta property=\"og:image:height\" content=\"600\" \/>\n\t<meta property=\"og:image:type\" content=\"image\/jpeg\" \/>\n<meta name=\"twitter:card\" content=\"summary_large_image\" \/>\n<meta name=\"twitter:label1\" content=\"Gesch\u00e4tzte Lesezeit\" \/>\n\t<meta name=\"twitter:data1\" content=\"1\u00a0Minute\" \/>\n<script type=\"application\/ld+json\" class=\"yoast-schema-graph\">{\"@context\":\"https:\/\/schema.org\",\"@graph\":[{\"@type\":\"WebPage\",\"@id\":\"https:\/\/www.loewen-apotheke24.com\/de\/shop\/dhu\/arnica-c30-globuli-dhu-10g\/\",\"url\":\"https:\/\/www.loewen-apotheke24.com\/de\/shop\/dhu\/arnica-c30-globuli-dhu-10g\/\",\"name\":\"Arnica C30 Globuli DHU 10g\",\"isPartOf\":{\"@id\":\"https:\/\/www.loewen-apotheke24.com\/de\/#website\"},\"datePublished\":\"2017-08-16T15:00:05+00:00\",\"dateModified\":\"2026-02-26T05:58:33+00:00\",\"description\":\"L\u00f6wen Apotheke24 aus Baden-Baden, DE - kurze Lieferzeit - gratis Lieferung ab 30 \u20ac - Spezialist f\u00fcr Naturheilkunde - Arnica C30 Globuli DHU 10g\",\"breadcrumb\":{\"@id\":\"https:\/\/www.loewen-apotheke24.com\/de\/shop\/dhu\/arnica-c30-globuli-dhu-10g\/#breadcrumb\"},\"inLanguage\":\"de\",\"potentialAction\":[{\"@type\":\"ReadAction\",\"target\":[\"https:\/\/www.loewen-apotheke24.com\/de\/shop\/dhu\/arnica-c30-globuli-dhu-10g\/\"]}]},{\"@type\":\"BreadcrumbList\",\"@id\":\"https:\/\/www.loewen-apotheke24.com\/de\/shop\/dhu\/arnica-c30-globuli-dhu-10g\/#breadcrumb\",\"itemListElement\":[{\"@type\":\"ListItem\",\"position\":1,\"name\":\"Shop\",\"item\":\"https:\/\/www.loewen-apotheke24.com\/de\/shop\/\"},{\"@type\":\"ListItem\",\"position\":2,\"name\":\"Arnica C30 Globuli DHU 10g\"}]},{\"@type\":\"WebSite\",\"@id\":\"https:\/\/www.loewen-apotheke24.com\/de\/#website\",\"url\":\"https:\/\/www.loewen-apotheke24.com\/de\/\",\"name\":\"L\u00f6wen Apotheke24\",\"description\":\"Spezialist f\u00fcr Naturmedizin - Versandapotheke Baden-Baden\",\"publisher\":{\"@id\":\"https:\/\/www.loewen-apotheke24.com\/de\/#organization\"},\"potentialAction\":[{\"@type\":\"SearchAction\",\"target\":{\"@type\":\"EntryPoint\",\"urlTemplate\":\"https:\/\/www.loewen-apotheke24.com\/de\/?s={search_term_string}\"},\"query-input\":\"required name=search_term_string\"}],\"inLanguage\":\"de\"},{\"@type\":\"Organization\",\"@id\":\"https:\/\/www.loewen-apotheke24.com\/de\/#organization\",\"name\":\"L\u00f6wen Apotheke\",\"alternateName\":\"L\u00f6wen Apotheke\",\"url\":\"https:\/\/www.loewen-apotheke24.com\/de\/\",\"logo\":{\"@type\":\"ImageObject\",\"inLanguage\":\"de\",\"@id\":\"https:\/\/www.loewen-apotheke24.com\/de\/#\/schema\/logo\/image\/\",\"url\":\"https:\/\/www.loewen-apotheke24.com\/wp-content\/uploads\/2024\/02\/Logo-Loewen-Apotheke-700x700-1.png\",\"contentUrl\":\"https:\/\/www.loewen-apotheke24.com\/wp-content\/uploads\/2024\/02\/Logo-Loewen-Apotheke-700x700-1.png\",\"width\":700,\"height\":700,\"caption\":\"L\u00f6wen Apotheke\"},\"image\":{\"@id\":\"https:\/\/www.loewen-apotheke24.com\/de\/#\/schema\/logo\/image\/\"}}]}<\/script>\n<!-- \/ Yoast SEO Premium plugin. -->","yoast_head_json":{"title":"Arnica C30 Globuli DHU 10g","description":"L\u00f6wen Apotheke24 aus Baden-Baden, DE - kurze Lieferzeit - gratis Lieferung ab 30 \u20ac - Spezialist f\u00fcr Naturheilkunde - Arnica C30 Globuli DHU 10g","robots":{"index":"index","follow":"follow","max-snippet":"max-snippet:-1","max-image-preview":"max-image-preview:large","max-video-preview":"max-video-preview:-1"},"canonical":"https:\/\/www.loewen-apotheke24.com\/de\/shop\/dhu\/arnica-c30-globuli-dhu-10g\/","og_locale":"de_DE","og_type":"article","og_title":"Arnica C30 Globuli DHU 10g","og_description":"L\u00f6wen Apotheke24 aus Baden-Baden, DE - kurze Lieferzeit - gratis Lieferung ab 30 \u20ac - Spezialist f\u00fcr Naturheilkunde - Arnica C30 Globuli DHU 10g","og_url":"https:\/\/www.loewen-apotheke24.com\/de\/shop\/dhu\/arnica-c30-globuli-dhu-10g\/","og_site_name":"L\u00f6wen Apotheke24","article_modified_time":"2026-02-26T05:58:33+00:00","og_image":[{"width":600,"height":600,"url":"https:\/\/www.loewen-apotheke24.com\/wp-content\/uploads\/2017\/08\/Arnica-C30-Globuli-DHU-10g.jpg","type":"image\/jpeg"}],"twitter_card":"summary_large_image","twitter_misc":{"Gesch\u00e4tzte Lesezeit":"1\u00a0Minute"},"schema":{"@context":"https:\/\/schema.org","@graph":[{"@type":"WebPage","@id":"https:\/\/www.loewen-apotheke24.com\/de\/shop\/dhu\/arnica-c30-globuli-dhu-10g\/","url":"https:\/\/www.loewen-apotheke24.com\/de\/shop\/dhu\/arnica-c30-globuli-dhu-10g\/","name":"Arnica C30 Globuli DHU 10g","isPartOf":{"@id":"https:\/\/www.loewen-apotheke24.com\/de\/#website"},"datePublished":"2017-08-16T15:00:05+00:00","dateModified":"2026-02-26T05:58:33+00:00","description":"L\u00f6wen Apotheke24 aus Baden-Baden, DE - kurze Lieferzeit - gratis Lieferung ab 30 \u20ac - Spezialist f\u00fcr Naturheilkunde - Arnica C30 Globuli DHU 10g","breadcrumb":{"@id":"https:\/\/www.loewen-apotheke24.com\/de\/shop\/dhu\/arnica-c30-globuli-dhu-10g\/#breadcrumb"},"inLanguage":"de","potentialAction":[{"@type":"ReadAction","target":["https:\/\/www.loewen-apotheke24.com\/de\/shop\/dhu\/arnica-c30-globuli-dhu-10g\/"]}]},{"@type":"BreadcrumbList","@id":"https:\/\/www.loewen-apotheke24.com\/de\/shop\/dhu\/arnica-c30-globuli-dhu-10g\/#breadcrumb","itemListElement":[{"@type":"ListItem","position":1,"name":"Shop","item":"https:\/\/www.loewen-apotheke24.com\/de\/shop\/"},{"@type":"ListItem","position":2,"name":"Arnica C30 Globuli DHU 10g"}]},{"@type":"WebSite","@id":"https:\/\/www.loewen-apotheke24.com\/de\/#website","url":"https:\/\/www.loewen-apotheke24.com\/de\/","name":"L\u00f6wen Apotheke24","description":"Spezialist f\u00fcr Naturmedizin - Versandapotheke Baden-Baden","publisher":{"@id":"https:\/\/www.loewen-apotheke24.com\/de\/#organization"},"potentialAction":[{"@type":"SearchAction","target":{"@type":"EntryPoint","urlTemplate":"https:\/\/www.loewen-apotheke24.com\/de\/?s={search_term_string}"},"query-input":"required name=search_term_string"}],"inLanguage":"de"},{"@type":"Organization","@id":"https:\/\/www.loewen-apotheke24.com\/de\/#organization","name":"L\u00f6wen Apotheke","alternateName":"L\u00f6wen Apotheke","url":"https:\/\/www.loewen-apotheke24.com\/de\/","logo":{"@type":"ImageObject","inLanguage":"de","@id":"https:\/\/www.loewen-apotheke24.com\/de\/#\/schema\/logo\/image\/","url":"https:\/\/www.loewen-apotheke24.com\/wp-content\/uploads\/2024\/02\/Logo-Loewen-Apotheke-700x700-1.png","contentUrl":"https:\/\/www.loewen-apotheke24.com\/wp-content\/uploads\/2024\/02\/Logo-Loewen-Apotheke-700x700-1.png","width":700,"height":700,"caption":"L\u00f6wen Apotheke"},"image":{"@id":"https:\/\/www.loewen-apotheke24.com\/de\/#\/schema\/logo\/image\/"}}]}},"_links":{"self":[{"href":"https:\/\/www.loewen-apotheke24.com\/de\/wp-json\/wp\/v2\/product\/1258"}],"collection":[{"href":"https:\/\/www.loewen-apotheke24.com\/de\/wp-json\/wp\/v2\/product"}],"about":[{"href":"https:\/\/www.loewen-apotheke24.com\/de\/wp-json\/wp\/v2\/types\/product"}],"wp:featuredmedia":[{"embeddable":true,"href":"https:\/\/www.loewen-apotheke24.com\/de\/wp-json\/wp\/v2\/media\/46089"}],"wp:attachment":[{"href":"https:\/\/www.loewen-apotheke24.com\/de\/wp-json\/wp\/v2\/media?parent=1258"}],"wp:term":[{"taxonomy":"product_cat","embeddable":true,"href":"https:\/\/www.loewen-apotheke24.com\/de\/wp-json\/wp\/v2\/product_cat?post=1258"},{"taxonomy":"product_tag","embeddable":true,"href":"https:\/\/www.loewen-apotheke24.com\/de\/wp-json\/wp\/v2\/product_tag?post=1258"}],"curies":[{"name":"wp","href":"https:\/\/api.w.org\/{rel}","templated":true}]}}