{"id":126979,"date":"2025-04-02T20:53:06","date_gmt":"2025-04-02T19:53:06","guid":{"rendered":"https:\/\/www.loewen-apotheke24.com\/?post_type=product&#038;p=126979"},"modified":"2025-10-06T07:07:16","modified_gmt":"2025-10-06T06:07:16","slug":"omni-biotic-skin-intensivpflege-salbe-19382978","status":"publish","type":"product","link":"https:\/\/www.loewen-apotheke24.com\/de\/shop\/angebot\/omni-biotic-skin-intensivpflege-salbe-19382978\/","title":{"rendered":"OMNi BiOTiC Skin Intensivpflege-Salbe (100 ml)"},"content":{"rendered":"<h3 style=\"text-align: left;\">OMNi BiOTiC Skin Intensivpflege-Salbe<\/h3>\n<p>OMNi BiOTiC Skin Intensivpflege-Salbe ist speziell entwickelt f\u00fcr empfindliche und \u00fcberm\u00e4\u00dfig beanspruchte Haut.\u00a0Bringt das Mikrobiom der Haut mit aktiven probiotischen Bakterien wieder ins Gleichgewicht und lindert sp\u00fcrbar den Juckreiz.<\/p>\n<p>Zur Basispflege und bei leichten Hautreizungen 1x t\u00e4glich auf die betroffenen Hautstellen auftragen. OMNi-BiOTiC SKiN\u00ae Intensiv-Pflegesalbe ist f\u00fcr die dauerhafte Anwendung geeignet und kann in der Akutphase 14 Tage lang 2 bis 3x t\u00e4glich auf die durch Neurodermitis betroffenen Hautstellen auftragen werden.<\/p>\n<p>Beim Hersteller INSTITUT ALLERGOSAN Deutschland GmbH finden Sie weitere Informationen zum Produkt: <a href=\"https:\/\/www.allergosan.com\/de\/unsere-produkte\/omni-biotic\/\" target=\"_blank\" rel=\"noopener\">Omni-Biotic<\/a> Skin Intensivpflege-Salbe. Ggf. gib es eine alternative Produktbezeichnung: OMNiBiOTiC Skin Intensivpflege-Salbe.<\/p>\n<p>Packungsbeilage\/Gebrauchsanweisung\/Artikeldatenblatt: \u2013 (PDF-Reader)<\/p>\n<p>Kunden interessierten sich auch f\u00fcr Produkte zum Thema: <a class=\"ProsemirrorEditor-link\" href=\"https:\/\/www.loewen-apotheke24.com\/de\/product_tag\/entzuendung\/\">Entz\u00fcndung<\/a>\u00a0|\u00a0<a class=\"ProsemirrorEditor-link\" href=\"https:\/\/www.loewen-apotheke24.com\/de\/product_tag\/abnehmen\/\">Fitness &amp; Abnehmen<\/a><\/p>\n<p>Sie suchen andere Produkte &amp; Packungsgr\u00f6\u00dfen der Marke\u00a0<a href=\"https:\/\/www.loewen-apotheke24.com\/de\/product_cat\/omni-biotic\/\">OMNI-BiOtiC<\/a>. Zur\u00a0<a href=\"https:\/\/www.loewen-apotheke24.com\/de\/product_cat\/omni-biotic\/\"><u>Hersteller-\u00dcbersicht<\/u><\/a>.<\/p>\n<p data-pm-slice=\"1 1 []\">Nahrungserg\u00e4nzungsmittel sind kein Ersatz f\u00fcr eine ausgewogene und abwechslungsreiche Ern\u00e4hrung und eine gesunde Lebensweise. Die angegebene empfohlene t\u00e4gliche Verzehrmenge darf nicht \u00fcberschritten werden.<\/p>\n<p>Informationen auf dieser Website werden ausschlie\u00dflich f\u00fcr informative Zwecke zur Verf\u00fcgung gestellt. Sie ersetzen keinesfalls die Untersuchung und Behandlung durch einen Arzt. Bitte beachten Sie, dass hierdurch weder Diagnosen gestellt noch Therapien eingeleitet werden k\u00f6nnen.<\/p>\n<p>Zu Risiken und Nebenwirkungen lesen Sie die Packungsbeilage und fragen Sie Ihre \u00c4rztin, Ihren Arzt oder in Ihrer Apotheke.<\/p>\n<p><strong>Rezept | E-Rezept vorhanden?<\/strong><\/p>\n<p>Reichen Sie jetzt Ihr E-Rezept bei uns ein. Nutzen Sie dazu unsere\u00a0<a class=\"ProsemirrorEditor-link\" href=\"https:\/\/e-rezept-app.de\/shop-rezept\">E-Rezept<\/a>\u00a0App. Und wir schenken Ihnen die Versandkosten innerhalb Deutschlands!<\/p>\n","protected":false},"excerpt":{"rendered":"<h2>OMNi BiOTiC Skin Intensivpflege-Salbe<\/h2>\n<p>Speziell entwickelt f\u00fcr empfindliche und \u00fcberm\u00e4\u00dfig beanspruchte Haut. Kein Juckreiz mehr.<\/p>\n<p><strong>PZN<\/strong>: 19382978 (Pharmazentralnummer)<\/p>\n<p><strong>Darreichungsform<\/strong>: Creme<\/p>\n<p><strong>Verordnungsart<\/strong>: Rezeptfrei<\/p>\n<p><strong>Marke<\/strong>: OMNI-BiOTiC<\/p>\n<p><strong>Hersteller<\/strong>: INSTITUT ALLERGOSAN Deutschland (privat) GmbH<\/p>\n","protected":false},"featured_media":126981,"template":"","meta":[],"product_cat":[13,970],"product_tag":[402,379,154,170,156,469],"yoast_head":"<!-- This site is optimized with the Yoast SEO Premium plugin v21.0 (Yoast SEO v21.0) - https:\/\/yoast.com\/wordpress\/plugins\/seo\/ -->\n<title>OMNi BiOTiC Skin Intensivpflege-Salbe - hier g\u00fcnstig bestellen<\/title>\n<meta name=\"description\" content=\"Ihr Spezialist f\u00fcr Naturheilkunde. Wir bieten: eine kurze Lieferzeit und gratis ab 30 \u20ac. OMNi BiOTiC Skin Intensivpflege-Salbe 100ml\" \/>\n<meta name=\"robots\" content=\"index, follow, max-snippet:-1, max-image-preview:large, max-video-preview:-1\" \/>\n<link rel=\"canonical\" href=\"https:\/\/www.loewen-apotheke24.com\/de\/shop\/angebot\/omni-biotic-skin-intensivpflege-salbe-19382978\/\" \/>\n<meta property=\"og:locale\" content=\"de_DE\" \/>\n<meta property=\"og:type\" content=\"article\" \/>\n<meta property=\"og:title\" content=\"OMNi BiOTiC Skin Intensivpflege-Salbe - hier g\u00fcnstig bestellen\" \/>\n<meta property=\"og:description\" content=\"Ihr Spezialist f\u00fcr Naturheilkunde. Wir bieten: eine kurze Lieferzeit und gratis ab 30 \u20ac. OMNi BiOTiC Skin Intensivpflege-Salbe 100ml\" \/>\n<meta property=\"og:url\" content=\"https:\/\/www.loewen-apotheke24.com\/de\/shop\/angebot\/omni-biotic-skin-intensivpflege-salbe-19382978\/\" \/>\n<meta property=\"og:site_name\" content=\"L\u00f6wen Apotheke24\" \/>\n<meta property=\"article:modified_time\" content=\"2025-10-06T06:07:16+00:00\" \/>\n<meta property=\"og:image\" content=\"https:\/\/www.loewen-apotheke24.com\/wp-content\/uploads\/2025\/04\/Omni-biotic-skin-intensiv-pflegessalbe-von-Allergosan-kaufen-bei-Loewen-Apotheke24.webp\" \/>\n\t<meta property=\"og:image:width\" content=\"600\" \/>\n\t<meta property=\"og:image:height\" content=\"600\" \/>\n\t<meta property=\"og:image:type\" content=\"image\/webp\" \/>\n<meta name=\"twitter:card\" content=\"summary_large_image\" \/>\n<meta name=\"twitter:label1\" content=\"Gesch\u00e4tzte Lesezeit\" \/>\n\t<meta name=\"twitter:data1\" content=\"2\u00a0Minuten\" \/>\n<script type=\"application\/ld+json\" class=\"yoast-schema-graph\">{\"@context\":\"https:\/\/schema.org\",\"@graph\":[{\"@type\":\"WebPage\",\"@id\":\"https:\/\/www.loewen-apotheke24.com\/de\/shop\/angebot\/omni-biotic-skin-intensivpflege-salbe-19382978\/\",\"url\":\"https:\/\/www.loewen-apotheke24.com\/de\/shop\/angebot\/omni-biotic-skin-intensivpflege-salbe-19382978\/\",\"name\":\"OMNi BiOTiC Skin Intensivpflege-Salbe - hier g\u00fcnstig bestellen\",\"isPartOf\":{\"@id\":\"https:\/\/www.loewen-apotheke24.com\/de\/#website\"},\"datePublished\":\"2025-04-02T19:53:06+00:00\",\"dateModified\":\"2025-10-06T06:07:16+00:00\",\"description\":\"Ihr Spezialist f\u00fcr Naturheilkunde. Wir bieten: eine kurze Lieferzeit und gratis ab 30 \u20ac. OMNi BiOTiC Skin Intensivpflege-Salbe 100ml\",\"breadcrumb\":{\"@id\":\"https:\/\/www.loewen-apotheke24.com\/de\/shop\/angebot\/omni-biotic-skin-intensivpflege-salbe-19382978\/#breadcrumb\"},\"inLanguage\":\"de\",\"potentialAction\":[{\"@type\":\"ReadAction\",\"target\":[\"https:\/\/www.loewen-apotheke24.com\/de\/shop\/angebot\/omni-biotic-skin-intensivpflege-salbe-19382978\/\"]}]},{\"@type\":\"BreadcrumbList\",\"@id\":\"https:\/\/www.loewen-apotheke24.com\/de\/shop\/angebot\/omni-biotic-skin-intensivpflege-salbe-19382978\/#breadcrumb\",\"itemListElement\":[{\"@type\":\"ListItem\",\"position\":1,\"name\":\"Shop\",\"item\":\"https:\/\/www.loewen-apotheke24.com\/de\/shop\/\"},{\"@type\":\"ListItem\",\"position\":2,\"name\":\"OMNi BiOTiC Skin Intensivpflege-Salbe (100 ml)\"}]},{\"@type\":\"WebSite\",\"@id\":\"https:\/\/www.loewen-apotheke24.com\/de\/#website\",\"url\":\"https:\/\/www.loewen-apotheke24.com\/de\/\",\"name\":\"L\u00f6wen Apotheke24\",\"description\":\"Spezialist f\u00fcr Naturmedizin - Versandapotheke Baden-Baden\",\"publisher\":{\"@id\":\"https:\/\/www.loewen-apotheke24.com\/de\/#organization\"},\"potentialAction\":[{\"@type\":\"SearchAction\",\"target\":{\"@type\":\"EntryPoint\",\"urlTemplate\":\"https:\/\/www.loewen-apotheke24.com\/de\/?s={search_term_string}\"},\"query-input\":\"required name=search_term_string\"}],\"inLanguage\":\"de\"},{\"@type\":\"Organization\",\"@id\":\"https:\/\/www.loewen-apotheke24.com\/de\/#organization\",\"name\":\"L\u00f6wen Apotheke\",\"alternateName\":\"L\u00f6wen Apotheke\",\"url\":\"https:\/\/www.loewen-apotheke24.com\/de\/\",\"logo\":{\"@type\":\"ImageObject\",\"inLanguage\":\"de\",\"@id\":\"https:\/\/www.loewen-apotheke24.com\/de\/#\/schema\/logo\/image\/\",\"url\":\"https:\/\/www.loewen-apotheke24.com\/wp-content\/uploads\/2024\/02\/Logo-Loewen-Apotheke-700x700-1.png\",\"contentUrl\":\"https:\/\/www.loewen-apotheke24.com\/wp-content\/uploads\/2024\/02\/Logo-Loewen-Apotheke-700x700-1.png\",\"width\":700,\"height\":700,\"caption\":\"L\u00f6wen Apotheke\"},\"image\":{\"@id\":\"https:\/\/www.loewen-apotheke24.com\/de\/#\/schema\/logo\/image\/\"}}]}<\/script>\n<!-- \/ Yoast SEO Premium plugin. -->","yoast_head_json":{"title":"OMNi BiOTiC Skin Intensivpflege-Salbe - hier g\u00fcnstig bestellen","description":"Ihr Spezialist f\u00fcr Naturheilkunde. Wir bieten: eine kurze Lieferzeit und gratis ab 30 \u20ac. OMNi BiOTiC Skin Intensivpflege-Salbe 100ml","robots":{"index":"index","follow":"follow","max-snippet":"max-snippet:-1","max-image-preview":"max-image-preview:large","max-video-preview":"max-video-preview:-1"},"canonical":"https:\/\/www.loewen-apotheke24.com\/de\/shop\/angebot\/omni-biotic-skin-intensivpflege-salbe-19382978\/","og_locale":"de_DE","og_type":"article","og_title":"OMNi BiOTiC Skin Intensivpflege-Salbe - hier g\u00fcnstig bestellen","og_description":"Ihr Spezialist f\u00fcr Naturheilkunde. Wir bieten: eine kurze Lieferzeit und gratis ab 30 \u20ac. OMNi BiOTiC Skin Intensivpflege-Salbe 100ml","og_url":"https:\/\/www.loewen-apotheke24.com\/de\/shop\/angebot\/omni-biotic-skin-intensivpflege-salbe-19382978\/","og_site_name":"L\u00f6wen Apotheke24","article_modified_time":"2025-10-06T06:07:16+00:00","og_image":[{"width":600,"height":600,"url":"https:\/\/www.loewen-apotheke24.com\/wp-content\/uploads\/2025\/04\/Omni-biotic-skin-intensiv-pflegessalbe-von-Allergosan-kaufen-bei-Loewen-Apotheke24.webp","type":"image\/webp"}],"twitter_card":"summary_large_image","twitter_misc":{"Gesch\u00e4tzte Lesezeit":"2\u00a0Minuten"},"schema":{"@context":"https:\/\/schema.org","@graph":[{"@type":"WebPage","@id":"https:\/\/www.loewen-apotheke24.com\/de\/shop\/angebot\/omni-biotic-skin-intensivpflege-salbe-19382978\/","url":"https:\/\/www.loewen-apotheke24.com\/de\/shop\/angebot\/omni-biotic-skin-intensivpflege-salbe-19382978\/","name":"OMNi BiOTiC Skin Intensivpflege-Salbe - hier g\u00fcnstig bestellen","isPartOf":{"@id":"https:\/\/www.loewen-apotheke24.com\/de\/#website"},"datePublished":"2025-04-02T19:53:06+00:00","dateModified":"2025-10-06T06:07:16+00:00","description":"Ihr Spezialist f\u00fcr Naturheilkunde. Wir bieten: eine kurze Lieferzeit und gratis ab 30 \u20ac. OMNi BiOTiC Skin Intensivpflege-Salbe 100ml","breadcrumb":{"@id":"https:\/\/www.loewen-apotheke24.com\/de\/shop\/angebot\/omni-biotic-skin-intensivpflege-salbe-19382978\/#breadcrumb"},"inLanguage":"de","potentialAction":[{"@type":"ReadAction","target":["https:\/\/www.loewen-apotheke24.com\/de\/shop\/angebot\/omni-biotic-skin-intensivpflege-salbe-19382978\/"]}]},{"@type":"BreadcrumbList","@id":"https:\/\/www.loewen-apotheke24.com\/de\/shop\/angebot\/omni-biotic-skin-intensivpflege-salbe-19382978\/#breadcrumb","itemListElement":[{"@type":"ListItem","position":1,"name":"Shop","item":"https:\/\/www.loewen-apotheke24.com\/de\/shop\/"},{"@type":"ListItem","position":2,"name":"OMNi BiOTiC Skin Intensivpflege-Salbe (100 ml)"}]},{"@type":"WebSite","@id":"https:\/\/www.loewen-apotheke24.com\/de\/#website","url":"https:\/\/www.loewen-apotheke24.com\/de\/","name":"L\u00f6wen Apotheke24","description":"Spezialist f\u00fcr Naturmedizin - Versandapotheke Baden-Baden","publisher":{"@id":"https:\/\/www.loewen-apotheke24.com\/de\/#organization"},"potentialAction":[{"@type":"SearchAction","target":{"@type":"EntryPoint","urlTemplate":"https:\/\/www.loewen-apotheke24.com\/de\/?s={search_term_string}"},"query-input":"required name=search_term_string"}],"inLanguage":"de"},{"@type":"Organization","@id":"https:\/\/www.loewen-apotheke24.com\/de\/#organization","name":"L\u00f6wen Apotheke","alternateName":"L\u00f6wen Apotheke","url":"https:\/\/www.loewen-apotheke24.com\/de\/","logo":{"@type":"ImageObject","inLanguage":"de","@id":"https:\/\/www.loewen-apotheke24.com\/de\/#\/schema\/logo\/image\/","url":"https:\/\/www.loewen-apotheke24.com\/wp-content\/uploads\/2024\/02\/Logo-Loewen-Apotheke-700x700-1.png","contentUrl":"https:\/\/www.loewen-apotheke24.com\/wp-content\/uploads\/2024\/02\/Logo-Loewen-Apotheke-700x700-1.png","width":700,"height":700,"caption":"L\u00f6wen Apotheke"},"image":{"@id":"https:\/\/www.loewen-apotheke24.com\/de\/#\/schema\/logo\/image\/"}}]}},"_links":{"self":[{"href":"https:\/\/www.loewen-apotheke24.com\/de\/wp-json\/wp\/v2\/product\/126979"}],"collection":[{"href":"https:\/\/www.loewen-apotheke24.com\/de\/wp-json\/wp\/v2\/product"}],"about":[{"href":"https:\/\/www.loewen-apotheke24.com\/de\/wp-json\/wp\/v2\/types\/product"}],"wp:featuredmedia":[{"embeddable":true,"href":"https:\/\/www.loewen-apotheke24.com\/de\/wp-json\/wp\/v2\/media\/126981"}],"wp:attachment":[{"href":"https:\/\/www.loewen-apotheke24.com\/de\/wp-json\/wp\/v2\/media?parent=126979"}],"wp:term":[{"taxonomy":"product_cat","embeddable":true,"href":"https:\/\/www.loewen-apotheke24.com\/de\/wp-json\/wp\/v2\/product_cat?post=126979"},{"taxonomy":"product_tag","embeddable":true,"href":"https:\/\/www.loewen-apotheke24.com\/de\/wp-json\/wp\/v2\/product_tag?post=126979"}],"curies":[{"name":"wp","href":"https:\/\/api.w.org\/{rel}","templated":true}]}}