{"id":130333,"date":"2025-05-08T15:47:15","date_gmt":"2025-05-08T14:47:15","guid":{"rendered":"https:\/\/www.loewen-apotheke24.com\/?post_type=product&#038;p=130333"},"modified":"2025-12-11T07:26:44","modified_gmt":"2025-12-11T06:26:44","slug":"sanuvis-tabletten-80-00572050","status":"publish","type":"product","link":"https:\/\/www.loewen-apotheke24.com\/de\/shop\/angebot\/sanuvis-tabletten-80-00572050\/","title":{"rendered":"Sanuvis Tabletten (80 St)"},"content":{"rendered":"<h3 style=\"text-align: left;\">Sanuvis Tabletten<\/h3>\n<p>Sanuvis Tabletten sind ein registriertes hom\u00f6opathisches Arzneimittel, daher ohne Angabe einer therapeutischen Indikation.<\/p>\n<p>Beim Hersteller SANUM-KEHLBECK GmbH &amp; Co. KG finden Sie weitere Informationen zu dem Produkt Sanuvis Tabletten. Adresse des Anbieters\/Herstellers SANUM-KEHLBECK GmbH &amp; Co. KG Hasseler Steinweg 9, 27318 Hoya, Deutschland.<\/p>\n<p>Die SANUM-Therapie wirkt mit der Kraft nat\u00fcrlicher Mikroorganismen regulierend auf das mikrobielle Gleichgewicht im K\u00f6rper ein, um so akute und chronische Erkrankungen zu behandeln. Die Anwendungsgebiete der SANUM-Arzneimittel sind sehr viel seitig. Sie werden bei akuten und chronischen Erkrankungen des Herz-Kreislauf-Systems, bei degenerativen Erkrankungen des Binde- und St\u00fctzgewebes sowie bei bakteriellen, viralen und pilzbedingten Infektionserkrankungen eingesetzt.<\/p>\n<p>Andere Kunden interessierten sich auch f\u00fcr Produkte: <a class=\"ProsemirrorEditor-link\" href=\"https:\/\/www.loewen-apotheke24.com\/de\/product_tag\/entzuendung\/\">Entz\u00fcndung<\/a> |\u00a0<a href=\"https:\/\/www.loewen-apotheke24.com\/de\/product_tag\/corona\/\">Infektion<\/a><\/p>\n<h3 class=\"TypographyPresentation TypographyPresentation--medium RichText3-paragraph--withVSpacingNormal RichText3-paragraph HighlightSol HighlightSol--buildingBlock\" style=\"text-align: left;\">Hinweis zur Anwendung und Einnahme:<\/h3>\n<div class=\"TypographyPresentation TypographyPresentation--medium RichText3-paragraph--withVSpacingNormal RichText3-paragraph HighlightSol HighlightSol--buildingBlock\">Die auf dieser Website bereitgestellten Informationen dienen ausschlie\u00dflich der allgemeinen Information. Sie ersetzen nicht die fachliche Beratung, Diagnose oder Behandlung durch einen Arzt. Nahrungserg\u00e4nzungsmittel sind kein Ersatz f\u00fcr eine ausgewogene Ern\u00e4hrung. Bitte \u00fcberschreiten Sie nicht die empfohlene t\u00e4gliche Verzehrmenge.<\/div>\n<p data-pm-slice=\"1 1 []\">Nahrungserg\u00e4nzungsmittel sind kein Ersatz f\u00fcr eine ausgewogene und abwechslungsreiche Ern\u00e4hrung und eine gesunde Lebensweise. Die angegebene empfohlene t\u00e4gliche Verzehrmenge darf nicht \u00fcberschritten werden.<\/p>\n<p>Zu Risiken und Nebenwirkungen lesen Sie die Packungsbeilage und fragen Sie Ihre \u00c4rztin, Ihren Arzt oder in Ihrer Apotheke.<\/p>\n<h3 class=\"TypographyPresentation TypographyPresentation--medium RichText3-paragraph--withVSpacingNormal RichText3-paragraph HighlightSol HighlightSol--buildingBlock\" style=\"text-align: left;\">Expertentipp aus der Apotheke:<\/h3>\n<div class=\"TypographyPresentation TypographyPresentation--medium RichText3-paragraph--withVSpacingNormal RichText3-paragraph HighlightSol HighlightSol--buildingBlock\">Unsere Apothekerin empfiehlt folgende hom\u00f6opahtische Marken als Erg\u00e4nganzung <a href=\"https:\/\/www.loewen-apotheke24.com\/de\/product_cat\/dhu\/\">DHU<\/a>, <a href=\"https:\/\/www.loewen-apotheke24.com\/de\/product_cat\/schwabe\/\">Dr. Schwabe<\/a> und <a href=\"https:\/\/www.loewen-apotheke24.com\/de\/product_cat\/omni-biotic\/\">OMNi-BiOTic<\/a>.<\/div>\n<div>\n<h3 class=\"TypographyPresentation TypographyPresentation--medium RichText3-paragraph--withVSpacingNormal RichText3-paragraph HighlightSol HighlightSol--buildingBlock\" style=\"text-align: left;\">Fragen zum Produkt? Wir sind f\u00fcr Sie da!<\/h3>\n<div class=\"TypographyPresentation TypographyPresentation--medium RichText3-paragraph--withVSpacingNormal RichText3-paragraph HighlightSol HighlightSol--buildingBlock\">Unsere verantwortliche Apothekerin\u00a0<strong>Dr. Sandra Hoff<\/strong>\u00a0und ihr Team beraten Sie gerne pers\u00f6nlich \u2013 telefonisch oder per E-Mail. Als\u00a0<strong>echte Apotheke vor Ort<\/strong>\u00a0und\u00a0<strong>zugelassene Versandapotheke<\/strong>\u00a0bieten wir Ihnen kompetente Unterst\u00fctzung, besonders in den Bereichen\u00a0<a class=\"PrimaryLink HighlightSol HighlightSol--core LinkBase\" href=\"https:\/\/www.loewen-apotheke24.com\/de\/product_tag\/naturheilmittel\/\" target=\"_blank\" rel=\"noreferrer noopener\">Naturheilkunde<\/a>\u00a0und\u00a0<a class=\"PrimaryLink HighlightSol HighlightSol--core LinkBase\" href=\"https:\/\/www.loewen-apotheke24.com\/de\/product_tag\/vitamine-mineralien-nahrungsergaenzung\/\" target=\"_blank\" rel=\"noreferrer noopener\">Nahrungserg\u00e4nzungsmittel<\/a>, hier Produkte von\u00a0<a class=\"PrimaryLink HighlightSol HighlightSol--core LinkBase\" href=\"https:\/\/www.loewen-apotheke24.com\/de\/product_cat\/vitorgan\/\" target=\"_blank\" rel=\"noreferrer noopener\">vitOrgan Arzneimittel<\/a>\u00a0und\u00a0<a class=\"PrimaryLink HighlightSol HighlightSol--core LinkBase\" href=\"https:\/\/www.loewen-apotheke24.com\/de\/product_cat\/labo-life\/\" target=\"_blank\" rel=\"noreferrer noopener\">Labo Life<\/a>.. Zum\u00a0<a class=\"PrimaryLink HighlightSol HighlightSol--core LinkBase\" href=\"https:\/\/versandhandel.dimdi.de\/websearch\/servlet\/Gate;jsessionid=0D29D15655BE1174E9178A340E8FE6BC?accessid=dimdi_var&amp;term=3c387956690121ccc8763184f052b93f\" target=\"_blank\" rel=\"noreferrer noopener\">Eintrag im Versandhandelsregister<\/a>.<\/div>\n<\/div>\n<h3 style=\"text-align: left;\">Rezept oder E-Rezept einl\u00f6sen:<\/h3>\n<p>Sie haben ein Rezept oder E-Rezept? Reichen Sie es bequem \u00fcber unsere\u00a0<a href=\"https:\/\/e-rezept-app.de\/\" target=\"_blank\" rel=\"noopener\">E-Rezept App<\/a>\u00a0ein \u2013 auch Privatrezepte f\u00fcr Selbstzahler sind m\u00f6glich. Schnell, sicher und einfach.<\/p>\n","protected":false},"excerpt":{"rendered":"<h2>Sanuvis Tabletten<\/h2>\n<p>hom\u00f6opathisches Arzneimittel.<\/p>\n<p><strong>PZN<\/strong>: 00572050 (Pharmazentralnummer)<\/p>\n<p><strong>Darreichungsform<\/strong>: Tabletten<\/p>\n<p><strong>Verordnungsart<\/strong>: Rezeptfrei<\/p>\n<p><strong>Hersteller:<\/strong> SANUM-KEHLBECK GmbH &amp; Co. KG<\/p>\n<p><strong>Packungsgr\u00f6\u00dfe<\/strong>: 80 St.<\/p>\n","protected":false},"featured_media":130337,"template":"","meta":[],"product_cat":[13,43],"product_tag":[354,365],"yoast_head":"<!-- This site is optimized with the Yoast SEO Premium plugin v21.0 (Yoast SEO v21.0) - https:\/\/yoast.com\/wordpress\/plugins\/seo\/ -->\n<title>Sanuvis Tabletten (80 St) - hier bestellen<\/title>\n<meta name=\"description\" content=\"Ihr Spezialist f\u00fcr Naturheilkunde. Top Service - schneller Versand. Sanuvis Tabletten (80 St) von SANUM-KEHLBECK GmbH &amp; Co. KG. Zur SANUM-Therapie.\" \/>\n<meta name=\"robots\" content=\"index, follow, max-snippet:-1, max-image-preview:large, max-video-preview:-1\" \/>\n<link rel=\"canonical\" href=\"https:\/\/www.loewen-apotheke24.com\/de\/shop\/angebot\/sanuvis-tabletten-80-00572050\/\" \/>\n<meta property=\"og:locale\" content=\"de_DE\" \/>\n<meta property=\"og:type\" content=\"article\" \/>\n<meta property=\"og:title\" content=\"Sanuvis Tabletten (80 St) - hier bestellen\" \/>\n<meta property=\"og:description\" content=\"Ihr Spezialist f\u00fcr Naturheilkunde. Top Service - schneller Versand. Sanuvis Tabletten (80 St) von SANUM-KEHLBECK GmbH &amp; Co. KG. Zur SANUM-Therapie.\" \/>\n<meta property=\"og:url\" content=\"https:\/\/www.loewen-apotheke24.com\/de\/shop\/angebot\/sanuvis-tabletten-80-00572050\/\" \/>\n<meta property=\"og:site_name\" content=\"L\u00f6wen Apotheke24\" \/>\n<meta property=\"article:modified_time\" content=\"2025-12-11T06:26:44+00:00\" \/>\n<meta property=\"og:image\" content=\"https:\/\/www.loewen-apotheke24.com\/wp-content\/uploads\/2025\/05\/Packung-SANUVIS-Tabletten-80-St-SANUM-KEHLBECK-GmbH-Co.-KG-PZN-00572050.webp\" \/>\n\t<meta property=\"og:image:width\" content=\"600\" \/>\n\t<meta property=\"og:image:height\" content=\"600\" \/>\n\t<meta property=\"og:image:type\" content=\"image\/webp\" \/>\n<meta name=\"twitter:card\" content=\"summary_large_image\" \/>\n<meta name=\"twitter:label1\" content=\"Gesch\u00e4tzte Lesezeit\" \/>\n\t<meta name=\"twitter:data1\" content=\"2\u00a0Minuten\" \/>\n<script type=\"application\/ld+json\" class=\"yoast-schema-graph\">{\"@context\":\"https:\/\/schema.org\",\"@graph\":[{\"@type\":\"WebPage\",\"@id\":\"https:\/\/www.loewen-apotheke24.com\/de\/shop\/angebot\/sanuvis-tabletten-80-00572050\/\",\"url\":\"https:\/\/www.loewen-apotheke24.com\/de\/shop\/angebot\/sanuvis-tabletten-80-00572050\/\",\"name\":\"Sanuvis Tabletten (80 St) - hier bestellen\",\"isPartOf\":{\"@id\":\"https:\/\/www.loewen-apotheke24.com\/de\/#website\"},\"datePublished\":\"2025-05-08T14:47:15+00:00\",\"dateModified\":\"2025-12-11T06:26:44+00:00\",\"description\":\"Ihr Spezialist f\u00fcr Naturheilkunde. Top Service - schneller Versand. Sanuvis Tabletten (80 St) von SANUM-KEHLBECK GmbH & Co. KG. Zur SANUM-Therapie.\",\"breadcrumb\":{\"@id\":\"https:\/\/www.loewen-apotheke24.com\/de\/shop\/angebot\/sanuvis-tabletten-80-00572050\/#breadcrumb\"},\"inLanguage\":\"de\",\"potentialAction\":[{\"@type\":\"ReadAction\",\"target\":[\"https:\/\/www.loewen-apotheke24.com\/de\/shop\/angebot\/sanuvis-tabletten-80-00572050\/\"]}]},{\"@type\":\"BreadcrumbList\",\"@id\":\"https:\/\/www.loewen-apotheke24.com\/de\/shop\/angebot\/sanuvis-tabletten-80-00572050\/#breadcrumb\",\"itemListElement\":[{\"@type\":\"ListItem\",\"position\":1,\"name\":\"Shop\",\"item\":\"https:\/\/www.loewen-apotheke24.com\/de\/shop\/\"},{\"@type\":\"ListItem\",\"position\":2,\"name\":\"Sanuvis Tabletten (80 St)\"}]},{\"@type\":\"WebSite\",\"@id\":\"https:\/\/www.loewen-apotheke24.com\/de\/#website\",\"url\":\"https:\/\/www.loewen-apotheke24.com\/de\/\",\"name\":\"L\u00f6wen Apotheke24\",\"description\":\"Spezialist f\u00fcr Naturmedizin - Versandapotheke Baden-Baden\",\"publisher\":{\"@id\":\"https:\/\/www.loewen-apotheke24.com\/de\/#organization\"},\"potentialAction\":[{\"@type\":\"SearchAction\",\"target\":{\"@type\":\"EntryPoint\",\"urlTemplate\":\"https:\/\/www.loewen-apotheke24.com\/de\/?s={search_term_string}\"},\"query-input\":\"required name=search_term_string\"}],\"inLanguage\":\"de\"},{\"@type\":\"Organization\",\"@id\":\"https:\/\/www.loewen-apotheke24.com\/de\/#organization\",\"name\":\"L\u00f6wen Apotheke\",\"alternateName\":\"L\u00f6wen Apotheke\",\"url\":\"https:\/\/www.loewen-apotheke24.com\/de\/\",\"logo\":{\"@type\":\"ImageObject\",\"inLanguage\":\"de\",\"@id\":\"https:\/\/www.loewen-apotheke24.com\/de\/#\/schema\/logo\/image\/\",\"url\":\"https:\/\/www.loewen-apotheke24.com\/wp-content\/uploads\/2024\/02\/Logo-Loewen-Apotheke-700x700-1.png\",\"contentUrl\":\"https:\/\/www.loewen-apotheke24.com\/wp-content\/uploads\/2024\/02\/Logo-Loewen-Apotheke-700x700-1.png\",\"width\":700,\"height\":700,\"caption\":\"L\u00f6wen Apotheke\"},\"image\":{\"@id\":\"https:\/\/www.loewen-apotheke24.com\/de\/#\/schema\/logo\/image\/\"}}]}<\/script>\n<!-- \/ Yoast SEO Premium plugin. -->","yoast_head_json":{"title":"Sanuvis Tabletten (80 St) - hier bestellen","description":"Ihr Spezialist f\u00fcr Naturheilkunde. Top Service - schneller Versand. Sanuvis Tabletten (80 St) von SANUM-KEHLBECK GmbH & Co. KG. Zur SANUM-Therapie.","robots":{"index":"index","follow":"follow","max-snippet":"max-snippet:-1","max-image-preview":"max-image-preview:large","max-video-preview":"max-video-preview:-1"},"canonical":"https:\/\/www.loewen-apotheke24.com\/de\/shop\/angebot\/sanuvis-tabletten-80-00572050\/","og_locale":"de_DE","og_type":"article","og_title":"Sanuvis Tabletten (80 St) - hier bestellen","og_description":"Ihr Spezialist f\u00fcr Naturheilkunde. Top Service - schneller Versand. Sanuvis Tabletten (80 St) von SANUM-KEHLBECK GmbH & Co. KG. Zur SANUM-Therapie.","og_url":"https:\/\/www.loewen-apotheke24.com\/de\/shop\/angebot\/sanuvis-tabletten-80-00572050\/","og_site_name":"L\u00f6wen Apotheke24","article_modified_time":"2025-12-11T06:26:44+00:00","og_image":[{"width":600,"height":600,"url":"https:\/\/www.loewen-apotheke24.com\/wp-content\/uploads\/2025\/05\/Packung-SANUVIS-Tabletten-80-St-SANUM-KEHLBECK-GmbH-Co.-KG-PZN-00572050.webp","type":"image\/webp"}],"twitter_card":"summary_large_image","twitter_misc":{"Gesch\u00e4tzte Lesezeit":"2\u00a0Minuten"},"schema":{"@context":"https:\/\/schema.org","@graph":[{"@type":"WebPage","@id":"https:\/\/www.loewen-apotheke24.com\/de\/shop\/angebot\/sanuvis-tabletten-80-00572050\/","url":"https:\/\/www.loewen-apotheke24.com\/de\/shop\/angebot\/sanuvis-tabletten-80-00572050\/","name":"Sanuvis Tabletten (80 St) - hier bestellen","isPartOf":{"@id":"https:\/\/www.loewen-apotheke24.com\/de\/#website"},"datePublished":"2025-05-08T14:47:15+00:00","dateModified":"2025-12-11T06:26:44+00:00","description":"Ihr Spezialist f\u00fcr Naturheilkunde. Top Service - schneller Versand. Sanuvis Tabletten (80 St) von SANUM-KEHLBECK GmbH & Co. KG. Zur SANUM-Therapie.","breadcrumb":{"@id":"https:\/\/www.loewen-apotheke24.com\/de\/shop\/angebot\/sanuvis-tabletten-80-00572050\/#breadcrumb"},"inLanguage":"de","potentialAction":[{"@type":"ReadAction","target":["https:\/\/www.loewen-apotheke24.com\/de\/shop\/angebot\/sanuvis-tabletten-80-00572050\/"]}]},{"@type":"BreadcrumbList","@id":"https:\/\/www.loewen-apotheke24.com\/de\/shop\/angebot\/sanuvis-tabletten-80-00572050\/#breadcrumb","itemListElement":[{"@type":"ListItem","position":1,"name":"Shop","item":"https:\/\/www.loewen-apotheke24.com\/de\/shop\/"},{"@type":"ListItem","position":2,"name":"Sanuvis Tabletten (80 St)"}]},{"@type":"WebSite","@id":"https:\/\/www.loewen-apotheke24.com\/de\/#website","url":"https:\/\/www.loewen-apotheke24.com\/de\/","name":"L\u00f6wen Apotheke24","description":"Spezialist f\u00fcr Naturmedizin - Versandapotheke Baden-Baden","publisher":{"@id":"https:\/\/www.loewen-apotheke24.com\/de\/#organization"},"potentialAction":[{"@type":"SearchAction","target":{"@type":"EntryPoint","urlTemplate":"https:\/\/www.loewen-apotheke24.com\/de\/?s={search_term_string}"},"query-input":"required name=search_term_string"}],"inLanguage":"de"},{"@type":"Organization","@id":"https:\/\/www.loewen-apotheke24.com\/de\/#organization","name":"L\u00f6wen Apotheke","alternateName":"L\u00f6wen Apotheke","url":"https:\/\/www.loewen-apotheke24.com\/de\/","logo":{"@type":"ImageObject","inLanguage":"de","@id":"https:\/\/www.loewen-apotheke24.com\/de\/#\/schema\/logo\/image\/","url":"https:\/\/www.loewen-apotheke24.com\/wp-content\/uploads\/2024\/02\/Logo-Loewen-Apotheke-700x700-1.png","contentUrl":"https:\/\/www.loewen-apotheke24.com\/wp-content\/uploads\/2024\/02\/Logo-Loewen-Apotheke-700x700-1.png","width":700,"height":700,"caption":"L\u00f6wen Apotheke"},"image":{"@id":"https:\/\/www.loewen-apotheke24.com\/de\/#\/schema\/logo\/image\/"}}]}},"_links":{"self":[{"href":"https:\/\/www.loewen-apotheke24.com\/de\/wp-json\/wp\/v2\/product\/130333"}],"collection":[{"href":"https:\/\/www.loewen-apotheke24.com\/de\/wp-json\/wp\/v2\/product"}],"about":[{"href":"https:\/\/www.loewen-apotheke24.com\/de\/wp-json\/wp\/v2\/types\/product"}],"wp:featuredmedia":[{"embeddable":true,"href":"https:\/\/www.loewen-apotheke24.com\/de\/wp-json\/wp\/v2\/media\/130337"}],"wp:attachment":[{"href":"https:\/\/www.loewen-apotheke24.com\/de\/wp-json\/wp\/v2\/media?parent=130333"}],"wp:term":[{"taxonomy":"product_cat","embeddable":true,"href":"https:\/\/www.loewen-apotheke24.com\/de\/wp-json\/wp\/v2\/product_cat?post=130333"},{"taxonomy":"product_tag","embeddable":true,"href":"https:\/\/www.loewen-apotheke24.com\/de\/wp-json\/wp\/v2\/product_tag?post=130333"}],"curies":[{"name":"wp","href":"https:\/\/api.w.org\/{rel}","templated":true}]}}