{"id":1335,"date":"2017-08-16T21:07:02","date_gmt":"2017-08-16T20:07:02","guid":{"rendered":"https:\/\/www.loewen-apotheke24.com\/?post_type=product&#038;p=1335"},"modified":"2025-07-22T16:53:06","modified_gmt":"2025-07-22T15:53:06","slug":"bach-original-bachblueten-rescue-kids-tropfen-10ml-16391876-en","status":"publish","type":"product","link":"https:\/\/www.loewen-apotheke24.com\/de\/shop\/marke\/bach-original-bachblueten-rescue-kids-tropfen-10ml-16391876-en\/","title":{"rendered":"Bach Original Bachbl\u00fcten Rescue Kids Tropfen 10ml"},"content":{"rendered":"<h3 style=\"text-align: left;\">Bach Original Bachbl\u00fcten Rescue Kids Tropfen 10ml<\/h3>\n<p style=\"text-align: left;\">Bach Original Bachbl\u00fcten Rescue Kids Tropfen: Original Rescue Produkte werden heute von Verbrauchern in emotional aufregenden Situationen wie z.B. einer Flugreise, einer Pr\u00fcfung, einem Zahnarzttermin oder Herausforderungen in Job und Alltag verwendet. Gelassen und stark durch den Tag. Sie eignen sich besonders f\u00fcr Kinder und sind ideal f\u00fcr unterwegs. Wohltuender Genuss in vielen anspruchsvollen Alltagssituationen, wie z.B. in der Schule.<\/p>\n<p>Weitere Information finden Sie beim\u00a0<a href=\"https:\/\/www.nelsons.net\/de-de\/unsere-marken\" target=\"_blank\" rel=\"noopener noreferrer\">Hersteller Nelson<\/a><\/p>\n<p>Andere Produkte der Bl\u00fctenmischung:\u00a0<a href=\"https:\/\/www.loewen-apotheke24.com\/de\/product_tag\/original-bach\/\">Bachbl\u00fcten\u00a0<\/a><\/p>\n<p>Nahrungserg\u00e4nzungsmittel sind kein Ersatz f\u00fcr eine ausgewogene und abwechslungsreiche Ern\u00e4hrung und eine gesunde Lebensweise. Au\u00dferhalb der Reichweite von Kindern aufbewahren. Die angegebene empfohlene Verzehrmenge darf nicht \u00fcberschritten werden.\u00a0Lassen Sie sich vor der Anwendung beraten, wenn Sie stillen, schwanger sind oder es werden wollen oder wenn Sie Allergien haben.<\/p>\n<p>Zu Risiken und Nebenwirkungen lesen Sie die Packungsbeilage und fragen Sie Ihren Arzt oder Apotheker.<\/p>\n","protected":false},"excerpt":{"rendered":"<h3 style=\"text-align: left;\">Bach Original Bachbl\u00fcten Rescue Kids Tropfen 10ml<\/h3>\n<p><strong>PZN<\/strong>: 16391876 (Pharmazentralnummer)<\/p>\n<p><strong>Darreichungsform<\/strong>: Tropfen<\/p>\n<p><strong>Verordnungsart<\/strong>: Rezeptfrei<\/p>\n<p><strong>Packungsgr\u00f6sse:\u00a0<\/strong>10ml<\/p>\n<p><strong>Marke<\/strong>:\u00a0<a href=\"https:\/\/www.loewen-apotheke24.com\/de\/product_tag\/original-bach\/\">Orginal Bach Rescue<\/a><\/p>\n<p><strong>Hersteller<\/strong>: Nelsons GmbH<\/p>\n","protected":false},"featured_media":108380,"template":"","meta":[],"product_cat":[43],"product_tag":[105,193,192,470],"yoast_head":"<!-- This site is optimized with the Yoast SEO Premium plugin v21.0 (Yoast SEO v21.0) - https:\/\/yoast.com\/wordpress\/plugins\/seo\/ -->\n<title>Bach Original Bachbl\u00fcten Rescue Kids Tropfen 10ml<\/title>\n<meta name=\"description\" content=\"L\u00f6wen Apotheke24 - Spezialist f\u00fcr Naturheilkunde - Weltweiter Versand - kurze Lieferzeit - Bach Original Bachbl\u00fcten Rescue Kids Tropfen 10ml\" \/>\n<meta name=\"robots\" content=\"index, follow, max-snippet:-1, max-image-preview:large, max-video-preview:-1\" \/>\n<link rel=\"canonical\" href=\"https:\/\/www.loewen-apotheke24.com\/de\/shop\/marke\/bach-original-bachblueten-rescue-kids-tropfen-10ml-16391876-en\/\" \/>\n<meta property=\"og:locale\" content=\"de_DE\" \/>\n<meta property=\"og:type\" content=\"article\" \/>\n<meta property=\"og:title\" content=\"Bach Original Bachbl\u00fcten Rescue Kids Tropfen 10ml\" \/>\n<meta property=\"og:description\" content=\"L\u00f6wen Apotheke24 - Spezialist f\u00fcr Naturheilkunde - Weltweiter Versand - kurze Lieferzeit - Bach Original Bachbl\u00fcten Rescue Kids Tropfen 10ml\" \/>\n<meta property=\"og:url\" content=\"https:\/\/www.loewen-apotheke24.com\/de\/shop\/marke\/bach-original-bachblueten-rescue-kids-tropfen-10ml-16391876-en\/\" \/>\n<meta property=\"og:site_name\" content=\"L\u00f6wen Apotheke24\" \/>\n<meta property=\"article:modified_time\" content=\"2025-07-22T15:53:06+00:00\" \/>\n<meta property=\"og:image\" content=\"https:\/\/www.loewen-apotheke24.com\/wp-content\/uploads\/2017\/08\/bach-rescura-kids-tropfen-10-ml-16391876-0-1714052356117199.webp\" \/>\n\t<meta property=\"og:image:width\" content=\"600\" \/>\n\t<meta property=\"og:image:height\" content=\"600\" \/>\n\t<meta property=\"og:image:type\" content=\"image\/webp\" \/>\n<meta name=\"twitter:card\" content=\"summary_large_image\" \/>\n<meta name=\"twitter:label1\" content=\"Gesch\u00e4tzte Lesezeit\" \/>\n\t<meta name=\"twitter:data1\" content=\"1\u00a0Minute\" \/>\n<script type=\"application\/ld+json\" class=\"yoast-schema-graph\">{\"@context\":\"https:\/\/schema.org\",\"@graph\":[{\"@type\":\"WebPage\",\"@id\":\"https:\/\/www.loewen-apotheke24.com\/de\/shop\/marke\/bach-original-bachblueten-rescue-kids-tropfen-10ml-16391876-en\/\",\"url\":\"https:\/\/www.loewen-apotheke24.com\/de\/shop\/marke\/bach-original-bachblueten-rescue-kids-tropfen-10ml-16391876-en\/\",\"name\":\"Bach Original Bachbl\u00fcten Rescue Kids Tropfen 10ml\",\"isPartOf\":{\"@id\":\"https:\/\/www.loewen-apotheke24.com\/de\/#website\"},\"datePublished\":\"2017-08-16T20:07:02+00:00\",\"dateModified\":\"2025-07-22T15:53:06+00:00\",\"description\":\"L\u00f6wen Apotheke24 - Spezialist f\u00fcr Naturheilkunde - Weltweiter Versand - kurze Lieferzeit - Bach Original Bachbl\u00fcten Rescue Kids Tropfen 10ml\",\"breadcrumb\":{\"@id\":\"https:\/\/www.loewen-apotheke24.com\/de\/shop\/marke\/bach-original-bachblueten-rescue-kids-tropfen-10ml-16391876-en\/#breadcrumb\"},\"inLanguage\":\"de\",\"potentialAction\":[{\"@type\":\"ReadAction\",\"target\":[\"https:\/\/www.loewen-apotheke24.com\/de\/shop\/marke\/bach-original-bachblueten-rescue-kids-tropfen-10ml-16391876-en\/\"]}]},{\"@type\":\"BreadcrumbList\",\"@id\":\"https:\/\/www.loewen-apotheke24.com\/de\/shop\/marke\/bach-original-bachblueten-rescue-kids-tropfen-10ml-16391876-en\/#breadcrumb\",\"itemListElement\":[{\"@type\":\"ListItem\",\"position\":1,\"name\":\"Shop\",\"item\":\"https:\/\/www.loewen-apotheke24.com\/de\/shop\/\"},{\"@type\":\"ListItem\",\"position\":2,\"name\":\"Bach Original Bachbl\u00fcten Rescue Kids Tropfen 10ml\"}]},{\"@type\":\"WebSite\",\"@id\":\"https:\/\/www.loewen-apotheke24.com\/de\/#website\",\"url\":\"https:\/\/www.loewen-apotheke24.com\/de\/\",\"name\":\"L\u00f6wen Apotheke24\",\"description\":\"Spezialist f\u00fcr Naturmedizin - Versandapotheke Baden-Baden\",\"publisher\":{\"@id\":\"https:\/\/www.loewen-apotheke24.com\/de\/#organization\"},\"potentialAction\":[{\"@type\":\"SearchAction\",\"target\":{\"@type\":\"EntryPoint\",\"urlTemplate\":\"https:\/\/www.loewen-apotheke24.com\/de\/?s={search_term_string}\"},\"query-input\":\"required name=search_term_string\"}],\"inLanguage\":\"de\"},{\"@type\":\"Organization\",\"@id\":\"https:\/\/www.loewen-apotheke24.com\/de\/#organization\",\"name\":\"L\u00f6wen Apotheke\",\"alternateName\":\"L\u00f6wen Apotheke\",\"url\":\"https:\/\/www.loewen-apotheke24.com\/de\/\",\"logo\":{\"@type\":\"ImageObject\",\"inLanguage\":\"de\",\"@id\":\"https:\/\/www.loewen-apotheke24.com\/de\/#\/schema\/logo\/image\/\",\"url\":\"https:\/\/www.loewen-apotheke24.com\/wp-content\/uploads\/2024\/02\/Logo-Loewen-Apotheke-700x700-1.png\",\"contentUrl\":\"https:\/\/www.loewen-apotheke24.com\/wp-content\/uploads\/2024\/02\/Logo-Loewen-Apotheke-700x700-1.png\",\"width\":700,\"height\":700,\"caption\":\"L\u00f6wen Apotheke\"},\"image\":{\"@id\":\"https:\/\/www.loewen-apotheke24.com\/de\/#\/schema\/logo\/image\/\"}}]}<\/script>\n<!-- \/ Yoast SEO Premium plugin. -->","yoast_head_json":{"title":"Bach Original Bachbl\u00fcten Rescue Kids Tropfen 10ml","description":"L\u00f6wen Apotheke24 - Spezialist f\u00fcr Naturheilkunde - Weltweiter Versand - kurze Lieferzeit - Bach Original Bachbl\u00fcten Rescue Kids Tropfen 10ml","robots":{"index":"index","follow":"follow","max-snippet":"max-snippet:-1","max-image-preview":"max-image-preview:large","max-video-preview":"max-video-preview:-1"},"canonical":"https:\/\/www.loewen-apotheke24.com\/de\/shop\/marke\/bach-original-bachblueten-rescue-kids-tropfen-10ml-16391876-en\/","og_locale":"de_DE","og_type":"article","og_title":"Bach Original Bachbl\u00fcten Rescue Kids Tropfen 10ml","og_description":"L\u00f6wen Apotheke24 - Spezialist f\u00fcr Naturheilkunde - Weltweiter Versand - kurze Lieferzeit - Bach Original Bachbl\u00fcten Rescue Kids Tropfen 10ml","og_url":"https:\/\/www.loewen-apotheke24.com\/de\/shop\/marke\/bach-original-bachblueten-rescue-kids-tropfen-10ml-16391876-en\/","og_site_name":"L\u00f6wen Apotheke24","article_modified_time":"2025-07-22T15:53:06+00:00","og_image":[{"width":600,"height":600,"url":"https:\/\/www.loewen-apotheke24.com\/wp-content\/uploads\/2017\/08\/bach-rescura-kids-tropfen-10-ml-16391876-0-1714052356117199.webp","type":"image\/webp"}],"twitter_card":"summary_large_image","twitter_misc":{"Gesch\u00e4tzte Lesezeit":"1\u00a0Minute"},"schema":{"@context":"https:\/\/schema.org","@graph":[{"@type":"WebPage","@id":"https:\/\/www.loewen-apotheke24.com\/de\/shop\/marke\/bach-original-bachblueten-rescue-kids-tropfen-10ml-16391876-en\/","url":"https:\/\/www.loewen-apotheke24.com\/de\/shop\/marke\/bach-original-bachblueten-rescue-kids-tropfen-10ml-16391876-en\/","name":"Bach Original Bachbl\u00fcten Rescue Kids Tropfen 10ml","isPartOf":{"@id":"https:\/\/www.loewen-apotheke24.com\/de\/#website"},"datePublished":"2017-08-16T20:07:02+00:00","dateModified":"2025-07-22T15:53:06+00:00","description":"L\u00f6wen Apotheke24 - Spezialist f\u00fcr Naturheilkunde - Weltweiter Versand - kurze Lieferzeit - Bach Original Bachbl\u00fcten Rescue Kids Tropfen 10ml","breadcrumb":{"@id":"https:\/\/www.loewen-apotheke24.com\/de\/shop\/marke\/bach-original-bachblueten-rescue-kids-tropfen-10ml-16391876-en\/#breadcrumb"},"inLanguage":"de","potentialAction":[{"@type":"ReadAction","target":["https:\/\/www.loewen-apotheke24.com\/de\/shop\/marke\/bach-original-bachblueten-rescue-kids-tropfen-10ml-16391876-en\/"]}]},{"@type":"BreadcrumbList","@id":"https:\/\/www.loewen-apotheke24.com\/de\/shop\/marke\/bach-original-bachblueten-rescue-kids-tropfen-10ml-16391876-en\/#breadcrumb","itemListElement":[{"@type":"ListItem","position":1,"name":"Shop","item":"https:\/\/www.loewen-apotheke24.com\/de\/shop\/"},{"@type":"ListItem","position":2,"name":"Bach Original Bachbl\u00fcten Rescue Kids Tropfen 10ml"}]},{"@type":"WebSite","@id":"https:\/\/www.loewen-apotheke24.com\/de\/#website","url":"https:\/\/www.loewen-apotheke24.com\/de\/","name":"L\u00f6wen Apotheke24","description":"Spezialist f\u00fcr Naturmedizin - Versandapotheke Baden-Baden","publisher":{"@id":"https:\/\/www.loewen-apotheke24.com\/de\/#organization"},"potentialAction":[{"@type":"SearchAction","target":{"@type":"EntryPoint","urlTemplate":"https:\/\/www.loewen-apotheke24.com\/de\/?s={search_term_string}"},"query-input":"required name=search_term_string"}],"inLanguage":"de"},{"@type":"Organization","@id":"https:\/\/www.loewen-apotheke24.com\/de\/#organization","name":"L\u00f6wen Apotheke","alternateName":"L\u00f6wen Apotheke","url":"https:\/\/www.loewen-apotheke24.com\/de\/","logo":{"@type":"ImageObject","inLanguage":"de","@id":"https:\/\/www.loewen-apotheke24.com\/de\/#\/schema\/logo\/image\/","url":"https:\/\/www.loewen-apotheke24.com\/wp-content\/uploads\/2024\/02\/Logo-Loewen-Apotheke-700x700-1.png","contentUrl":"https:\/\/www.loewen-apotheke24.com\/wp-content\/uploads\/2024\/02\/Logo-Loewen-Apotheke-700x700-1.png","width":700,"height":700,"caption":"L\u00f6wen Apotheke"},"image":{"@id":"https:\/\/www.loewen-apotheke24.com\/de\/#\/schema\/logo\/image\/"}}]}},"_links":{"self":[{"href":"https:\/\/www.loewen-apotheke24.com\/de\/wp-json\/wp\/v2\/product\/1335"}],"collection":[{"href":"https:\/\/www.loewen-apotheke24.com\/de\/wp-json\/wp\/v2\/product"}],"about":[{"href":"https:\/\/www.loewen-apotheke24.com\/de\/wp-json\/wp\/v2\/types\/product"}],"wp:featuredmedia":[{"embeddable":true,"href":"https:\/\/www.loewen-apotheke24.com\/de\/wp-json\/wp\/v2\/media\/108380"}],"wp:attachment":[{"href":"https:\/\/www.loewen-apotheke24.com\/de\/wp-json\/wp\/v2\/media?parent=1335"}],"wp:term":[{"taxonomy":"product_cat","embeddable":true,"href":"https:\/\/www.loewen-apotheke24.com\/de\/wp-json\/wp\/v2\/product_cat?post=1335"},{"taxonomy":"product_tag","embeddable":true,"href":"https:\/\/www.loewen-apotheke24.com\/de\/wp-json\/wp\/v2\/product_tag?post=1335"}],"curies":[{"name":"wp","href":"https:\/\/api.w.org\/{rel}","templated":true}]}}