{"id":1337,"date":"2017-08-16T21:07:02","date_gmt":"2017-08-16T20:07:02","guid":{"rendered":"https:\/\/www.loewen-apotheke24.com\/?post_type=product&#038;p=1337"},"modified":"2025-12-23T06:38:08","modified_gmt":"2025-12-23T05:38:08","slug":"bach-original-bachblueten-rescue-pets-tropfen-10ml-05480507","status":"publish","type":"product","link":"https:\/\/www.loewen-apotheke24.com\/de\/shop\/marke\/bach-original-bachblueten-rescue-pets-tropfen-10ml-05480507\/","title":{"rendered":"Bach Original Bachbl\u00fcten Rescue Pets Tropfen 10ml"},"content":{"rendered":"<h3 style=\"text-align: left;\">Bach Original Bachbl\u00fcten Rescue Pets Tropfen 10ml<\/h3>\n<p style=\"text-align: left;\">Bach Original Bachbl\u00fcten Rescue Pets Tropfen: Original Rescue Produkte werden heute von Verbrauchern in emotional aufregenden Situationen wie z.B. einer Flugreise, einer Pr\u00fcfung, einem Zahnarzttermin oder Herausforderungen in Job und Alltag verwendet. Gelassen und stark durch den Tag. Mit Bach RESCURA Pets k\u00f6nnen Sie Ihre Haustiere bei kleinen und gro\u00dfen Herausforderungen unterst\u00fctzen. Ob Gewitter oder Feuerwerk, Tierarztbesuch, Autofahrt oder Trennungsangst. Sie erkennen schnell, wenn sich Ihr Haustier \u00fcberfordert f\u00fchlt. Dann k\u00f6nnen schon ein paar Bach RESCURA Pets Tropfen dabei helfen, verschiedene emotional Wogen zu gl\u00e4tten.<\/p>\n<p>Weitere Information finden Sie beim\u00a0<a href=\"https:\/\/www.nelsons.net\/de-de\/unsere-marken\" target=\"_blank\" rel=\"noopener noreferrer\">Hersteller Nelson.<\/a><\/p>\n<p data-pm-slice=\"1 1 []\">Andere Kunden interessierten sich auch f\u00fcr Produkte zum Thema: <a href=\"https:\/\/www.loewen-apotheke24.com\/de\/product_tag\/bachblueten\/\" rel=\"tag\">Bachbl\u00fcten<\/a> | <a href=\"https:\/\/www.loewen-apotheke24.com\/de\/product_tag\/homoeopathie\/\" rel=\"tag\">Hom\u00f6opathie<\/a> | <a href=\"https:\/\/www.loewen-apotheke24.com\/de\/product_tag\/tier\/\" rel=\"tag\">Tier<\/a>,\u00a0<a href=\"https:\/\/www.loewen-apotheke24.com\/de\/product_tag\/tiermedizin\/\" rel=\"tag\">Tiermedizin<\/a>,\u00a0<a href=\"https:\/\/www.loewen-apotheke24.com\/de\/product_tag\/veterinaer\/\" rel=\"tag\">Veterin\u00e4r<\/a><\/p>\n<p>Sie suchen andere Produkte &amp; Packungsgr\u00f6\u00dfen des Hersteller <a href=\"https:\/\/www.loewen-apotheke24.com\/de\/product_tag\/original-bach\/\">Orginal Bach Rescue<\/a>? Zur <a href=\"https:\/\/www.loewen-apotheke24.com\/de\/product_tag\/original-bach\/\">Bachbl\u00fcten<\/a>-\u00dcbersicht.<\/p>\n<p data-pm-slice=\"1 1 []\">Nahrungserg\u00e4nzungsmittel sind kein Ersatz f\u00fcr eine ausgewogene und abwechslungsreiche Ern\u00e4hrung und eine gesunde Lebensweise. Die angegebene empfohlene t\u00e4gliche Verzehrmenge darf nicht \u00fcberschritten werden.<\/p>\n<p>Informationen auf dieser Website werden ausschlie\u00dflich f\u00fcr informative Zwecke zur Verf\u00fcgung gestellt. Sie ersetzen keinesfalls die Untersuchung und Behandlung durch einen Arzt. Bitte beachten Sie, dass hierdurch weder Diagnosen gestellt noch Therapien eingeleitet werden k\u00f6nnen.<\/p>\n<p>Zu Risiken und Nebenwirkungen lesen Sie die Packungsbeilage und fragen Sie Ihre \u00c4rztin, Ihren Arzt oder in Ihrer Apotheke.<\/p>\n<p><strong>Rezept | E-Rezept vorhanden?<\/strong><\/p>\n<p>Reichen Sie jetzt Ihr E-Rezept bei uns ein. Nutzen Sie dazu unsere <a class=\"ProsemirrorEditor-link\" href=\"https:\/\/e-rezept-app.de\/shop-rezept\">E-Rezept<\/a> App. Und wir schenken Ihnen die Versandkosten innerhalb Deutschlands!<\/p>\n","protected":false},"excerpt":{"rendered":"<h2>Bach Original Bachbl\u00fcten Rescue Pets Tropfen 10ml<\/h2>\n<p><strong>PZN<\/strong>: <span class=\"u-margin-xx-small--right\" data-qa-id=\"product-attribute-pzn\">05480507 <\/span>(Pharmazentralnummer)<\/p>\n<p><strong>Darreichungsform<\/strong>: Tropfen<\/p>\n<p><strong>Verordnungsart<\/strong>: Rezeptfrei<\/p>\n<p><strong>Packungsgr\u00f6sse: <\/strong>10ml<\/p>\n<p><strong>Marke<\/strong>:\u00a0<a href=\"https:\/\/www.loewen-apotheke24.com\/de\/product_tag\/original-bach\/\">Orginal Bach Rescue<\/a><\/p>\n<p><strong>Hersteller<\/strong>: Nelsons GmbH, Deutschland<\/p>\n","protected":false},"featured_media":119648,"template":"","meta":[],"product_cat":[43],"product_tag":[105,193,263,169,66,192,194,484,996],"yoast_head":"<!-- This site is optimized with the Yoast SEO Premium plugin v21.0 (Yoast SEO v21.0) - https:\/\/yoast.com\/wordpress\/plugins\/seo\/ -->\n<title>Bach Original Bachbl\u00fcten Rescue Pets Tropfen 10ml kaufen<\/title>\n<meta name=\"description\" content=\"Ihr Spezialist f\u00fcr Naturheilkunde - Weltweiter Versand - kurze Lieferzeit. Tiermedizin von Nelson: Bach Original Bachbl\u00fcten Rescue Pets Tropfen 10ml\" \/>\n<meta name=\"robots\" content=\"index, follow, max-snippet:-1, max-image-preview:large, max-video-preview:-1\" \/>\n<link rel=\"canonical\" href=\"https:\/\/www.loewen-apotheke24.com\/de\/shop\/marke\/bach-original-bachblueten-rescue-pets-tropfen-10ml-05480507\/\" \/>\n<meta property=\"og:locale\" content=\"de_DE\" \/>\n<meta property=\"og:type\" content=\"article\" \/>\n<meta property=\"og:title\" content=\"Bach Original Bachbl\u00fcten Rescue Pets Tropfen 10ml kaufen\" \/>\n<meta property=\"og:description\" content=\"Ihr Spezialist f\u00fcr Naturheilkunde - Weltweiter Versand - kurze Lieferzeit. Tiermedizin von Nelson: Bach Original Bachbl\u00fcten Rescue Pets Tropfen 10ml\" \/>\n<meta property=\"og:url\" content=\"https:\/\/www.loewen-apotheke24.com\/de\/shop\/marke\/bach-original-bachblueten-rescue-pets-tropfen-10ml-05480507\/\" \/>\n<meta property=\"og:site_name\" content=\"L\u00f6wen Apotheke24\" \/>\n<meta property=\"article:modified_time\" content=\"2025-12-23T05:38:08+00:00\" \/>\n<meta property=\"og:image\" content=\"https:\/\/www.loewen-apotheke24.com\/wp-content\/uploads\/2017\/08\/Bachblueten-Original-Rescura-Pets-Tropfen-alkoholfrei-10-ml-von-Nelson.-PZN-16391899.-Loewen-Apotheke-Lions-Pharmacy.webp\" \/>\n\t<meta property=\"og:image:width\" content=\"600\" \/>\n\t<meta property=\"og:image:height\" content=\"600\" \/>\n\t<meta property=\"og:image:type\" content=\"image\/webp\" \/>\n<meta name=\"twitter:card\" content=\"summary_large_image\" \/>\n<meta name=\"twitter:label1\" content=\"Gesch\u00e4tzte Lesezeit\" \/>\n\t<meta name=\"twitter:data1\" content=\"2\u00a0Minuten\" \/>\n<script type=\"application\/ld+json\" class=\"yoast-schema-graph\">{\"@context\":\"https:\/\/schema.org\",\"@graph\":[{\"@type\":\"WebPage\",\"@id\":\"https:\/\/www.loewen-apotheke24.com\/de\/shop\/marke\/bach-original-bachblueten-rescue-pets-tropfen-10ml-05480507\/\",\"url\":\"https:\/\/www.loewen-apotheke24.com\/de\/shop\/marke\/bach-original-bachblueten-rescue-pets-tropfen-10ml-05480507\/\",\"name\":\"Bach Original Bachbl\u00fcten Rescue Pets Tropfen 10ml kaufen\",\"isPartOf\":{\"@id\":\"https:\/\/www.loewen-apotheke24.com\/de\/#website\"},\"datePublished\":\"2017-08-16T20:07:02+00:00\",\"dateModified\":\"2025-12-23T05:38:08+00:00\",\"description\":\"Ihr Spezialist f\u00fcr Naturheilkunde - Weltweiter Versand - kurze Lieferzeit. Tiermedizin von Nelson: Bach Original Bachbl\u00fcten Rescue Pets Tropfen 10ml\",\"breadcrumb\":{\"@id\":\"https:\/\/www.loewen-apotheke24.com\/de\/shop\/marke\/bach-original-bachblueten-rescue-pets-tropfen-10ml-05480507\/#breadcrumb\"},\"inLanguage\":\"de\",\"potentialAction\":[{\"@type\":\"ReadAction\",\"target\":[\"https:\/\/www.loewen-apotheke24.com\/de\/shop\/marke\/bach-original-bachblueten-rescue-pets-tropfen-10ml-05480507\/\"]}]},{\"@type\":\"BreadcrumbList\",\"@id\":\"https:\/\/www.loewen-apotheke24.com\/de\/shop\/marke\/bach-original-bachblueten-rescue-pets-tropfen-10ml-05480507\/#breadcrumb\",\"itemListElement\":[{\"@type\":\"ListItem\",\"position\":1,\"name\":\"Shop\",\"item\":\"https:\/\/www.loewen-apotheke24.com\/de\/shop\/\"},{\"@type\":\"ListItem\",\"position\":2,\"name\":\"Bach Original Bachbl\u00fcten Rescue Pets Tropfen 10ml\"}]},{\"@type\":\"WebSite\",\"@id\":\"https:\/\/www.loewen-apotheke24.com\/de\/#website\",\"url\":\"https:\/\/www.loewen-apotheke24.com\/de\/\",\"name\":\"L\u00f6wen Apotheke24\",\"description\":\"Spezialist f\u00fcr Naturmedizin - Versandapotheke Baden-Baden\",\"publisher\":{\"@id\":\"https:\/\/www.loewen-apotheke24.com\/de\/#organization\"},\"potentialAction\":[{\"@type\":\"SearchAction\",\"target\":{\"@type\":\"EntryPoint\",\"urlTemplate\":\"https:\/\/www.loewen-apotheke24.com\/de\/?s={search_term_string}\"},\"query-input\":\"required name=search_term_string\"}],\"inLanguage\":\"de\"},{\"@type\":\"Organization\",\"@id\":\"https:\/\/www.loewen-apotheke24.com\/de\/#organization\",\"name\":\"L\u00f6wen Apotheke\",\"alternateName\":\"L\u00f6wen Apotheke\",\"url\":\"https:\/\/www.loewen-apotheke24.com\/de\/\",\"logo\":{\"@type\":\"ImageObject\",\"inLanguage\":\"de\",\"@id\":\"https:\/\/www.loewen-apotheke24.com\/de\/#\/schema\/logo\/image\/\",\"url\":\"https:\/\/www.loewen-apotheke24.com\/wp-content\/uploads\/2024\/02\/Logo-Loewen-Apotheke-700x700-1.png\",\"contentUrl\":\"https:\/\/www.loewen-apotheke24.com\/wp-content\/uploads\/2024\/02\/Logo-Loewen-Apotheke-700x700-1.png\",\"width\":700,\"height\":700,\"caption\":\"L\u00f6wen Apotheke\"},\"image\":{\"@id\":\"https:\/\/www.loewen-apotheke24.com\/de\/#\/schema\/logo\/image\/\"}}]}<\/script>\n<!-- \/ Yoast SEO Premium plugin. -->","yoast_head_json":{"title":"Bach Original Bachbl\u00fcten Rescue Pets Tropfen 10ml kaufen","description":"Ihr Spezialist f\u00fcr Naturheilkunde - Weltweiter Versand - kurze Lieferzeit. Tiermedizin von Nelson: Bach Original Bachbl\u00fcten Rescue Pets Tropfen 10ml","robots":{"index":"index","follow":"follow","max-snippet":"max-snippet:-1","max-image-preview":"max-image-preview:large","max-video-preview":"max-video-preview:-1"},"canonical":"https:\/\/www.loewen-apotheke24.com\/de\/shop\/marke\/bach-original-bachblueten-rescue-pets-tropfen-10ml-05480507\/","og_locale":"de_DE","og_type":"article","og_title":"Bach Original Bachbl\u00fcten Rescue Pets Tropfen 10ml kaufen","og_description":"Ihr Spezialist f\u00fcr Naturheilkunde - Weltweiter Versand - kurze Lieferzeit. Tiermedizin von Nelson: Bach Original Bachbl\u00fcten Rescue Pets Tropfen 10ml","og_url":"https:\/\/www.loewen-apotheke24.com\/de\/shop\/marke\/bach-original-bachblueten-rescue-pets-tropfen-10ml-05480507\/","og_site_name":"L\u00f6wen Apotheke24","article_modified_time":"2025-12-23T05:38:08+00:00","og_image":[{"width":600,"height":600,"url":"https:\/\/www.loewen-apotheke24.com\/wp-content\/uploads\/2017\/08\/Bachblueten-Original-Rescura-Pets-Tropfen-alkoholfrei-10-ml-von-Nelson.-PZN-16391899.-Loewen-Apotheke-Lions-Pharmacy.webp","type":"image\/webp"}],"twitter_card":"summary_large_image","twitter_misc":{"Gesch\u00e4tzte Lesezeit":"2\u00a0Minuten"},"schema":{"@context":"https:\/\/schema.org","@graph":[{"@type":"WebPage","@id":"https:\/\/www.loewen-apotheke24.com\/de\/shop\/marke\/bach-original-bachblueten-rescue-pets-tropfen-10ml-05480507\/","url":"https:\/\/www.loewen-apotheke24.com\/de\/shop\/marke\/bach-original-bachblueten-rescue-pets-tropfen-10ml-05480507\/","name":"Bach Original Bachbl\u00fcten Rescue Pets Tropfen 10ml kaufen","isPartOf":{"@id":"https:\/\/www.loewen-apotheke24.com\/de\/#website"},"datePublished":"2017-08-16T20:07:02+00:00","dateModified":"2025-12-23T05:38:08+00:00","description":"Ihr Spezialist f\u00fcr Naturheilkunde - Weltweiter Versand - kurze Lieferzeit. Tiermedizin von Nelson: Bach Original Bachbl\u00fcten Rescue Pets Tropfen 10ml","breadcrumb":{"@id":"https:\/\/www.loewen-apotheke24.com\/de\/shop\/marke\/bach-original-bachblueten-rescue-pets-tropfen-10ml-05480507\/#breadcrumb"},"inLanguage":"de","potentialAction":[{"@type":"ReadAction","target":["https:\/\/www.loewen-apotheke24.com\/de\/shop\/marke\/bach-original-bachblueten-rescue-pets-tropfen-10ml-05480507\/"]}]},{"@type":"BreadcrumbList","@id":"https:\/\/www.loewen-apotheke24.com\/de\/shop\/marke\/bach-original-bachblueten-rescue-pets-tropfen-10ml-05480507\/#breadcrumb","itemListElement":[{"@type":"ListItem","position":1,"name":"Shop","item":"https:\/\/www.loewen-apotheke24.com\/de\/shop\/"},{"@type":"ListItem","position":2,"name":"Bach Original Bachbl\u00fcten Rescue Pets Tropfen 10ml"}]},{"@type":"WebSite","@id":"https:\/\/www.loewen-apotheke24.com\/de\/#website","url":"https:\/\/www.loewen-apotheke24.com\/de\/","name":"L\u00f6wen Apotheke24","description":"Spezialist f\u00fcr Naturmedizin - Versandapotheke Baden-Baden","publisher":{"@id":"https:\/\/www.loewen-apotheke24.com\/de\/#organization"},"potentialAction":[{"@type":"SearchAction","target":{"@type":"EntryPoint","urlTemplate":"https:\/\/www.loewen-apotheke24.com\/de\/?s={search_term_string}"},"query-input":"required name=search_term_string"}],"inLanguage":"de"},{"@type":"Organization","@id":"https:\/\/www.loewen-apotheke24.com\/de\/#organization","name":"L\u00f6wen Apotheke","alternateName":"L\u00f6wen Apotheke","url":"https:\/\/www.loewen-apotheke24.com\/de\/","logo":{"@type":"ImageObject","inLanguage":"de","@id":"https:\/\/www.loewen-apotheke24.com\/de\/#\/schema\/logo\/image\/","url":"https:\/\/www.loewen-apotheke24.com\/wp-content\/uploads\/2024\/02\/Logo-Loewen-Apotheke-700x700-1.png","contentUrl":"https:\/\/www.loewen-apotheke24.com\/wp-content\/uploads\/2024\/02\/Logo-Loewen-Apotheke-700x700-1.png","width":700,"height":700,"caption":"L\u00f6wen Apotheke"},"image":{"@id":"https:\/\/www.loewen-apotheke24.com\/de\/#\/schema\/logo\/image\/"}}]}},"_links":{"self":[{"href":"https:\/\/www.loewen-apotheke24.com\/de\/wp-json\/wp\/v2\/product\/1337"}],"collection":[{"href":"https:\/\/www.loewen-apotheke24.com\/de\/wp-json\/wp\/v2\/product"}],"about":[{"href":"https:\/\/www.loewen-apotheke24.com\/de\/wp-json\/wp\/v2\/types\/product"}],"wp:featuredmedia":[{"embeddable":true,"href":"https:\/\/www.loewen-apotheke24.com\/de\/wp-json\/wp\/v2\/media\/119648"}],"wp:attachment":[{"href":"https:\/\/www.loewen-apotheke24.com\/de\/wp-json\/wp\/v2\/media?parent=1337"}],"wp:term":[{"taxonomy":"product_cat","embeddable":true,"href":"https:\/\/www.loewen-apotheke24.com\/de\/wp-json\/wp\/v2\/product_cat?post=1337"},{"taxonomy":"product_tag","embeddable":true,"href":"https:\/\/www.loewen-apotheke24.com\/de\/wp-json\/wp\/v2\/product_tag?post=1337"}],"curies":[{"name":"wp","href":"https:\/\/api.w.org\/{rel}","templated":true}]}}