{"id":136068,"date":"2025-07-08T20:05:28","date_gmt":"2025-07-08T19:05:28","guid":{"rendered":"https:\/\/www.loewen-apotheke24.com\/?post_type=product&#038;p=136068"},"modified":"2026-03-02T07:20:11","modified_gmt":"2026-03-02T06:20:11","slug":"omni-biotic-10-pulver-40x5g-doppelpack","status":"publish","type":"product","link":"https:\/\/www.loewen-apotheke24.com\/de\/shop\/angebot\/omni-biotic-10-pulver-40x5g-doppelpack\/","title":{"rendered":"OMNI-BiOTiC 10 Pulver 40x5g (Doppelpack)"},"content":{"rendered":"<h3 style=\"text-align: left;\">OMNI-BiOTiC 10<\/h3>\n<p>OMNi-BiOTiC 10 Pulver enth\u00e4lt pro Portion 5 Milliarden Darmbakterien aus 10 verschiedenen St\u00e4mmen, die nat\u00fcrlich im menschlichen Darm vorkommen. In wissenschaftlichen Studien wurde gezeigt, dass sich die in OMNi-BiOTiC\u00ae 10 enthaltenen Bakterien im Darm ansiedeln und vermehren k\u00f6nnen. Die enthaltenen Bakterienst\u00e4mme siedeln sich nachhaltig im Darm an<\/p>\n<p>Antibiotika zerst\u00f6ren nicht nur Krankheitserreger, sondern auch ganze St\u00e4mme der \u201eguten\u201c Darmbakterien. Deshalb ist es gerade bei einer Antibiotika-Therapie wichtig, dem K\u00f6rper \u201eNachschub\u201c in Form von nat\u00fcrlich im menschlichen Darm vorkommenden Bakterien zuzuf\u00fchren.<\/p>\n<p>Weitere Produktdetails finden Sie beim Hersteller: <a href=\"https:\/\/www.allergosan.com\/de\/unsere-produkte\/omni-biotic\/\" target=\"_blank\" rel=\"noopener\">Omni-Biotic 10 Pulver<\/a><br \/>\nAlternativer Produktname: Omnibiotic 10 Pulver<\/p>\n<p>Die Apothekerin empfiehlt ihren Kunden bei viraler Infektion:\u00a0<a href=\"https:\/\/www.loewen-apotheke24.com\/de\/shop\/labo-life\/labo-life-2l-eid-kapseln-30-st\/\">Labo Life 2L EID<\/a><\/p>\n<p>Andere Kunden interessierten sich auch f\u00fcr Produkte zum Thema: <a href=\"https:\/\/www.loewen-apotheke24.com\/de\/product_tag\/corona\/\">Infektion | Immunsystem St\u00e4rkung nach Corona\u00a0<\/a><\/p>\n<p>Informationen auf dieser Website werden ausschlie\u00dflich f\u00fcr informative Zwecke zur Verf\u00fcgung gestellt. Sie ersetzen keinesfalls die Untersuchung und Behandlung durch einen Arzt. Bitte beachten Sie, dass hierdurch weder Diagnosen gestellt noch Therapien eingeleitet werden k\u00f6nnen. Nahrungserg\u00e4nzungsmittel. Die empfohlene Verzehrmenge pro Tag darf nicht \u00fcberschritten werden.<\/p>\n<p>Zu Risiken und Nebenwirkungen lesen Sie die Packungsbeilage und fragen Sie Ihren Arzt oder Apotheker.<\/p>\n","protected":false},"excerpt":{"rendered":"<h2>OMNI-BiOTiC 10 Pulver (Doppelpack)<\/h2>\n<p>Nahrungserg\u00e4nzungsmittel mit hochaktiven Darmsymbionten zur Unterst\u00fctzung der Abwehrkr\u00e4fte des K\u00f6rpers, Wiederaufbau der Darmkulturen.<\/p>\n<p><strong>PZN<\/strong>: 13584830\u00a0 (Pharmazentralnummer)<\/p>\n<p><strong>Darreichungsform<\/strong>: Pulver \/ Beutel<\/p>\n<p><strong>Verordnungsart<\/strong>: Rezeptfrei<\/p>\n<p><strong>Marke<\/strong>: OMNI-BiOTiC<\/p>\n<p><strong>Hersteller<\/strong>: INSTITUT ALLERGOSAN Deutschland (privat) GmbH<\/p>\n<p><strong>Packungsgr\u00f6\u00dfe<\/strong>: 2x 40 St.<\/p>\n","protected":false},"featured_media":136091,"template":"","meta":[],"product_cat":[13,43,970,413],"product_tag":[402,225,354,139,469],"yoast_head":"<!-- This site is optimized with the Yoast SEO Premium plugin v21.0 (Yoast SEO v21.0) - https:\/\/yoast.com\/wordpress\/plugins\/seo\/ -->\n<title>OMNI-BiOTiC 10 Pulver im Vorteilspack g\u00fcnstig kaufen - L\u00f6wen Apotheke24<\/title>\n<meta name=\"description\" content=\"Ihr Spezialist f\u00fcr Naturheilkunde. Top Service und Preise. Kurze Lieferzeit. Antibiotikum, Darmflora aufbauen - OMNI-BiOTiC 10 Pulver 40x 5g Vorteilspack\" \/>\n<meta name=\"robots\" content=\"index, follow, max-snippet:-1, max-image-preview:large, max-video-preview:-1\" \/>\n<link rel=\"canonical\" href=\"https:\/\/www.loewen-apotheke24.com\/de\/shop\/angebot\/omni-biotic-10-pulver-40x5g-doppelpack\/\" \/>\n<meta property=\"og:locale\" content=\"de_DE\" \/>\n<meta property=\"og:type\" content=\"article\" \/>\n<meta property=\"og:title\" content=\"OMNI-BiOTiC 10 Pulver im Vorteilspack g\u00fcnstig kaufen - L\u00f6wen Apotheke24\" \/>\n<meta property=\"og:description\" content=\"Ihr Spezialist f\u00fcr Naturheilkunde. Top Service und Preise. Kurze Lieferzeit. Antibiotikum, Darmflora aufbauen - OMNI-BiOTiC 10 Pulver 40x 5g Vorteilspack\" \/>\n<meta property=\"og:url\" content=\"https:\/\/www.loewen-apotheke24.com\/de\/shop\/angebot\/omni-biotic-10-pulver-40x5g-doppelpack\/\" \/>\n<meta property=\"og:site_name\" content=\"L\u00f6wen Apotheke24\" \/>\n<meta property=\"article:modified_time\" content=\"2026-03-02T06:20:11+00:00\" \/>\n<meta property=\"og:image\" content=\"https:\/\/www.loewen-apotheke24.com\/wp-content\/uploads\/2025\/07\/omni-biotic-10-pulver-40x-5g-im-Vorteilspack-Loewen-Apotheke24.webp\" \/>\n\t<meta property=\"og:image:width\" content=\"600\" \/>\n\t<meta property=\"og:image:height\" content=\"600\" \/>\n\t<meta property=\"og:image:type\" content=\"image\/webp\" \/>\n<meta name=\"twitter:card\" content=\"summary_large_image\" \/>\n<meta name=\"twitter:label1\" content=\"Gesch\u00e4tzte Lesezeit\" \/>\n\t<meta name=\"twitter:data1\" content=\"2\u00a0Minuten\" \/>\n<script type=\"application\/ld+json\" class=\"yoast-schema-graph\">{\"@context\":\"https:\/\/schema.org\",\"@graph\":[{\"@type\":\"WebPage\",\"@id\":\"https:\/\/www.loewen-apotheke24.com\/de\/shop\/angebot\/omni-biotic-10-pulver-40x5g-doppelpack\/\",\"url\":\"https:\/\/www.loewen-apotheke24.com\/de\/shop\/angebot\/omni-biotic-10-pulver-40x5g-doppelpack\/\",\"name\":\"OMNI-BiOTiC 10 Pulver im Vorteilspack g\u00fcnstig kaufen - L\u00f6wen Apotheke24\",\"isPartOf\":{\"@id\":\"https:\/\/www.loewen-apotheke24.com\/de\/#website\"},\"datePublished\":\"2025-07-08T19:05:28+00:00\",\"dateModified\":\"2026-03-02T06:20:11+00:00\",\"description\":\"Ihr Spezialist f\u00fcr Naturheilkunde. Top Service und Preise. Kurze Lieferzeit. Antibiotikum, Darmflora aufbauen - OMNI-BiOTiC 10 Pulver 40x 5g Vorteilspack\",\"breadcrumb\":{\"@id\":\"https:\/\/www.loewen-apotheke24.com\/de\/shop\/angebot\/omni-biotic-10-pulver-40x5g-doppelpack\/#breadcrumb\"},\"inLanguage\":\"de\",\"potentialAction\":[{\"@type\":\"ReadAction\",\"target\":[\"https:\/\/www.loewen-apotheke24.com\/de\/shop\/angebot\/omni-biotic-10-pulver-40x5g-doppelpack\/\"]}]},{\"@type\":\"BreadcrumbList\",\"@id\":\"https:\/\/www.loewen-apotheke24.com\/de\/shop\/angebot\/omni-biotic-10-pulver-40x5g-doppelpack\/#breadcrumb\",\"itemListElement\":[{\"@type\":\"ListItem\",\"position\":1,\"name\":\"Shop\",\"item\":\"https:\/\/www.loewen-apotheke24.com\/de\/shop\/\"},{\"@type\":\"ListItem\",\"position\":2,\"name\":\"OMNI-BiOTiC 10 Pulver 40x5g (Doppelpack)\"}]},{\"@type\":\"WebSite\",\"@id\":\"https:\/\/www.loewen-apotheke24.com\/de\/#website\",\"url\":\"https:\/\/www.loewen-apotheke24.com\/de\/\",\"name\":\"L\u00f6wen Apotheke24\",\"description\":\"Spezialist f\u00fcr Naturmedizin - Versandapotheke Baden-Baden\",\"publisher\":{\"@id\":\"https:\/\/www.loewen-apotheke24.com\/de\/#organization\"},\"potentialAction\":[{\"@type\":\"SearchAction\",\"target\":{\"@type\":\"EntryPoint\",\"urlTemplate\":\"https:\/\/www.loewen-apotheke24.com\/de\/?s={search_term_string}\"},\"query-input\":\"required name=search_term_string\"}],\"inLanguage\":\"de\"},{\"@type\":\"Organization\",\"@id\":\"https:\/\/www.loewen-apotheke24.com\/de\/#organization\",\"name\":\"L\u00f6wen Apotheke\",\"alternateName\":\"L\u00f6wen Apotheke\",\"url\":\"https:\/\/www.loewen-apotheke24.com\/de\/\",\"logo\":{\"@type\":\"ImageObject\",\"inLanguage\":\"de\",\"@id\":\"https:\/\/www.loewen-apotheke24.com\/de\/#\/schema\/logo\/image\/\",\"url\":\"https:\/\/www.loewen-apotheke24.com\/wp-content\/uploads\/2024\/02\/Logo-Loewen-Apotheke-700x700-1.png\",\"contentUrl\":\"https:\/\/www.loewen-apotheke24.com\/wp-content\/uploads\/2024\/02\/Logo-Loewen-Apotheke-700x700-1.png\",\"width\":700,\"height\":700,\"caption\":\"L\u00f6wen Apotheke\"},\"image\":{\"@id\":\"https:\/\/www.loewen-apotheke24.com\/de\/#\/schema\/logo\/image\/\"}}]}<\/script>\n<!-- \/ Yoast SEO Premium plugin. -->","yoast_head_json":{"title":"OMNI-BiOTiC 10 Pulver im Vorteilspack g\u00fcnstig kaufen - L\u00f6wen Apotheke24","description":"Ihr Spezialist f\u00fcr Naturheilkunde. Top Service und Preise. Kurze Lieferzeit. Antibiotikum, Darmflora aufbauen - OMNI-BiOTiC 10 Pulver 40x 5g Vorteilspack","robots":{"index":"index","follow":"follow","max-snippet":"max-snippet:-1","max-image-preview":"max-image-preview:large","max-video-preview":"max-video-preview:-1"},"canonical":"https:\/\/www.loewen-apotheke24.com\/de\/shop\/angebot\/omni-biotic-10-pulver-40x5g-doppelpack\/","og_locale":"de_DE","og_type":"article","og_title":"OMNI-BiOTiC 10 Pulver im Vorteilspack g\u00fcnstig kaufen - L\u00f6wen Apotheke24","og_description":"Ihr Spezialist f\u00fcr Naturheilkunde. Top Service und Preise. Kurze Lieferzeit. Antibiotikum, Darmflora aufbauen - OMNI-BiOTiC 10 Pulver 40x 5g Vorteilspack","og_url":"https:\/\/www.loewen-apotheke24.com\/de\/shop\/angebot\/omni-biotic-10-pulver-40x5g-doppelpack\/","og_site_name":"L\u00f6wen Apotheke24","article_modified_time":"2026-03-02T06:20:11+00:00","og_image":[{"width":600,"height":600,"url":"https:\/\/www.loewen-apotheke24.com\/wp-content\/uploads\/2025\/07\/omni-biotic-10-pulver-40x-5g-im-Vorteilspack-Loewen-Apotheke24.webp","type":"image\/webp"}],"twitter_card":"summary_large_image","twitter_misc":{"Gesch\u00e4tzte Lesezeit":"2\u00a0Minuten"},"schema":{"@context":"https:\/\/schema.org","@graph":[{"@type":"WebPage","@id":"https:\/\/www.loewen-apotheke24.com\/de\/shop\/angebot\/omni-biotic-10-pulver-40x5g-doppelpack\/","url":"https:\/\/www.loewen-apotheke24.com\/de\/shop\/angebot\/omni-biotic-10-pulver-40x5g-doppelpack\/","name":"OMNI-BiOTiC 10 Pulver im Vorteilspack g\u00fcnstig kaufen - L\u00f6wen Apotheke24","isPartOf":{"@id":"https:\/\/www.loewen-apotheke24.com\/de\/#website"},"datePublished":"2025-07-08T19:05:28+00:00","dateModified":"2026-03-02T06:20:11+00:00","description":"Ihr Spezialist f\u00fcr Naturheilkunde. Top Service und Preise. Kurze Lieferzeit. Antibiotikum, Darmflora aufbauen - OMNI-BiOTiC 10 Pulver 40x 5g Vorteilspack","breadcrumb":{"@id":"https:\/\/www.loewen-apotheke24.com\/de\/shop\/angebot\/omni-biotic-10-pulver-40x5g-doppelpack\/#breadcrumb"},"inLanguage":"de","potentialAction":[{"@type":"ReadAction","target":["https:\/\/www.loewen-apotheke24.com\/de\/shop\/angebot\/omni-biotic-10-pulver-40x5g-doppelpack\/"]}]},{"@type":"BreadcrumbList","@id":"https:\/\/www.loewen-apotheke24.com\/de\/shop\/angebot\/omni-biotic-10-pulver-40x5g-doppelpack\/#breadcrumb","itemListElement":[{"@type":"ListItem","position":1,"name":"Shop","item":"https:\/\/www.loewen-apotheke24.com\/de\/shop\/"},{"@type":"ListItem","position":2,"name":"OMNI-BiOTiC 10 Pulver 40x5g (Doppelpack)"}]},{"@type":"WebSite","@id":"https:\/\/www.loewen-apotheke24.com\/de\/#website","url":"https:\/\/www.loewen-apotheke24.com\/de\/","name":"L\u00f6wen Apotheke24","description":"Spezialist f\u00fcr Naturmedizin - Versandapotheke Baden-Baden","publisher":{"@id":"https:\/\/www.loewen-apotheke24.com\/de\/#organization"},"potentialAction":[{"@type":"SearchAction","target":{"@type":"EntryPoint","urlTemplate":"https:\/\/www.loewen-apotheke24.com\/de\/?s={search_term_string}"},"query-input":"required name=search_term_string"}],"inLanguage":"de"},{"@type":"Organization","@id":"https:\/\/www.loewen-apotheke24.com\/de\/#organization","name":"L\u00f6wen Apotheke","alternateName":"L\u00f6wen Apotheke","url":"https:\/\/www.loewen-apotheke24.com\/de\/","logo":{"@type":"ImageObject","inLanguage":"de","@id":"https:\/\/www.loewen-apotheke24.com\/de\/#\/schema\/logo\/image\/","url":"https:\/\/www.loewen-apotheke24.com\/wp-content\/uploads\/2024\/02\/Logo-Loewen-Apotheke-700x700-1.png","contentUrl":"https:\/\/www.loewen-apotheke24.com\/wp-content\/uploads\/2024\/02\/Logo-Loewen-Apotheke-700x700-1.png","width":700,"height":700,"caption":"L\u00f6wen Apotheke"},"image":{"@id":"https:\/\/www.loewen-apotheke24.com\/de\/#\/schema\/logo\/image\/"}}]}},"_links":{"self":[{"href":"https:\/\/www.loewen-apotheke24.com\/de\/wp-json\/wp\/v2\/product\/136068"}],"collection":[{"href":"https:\/\/www.loewen-apotheke24.com\/de\/wp-json\/wp\/v2\/product"}],"about":[{"href":"https:\/\/www.loewen-apotheke24.com\/de\/wp-json\/wp\/v2\/types\/product"}],"wp:featuredmedia":[{"embeddable":true,"href":"https:\/\/www.loewen-apotheke24.com\/de\/wp-json\/wp\/v2\/media\/136091"}],"wp:attachment":[{"href":"https:\/\/www.loewen-apotheke24.com\/de\/wp-json\/wp\/v2\/media?parent=136068"}],"wp:term":[{"taxonomy":"product_cat","embeddable":true,"href":"https:\/\/www.loewen-apotheke24.com\/de\/wp-json\/wp\/v2\/product_cat?post=136068"},{"taxonomy":"product_tag","embeddable":true,"href":"https:\/\/www.loewen-apotheke24.com\/de\/wp-json\/wp\/v2\/product_tag?post=136068"}],"curies":[{"name":"wp","href":"https:\/\/api.w.org\/{rel}","templated":true}]}}