{"id":138007,"date":"2025-07-30T07:01:37","date_gmt":"2025-07-30T06:01:37","guid":{"rendered":"https:\/\/www.loewen-apotheke24.com\/?post_type=product&#038;p=138007"},"modified":"2025-07-30T07:07:49","modified_gmt":"2025-07-30T06:07:49","slug":"ciclopoli-nagellack-gegen-nagelpilz-66ml-02247667","status":"publish","type":"product","link":"https:\/\/www.loewen-apotheke24.com\/de\/shop\/angebot\/ciclopoli-nagellack-gegen-nagelpilz-66ml-02247667\/","title":{"rendered":"Ciclopoli Nagellack gegen Nagelpilz (6,6ml) mit Applikationshilfe"},"content":{"rendered":"<h3 style=\"text-align: left;\">Ciclopoli Nagellack gegen Nagelpilz<\/h3>\n<p>Ciclopoli Nagellack gegen Nagelpilz der Nagellack gegen Nagelpilz.\u00a0Das Pr\u00e4parat ist ein breit wirkendes pilzt\u00f6tendes Arzneimittel (Breitspektrum-Antimykotikum). Es wird zur Behandlung von Pilzerkrankungen der N\u00e4gel (Onychomykose) angewandt, die durch Fadenpilze und\/oder andere Pilze, die mit Ciclopirox behandelt werden k\u00f6nnen, verursacht wurden. Der Wirkstoff Ciclopirox hindert die Pilze am Wachstum und t\u00f6tet sie ab. Dadurch wird das Aussehen Ihrer N\u00e4gel verbessert.<\/p>\n<p><strong>Produkt enth\u00e4lt:<\/strong><\/p>\n<p>Wirkstoff: Ciclopirox<\/p>\n<p>Angaben vom Hersteller <a href=\"https:\/\/www.ciclopoli.de\/ciclopoli-nagellack\/\" target=\"_blank\" rel=\"noopener\">Almirall Hermal GmbH<\/a><br \/>\nAndere Kunden interessierten sich auch f\u00fcr Produkte zum Thema: \u00a0<a href=\"https:\/\/www.loewen-apotheke24.com\/de\/product_tag\/reiseapotheke\/\">Reiseapotheke<\/a><\/p>\n<p>Hinweis zur Anwendung und Einnahme: Die auf dieser Website bereitgestellten Informationen dienen ausschlie\u00dflich der allgemeinen Information. Sie ersetzen nicht die fachliche Beratung, Diagnose oder Behandlung durch einen Arzt.<\/p>\n<p>Zu Risiken und Nebenwirkungen lesen Sie die Packungsbeilage und fragen Sie Ihre \u00c4rztin, Ihren Arzt oder in Ihrer Apotheke.<\/p>\n<h3 style=\"text-align: left;\">Rezept oder E-Rezept einl\u00f6sen:<\/h3>\n<p>Sie haben ein Rezept oder E-Rezept? Reichen Sie es bequem \u00fcber unsere <a class=\"ProsemirrorEditor-link\" href=\"https:\/\/e-rezept-app.de\/shop-rezept\">E-Rezept<\/a> App ein \u2013 auch Privatrezepte f\u00fcr Selbstzahler sind m\u00f6glich. Schnell, sicher und einfach.<\/p>\n<h3 class=\"TypographyPresentation TypographyPresentation--medium RichText3-paragraph--withVSpacingNormal RichText3-paragraph HighlightSol HighlightSol--buildingBlock\" style=\"text-align: left;\">Fragen zum Produkt? Wir sind f\u00fcr Sie da!<\/h3>\n<p class=\"TypographyPresentation TypographyPresentation--medium RichText3-paragraph--withVSpacingNormal RichText3-paragraph HighlightSol HighlightSol--buildingBlock\">Unsere verantwortliche Apothekerin\u00a0<strong>Dr. Sandra Hoff<\/strong>\u00a0und ihr Team beraten Sie gerne pers\u00f6nlich \u2013 telefonisch oder per E-Mail. Als\u00a0<strong>echte Apotheke vor Ort<\/strong>\u00a0und\u00a0<strong>zugelassene Versandapotheke<\/strong> bieten wir Ihnen kompetente Unterst\u00fctzung, besonders in den Bereichen <a href=\"https:\/\/www.loewen-apotheke24.com\/de\/product_tag\/naturheilmittel\/\">Naturheilkunde<\/a>\u00a0und\u00a0<a href=\"https:\/\/www.loewen-apotheke24.com\/de\/product_tag\/vitamine-mineralien-nahrungsergaenzung\/\">Nahrungserg\u00e4nzungsmittel<\/a>. Unsere Erlaubnis finden Sie als <a href=\"https:\/\/versandhandel.dimdi.de\/websearch\/servlet\/Gate;jsessionid=0D29D15655BE1174E9178A340E8FE6BC?accessid=dimdi_var&amp;term=3c387956690121ccc8763184f052b93f\" target=\"_blank\" rel=\"noopener\">Eintrag im Versandhandelsregister.<\/a><\/p>\n","protected":false},"excerpt":{"rendered":"<h3 style=\"text-align: left;\">Ciclopoli Nagellack gegen Nagelpilz mit Applikationshilfe<\/h3>\n<p>Nagellack mit dem bew\u00e4hrten Wirkstoff Ciclopirox gegen Nagelpilz.<\/p>\n<p><strong>PZN<\/strong>: 02247667 (Pharmazentralnummer)<\/p>\n<p><strong>Darreichungsform<\/strong>:\u00a0 Gel mit Applikationshilfe<\/p>\n<p><strong>Packungsgr\u00f6\u00dfe<\/strong>: 6,6 ml<\/p>\n<p><strong>Marke<\/strong>: Ciclopoli<\/p>\n<p><strong>Hersteller<\/strong>: \u200eAlmirall Hermal GmbH<\/p>\n","protected":false},"featured_media":138009,"template":"","meta":[],"product_cat":[13,43],"product_tag":[267,1027,139,470,469],"yoast_head":"<!-- This site is optimized with the Yoast SEO Premium plugin v21.0 (Yoast SEO v21.0) - https:\/\/yoast.com\/wordpress\/plugins\/seo\/ -->\n<title>Ciclopoli Nagellack gegen Nagelpilz (6,6ml) mit Applikationshilfe<\/title>\n<meta name=\"description\" content=\"Spezialist f\u00fcr Naturheilkunde bietet Top-Service, kurze Lieferzeit &amp; niedrige Preise. Ciclopoli Nagellack gegen Nagelpilz (6,6ml) mit Applikationshilfe\" \/>\n<meta name=\"robots\" content=\"index, follow, max-snippet:-1, max-image-preview:large, max-video-preview:-1\" \/>\n<link rel=\"canonical\" href=\"https:\/\/www.loewen-apotheke24.com\/de\/shop\/angebot\/ciclopoli-nagellack-gegen-nagelpilz-66ml-02247667\/\" \/>\n<meta property=\"og:locale\" content=\"de_DE\" \/>\n<meta property=\"og:type\" content=\"article\" \/>\n<meta property=\"og:title\" content=\"Ciclopoli Nagellack gegen Nagelpilz (6,6ml) mit Applikationshilfe\" \/>\n<meta property=\"og:description\" content=\"Spezialist f\u00fcr Naturheilkunde bietet Top-Service, kurze Lieferzeit &amp; niedrige Preise. Ciclopoli Nagellack gegen Nagelpilz (6,6ml) mit Applikationshilfe\" \/>\n<meta property=\"og:url\" content=\"https:\/\/www.loewen-apotheke24.com\/de\/shop\/angebot\/ciclopoli-nagellack-gegen-nagelpilz-66ml-02247667\/\" \/>\n<meta property=\"og:site_name\" content=\"L\u00f6wen Apotheke24\" \/>\n<meta property=\"article:modified_time\" content=\"2025-07-30T06:07:49+00:00\" \/>\n<meta property=\"og:image\" content=\"https:\/\/www.loewen-apotheke24.com\/wp-content\/uploads\/2025\/07\/Ciclopoli\u00ae-Nagellack-gegen-Nagelpilz-mit-Applikationshilfe-Loewen-Apotheke24-Baden-Baden-Deutschland.webp\" \/>\n\t<meta property=\"og:image:width\" content=\"600\" \/>\n\t<meta property=\"og:image:height\" content=\"600\" \/>\n\t<meta property=\"og:image:type\" content=\"image\/webp\" \/>\n<meta name=\"twitter:card\" content=\"summary_large_image\" \/>\n<meta name=\"twitter:label1\" content=\"Gesch\u00e4tzte Lesezeit\" \/>\n\t<meta name=\"twitter:data1\" content=\"2\u00a0Minuten\" \/>\n<script type=\"application\/ld+json\" class=\"yoast-schema-graph\">{\"@context\":\"https:\/\/schema.org\",\"@graph\":[{\"@type\":\"WebPage\",\"@id\":\"https:\/\/www.loewen-apotheke24.com\/de\/shop\/angebot\/ciclopoli-nagellack-gegen-nagelpilz-66ml-02247667\/\",\"url\":\"https:\/\/www.loewen-apotheke24.com\/de\/shop\/angebot\/ciclopoli-nagellack-gegen-nagelpilz-66ml-02247667\/\",\"name\":\"Ciclopoli Nagellack gegen Nagelpilz (6,6ml) mit Applikationshilfe\",\"isPartOf\":{\"@id\":\"https:\/\/www.loewen-apotheke24.com\/de\/#website\"},\"datePublished\":\"2025-07-30T06:01:37+00:00\",\"dateModified\":\"2025-07-30T06:07:49+00:00\",\"description\":\"Spezialist f\u00fcr Naturheilkunde bietet Top-Service, kurze Lieferzeit & niedrige Preise. Ciclopoli Nagellack gegen Nagelpilz (6,6ml) mit Applikationshilfe\",\"breadcrumb\":{\"@id\":\"https:\/\/www.loewen-apotheke24.com\/de\/shop\/angebot\/ciclopoli-nagellack-gegen-nagelpilz-66ml-02247667\/#breadcrumb\"},\"inLanguage\":\"de\",\"potentialAction\":[{\"@type\":\"ReadAction\",\"target\":[\"https:\/\/www.loewen-apotheke24.com\/de\/shop\/angebot\/ciclopoli-nagellack-gegen-nagelpilz-66ml-02247667\/\"]}]},{\"@type\":\"BreadcrumbList\",\"@id\":\"https:\/\/www.loewen-apotheke24.com\/de\/shop\/angebot\/ciclopoli-nagellack-gegen-nagelpilz-66ml-02247667\/#breadcrumb\",\"itemListElement\":[{\"@type\":\"ListItem\",\"position\":1,\"name\":\"Shop\",\"item\":\"https:\/\/www.loewen-apotheke24.com\/de\/shop\/\"},{\"@type\":\"ListItem\",\"position\":2,\"name\":\"Ciclopoli Nagellack gegen Nagelpilz (6,6ml) mit Applikationshilfe\"}]},{\"@type\":\"WebSite\",\"@id\":\"https:\/\/www.loewen-apotheke24.com\/de\/#website\",\"url\":\"https:\/\/www.loewen-apotheke24.com\/de\/\",\"name\":\"L\u00f6wen Apotheke24\",\"description\":\"Spezialist f\u00fcr Naturmedizin - Versandapotheke Baden-Baden\",\"publisher\":{\"@id\":\"https:\/\/www.loewen-apotheke24.com\/de\/#organization\"},\"potentialAction\":[{\"@type\":\"SearchAction\",\"target\":{\"@type\":\"EntryPoint\",\"urlTemplate\":\"https:\/\/www.loewen-apotheke24.com\/de\/?s={search_term_string}\"},\"query-input\":\"required name=search_term_string\"}],\"inLanguage\":\"de\"},{\"@type\":\"Organization\",\"@id\":\"https:\/\/www.loewen-apotheke24.com\/de\/#organization\",\"name\":\"L\u00f6wen Apotheke\",\"alternateName\":\"L\u00f6wen Apotheke\",\"url\":\"https:\/\/www.loewen-apotheke24.com\/de\/\",\"logo\":{\"@type\":\"ImageObject\",\"inLanguage\":\"de\",\"@id\":\"https:\/\/www.loewen-apotheke24.com\/de\/#\/schema\/logo\/image\/\",\"url\":\"https:\/\/www.loewen-apotheke24.com\/wp-content\/uploads\/2024\/02\/Logo-Loewen-Apotheke-700x700-1.png\",\"contentUrl\":\"https:\/\/www.loewen-apotheke24.com\/wp-content\/uploads\/2024\/02\/Logo-Loewen-Apotheke-700x700-1.png\",\"width\":700,\"height\":700,\"caption\":\"L\u00f6wen Apotheke\"},\"image\":{\"@id\":\"https:\/\/www.loewen-apotheke24.com\/de\/#\/schema\/logo\/image\/\"}}]}<\/script>\n<!-- \/ Yoast SEO Premium plugin. -->","yoast_head_json":{"title":"Ciclopoli Nagellack gegen Nagelpilz (6,6ml) mit Applikationshilfe","description":"Spezialist f\u00fcr Naturheilkunde bietet Top-Service, kurze Lieferzeit & niedrige Preise. Ciclopoli Nagellack gegen Nagelpilz (6,6ml) mit Applikationshilfe","robots":{"index":"index","follow":"follow","max-snippet":"max-snippet:-1","max-image-preview":"max-image-preview:large","max-video-preview":"max-video-preview:-1"},"canonical":"https:\/\/www.loewen-apotheke24.com\/de\/shop\/angebot\/ciclopoli-nagellack-gegen-nagelpilz-66ml-02247667\/","og_locale":"de_DE","og_type":"article","og_title":"Ciclopoli Nagellack gegen Nagelpilz (6,6ml) mit Applikationshilfe","og_description":"Spezialist f\u00fcr Naturheilkunde bietet Top-Service, kurze Lieferzeit & niedrige Preise. Ciclopoli Nagellack gegen Nagelpilz (6,6ml) mit Applikationshilfe","og_url":"https:\/\/www.loewen-apotheke24.com\/de\/shop\/angebot\/ciclopoli-nagellack-gegen-nagelpilz-66ml-02247667\/","og_site_name":"L\u00f6wen Apotheke24","article_modified_time":"2025-07-30T06:07:49+00:00","og_image":[{"width":600,"height":600,"url":"https:\/\/www.loewen-apotheke24.com\/wp-content\/uploads\/2025\/07\/Ciclopoli\u00ae-Nagellack-gegen-Nagelpilz-mit-Applikationshilfe-Loewen-Apotheke24-Baden-Baden-Deutschland.webp","type":"image\/webp"}],"twitter_card":"summary_large_image","twitter_misc":{"Gesch\u00e4tzte Lesezeit":"2\u00a0Minuten"},"schema":{"@context":"https:\/\/schema.org","@graph":[{"@type":"WebPage","@id":"https:\/\/www.loewen-apotheke24.com\/de\/shop\/angebot\/ciclopoli-nagellack-gegen-nagelpilz-66ml-02247667\/","url":"https:\/\/www.loewen-apotheke24.com\/de\/shop\/angebot\/ciclopoli-nagellack-gegen-nagelpilz-66ml-02247667\/","name":"Ciclopoli Nagellack gegen Nagelpilz (6,6ml) mit Applikationshilfe","isPartOf":{"@id":"https:\/\/www.loewen-apotheke24.com\/de\/#website"},"datePublished":"2025-07-30T06:01:37+00:00","dateModified":"2025-07-30T06:07:49+00:00","description":"Spezialist f\u00fcr Naturheilkunde bietet Top-Service, kurze Lieferzeit & niedrige Preise. Ciclopoli Nagellack gegen Nagelpilz (6,6ml) mit Applikationshilfe","breadcrumb":{"@id":"https:\/\/www.loewen-apotheke24.com\/de\/shop\/angebot\/ciclopoli-nagellack-gegen-nagelpilz-66ml-02247667\/#breadcrumb"},"inLanguage":"de","potentialAction":[{"@type":"ReadAction","target":["https:\/\/www.loewen-apotheke24.com\/de\/shop\/angebot\/ciclopoli-nagellack-gegen-nagelpilz-66ml-02247667\/"]}]},{"@type":"BreadcrumbList","@id":"https:\/\/www.loewen-apotheke24.com\/de\/shop\/angebot\/ciclopoli-nagellack-gegen-nagelpilz-66ml-02247667\/#breadcrumb","itemListElement":[{"@type":"ListItem","position":1,"name":"Shop","item":"https:\/\/www.loewen-apotheke24.com\/de\/shop\/"},{"@type":"ListItem","position":2,"name":"Ciclopoli Nagellack gegen Nagelpilz (6,6ml) mit Applikationshilfe"}]},{"@type":"WebSite","@id":"https:\/\/www.loewen-apotheke24.com\/de\/#website","url":"https:\/\/www.loewen-apotheke24.com\/de\/","name":"L\u00f6wen Apotheke24","description":"Spezialist f\u00fcr Naturmedizin - Versandapotheke Baden-Baden","publisher":{"@id":"https:\/\/www.loewen-apotheke24.com\/de\/#organization"},"potentialAction":[{"@type":"SearchAction","target":{"@type":"EntryPoint","urlTemplate":"https:\/\/www.loewen-apotheke24.com\/de\/?s={search_term_string}"},"query-input":"required name=search_term_string"}],"inLanguage":"de"},{"@type":"Organization","@id":"https:\/\/www.loewen-apotheke24.com\/de\/#organization","name":"L\u00f6wen Apotheke","alternateName":"L\u00f6wen Apotheke","url":"https:\/\/www.loewen-apotheke24.com\/de\/","logo":{"@type":"ImageObject","inLanguage":"de","@id":"https:\/\/www.loewen-apotheke24.com\/de\/#\/schema\/logo\/image\/","url":"https:\/\/www.loewen-apotheke24.com\/wp-content\/uploads\/2024\/02\/Logo-Loewen-Apotheke-700x700-1.png","contentUrl":"https:\/\/www.loewen-apotheke24.com\/wp-content\/uploads\/2024\/02\/Logo-Loewen-Apotheke-700x700-1.png","width":700,"height":700,"caption":"L\u00f6wen Apotheke"},"image":{"@id":"https:\/\/www.loewen-apotheke24.com\/de\/#\/schema\/logo\/image\/"}}]}},"_links":{"self":[{"href":"https:\/\/www.loewen-apotheke24.com\/de\/wp-json\/wp\/v2\/product\/138007"}],"collection":[{"href":"https:\/\/www.loewen-apotheke24.com\/de\/wp-json\/wp\/v2\/product"}],"about":[{"href":"https:\/\/www.loewen-apotheke24.com\/de\/wp-json\/wp\/v2\/types\/product"}],"wp:featuredmedia":[{"embeddable":true,"href":"https:\/\/www.loewen-apotheke24.com\/de\/wp-json\/wp\/v2\/media\/138009"}],"wp:attachment":[{"href":"https:\/\/www.loewen-apotheke24.com\/de\/wp-json\/wp\/v2\/media?parent=138007"}],"wp:term":[{"taxonomy":"product_cat","embeddable":true,"href":"https:\/\/www.loewen-apotheke24.com\/de\/wp-json\/wp\/v2\/product_cat?post=138007"},{"taxonomy":"product_tag","embeddable":true,"href":"https:\/\/www.loewen-apotheke24.com\/de\/wp-json\/wp\/v2\/product_tag?post=138007"}],"curies":[{"name":"wp","href":"https:\/\/api.w.org\/{rel}","templated":true}]}}