{"id":1400,"date":"2017-08-16T21:33:34","date_gmt":"2017-08-16T20:33:34","guid":{"rendered":"https:\/\/www.loewen-apotheke24.com\/?post_type=product&#038;p=1400"},"modified":"2024-11-19T14:16:00","modified_gmt":"2024-11-19T13:16:00","slug":"vitamin-b12-plus-folsaeure-hevert-ampullen-20-st","status":"publish","type":"product","link":"https:\/\/www.loewen-apotheke24.com\/de\/shop\/hevert\/vitamin-b12-plus-folsaeure-hevert-ampullen-20-st\/","title":{"rendered":"Vitamin B12 plus Fols\u00e4ure Hevert Ampullen 20 St."},"content":{"rendered":"<h2 style=\"text-align: left;\">Vitamin B12 plus Fols\u00e4ure Hevert Ampullen 20 St.<\/h2>\n<p>Zur Therapie und Prophylaxe von Fols\u00e4ure- und Vitamin B12-Mangel<\/p>\n<p>Gesundheit ist das h\u00f6chste Gut des Menschen. Hevert hat sich deshalb seit \u00fcber 60 Jahren der Naturheilkunde und der Entwicklung von nat\u00fcrlichen Arzneimitteln verschrieben und ist einer der f\u00fchrenden deutschen Hersteller von hom\u00f6opathischen und pflanzlichen Arzneimitteln sowie von Mikron\u00e4hrstoffpr\u00e4paraten. Gesundheit ist das h\u00f6chste Gut des Menschen. Hevert hat sich deshalb seit \u00fcber 60 Jahren der Naturheilkunde und der Entwicklung von nat\u00fcrlichen Arzneimitteln verschrieben und ist einer der f\u00fchrenden deutschen Hersteller von hom\u00f6opathischen und pflanzlichen Arzneimitteln sowie von Mikron\u00e4hrstoffpr\u00e4paraten.<\/p>\n<p>Angaben vom Hersteller Hevert \u2013\u00a0<a href=\"https:\/\/www.hevert.com\/market-de\/de\">zur Webseite<\/a><br \/>\nAndere Produkte von\u00a0<a href=\"https:\/\/www.loewen-apotheke24.com\/de\/product_cat\/hevert\/\">Hevert<\/a><\/p>\n<p>Zu Risiken und Nebenwirkungen lesen Sie die Packungsbeilage und fragen Sie Ihren Arzt oder Apotheker.<\/p>\n","protected":false},"excerpt":{"rendered":"<h2>Vitamin B12 plus Fols\u00e4ure Hevert Ampullen 20 St.<\/h2>\n<p><strong>PZN<\/strong>: 00296093 (Pharmazentralnummer)<\/p>\n<p><strong>Darreichungsform<\/strong>:\u00a0 Ampullen<\/p>\n<p><strong>Hersteller<\/strong>:\u00a0<a href=\"https:\/\/www.hevert.com\/market-de\/de\" target=\"_blank\" rel=\"noopener\">Hevert<\/a><\/p>\n","protected":false},"featured_media":113164,"template":"","meta":[],"product_cat":[195],"product_tag":[238,207,196,169,235,236,233,237],"yoast_head":"<!-- This site is optimized with the Yoast SEO Premium plugin v21.0 (Yoast SEO v21.0) - https:\/\/yoast.com\/wordpress\/plugins\/seo\/ -->\n<title>Vitamin B12 plus Fols\u00e4ure Hevert Ampullen 20 St.<\/title>\n<meta name=\"description\" content=\"L\u00f6wen Apotheke24 aus Baden-Baden, DE - kurze Lieferzeit - Spezialist f\u00fcr Naturheilkunde - Vitamin B12 plus Fols\u00e4ure Hevert Ampullen 20 St.\" \/>\n<meta name=\"robots\" content=\"index, follow, max-snippet:-1, max-image-preview:large, max-video-preview:-1\" \/>\n<link rel=\"canonical\" href=\"https:\/\/www.loewen-apotheke24.com\/de\/shop\/hevert\/vitamin-b12-plus-folsaeure-hevert-ampullen-20-st\/\" \/>\n<meta property=\"og:locale\" content=\"de_DE\" \/>\n<meta property=\"og:type\" content=\"article\" \/>\n<meta property=\"og:title\" content=\"Vitamin B12 plus Fols\u00e4ure Hevert Ampullen 20 St.\" \/>\n<meta property=\"og:description\" content=\"L\u00f6wen Apotheke24 aus Baden-Baden, DE - kurze Lieferzeit - Spezialist f\u00fcr Naturheilkunde - Vitamin B12 plus Fols\u00e4ure Hevert Ampullen 20 St.\" \/>\n<meta property=\"og:url\" content=\"https:\/\/www.loewen-apotheke24.com\/de\/shop\/hevert\/vitamin-b12-plus-folsaeure-hevert-ampullen-20-st\/\" \/>\n<meta property=\"og:site_name\" content=\"L\u00f6wen Apotheke24\" \/>\n<meta property=\"article:modified_time\" content=\"2024-11-19T13:16:00+00:00\" \/>\n<meta property=\"og:image\" content=\"https:\/\/www.loewen-apotheke24.com\/wp-content\/uploads\/2017\/08\/Vitamin-B12-plu-Folsaeure-Hevert-PZN-00296093-Loewenapotheke24.webp\" \/>\n\t<meta property=\"og:image:width\" content=\"600\" \/>\n\t<meta property=\"og:image:height\" content=\"600\" \/>\n\t<meta property=\"og:image:type\" content=\"image\/webp\" \/>\n<meta name=\"twitter:card\" content=\"summary_large_image\" \/>\n<meta name=\"twitter:label1\" content=\"Gesch\u00e4tzte Lesezeit\" \/>\n\t<meta name=\"twitter:data1\" content=\"1\u00a0Minute\" \/>\n<script type=\"application\/ld+json\" class=\"yoast-schema-graph\">{\"@context\":\"https:\/\/schema.org\",\"@graph\":[{\"@type\":\"WebPage\",\"@id\":\"https:\/\/www.loewen-apotheke24.com\/de\/shop\/hevert\/vitamin-b12-plus-folsaeure-hevert-ampullen-20-st\/\",\"url\":\"https:\/\/www.loewen-apotheke24.com\/de\/shop\/hevert\/vitamin-b12-plus-folsaeure-hevert-ampullen-20-st\/\",\"name\":\"Vitamin B12 plus Fols\u00e4ure Hevert Ampullen 20 St.\",\"isPartOf\":{\"@id\":\"https:\/\/www.loewen-apotheke24.com\/de\/#website\"},\"datePublished\":\"2017-08-16T20:33:34+00:00\",\"dateModified\":\"2024-11-19T13:16:00+00:00\",\"description\":\"L\u00f6wen Apotheke24 aus Baden-Baden, DE - kurze Lieferzeit - Spezialist f\u00fcr Naturheilkunde - Vitamin B12 plus Fols\u00e4ure Hevert Ampullen 20 St.\",\"breadcrumb\":{\"@id\":\"https:\/\/www.loewen-apotheke24.com\/de\/shop\/hevert\/vitamin-b12-plus-folsaeure-hevert-ampullen-20-st\/#breadcrumb\"},\"inLanguage\":\"de\",\"potentialAction\":[{\"@type\":\"ReadAction\",\"target\":[\"https:\/\/www.loewen-apotheke24.com\/de\/shop\/hevert\/vitamin-b12-plus-folsaeure-hevert-ampullen-20-st\/\"]}]},{\"@type\":\"BreadcrumbList\",\"@id\":\"https:\/\/www.loewen-apotheke24.com\/de\/shop\/hevert\/vitamin-b12-plus-folsaeure-hevert-ampullen-20-st\/#breadcrumb\",\"itemListElement\":[{\"@type\":\"ListItem\",\"position\":1,\"name\":\"Shop\",\"item\":\"https:\/\/www.loewen-apotheke24.com\/de\/shop\/\"},{\"@type\":\"ListItem\",\"position\":2,\"name\":\"Vitamin B12 plus Fols\u00e4ure Hevert Ampullen 20 St.\"}]},{\"@type\":\"WebSite\",\"@id\":\"https:\/\/www.loewen-apotheke24.com\/de\/#website\",\"url\":\"https:\/\/www.loewen-apotheke24.com\/de\/\",\"name\":\"L\u00f6wen Apotheke24\",\"description\":\"Spezialist f\u00fcr Naturmedizin - Versandapotheke Baden-Baden\",\"publisher\":{\"@id\":\"https:\/\/www.loewen-apotheke24.com\/de\/#organization\"},\"potentialAction\":[{\"@type\":\"SearchAction\",\"target\":{\"@type\":\"EntryPoint\",\"urlTemplate\":\"https:\/\/www.loewen-apotheke24.com\/de\/?s={search_term_string}\"},\"query-input\":\"required name=search_term_string\"}],\"inLanguage\":\"de\"},{\"@type\":\"Organization\",\"@id\":\"https:\/\/www.loewen-apotheke24.com\/de\/#organization\",\"name\":\"L\u00f6wen Apotheke\",\"alternateName\":\"L\u00f6wen Apotheke\",\"url\":\"https:\/\/www.loewen-apotheke24.com\/de\/\",\"logo\":{\"@type\":\"ImageObject\",\"inLanguage\":\"de\",\"@id\":\"https:\/\/www.loewen-apotheke24.com\/de\/#\/schema\/logo\/image\/\",\"url\":\"https:\/\/www.loewen-apotheke24.com\/wp-content\/uploads\/2024\/02\/Logo-Loewen-Apotheke-700x700-1.png\",\"contentUrl\":\"https:\/\/www.loewen-apotheke24.com\/wp-content\/uploads\/2024\/02\/Logo-Loewen-Apotheke-700x700-1.png\",\"width\":700,\"height\":700,\"caption\":\"L\u00f6wen Apotheke\"},\"image\":{\"@id\":\"https:\/\/www.loewen-apotheke24.com\/de\/#\/schema\/logo\/image\/\"}}]}<\/script>\n<!-- \/ Yoast SEO Premium plugin. -->","yoast_head_json":{"title":"Vitamin B12 plus Fols\u00e4ure Hevert Ampullen 20 St.","description":"L\u00f6wen Apotheke24 aus Baden-Baden, DE - kurze Lieferzeit - Spezialist f\u00fcr Naturheilkunde - Vitamin B12 plus Fols\u00e4ure Hevert Ampullen 20 St.","robots":{"index":"index","follow":"follow","max-snippet":"max-snippet:-1","max-image-preview":"max-image-preview:large","max-video-preview":"max-video-preview:-1"},"canonical":"https:\/\/www.loewen-apotheke24.com\/de\/shop\/hevert\/vitamin-b12-plus-folsaeure-hevert-ampullen-20-st\/","og_locale":"de_DE","og_type":"article","og_title":"Vitamin B12 plus Fols\u00e4ure Hevert Ampullen 20 St.","og_description":"L\u00f6wen Apotheke24 aus Baden-Baden, DE - kurze Lieferzeit - Spezialist f\u00fcr Naturheilkunde - Vitamin B12 plus Fols\u00e4ure Hevert Ampullen 20 St.","og_url":"https:\/\/www.loewen-apotheke24.com\/de\/shop\/hevert\/vitamin-b12-plus-folsaeure-hevert-ampullen-20-st\/","og_site_name":"L\u00f6wen Apotheke24","article_modified_time":"2024-11-19T13:16:00+00:00","og_image":[{"width":600,"height":600,"url":"https:\/\/www.loewen-apotheke24.com\/wp-content\/uploads\/2017\/08\/Vitamin-B12-plu-Folsaeure-Hevert-PZN-00296093-Loewenapotheke24.webp","type":"image\/webp"}],"twitter_card":"summary_large_image","twitter_misc":{"Gesch\u00e4tzte Lesezeit":"1\u00a0Minute"},"schema":{"@context":"https:\/\/schema.org","@graph":[{"@type":"WebPage","@id":"https:\/\/www.loewen-apotheke24.com\/de\/shop\/hevert\/vitamin-b12-plus-folsaeure-hevert-ampullen-20-st\/","url":"https:\/\/www.loewen-apotheke24.com\/de\/shop\/hevert\/vitamin-b12-plus-folsaeure-hevert-ampullen-20-st\/","name":"Vitamin B12 plus Fols\u00e4ure Hevert Ampullen 20 St.","isPartOf":{"@id":"https:\/\/www.loewen-apotheke24.com\/de\/#website"},"datePublished":"2017-08-16T20:33:34+00:00","dateModified":"2024-11-19T13:16:00+00:00","description":"L\u00f6wen Apotheke24 aus Baden-Baden, DE - kurze Lieferzeit - Spezialist f\u00fcr Naturheilkunde - Vitamin B12 plus Fols\u00e4ure Hevert Ampullen 20 St.","breadcrumb":{"@id":"https:\/\/www.loewen-apotheke24.com\/de\/shop\/hevert\/vitamin-b12-plus-folsaeure-hevert-ampullen-20-st\/#breadcrumb"},"inLanguage":"de","potentialAction":[{"@type":"ReadAction","target":["https:\/\/www.loewen-apotheke24.com\/de\/shop\/hevert\/vitamin-b12-plus-folsaeure-hevert-ampullen-20-st\/"]}]},{"@type":"BreadcrumbList","@id":"https:\/\/www.loewen-apotheke24.com\/de\/shop\/hevert\/vitamin-b12-plus-folsaeure-hevert-ampullen-20-st\/#breadcrumb","itemListElement":[{"@type":"ListItem","position":1,"name":"Shop","item":"https:\/\/www.loewen-apotheke24.com\/de\/shop\/"},{"@type":"ListItem","position":2,"name":"Vitamin B12 plus Fols\u00e4ure Hevert Ampullen 20 St."}]},{"@type":"WebSite","@id":"https:\/\/www.loewen-apotheke24.com\/de\/#website","url":"https:\/\/www.loewen-apotheke24.com\/de\/","name":"L\u00f6wen Apotheke24","description":"Spezialist f\u00fcr Naturmedizin - Versandapotheke Baden-Baden","publisher":{"@id":"https:\/\/www.loewen-apotheke24.com\/de\/#organization"},"potentialAction":[{"@type":"SearchAction","target":{"@type":"EntryPoint","urlTemplate":"https:\/\/www.loewen-apotheke24.com\/de\/?s={search_term_string}"},"query-input":"required name=search_term_string"}],"inLanguage":"de"},{"@type":"Organization","@id":"https:\/\/www.loewen-apotheke24.com\/de\/#organization","name":"L\u00f6wen Apotheke","alternateName":"L\u00f6wen Apotheke","url":"https:\/\/www.loewen-apotheke24.com\/de\/","logo":{"@type":"ImageObject","inLanguage":"de","@id":"https:\/\/www.loewen-apotheke24.com\/de\/#\/schema\/logo\/image\/","url":"https:\/\/www.loewen-apotheke24.com\/wp-content\/uploads\/2024\/02\/Logo-Loewen-Apotheke-700x700-1.png","contentUrl":"https:\/\/www.loewen-apotheke24.com\/wp-content\/uploads\/2024\/02\/Logo-Loewen-Apotheke-700x700-1.png","width":700,"height":700,"caption":"L\u00f6wen Apotheke"},"image":{"@id":"https:\/\/www.loewen-apotheke24.com\/de\/#\/schema\/logo\/image\/"}}]}},"_links":{"self":[{"href":"https:\/\/www.loewen-apotheke24.com\/de\/wp-json\/wp\/v2\/product\/1400"}],"collection":[{"href":"https:\/\/www.loewen-apotheke24.com\/de\/wp-json\/wp\/v2\/product"}],"about":[{"href":"https:\/\/www.loewen-apotheke24.com\/de\/wp-json\/wp\/v2\/types\/product"}],"wp:featuredmedia":[{"embeddable":true,"href":"https:\/\/www.loewen-apotheke24.com\/de\/wp-json\/wp\/v2\/media\/113164"}],"wp:attachment":[{"href":"https:\/\/www.loewen-apotheke24.com\/de\/wp-json\/wp\/v2\/media?parent=1400"}],"wp:term":[{"taxonomy":"product_cat","embeddable":true,"href":"https:\/\/www.loewen-apotheke24.com\/de\/wp-json\/wp\/v2\/product_cat?post=1400"},{"taxonomy":"product_tag","embeddable":true,"href":"https:\/\/www.loewen-apotheke24.com\/de\/wp-json\/wp\/v2\/product_tag?post=1400"}],"curies":[{"name":"wp","href":"https:\/\/api.w.org\/{rel}","templated":true}]}}