{"id":1423,"date":"2017-08-17T12:29:36","date_gmt":"2017-08-17T11:29:36","guid":{"rendered":"https:\/\/www.loewen-apotheke24.com\/?post_type=product&#038;p=1423"},"modified":"2024-12-18T05:43:41","modified_gmt":"2024-12-18T04:43:41","slug":"aconitum-comp-globuli-velati-20g","status":"publish","type":"product","link":"https:\/\/www.loewen-apotheke24.com\/de\/shop\/wala-arzneimittel\/aconitum-comp-globuli-velati-20g\/","title":{"rendered":"Aconitum comp. Globuli velati 20g"},"content":{"rendered":"<h3 style=\"text-align: left;\">Aconitum comp. Globuli velati 20g<\/h3>\n<p>Aconitum comp. Globuli velati: Anthroposophische Arzneimittel, die Sie rezeptfrei in der Apotheke erhalten. Die Auswahl eines Arzneimittels sollte sich auf eine medizinisch gesicherte Diagnose st\u00fctzen. Bitte lassen Sie sich von Ihrem Arzt oder Apotheker beraten. \u00dcberdies empfehlen wir Ihnen, \u00e4rztlicherseits verschriebene Arzneimittel nicht ohne R\u00fccksprache mit Ihrem Arzt abzusetzen.<\/p>\n<p>Auf\u00a0<a href=\"https:\/\/www.walaarzneimittel.de\/de\/\" target=\"_blank\" rel=\"noopener\">WALA Arzneimittel\u00a0<\/a>\u00a0finden sie weitere Informationen zum Produkt.<\/p>\n<p>Weitere Produkte &amp; Packungsgr\u00f6\u00dfen finden sie hier:\u00a0<a href=\"https:\/\/www.loewen-apotheke24.com\/de\/product_cat\/wala-arzneimittel\/?orderby=popularity\">WALA<\/a><\/p>\n<p>Andere Kunden interessierten sich auch f\u00fcr Produkte zum Thema:\u00a0<a href=\"https:\/\/www.loewen-apotheke24.com\/de\/product_tag\/entzuendung\/\">Entz\u00fcndung\u00a0<\/a>|\u00a0<a href=\"https:\/\/www.loewen-apotheke24.com\/de\/product_tag\/abnehmen\/\">Fitness<\/a>\u00a0|\u00a0<a href=\"https:\/\/www.loewen-apotheke24.com\/de\/product_tag\/reiseapotheke\/\">Reiseapotheke\u00a0<\/a><\/p>\n<p>Informationen auf dieser Website werden ausschlie\u00dflich f\u00fcr informative Zwecke zur Verf\u00fcgung gestellt. Sie ersetzen keinesfalls die Untersuchung und Behandlung durch einen Arzt.<\/p>\n<p>Zu Risiken und Nebenwirkungen lesen Sie die Packungsbeilage und fragen Sie Ihren Arzt oder Apotheker.<\/p>\n","protected":false},"excerpt":{"rendered":"<h2 style=\"text-align: left;\">Aconitum comp. Globuli velati 20g<\/h2>\n<p style=\"text-align: left;\"><strong>PZN<\/strong>: 1119022 (Pharmazentralnummer)<\/p>\n<p><strong>Darreichungsform<\/strong>:\u00a0 Globoli<\/p>\n<p><strong>Hersteller<\/strong>:\u00a0<a href=\"https:\/\/www.loewen-apotheke24.com\/de\/product_cat\/wala-arzneimittel\/?orderby=popularity\" target=\"_blank\" rel=\"noopener\">WALA Arzneimittel<\/a><\/p>\n","protected":false},"featured_media":46346,"template":"","meta":[],"product_cat":[245],"product_tag":[252,179,66,187,251],"yoast_head":"<!-- This site is optimized with the Yoast SEO Premium plugin v21.0 (Yoast SEO v21.0) - https:\/\/yoast.com\/wordpress\/plugins\/seo\/ -->\n<title>Aconitum comp. Globuli velati 20g<\/title>\n<meta name=\"description\" content=\"L\u00f6wen Apotheke24 aus Baden-Baden, DE - kurze Lieferzeit - gratis Lieferung ab 30 \u20ac - Spezialist f\u00fcr Naturheilkunde - Aconitum comp. Globuli velati 20g\" \/>\n<meta name=\"robots\" content=\"index, follow, max-snippet:-1, max-image-preview:large, max-video-preview:-1\" \/>\n<link rel=\"canonical\" href=\"https:\/\/www.loewen-apotheke24.com\/de\/shop\/wala-arzneimittel\/aconitum-comp-globuli-velati-20g\/\" \/>\n<meta property=\"og:locale\" content=\"de_DE\" \/>\n<meta property=\"og:type\" content=\"article\" \/>\n<meta property=\"og:title\" content=\"Aconitum comp. Globuli velati 20g\" \/>\n<meta property=\"og:description\" content=\"L\u00f6wen Apotheke24 aus Baden-Baden, DE - kurze Lieferzeit - gratis Lieferung ab 30 \u20ac - Spezialist f\u00fcr Naturheilkunde - Aconitum comp. Globuli velati 20g\" \/>\n<meta property=\"og:url\" content=\"https:\/\/www.loewen-apotheke24.com\/de\/shop\/wala-arzneimittel\/aconitum-comp-globuli-velati-20g\/\" \/>\n<meta property=\"og:site_name\" content=\"L\u00f6wen Apotheke24\" \/>\n<meta property=\"article:modified_time\" content=\"2024-12-18T04:43:41+00:00\" \/>\n<meta property=\"og:image\" content=\"https:\/\/www.loewen-apotheke24.com\/wp-content\/uploads\/2017\/08\/Aconitum-comp.-Globuli-velati-20g.jpg\" \/>\n\t<meta property=\"og:image:width\" content=\"550\" \/>\n\t<meta property=\"og:image:height\" content=\"550\" \/>\n\t<meta property=\"og:image:type\" content=\"image\/jpeg\" \/>\n<meta name=\"twitter:card\" content=\"summary_large_image\" \/>\n<meta name=\"twitter:label1\" content=\"Gesch\u00e4tzte Lesezeit\" \/>\n\t<meta name=\"twitter:data1\" content=\"1\u00a0Minute\" \/>\n<script type=\"application\/ld+json\" class=\"yoast-schema-graph\">{\"@context\":\"https:\/\/schema.org\",\"@graph\":[{\"@type\":\"WebPage\",\"@id\":\"https:\/\/www.loewen-apotheke24.com\/de\/shop\/wala-arzneimittel\/aconitum-comp-globuli-velati-20g\/\",\"url\":\"https:\/\/www.loewen-apotheke24.com\/de\/shop\/wala-arzneimittel\/aconitum-comp-globuli-velati-20g\/\",\"name\":\"Aconitum comp. Globuli velati 20g\",\"isPartOf\":{\"@id\":\"https:\/\/www.loewen-apotheke24.com\/de\/#website\"},\"datePublished\":\"2017-08-17T11:29:36+00:00\",\"dateModified\":\"2024-12-18T04:43:41+00:00\",\"description\":\"L\u00f6wen Apotheke24 aus Baden-Baden, DE - kurze Lieferzeit - gratis Lieferung ab 30 \u20ac - Spezialist f\u00fcr Naturheilkunde - Aconitum comp. Globuli velati 20g\",\"breadcrumb\":{\"@id\":\"https:\/\/www.loewen-apotheke24.com\/de\/shop\/wala-arzneimittel\/aconitum-comp-globuli-velati-20g\/#breadcrumb\"},\"inLanguage\":\"de\",\"potentialAction\":[{\"@type\":\"ReadAction\",\"target\":[\"https:\/\/www.loewen-apotheke24.com\/de\/shop\/wala-arzneimittel\/aconitum-comp-globuli-velati-20g\/\"]}]},{\"@type\":\"BreadcrumbList\",\"@id\":\"https:\/\/www.loewen-apotheke24.com\/de\/shop\/wala-arzneimittel\/aconitum-comp-globuli-velati-20g\/#breadcrumb\",\"itemListElement\":[{\"@type\":\"ListItem\",\"position\":1,\"name\":\"Shop\",\"item\":\"https:\/\/www.loewen-apotheke24.com\/de\/shop\/\"},{\"@type\":\"ListItem\",\"position\":2,\"name\":\"Aconitum comp. Globuli velati 20g\"}]},{\"@type\":\"WebSite\",\"@id\":\"https:\/\/www.loewen-apotheke24.com\/de\/#website\",\"url\":\"https:\/\/www.loewen-apotheke24.com\/de\/\",\"name\":\"L\u00f6wen Apotheke24\",\"description\":\"Spezialist f\u00fcr Naturmedizin - Versandapotheke Baden-Baden\",\"publisher\":{\"@id\":\"https:\/\/www.loewen-apotheke24.com\/de\/#organization\"},\"potentialAction\":[{\"@type\":\"SearchAction\",\"target\":{\"@type\":\"EntryPoint\",\"urlTemplate\":\"https:\/\/www.loewen-apotheke24.com\/de\/?s={search_term_string}\"},\"query-input\":\"required name=search_term_string\"}],\"inLanguage\":\"de\"},{\"@type\":\"Organization\",\"@id\":\"https:\/\/www.loewen-apotheke24.com\/de\/#organization\",\"name\":\"L\u00f6wen Apotheke\",\"alternateName\":\"L\u00f6wen Apotheke\",\"url\":\"https:\/\/www.loewen-apotheke24.com\/de\/\",\"logo\":{\"@type\":\"ImageObject\",\"inLanguage\":\"de\",\"@id\":\"https:\/\/www.loewen-apotheke24.com\/de\/#\/schema\/logo\/image\/\",\"url\":\"https:\/\/www.loewen-apotheke24.com\/wp-content\/uploads\/2024\/02\/Logo-Loewen-Apotheke-700x700-1.png\",\"contentUrl\":\"https:\/\/www.loewen-apotheke24.com\/wp-content\/uploads\/2024\/02\/Logo-Loewen-Apotheke-700x700-1.png\",\"width\":700,\"height\":700,\"caption\":\"L\u00f6wen Apotheke\"},\"image\":{\"@id\":\"https:\/\/www.loewen-apotheke24.com\/de\/#\/schema\/logo\/image\/\"}}]}<\/script>\n<!-- \/ Yoast SEO Premium plugin. -->","yoast_head_json":{"title":"Aconitum comp. Globuli velati 20g","description":"L\u00f6wen Apotheke24 aus Baden-Baden, DE - kurze Lieferzeit - gratis Lieferung ab 30 \u20ac - Spezialist f\u00fcr Naturheilkunde - Aconitum comp. Globuli velati 20g","robots":{"index":"index","follow":"follow","max-snippet":"max-snippet:-1","max-image-preview":"max-image-preview:large","max-video-preview":"max-video-preview:-1"},"canonical":"https:\/\/www.loewen-apotheke24.com\/de\/shop\/wala-arzneimittel\/aconitum-comp-globuli-velati-20g\/","og_locale":"de_DE","og_type":"article","og_title":"Aconitum comp. Globuli velati 20g","og_description":"L\u00f6wen Apotheke24 aus Baden-Baden, DE - kurze Lieferzeit - gratis Lieferung ab 30 \u20ac - Spezialist f\u00fcr Naturheilkunde - Aconitum comp. Globuli velati 20g","og_url":"https:\/\/www.loewen-apotheke24.com\/de\/shop\/wala-arzneimittel\/aconitum-comp-globuli-velati-20g\/","og_site_name":"L\u00f6wen Apotheke24","article_modified_time":"2024-12-18T04:43:41+00:00","og_image":[{"width":550,"height":550,"url":"https:\/\/www.loewen-apotheke24.com\/wp-content\/uploads\/2017\/08\/Aconitum-comp.-Globuli-velati-20g.jpg","type":"image\/jpeg"}],"twitter_card":"summary_large_image","twitter_misc":{"Gesch\u00e4tzte Lesezeit":"1\u00a0Minute"},"schema":{"@context":"https:\/\/schema.org","@graph":[{"@type":"WebPage","@id":"https:\/\/www.loewen-apotheke24.com\/de\/shop\/wala-arzneimittel\/aconitum-comp-globuli-velati-20g\/","url":"https:\/\/www.loewen-apotheke24.com\/de\/shop\/wala-arzneimittel\/aconitum-comp-globuli-velati-20g\/","name":"Aconitum comp. Globuli velati 20g","isPartOf":{"@id":"https:\/\/www.loewen-apotheke24.com\/de\/#website"},"datePublished":"2017-08-17T11:29:36+00:00","dateModified":"2024-12-18T04:43:41+00:00","description":"L\u00f6wen Apotheke24 aus Baden-Baden, DE - kurze Lieferzeit - gratis Lieferung ab 30 \u20ac - Spezialist f\u00fcr Naturheilkunde - Aconitum comp. Globuli velati 20g","breadcrumb":{"@id":"https:\/\/www.loewen-apotheke24.com\/de\/shop\/wala-arzneimittel\/aconitum-comp-globuli-velati-20g\/#breadcrumb"},"inLanguage":"de","potentialAction":[{"@type":"ReadAction","target":["https:\/\/www.loewen-apotheke24.com\/de\/shop\/wala-arzneimittel\/aconitum-comp-globuli-velati-20g\/"]}]},{"@type":"BreadcrumbList","@id":"https:\/\/www.loewen-apotheke24.com\/de\/shop\/wala-arzneimittel\/aconitum-comp-globuli-velati-20g\/#breadcrumb","itemListElement":[{"@type":"ListItem","position":1,"name":"Shop","item":"https:\/\/www.loewen-apotheke24.com\/de\/shop\/"},{"@type":"ListItem","position":2,"name":"Aconitum comp. Globuli velati 20g"}]},{"@type":"WebSite","@id":"https:\/\/www.loewen-apotheke24.com\/de\/#website","url":"https:\/\/www.loewen-apotheke24.com\/de\/","name":"L\u00f6wen Apotheke24","description":"Spezialist f\u00fcr Naturmedizin - Versandapotheke Baden-Baden","publisher":{"@id":"https:\/\/www.loewen-apotheke24.com\/de\/#organization"},"potentialAction":[{"@type":"SearchAction","target":{"@type":"EntryPoint","urlTemplate":"https:\/\/www.loewen-apotheke24.com\/de\/?s={search_term_string}"},"query-input":"required name=search_term_string"}],"inLanguage":"de"},{"@type":"Organization","@id":"https:\/\/www.loewen-apotheke24.com\/de\/#organization","name":"L\u00f6wen Apotheke","alternateName":"L\u00f6wen Apotheke","url":"https:\/\/www.loewen-apotheke24.com\/de\/","logo":{"@type":"ImageObject","inLanguage":"de","@id":"https:\/\/www.loewen-apotheke24.com\/de\/#\/schema\/logo\/image\/","url":"https:\/\/www.loewen-apotheke24.com\/wp-content\/uploads\/2024\/02\/Logo-Loewen-Apotheke-700x700-1.png","contentUrl":"https:\/\/www.loewen-apotheke24.com\/wp-content\/uploads\/2024\/02\/Logo-Loewen-Apotheke-700x700-1.png","width":700,"height":700,"caption":"L\u00f6wen Apotheke"},"image":{"@id":"https:\/\/www.loewen-apotheke24.com\/de\/#\/schema\/logo\/image\/"}}]}},"_links":{"self":[{"href":"https:\/\/www.loewen-apotheke24.com\/de\/wp-json\/wp\/v2\/product\/1423"}],"collection":[{"href":"https:\/\/www.loewen-apotheke24.com\/de\/wp-json\/wp\/v2\/product"}],"about":[{"href":"https:\/\/www.loewen-apotheke24.com\/de\/wp-json\/wp\/v2\/types\/product"}],"wp:featuredmedia":[{"embeddable":true,"href":"https:\/\/www.loewen-apotheke24.com\/de\/wp-json\/wp\/v2\/media\/46346"}],"wp:attachment":[{"href":"https:\/\/www.loewen-apotheke24.com\/de\/wp-json\/wp\/v2\/media?parent=1423"}],"wp:term":[{"taxonomy":"product_cat","embeddable":true,"href":"https:\/\/www.loewen-apotheke24.com\/de\/wp-json\/wp\/v2\/product_cat?post=1423"},{"taxonomy":"product_tag","embeddable":true,"href":"https:\/\/www.loewen-apotheke24.com\/de\/wp-json\/wp\/v2\/product_tag?post=1423"}],"curies":[{"name":"wp","href":"https:\/\/api.w.org\/{rel}","templated":true}]}}