{"id":142399,"date":"2025-09-15T18:40:21","date_gmt":"2025-09-15T17:40:21","guid":{"rendered":"https:\/\/www.loewen-apotheke24.com\/?post_type=product&#038;p=142399"},"modified":"2026-03-02T06:57:36","modified_gmt":"2026-03-02T05:57:36","slug":"norsan-omega-3-vegan-kapseln-17469184","status":"publish","type":"product","link":"https:\/\/www.loewen-apotheke24.com\/de\/shop\/angebot\/norsan-omega-3-vegan-kapseln-17469184\/","title":{"rendered":"NORSAN Omega-3 Vegan Kapseln"},"content":{"rendered":"<h3 style=\"text-align: left;\">NORSAN Omega-3 Vegan<\/h3>\n<p>NORSAN Omega-3 Vegan ist ein Nahrungserg\u00e4nzungsmittel und beinhaltet hochwertiges Algen\u00f6l mit essenziellen Omega-3-Fetts\u00e4uren, die f\u00fcr das allgemeine Wohlbefinden von Bedeutung sind.<\/p>\n<p>NORSAN Omega-3 Vegan Kapseln beinhalten ein pflanzliches Algen\u00f6l und sind zu 100 % vegan. Das enthaltene Algen\u00f6l ist umweltschonend kultiviert und das gleiche, welches auch f\u00fcr das bew\u00e4hrte und beliebte fl\u00fcssige Omega-3 Vegan \u00d6l verwendet wird. Mit nur einer Tagesdosierung von 4 Kapseln nehmen Sie 1.700 mg marine Omega-3-Fetts\u00e4uren auf.<\/p>\n<p>Inhaltsstoffe: DHA und EPA-reiches \u00d6l aus der Mikroalge Schizochytrium sp. (72,6 %), modifizierte Tapiokast\u00e4rke, Feuchthaltemittel: Glycerin , Sonnenblumen\u00f6l (1,9 %), Aroma (Rosmarinextrakt), Antioxidationsmittel (stark tocopherolhaltige Extrakte, Ascorbylpalmitat).<\/p>\n<p>Anwenungsbereich:\u00a0Augen, Herz- &amp; Kreislauffunktion, Immunsystem, Konzentrationsschw\u00e4che, Vitalit\u00e4t<\/p>\n<p><a href=\"https:\/\/www.loewen-apotheke24.com\/wp-content\/uploads\/2025\/09\/Norsan-13476394.pdf\">Norsan Packungsbeilage und Lebensmittelinformation<\/a><\/p>\n<p>Andere Kunden interessierten sich auch f\u00fcr Produkte zum Thema: \u00a0<a href=\"https:\/\/www.loewen-apotheke24.com\/de\/product_tag\/reiseapotheke\/\">Reiseapotheke<\/a><\/p>\n<p>Hinweis zur Anwendung und Einnahme: Die auf dieser Website bereitgestellten Informationen dienen ausschlie\u00dflich der allgemeinen Information und ersetzen nicht die fachliche Beratung, Diagnose oder Behandlung durch einen Arzt.<\/p>\n<p>Zu Risiken und Nebenwirkungen lesen Sie die Packungsbeilage und fragen Sie Ihre \u00c4rztin, Ihren Arzt oder in Ihrer Apotheke.<\/p>\n<h3 style=\"text-align: left;\">Rezept oder E-Rezept einl\u00f6sen:<\/h3>\n<p>Sie haben ein Rezept oder E-Rezept? Reichen Sie es bequem \u00fcber unsere\u00a0<a class=\"ProsemirrorEditor-link\" href=\"https:\/\/e-rezept-app.de\/shop-rezept\">E-Rezept<\/a>\u00a0App ein \u2013 auch Privatrezepte f\u00fcr Selbstzahler sind m\u00f6glich. Schnell, sicher und einfach.<\/p>\n<h3 class=\"TypographyPresentation TypographyPresentation--medium RichText3-paragraph--withVSpacingNormal RichText3-paragraph HighlightSol HighlightSol--buildingBlock\" style=\"text-align: left;\">Fragen zum Produkt? Wir sind f\u00fcr Sie da!<\/h3>\n<p class=\"TypographyPresentation TypographyPresentation--medium RichText3-paragraph--withVSpacingNormal RichText3-paragraph HighlightSol HighlightSol--buildingBlock\">Unsere verantwortliche Apothekerin\u00a0<strong>Dr. Sandra Hoff<\/strong>\u00a0und ihr Team beraten Sie gerne pers\u00f6nlich \u2013 telefonisch oder per E-Mail. Als\u00a0<strong>echte Apotheke vor Ort<\/strong>\u00a0und\u00a0<strong>zugelassene Versandapotheke<\/strong>\u00a0bieten wir Ihnen kompetente Unterst\u00fctzung, besonders in den Bereichen\u00a0<a href=\"https:\/\/www.loewen-apotheke24.com\/de\/product_tag\/naturheilmittel\/\">Naturheilkunde<\/a>\u00a0und\u00a0<a href=\"https:\/\/www.loewen-apotheke24.com\/de\/product_tag\/vitamine-mineralien-nahrungsergaenzung\/\">Nahrungserg\u00e4nzungsmittel<\/a>. Unsere Erlaubnis finden Sie als\u00a0<a href=\"https:\/\/versandhandel.dimdi.de\/websearch\/servlet\/Gate;jsessionid=0D29D15655BE1174E9178A340E8FE6BC?accessid=dimdi_var&amp;term=3c387956690121ccc8763184f052b93f\" target=\"_blank\" rel=\"noopener\">Eintrag im Versandhandelsregister.<\/a><\/p>\n","protected":false},"excerpt":{"rendered":"<h2 style=\"text-align: left;\">NORSAN Omega-3 Vegan<\/h2>\n<p>Pflanzliches Algen\u00f6l, reich an EPA &amp; DHA.<\/p>\n<p><strong>PZN:<\/strong> 17469184 (Pharmazentralnummer)<\/p>\n<p><strong>Darreichungsform<\/strong>: Kapseln<\/p>\n<p><strong>Verordnungsart<\/strong>: Rezeptfrei<\/p>\n<p><strong>Hersteller<\/strong>: NORSAN GmbH, 13053 Berlin, Deutschland<\/p>\n<p><strong>Packungsgr\u00f6\u00dfe<\/strong>: 80 Stk.<\/p>\n","protected":false},"featured_media":142401,"template":"","meta":[],"product_cat":[13,43],"product_tag":[267,263,265],"yoast_head":"<!-- This site is optimized with the Yoast SEO Premium plugin v21.0 (Yoast SEO v21.0) - https:\/\/yoast.com\/wordpress\/plugins\/seo\/ -->\n<title>NORSAN Omega-3 Vegan Kapseln g\u00fcnstig kaufen<\/title>\n<meta name=\"description\" content=\"Top-Service, kurze Lieferzeit, gratis Lieferung ab 30 \u20ac. NORSAN Omega-3 Vegan Kapseln \u00d6l - 80 Stk.. Veganes Nahrungserg\u00e4nzungsmittel\" \/>\n<meta name=\"robots\" content=\"index, follow, max-snippet:-1, max-image-preview:large, max-video-preview:-1\" \/>\n<link rel=\"canonical\" href=\"https:\/\/www.loewen-apotheke24.com\/de\/shop\/angebot\/norsan-omega-3-vegan-kapseln-17469184\/\" \/>\n<meta property=\"og:locale\" content=\"de_DE\" \/>\n<meta property=\"og:type\" content=\"article\" \/>\n<meta property=\"og:title\" content=\"NORSAN Omega-3 Vegan Kapseln g\u00fcnstig kaufen\" \/>\n<meta property=\"og:description\" content=\"Top-Service, kurze Lieferzeit, gratis Lieferung ab 30 \u20ac. NORSAN Omega-3 Vegan Kapseln \u00d6l - 80 Stk.. Veganes Nahrungserg\u00e4nzungsmittel\" \/>\n<meta property=\"og:url\" content=\"https:\/\/www.loewen-apotheke24.com\/de\/shop\/angebot\/norsan-omega-3-vegan-kapseln-17469184\/\" \/>\n<meta property=\"og:site_name\" content=\"L\u00f6wen Apotheke24\" \/>\n<meta property=\"article:modified_time\" content=\"2026-03-02T05:57:36+00:00\" \/>\n<meta property=\"og:image\" content=\"https:\/\/www.loewen-apotheke24.com\/wp-content\/uploads\/2025\/09\/NORSAN-Omega-3-Vegan-Kapseln-80-Stk-PZN-17469184-Loewen-Apotheke.webp\" \/>\n\t<meta property=\"og:image:width\" content=\"600\" \/>\n\t<meta property=\"og:image:height\" content=\"600\" \/>\n\t<meta property=\"og:image:type\" content=\"image\/webp\" \/>\n<meta name=\"twitter:card\" content=\"summary_large_image\" \/>\n<meta name=\"twitter:label1\" content=\"Gesch\u00e4tzte Lesezeit\" \/>\n\t<meta name=\"twitter:data1\" content=\"2\u00a0Minuten\" \/>\n<script type=\"application\/ld+json\" class=\"yoast-schema-graph\">{\"@context\":\"https:\/\/schema.org\",\"@graph\":[{\"@type\":\"WebPage\",\"@id\":\"https:\/\/www.loewen-apotheke24.com\/de\/shop\/angebot\/norsan-omega-3-vegan-kapseln-17469184\/\",\"url\":\"https:\/\/www.loewen-apotheke24.com\/de\/shop\/angebot\/norsan-omega-3-vegan-kapseln-17469184\/\",\"name\":\"NORSAN Omega-3 Vegan Kapseln g\u00fcnstig kaufen\",\"isPartOf\":{\"@id\":\"https:\/\/www.loewen-apotheke24.com\/de\/#website\"},\"datePublished\":\"2025-09-15T17:40:21+00:00\",\"dateModified\":\"2026-03-02T05:57:36+00:00\",\"description\":\"Top-Service, kurze Lieferzeit, gratis Lieferung ab 30 \u20ac. NORSAN Omega-3 Vegan Kapseln \u00d6l - 80 Stk.. Veganes Nahrungserg\u00e4nzungsmittel\",\"breadcrumb\":{\"@id\":\"https:\/\/www.loewen-apotheke24.com\/de\/shop\/angebot\/norsan-omega-3-vegan-kapseln-17469184\/#breadcrumb\"},\"inLanguage\":\"de\",\"potentialAction\":[{\"@type\":\"ReadAction\",\"target\":[\"https:\/\/www.loewen-apotheke24.com\/de\/shop\/angebot\/norsan-omega-3-vegan-kapseln-17469184\/\"]}]},{\"@type\":\"BreadcrumbList\",\"@id\":\"https:\/\/www.loewen-apotheke24.com\/de\/shop\/angebot\/norsan-omega-3-vegan-kapseln-17469184\/#breadcrumb\",\"itemListElement\":[{\"@type\":\"ListItem\",\"position\":1,\"name\":\"Shop\",\"item\":\"https:\/\/www.loewen-apotheke24.com\/de\/shop\/\"},{\"@type\":\"ListItem\",\"position\":2,\"name\":\"NORSAN Omega-3 Vegan Kapseln\"}]},{\"@type\":\"WebSite\",\"@id\":\"https:\/\/www.loewen-apotheke24.com\/de\/#website\",\"url\":\"https:\/\/www.loewen-apotheke24.com\/de\/\",\"name\":\"L\u00f6wen Apotheke24\",\"description\":\"Spezialist f\u00fcr Naturmedizin - Versandapotheke Baden-Baden\",\"publisher\":{\"@id\":\"https:\/\/www.loewen-apotheke24.com\/de\/#organization\"},\"potentialAction\":[{\"@type\":\"SearchAction\",\"target\":{\"@type\":\"EntryPoint\",\"urlTemplate\":\"https:\/\/www.loewen-apotheke24.com\/de\/?s={search_term_string}\"},\"query-input\":\"required name=search_term_string\"}],\"inLanguage\":\"de\"},{\"@type\":\"Organization\",\"@id\":\"https:\/\/www.loewen-apotheke24.com\/de\/#organization\",\"name\":\"L\u00f6wen Apotheke\",\"alternateName\":\"L\u00f6wen Apotheke\",\"url\":\"https:\/\/www.loewen-apotheke24.com\/de\/\",\"logo\":{\"@type\":\"ImageObject\",\"inLanguage\":\"de\",\"@id\":\"https:\/\/www.loewen-apotheke24.com\/de\/#\/schema\/logo\/image\/\",\"url\":\"https:\/\/www.loewen-apotheke24.com\/wp-content\/uploads\/2024\/02\/Logo-Loewen-Apotheke-700x700-1.png\",\"contentUrl\":\"https:\/\/www.loewen-apotheke24.com\/wp-content\/uploads\/2024\/02\/Logo-Loewen-Apotheke-700x700-1.png\",\"width\":700,\"height\":700,\"caption\":\"L\u00f6wen Apotheke\"},\"image\":{\"@id\":\"https:\/\/www.loewen-apotheke24.com\/de\/#\/schema\/logo\/image\/\"}}]}<\/script>\n<!-- \/ Yoast SEO Premium plugin. -->","yoast_head_json":{"title":"NORSAN Omega-3 Vegan Kapseln g\u00fcnstig kaufen","description":"Top-Service, kurze Lieferzeit, gratis Lieferung ab 30 \u20ac. NORSAN Omega-3 Vegan Kapseln \u00d6l - 80 Stk.. Veganes Nahrungserg\u00e4nzungsmittel","robots":{"index":"index","follow":"follow","max-snippet":"max-snippet:-1","max-image-preview":"max-image-preview:large","max-video-preview":"max-video-preview:-1"},"canonical":"https:\/\/www.loewen-apotheke24.com\/de\/shop\/angebot\/norsan-omega-3-vegan-kapseln-17469184\/","og_locale":"de_DE","og_type":"article","og_title":"NORSAN Omega-3 Vegan Kapseln g\u00fcnstig kaufen","og_description":"Top-Service, kurze Lieferzeit, gratis Lieferung ab 30 \u20ac. NORSAN Omega-3 Vegan Kapseln \u00d6l - 80 Stk.. Veganes Nahrungserg\u00e4nzungsmittel","og_url":"https:\/\/www.loewen-apotheke24.com\/de\/shop\/angebot\/norsan-omega-3-vegan-kapseln-17469184\/","og_site_name":"L\u00f6wen Apotheke24","article_modified_time":"2026-03-02T05:57:36+00:00","og_image":[{"width":600,"height":600,"url":"https:\/\/www.loewen-apotheke24.com\/wp-content\/uploads\/2025\/09\/NORSAN-Omega-3-Vegan-Kapseln-80-Stk-PZN-17469184-Loewen-Apotheke.webp","type":"image\/webp"}],"twitter_card":"summary_large_image","twitter_misc":{"Gesch\u00e4tzte Lesezeit":"2\u00a0Minuten"},"schema":{"@context":"https:\/\/schema.org","@graph":[{"@type":"WebPage","@id":"https:\/\/www.loewen-apotheke24.com\/de\/shop\/angebot\/norsan-omega-3-vegan-kapseln-17469184\/","url":"https:\/\/www.loewen-apotheke24.com\/de\/shop\/angebot\/norsan-omega-3-vegan-kapseln-17469184\/","name":"NORSAN Omega-3 Vegan Kapseln g\u00fcnstig kaufen","isPartOf":{"@id":"https:\/\/www.loewen-apotheke24.com\/de\/#website"},"datePublished":"2025-09-15T17:40:21+00:00","dateModified":"2026-03-02T05:57:36+00:00","description":"Top-Service, kurze Lieferzeit, gratis Lieferung ab 30 \u20ac. NORSAN Omega-3 Vegan Kapseln \u00d6l - 80 Stk.. Veganes Nahrungserg\u00e4nzungsmittel","breadcrumb":{"@id":"https:\/\/www.loewen-apotheke24.com\/de\/shop\/angebot\/norsan-omega-3-vegan-kapseln-17469184\/#breadcrumb"},"inLanguage":"de","potentialAction":[{"@type":"ReadAction","target":["https:\/\/www.loewen-apotheke24.com\/de\/shop\/angebot\/norsan-omega-3-vegan-kapseln-17469184\/"]}]},{"@type":"BreadcrumbList","@id":"https:\/\/www.loewen-apotheke24.com\/de\/shop\/angebot\/norsan-omega-3-vegan-kapseln-17469184\/#breadcrumb","itemListElement":[{"@type":"ListItem","position":1,"name":"Shop","item":"https:\/\/www.loewen-apotheke24.com\/de\/shop\/"},{"@type":"ListItem","position":2,"name":"NORSAN Omega-3 Vegan Kapseln"}]},{"@type":"WebSite","@id":"https:\/\/www.loewen-apotheke24.com\/de\/#website","url":"https:\/\/www.loewen-apotheke24.com\/de\/","name":"L\u00f6wen Apotheke24","description":"Spezialist f\u00fcr Naturmedizin - Versandapotheke Baden-Baden","publisher":{"@id":"https:\/\/www.loewen-apotheke24.com\/de\/#organization"},"potentialAction":[{"@type":"SearchAction","target":{"@type":"EntryPoint","urlTemplate":"https:\/\/www.loewen-apotheke24.com\/de\/?s={search_term_string}"},"query-input":"required name=search_term_string"}],"inLanguage":"de"},{"@type":"Organization","@id":"https:\/\/www.loewen-apotheke24.com\/de\/#organization","name":"L\u00f6wen Apotheke","alternateName":"L\u00f6wen Apotheke","url":"https:\/\/www.loewen-apotheke24.com\/de\/","logo":{"@type":"ImageObject","inLanguage":"de","@id":"https:\/\/www.loewen-apotheke24.com\/de\/#\/schema\/logo\/image\/","url":"https:\/\/www.loewen-apotheke24.com\/wp-content\/uploads\/2024\/02\/Logo-Loewen-Apotheke-700x700-1.png","contentUrl":"https:\/\/www.loewen-apotheke24.com\/wp-content\/uploads\/2024\/02\/Logo-Loewen-Apotheke-700x700-1.png","width":700,"height":700,"caption":"L\u00f6wen Apotheke"},"image":{"@id":"https:\/\/www.loewen-apotheke24.com\/de\/#\/schema\/logo\/image\/"}}]}},"_links":{"self":[{"href":"https:\/\/www.loewen-apotheke24.com\/de\/wp-json\/wp\/v2\/product\/142399"}],"collection":[{"href":"https:\/\/www.loewen-apotheke24.com\/de\/wp-json\/wp\/v2\/product"}],"about":[{"href":"https:\/\/www.loewen-apotheke24.com\/de\/wp-json\/wp\/v2\/types\/product"}],"wp:featuredmedia":[{"embeddable":true,"href":"https:\/\/www.loewen-apotheke24.com\/de\/wp-json\/wp\/v2\/media\/142401"}],"wp:attachment":[{"href":"https:\/\/www.loewen-apotheke24.com\/de\/wp-json\/wp\/v2\/media?parent=142399"}],"wp:term":[{"taxonomy":"product_cat","embeddable":true,"href":"https:\/\/www.loewen-apotheke24.com\/de\/wp-json\/wp\/v2\/product_cat?post=142399"},{"taxonomy":"product_tag","embeddable":true,"href":"https:\/\/www.loewen-apotheke24.com\/de\/wp-json\/wp\/v2\/product_tag?post=142399"}],"curies":[{"name":"wp","href":"https:\/\/api.w.org\/{rel}","templated":true}]}}