{"id":142622,"date":"2025-09-17T15:50:51","date_gmt":"2025-09-17T14:50:51","guid":{"rendered":"https:\/\/www.loewen-apotheke24.com\/?post_type=product&#038;p=142622"},"modified":"2026-03-02T07:00:09","modified_gmt":"2026-03-02T06:00:09","slug":"norsan-omega-3-total-naturell-13476543","status":"publish","type":"product","link":"https:\/\/www.loewen-apotheke24.com\/de\/shop\/angebot\/norsan-omega-3-total-naturell-13476543\/","title":{"rendered":"NORSAN Omega-3 Total Naturell"},"content":{"rendered":"<h3 style=\"text-align: left;\">NORSAN Omega-3 Total Naturell<\/h3>\n<p>NORSAN Omega-3 Total Naturell ein nat\u00fcrliches Fisch\u00f6l mit 2.000 mg Omega-3 und Vitamin D3. NORSAN Omega-3 Total ist ein Nahrungserg\u00e4nzungsmittel und beinhaltet hochwertiges Algen\u00f6l mit essenziellen Omega-3-Fetts\u00e4uren, die f\u00fcr das allgemeine Wohlbefinden von Bedeutung sind.<\/p>\n<p>NORSAN Omega-3 Total enth\u00e4lt eine einzigartige Kombination von einem nat\u00fcrlichen, nicht-konzentrierten Fisch\u00f6l aus Wildfang sowie einem kaltgepressten Oliven\u00f6l. NORSAN Fisch\u00f6l wird in Norwegen produziert. Die empfohlene Tagesdosis von 8 ml (1 Essl\u00f6ffel) beinhaltet 5,3 Gramm Fisch\u00f6l und 1,8 Gramm Oliven\u00f6l.<\/p>\n<p>Anwenungsbereich:\u00a0Augen, Herz- &amp; Kreislauffunktion, Immunsystem, Konzentrationsschw\u00e4che, Vitalit\u00e4t<\/p>\n<p><a href=\"https:\/\/www.loewen-apotheke24.com\/wp-content\/uploads\/2025\/09\/13476543.pdf\">Norsan Packungsbeilage 13476543 und <\/a>Lebensmittelinformation<\/p>\n<p>Andere Kunden interessierten sich auch f\u00fcr Produkte zum Thema: \u00a0<a href=\"https:\/\/www.loewen-apotheke24.com\/de\/product_tag\/reiseapotheke\/\">Reiseapotheke<\/a><\/p>\n<p>Hinweis zur Anwendung und Einnahme: Die auf dieser Website bereitgestellten Informationen dienen ausschlie\u00dflich der allgemeinen Information und ersetzen nicht die fachliche Beratung, Diagnose oder Behandlung durch einen Arzt.<\/p>\n<p>Zu Risiken und Nebenwirkungen lesen Sie die Packungsbeilage und fragen Sie Ihre \u00c4rztin, Ihren Arzt oder in Ihrer Apotheke.<\/p>\n<h3 style=\"text-align: left;\">Rezept oder E-Rezept einl\u00f6sen:<\/h3>\n<p>Sie haben ein Rezept oder E-Rezept? Reichen Sie es bequem \u00fcber unsere\u00a0<a class=\"ProsemirrorEditor-link\" href=\"https:\/\/e-rezept-app.de\/shop-rezept\">E-Rezept<\/a>\u00a0App ein \u2013 auch Privatrezepte f\u00fcr Selbstzahler sind m\u00f6glich. Schnell, sicher und einfach.<\/p>\n<h3 class=\"TypographyPresentation TypographyPresentation--medium RichText3-paragraph--withVSpacingNormal RichText3-paragraph HighlightSol HighlightSol--buildingBlock\" style=\"text-align: left;\">Fragen zum Produkt? Wir sind f\u00fcr Sie da!<\/h3>\n<p class=\"TypographyPresentation TypographyPresentation--medium RichText3-paragraph--withVSpacingNormal RichText3-paragraph HighlightSol HighlightSol--buildingBlock\">Unsere verantwortliche Apothekerin\u00a0<strong>Dr. Sandra Hoff<\/strong>\u00a0und ihr Team beraten Sie gerne pers\u00f6nlich \u2013 telefonisch oder per E-Mail. Als\u00a0<strong>echte Apotheke vor Ort<\/strong>\u00a0und\u00a0<strong>zugelassene Versandapotheke<\/strong>\u00a0bieten wir Ihnen kompetente Unterst\u00fctzung, besonders in den Bereichen\u00a0<a href=\"https:\/\/www.loewen-apotheke24.com\/de\/product_tag\/naturheilmittel\/\">Naturheilkunde<\/a>\u00a0und\u00a0<a href=\"https:\/\/www.loewen-apotheke24.com\/de\/product_tag\/vitamine-mineralien-nahrungsergaenzung\/\">Nahrungserg\u00e4nzungsmittel<\/a>. Unsere Erlaubnis finden Sie als\u00a0<a href=\"https:\/\/versandhandel.dimdi.de\/websearch\/servlet\/Gate;jsessionid=0D29D15655BE1174E9178A340E8FE6BC?accessid=dimdi_var&amp;term=3c387956690121ccc8763184f052b93f\" target=\"_blank\" rel=\"noopener\">Eintrag im Versandhandelsregister.<\/a><\/p>\n","protected":false},"excerpt":{"rendered":"<h2 style=\"text-align: left;\">NORSAN Omega-3 Total Naturell<\/h2>\n<p>Nat\u00fcrliches Fisch\u00f6l mit 2.000 mg Omega-3 und Vitamin D3<\/p>\n<p><strong>PZN:<\/strong> 13476543 (Pharmazentralnummer)<\/p>\n<p><strong>Darreichungsform<\/strong>: Fl\u00fcssigkeit<\/p>\n<p><strong>Verordnungsart<\/strong>: Rezeptfrei<\/p>\n<p><strong>Hersteller<\/strong>: NORSAN GmbH, 13053 Berlin, Deutschland<\/p>\n<p><strong>Packungsgr\u00f6\u00dfe<\/strong>: 200ml<\/p>\n","protected":false},"featured_media":142625,"template":"","meta":[],"product_cat":[13,43],"product_tag":[267,263,265],"yoast_head":"<!-- This site is optimized with the Yoast SEO Premium plugin v21.0 (Yoast SEO v21.0) - https:\/\/yoast.com\/wordpress\/plugins\/seo\/ -->\n<title>NORSAN Omega-3 Total Naturell g\u00fcnstig kaufen<\/title>\n<meta name=\"description\" content=\"Top-Service, kurze Lieferzeit, gratis Lieferung ab 30 \u20ac. NORSAN Omega-3 Total Naturell 200ml. Nahrungserg\u00e4nzungsmittel mit Omega-3 und Vitamin D3\" \/>\n<meta name=\"robots\" content=\"index, follow, max-snippet:-1, max-image-preview:large, max-video-preview:-1\" \/>\n<link rel=\"canonical\" href=\"https:\/\/www.loewen-apotheke24.com\/de\/shop\/angebot\/norsan-omega-3-total-naturell-13476543\/\" \/>\n<meta property=\"og:locale\" content=\"de_DE\" \/>\n<meta property=\"og:type\" content=\"article\" \/>\n<meta property=\"og:title\" content=\"NORSAN Omega-3 Total Naturell g\u00fcnstig kaufen\" \/>\n<meta property=\"og:description\" content=\"Top-Service, kurze Lieferzeit, gratis Lieferung ab 30 \u20ac. NORSAN Omega-3 Total Naturell 200ml. Nahrungserg\u00e4nzungsmittel mit Omega-3 und Vitamin D3\" \/>\n<meta property=\"og:url\" content=\"https:\/\/www.loewen-apotheke24.com\/de\/shop\/angebot\/norsan-omega-3-total-naturell-13476543\/\" \/>\n<meta property=\"og:site_name\" content=\"L\u00f6wen Apotheke24\" \/>\n<meta property=\"article:modified_time\" content=\"2026-03-02T06:00:09+00:00\" \/>\n<meta property=\"og:image\" content=\"https:\/\/www.loewen-apotheke24.com\/wp-content\/uploads\/2025\/09\/NORSAN-Omega-3-Total-200ml-Flasche-Loewn-Apotheke24.webp\" \/>\n\t<meta property=\"og:image:width\" content=\"600\" \/>\n\t<meta property=\"og:image:height\" content=\"600\" \/>\n\t<meta property=\"og:image:type\" content=\"image\/webp\" \/>\n<meta name=\"twitter:card\" content=\"summary_large_image\" \/>\n<meta name=\"twitter:label1\" content=\"Gesch\u00e4tzte Lesezeit\" \/>\n\t<meta name=\"twitter:data1\" content=\"2\u00a0Minuten\" \/>\n<script type=\"application\/ld+json\" class=\"yoast-schema-graph\">{\"@context\":\"https:\/\/schema.org\",\"@graph\":[{\"@type\":\"WebPage\",\"@id\":\"https:\/\/www.loewen-apotheke24.com\/de\/shop\/angebot\/norsan-omega-3-total-naturell-13476543\/\",\"url\":\"https:\/\/www.loewen-apotheke24.com\/de\/shop\/angebot\/norsan-omega-3-total-naturell-13476543\/\",\"name\":\"NORSAN Omega-3 Total Naturell g\u00fcnstig kaufen\",\"isPartOf\":{\"@id\":\"https:\/\/www.loewen-apotheke24.com\/de\/#website\"},\"datePublished\":\"2025-09-17T14:50:51+00:00\",\"dateModified\":\"2026-03-02T06:00:09+00:00\",\"description\":\"Top-Service, kurze Lieferzeit, gratis Lieferung ab 30 \u20ac. NORSAN Omega-3 Total Naturell 200ml. Nahrungserg\u00e4nzungsmittel mit Omega-3 und Vitamin D3\",\"breadcrumb\":{\"@id\":\"https:\/\/www.loewen-apotheke24.com\/de\/shop\/angebot\/norsan-omega-3-total-naturell-13476543\/#breadcrumb\"},\"inLanguage\":\"de\",\"potentialAction\":[{\"@type\":\"ReadAction\",\"target\":[\"https:\/\/www.loewen-apotheke24.com\/de\/shop\/angebot\/norsan-omega-3-total-naturell-13476543\/\"]}]},{\"@type\":\"BreadcrumbList\",\"@id\":\"https:\/\/www.loewen-apotheke24.com\/de\/shop\/angebot\/norsan-omega-3-total-naturell-13476543\/#breadcrumb\",\"itemListElement\":[{\"@type\":\"ListItem\",\"position\":1,\"name\":\"Shop\",\"item\":\"https:\/\/www.loewen-apotheke24.com\/de\/shop\/\"},{\"@type\":\"ListItem\",\"position\":2,\"name\":\"NORSAN Omega-3 Total Naturell\"}]},{\"@type\":\"WebSite\",\"@id\":\"https:\/\/www.loewen-apotheke24.com\/de\/#website\",\"url\":\"https:\/\/www.loewen-apotheke24.com\/de\/\",\"name\":\"L\u00f6wen Apotheke24\",\"description\":\"Spezialist f\u00fcr Naturmedizin - Versandapotheke Baden-Baden\",\"publisher\":{\"@id\":\"https:\/\/www.loewen-apotheke24.com\/de\/#organization\"},\"potentialAction\":[{\"@type\":\"SearchAction\",\"target\":{\"@type\":\"EntryPoint\",\"urlTemplate\":\"https:\/\/www.loewen-apotheke24.com\/de\/?s={search_term_string}\"},\"query-input\":\"required name=search_term_string\"}],\"inLanguage\":\"de\"},{\"@type\":\"Organization\",\"@id\":\"https:\/\/www.loewen-apotheke24.com\/de\/#organization\",\"name\":\"L\u00f6wen Apotheke\",\"alternateName\":\"L\u00f6wen Apotheke\",\"url\":\"https:\/\/www.loewen-apotheke24.com\/de\/\",\"logo\":{\"@type\":\"ImageObject\",\"inLanguage\":\"de\",\"@id\":\"https:\/\/www.loewen-apotheke24.com\/de\/#\/schema\/logo\/image\/\",\"url\":\"https:\/\/www.loewen-apotheke24.com\/wp-content\/uploads\/2024\/02\/Logo-Loewen-Apotheke-700x700-1.png\",\"contentUrl\":\"https:\/\/www.loewen-apotheke24.com\/wp-content\/uploads\/2024\/02\/Logo-Loewen-Apotheke-700x700-1.png\",\"width\":700,\"height\":700,\"caption\":\"L\u00f6wen Apotheke\"},\"image\":{\"@id\":\"https:\/\/www.loewen-apotheke24.com\/de\/#\/schema\/logo\/image\/\"}}]}<\/script>\n<!-- \/ Yoast SEO Premium plugin. -->","yoast_head_json":{"title":"NORSAN Omega-3 Total Naturell g\u00fcnstig kaufen","description":"Top-Service, kurze Lieferzeit, gratis Lieferung ab 30 \u20ac. NORSAN Omega-3 Total Naturell 200ml. Nahrungserg\u00e4nzungsmittel mit Omega-3 und Vitamin D3","robots":{"index":"index","follow":"follow","max-snippet":"max-snippet:-1","max-image-preview":"max-image-preview:large","max-video-preview":"max-video-preview:-1"},"canonical":"https:\/\/www.loewen-apotheke24.com\/de\/shop\/angebot\/norsan-omega-3-total-naturell-13476543\/","og_locale":"de_DE","og_type":"article","og_title":"NORSAN Omega-3 Total Naturell g\u00fcnstig kaufen","og_description":"Top-Service, kurze Lieferzeit, gratis Lieferung ab 30 \u20ac. NORSAN Omega-3 Total Naturell 200ml. Nahrungserg\u00e4nzungsmittel mit Omega-3 und Vitamin D3","og_url":"https:\/\/www.loewen-apotheke24.com\/de\/shop\/angebot\/norsan-omega-3-total-naturell-13476543\/","og_site_name":"L\u00f6wen Apotheke24","article_modified_time":"2026-03-02T06:00:09+00:00","og_image":[{"width":600,"height":600,"url":"https:\/\/www.loewen-apotheke24.com\/wp-content\/uploads\/2025\/09\/NORSAN-Omega-3-Total-200ml-Flasche-Loewn-Apotheke24.webp","type":"image\/webp"}],"twitter_card":"summary_large_image","twitter_misc":{"Gesch\u00e4tzte Lesezeit":"2\u00a0Minuten"},"schema":{"@context":"https:\/\/schema.org","@graph":[{"@type":"WebPage","@id":"https:\/\/www.loewen-apotheke24.com\/de\/shop\/angebot\/norsan-omega-3-total-naturell-13476543\/","url":"https:\/\/www.loewen-apotheke24.com\/de\/shop\/angebot\/norsan-omega-3-total-naturell-13476543\/","name":"NORSAN Omega-3 Total Naturell g\u00fcnstig kaufen","isPartOf":{"@id":"https:\/\/www.loewen-apotheke24.com\/de\/#website"},"datePublished":"2025-09-17T14:50:51+00:00","dateModified":"2026-03-02T06:00:09+00:00","description":"Top-Service, kurze Lieferzeit, gratis Lieferung ab 30 \u20ac. NORSAN Omega-3 Total Naturell 200ml. Nahrungserg\u00e4nzungsmittel mit Omega-3 und Vitamin D3","breadcrumb":{"@id":"https:\/\/www.loewen-apotheke24.com\/de\/shop\/angebot\/norsan-omega-3-total-naturell-13476543\/#breadcrumb"},"inLanguage":"de","potentialAction":[{"@type":"ReadAction","target":["https:\/\/www.loewen-apotheke24.com\/de\/shop\/angebot\/norsan-omega-3-total-naturell-13476543\/"]}]},{"@type":"BreadcrumbList","@id":"https:\/\/www.loewen-apotheke24.com\/de\/shop\/angebot\/norsan-omega-3-total-naturell-13476543\/#breadcrumb","itemListElement":[{"@type":"ListItem","position":1,"name":"Shop","item":"https:\/\/www.loewen-apotheke24.com\/de\/shop\/"},{"@type":"ListItem","position":2,"name":"NORSAN Omega-3 Total Naturell"}]},{"@type":"WebSite","@id":"https:\/\/www.loewen-apotheke24.com\/de\/#website","url":"https:\/\/www.loewen-apotheke24.com\/de\/","name":"L\u00f6wen Apotheke24","description":"Spezialist f\u00fcr Naturmedizin - Versandapotheke Baden-Baden","publisher":{"@id":"https:\/\/www.loewen-apotheke24.com\/de\/#organization"},"potentialAction":[{"@type":"SearchAction","target":{"@type":"EntryPoint","urlTemplate":"https:\/\/www.loewen-apotheke24.com\/de\/?s={search_term_string}"},"query-input":"required name=search_term_string"}],"inLanguage":"de"},{"@type":"Organization","@id":"https:\/\/www.loewen-apotheke24.com\/de\/#organization","name":"L\u00f6wen Apotheke","alternateName":"L\u00f6wen Apotheke","url":"https:\/\/www.loewen-apotheke24.com\/de\/","logo":{"@type":"ImageObject","inLanguage":"de","@id":"https:\/\/www.loewen-apotheke24.com\/de\/#\/schema\/logo\/image\/","url":"https:\/\/www.loewen-apotheke24.com\/wp-content\/uploads\/2024\/02\/Logo-Loewen-Apotheke-700x700-1.png","contentUrl":"https:\/\/www.loewen-apotheke24.com\/wp-content\/uploads\/2024\/02\/Logo-Loewen-Apotheke-700x700-1.png","width":700,"height":700,"caption":"L\u00f6wen Apotheke"},"image":{"@id":"https:\/\/www.loewen-apotheke24.com\/de\/#\/schema\/logo\/image\/"}}]}},"_links":{"self":[{"href":"https:\/\/www.loewen-apotheke24.com\/de\/wp-json\/wp\/v2\/product\/142622"}],"collection":[{"href":"https:\/\/www.loewen-apotheke24.com\/de\/wp-json\/wp\/v2\/product"}],"about":[{"href":"https:\/\/www.loewen-apotheke24.com\/de\/wp-json\/wp\/v2\/types\/product"}],"wp:featuredmedia":[{"embeddable":true,"href":"https:\/\/www.loewen-apotheke24.com\/de\/wp-json\/wp\/v2\/media\/142625"}],"wp:attachment":[{"href":"https:\/\/www.loewen-apotheke24.com\/de\/wp-json\/wp\/v2\/media?parent=142622"}],"wp:term":[{"taxonomy":"product_cat","embeddable":true,"href":"https:\/\/www.loewen-apotheke24.com\/de\/wp-json\/wp\/v2\/product_cat?post=142622"},{"taxonomy":"product_tag","embeddable":true,"href":"https:\/\/www.loewen-apotheke24.com\/de\/wp-json\/wp\/v2\/product_tag?post=142622"}],"curies":[{"name":"wp","href":"https:\/\/api.w.org\/{rel}","templated":true}]}}