{"id":143508,"date":"2025-09-27T13:42:41","date_gmt":"2025-09-27T12:42:41","guid":{"rendered":"https:\/\/www.loewen-apotheke24.com\/?post_type=product&#038;p=143508"},"modified":"2025-11-30T20:08:05","modified_gmt":"2025-11-30T19:08:05","slug":"norsan-omega-3-alga-jelly-45-19104038","status":"publish","type":"product","link":"https:\/\/www.loewen-apotheke24.com\/de\/shop\/angebot\/norsan-omega-3-alga-jelly-45-19104038\/","title":{"rendered":"Norsan Omega-3 ALGA Jelly (45 St.)"},"content":{"rendered":"<h3 style=\"text-align: left;\">Norsan Omega-3 ALGA Jelly<\/h3>\n<p>Norsan Omega-3 ALGA Jelly besteht aus einer einzigartigen Kombination: einem pflanzlichen, hochdosierten Algen\u00f6l sowie einem kaltgepressten Oliven\u00f6l aus kontrolliertem biologischen Anbau mit hohem Gehalt an Polyphenolen.<\/p>\n<ul>\n<li>\u00a0f\u00fcr Veganer geeignet<\/li>\n<li>f\u00fcr Kinder ab 3 Jahren<\/li>\n<li>schadstoffarme Algen-Kultivierung<\/li>\n<li>jeder Drops liefert 220 mg Omega-3<\/li>\n<li>reich an den Omega-2-Fetts\u00e4uren EPA und DHA<\/li>\n<li>EPA und DHA tragen zu einer normalen Herzfunktion bei (gem\u00e4\u00df EFSA ab einer t\u00e4glichen Zufuhr von 250 mg DHA)<br \/>\nDHA tr\u00e4gt zur Erhaltung normaler Sehkraft und zur Erhaltung einer normalen Hirnfunktion bei (gem\u00e4\u00df EFSA ab einer t\u00e4glichen Zufuhrt von 250 mg EPA und DHA 250 mg)<\/li>\n<\/ul>\n<p>Perfekt f\u00fcr Kinder und nat\u00fcrlich zuckerfrei!<\/p>\n<p>Inhaltsstoffe: Nat\u00fcrliches Fisch\u00f6l, S\u00fc\u00dfungsmittel (Xylit und Sorbit), Wasser, Gelatine, nat\u00fcrliches Aroma (Zitrone und Erdbeere), S\u00e4ureregulator (Natriumcitrat), S\u00e4uerungsmittel (Apfels\u00e4ure), Emulgator (Lecithin), Farbstoff (Paprikaextrakt),Cholecalciferol (Vitamin D3).<\/p>\n<p>Anwenungsbereich:\u00a0Augen, Herz- &amp; Kreislauffunktion, Immunsystem, Konzentrationsschw\u00e4che, Vitalit\u00e4t<\/p>\n<p>Einnahme:\u00a0Die Tagesdosierung variiert je nach Gewicht des Kindes. Wir empfehlen:<br \/>\n17 kg 2 St\u00fcck pro Tag; enth\u00e4lt 500 mg Omega-3-Fetts\u00e4uren.<br \/>\n26 kg 3 St\u00fcck pro Tag; enth\u00e4lt 750 mg Omega-3-Fetts\u00e4uren.<br \/>\n35 kg 4 St\u00fcck pro Tag; enth\u00e4lt 1000 mg Omega-3-Fetts\u00e4uren.<\/p>\n<p>Packungsbeilage und Lebensmittelinformation (PDF)<\/p>\n<p>Andere Kunden interessierten sich auch f\u00fcr Produkte zum Thema: \u00a0<a href=\"https:\/\/www.loewen-apotheke24.com\/de\/product_tag\/reiseapotheke\/\">Reiseapotheke<\/a> | longevity<\/p>\n<p>Hinweis zur Anwendung und Einnahme: Die auf dieser Website bereitgestellten Informationen dienen ausschlie\u00dflich der allgemeinen Information und ersetzen nicht die fachliche Beratung, Diagnose oder Behandlung durch einen Arzt. Nahrungserg\u00e4nzungsmittel sind kein Ersatz f\u00fcr eine ausgewogene, abwechslungsreiche Ern\u00e4hrung und eine gesunde Lebensweise.<\/p>\n<p>Zu Risiken und Nebenwirkungen lesen Sie die Packungsbeilage und fragen Sie Ihre \u00c4rztin, Ihren Arzt oder in Ihrer Apotheke.<\/p>\n<h3 style=\"text-align: left;\">Rezept oder E-Rezept einl\u00f6sen:<\/h3>\n<p>Sie haben ein Rezept oder E-Rezept? Reichen Sie es bequem \u00fcber unsere\u00a0<a class=\"ProsemirrorEditor-link\" href=\"https:\/\/e-rezept-app.de\/shop-rezept\">E-Rezept<\/a>\u00a0App ein \u2013 auch Privatrezepte f\u00fcr Selbstzahler sind m\u00f6glich. Schnell, sicher und einfach.<\/p>\n<h3 class=\"TypographyPresentation TypographyPresentation--medium RichText3-paragraph--withVSpacingNormal RichText3-paragraph HighlightSol HighlightSol--buildingBlock\" style=\"text-align: left;\">Fragen zum Produkt? Wir sind f\u00fcr Sie da!<\/h3>\n<p class=\"TypographyPresentation TypographyPresentation--medium RichText3-paragraph--withVSpacingNormal RichText3-paragraph HighlightSol HighlightSol--buildingBlock\">Unsere verantwortliche Apothekerin\u00a0<strong>Dr. Sandra Hoff<\/strong>\u00a0und ihr Team beraten Sie gerne pers\u00f6nlich \u2013 telefonisch oder per E-Mail. Als\u00a0<strong>echte Apotheke vor Ort<\/strong>\u00a0und\u00a0<strong>zugelassene Versandapotheke<\/strong>\u00a0bieten wir Ihnen kompetente Unterst\u00fctzung, besonders in den Bereichen\u00a0<a href=\"https:\/\/www.loewen-apotheke24.com\/de\/product_tag\/naturheilmittel\/\">Naturheilkunde<\/a>\u00a0und\u00a0<a href=\"https:\/\/www.loewen-apotheke24.com\/de\/product_tag\/vitamine-mineralien-nahrungsergaenzung\/\">Nahrungserg\u00e4nzungsmittel<\/a>. Unsere Erlaubnis finden Sie als\u00a0<a href=\"https:\/\/versandhandel.dimdi.de\/websearch\/servlet\/Gate;jsessionid=0D29D15655BE1174E9178A340E8FE6BC?accessid=dimdi_var&amp;term=3c387956690121ccc8763184f052b93f\" target=\"_blank\" rel=\"noopener\">Eintrag im Versandhandelsregister.<\/a><\/p>\n","protected":false},"excerpt":{"rendered":"<h2 style=\"text-align: left;\">Norsan Omega-3 ALGA Jelly<\/h2>\n<p>Omega-3 ALGA Jelly sind Kaugeleedrops mit pflanzlichem Algen\u00f6l und Tutti-Frutti-Geschmack.<\/p>\n<p><strong>PZN:<\/strong> 19104038 (Pharmazentralnummer)<\/p>\n<p><strong>Darreichungsform<\/strong>: Fruchgummies<\/p>\n<p><strong>Verordnungsart<\/strong>: Rezeptfrei<\/p>\n<p><strong>Hersteller<\/strong>: NORSAN GmbH, 13053 Berlin, Deutschland<\/p>\n<p><strong>Packungsgr\u00f6\u00dfe<\/strong>: 45 St\u00fcck<\/p>\n","protected":false},"featured_media":143510,"template":"","meta":[],"product_cat":[13,43],"product_tag":[267,263,265],"yoast_head":"<!-- This site is optimized with the Yoast SEO Premium plugin v21.0 (Yoast SEO v21.0) - https:\/\/yoast.com\/wordpress\/plugins\/seo\/ -->\n<title>Norsan Omega-3 ALGA Jelly (45 St.) g\u00fcnstig kaufen<\/title>\n<meta name=\"description\" content=\"Top-Service, kurze Lieferzeit, gratis Lieferung ab 30 \u20ac. Norsan Omega-3 ALGA Jelly (45 St.) 100ml. Nahrungserg\u00e4nzungsmittel mit Omega-3. Neues Produkt.\" \/>\n<meta name=\"robots\" content=\"index, follow, max-snippet:-1, max-image-preview:large, max-video-preview:-1\" \/>\n<link rel=\"canonical\" href=\"https:\/\/www.loewen-apotheke24.com\/de\/shop\/angebot\/norsan-omega-3-alga-jelly-45-19104038\/\" \/>\n<meta property=\"og:locale\" content=\"de_DE\" \/>\n<meta property=\"og:type\" content=\"article\" \/>\n<meta property=\"og:title\" content=\"Norsan Omega-3 ALGA Jelly (45 St.) g\u00fcnstig kaufen\" \/>\n<meta property=\"og:description\" content=\"Top-Service, kurze Lieferzeit, gratis Lieferung ab 30 \u20ac. Norsan Omega-3 ALGA Jelly (45 St.) 100ml. Nahrungserg\u00e4nzungsmittel mit Omega-3. Neues Produkt.\" \/>\n<meta property=\"og:url\" content=\"https:\/\/www.loewen-apotheke24.com\/de\/shop\/angebot\/norsan-omega-3-alga-jelly-45-19104038\/\" \/>\n<meta property=\"og:site_name\" content=\"L\u00f6wen Apotheke24\" \/>\n<meta property=\"article:modified_time\" content=\"2025-11-30T19:08:05+00:00\" \/>\n<meta property=\"og:image\" content=\"https:\/\/www.loewen-apotheke24.com\/wp-content\/uploads\/2025\/09\/Norsan-Omega-3-ALGA-Jelly-45-St-Loewen-Apotheke24-Baden-Baden-Deutschland.webp\" \/>\n\t<meta property=\"og:image:width\" content=\"600\" \/>\n\t<meta property=\"og:image:height\" content=\"600\" \/>\n\t<meta property=\"og:image:type\" content=\"image\/webp\" \/>\n<meta name=\"twitter:card\" content=\"summary_large_image\" \/>\n<meta name=\"twitter:label1\" content=\"Gesch\u00e4tzte Lesezeit\" \/>\n\t<meta name=\"twitter:data1\" content=\"2\u00a0Minuten\" \/>\n<script type=\"application\/ld+json\" class=\"yoast-schema-graph\">{\"@context\":\"https:\/\/schema.org\",\"@graph\":[{\"@type\":\"WebPage\",\"@id\":\"https:\/\/www.loewen-apotheke24.com\/de\/shop\/angebot\/norsan-omega-3-alga-jelly-45-19104038\/\",\"url\":\"https:\/\/www.loewen-apotheke24.com\/de\/shop\/angebot\/norsan-omega-3-alga-jelly-45-19104038\/\",\"name\":\"Norsan Omega-3 ALGA Jelly (45 St.) g\u00fcnstig kaufen\",\"isPartOf\":{\"@id\":\"https:\/\/www.loewen-apotheke24.com\/de\/#website\"},\"datePublished\":\"2025-09-27T12:42:41+00:00\",\"dateModified\":\"2025-11-30T19:08:05+00:00\",\"description\":\"Top-Service, kurze Lieferzeit, gratis Lieferung ab 30 \u20ac. Norsan Omega-3 ALGA Jelly (45 St.) 100ml. Nahrungserg\u00e4nzungsmittel mit Omega-3. Neues Produkt.\",\"breadcrumb\":{\"@id\":\"https:\/\/www.loewen-apotheke24.com\/de\/shop\/angebot\/norsan-omega-3-alga-jelly-45-19104038\/#breadcrumb\"},\"inLanguage\":\"de\",\"potentialAction\":[{\"@type\":\"ReadAction\",\"target\":[\"https:\/\/www.loewen-apotheke24.com\/de\/shop\/angebot\/norsan-omega-3-alga-jelly-45-19104038\/\"]}]},{\"@type\":\"BreadcrumbList\",\"@id\":\"https:\/\/www.loewen-apotheke24.com\/de\/shop\/angebot\/norsan-omega-3-alga-jelly-45-19104038\/#breadcrumb\",\"itemListElement\":[{\"@type\":\"ListItem\",\"position\":1,\"name\":\"Shop\",\"item\":\"https:\/\/www.loewen-apotheke24.com\/de\/shop\/\"},{\"@type\":\"ListItem\",\"position\":2,\"name\":\"Norsan Omega-3 ALGA Jelly (45 St.)\"}]},{\"@type\":\"WebSite\",\"@id\":\"https:\/\/www.loewen-apotheke24.com\/de\/#website\",\"url\":\"https:\/\/www.loewen-apotheke24.com\/de\/\",\"name\":\"L\u00f6wen Apotheke24\",\"description\":\"Spezialist f\u00fcr Naturmedizin - Versandapotheke Baden-Baden\",\"publisher\":{\"@id\":\"https:\/\/www.loewen-apotheke24.com\/de\/#organization\"},\"potentialAction\":[{\"@type\":\"SearchAction\",\"target\":{\"@type\":\"EntryPoint\",\"urlTemplate\":\"https:\/\/www.loewen-apotheke24.com\/de\/?s={search_term_string}\"},\"query-input\":\"required name=search_term_string\"}],\"inLanguage\":\"de\"},{\"@type\":\"Organization\",\"@id\":\"https:\/\/www.loewen-apotheke24.com\/de\/#organization\",\"name\":\"L\u00f6wen Apotheke\",\"alternateName\":\"L\u00f6wen Apotheke\",\"url\":\"https:\/\/www.loewen-apotheke24.com\/de\/\",\"logo\":{\"@type\":\"ImageObject\",\"inLanguage\":\"de\",\"@id\":\"https:\/\/www.loewen-apotheke24.com\/de\/#\/schema\/logo\/image\/\",\"url\":\"https:\/\/www.loewen-apotheke24.com\/wp-content\/uploads\/2024\/02\/Logo-Loewen-Apotheke-700x700-1.png\",\"contentUrl\":\"https:\/\/www.loewen-apotheke24.com\/wp-content\/uploads\/2024\/02\/Logo-Loewen-Apotheke-700x700-1.png\",\"width\":700,\"height\":700,\"caption\":\"L\u00f6wen Apotheke\"},\"image\":{\"@id\":\"https:\/\/www.loewen-apotheke24.com\/de\/#\/schema\/logo\/image\/\"}}]}<\/script>\n<!-- \/ Yoast SEO Premium plugin. -->","yoast_head_json":{"title":"Norsan Omega-3 ALGA Jelly (45 St.) g\u00fcnstig kaufen","description":"Top-Service, kurze Lieferzeit, gratis Lieferung ab 30 \u20ac. Norsan Omega-3 ALGA Jelly (45 St.) 100ml. Nahrungserg\u00e4nzungsmittel mit Omega-3. Neues Produkt.","robots":{"index":"index","follow":"follow","max-snippet":"max-snippet:-1","max-image-preview":"max-image-preview:large","max-video-preview":"max-video-preview:-1"},"canonical":"https:\/\/www.loewen-apotheke24.com\/de\/shop\/angebot\/norsan-omega-3-alga-jelly-45-19104038\/","og_locale":"de_DE","og_type":"article","og_title":"Norsan Omega-3 ALGA Jelly (45 St.) g\u00fcnstig kaufen","og_description":"Top-Service, kurze Lieferzeit, gratis Lieferung ab 30 \u20ac. Norsan Omega-3 ALGA Jelly (45 St.) 100ml. Nahrungserg\u00e4nzungsmittel mit Omega-3. Neues Produkt.","og_url":"https:\/\/www.loewen-apotheke24.com\/de\/shop\/angebot\/norsan-omega-3-alga-jelly-45-19104038\/","og_site_name":"L\u00f6wen Apotheke24","article_modified_time":"2025-11-30T19:08:05+00:00","og_image":[{"width":600,"height":600,"url":"https:\/\/www.loewen-apotheke24.com\/wp-content\/uploads\/2025\/09\/Norsan-Omega-3-ALGA-Jelly-45-St-Loewen-Apotheke24-Baden-Baden-Deutschland.webp","type":"image\/webp"}],"twitter_card":"summary_large_image","twitter_misc":{"Gesch\u00e4tzte Lesezeit":"2\u00a0Minuten"},"schema":{"@context":"https:\/\/schema.org","@graph":[{"@type":"WebPage","@id":"https:\/\/www.loewen-apotheke24.com\/de\/shop\/angebot\/norsan-omega-3-alga-jelly-45-19104038\/","url":"https:\/\/www.loewen-apotheke24.com\/de\/shop\/angebot\/norsan-omega-3-alga-jelly-45-19104038\/","name":"Norsan Omega-3 ALGA Jelly (45 St.) g\u00fcnstig kaufen","isPartOf":{"@id":"https:\/\/www.loewen-apotheke24.com\/de\/#website"},"datePublished":"2025-09-27T12:42:41+00:00","dateModified":"2025-11-30T19:08:05+00:00","description":"Top-Service, kurze Lieferzeit, gratis Lieferung ab 30 \u20ac. Norsan Omega-3 ALGA Jelly (45 St.) 100ml. Nahrungserg\u00e4nzungsmittel mit Omega-3. Neues Produkt.","breadcrumb":{"@id":"https:\/\/www.loewen-apotheke24.com\/de\/shop\/angebot\/norsan-omega-3-alga-jelly-45-19104038\/#breadcrumb"},"inLanguage":"de","potentialAction":[{"@type":"ReadAction","target":["https:\/\/www.loewen-apotheke24.com\/de\/shop\/angebot\/norsan-omega-3-alga-jelly-45-19104038\/"]}]},{"@type":"BreadcrumbList","@id":"https:\/\/www.loewen-apotheke24.com\/de\/shop\/angebot\/norsan-omega-3-alga-jelly-45-19104038\/#breadcrumb","itemListElement":[{"@type":"ListItem","position":1,"name":"Shop","item":"https:\/\/www.loewen-apotheke24.com\/de\/shop\/"},{"@type":"ListItem","position":2,"name":"Norsan Omega-3 ALGA Jelly (45 St.)"}]},{"@type":"WebSite","@id":"https:\/\/www.loewen-apotheke24.com\/de\/#website","url":"https:\/\/www.loewen-apotheke24.com\/de\/","name":"L\u00f6wen Apotheke24","description":"Spezialist f\u00fcr Naturmedizin - Versandapotheke Baden-Baden","publisher":{"@id":"https:\/\/www.loewen-apotheke24.com\/de\/#organization"},"potentialAction":[{"@type":"SearchAction","target":{"@type":"EntryPoint","urlTemplate":"https:\/\/www.loewen-apotheke24.com\/de\/?s={search_term_string}"},"query-input":"required name=search_term_string"}],"inLanguage":"de"},{"@type":"Organization","@id":"https:\/\/www.loewen-apotheke24.com\/de\/#organization","name":"L\u00f6wen Apotheke","alternateName":"L\u00f6wen Apotheke","url":"https:\/\/www.loewen-apotheke24.com\/de\/","logo":{"@type":"ImageObject","inLanguage":"de","@id":"https:\/\/www.loewen-apotheke24.com\/de\/#\/schema\/logo\/image\/","url":"https:\/\/www.loewen-apotheke24.com\/wp-content\/uploads\/2024\/02\/Logo-Loewen-Apotheke-700x700-1.png","contentUrl":"https:\/\/www.loewen-apotheke24.com\/wp-content\/uploads\/2024\/02\/Logo-Loewen-Apotheke-700x700-1.png","width":700,"height":700,"caption":"L\u00f6wen Apotheke"},"image":{"@id":"https:\/\/www.loewen-apotheke24.com\/de\/#\/schema\/logo\/image\/"}}]}},"_links":{"self":[{"href":"https:\/\/www.loewen-apotheke24.com\/de\/wp-json\/wp\/v2\/product\/143508"}],"collection":[{"href":"https:\/\/www.loewen-apotheke24.com\/de\/wp-json\/wp\/v2\/product"}],"about":[{"href":"https:\/\/www.loewen-apotheke24.com\/de\/wp-json\/wp\/v2\/types\/product"}],"wp:featuredmedia":[{"embeddable":true,"href":"https:\/\/www.loewen-apotheke24.com\/de\/wp-json\/wp\/v2\/media\/143510"}],"wp:attachment":[{"href":"https:\/\/www.loewen-apotheke24.com\/de\/wp-json\/wp\/v2\/media?parent=143508"}],"wp:term":[{"taxonomy":"product_cat","embeddable":true,"href":"https:\/\/www.loewen-apotheke24.com\/de\/wp-json\/wp\/v2\/product_cat?post=143508"},{"taxonomy":"product_tag","embeddable":true,"href":"https:\/\/www.loewen-apotheke24.com\/de\/wp-json\/wp\/v2\/product_tag?post=143508"}],"curies":[{"name":"wp","href":"https:\/\/api.w.org\/{rel}","templated":true}]}}