{"id":143902,"date":"2025-10-02T05:08:56","date_gmt":"2025-10-02T04:08:56","guid":{"rendered":"https:\/\/www.loewen-apotheke24.com\/?post_type=product&#038;p=143902"},"modified":"2025-11-11T20:15:40","modified_gmt":"2025-11-11T19:15:40","slug":"pure-encapsulations-magnesiumcitrat-kapseln-90-st-05133036","status":"publish","type":"product","link":"https:\/\/www.loewen-apotheke24.com\/de\/shop\/angebot\/pure-encapsulations-magnesiumcitrat-kapseln-90-st-05133036\/","title":{"rendered":"Pure Encapsulations Magnesiumcitrat Kapseln (90 St.)"},"content":{"rendered":"<h3 style=\"text-align: left;\">Pure Encapsulations Magnesiumcitrat Kapseln<\/h3>\n<p>Pure Encapsulations Magnesiumcitrat ist ein Nahrungserg\u00e4nzungsmittel mit Magnesium f\u00fcr Stoffwechsel, Knochen und Muskulatur.<\/p>\n<p>Magnesium unterst\u00fctzt nicht nur eine gesunde Muskelfunktion und den Energiestoffwechsel, es spielt auch f\u00fcr Nerven und Psyche eine wichtige Rolle. Deshalb kann es u.a. in stressigen Zeiten als Nahrungserg\u00e4nzung empfohlen werden. Pure Encapsulations bietet Magnesium in der organischen Citratform f\u00fcr eine ideale Aufnahme und tr\u00e4gt zu einer normalen psychischen Funktion, zu einer normalen Funktion des Nervensystems, zur Verringerung von M\u00fcdigkeit und Erm\u00fcdung und zu einer normalen Muskelfunktion bei.<\/p>\n<p>Inhaltsstoffe: Magnesiumcitrat, \u00dcberzugsmittel: Hydroxypropylmethylcellulose, Antioxidationsmittel: Ascorbylpalmitat<\/p>\n<p>Beipackzettel und Pflichtangaben nach Lebensmittel-Informationsverordnung (PDF Reader):\u00a0<a href=\"https:\/\/www.loewen-apotheke24.com\/wp-content\/uploads\/2025\/09\/Packungsbeilage-05132634.pdf\">Packungsbeilage Pure Encapsulations\u00ae Magnesium (Magnesiumcitrat) 05132634<\/a><\/p>\n<p>Hier finden Sie weitere Informationen zum Produkt. <a href=\"https:\/\/www.purecaps.net\/\" target=\"_blank\" rel=\"noopener\">Pure Encapsulations Pro Medico GmbH<\/a> (externe Webseite)<br \/>\nAndere Kunden interessierten sich auch f\u00fcr Produkte zum Thema:\u00a0<a href=\"https:\/\/www.loewen-apotheke24.com\/de\/product_tag\/entzuendung\/\">Entz\u00fcndung\u00a0<\/a>|\u00a0<a href=\"https:\/\/www.loewen-apotheke24.com\/de\/product_tag\/abnehmen\/\">Fitness<\/a>\u00a0|\u00a0<a href=\"https:\/\/www.loewen-apotheke24.com\/de\/product_tag\/reiseapotheke\/\">Reiseapotheke<\/a><\/p>\n<p>Informationen auf dieser Website werden ausschlie\u00dflich f\u00fcr informative Zwecke zur Verf\u00fcgung gestellt. Sie ersetzen keinesfalls die Untersuchung und Behandlung durch einen Arzt. Bitte beachten Sie, dass hierdurch weder Diagnosen gestellt noch Therapien eingeleitet werden k\u00f6nnen.<\/p>\n<p>Nahrungserg\u00e4nzungsmittel sind kein Ersatz f\u00fcr eine ausgewogene und abwechslungsreiche Ern\u00e4hrung und eine gesunde Lebensweise.<\/p>\n<p>Zu Risiken und Nebenwirkungen lesen Sie die Packungsbeilage und fragen Sie Ihren Arzt oder Apotheker.<\/p>\n<h3 style=\"text-align: left;\">Rezept | E-Rezept vorhanden?<\/h3>\n<p>Reichen Sie jetzt Ihr E-Rezept ein. Nutzen Sie unsere <a href=\"https:\/\/e-rezept-app.de\/shop-rezept\" target=\"_blank\" rel=\"noopener\">E-Rezept<\/a> App. Und wir schenken Ihnen die Versandkosten!<\/p>\n","protected":false},"excerpt":{"rendered":"<h2>Pure Encapsulations Magnesiumcitrat Kapseln<\/h2>\n<p>Nahrungserg\u00e4nzungsmittel mit Magnesium f\u00fcr Stoffwechsel, Knochen und Muskulatur.<\/p>\n<p><strong>PZN<\/strong>: 05133036 (Pharmazentralnummer)<\/p>\n<p><strong>Darreichungsform<\/strong>: Kapseln<\/p>\n<p><strong>Verordnungsart<\/strong>: Rezeptfrei<\/p>\n<p><strong>Marke<\/strong>: Pure Encapsulations<\/p>\n<p><strong>Hersteller<\/strong>: Pro Medico GmbH, Germany, Deutschland<\/p>\n<p><strong>Packungsgr\u00f6\u00dfe<\/strong>: 90 St.<\/p>\n","protected":false},"featured_media":143905,"template":"","meta":[],"product_cat":[13,43],"product_tag":[169,139,251,170,265,470,1025,233,469],"yoast_head":"<!-- This site is optimized with the Yoast SEO Premium plugin v21.0 (Yoast SEO v21.0) - https:\/\/yoast.com\/wordpress\/plugins\/seo\/ -->\n<title>Pure Encapsulations Magnesiumcitrat Kapseln (90 St.)<\/title>\n<meta name=\"description\" content=\"L\u00f6wen Apotheke24 - Spezialist f\u00fcr Naturheilkunde - kurze Lieferzeit - gratis Lieferung ab 30 \u20ac. Pure Encapsulations Magnesiumcitrat Kapseln (90 St.)\" \/>\n<meta name=\"robots\" content=\"index, follow, max-snippet:-1, max-image-preview:large, max-video-preview:-1\" \/>\n<link rel=\"canonical\" href=\"https:\/\/www.loewen-apotheke24.com\/de\/shop\/angebot\/pure-encapsulations-magnesiumcitrat-kapseln-90-st-05133036\/\" \/>\n<meta property=\"og:locale\" content=\"de_DE\" \/>\n<meta property=\"og:type\" content=\"article\" \/>\n<meta property=\"og:title\" content=\"Pure Encapsulations Magnesiumcitrat Kapseln (90 St.)\" \/>\n<meta property=\"og:description\" content=\"L\u00f6wen Apotheke24 - Spezialist f\u00fcr Naturheilkunde - kurze Lieferzeit - gratis Lieferung ab 30 \u20ac. Pure Encapsulations Magnesiumcitrat Kapseln (90 St.)\" \/>\n<meta property=\"og:url\" content=\"https:\/\/www.loewen-apotheke24.com\/de\/shop\/angebot\/pure-encapsulations-magnesiumcitrat-kapseln-90-st-05133036\/\" \/>\n<meta property=\"og:site_name\" content=\"L\u00f6wen Apotheke24\" \/>\n<meta property=\"article:modified_time\" content=\"2025-11-11T19:15:40+00:00\" \/>\n<meta property=\"og:image\" content=\"https:\/\/www.loewen-apotheke24.com\/wp-content\/uploads\/2025\/10\/pure-encapsulations-Magnesiumcitrat-90-St-PZN-05133036.webp\" \/>\n\t<meta property=\"og:image:width\" content=\"600\" \/>\n\t<meta property=\"og:image:height\" content=\"600\" \/>\n\t<meta property=\"og:image:type\" content=\"image\/webp\" \/>\n<meta name=\"twitter:card\" content=\"summary_large_image\" \/>\n<meta name=\"twitter:label1\" content=\"Gesch\u00e4tzte Lesezeit\" \/>\n\t<meta name=\"twitter:data1\" content=\"2\u00a0Minuten\" \/>\n<script type=\"application\/ld+json\" class=\"yoast-schema-graph\">{\"@context\":\"https:\/\/schema.org\",\"@graph\":[{\"@type\":\"WebPage\",\"@id\":\"https:\/\/www.loewen-apotheke24.com\/de\/shop\/angebot\/pure-encapsulations-magnesiumcitrat-kapseln-90-st-05133036\/\",\"url\":\"https:\/\/www.loewen-apotheke24.com\/de\/shop\/angebot\/pure-encapsulations-magnesiumcitrat-kapseln-90-st-05133036\/\",\"name\":\"Pure Encapsulations Magnesiumcitrat Kapseln (90 St.)\",\"isPartOf\":{\"@id\":\"https:\/\/www.loewen-apotheke24.com\/de\/#website\"},\"datePublished\":\"2025-10-02T04:08:56+00:00\",\"dateModified\":\"2025-11-11T19:15:40+00:00\",\"description\":\"L\u00f6wen Apotheke24 - Spezialist f\u00fcr Naturheilkunde - kurze Lieferzeit - gratis Lieferung ab 30 \u20ac. Pure Encapsulations Magnesiumcitrat Kapseln (90 St.)\",\"breadcrumb\":{\"@id\":\"https:\/\/www.loewen-apotheke24.com\/de\/shop\/angebot\/pure-encapsulations-magnesiumcitrat-kapseln-90-st-05133036\/#breadcrumb\"},\"inLanguage\":\"de\",\"potentialAction\":[{\"@type\":\"ReadAction\",\"target\":[\"https:\/\/www.loewen-apotheke24.com\/de\/shop\/angebot\/pure-encapsulations-magnesiumcitrat-kapseln-90-st-05133036\/\"]}]},{\"@type\":\"BreadcrumbList\",\"@id\":\"https:\/\/www.loewen-apotheke24.com\/de\/shop\/angebot\/pure-encapsulations-magnesiumcitrat-kapseln-90-st-05133036\/#breadcrumb\",\"itemListElement\":[{\"@type\":\"ListItem\",\"position\":1,\"name\":\"Shop\",\"item\":\"https:\/\/www.loewen-apotheke24.com\/de\/shop\/\"},{\"@type\":\"ListItem\",\"position\":2,\"name\":\"Pure Encapsulations Magnesiumcitrat Kapseln (90 St.)\"}]},{\"@type\":\"WebSite\",\"@id\":\"https:\/\/www.loewen-apotheke24.com\/de\/#website\",\"url\":\"https:\/\/www.loewen-apotheke24.com\/de\/\",\"name\":\"L\u00f6wen Apotheke24\",\"description\":\"Spezialist f\u00fcr Naturmedizin - Versandapotheke Baden-Baden\",\"publisher\":{\"@id\":\"https:\/\/www.loewen-apotheke24.com\/de\/#organization\"},\"potentialAction\":[{\"@type\":\"SearchAction\",\"target\":{\"@type\":\"EntryPoint\",\"urlTemplate\":\"https:\/\/www.loewen-apotheke24.com\/de\/?s={search_term_string}\"},\"query-input\":\"required name=search_term_string\"}],\"inLanguage\":\"de\"},{\"@type\":\"Organization\",\"@id\":\"https:\/\/www.loewen-apotheke24.com\/de\/#organization\",\"name\":\"L\u00f6wen Apotheke\",\"alternateName\":\"L\u00f6wen Apotheke\",\"url\":\"https:\/\/www.loewen-apotheke24.com\/de\/\",\"logo\":{\"@type\":\"ImageObject\",\"inLanguage\":\"de\",\"@id\":\"https:\/\/www.loewen-apotheke24.com\/de\/#\/schema\/logo\/image\/\",\"url\":\"https:\/\/www.loewen-apotheke24.com\/wp-content\/uploads\/2024\/02\/Logo-Loewen-Apotheke-700x700-1.png\",\"contentUrl\":\"https:\/\/www.loewen-apotheke24.com\/wp-content\/uploads\/2024\/02\/Logo-Loewen-Apotheke-700x700-1.png\",\"width\":700,\"height\":700,\"caption\":\"L\u00f6wen Apotheke\"},\"image\":{\"@id\":\"https:\/\/www.loewen-apotheke24.com\/de\/#\/schema\/logo\/image\/\"}}]}<\/script>\n<!-- \/ Yoast SEO Premium plugin. -->","yoast_head_json":{"title":"Pure Encapsulations Magnesiumcitrat Kapseln (90 St.)","description":"L\u00f6wen Apotheke24 - Spezialist f\u00fcr Naturheilkunde - kurze Lieferzeit - gratis Lieferung ab 30 \u20ac. Pure Encapsulations Magnesiumcitrat Kapseln (90 St.)","robots":{"index":"index","follow":"follow","max-snippet":"max-snippet:-1","max-image-preview":"max-image-preview:large","max-video-preview":"max-video-preview:-1"},"canonical":"https:\/\/www.loewen-apotheke24.com\/de\/shop\/angebot\/pure-encapsulations-magnesiumcitrat-kapseln-90-st-05133036\/","og_locale":"de_DE","og_type":"article","og_title":"Pure Encapsulations Magnesiumcitrat Kapseln (90 St.)","og_description":"L\u00f6wen Apotheke24 - Spezialist f\u00fcr Naturheilkunde - kurze Lieferzeit - gratis Lieferung ab 30 \u20ac. Pure Encapsulations Magnesiumcitrat Kapseln (90 St.)","og_url":"https:\/\/www.loewen-apotheke24.com\/de\/shop\/angebot\/pure-encapsulations-magnesiumcitrat-kapseln-90-st-05133036\/","og_site_name":"L\u00f6wen Apotheke24","article_modified_time":"2025-11-11T19:15:40+00:00","og_image":[{"width":600,"height":600,"url":"https:\/\/www.loewen-apotheke24.com\/wp-content\/uploads\/2025\/10\/pure-encapsulations-Magnesiumcitrat-90-St-PZN-05133036.webp","type":"image\/webp"}],"twitter_card":"summary_large_image","twitter_misc":{"Gesch\u00e4tzte Lesezeit":"2\u00a0Minuten"},"schema":{"@context":"https:\/\/schema.org","@graph":[{"@type":"WebPage","@id":"https:\/\/www.loewen-apotheke24.com\/de\/shop\/angebot\/pure-encapsulations-magnesiumcitrat-kapseln-90-st-05133036\/","url":"https:\/\/www.loewen-apotheke24.com\/de\/shop\/angebot\/pure-encapsulations-magnesiumcitrat-kapseln-90-st-05133036\/","name":"Pure Encapsulations Magnesiumcitrat Kapseln (90 St.)","isPartOf":{"@id":"https:\/\/www.loewen-apotheke24.com\/de\/#website"},"datePublished":"2025-10-02T04:08:56+00:00","dateModified":"2025-11-11T19:15:40+00:00","description":"L\u00f6wen Apotheke24 - Spezialist f\u00fcr Naturheilkunde - kurze Lieferzeit - gratis Lieferung ab 30 \u20ac. Pure Encapsulations Magnesiumcitrat Kapseln (90 St.)","breadcrumb":{"@id":"https:\/\/www.loewen-apotheke24.com\/de\/shop\/angebot\/pure-encapsulations-magnesiumcitrat-kapseln-90-st-05133036\/#breadcrumb"},"inLanguage":"de","potentialAction":[{"@type":"ReadAction","target":["https:\/\/www.loewen-apotheke24.com\/de\/shop\/angebot\/pure-encapsulations-magnesiumcitrat-kapseln-90-st-05133036\/"]}]},{"@type":"BreadcrumbList","@id":"https:\/\/www.loewen-apotheke24.com\/de\/shop\/angebot\/pure-encapsulations-magnesiumcitrat-kapseln-90-st-05133036\/#breadcrumb","itemListElement":[{"@type":"ListItem","position":1,"name":"Shop","item":"https:\/\/www.loewen-apotheke24.com\/de\/shop\/"},{"@type":"ListItem","position":2,"name":"Pure Encapsulations Magnesiumcitrat Kapseln (90 St.)"}]},{"@type":"WebSite","@id":"https:\/\/www.loewen-apotheke24.com\/de\/#website","url":"https:\/\/www.loewen-apotheke24.com\/de\/","name":"L\u00f6wen Apotheke24","description":"Spezialist f\u00fcr Naturmedizin - Versandapotheke Baden-Baden","publisher":{"@id":"https:\/\/www.loewen-apotheke24.com\/de\/#organization"},"potentialAction":[{"@type":"SearchAction","target":{"@type":"EntryPoint","urlTemplate":"https:\/\/www.loewen-apotheke24.com\/de\/?s={search_term_string}"},"query-input":"required name=search_term_string"}],"inLanguage":"de"},{"@type":"Organization","@id":"https:\/\/www.loewen-apotheke24.com\/de\/#organization","name":"L\u00f6wen Apotheke","alternateName":"L\u00f6wen Apotheke","url":"https:\/\/www.loewen-apotheke24.com\/de\/","logo":{"@type":"ImageObject","inLanguage":"de","@id":"https:\/\/www.loewen-apotheke24.com\/de\/#\/schema\/logo\/image\/","url":"https:\/\/www.loewen-apotheke24.com\/wp-content\/uploads\/2024\/02\/Logo-Loewen-Apotheke-700x700-1.png","contentUrl":"https:\/\/www.loewen-apotheke24.com\/wp-content\/uploads\/2024\/02\/Logo-Loewen-Apotheke-700x700-1.png","width":700,"height":700,"caption":"L\u00f6wen Apotheke"},"image":{"@id":"https:\/\/www.loewen-apotheke24.com\/de\/#\/schema\/logo\/image\/"}}]}},"_links":{"self":[{"href":"https:\/\/www.loewen-apotheke24.com\/de\/wp-json\/wp\/v2\/product\/143902"}],"collection":[{"href":"https:\/\/www.loewen-apotheke24.com\/de\/wp-json\/wp\/v2\/product"}],"about":[{"href":"https:\/\/www.loewen-apotheke24.com\/de\/wp-json\/wp\/v2\/types\/product"}],"wp:featuredmedia":[{"embeddable":true,"href":"https:\/\/www.loewen-apotheke24.com\/de\/wp-json\/wp\/v2\/media\/143905"}],"wp:attachment":[{"href":"https:\/\/www.loewen-apotheke24.com\/de\/wp-json\/wp\/v2\/media?parent=143902"}],"wp:term":[{"taxonomy":"product_cat","embeddable":true,"href":"https:\/\/www.loewen-apotheke24.com\/de\/wp-json\/wp\/v2\/product_cat?post=143902"},{"taxonomy":"product_tag","embeddable":true,"href":"https:\/\/www.loewen-apotheke24.com\/de\/wp-json\/wp\/v2\/product_tag?post=143902"}],"curies":[{"name":"wp","href":"https:\/\/api.w.org\/{rel}","templated":true}]}}