{"id":144054,"date":"2025-10-03T14:14:22","date_gmt":"2025-10-03T13:14:22","guid":{"rendered":"https:\/\/www.loewen-apotheke24.com\/?post_type=product&#038;p=144054"},"modified":"2025-10-03T14:34:32","modified_gmt":"2025-10-03T13:34:32","slug":"zytokine-botenstoffe-des-immunsystems","status":"publish","type":"product","link":"https:\/\/www.loewen-apotheke24.com\/de\/shop\/labo-life\/zytokine-botenstoffe-des-immunsystems\/","title":{"rendered":"Zytokine &#8211; Botenstoffe des Immunsystems"},"content":{"rendered":"<h3 style=\"text-align: left;\">Zytokine &#8211; Botenstoffe des Immunsystems<\/h3>\n<p>Kleinste Proteine mit gr\u00f6\u00dfter Wirkung: Wie Zytokine das Immunsystem regulieren.\u00a0Die Autorin <a href=\"https:\/\/corinneheitz.com\/die-autorin\/\" target=\"_blank\" rel=\"noopener\">Corinne I. Heitz<\/a> hat die Zytokine und ihre Funktion im Immunsystem aus ihrer langj\u00e4hrigen Erfahrung dargestellt.<\/p>\n<p>\u201eZytokine, Botenstoffe des Immunsystems\u201c bildet eine Br\u00fccke zwischen Forschung und therapeutischer Praxis und zeigt immunologische Zusammenh\u00e4nge bei Krebs, Autoimmunerkrankungen und chronischen Entz\u00fcndungen. Es bietet damit \u00c4rzten, Heilpraktikern und naturheilkundlich orientierten Therapeuten einen wertvollen Leitfaden f\u00fcr die gezielte immunologische Behandlung. Erfahren Sie, wie diese kleinsten Proteine ihre Wirkung entfalten und das Immunsystem regulieren k\u00f6nnen.<\/p>\n<p>Ein Schwerpunkt ist die systematische Darstellung aller relevanten Zytokin-Gruppen:<br \/>\n&#8211; Interferone, Interleukine (IL-1 bis IL-38), Tumornekrosefaktoren, Chemokine, koloniestimulierende Faktoren und Wachstumsfaktoren<br \/>\n&#8211; Molekulare Mechanismen der Zytokin-Rezeptoren und ihrer Signalwege<br \/>\n&#8211; Detaillierte Erkl\u00e4rung der Aktivierungs- und Regulationsprozesse von Immunzellen<br \/>\n&#8211; Darstellung der komplexen Synergie- und R\u00fcckkopplungseffekte im Zytokin-Netzwerk<\/p>\n<p>Der zweite Teil widmet sich den Anwendungsgebieten und der therapeutischen Relevanz:<br \/>\n&#8211; Immunologische Zusammenh\u00e4nge bei Krebs, Autoimmunerkrankungen und chronischen Entz\u00fcndungen<br \/>\n&#8211; Spezifische Zytokin-Interaktionen im Kontext von z. B. Allergien und Stressreaktionen<br \/>\n&#8211; Praktische Anwendung in der Mikroimmuntherapie, mit Querverweisen zu therapeutischen Produkten<\/p>\n<p>In diesem Buch erfahren Heilpraktiker, \u00c4rzte und Therapeuten den <a href=\"https:\/\/www.loewen-apotheke24.com\/de\/mikroimmuntherapie-partner-apotheke-mit-labo-life-expertise\/\">praktischen Einstieg in die M\u00f6glichkeiten<\/a> sowie den konkreten Einsatz der <a href=\"https:\/\/www.loewen-apotheke24.com\/de\/glossar-mikroimmuntherapie\/\">Mikroimmuntherapie<\/a>.<\/p>\n<p>DE: Bestelle in anderen Sprachen <a href=\"https:\/\/lions-pharmacy.com\/fr\/product-category\/labo-life-fr\">FR<\/a> | <a href=\"https:\/\/lions-pharmacy.com\/es\/categoria-producto\/labo-life-es\">ES<\/a> | <a href=\"https:\/\/lions-pharmacy.com\/it\/product-category\/labo-life-it\">IT<\/a> auf Lions-Pharmacy.com.<\/p>\n<p>FR: Commande dans d&#8217;autres langues <a href=\"https:\/\/lions-pharmacy.com\/fr\/product-category\/labo-life-fr\">FR<\/a> | <a href=\"https:\/\/lions-pharmacy.com\/es\/categoria-producto\/labo-life-es\">ES<\/a> | <a href=\"https:\/\/lions-pharmacy.com\/it\/product-category\/labo-life-it\">IT<\/a> sur Lions-Pharmacy.com.<\/p>\n<p>ES: Pedido en otros idiomas <a href=\"https:\/\/lions-pharmacy.com\/fr\/product-category\/labo-life-fr\">FR<\/a> | <a href=\"https:\/\/lions-pharmacy.com\/es\/categoria-producto\/labo-life-es\">ES<\/a> | <a href=\"https:\/\/lions-pharmacy.com\/it\/product-category\/labo-life-it\">IT<\/a> \u00a0en Lions-Pharmacy.com.<\/p>\n<p>IT: Ordina in altre lingue <a href=\"https:\/\/lions-pharmacy.com\/fr\/product-category\/labo-life-fr\">FR<\/a> | <a href=\"https:\/\/lions-pharmacy.com\/es\/categoria-producto\/labo-life-es\">ES<\/a> | <a href=\"https:\/\/lions-pharmacy.com\/it\/product-category\/labo-life-it\">IT<\/a> \u00a0su Lions-Pharmacy.com.<\/p>\n","protected":false},"excerpt":{"rendered":"<h2 style=\"text-align: left;\">Zytokine &#8211; Botenstoffe des Immunsystems<\/h2>\n<p>Kleinste Proteine mit gr\u00f6\u00dfter Wirkung: Wie Zytokine das Immunsystem regulieren<\/p>\n<p>Ideal f\u00fcr Heilpraktiker, \u00c4rzte und Therapeuten.<\/p>\n<p><strong>Ausgabe<\/strong>: 1. Auflage 2025, mgo fachverlage GmbH&amp;Co.KG<\/p>\n<p><strong>Sprache<\/strong>: Deutsch<\/p>\n<p><strong>ISBN<\/strong>: 978-3-96474-784-6<\/p>\n<p><strong>Autorin<\/strong>: Corinne I Heitz<\/p>\n","protected":false},"featured_media":144057,"template":"","meta":[],"product_cat":[90],"product_tag":[131,132],"yoast_head":"<!-- This site is optimized with the Yoast SEO Premium plugin v21.0 (Yoast SEO v21.0) - https:\/\/yoast.com\/wordpress\/plugins\/seo\/ -->\n<title>Zytokine - Botenstoffe des Immunsystems - L\u00f6wen Apotheke24<\/title>\n<meta name=\"description\" content=\"L\u00f6wen Apotheke24: Ihr Spezialist f\u00fcr Naturheilkunde und Mikroimmuntherapie. Zytokine - Botenstoffe des Immunsystems von Corinne I Heitz\" \/>\n<meta name=\"robots\" content=\"index, follow, max-snippet:-1, max-image-preview:large, max-video-preview:-1\" \/>\n<link rel=\"canonical\" href=\"https:\/\/www.loewen-apotheke24.com\/de\/shop\/labo-life\/zytokine-botenstoffe-des-immunsystems\/\" \/>\n<meta property=\"og:locale\" content=\"de_DE\" \/>\n<meta property=\"og:type\" content=\"article\" \/>\n<meta property=\"og:title\" content=\"Zytokine - Botenstoffe des Immunsystems - L\u00f6wen Apotheke24\" \/>\n<meta property=\"og:description\" content=\"L\u00f6wen Apotheke24: Ihr Spezialist f\u00fcr Naturheilkunde und Mikroimmuntherapie. Zytokine - Botenstoffe des Immunsystems von Corinne I Heitz\" \/>\n<meta property=\"og:url\" content=\"https:\/\/www.loewen-apotheke24.com\/de\/shop\/labo-life\/zytokine-botenstoffe-des-immunsystems\/\" \/>\n<meta property=\"og:site_name\" content=\"L\u00f6wen Apotheke24\" \/>\n<meta property=\"article:modified_time\" content=\"2025-10-03T13:34:32+00:00\" \/>\n<meta property=\"og:image\" content=\"https:\/\/www.loewen-apotheke24.com\/wp-content\/uploads\/2025\/10\/mikroimmuntherapie-Zytokine-Botenstoffe-des-Immunsystems.webp\" \/>\n\t<meta property=\"og:image:width\" content=\"600\" \/>\n\t<meta property=\"og:image:height\" content=\"600\" \/>\n\t<meta property=\"og:image:type\" content=\"image\/webp\" \/>\n<meta name=\"twitter:card\" content=\"summary_large_image\" \/>\n<meta name=\"twitter:label1\" content=\"Gesch\u00e4tzte Lesezeit\" \/>\n\t<meta name=\"twitter:data1\" content=\"2\u00a0Minuten\" \/>\n<script type=\"application\/ld+json\" class=\"yoast-schema-graph\">{\"@context\":\"https:\/\/schema.org\",\"@graph\":[{\"@type\":\"WebPage\",\"@id\":\"https:\/\/www.loewen-apotheke24.com\/de\/shop\/labo-life\/zytokine-botenstoffe-des-immunsystems\/\",\"url\":\"https:\/\/www.loewen-apotheke24.com\/de\/shop\/labo-life\/zytokine-botenstoffe-des-immunsystems\/\",\"name\":\"Zytokine - Botenstoffe des Immunsystems - L\u00f6wen Apotheke24\",\"isPartOf\":{\"@id\":\"https:\/\/www.loewen-apotheke24.com\/de\/#website\"},\"datePublished\":\"2025-10-03T13:14:22+00:00\",\"dateModified\":\"2025-10-03T13:34:32+00:00\",\"description\":\"L\u00f6wen Apotheke24: Ihr Spezialist f\u00fcr Naturheilkunde und Mikroimmuntherapie. Zytokine - Botenstoffe des Immunsystems von Corinne I Heitz\",\"breadcrumb\":{\"@id\":\"https:\/\/www.loewen-apotheke24.com\/de\/shop\/labo-life\/zytokine-botenstoffe-des-immunsystems\/#breadcrumb\"},\"inLanguage\":\"de\",\"potentialAction\":[{\"@type\":\"ReadAction\",\"target\":[\"https:\/\/www.loewen-apotheke24.com\/de\/shop\/labo-life\/zytokine-botenstoffe-des-immunsystems\/\"]}]},{\"@type\":\"BreadcrumbList\",\"@id\":\"https:\/\/www.loewen-apotheke24.com\/de\/shop\/labo-life\/zytokine-botenstoffe-des-immunsystems\/#breadcrumb\",\"itemListElement\":[{\"@type\":\"ListItem\",\"position\":1,\"name\":\"Shop\",\"item\":\"https:\/\/www.loewen-apotheke24.com\/de\/shop\/\"},{\"@type\":\"ListItem\",\"position\":2,\"name\":\"Zytokine &#8211; Botenstoffe des Immunsystems\"}]},{\"@type\":\"WebSite\",\"@id\":\"https:\/\/www.loewen-apotheke24.com\/de\/#website\",\"url\":\"https:\/\/www.loewen-apotheke24.com\/de\/\",\"name\":\"L\u00f6wen Apotheke24\",\"description\":\"Spezialist f\u00fcr Naturmedizin - Versandapotheke Baden-Baden\",\"publisher\":{\"@id\":\"https:\/\/www.loewen-apotheke24.com\/de\/#organization\"},\"potentialAction\":[{\"@type\":\"SearchAction\",\"target\":{\"@type\":\"EntryPoint\",\"urlTemplate\":\"https:\/\/www.loewen-apotheke24.com\/de\/?s={search_term_string}\"},\"query-input\":\"required name=search_term_string\"}],\"inLanguage\":\"de\"},{\"@type\":\"Organization\",\"@id\":\"https:\/\/www.loewen-apotheke24.com\/de\/#organization\",\"name\":\"L\u00f6wen Apotheke\",\"alternateName\":\"L\u00f6wen Apotheke\",\"url\":\"https:\/\/www.loewen-apotheke24.com\/de\/\",\"logo\":{\"@type\":\"ImageObject\",\"inLanguage\":\"de\",\"@id\":\"https:\/\/www.loewen-apotheke24.com\/de\/#\/schema\/logo\/image\/\",\"url\":\"https:\/\/www.loewen-apotheke24.com\/wp-content\/uploads\/2024\/02\/Logo-Loewen-Apotheke-700x700-1.png\",\"contentUrl\":\"https:\/\/www.loewen-apotheke24.com\/wp-content\/uploads\/2024\/02\/Logo-Loewen-Apotheke-700x700-1.png\",\"width\":700,\"height\":700,\"caption\":\"L\u00f6wen Apotheke\"},\"image\":{\"@id\":\"https:\/\/www.loewen-apotheke24.com\/de\/#\/schema\/logo\/image\/\"}}]}<\/script>\n<!-- \/ Yoast SEO Premium plugin. -->","yoast_head_json":{"title":"Zytokine - Botenstoffe des Immunsystems - L\u00f6wen Apotheke24","description":"L\u00f6wen Apotheke24: Ihr Spezialist f\u00fcr Naturheilkunde und Mikroimmuntherapie. Zytokine - Botenstoffe des Immunsystems von Corinne I Heitz","robots":{"index":"index","follow":"follow","max-snippet":"max-snippet:-1","max-image-preview":"max-image-preview:large","max-video-preview":"max-video-preview:-1"},"canonical":"https:\/\/www.loewen-apotheke24.com\/de\/shop\/labo-life\/zytokine-botenstoffe-des-immunsystems\/","og_locale":"de_DE","og_type":"article","og_title":"Zytokine - Botenstoffe des Immunsystems - L\u00f6wen Apotheke24","og_description":"L\u00f6wen Apotheke24: Ihr Spezialist f\u00fcr Naturheilkunde und Mikroimmuntherapie. Zytokine - Botenstoffe des Immunsystems von Corinne I Heitz","og_url":"https:\/\/www.loewen-apotheke24.com\/de\/shop\/labo-life\/zytokine-botenstoffe-des-immunsystems\/","og_site_name":"L\u00f6wen Apotheke24","article_modified_time":"2025-10-03T13:34:32+00:00","og_image":[{"width":600,"height":600,"url":"https:\/\/www.loewen-apotheke24.com\/wp-content\/uploads\/2025\/10\/mikroimmuntherapie-Zytokine-Botenstoffe-des-Immunsystems.webp","type":"image\/webp"}],"twitter_card":"summary_large_image","twitter_misc":{"Gesch\u00e4tzte Lesezeit":"2\u00a0Minuten"},"schema":{"@context":"https:\/\/schema.org","@graph":[{"@type":"WebPage","@id":"https:\/\/www.loewen-apotheke24.com\/de\/shop\/labo-life\/zytokine-botenstoffe-des-immunsystems\/","url":"https:\/\/www.loewen-apotheke24.com\/de\/shop\/labo-life\/zytokine-botenstoffe-des-immunsystems\/","name":"Zytokine - Botenstoffe des Immunsystems - L\u00f6wen Apotheke24","isPartOf":{"@id":"https:\/\/www.loewen-apotheke24.com\/de\/#website"},"datePublished":"2025-10-03T13:14:22+00:00","dateModified":"2025-10-03T13:34:32+00:00","description":"L\u00f6wen Apotheke24: Ihr Spezialist f\u00fcr Naturheilkunde und Mikroimmuntherapie. Zytokine - Botenstoffe des Immunsystems von Corinne I Heitz","breadcrumb":{"@id":"https:\/\/www.loewen-apotheke24.com\/de\/shop\/labo-life\/zytokine-botenstoffe-des-immunsystems\/#breadcrumb"},"inLanguage":"de","potentialAction":[{"@type":"ReadAction","target":["https:\/\/www.loewen-apotheke24.com\/de\/shop\/labo-life\/zytokine-botenstoffe-des-immunsystems\/"]}]},{"@type":"BreadcrumbList","@id":"https:\/\/www.loewen-apotheke24.com\/de\/shop\/labo-life\/zytokine-botenstoffe-des-immunsystems\/#breadcrumb","itemListElement":[{"@type":"ListItem","position":1,"name":"Shop","item":"https:\/\/www.loewen-apotheke24.com\/de\/shop\/"},{"@type":"ListItem","position":2,"name":"Zytokine &#8211; Botenstoffe des Immunsystems"}]},{"@type":"WebSite","@id":"https:\/\/www.loewen-apotheke24.com\/de\/#website","url":"https:\/\/www.loewen-apotheke24.com\/de\/","name":"L\u00f6wen Apotheke24","description":"Spezialist f\u00fcr Naturmedizin - Versandapotheke Baden-Baden","publisher":{"@id":"https:\/\/www.loewen-apotheke24.com\/de\/#organization"},"potentialAction":[{"@type":"SearchAction","target":{"@type":"EntryPoint","urlTemplate":"https:\/\/www.loewen-apotheke24.com\/de\/?s={search_term_string}"},"query-input":"required name=search_term_string"}],"inLanguage":"de"},{"@type":"Organization","@id":"https:\/\/www.loewen-apotheke24.com\/de\/#organization","name":"L\u00f6wen Apotheke","alternateName":"L\u00f6wen Apotheke","url":"https:\/\/www.loewen-apotheke24.com\/de\/","logo":{"@type":"ImageObject","inLanguage":"de","@id":"https:\/\/www.loewen-apotheke24.com\/de\/#\/schema\/logo\/image\/","url":"https:\/\/www.loewen-apotheke24.com\/wp-content\/uploads\/2024\/02\/Logo-Loewen-Apotheke-700x700-1.png","contentUrl":"https:\/\/www.loewen-apotheke24.com\/wp-content\/uploads\/2024\/02\/Logo-Loewen-Apotheke-700x700-1.png","width":700,"height":700,"caption":"L\u00f6wen Apotheke"},"image":{"@id":"https:\/\/www.loewen-apotheke24.com\/de\/#\/schema\/logo\/image\/"}}]}},"_links":{"self":[{"href":"https:\/\/www.loewen-apotheke24.com\/de\/wp-json\/wp\/v2\/product\/144054"}],"collection":[{"href":"https:\/\/www.loewen-apotheke24.com\/de\/wp-json\/wp\/v2\/product"}],"about":[{"href":"https:\/\/www.loewen-apotheke24.com\/de\/wp-json\/wp\/v2\/types\/product"}],"wp:featuredmedia":[{"embeddable":true,"href":"https:\/\/www.loewen-apotheke24.com\/de\/wp-json\/wp\/v2\/media\/144057"}],"wp:attachment":[{"href":"https:\/\/www.loewen-apotheke24.com\/de\/wp-json\/wp\/v2\/media?parent=144054"}],"wp:term":[{"taxonomy":"product_cat","embeddable":true,"href":"https:\/\/www.loewen-apotheke24.com\/de\/wp-json\/wp\/v2\/product_cat?post=144054"},{"taxonomy":"product_tag","embeddable":true,"href":"https:\/\/www.loewen-apotheke24.com\/de\/wp-json\/wp\/v2\/product_tag?post=144054"}],"curies":[{"name":"wp","href":"https:\/\/api.w.org\/{rel}","templated":true}]}}