{"id":144107,"date":"2025-10-04T11:28:59","date_gmt":"2025-10-04T10:28:59","guid":{"rendered":"https:\/\/www.loewen-apotheke24.com\/?post_type=product&#038;p=144107"},"modified":"2026-01-19T14:38:21","modified_gmt":"2026-01-19T13:38:21","slug":"calycast-injektopas-10x-2ml-14406987","status":"publish","type":"product","link":"https:\/\/www.loewen-apotheke24.com\/de\/shop\/pascoe\/calycast-injektopas-10x-2ml-14406987\/","title":{"rendered":"Calycast Injektopas (10x 2ml)"},"content":{"rendered":"<h3 style=\"text-align: left;\">Calycast Injektopas (10x 2ml)<\/h3>\n<p>Calycast Injektopas ist ein hom\u00f6opathisches Arzneimittel, daher ohne Angabe einer therapeutischen Indikation. Die fl\u00fcssige Verd\u00fcnnung zur Injektion enth\u00e4lt: Cobaltum metallicum (hom.\/anthr.) (84,2 mg), Dieffenbachia seguine (hom.\/anthr.) (126,3 mg), Panax ginseng (hom.\/anthr.) (5 mg), Vitex agnus castus (hom.\/anthr.) (1,25 mg)<\/p>\n<p>Weitere Produktinformationen zu Calycast Injektopas finden Sie beim Hersteller: <a href=\"https:\/\/www.pascoe.de\/produkte\/\" target=\"_blank\" rel=\"noopener\">Pascoe pharmazeutische Pr\u00e4parate GmbH<\/a><\/p>\n<p>Andere Kunden interessierten sich auch f\u00fcr Produkte zum Thema:\u00a0<a href=\"https:\/\/www.loewen-apotheke24.com\/de\/product_tag\/entzuendung\/\">Entz\u00fcndung<\/a> |\u00a0<a href=\"https:\/\/www.loewen-apotheke24.com\/de\/product_tag\/das-immunsystem\/\" rel=\"tag\">Immunsystem<\/a>\u00a0|\u00a0<a href=\"https:\/\/www.loewen-apotheke24.com\/de\/product_tag\/vitamine-mineralien-nahrungsergaenzung\/\" rel=\"tag\">Vitamine &amp; Mineralien<\/a><\/p>\n<p>Zum Pascoe-Portfolio (Pascoe pharmazeutische Pr\u00e4parate GmbH) geh\u00f6ren rund 200 Produkte. Dazu geh\u00f6ren pflanzliche Arzneimittel, Hochdosis-Vitaminpr\u00e4parate, hom\u00f6opathische Komplexmittel und Nahrungserg\u00e4nzungsmittel sowie Calycast Injektopas. Dabei ber\u00fccksichtigt die Vielfalt an Arzneimitteln die komplexen Anforderungen an Gesundheits-Produkte.<\/p>\n<p>Informationen auf dieser Website werden ausschlie\u00dflich f\u00fcr informative Zwecke zur Verf\u00fcgung gestellt. Sie ersetzen keinesfalls die Untersuchung und Behandlung durch einen Arzt. Bitte beachten Sie, dass hierdurch weder Diagnosen gestellt noch Therapien eingeleitet werden k\u00f6nnen und f\u00fchren Sie mit Injektionen keine Selbstbehandlung durch.<\/p>\n<p>Zu Risiken und Nebenwirkungen lesen Sie die Packungsbeilage und fragen Sie Ihren Arzt oder Apotheker.<\/p>\n<p class=\"TypographyPresentation TypographyPresentation--medium RichText3-paragraph--withVSpacingNormal RichText3-paragraph HighlightSol HighlightSol--buildingBlock\"><strong>Fragen zu Calycast Injektopas? Wir sind f\u00fcr Sie da!<\/strong><\/p>\n<p class=\"TypographyPresentation TypographyPresentation--medium RichText3-paragraph--withVSpacingNormal RichText3-paragraph HighlightSol HighlightSol--buildingBlock\">Unsere verantwortliche Apothekerin\u00a0<strong>Dr. Sandra Hoff<\/strong>\u00a0und ihr Team beraten Sie gerne pers\u00f6nlich \u2013 telefonisch oder per E-Mail. Als\u00a0<strong>echte Apotheke vor Ort<\/strong>\u00a0und\u00a0<strong>zugelassene Versandapotheke<\/strong> bieten wir Ihnen kompetente Unterst\u00fctzung, besonders in den Bereichen <a href=\"https:\/\/www.loewen-apotheke24.com\/de\/product_tag\/naturheilmittel\/\"><strong>Naturheilkunde<\/strong><\/a> und <a href=\"https:\/\/www.loewen-apotheke24.com\/de\/product_tag\/vitamine-mineralien-nahrungsergaenzung\/\"><strong>Nahrungserg\u00e4nzungsmittel<\/strong><\/a>, hier Produkte von Pascoe pharmazeutische Pr\u00e4parate GmbH, <a href=\"https:\/\/www.loewen-apotheke24.com\/de\/product_cat\/vitorgan\/\">vitOrgan Arzneimittel<\/a>\u00a0und\u00a0<a href=\"https:\/\/www.loewen-apotheke24.com\/de\/product_cat\/labo-life\/\">Labo Life<\/a>. <a href=\"https:\/\/versandhandel.dimdi.de\/websearch\/servlet\/Gate;jsessionid=0D29D15655BE1174E9178A340E8FE6BC?accessid=dimdi_var&amp;term=3c387956690121ccc8763184f052b93f\" target=\"_blank\" rel=\"noopener\">Zum Eintrag im Versandhandelsregister.<\/a><\/p>\n","protected":false},"excerpt":{"rendered":"<h2>Calycast Injektopas (10x 2ml)<\/h2>\n<p>Registriertes hom\u00f6opathisches Arzneimittel, daher ohne Angabe einer therapeutischen Indikation.<\/p>\n<p><strong>PZN<\/strong>: 14406987 (Pharmazentralnummer)<\/p>\n<p><strong>Darreichung:<\/strong> Injektionsl\u00f6sung<\/p>\n<p><strong>Marke<\/strong>: &#8211;<\/p>\n<p><strong>Hersteller<\/strong>: Pascoe pharmazeutische Pr\u00e4parate GmbH, Deutschland<\/p>\n<p><strong>Packungsgr\u00f6\u00dfe<\/strong>: 10x 2ml<\/p>\n","protected":false},"featured_media":144092,"template":"","meta":[],"product_cat":[965],"product_tag":[264,169,66,170,448,469],"yoast_head":"<!-- This site is optimized with the Yoast SEO Premium plugin v21.0 (Yoast SEO v21.0) - https:\/\/yoast.com\/wordpress\/plugins\/seo\/ -->\n<title>Calycast Injektopas (10x 2ml) - in der L\u00f6wen Apotheke24 kaufen<\/title>\n<meta name=\"description\" content=\"Spezialist f\u00fcr Naturheilkunde. Versand mit DHL, kurze Lieferzeit &amp; versandkostenfrei ab 30\u20ac. Calycast Injektopas (10x 2ml).\" \/>\n<meta name=\"robots\" content=\"index, follow, max-snippet:-1, max-image-preview:large, max-video-preview:-1\" \/>\n<link rel=\"canonical\" href=\"https:\/\/www.loewen-apotheke24.com\/de\/shop\/pascoe\/calycast-injektopas-10x-2ml-14406987\/\" \/>\n<meta property=\"og:locale\" content=\"de_DE\" \/>\n<meta property=\"og:type\" content=\"article\" \/>\n<meta property=\"og:title\" content=\"Calycast Injektopas (10x 2ml) - in der L\u00f6wen Apotheke24 kaufen\" \/>\n<meta property=\"og:description\" content=\"Spezialist f\u00fcr Naturheilkunde. Versand mit DHL, kurze Lieferzeit &amp; versandkostenfrei ab 30\u20ac. Calycast Injektopas (10x 2ml).\" \/>\n<meta property=\"og:url\" content=\"https:\/\/www.loewen-apotheke24.com\/de\/shop\/pascoe\/calycast-injektopas-10x-2ml-14406987\/\" \/>\n<meta property=\"og:site_name\" content=\"L\u00f6wen Apotheke24\" \/>\n<meta property=\"article:modified_time\" content=\"2026-01-19T13:38:21+00:00\" \/>\n<meta property=\"og:image\" content=\"https:\/\/www.loewen-apotheke24.com\/wp-content\/uploads\/2025\/10\/Calycast-Injektopas-Pascoe.webp\" \/>\n\t<meta property=\"og:image:width\" content=\"600\" \/>\n\t<meta property=\"og:image:height\" content=\"600\" \/>\n\t<meta property=\"og:image:type\" content=\"image\/webp\" \/>\n<meta name=\"twitter:card\" content=\"summary_large_image\" \/>\n<meta name=\"twitter:label1\" content=\"Gesch\u00e4tzte Lesezeit\" \/>\n\t<meta name=\"twitter:data1\" content=\"2\u00a0Minuten\" \/>\n<script type=\"application\/ld+json\" class=\"yoast-schema-graph\">{\"@context\":\"https:\/\/schema.org\",\"@graph\":[{\"@type\":\"WebPage\",\"@id\":\"https:\/\/www.loewen-apotheke24.com\/de\/shop\/pascoe\/calycast-injektopas-10x-2ml-14406987\/\",\"url\":\"https:\/\/www.loewen-apotheke24.com\/de\/shop\/pascoe\/calycast-injektopas-10x-2ml-14406987\/\",\"name\":\"Calycast Injektopas (10x 2ml) - in der L\u00f6wen Apotheke24 kaufen\",\"isPartOf\":{\"@id\":\"https:\/\/www.loewen-apotheke24.com\/de\/#website\"},\"datePublished\":\"2025-10-04T10:28:59+00:00\",\"dateModified\":\"2026-01-19T13:38:21+00:00\",\"description\":\"Spezialist f\u00fcr Naturheilkunde. Versand mit DHL, kurze Lieferzeit & versandkostenfrei ab 30\u20ac. Calycast Injektopas (10x 2ml).\",\"breadcrumb\":{\"@id\":\"https:\/\/www.loewen-apotheke24.com\/de\/shop\/pascoe\/calycast-injektopas-10x-2ml-14406987\/#breadcrumb\"},\"inLanguage\":\"de\",\"potentialAction\":[{\"@type\":\"ReadAction\",\"target\":[\"https:\/\/www.loewen-apotheke24.com\/de\/shop\/pascoe\/calycast-injektopas-10x-2ml-14406987\/\"]}]},{\"@type\":\"BreadcrumbList\",\"@id\":\"https:\/\/www.loewen-apotheke24.com\/de\/shop\/pascoe\/calycast-injektopas-10x-2ml-14406987\/#breadcrumb\",\"itemListElement\":[{\"@type\":\"ListItem\",\"position\":1,\"name\":\"Shop\",\"item\":\"https:\/\/www.loewen-apotheke24.com\/de\/shop\/\"},{\"@type\":\"ListItem\",\"position\":2,\"name\":\"Calycast Injektopas (10x 2ml)\"}]},{\"@type\":\"WebSite\",\"@id\":\"https:\/\/www.loewen-apotheke24.com\/de\/#website\",\"url\":\"https:\/\/www.loewen-apotheke24.com\/de\/\",\"name\":\"L\u00f6wen Apotheke24\",\"description\":\"Spezialist f\u00fcr Naturmedizin - Versandapotheke Baden-Baden\",\"publisher\":{\"@id\":\"https:\/\/www.loewen-apotheke24.com\/de\/#organization\"},\"potentialAction\":[{\"@type\":\"SearchAction\",\"target\":{\"@type\":\"EntryPoint\",\"urlTemplate\":\"https:\/\/www.loewen-apotheke24.com\/de\/?s={search_term_string}\"},\"query-input\":\"required name=search_term_string\"}],\"inLanguage\":\"de\"},{\"@type\":\"Organization\",\"@id\":\"https:\/\/www.loewen-apotheke24.com\/de\/#organization\",\"name\":\"L\u00f6wen Apotheke\",\"alternateName\":\"L\u00f6wen Apotheke\",\"url\":\"https:\/\/www.loewen-apotheke24.com\/de\/\",\"logo\":{\"@type\":\"ImageObject\",\"inLanguage\":\"de\",\"@id\":\"https:\/\/www.loewen-apotheke24.com\/de\/#\/schema\/logo\/image\/\",\"url\":\"https:\/\/www.loewen-apotheke24.com\/wp-content\/uploads\/2024\/02\/Logo-Loewen-Apotheke-700x700-1.png\",\"contentUrl\":\"https:\/\/www.loewen-apotheke24.com\/wp-content\/uploads\/2024\/02\/Logo-Loewen-Apotheke-700x700-1.png\",\"width\":700,\"height\":700,\"caption\":\"L\u00f6wen Apotheke\"},\"image\":{\"@id\":\"https:\/\/www.loewen-apotheke24.com\/de\/#\/schema\/logo\/image\/\"}}]}<\/script>\n<!-- \/ Yoast SEO Premium plugin. -->","yoast_head_json":{"title":"Calycast Injektopas (10x 2ml) - in der L\u00f6wen Apotheke24 kaufen","description":"Spezialist f\u00fcr Naturheilkunde. Versand mit DHL, kurze Lieferzeit & versandkostenfrei ab 30\u20ac. Calycast Injektopas (10x 2ml).","robots":{"index":"index","follow":"follow","max-snippet":"max-snippet:-1","max-image-preview":"max-image-preview:large","max-video-preview":"max-video-preview:-1"},"canonical":"https:\/\/www.loewen-apotheke24.com\/de\/shop\/pascoe\/calycast-injektopas-10x-2ml-14406987\/","og_locale":"de_DE","og_type":"article","og_title":"Calycast Injektopas (10x 2ml) - in der L\u00f6wen Apotheke24 kaufen","og_description":"Spezialist f\u00fcr Naturheilkunde. Versand mit DHL, kurze Lieferzeit & versandkostenfrei ab 30\u20ac. Calycast Injektopas (10x 2ml).","og_url":"https:\/\/www.loewen-apotheke24.com\/de\/shop\/pascoe\/calycast-injektopas-10x-2ml-14406987\/","og_site_name":"L\u00f6wen Apotheke24","article_modified_time":"2026-01-19T13:38:21+00:00","og_image":[{"width":600,"height":600,"url":"https:\/\/www.loewen-apotheke24.com\/wp-content\/uploads\/2025\/10\/Calycast-Injektopas-Pascoe.webp","type":"image\/webp"}],"twitter_card":"summary_large_image","twitter_misc":{"Gesch\u00e4tzte Lesezeit":"2\u00a0Minuten"},"schema":{"@context":"https:\/\/schema.org","@graph":[{"@type":"WebPage","@id":"https:\/\/www.loewen-apotheke24.com\/de\/shop\/pascoe\/calycast-injektopas-10x-2ml-14406987\/","url":"https:\/\/www.loewen-apotheke24.com\/de\/shop\/pascoe\/calycast-injektopas-10x-2ml-14406987\/","name":"Calycast Injektopas (10x 2ml) - in der L\u00f6wen Apotheke24 kaufen","isPartOf":{"@id":"https:\/\/www.loewen-apotheke24.com\/de\/#website"},"datePublished":"2025-10-04T10:28:59+00:00","dateModified":"2026-01-19T13:38:21+00:00","description":"Spezialist f\u00fcr Naturheilkunde. Versand mit DHL, kurze Lieferzeit & versandkostenfrei ab 30\u20ac. Calycast Injektopas (10x 2ml).","breadcrumb":{"@id":"https:\/\/www.loewen-apotheke24.com\/de\/shop\/pascoe\/calycast-injektopas-10x-2ml-14406987\/#breadcrumb"},"inLanguage":"de","potentialAction":[{"@type":"ReadAction","target":["https:\/\/www.loewen-apotheke24.com\/de\/shop\/pascoe\/calycast-injektopas-10x-2ml-14406987\/"]}]},{"@type":"BreadcrumbList","@id":"https:\/\/www.loewen-apotheke24.com\/de\/shop\/pascoe\/calycast-injektopas-10x-2ml-14406987\/#breadcrumb","itemListElement":[{"@type":"ListItem","position":1,"name":"Shop","item":"https:\/\/www.loewen-apotheke24.com\/de\/shop\/"},{"@type":"ListItem","position":2,"name":"Calycast Injektopas (10x 2ml)"}]},{"@type":"WebSite","@id":"https:\/\/www.loewen-apotheke24.com\/de\/#website","url":"https:\/\/www.loewen-apotheke24.com\/de\/","name":"L\u00f6wen Apotheke24","description":"Spezialist f\u00fcr Naturmedizin - Versandapotheke Baden-Baden","publisher":{"@id":"https:\/\/www.loewen-apotheke24.com\/de\/#organization"},"potentialAction":[{"@type":"SearchAction","target":{"@type":"EntryPoint","urlTemplate":"https:\/\/www.loewen-apotheke24.com\/de\/?s={search_term_string}"},"query-input":"required name=search_term_string"}],"inLanguage":"de"},{"@type":"Organization","@id":"https:\/\/www.loewen-apotheke24.com\/de\/#organization","name":"L\u00f6wen Apotheke","alternateName":"L\u00f6wen Apotheke","url":"https:\/\/www.loewen-apotheke24.com\/de\/","logo":{"@type":"ImageObject","inLanguage":"de","@id":"https:\/\/www.loewen-apotheke24.com\/de\/#\/schema\/logo\/image\/","url":"https:\/\/www.loewen-apotheke24.com\/wp-content\/uploads\/2024\/02\/Logo-Loewen-Apotheke-700x700-1.png","contentUrl":"https:\/\/www.loewen-apotheke24.com\/wp-content\/uploads\/2024\/02\/Logo-Loewen-Apotheke-700x700-1.png","width":700,"height":700,"caption":"L\u00f6wen Apotheke"},"image":{"@id":"https:\/\/www.loewen-apotheke24.com\/de\/#\/schema\/logo\/image\/"}}]}},"_links":{"self":[{"href":"https:\/\/www.loewen-apotheke24.com\/de\/wp-json\/wp\/v2\/product\/144107"}],"collection":[{"href":"https:\/\/www.loewen-apotheke24.com\/de\/wp-json\/wp\/v2\/product"}],"about":[{"href":"https:\/\/www.loewen-apotheke24.com\/de\/wp-json\/wp\/v2\/types\/product"}],"wp:featuredmedia":[{"embeddable":true,"href":"https:\/\/www.loewen-apotheke24.com\/de\/wp-json\/wp\/v2\/media\/144092"}],"wp:attachment":[{"href":"https:\/\/www.loewen-apotheke24.com\/de\/wp-json\/wp\/v2\/media?parent=144107"}],"wp:term":[{"taxonomy":"product_cat","embeddable":true,"href":"https:\/\/www.loewen-apotheke24.com\/de\/wp-json\/wp\/v2\/product_cat?post=144107"},{"taxonomy":"product_tag","embeddable":true,"href":"https:\/\/www.loewen-apotheke24.com\/de\/wp-json\/wp\/v2\/product_tag?post=144107"}],"curies":[{"name":"wp","href":"https:\/\/api.w.org\/{rel}","templated":true}]}}